{"id":40862,"date":"2014-11-25T00:00:00","date_gmt":"2014-11-25T00:00:00","guid":{"rendered":"https:\/\/www.iplay.com\/games\/big-city-adventure-super-pack\/"},"modified":"2014-11-25T00:00:00","modified_gmt":"2014-11-25T00:00:00","slug":"big-city-adventure-super-pack","status":"publish","type":"product","link":"https:\/\/www.iplay.com\/it\/games\/big-city-adventure-super-pack\/","title":{"rendered":"Big City Adventure Super Pack"},"content":{"rendered":"<p>Esplora 5 luoghi affascinanti con questo incredibile set Big City Adventures. Viaggia per il mondo con questa magnifica collezione di 5 giochi di avventura nelle grandi citt\u00e0! Il Super Pack Big City Adventure ti trasporter\u00e0 in tutto il mondo infondendo in te una sensazione di cultura e storia.  <\/p>\n<p>&nbsp;<\/p>\n<p><strong>Avventura nella grande citt\u00e0: San Francisco<\/strong><br \/>\nEsplora i vivaci quartieri di San Francisco.<\/p>\n<p>&nbsp;<\/p>\n<p><strong>Avventura nella grande citt\u00e0: New York<\/strong><\/p>\n<p>Dai un morso a New York.<\/p>\n<p>&nbsp;<\/p>\n<p><strong>Avventura nella grande citt\u00e0: Sidney, Australia<\/strong><br \/>\nViaggio a Sydney, Australia.<\/p>\n<p>&nbsp;<\/p>\n<p><strong>Avventura nella grande citt\u00e0: Londra<\/strong><br \/>\nLondra Scopri l&#8217;allegra vecchia Londra.<\/p>\n<p>&nbsp;<\/p>\n<p><strong>Avventura nella grande citt\u00e0: Vancouver, Columbia<\/strong><br \/>\n BritannicaEsplora le strade di Vancouver.<\/p>\n<p>&nbsp;<\/p>\n<p><strong>Caratteristiche di Big City Adventure: Super Pack <\/strong><strong>:<\/strong><br \/>\n&#8211; 5 giochi in 1 splendido pacchetto<br \/>\n&#8211; Centinaia e centinaia di scene.<br \/>\n&#8211; Scopri centinaia di fatti su ciascuna delle cinque citt\u00e0.<\/p>\n","protected":false},"excerpt":{"rendered":"<p>Esplora 5 fantastiche citt\u00e0 con questo incredibile pacchetto di avventure nelle grandi citt\u00e0<\/p>\n","protected":false},"author":114,"featured_media":40866,"comment_status":"open","ping_status":"closed","template":"","meta":{"_acf_changed":false,"inline_featured_image":false},"product_brand":[],"product_cat":[163],"product_tag":[290],"class_list":{"0":"post-40862","1":"product","2":"type-product","3":"status-publish","4":"has-post-thumbnail","6":"product_cat-hidden-object-it","7":"product_tag-play-on-pc-it","9":"first","10":"instock","11":"shipping-taxable","12":"purchasable","13":"product-type-simple"},"acf":[],"yoast_head":"<!-- This site is optimized with the Yoast SEO Premium plugin v25.2 (Yoast SEO v25.2) - https:\/\/yoast.com\/wordpress\/plugins\/seo\/ -->\n<title>Big City Adventure Super Pack - Esplora 5 fantastiche citt\u00e0 con il pacchetto Big City Adventures<\/title>\n<meta name=\"description\" content=\"Esplora 5 fantastiche citt\u00e0 con questo incredibile pacchetto di avventure nelle grandi citt\u00e0\" \/>\n<meta name=\"robots\" content=\"index, follow, max-snippet:-1, max-image-preview:large, max-video-preview:-1\" \/>\n<link rel=\"canonical\" href=\"https:\/\/www.iplay.com\/it\/games\/big-city-adventure-super-pack\/\" \/>\n<meta property=\"og:locale\" content=\"it_IT\" \/>\n<meta property=\"og:type\" content=\"article\" \/>\n<meta property=\"og:title\" content=\"Big City Adventure Super Pack\" \/>\n<meta property=\"og:description\" content=\"Esplora 5 fantastiche citt\u00e0 con questo incredibile pacchetto di avventure nelle grandi citt\u00e0\" \/>\n<meta property=\"og:url\" content=\"https:\/\/www.iplay.com\/it\/games\/big-city-adventure-super-pack\/\" \/>\n<meta property=\"og:site_name\" content=\"IPlay\" \/>\n<meta property=\"og:image\" content=\"https:\/\/www.iplay.com\/wp-content\/uploads\/2023\/12\/large_square_tile_image-4026.jpg\" \/>\n\t<meta property=\"og:image:width\" content=\"310\" \/>\n\t<meta property=\"og:image:height\" content=\"310\" \/>\n\t<meta property=\"og:image:type\" content=\"image\/jpeg\" \/>\n<meta name=\"twitter:card\" content=\"summary_large_image\" \/>\n<meta name=\"twitter:label1\" content=\"Est. reading time\" \/>\n\t<meta name=\"twitter:data1\" content=\"1 minuto\" \/>\n<script type=\"application\/ld+json\" class=\"yoast-schema-graph\">{\"@context\":\"https:\/\/schema.org\",\"@graph\":[{\"@type\":\"WebPage\",\"@id\":\"https:\/\/www.iplay.com\/it\/games\/big-city-adventure-super-pack\/\",\"url\":\"https:\/\/www.iplay.com\/it\/games\/big-city-adventure-super-pack\/\",\"name\":\"Big City Adventure Super Pack - Esplora 5 fantastiche citt\u00e0 con il pacchetto Big City Adventures\",\"isPartOf\":{\"@id\":\"https:\/\/www.iplay.com\/en\/#website\"},\"primaryImageOfPage\":{\"@id\":\"https:\/\/www.iplay.com\/it\/games\/big-city-adventure-super-pack\/#primaryimage\"},\"image\":{\"@id\":\"https:\/\/www.iplay.com\/it\/games\/big-city-adventure-super-pack\/#primaryimage\"},\"thumbnailUrl\":\"https:\/\/www.iplay.com\/wp-content\/uploads\/2023\/12\/large_square_tile_image-4026.jpg\",\"datePublished\":\"2014-11-25T00:00:00+00:00\",\"description\":\"Esplora 5 fantastiche citt\u00e0 con questo incredibile pacchetto di avventure nelle grandi citt\u00e0\",\"breadcrumb\":{\"@id\":\"https:\/\/www.iplay.com\/it\/games\/big-city-adventure-super-pack\/#breadcrumb\"},\"inLanguage\":\"it-IT\",\"potentialAction\":[{\"@type\":\"ReadAction\",\"target\":[\"https:\/\/www.iplay.com\/it\/games\/big-city-adventure-super-pack\/\"]}]},{\"@type\":\"ImageObject\",\"inLanguage\":\"it-IT\",\"@id\":\"https:\/\/www.iplay.com\/it\/games\/big-city-adventure-super-pack\/#primaryimage\",\"url\":\"https:\/\/www.iplay.com\/wp-content\/uploads\/2023\/12\/large_square_tile_image-4026.jpg\",\"contentUrl\":\"https:\/\/www.iplay.com\/wp-content\/uploads\/2023\/12\/large_square_tile_image-4026.jpg\",\"width\":310,\"height\":310},{\"@type\":\"BreadcrumbList\",\"@id\":\"https:\/\/www.iplay.com\/it\/games\/big-city-adventure-super-pack\/#breadcrumb\",\"itemListElement\":[{\"@type\":\"ListItem\",\"position\":1,\"name\":\"Home\",\"item\":\"https:\/\/www.iplay.com\/it\/home-page-2\/\"},{\"@type\":\"ListItem\",\"position\":2,\"name\":\"Shop\",\"item\":\"https:\/\/www.iplay.com\/en\/shop\/\"},{\"@type\":\"ListItem\",\"position\":3,\"name\":\"Big City Adventure Super Pack\"}]},{\"@type\":\"WebSite\",\"@id\":\"https:\/\/www.iplay.com\/en\/#website\",\"url\":\"https:\/\/www.iplay.com\/en\/\",\"name\":\"IPlay\",\"description\":\"The Best Casual Games!\",\"publisher\":{\"@id\":\"https:\/\/www.iplay.com\/en\/#organization\"},\"potentialAction\":[{\"@type\":\"SearchAction\",\"target\":{\"@type\":\"EntryPoint\",\"urlTemplate\":\"https:\/\/www.iplay.com\/en\/?s={search_term_string}\"},\"query-input\":{\"@type\":\"PropertyValueSpecification\",\"valueRequired\":true,\"valueName\":\"search_term_string\"}}],\"inLanguage\":\"it-IT\"},{\"@type\":\"Organization\",\"@id\":\"https:\/\/www.iplay.com\/en\/#organization\",\"name\":\"IPlay\",\"url\":\"https:\/\/www.iplay.com\/en\/\",\"logo\":{\"@type\":\"ImageObject\",\"inLanguage\":\"it-IT\",\"@id\":\"https:\/\/www.iplay.com\/en\/#\/schema\/logo\/image\/\",\"url\":\"https:\/\/www.iplay.com\/wp-content\/uploads\/2023\/11\/Group-6100.svg\",\"contentUrl\":\"https:\/\/www.iplay.com\/wp-content\/uploads\/2023\/11\/Group-6100.svg\",\"width\":98,\"height\":25,\"caption\":\"IPlay\"},\"image\":{\"@id\":\"https:\/\/www.iplay.com\/en\/#\/schema\/logo\/image\/\"}}]}<\/script>\n<!-- \/ Yoast SEO Premium plugin. -->","yoast_head_json":{"title":"Big City Adventure Super Pack - Esplora 5 fantastiche citt\u00e0 con il pacchetto Big City Adventures","description":"Esplora 5 fantastiche citt\u00e0 con questo incredibile pacchetto di avventure nelle grandi citt\u00e0","robots":{"index":"index","follow":"follow","max-snippet":"max-snippet:-1","max-image-preview":"max-image-preview:large","max-video-preview":"max-video-preview:-1"},"canonical":"https:\/\/www.iplay.com\/it\/games\/big-city-adventure-super-pack\/","og_locale":"it_IT","og_type":"article","og_title":"Big City Adventure Super Pack","og_description":"Esplora 5 fantastiche citt\u00e0 con questo incredibile pacchetto di avventure nelle grandi citt\u00e0","og_url":"https:\/\/www.iplay.com\/it\/games\/big-city-adventure-super-pack\/","og_site_name":"IPlay","og_image":[{"width":310,"height":310,"url":"https:\/\/www.iplay.com\/wp-content\/uploads\/2023\/12\/large_square_tile_image-4026.jpg","type":"image\/jpeg"}],"twitter_card":"summary_large_image","twitter_misc":{"Est. reading time":"1 minuto"},"schema":{"@context":"https:\/\/schema.org","@graph":[{"@type":"WebPage","@id":"https:\/\/www.iplay.com\/it\/games\/big-city-adventure-super-pack\/","url":"https:\/\/www.iplay.com\/it\/games\/big-city-adventure-super-pack\/","name":"Big City Adventure Super Pack - Esplora 5 fantastiche citt\u00e0 con il pacchetto Big City Adventures","isPartOf":{"@id":"https:\/\/www.iplay.com\/en\/#website"},"primaryImageOfPage":{"@id":"https:\/\/www.iplay.com\/it\/games\/big-city-adventure-super-pack\/#primaryimage"},"image":{"@id":"https:\/\/www.iplay.com\/it\/games\/big-city-adventure-super-pack\/#primaryimage"},"thumbnailUrl":"https:\/\/www.iplay.com\/wp-content\/uploads\/2023\/12\/large_square_tile_image-4026.jpg","datePublished":"2014-11-25T00:00:00+00:00","description":"Esplora 5 fantastiche citt\u00e0 con questo incredibile pacchetto di avventure nelle grandi citt\u00e0","breadcrumb":{"@id":"https:\/\/www.iplay.com\/it\/games\/big-city-adventure-super-pack\/#breadcrumb"},"inLanguage":"it-IT","potentialAction":[{"@type":"ReadAction","target":["https:\/\/www.iplay.com\/it\/games\/big-city-adventure-super-pack\/"]}]},{"@type":"ImageObject","inLanguage":"it-IT","@id":"https:\/\/www.iplay.com\/it\/games\/big-city-adventure-super-pack\/#primaryimage","url":"https:\/\/www.iplay.com\/wp-content\/uploads\/2023\/12\/large_square_tile_image-4026.jpg","contentUrl":"https:\/\/www.iplay.com\/wp-content\/uploads\/2023\/12\/large_square_tile_image-4026.jpg","width":310,"height":310},{"@type":"BreadcrumbList","@id":"https:\/\/www.iplay.com\/it\/games\/big-city-adventure-super-pack\/#breadcrumb","itemListElement":[{"@type":"ListItem","position":1,"name":"Home","item":"https:\/\/www.iplay.com\/it\/home-page-2\/"},{"@type":"ListItem","position":2,"name":"Shop","item":"https:\/\/www.iplay.com\/en\/shop\/"},{"@type":"ListItem","position":3,"name":"Big City Adventure Super Pack"}]},{"@type":"WebSite","@id":"https:\/\/www.iplay.com\/en\/#website","url":"https:\/\/www.iplay.com\/en\/","name":"IPlay","description":"The Best Casual Games!","publisher":{"@id":"https:\/\/www.iplay.com\/en\/#organization"},"potentialAction":[{"@type":"SearchAction","target":{"@type":"EntryPoint","urlTemplate":"https:\/\/www.iplay.com\/en\/?s={search_term_string}"},"query-input":{"@type":"PropertyValueSpecification","valueRequired":true,"valueName":"search_term_string"}}],"inLanguage":"it-IT"},{"@type":"Organization","@id":"https:\/\/www.iplay.com\/en\/#organization","name":"IPlay","url":"https:\/\/www.iplay.com\/en\/","logo":{"@type":"ImageObject","inLanguage":"it-IT","@id":"https:\/\/www.iplay.com\/en\/#\/schema\/logo\/image\/","url":"https:\/\/www.iplay.com\/wp-content\/uploads\/2023\/11\/Group-6100.svg","contentUrl":"https:\/\/www.iplay.com\/wp-content\/uploads\/2023\/11\/Group-6100.svg","width":98,"height":25,"caption":"IPlay"},"image":{"@id":"https:\/\/www.iplay.com\/en\/#\/schema\/logo\/image\/"}}]}},"_links":{"self":[{"href":"https:\/\/www.iplay.com\/it\/wp-json\/wp\/v2\/product\/40862","targetHints":{"allow":["GET"]}}],"collection":[{"href":"https:\/\/www.iplay.com\/it\/wp-json\/wp\/v2\/product"}],"about":[{"href":"https:\/\/www.iplay.com\/it\/wp-json\/wp\/v2\/types\/product"}],"author":[{"embeddable":true,"href":"https:\/\/www.iplay.com\/it\/wp-json\/wp\/v2\/users\/114"}],"replies":[{"embeddable":true,"href":"https:\/\/www.iplay.com\/it\/wp-json\/wp\/v2\/comments?post=40862"}],"wp:featuredmedia":[{"embeddable":true,"href":"https:\/\/www.iplay.com\/it\/wp-json\/wp\/v2\/media\/40866"}],"wp:attachment":[{"href":"https:\/\/www.iplay.com\/it\/wp-json\/wp\/v2\/media?parent=40862"}],"wp:term":[{"taxonomy":"product_brand","embeddable":true,"href":"https:\/\/www.iplay.com\/it\/wp-json\/wp\/v2\/product_brand?post=40862"},{"taxonomy":"product_cat","embeddable":true,"href":"https:\/\/www.iplay.com\/it\/wp-json\/wp\/v2\/product_cat?post=40862"},{"taxonomy":"product_tag","embeddable":true,"href":"https:\/\/www.iplay.com\/it\/wp-json\/wp\/v2\/product_tag?post=40862"}],"curies":[{"name":"wp","href":"https:\/\/api.w.org\/{rel}","templated":true}]}}