{"id":39846,"date":"2023-08-16T00:00:00","date_gmt":"2023-08-16T00:00:00","guid":{"rendered":"https:\/\/www.iplay.com\/games\/jewel-match-twilight-triple-pack\/"},"modified":"2023-08-16T00:00:00","modified_gmt":"2023-08-16T00:00:00","slug":"jewel-match-twilight-triple-pack","status":"publish","type":"product","link":"https:\/\/www.iplay.com\/it\/games\/jewel-match-twilight-triple-pack\/","title":{"rendered":"Jewel Match Twilight Triple Pack"},"content":{"rendered":"<p>Sei disposto ad affrontare la sfida per il titolo di Twilight Triple Jewel Match? Approfitta di tre fantastici giochi Jewel Match Twilight in un unico fantastico pacchetto! Scopri terrificanti avventure match-3 e castelli inquietanti che ti faranno venire i brividi lungo la schiena in Jewel Match Twilight! Jewel Match Twilight 2 \u00e8 un inquietante gioco match-3 che ti far\u00e0 rizzare i capelli e rabbrividire la schiena. Ti far\u00e0 gelare il sangue! Con Jewel Match Twilight 3, potresti vivere un&#8217;avventura Match-3 da brivido e spettrale che ti lascer\u00e0 freddo e a disagio. Un pacchetto che include tre fantastici giochi e centinaia di inquietanti livelli Match 3 da conquistare, insieme alla possibilit\u00e0 di acquistare diversi potenziamenti e potenziamenti dal negozio. Minigiochi rigiocabili, come scene di oggetti nascosti e puzzle. La colonna sonora \u00e8 inquietante.<\/p>\n","protected":false},"excerpt":{"rendered":"<p>Con il Jewel Match Twilight Triple Pack, puoi conquistare i tre terrificanti giochi Jewel Match Twilight.<\/p>\n","protected":false},"author":20,"featured_media":39851,"comment_status":"open","ping_status":"closed","template":"","meta":{"_acf_changed":false,"inline_featured_image":false},"product_brand":[],"product_cat":[191],"product_tag":[],"class_list":{"0":"post-39846","1":"product","2":"type-product","3":"status-publish","4":"has-post-thumbnail","6":"product_cat-puzzle-it","8":"first","9":"instock","10":"shipping-taxable","11":"purchasable","12":"product-type-simple"},"acf":[],"yoast_head":"<!-- This site is optimized with the Yoast SEO Premium plugin v25.2 (Yoast SEO v25.2) - https:\/\/yoast.com\/wordpress\/plugins\/seo\/ -->\n<title>Jewel Match Twilight Triple Pack - Padroneggia 3 spettrali giochi Jewel Match Twilight con il Triple Pack<\/title>\n<meta name=\"description\" content=\"Con il Jewel Match Twilight Triple Pack, puoi conquistare i tre terrificanti giochi Jewel Match Twilight.\" \/>\n<meta name=\"robots\" content=\"index, follow, max-snippet:-1, max-image-preview:large, max-video-preview:-1\" \/>\n<link rel=\"canonical\" href=\"https:\/\/www.iplay.com\/it\/games\/jewel-match-twilight-triple-pack\/\" \/>\n<meta property=\"og:locale\" content=\"it_IT\" \/>\n<meta property=\"og:type\" content=\"article\" \/>\n<meta property=\"og:title\" content=\"Jewel Match Twilight Triple Pack\" \/>\n<meta property=\"og:description\" content=\"Con il Jewel Match Twilight Triple Pack, puoi conquistare i tre terrificanti giochi Jewel Match Twilight.\" \/>\n<meta property=\"og:url\" content=\"https:\/\/www.iplay.com\/it\/games\/jewel-match-twilight-triple-pack\/\" \/>\n<meta property=\"og:site_name\" content=\"IPlay\" \/>\n<meta property=\"og:image\" content=\"https:\/\/www.iplay.com\/wp-content\/uploads\/2023\/12\/large_square_tile_image-4076.jpg\" \/>\n\t<meta property=\"og:image:width\" content=\"310\" \/>\n\t<meta property=\"og:image:height\" content=\"310\" \/>\n\t<meta property=\"og:image:type\" content=\"image\/jpeg\" \/>\n<meta name=\"twitter:card\" content=\"summary_large_image\" \/>\n<meta name=\"twitter:label1\" content=\"Est. reading time\" \/>\n\t<meta name=\"twitter:data1\" content=\"1 minuto\" \/>\n<script type=\"application\/ld+json\" class=\"yoast-schema-graph\">{\"@context\":\"https:\/\/schema.org\",\"@graph\":[{\"@type\":\"WebPage\",\"@id\":\"https:\/\/www.iplay.com\/it\/games\/jewel-match-twilight-triple-pack\/\",\"url\":\"https:\/\/www.iplay.com\/it\/games\/jewel-match-twilight-triple-pack\/\",\"name\":\"Jewel Match Twilight Triple Pack - Padroneggia 3 spettrali giochi Jewel Match Twilight con il Triple Pack\",\"isPartOf\":{\"@id\":\"https:\/\/www.iplay.com\/en\/#website\"},\"primaryImageOfPage\":{\"@id\":\"https:\/\/www.iplay.com\/it\/games\/jewel-match-twilight-triple-pack\/#primaryimage\"},\"image\":{\"@id\":\"https:\/\/www.iplay.com\/it\/games\/jewel-match-twilight-triple-pack\/#primaryimage\"},\"thumbnailUrl\":\"https:\/\/www.iplay.com\/wp-content\/uploads\/2023\/12\/large_square_tile_image-4076.jpg\",\"datePublished\":\"2023-08-16T00:00:00+00:00\",\"description\":\"Con il Jewel Match Twilight Triple Pack, puoi conquistare i tre terrificanti giochi Jewel Match Twilight.\",\"breadcrumb\":{\"@id\":\"https:\/\/www.iplay.com\/it\/games\/jewel-match-twilight-triple-pack\/#breadcrumb\"},\"inLanguage\":\"it-IT\",\"potentialAction\":[{\"@type\":\"ReadAction\",\"target\":[\"https:\/\/www.iplay.com\/it\/games\/jewel-match-twilight-triple-pack\/\"]}]},{\"@type\":\"ImageObject\",\"inLanguage\":\"it-IT\",\"@id\":\"https:\/\/www.iplay.com\/it\/games\/jewel-match-twilight-triple-pack\/#primaryimage\",\"url\":\"https:\/\/www.iplay.com\/wp-content\/uploads\/2023\/12\/large_square_tile_image-4076.jpg\",\"contentUrl\":\"https:\/\/www.iplay.com\/wp-content\/uploads\/2023\/12\/large_square_tile_image-4076.jpg\",\"width\":310,\"height\":310},{\"@type\":\"BreadcrumbList\",\"@id\":\"https:\/\/www.iplay.com\/it\/games\/jewel-match-twilight-triple-pack\/#breadcrumb\",\"itemListElement\":[{\"@type\":\"ListItem\",\"position\":1,\"name\":\"Home\",\"item\":\"https:\/\/www.iplay.com\/it\/home-page-2\/\"},{\"@type\":\"ListItem\",\"position\":2,\"name\":\"Shop\",\"item\":\"https:\/\/www.iplay.com\/en\/shop\/\"},{\"@type\":\"ListItem\",\"position\":3,\"name\":\"Jewel Match Twilight Triple Pack\"}]},{\"@type\":\"WebSite\",\"@id\":\"https:\/\/www.iplay.com\/en\/#website\",\"url\":\"https:\/\/www.iplay.com\/en\/\",\"name\":\"IPlay\",\"description\":\"The Best Casual Games!\",\"publisher\":{\"@id\":\"https:\/\/www.iplay.com\/en\/#organization\"},\"potentialAction\":[{\"@type\":\"SearchAction\",\"target\":{\"@type\":\"EntryPoint\",\"urlTemplate\":\"https:\/\/www.iplay.com\/en\/?s={search_term_string}\"},\"query-input\":{\"@type\":\"PropertyValueSpecification\",\"valueRequired\":true,\"valueName\":\"search_term_string\"}}],\"inLanguage\":\"it-IT\"},{\"@type\":\"Organization\",\"@id\":\"https:\/\/www.iplay.com\/en\/#organization\",\"name\":\"IPlay\",\"url\":\"https:\/\/www.iplay.com\/en\/\",\"logo\":{\"@type\":\"ImageObject\",\"inLanguage\":\"it-IT\",\"@id\":\"https:\/\/www.iplay.com\/en\/#\/schema\/logo\/image\/\",\"url\":\"https:\/\/www.iplay.com\/wp-content\/uploads\/2023\/11\/Group-6100.svg\",\"contentUrl\":\"https:\/\/www.iplay.com\/wp-content\/uploads\/2023\/11\/Group-6100.svg\",\"width\":98,\"height\":25,\"caption\":\"IPlay\"},\"image\":{\"@id\":\"https:\/\/www.iplay.com\/en\/#\/schema\/logo\/image\/\"}}]}<\/script>\n<!-- \/ Yoast SEO Premium plugin. -->","yoast_head_json":{"title":"Jewel Match Twilight Triple Pack - Padroneggia 3 spettrali giochi Jewel Match Twilight con il Triple Pack","description":"Con il Jewel Match Twilight Triple Pack, puoi conquistare i tre terrificanti giochi Jewel Match Twilight.","robots":{"index":"index","follow":"follow","max-snippet":"max-snippet:-1","max-image-preview":"max-image-preview:large","max-video-preview":"max-video-preview:-1"},"canonical":"https:\/\/www.iplay.com\/it\/games\/jewel-match-twilight-triple-pack\/","og_locale":"it_IT","og_type":"article","og_title":"Jewel Match Twilight Triple Pack","og_description":"Con il Jewel Match Twilight Triple Pack, puoi conquistare i tre terrificanti giochi Jewel Match Twilight.","og_url":"https:\/\/www.iplay.com\/it\/games\/jewel-match-twilight-triple-pack\/","og_site_name":"IPlay","og_image":[{"width":310,"height":310,"url":"https:\/\/www.iplay.com\/wp-content\/uploads\/2023\/12\/large_square_tile_image-4076.jpg","type":"image\/jpeg"}],"twitter_card":"summary_large_image","twitter_misc":{"Est. reading time":"1 minuto"},"schema":{"@context":"https:\/\/schema.org","@graph":[{"@type":"WebPage","@id":"https:\/\/www.iplay.com\/it\/games\/jewel-match-twilight-triple-pack\/","url":"https:\/\/www.iplay.com\/it\/games\/jewel-match-twilight-triple-pack\/","name":"Jewel Match Twilight Triple Pack - Padroneggia 3 spettrali giochi Jewel Match Twilight con il Triple Pack","isPartOf":{"@id":"https:\/\/www.iplay.com\/en\/#website"},"primaryImageOfPage":{"@id":"https:\/\/www.iplay.com\/it\/games\/jewel-match-twilight-triple-pack\/#primaryimage"},"image":{"@id":"https:\/\/www.iplay.com\/it\/games\/jewel-match-twilight-triple-pack\/#primaryimage"},"thumbnailUrl":"https:\/\/www.iplay.com\/wp-content\/uploads\/2023\/12\/large_square_tile_image-4076.jpg","datePublished":"2023-08-16T00:00:00+00:00","description":"Con il Jewel Match Twilight Triple Pack, puoi conquistare i tre terrificanti giochi Jewel Match Twilight.","breadcrumb":{"@id":"https:\/\/www.iplay.com\/it\/games\/jewel-match-twilight-triple-pack\/#breadcrumb"},"inLanguage":"it-IT","potentialAction":[{"@type":"ReadAction","target":["https:\/\/www.iplay.com\/it\/games\/jewel-match-twilight-triple-pack\/"]}]},{"@type":"ImageObject","inLanguage":"it-IT","@id":"https:\/\/www.iplay.com\/it\/games\/jewel-match-twilight-triple-pack\/#primaryimage","url":"https:\/\/www.iplay.com\/wp-content\/uploads\/2023\/12\/large_square_tile_image-4076.jpg","contentUrl":"https:\/\/www.iplay.com\/wp-content\/uploads\/2023\/12\/large_square_tile_image-4076.jpg","width":310,"height":310},{"@type":"BreadcrumbList","@id":"https:\/\/www.iplay.com\/it\/games\/jewel-match-twilight-triple-pack\/#breadcrumb","itemListElement":[{"@type":"ListItem","position":1,"name":"Home","item":"https:\/\/www.iplay.com\/it\/home-page-2\/"},{"@type":"ListItem","position":2,"name":"Shop","item":"https:\/\/www.iplay.com\/en\/shop\/"},{"@type":"ListItem","position":3,"name":"Jewel Match Twilight Triple Pack"}]},{"@type":"WebSite","@id":"https:\/\/www.iplay.com\/en\/#website","url":"https:\/\/www.iplay.com\/en\/","name":"IPlay","description":"The Best Casual Games!","publisher":{"@id":"https:\/\/www.iplay.com\/en\/#organization"},"potentialAction":[{"@type":"SearchAction","target":{"@type":"EntryPoint","urlTemplate":"https:\/\/www.iplay.com\/en\/?s={search_term_string}"},"query-input":{"@type":"PropertyValueSpecification","valueRequired":true,"valueName":"search_term_string"}}],"inLanguage":"it-IT"},{"@type":"Organization","@id":"https:\/\/www.iplay.com\/en\/#organization","name":"IPlay","url":"https:\/\/www.iplay.com\/en\/","logo":{"@type":"ImageObject","inLanguage":"it-IT","@id":"https:\/\/www.iplay.com\/en\/#\/schema\/logo\/image\/","url":"https:\/\/www.iplay.com\/wp-content\/uploads\/2023\/11\/Group-6100.svg","contentUrl":"https:\/\/www.iplay.com\/wp-content\/uploads\/2023\/11\/Group-6100.svg","width":98,"height":25,"caption":"IPlay"},"image":{"@id":"https:\/\/www.iplay.com\/en\/#\/schema\/logo\/image\/"}}]}},"_links":{"self":[{"href":"https:\/\/www.iplay.com\/it\/wp-json\/wp\/v2\/product\/39846","targetHints":{"allow":["GET"]}}],"collection":[{"href":"https:\/\/www.iplay.com\/it\/wp-json\/wp\/v2\/product"}],"about":[{"href":"https:\/\/www.iplay.com\/it\/wp-json\/wp\/v2\/types\/product"}],"author":[{"embeddable":true,"href":"https:\/\/www.iplay.com\/it\/wp-json\/wp\/v2\/users\/20"}],"replies":[{"embeddable":true,"href":"https:\/\/www.iplay.com\/it\/wp-json\/wp\/v2\/comments?post=39846"}],"wp:featuredmedia":[{"embeddable":true,"href":"https:\/\/www.iplay.com\/it\/wp-json\/wp\/v2\/media\/39851"}],"wp:attachment":[{"href":"https:\/\/www.iplay.com\/it\/wp-json\/wp\/v2\/media?parent=39846"}],"wp:term":[{"taxonomy":"product_brand","embeddable":true,"href":"https:\/\/www.iplay.com\/it\/wp-json\/wp\/v2\/product_brand?post=39846"},{"taxonomy":"product_cat","embeddable":true,"href":"https:\/\/www.iplay.com\/it\/wp-json\/wp\/v2\/product_cat?post=39846"},{"taxonomy":"product_tag","embeddable":true,"href":"https:\/\/www.iplay.com\/it\/wp-json\/wp\/v2\/product_tag?post=39846"}],"curies":[{"name":"wp","href":"https:\/\/api.w.org\/{rel}","templated":true}]}}