{"id":39208,"date":"2022-09-25T00:00:00","date_gmt":"2022-09-25T00:00:00","guid":{"rendered":"https:\/\/www.iplay.com\/games\/clutters-greatest-hits-collectors-edition\/"},"modified":"2022-09-25T00:00:00","modified_gmt":"2022-09-25T00:00:00","slug":"clutters-greatest-hits-collectors-edition","status":"publish","type":"product","link":"https:\/\/www.iplay.com\/it\/games\/clutters-greatest-hits-collectors-edition\/","title":{"rendered":"Clutter&#8217;s Greatest Hits Collector&#8217;s Edition"},"content":{"rendered":"<p>Con pi\u00f9 di 2000 indovinelli per tenerti occupato per giorni e giorni, questo \u00e8 il Clutter pi\u00f9 divertente e difficile di sempre. Una ricerca da ricordare con cos\u00ec tanti nuovi tipi di Clutter mescolati a vecchi preferiti. Ci sono il 25% in pi\u00f9 di indovinelli e altri materiali nella Collector&#8217;s Edition. Come al solito, i livelli di Clutter sono abbastanza rigiocabili e avvincenti. Inoltre, ci sono puzzle quadrati, cursori e citazioni a scatola con un tocco fresco. Ricordati di dare un&#8217;occhiata anche alle scatole pop-up rimasterizzate e ai peluche e alle girandole. Mai prima d&#8217;ora Clutter \u00e8 stato cos\u00ec coinvolgente e difficile. Inoltre, puoi giocare a Clutter quello che vuoi grazie alle scelte, come al solito. Inoltre, i Preferiti sono tornati, permettendoti di conservare i puzzle che desideri risolvere ripetutamente.        <\/p>\n<p>&nbsp;<\/p>\n<p>&nbsp;<\/p>\n<p><strong>Tratti somatici:<\/strong><\/p>\n<ul>\n<li>Numerose nuove modalit\u00e0 di gioco e nuovi set di oggetti<\/li>\n<li>Pi\u00f9 di 2000 livelli, tra cui il estremamente difficile<\/li>\n<li>Missione principale di 100 livelli<\/li>\n<li>Una missione estrema con un mega-mix aggiuntivo e un demo reel segreto!<\/li>\n<li>Duecento nuovi puzzle Box Quotes e centinaia di puzzle fotografici<\/li>\n<li>I livelli prodotti all&#8217;improvviso offrono una rigiocabilit\u00e0 infinita.<\/li>\n<li>Una nuovissima colonna sonora cinematografica.<\/li>\n<\/ul>\n<p>&nbsp;<\/p>\n<p>Se ti \u00e8 piaciuto questo gioco Clutter, perch\u00e9 non dai un&#8217;occhiata a tutti gli altri giochi della serie Clutter <a href=\"\/en?product_tag=clutter-series\">QUI<\/a><\/p>\n","protected":false},"excerpt":{"rendered":"<p>Con pi\u00f9 di 2000 puzzle per tenerti occupato per giorni, questo \u00e8 il Clutter pi\u00f9 difficile fino ad oggi!<\/p>\n","protected":false},"author":41,"featured_media":39210,"comment_status":"open","ping_status":"closed","template":"","meta":{"_acf_changed":false,"inline_featured_image":false},"product_brand":[],"product_cat":[161,163],"product_tag":[290],"class_list":{"0":"post-39208","1":"product","2":"type-product","3":"status-publish","4":"has-post-thumbnail","6":"product_cat-clutter-series-it","7":"product_cat-hidden-object-it","8":"product_tag-play-on-pc-it","10":"first","11":"instock","12":"shipping-taxable","13":"purchasable","14":"product-type-simple"},"acf":[],"yoast_head":"<!-- This site is optimized with the Yoast SEO Premium plugin v25.2 (Yoast SEO v25.2) - https:\/\/yoast.com\/wordpress\/plugins\/seo\/ -->\n<title>Clutter&#039;s Greatest Hits Collector&#039;s Edition - Affronta oltre 2000 enigmi nel Clutter pi\u00f9 impegnativo di sempre<\/title>\n<meta name=\"description\" content=\"Con pi\u00f9 di 2000 puzzle per tenerti occupato per giorni, questo \u00e8 il Clutter pi\u00f9 difficile fino ad oggi!\" \/>\n<meta name=\"robots\" content=\"index, follow, max-snippet:-1, max-image-preview:large, max-video-preview:-1\" \/>\n<link rel=\"canonical\" href=\"https:\/\/www.iplay.com\/it\/games\/clutters-greatest-hits-collectors-edition\/\" \/>\n<meta property=\"og:locale\" content=\"it_IT\" \/>\n<meta property=\"og:type\" content=\"article\" \/>\n<meta property=\"og:title\" content=\"Clutter&#039;s Greatest Hits Collector&#039;s Edition\" \/>\n<meta property=\"og:description\" content=\"Con pi\u00f9 di 2000 puzzle per tenerti occupato per giorni, questo \u00e8 il Clutter pi\u00f9 difficile fino ad oggi!\" \/>\n<meta property=\"og:url\" content=\"https:\/\/www.iplay.com\/it\/games\/clutters-greatest-hits-collectors-edition\/\" \/>\n<meta property=\"og:site_name\" content=\"IPlay\" \/>\n<meta property=\"og:image\" content=\"https:\/\/www.iplay.com\/wp-content\/uploads\/2024\/08\/clutters_greatest_hits_ce_large_square_tile_image.webp\" \/>\n\t<meta property=\"og:image:width\" content=\"715\" \/>\n\t<meta property=\"og:image:height\" content=\"485\" \/>\n\t<meta property=\"og:image:type\" content=\"image\/webp\" \/>\n<meta name=\"twitter:card\" content=\"summary_large_image\" \/>\n<meta name=\"twitter:label1\" content=\"Est. reading time\" \/>\n\t<meta name=\"twitter:data1\" content=\"1 minuto\" \/>\n<script type=\"application\/ld+json\" class=\"yoast-schema-graph\">{\"@context\":\"https:\/\/schema.org\",\"@graph\":[{\"@type\":\"WebPage\",\"@id\":\"https:\/\/www.iplay.com\/it\/games\/clutters-greatest-hits-collectors-edition\/\",\"url\":\"https:\/\/www.iplay.com\/it\/games\/clutters-greatest-hits-collectors-edition\/\",\"name\":\"Clutter's Greatest Hits Collector's Edition - Affronta oltre 2000 enigmi nel Clutter pi\u00f9 impegnativo di sempre\",\"isPartOf\":{\"@id\":\"https:\/\/www.iplay.com\/en\/#website\"},\"primaryImageOfPage\":{\"@id\":\"https:\/\/www.iplay.com\/it\/games\/clutters-greatest-hits-collectors-edition\/#primaryimage\"},\"image\":{\"@id\":\"https:\/\/www.iplay.com\/it\/games\/clutters-greatest-hits-collectors-edition\/#primaryimage\"},\"thumbnailUrl\":\"https:\/\/www.iplay.com\/wp-content\/uploads\/2024\/08\/clutters_greatest_hits_ce_large_square_tile_image.webp\",\"datePublished\":\"2022-09-25T00:00:00+00:00\",\"description\":\"Con pi\u00f9 di 2000 puzzle per tenerti occupato per giorni, questo \u00e8 il Clutter pi\u00f9 difficile fino ad oggi!\",\"breadcrumb\":{\"@id\":\"https:\/\/www.iplay.com\/it\/games\/clutters-greatest-hits-collectors-edition\/#breadcrumb\"},\"inLanguage\":\"it-IT\",\"potentialAction\":[{\"@type\":\"ReadAction\",\"target\":[\"https:\/\/www.iplay.com\/it\/games\/clutters-greatest-hits-collectors-edition\/\"]}]},{\"@type\":\"ImageObject\",\"inLanguage\":\"it-IT\",\"@id\":\"https:\/\/www.iplay.com\/it\/games\/clutters-greatest-hits-collectors-edition\/#primaryimage\",\"url\":\"https:\/\/www.iplay.com\/wp-content\/uploads\/2024\/08\/clutters_greatest_hits_ce_large_square_tile_image.webp\",\"contentUrl\":\"https:\/\/www.iplay.com\/wp-content\/uploads\/2024\/08\/clutters_greatest_hits_ce_large_square_tile_image.webp\",\"width\":715,\"height\":485},{\"@type\":\"BreadcrumbList\",\"@id\":\"https:\/\/www.iplay.com\/it\/games\/clutters-greatest-hits-collectors-edition\/#breadcrumb\",\"itemListElement\":[{\"@type\":\"ListItem\",\"position\":1,\"name\":\"Home\",\"item\":\"https:\/\/www.iplay.com\/it\/home-page-2\/\"},{\"@type\":\"ListItem\",\"position\":2,\"name\":\"Shop\",\"item\":\"https:\/\/www.iplay.com\/en\/shop\/\"},{\"@type\":\"ListItem\",\"position\":3,\"name\":\"Clutter&#8217;s Greatest Hits Collector&#8217;s Edition\"}]},{\"@type\":\"WebSite\",\"@id\":\"https:\/\/www.iplay.com\/en\/#website\",\"url\":\"https:\/\/www.iplay.com\/en\/\",\"name\":\"IPlay\",\"description\":\"The Best Casual Games!\",\"publisher\":{\"@id\":\"https:\/\/www.iplay.com\/en\/#organization\"},\"potentialAction\":[{\"@type\":\"SearchAction\",\"target\":{\"@type\":\"EntryPoint\",\"urlTemplate\":\"https:\/\/www.iplay.com\/en\/?s={search_term_string}\"},\"query-input\":{\"@type\":\"PropertyValueSpecification\",\"valueRequired\":true,\"valueName\":\"search_term_string\"}}],\"inLanguage\":\"it-IT\"},{\"@type\":\"Organization\",\"@id\":\"https:\/\/www.iplay.com\/en\/#organization\",\"name\":\"IPlay\",\"url\":\"https:\/\/www.iplay.com\/en\/\",\"logo\":{\"@type\":\"ImageObject\",\"inLanguage\":\"it-IT\",\"@id\":\"https:\/\/www.iplay.com\/en\/#\/schema\/logo\/image\/\",\"url\":\"https:\/\/www.iplay.com\/wp-content\/uploads\/2023\/11\/Group-6100.svg\",\"contentUrl\":\"https:\/\/www.iplay.com\/wp-content\/uploads\/2023\/11\/Group-6100.svg\",\"width\":98,\"height\":25,\"caption\":\"IPlay\"},\"image\":{\"@id\":\"https:\/\/www.iplay.com\/en\/#\/schema\/logo\/image\/\"}}]}<\/script>\n<!-- \/ Yoast SEO Premium plugin. -->","yoast_head_json":{"title":"Clutter's Greatest Hits Collector's Edition - Affronta oltre 2000 enigmi nel Clutter pi\u00f9 impegnativo di sempre","description":"Con pi\u00f9 di 2000 puzzle per tenerti occupato per giorni, questo \u00e8 il Clutter pi\u00f9 difficile fino ad oggi!","robots":{"index":"index","follow":"follow","max-snippet":"max-snippet:-1","max-image-preview":"max-image-preview:large","max-video-preview":"max-video-preview:-1"},"canonical":"https:\/\/www.iplay.com\/it\/games\/clutters-greatest-hits-collectors-edition\/","og_locale":"it_IT","og_type":"article","og_title":"Clutter's Greatest Hits Collector's Edition","og_description":"Con pi\u00f9 di 2000 puzzle per tenerti occupato per giorni, questo \u00e8 il Clutter pi\u00f9 difficile fino ad oggi!","og_url":"https:\/\/www.iplay.com\/it\/games\/clutters-greatest-hits-collectors-edition\/","og_site_name":"IPlay","og_image":[{"width":715,"height":485,"url":"https:\/\/www.iplay.com\/wp-content\/uploads\/2024\/08\/clutters_greatest_hits_ce_large_square_tile_image.webp","type":"image\/webp"}],"twitter_card":"summary_large_image","twitter_misc":{"Est. reading time":"1 minuto"},"schema":{"@context":"https:\/\/schema.org","@graph":[{"@type":"WebPage","@id":"https:\/\/www.iplay.com\/it\/games\/clutters-greatest-hits-collectors-edition\/","url":"https:\/\/www.iplay.com\/it\/games\/clutters-greatest-hits-collectors-edition\/","name":"Clutter's Greatest Hits Collector's Edition - Affronta oltre 2000 enigmi nel Clutter pi\u00f9 impegnativo di sempre","isPartOf":{"@id":"https:\/\/www.iplay.com\/en\/#website"},"primaryImageOfPage":{"@id":"https:\/\/www.iplay.com\/it\/games\/clutters-greatest-hits-collectors-edition\/#primaryimage"},"image":{"@id":"https:\/\/www.iplay.com\/it\/games\/clutters-greatest-hits-collectors-edition\/#primaryimage"},"thumbnailUrl":"https:\/\/www.iplay.com\/wp-content\/uploads\/2024\/08\/clutters_greatest_hits_ce_large_square_tile_image.webp","datePublished":"2022-09-25T00:00:00+00:00","description":"Con pi\u00f9 di 2000 puzzle per tenerti occupato per giorni, questo \u00e8 il Clutter pi\u00f9 difficile fino ad oggi!","breadcrumb":{"@id":"https:\/\/www.iplay.com\/it\/games\/clutters-greatest-hits-collectors-edition\/#breadcrumb"},"inLanguage":"it-IT","potentialAction":[{"@type":"ReadAction","target":["https:\/\/www.iplay.com\/it\/games\/clutters-greatest-hits-collectors-edition\/"]}]},{"@type":"ImageObject","inLanguage":"it-IT","@id":"https:\/\/www.iplay.com\/it\/games\/clutters-greatest-hits-collectors-edition\/#primaryimage","url":"https:\/\/www.iplay.com\/wp-content\/uploads\/2024\/08\/clutters_greatest_hits_ce_large_square_tile_image.webp","contentUrl":"https:\/\/www.iplay.com\/wp-content\/uploads\/2024\/08\/clutters_greatest_hits_ce_large_square_tile_image.webp","width":715,"height":485},{"@type":"BreadcrumbList","@id":"https:\/\/www.iplay.com\/it\/games\/clutters-greatest-hits-collectors-edition\/#breadcrumb","itemListElement":[{"@type":"ListItem","position":1,"name":"Home","item":"https:\/\/www.iplay.com\/it\/home-page-2\/"},{"@type":"ListItem","position":2,"name":"Shop","item":"https:\/\/www.iplay.com\/en\/shop\/"},{"@type":"ListItem","position":3,"name":"Clutter&#8217;s Greatest Hits Collector&#8217;s Edition"}]},{"@type":"WebSite","@id":"https:\/\/www.iplay.com\/en\/#website","url":"https:\/\/www.iplay.com\/en\/","name":"IPlay","description":"The Best Casual Games!","publisher":{"@id":"https:\/\/www.iplay.com\/en\/#organization"},"potentialAction":[{"@type":"SearchAction","target":{"@type":"EntryPoint","urlTemplate":"https:\/\/www.iplay.com\/en\/?s={search_term_string}"},"query-input":{"@type":"PropertyValueSpecification","valueRequired":true,"valueName":"search_term_string"}}],"inLanguage":"it-IT"},{"@type":"Organization","@id":"https:\/\/www.iplay.com\/en\/#organization","name":"IPlay","url":"https:\/\/www.iplay.com\/en\/","logo":{"@type":"ImageObject","inLanguage":"it-IT","@id":"https:\/\/www.iplay.com\/en\/#\/schema\/logo\/image\/","url":"https:\/\/www.iplay.com\/wp-content\/uploads\/2023\/11\/Group-6100.svg","contentUrl":"https:\/\/www.iplay.com\/wp-content\/uploads\/2023\/11\/Group-6100.svg","width":98,"height":25,"caption":"IPlay"},"image":{"@id":"https:\/\/www.iplay.com\/en\/#\/schema\/logo\/image\/"}}]}},"_links":{"self":[{"href":"https:\/\/www.iplay.com\/it\/wp-json\/wp\/v2\/product\/39208","targetHints":{"allow":["GET"]}}],"collection":[{"href":"https:\/\/www.iplay.com\/it\/wp-json\/wp\/v2\/product"}],"about":[{"href":"https:\/\/www.iplay.com\/it\/wp-json\/wp\/v2\/types\/product"}],"author":[{"embeddable":true,"href":"https:\/\/www.iplay.com\/it\/wp-json\/wp\/v2\/users\/41"}],"replies":[{"embeddable":true,"href":"https:\/\/www.iplay.com\/it\/wp-json\/wp\/v2\/comments?post=39208"}],"wp:featuredmedia":[{"embeddable":true,"href":"https:\/\/www.iplay.com\/it\/wp-json\/wp\/v2\/media\/39210"}],"wp:attachment":[{"href":"https:\/\/www.iplay.com\/it\/wp-json\/wp\/v2\/media?parent=39208"}],"wp:term":[{"taxonomy":"product_brand","embeddable":true,"href":"https:\/\/www.iplay.com\/it\/wp-json\/wp\/v2\/product_brand?post=39208"},{"taxonomy":"product_cat","embeddable":true,"href":"https:\/\/www.iplay.com\/it\/wp-json\/wp\/v2\/product_cat?post=39208"},{"taxonomy":"product_tag","embeddable":true,"href":"https:\/\/www.iplay.com\/it\/wp-json\/wp\/v2\/product_tag?post=39208"}],"curies":[{"name":"wp","href":"https:\/\/api.w.org\/{rel}","templated":true}]}}