{"id":37373,"date":"2025-02-19T09:30:15","date_gmt":"2025-02-19T09:30:15","guid":{"rendered":"https:\/\/www.iplay.com\/games\/living-legends-the-red-trace-collectors-edition\/"},"modified":"2025-02-26T14:33:36","modified_gmt":"2025-02-26T14:33:36","slug":"living-legends-the-red-trace-collectors-edition","status":"publish","type":"product","link":"https:\/\/www.iplay.com\/it\/games\/living-legends-the-red-trace-collectors-edition\/","title":{"rendered":"Living Legends: The Red Trace Collector&#8217;s Edition"},"content":{"rendered":"<p>L&#8217;ultimo capitolo magico dell&#8217;acclamata serie<em> Living Legends<\/em> \u00e8 arrivato!<\/p>\n<p>Il giorno del matrimonio prende una piega oscura e inaspettata quando Ruby, l&#8217;amore della tua vita, viene rapita da un lupo mistico. Mentre una strana edera rossa si diffonde, i suoi cari vengono misteriosamente trasformati in animali. Una potente maledizione deve essere spezzata e un&#8217;intricata rete di magia deve essere svelata per salvare Ruby. La sfida \u00e8 stata impostata: sei pronto a lanciarti in questa incantevole avventura rompicapo con oggetti nascosti?<\/p>\n<p>&nbsp;<\/p>\n<p><strong>Caratteristiche della Collector&#8217;s Edition<\/strong><\/p>\n<ul>\n<li>Un capitolo bonus ti aspetta! La ricerca di una figlia scomparsa si svolge in un&#8217;ulteriore trama emozionante.<\/li>\n<li>Enigmi e sfide rivisitati. I puzzle con oggetti nascosti (HOP) e i minigiochi possono essere rigiocati per sbloccare gli obiettivi.<\/li>\n<li>Tesori nascosti da scoprire. Una variet\u00e0 di fiori collezionabili e oggetti morphing sono sparsi per tutto il gioco.<\/li>\n<li>Contenuti esclusivi inclusi. Sfondi, screensaver, musica, video, concept art e altro ancora sono disponibili per un&#8217;esperienza coinvolgente.<\/li>\n<li>Guida quando necessario. Una guida strategica completa assicura che nessun puzzle lasci i giocatori persi.<\/li>\n<\/ul>\n<p>&nbsp;<\/p>\n<p>Entra in un mondo di mistero, magia e avventura. Il viaggio per spezzare la maledizione inizia ora!<\/p>\n","protected":false},"excerpt":{"rendered":"<p>Ruby pu\u00f2 ancora essere salvata &#8211; Scopri la verit\u00e0 in <strong>Living Legends: The Red Trace Collector&#8217;s Edition<\/strong><\/p>\n","protected":false},"author":17,"featured_media":34139,"comment_status":"open","ping_status":"closed","template":"","meta":{"_acf_changed":false,"inline_featured_image":false},"product_brand":[],"product_cat":[163],"product_tag":[290],"class_list":{"0":"post-37373","1":"product","2":"type-product","3":"status-publish","4":"has-post-thumbnail","6":"product_cat-hidden-object-it","7":"product_tag-play-on-pc-it","9":"first","10":"instock","11":"shipping-taxable","12":"purchasable","13":"product-type-simple"},"acf":[],"yoast_head":"<!-- This site is optimized with the Yoast SEO Premium plugin v25.2 (Yoast SEO v25.2) - https:\/\/yoast.com\/wordpress\/plugins\/seo\/ -->\n<title>Ruby pu\u00f2 ancora essere salvata? Scopri la verit\u00e0 in The Red Trace CE<\/title>\n<meta name=\"description\" content=\"Ruby pu\u00f2 ancora essere salvata - Scopri la verit\u00e0 in Living Legends: The Red Trace Collector&#039;s Edition\" \/>\n<meta name=\"robots\" content=\"index, follow, max-snippet:-1, max-image-preview:large, max-video-preview:-1\" \/>\n<link rel=\"canonical\" href=\"https:\/\/www.iplay.com\/it\/games\/living-legends-the-red-trace-collectors-edition\/\" \/>\n<meta property=\"og:locale\" content=\"it_IT\" \/>\n<meta property=\"og:type\" content=\"article\" \/>\n<meta property=\"og:title\" content=\"Living Legends: The Red Trace Collector&#039;s Edition\" \/>\n<meta property=\"og:description\" content=\"Ruby pu\u00f2 ancora essere salvata - Scopri la verit\u00e0 in Living Legends: The Red Trace Collector&#039;s Edition\" \/>\n<meta property=\"og:url\" content=\"https:\/\/www.iplay.com\/it\/games\/living-legends-the-red-trace-collectors-edition\/\" \/>\n<meta property=\"og:site_name\" content=\"IPlay\" \/>\n<meta property=\"article:modified_time\" content=\"2025-02-26T14:33:36+00:00\" \/>\n<meta property=\"og:image\" content=\"https:\/\/www.iplay.com\/wp-content\/uploads\/2025\/02\/living_legends_the_red_trace_ce_large_square_tile_image.webp\" \/>\n\t<meta property=\"og:image:width\" content=\"400\" \/>\n\t<meta property=\"og:image:height\" content=\"400\" \/>\n\t<meta property=\"og:image:type\" content=\"image\/webp\" \/>\n<meta name=\"twitter:card\" content=\"summary_large_image\" \/>\n<meta name=\"twitter:label1\" content=\"Est. reading time\" \/>\n\t<meta name=\"twitter:data1\" content=\"1 minuto\" \/>\n<script type=\"application\/ld+json\" class=\"yoast-schema-graph\">{\"@context\":\"https:\/\/schema.org\",\"@graph\":[{\"@type\":\"WebPage\",\"@id\":\"https:\/\/www.iplay.com\/it\/games\/living-legends-the-red-trace-collectors-edition\/\",\"url\":\"https:\/\/www.iplay.com\/it\/games\/living-legends-the-red-trace-collectors-edition\/\",\"name\":\"Ruby pu\u00f2 ancora essere salvata? Scopri la verit\u00e0 in The Red Trace CE\",\"isPartOf\":{\"@id\":\"https:\/\/www.iplay.com\/en\/#website\"},\"primaryImageOfPage\":{\"@id\":\"https:\/\/www.iplay.com\/it\/games\/living-legends-the-red-trace-collectors-edition\/#primaryimage\"},\"image\":{\"@id\":\"https:\/\/www.iplay.com\/it\/games\/living-legends-the-red-trace-collectors-edition\/#primaryimage\"},\"thumbnailUrl\":\"https:\/\/www.iplay.com\/wp-content\/uploads\/2025\/02\/living_legends_the_red_trace_ce_large_square_tile_image.webp\",\"datePublished\":\"2025-02-19T09:30:15+00:00\",\"dateModified\":\"2025-02-26T14:33:36+00:00\",\"description\":\"Ruby pu\u00f2 ancora essere salvata - Scopri la verit\u00e0 in Living Legends: The Red Trace Collector's Edition\",\"breadcrumb\":{\"@id\":\"https:\/\/www.iplay.com\/it\/games\/living-legends-the-red-trace-collectors-edition\/#breadcrumb\"},\"inLanguage\":\"it-IT\",\"potentialAction\":[{\"@type\":\"ReadAction\",\"target\":[\"https:\/\/www.iplay.com\/it\/games\/living-legends-the-red-trace-collectors-edition\/\"]}]},{\"@type\":\"ImageObject\",\"inLanguage\":\"it-IT\",\"@id\":\"https:\/\/www.iplay.com\/it\/games\/living-legends-the-red-trace-collectors-edition\/#primaryimage\",\"url\":\"https:\/\/www.iplay.com\/wp-content\/uploads\/2025\/02\/living_legends_the_red_trace_ce_large_square_tile_image.webp\",\"contentUrl\":\"https:\/\/www.iplay.com\/wp-content\/uploads\/2025\/02\/living_legends_the_red_trace_ce_large_square_tile_image.webp\",\"width\":400,\"height\":400},{\"@type\":\"BreadcrumbList\",\"@id\":\"https:\/\/www.iplay.com\/it\/games\/living-legends-the-red-trace-collectors-edition\/#breadcrumb\",\"itemListElement\":[{\"@type\":\"ListItem\",\"position\":1,\"name\":\"Home\",\"item\":\"https:\/\/www.iplay.com\/it\/home-page-2\/\"},{\"@type\":\"ListItem\",\"position\":2,\"name\":\"Shop\",\"item\":\"https:\/\/www.iplay.com\/en\/shop\/\"},{\"@type\":\"ListItem\",\"position\":3,\"name\":\"Living Legends: The Red Trace Collector&#8217;s Edition\"}]},{\"@type\":\"WebSite\",\"@id\":\"https:\/\/www.iplay.com\/en\/#website\",\"url\":\"https:\/\/www.iplay.com\/en\/\",\"name\":\"IPlay\",\"description\":\"The Best Casual Games!\",\"publisher\":{\"@id\":\"https:\/\/www.iplay.com\/en\/#organization\"},\"potentialAction\":[{\"@type\":\"SearchAction\",\"target\":{\"@type\":\"EntryPoint\",\"urlTemplate\":\"https:\/\/www.iplay.com\/en\/?s={search_term_string}\"},\"query-input\":{\"@type\":\"PropertyValueSpecification\",\"valueRequired\":true,\"valueName\":\"search_term_string\"}}],\"inLanguage\":\"it-IT\"},{\"@type\":\"Organization\",\"@id\":\"https:\/\/www.iplay.com\/en\/#organization\",\"name\":\"IPlay\",\"url\":\"https:\/\/www.iplay.com\/en\/\",\"logo\":{\"@type\":\"ImageObject\",\"inLanguage\":\"it-IT\",\"@id\":\"https:\/\/www.iplay.com\/en\/#\/schema\/logo\/image\/\",\"url\":\"https:\/\/www.iplay.com\/wp-content\/uploads\/2023\/11\/Group-6100.svg\",\"contentUrl\":\"https:\/\/www.iplay.com\/wp-content\/uploads\/2023\/11\/Group-6100.svg\",\"width\":98,\"height\":25,\"caption\":\"IPlay\"},\"image\":{\"@id\":\"https:\/\/www.iplay.com\/en\/#\/schema\/logo\/image\/\"}}]}<\/script>\n<!-- \/ Yoast SEO Premium plugin. -->","yoast_head_json":{"title":"Ruby pu\u00f2 ancora essere salvata? Scopri la verit\u00e0 in The Red Trace CE","description":"Ruby pu\u00f2 ancora essere salvata - Scopri la verit\u00e0 in Living Legends: The Red Trace Collector's Edition","robots":{"index":"index","follow":"follow","max-snippet":"max-snippet:-1","max-image-preview":"max-image-preview:large","max-video-preview":"max-video-preview:-1"},"canonical":"https:\/\/www.iplay.com\/it\/games\/living-legends-the-red-trace-collectors-edition\/","og_locale":"it_IT","og_type":"article","og_title":"Living Legends: The Red Trace Collector's Edition","og_description":"Ruby pu\u00f2 ancora essere salvata - Scopri la verit\u00e0 in Living Legends: The Red Trace Collector's Edition","og_url":"https:\/\/www.iplay.com\/it\/games\/living-legends-the-red-trace-collectors-edition\/","og_site_name":"IPlay","article_modified_time":"2025-02-26T14:33:36+00:00","og_image":[{"width":400,"height":400,"url":"https:\/\/www.iplay.com\/wp-content\/uploads\/2025\/02\/living_legends_the_red_trace_ce_large_square_tile_image.webp","type":"image\/webp"}],"twitter_card":"summary_large_image","twitter_misc":{"Est. reading time":"1 minuto"},"schema":{"@context":"https:\/\/schema.org","@graph":[{"@type":"WebPage","@id":"https:\/\/www.iplay.com\/it\/games\/living-legends-the-red-trace-collectors-edition\/","url":"https:\/\/www.iplay.com\/it\/games\/living-legends-the-red-trace-collectors-edition\/","name":"Ruby pu\u00f2 ancora essere salvata? Scopri la verit\u00e0 in The Red Trace CE","isPartOf":{"@id":"https:\/\/www.iplay.com\/en\/#website"},"primaryImageOfPage":{"@id":"https:\/\/www.iplay.com\/it\/games\/living-legends-the-red-trace-collectors-edition\/#primaryimage"},"image":{"@id":"https:\/\/www.iplay.com\/it\/games\/living-legends-the-red-trace-collectors-edition\/#primaryimage"},"thumbnailUrl":"https:\/\/www.iplay.com\/wp-content\/uploads\/2025\/02\/living_legends_the_red_trace_ce_large_square_tile_image.webp","datePublished":"2025-02-19T09:30:15+00:00","dateModified":"2025-02-26T14:33:36+00:00","description":"Ruby pu\u00f2 ancora essere salvata - Scopri la verit\u00e0 in Living Legends: The Red Trace Collector's Edition","breadcrumb":{"@id":"https:\/\/www.iplay.com\/it\/games\/living-legends-the-red-trace-collectors-edition\/#breadcrumb"},"inLanguage":"it-IT","potentialAction":[{"@type":"ReadAction","target":["https:\/\/www.iplay.com\/it\/games\/living-legends-the-red-trace-collectors-edition\/"]}]},{"@type":"ImageObject","inLanguage":"it-IT","@id":"https:\/\/www.iplay.com\/it\/games\/living-legends-the-red-trace-collectors-edition\/#primaryimage","url":"https:\/\/www.iplay.com\/wp-content\/uploads\/2025\/02\/living_legends_the_red_trace_ce_large_square_tile_image.webp","contentUrl":"https:\/\/www.iplay.com\/wp-content\/uploads\/2025\/02\/living_legends_the_red_trace_ce_large_square_tile_image.webp","width":400,"height":400},{"@type":"BreadcrumbList","@id":"https:\/\/www.iplay.com\/it\/games\/living-legends-the-red-trace-collectors-edition\/#breadcrumb","itemListElement":[{"@type":"ListItem","position":1,"name":"Home","item":"https:\/\/www.iplay.com\/it\/home-page-2\/"},{"@type":"ListItem","position":2,"name":"Shop","item":"https:\/\/www.iplay.com\/en\/shop\/"},{"@type":"ListItem","position":3,"name":"Living Legends: The Red Trace Collector&#8217;s Edition"}]},{"@type":"WebSite","@id":"https:\/\/www.iplay.com\/en\/#website","url":"https:\/\/www.iplay.com\/en\/","name":"IPlay","description":"The Best Casual Games!","publisher":{"@id":"https:\/\/www.iplay.com\/en\/#organization"},"potentialAction":[{"@type":"SearchAction","target":{"@type":"EntryPoint","urlTemplate":"https:\/\/www.iplay.com\/en\/?s={search_term_string}"},"query-input":{"@type":"PropertyValueSpecification","valueRequired":true,"valueName":"search_term_string"}}],"inLanguage":"it-IT"},{"@type":"Organization","@id":"https:\/\/www.iplay.com\/en\/#organization","name":"IPlay","url":"https:\/\/www.iplay.com\/en\/","logo":{"@type":"ImageObject","inLanguage":"it-IT","@id":"https:\/\/www.iplay.com\/en\/#\/schema\/logo\/image\/","url":"https:\/\/www.iplay.com\/wp-content\/uploads\/2023\/11\/Group-6100.svg","contentUrl":"https:\/\/www.iplay.com\/wp-content\/uploads\/2023\/11\/Group-6100.svg","width":98,"height":25,"caption":"IPlay"},"image":{"@id":"https:\/\/www.iplay.com\/en\/#\/schema\/logo\/image\/"}}]}},"_links":{"self":[{"href":"https:\/\/www.iplay.com\/it\/wp-json\/wp\/v2\/product\/37373","targetHints":{"allow":["GET"]}}],"collection":[{"href":"https:\/\/www.iplay.com\/it\/wp-json\/wp\/v2\/product"}],"about":[{"href":"https:\/\/www.iplay.com\/it\/wp-json\/wp\/v2\/types\/product"}],"author":[{"embeddable":true,"href":"https:\/\/www.iplay.com\/it\/wp-json\/wp\/v2\/users\/17"}],"replies":[{"embeddable":true,"href":"https:\/\/www.iplay.com\/it\/wp-json\/wp\/v2\/comments?post=37373"}],"wp:featuredmedia":[{"embeddable":true,"href":"https:\/\/www.iplay.com\/it\/wp-json\/wp\/v2\/media\/34139"}],"wp:attachment":[{"href":"https:\/\/www.iplay.com\/it\/wp-json\/wp\/v2\/media?parent=37373"}],"wp:term":[{"taxonomy":"product_brand","embeddable":true,"href":"https:\/\/www.iplay.com\/it\/wp-json\/wp\/v2\/product_brand?post=37373"},{"taxonomy":"product_cat","embeddable":true,"href":"https:\/\/www.iplay.com\/it\/wp-json\/wp\/v2\/product_cat?post=37373"},{"taxonomy":"product_tag","embeddable":true,"href":"https:\/\/www.iplay.com\/it\/wp-json\/wp\/v2\/product_tag?post=37373"}],"curies":[{"name":"wp","href":"https:\/\/api.w.org\/{rel}","templated":true}]}}