{"id":33945,"date":"2024-12-30T11:03:44","date_gmt":"2024-12-30T11:03:44","guid":{"rendered":"https:\/\/www.iplay.com\/games\/masterful-matches-2024s-top-3-match-3\/"},"modified":"2025-02-26T14:21:25","modified_gmt":"2025-02-26T14:21:25","slug":"masterful-matches-2024s-top-3-match-3","status":"publish","type":"product","link":"https:\/\/www.iplay.com\/it\/games\/masterful-matches-2024s-top-3-match-3\/","title":{"rendered":"Masterful Matches &#8211; 2024&#8217;s Top 3 Match 3"},"content":{"rendered":"<p>The <strong>Masterful Matches &#8211; Il pacchetto Top 3 Match 3 del 2024<\/strong> offre una straordinaria collezione di serenit\u00e0 subacquea, enigmi impegnativi e avventure magiche. Ogni partita immerge i giocatori in paesaggi vibranti, coinvolgenti livelli Match-3 e storie accattivanti, garantendo ore di divertimento. <\/p>\n<p><strong>Contiene i seguenti giochi:<\/strong><\/p>\n<ul>\n<li><em>Jewel Match Aquascapes 2 Edizione da Collezione:<\/em> Viene offerto un tranquillo viaggio subacqueo Match-3, che consente di esplorare vivaci giardini di corallo e scene acquatiche mozzafiato. La musica d&#8217;ambiente rilassante migliora l&#8217;esperienza, creando una fuga serena. <\/li>\n<li><em>Casa maledetta 13:<\/em> Vengono forniti gli enigmi pi\u00f9 impegnativi della serie Cursed House, con meccaniche di gioco e livelli innovativi. L&#8217;assistenza \u00e8 offerta con un pulsante HINT interattivo per garantire il progresso attraverso le sfide pi\u00f9 difficili. <\/li>\n<li><em>Il libro magico di Amanda 9: I Camminatori della Frattura:<\/em> Un&#8217;avventura magica attraverso portali verso regni lontani viene intrapresa con Amanda e Charlie. Vengono risolti intricati enigmi e vengono svelati i misteri di un orologio da tasca incantato, creando un&#8217;esperienza affascinante. <\/li>\n<\/ul>\n<p>&nbsp;<\/p>\n<p>Imbarcati in questa collezione Match-3 definitiva e goditi una grafica vibrante, un gameplay coinvolgente e avventure emozionanti!<\/p>\n","protected":false},"excerpt":{"rendered":"<p>Immergiti nelle avventure Match 3 con <strong>Masterful Matches, i 3 migliori match 3 del 2024!<\/strong><\/p>\n","protected":false},"author":11,"featured_media":33946,"comment_status":"open","ping_status":"closed","template":"","meta":{"_acf_changed":false,"inline_featured_image":false},"product_brand":[],"product_cat":[175],"product_tag":[290],"class_list":{"0":"post-33945","1":"product","2":"type-product","3":"status-publish","4":"has-post-thumbnail","6":"product_cat-match-3-it","7":"product_tag-play-on-pc-it","9":"first","10":"instock","11":"shipping-taxable","12":"purchasable","13":"product-type-simple"},"acf":[],"yoast_head":"<!-- This site is optimized with the Yoast SEO Premium plugin v25.2 (Yoast SEO v25.2) - https:\/\/yoast.com\/wordpress\/plugins\/seo\/ -->\n<title>Immergiti nelle avventure Match 3 con Masterful Matches, i 3 migliori match 3 del 2024!<\/title>\n<meta name=\"description\" content=\"Immergiti nelle avventure Match 3 con Masterful Matches, i 3 migliori match 3 del 2024!\" \/>\n<meta name=\"robots\" content=\"index, follow, max-snippet:-1, max-image-preview:large, max-video-preview:-1\" \/>\n<link rel=\"canonical\" href=\"https:\/\/www.iplay.com\/it\/games\/masterful-matches-2024s-top-3-match-3\/\" \/>\n<meta property=\"og:locale\" content=\"it_IT\" \/>\n<meta property=\"og:type\" content=\"article\" \/>\n<meta property=\"og:title\" content=\"Masterful Matches - 2024&#039;s Top 3 Match 3\" \/>\n<meta property=\"og:description\" content=\"Immergiti nelle avventure Match 3 con Masterful Matches, i 3 migliori match 3 del 2024!\" \/>\n<meta property=\"og:url\" content=\"https:\/\/www.iplay.com\/it\/games\/masterful-matches-2024s-top-3-match-3\/\" \/>\n<meta property=\"og:site_name\" content=\"IPlay\" \/>\n<meta property=\"article:modified_time\" content=\"2025-02-26T14:21:25+00:00\" \/>\n<meta property=\"og:image\" content=\"https:\/\/www.iplay.com\/wp-content\/uploads\/2024\/12\/400x400-masterful_matches_-_2024s_top_3_match_3_large_square_tile_image-300x300-1.webp\" \/>\n\t<meta property=\"og:image:width\" content=\"400\" \/>\n\t<meta property=\"og:image:height\" content=\"400\" \/>\n\t<meta property=\"og:image:type\" content=\"image\/webp\" \/>\n<meta name=\"twitter:card\" content=\"summary_large_image\" \/>\n<meta name=\"twitter:label1\" content=\"Est. reading time\" \/>\n\t<meta name=\"twitter:data1\" content=\"1 minuto\" \/>\n<script type=\"application\/ld+json\" class=\"yoast-schema-graph\">{\"@context\":\"https:\/\/schema.org\",\"@graph\":[{\"@type\":\"WebPage\",\"@id\":\"https:\/\/www.iplay.com\/it\/games\/masterful-matches-2024s-top-3-match-3\/\",\"url\":\"https:\/\/www.iplay.com\/it\/games\/masterful-matches-2024s-top-3-match-3\/\",\"name\":\"Immergiti nelle avventure Match 3 con Masterful Matches, i 3 migliori match 3 del 2024!\",\"isPartOf\":{\"@id\":\"https:\/\/www.iplay.com\/en\/#website\"},\"primaryImageOfPage\":{\"@id\":\"https:\/\/www.iplay.com\/it\/games\/masterful-matches-2024s-top-3-match-3\/#primaryimage\"},\"image\":{\"@id\":\"https:\/\/www.iplay.com\/it\/games\/masterful-matches-2024s-top-3-match-3\/#primaryimage\"},\"thumbnailUrl\":\"https:\/\/www.iplay.com\/wp-content\/uploads\/2024\/12\/400x400-masterful_matches_-_2024s_top_3_match_3_large_square_tile_image-300x300-1.webp\",\"datePublished\":\"2024-12-30T11:03:44+00:00\",\"dateModified\":\"2025-02-26T14:21:25+00:00\",\"description\":\"Immergiti nelle avventure Match 3 con Masterful Matches, i 3 migliori match 3 del 2024!\",\"breadcrumb\":{\"@id\":\"https:\/\/www.iplay.com\/it\/games\/masterful-matches-2024s-top-3-match-3\/#breadcrumb\"},\"inLanguage\":\"it-IT\",\"potentialAction\":[{\"@type\":\"ReadAction\",\"target\":[\"https:\/\/www.iplay.com\/it\/games\/masterful-matches-2024s-top-3-match-3\/\"]}]},{\"@type\":\"ImageObject\",\"inLanguage\":\"it-IT\",\"@id\":\"https:\/\/www.iplay.com\/it\/games\/masterful-matches-2024s-top-3-match-3\/#primaryimage\",\"url\":\"https:\/\/www.iplay.com\/wp-content\/uploads\/2024\/12\/400x400-masterful_matches_-_2024s_top_3_match_3_large_square_tile_image-300x300-1.webp\",\"contentUrl\":\"https:\/\/www.iplay.com\/wp-content\/uploads\/2024\/12\/400x400-masterful_matches_-_2024s_top_3_match_3_large_square_tile_image-300x300-1.webp\",\"width\":400,\"height\":400},{\"@type\":\"BreadcrumbList\",\"@id\":\"https:\/\/www.iplay.com\/it\/games\/masterful-matches-2024s-top-3-match-3\/#breadcrumb\",\"itemListElement\":[{\"@type\":\"ListItem\",\"position\":1,\"name\":\"Home\",\"item\":\"https:\/\/www.iplay.com\/it\/home-page-2\/\"},{\"@type\":\"ListItem\",\"position\":2,\"name\":\"Shop\",\"item\":\"https:\/\/www.iplay.com\/en\/shop\/\"},{\"@type\":\"ListItem\",\"position\":3,\"name\":\"Masterful Matches &#8211; 2024&#8217;s Top 3 Match 3\"}]},{\"@type\":\"WebSite\",\"@id\":\"https:\/\/www.iplay.com\/en\/#website\",\"url\":\"https:\/\/www.iplay.com\/en\/\",\"name\":\"IPlay\",\"description\":\"The Best Casual Games!\",\"publisher\":{\"@id\":\"https:\/\/www.iplay.com\/en\/#organization\"},\"potentialAction\":[{\"@type\":\"SearchAction\",\"target\":{\"@type\":\"EntryPoint\",\"urlTemplate\":\"https:\/\/www.iplay.com\/en\/?s={search_term_string}\"},\"query-input\":{\"@type\":\"PropertyValueSpecification\",\"valueRequired\":true,\"valueName\":\"search_term_string\"}}],\"inLanguage\":\"it-IT\"},{\"@type\":\"Organization\",\"@id\":\"https:\/\/www.iplay.com\/en\/#organization\",\"name\":\"IPlay\",\"url\":\"https:\/\/www.iplay.com\/en\/\",\"logo\":{\"@type\":\"ImageObject\",\"inLanguage\":\"it-IT\",\"@id\":\"https:\/\/www.iplay.com\/en\/#\/schema\/logo\/image\/\",\"url\":\"https:\/\/www.iplay.com\/wp-content\/uploads\/2023\/11\/Group-6100.svg\",\"contentUrl\":\"https:\/\/www.iplay.com\/wp-content\/uploads\/2023\/11\/Group-6100.svg\",\"width\":98,\"height\":25,\"caption\":\"IPlay\"},\"image\":{\"@id\":\"https:\/\/www.iplay.com\/en\/#\/schema\/logo\/image\/\"}}]}<\/script>\n<!-- \/ Yoast SEO Premium plugin. -->","yoast_head_json":{"title":"Immergiti nelle avventure Match 3 con Masterful Matches, i 3 migliori match 3 del 2024!","description":"Immergiti nelle avventure Match 3 con Masterful Matches, i 3 migliori match 3 del 2024!","robots":{"index":"index","follow":"follow","max-snippet":"max-snippet:-1","max-image-preview":"max-image-preview:large","max-video-preview":"max-video-preview:-1"},"canonical":"https:\/\/www.iplay.com\/it\/games\/masterful-matches-2024s-top-3-match-3\/","og_locale":"it_IT","og_type":"article","og_title":"Masterful Matches - 2024's Top 3 Match 3","og_description":"Immergiti nelle avventure Match 3 con Masterful Matches, i 3 migliori match 3 del 2024!","og_url":"https:\/\/www.iplay.com\/it\/games\/masterful-matches-2024s-top-3-match-3\/","og_site_name":"IPlay","article_modified_time":"2025-02-26T14:21:25+00:00","og_image":[{"width":400,"height":400,"url":"https:\/\/www.iplay.com\/wp-content\/uploads\/2024\/12\/400x400-masterful_matches_-_2024s_top_3_match_3_large_square_tile_image-300x300-1.webp","type":"image\/webp"}],"twitter_card":"summary_large_image","twitter_misc":{"Est. reading time":"1 minuto"},"schema":{"@context":"https:\/\/schema.org","@graph":[{"@type":"WebPage","@id":"https:\/\/www.iplay.com\/it\/games\/masterful-matches-2024s-top-3-match-3\/","url":"https:\/\/www.iplay.com\/it\/games\/masterful-matches-2024s-top-3-match-3\/","name":"Immergiti nelle avventure Match 3 con Masterful Matches, i 3 migliori match 3 del 2024!","isPartOf":{"@id":"https:\/\/www.iplay.com\/en\/#website"},"primaryImageOfPage":{"@id":"https:\/\/www.iplay.com\/it\/games\/masterful-matches-2024s-top-3-match-3\/#primaryimage"},"image":{"@id":"https:\/\/www.iplay.com\/it\/games\/masterful-matches-2024s-top-3-match-3\/#primaryimage"},"thumbnailUrl":"https:\/\/www.iplay.com\/wp-content\/uploads\/2024\/12\/400x400-masterful_matches_-_2024s_top_3_match_3_large_square_tile_image-300x300-1.webp","datePublished":"2024-12-30T11:03:44+00:00","dateModified":"2025-02-26T14:21:25+00:00","description":"Immergiti nelle avventure Match 3 con Masterful Matches, i 3 migliori match 3 del 2024!","breadcrumb":{"@id":"https:\/\/www.iplay.com\/it\/games\/masterful-matches-2024s-top-3-match-3\/#breadcrumb"},"inLanguage":"it-IT","potentialAction":[{"@type":"ReadAction","target":["https:\/\/www.iplay.com\/it\/games\/masterful-matches-2024s-top-3-match-3\/"]}]},{"@type":"ImageObject","inLanguage":"it-IT","@id":"https:\/\/www.iplay.com\/it\/games\/masterful-matches-2024s-top-3-match-3\/#primaryimage","url":"https:\/\/www.iplay.com\/wp-content\/uploads\/2024\/12\/400x400-masterful_matches_-_2024s_top_3_match_3_large_square_tile_image-300x300-1.webp","contentUrl":"https:\/\/www.iplay.com\/wp-content\/uploads\/2024\/12\/400x400-masterful_matches_-_2024s_top_3_match_3_large_square_tile_image-300x300-1.webp","width":400,"height":400},{"@type":"BreadcrumbList","@id":"https:\/\/www.iplay.com\/it\/games\/masterful-matches-2024s-top-3-match-3\/#breadcrumb","itemListElement":[{"@type":"ListItem","position":1,"name":"Home","item":"https:\/\/www.iplay.com\/it\/home-page-2\/"},{"@type":"ListItem","position":2,"name":"Shop","item":"https:\/\/www.iplay.com\/en\/shop\/"},{"@type":"ListItem","position":3,"name":"Masterful Matches &#8211; 2024&#8217;s Top 3 Match 3"}]},{"@type":"WebSite","@id":"https:\/\/www.iplay.com\/en\/#website","url":"https:\/\/www.iplay.com\/en\/","name":"IPlay","description":"The Best Casual Games!","publisher":{"@id":"https:\/\/www.iplay.com\/en\/#organization"},"potentialAction":[{"@type":"SearchAction","target":{"@type":"EntryPoint","urlTemplate":"https:\/\/www.iplay.com\/en\/?s={search_term_string}"},"query-input":{"@type":"PropertyValueSpecification","valueRequired":true,"valueName":"search_term_string"}}],"inLanguage":"it-IT"},{"@type":"Organization","@id":"https:\/\/www.iplay.com\/en\/#organization","name":"IPlay","url":"https:\/\/www.iplay.com\/en\/","logo":{"@type":"ImageObject","inLanguage":"it-IT","@id":"https:\/\/www.iplay.com\/en\/#\/schema\/logo\/image\/","url":"https:\/\/www.iplay.com\/wp-content\/uploads\/2023\/11\/Group-6100.svg","contentUrl":"https:\/\/www.iplay.com\/wp-content\/uploads\/2023\/11\/Group-6100.svg","width":98,"height":25,"caption":"IPlay"},"image":{"@id":"https:\/\/www.iplay.com\/en\/#\/schema\/logo\/image\/"}}]}},"_links":{"self":[{"href":"https:\/\/www.iplay.com\/it\/wp-json\/wp\/v2\/product\/33945","targetHints":{"allow":["GET"]}}],"collection":[{"href":"https:\/\/www.iplay.com\/it\/wp-json\/wp\/v2\/product"}],"about":[{"href":"https:\/\/www.iplay.com\/it\/wp-json\/wp\/v2\/types\/product"}],"author":[{"embeddable":true,"href":"https:\/\/www.iplay.com\/it\/wp-json\/wp\/v2\/users\/11"}],"replies":[{"embeddable":true,"href":"https:\/\/www.iplay.com\/it\/wp-json\/wp\/v2\/comments?post=33945"}],"wp:featuredmedia":[{"embeddable":true,"href":"https:\/\/www.iplay.com\/it\/wp-json\/wp\/v2\/media\/33946"}],"wp:attachment":[{"href":"https:\/\/www.iplay.com\/it\/wp-json\/wp\/v2\/media?parent=33945"}],"wp:term":[{"taxonomy":"product_brand","embeddable":true,"href":"https:\/\/www.iplay.com\/it\/wp-json\/wp\/v2\/product_brand?post=33945"},{"taxonomy":"product_cat","embeddable":true,"href":"https:\/\/www.iplay.com\/it\/wp-json\/wp\/v2\/product_cat?post=33945"},{"taxonomy":"product_tag","embeddable":true,"href":"https:\/\/www.iplay.com\/it\/wp-json\/wp\/v2\/product_tag?post=33945"}],"curies":[{"name":"wp","href":"https:\/\/api.w.org\/{rel}","templated":true}]}}