{"id":33934,"date":"2022-09-08T00:00:00","date_gmt":"2022-09-08T00:00:00","guid":{"rendered":"https:\/\/www.iplay.com\/games\/clutter-ix\/"},"modified":"2025-02-26T14:21:37","modified_gmt":"2025-02-26T14:21:37","slug":"clutter-ix","status":"publish","type":"product","link":"https:\/\/www.iplay.com\/it\/games\/clutter-ix\/","title":{"rendered":"Clutter IX"},"content":{"rendered":"<p>Clutter IX contiene ben 1.100 puzzle. Inoltre, ottieni le iterazioni pi\u00f9 recenti di Clutter insieme ad alcuni dei tuoi vecchi preferiti mescolati per livelli di giochi di oggetti nascosti che non dimenticherai presto. Inoltre, il gioco presenta cursori, puzzle quadrati e citazioni a scatola. E tieni d&#8217;occhio le ultime varianti di IXtreme (Extreme). Mai prima d&#8217;ora Clutter \u00e8 stato cos\u00ec frenetico e ricco di suspense. Puoi giocare alla versione Clutter che ami di pi\u00f9 solo se scopri una particolare modalit\u00e0 di gioco che preferisci alle altre. Crea i tuoi puzzle preferiti e torna a leggerli in qualsiasi momento. Clutter IXtreme offre pi\u00f9 di 1.100 puzzle.       <\/p>\n<p>&nbsp;<\/p>\n<p><strong>Tratti somatici:<\/strong><\/p>\n<ul>\n<li>Nuovi tipi di gioco mai sperimentati prima<\/li>\n<li>Pi\u00f9 di un centinaio di puzzle di immagini e citazioni a scatola<\/li>\n<li>Ripeti i round RNG<\/li>\n<\/ul>\n<p>&nbsp;<\/p>\n<p>Se ti \u00e8 piaciuto questo gioco Clutter, perch\u00e9 non dai un&#8217;occhiata a tutti gli altri giochi della serie Clutter <a href=\"\/it?product_tag=clutter-series\">QUI<\/a><\/p>\n","protected":false},"excerpt":{"rendered":"<p>Clutter IX: Disordine estremo! \u00c8 questo il pi\u00f9 grande Clutter di sempre? Ci sono 1100 enigmi da risolvere.  <\/p>\n","protected":false},"author":41,"featured_media":33935,"comment_status":"open","ping_status":"closed","template":"","meta":{"_acf_changed":false,"inline_featured_image":false},"product_brand":[],"product_cat":[161,191],"product_tag":[290],"class_list":{"0":"post-33934","1":"product","2":"type-product","3":"status-publish","4":"has-post-thumbnail","6":"product_cat-clutter-series-it","7":"product_cat-puzzle-it","8":"product_tag-play-on-pc-it","10":"first","11":"instock","12":"shipping-taxable","13":"purchasable","14":"product-type-simple"},"acf":[],"yoast_head":"<!-- This site is optimized with the Yoast SEO Premium plugin v25.2 (Yoast SEO v25.2) - https:\/\/yoast.com\/wordpress\/plugins\/seo\/ -->\n<title>Clutter IX - Clutter IXtreme! Porta 1100 puzzle per il tuo intrattenimento<\/title>\n<meta name=\"description\" content=\"Clutter IX: Disordine estremo! \u00c8 questo il pi\u00f9 grande Clutter di sempre? Ci sono 1100 enigmi da risolvere.\" \/>\n<meta name=\"robots\" content=\"index, follow, max-snippet:-1, max-image-preview:large, max-video-preview:-1\" \/>\n<link rel=\"canonical\" href=\"https:\/\/www.iplay.com\/it\/games\/clutter-ix\/\" \/>\n<meta property=\"og:locale\" content=\"it_IT\" \/>\n<meta property=\"og:type\" content=\"article\" \/>\n<meta property=\"og:title\" content=\"Clutter IX\" \/>\n<meta property=\"og:description\" content=\"Clutter IX: Disordine estremo! \u00c8 questo il pi\u00f9 grande Clutter di sempre? Ci sono 1100 enigmi da risolvere.\" \/>\n<meta property=\"og:url\" content=\"https:\/\/www.iplay.com\/it\/games\/clutter-ix\/\" \/>\n<meta property=\"og:site_name\" content=\"IPlay\" \/>\n<meta property=\"article:modified_time\" content=\"2025-02-26T14:21:37+00:00\" \/>\n<meta property=\"og:image\" content=\"https:\/\/www.iplay.com\/wp-content\/uploads\/2023\/12\/large_square_tile_image-3266.jpg\" \/>\n\t<meta property=\"og:image:width\" content=\"310\" \/>\n\t<meta property=\"og:image:height\" content=\"310\" \/>\n\t<meta property=\"og:image:type\" content=\"image\/jpeg\" \/>\n<meta name=\"twitter:card\" content=\"summary_large_image\" \/>\n<meta name=\"twitter:label1\" content=\"Est. reading time\" \/>\n\t<meta name=\"twitter:data1\" content=\"1 minuto\" \/>\n<script type=\"application\/ld+json\" class=\"yoast-schema-graph\">{\"@context\":\"https:\/\/schema.org\",\"@graph\":[{\"@type\":\"WebPage\",\"@id\":\"https:\/\/www.iplay.com\/it\/games\/clutter-ix\/\",\"url\":\"https:\/\/www.iplay.com\/it\/games\/clutter-ix\/\",\"name\":\"Clutter IX - Clutter IXtreme! Porta 1100 puzzle per il tuo intrattenimento\",\"isPartOf\":{\"@id\":\"https:\/\/www.iplay.com\/en\/#website\"},\"primaryImageOfPage\":{\"@id\":\"https:\/\/www.iplay.com\/it\/games\/clutter-ix\/#primaryimage\"},\"image\":{\"@id\":\"https:\/\/www.iplay.com\/it\/games\/clutter-ix\/#primaryimage\"},\"thumbnailUrl\":\"https:\/\/www.iplay.com\/wp-content\/uploads\/2023\/12\/large_square_tile_image-3266.jpg\",\"datePublished\":\"2022-09-08T00:00:00+00:00\",\"dateModified\":\"2025-02-26T14:21:37+00:00\",\"description\":\"Clutter IX: Disordine estremo! \u00c8 questo il pi\u00f9 grande Clutter di sempre? Ci sono 1100 enigmi da risolvere.\",\"breadcrumb\":{\"@id\":\"https:\/\/www.iplay.com\/it\/games\/clutter-ix\/#breadcrumb\"},\"inLanguage\":\"it-IT\",\"potentialAction\":[{\"@type\":\"ReadAction\",\"target\":[\"https:\/\/www.iplay.com\/it\/games\/clutter-ix\/\"]}]},{\"@type\":\"ImageObject\",\"inLanguage\":\"it-IT\",\"@id\":\"https:\/\/www.iplay.com\/it\/games\/clutter-ix\/#primaryimage\",\"url\":\"https:\/\/www.iplay.com\/wp-content\/uploads\/2023\/12\/large_square_tile_image-3266.jpg\",\"contentUrl\":\"https:\/\/www.iplay.com\/wp-content\/uploads\/2023\/12\/large_square_tile_image-3266.jpg\",\"width\":310,\"height\":310},{\"@type\":\"BreadcrumbList\",\"@id\":\"https:\/\/www.iplay.com\/it\/games\/clutter-ix\/#breadcrumb\",\"itemListElement\":[{\"@type\":\"ListItem\",\"position\":1,\"name\":\"Home\",\"item\":\"https:\/\/www.iplay.com\/it\/home-page-2\/\"},{\"@type\":\"ListItem\",\"position\":2,\"name\":\"Shop\",\"item\":\"https:\/\/www.iplay.com\/en\/shop\/\"},{\"@type\":\"ListItem\",\"position\":3,\"name\":\"Clutter IX\"}]},{\"@type\":\"WebSite\",\"@id\":\"https:\/\/www.iplay.com\/en\/#website\",\"url\":\"https:\/\/www.iplay.com\/en\/\",\"name\":\"IPlay\",\"description\":\"The Best Casual Games!\",\"publisher\":{\"@id\":\"https:\/\/www.iplay.com\/en\/#organization\"},\"potentialAction\":[{\"@type\":\"SearchAction\",\"target\":{\"@type\":\"EntryPoint\",\"urlTemplate\":\"https:\/\/www.iplay.com\/en\/?s={search_term_string}\"},\"query-input\":{\"@type\":\"PropertyValueSpecification\",\"valueRequired\":true,\"valueName\":\"search_term_string\"}}],\"inLanguage\":\"it-IT\"},{\"@type\":\"Organization\",\"@id\":\"https:\/\/www.iplay.com\/en\/#organization\",\"name\":\"IPlay\",\"url\":\"https:\/\/www.iplay.com\/en\/\",\"logo\":{\"@type\":\"ImageObject\",\"inLanguage\":\"it-IT\",\"@id\":\"https:\/\/www.iplay.com\/en\/#\/schema\/logo\/image\/\",\"url\":\"https:\/\/www.iplay.com\/wp-content\/uploads\/2023\/11\/Group-6100.svg\",\"contentUrl\":\"https:\/\/www.iplay.com\/wp-content\/uploads\/2023\/11\/Group-6100.svg\",\"width\":98,\"height\":25,\"caption\":\"IPlay\"},\"image\":{\"@id\":\"https:\/\/www.iplay.com\/en\/#\/schema\/logo\/image\/\"}}]}<\/script>\n<!-- \/ Yoast SEO Premium plugin. -->","yoast_head_json":{"title":"Clutter IX - Clutter IXtreme! Porta 1100 puzzle per il tuo intrattenimento","description":"Clutter IX: Disordine estremo! \u00c8 questo il pi\u00f9 grande Clutter di sempre? Ci sono 1100 enigmi da risolvere.","robots":{"index":"index","follow":"follow","max-snippet":"max-snippet:-1","max-image-preview":"max-image-preview:large","max-video-preview":"max-video-preview:-1"},"canonical":"https:\/\/www.iplay.com\/it\/games\/clutter-ix\/","og_locale":"it_IT","og_type":"article","og_title":"Clutter IX","og_description":"Clutter IX: Disordine estremo! \u00c8 questo il pi\u00f9 grande Clutter di sempre? Ci sono 1100 enigmi da risolvere.","og_url":"https:\/\/www.iplay.com\/it\/games\/clutter-ix\/","og_site_name":"IPlay","article_modified_time":"2025-02-26T14:21:37+00:00","og_image":[{"width":310,"height":310,"url":"https:\/\/www.iplay.com\/wp-content\/uploads\/2023\/12\/large_square_tile_image-3266.jpg","type":"image\/jpeg"}],"twitter_card":"summary_large_image","twitter_misc":{"Est. reading time":"1 minuto"},"schema":{"@context":"https:\/\/schema.org","@graph":[{"@type":"WebPage","@id":"https:\/\/www.iplay.com\/it\/games\/clutter-ix\/","url":"https:\/\/www.iplay.com\/it\/games\/clutter-ix\/","name":"Clutter IX - Clutter IXtreme! Porta 1100 puzzle per il tuo intrattenimento","isPartOf":{"@id":"https:\/\/www.iplay.com\/en\/#website"},"primaryImageOfPage":{"@id":"https:\/\/www.iplay.com\/it\/games\/clutter-ix\/#primaryimage"},"image":{"@id":"https:\/\/www.iplay.com\/it\/games\/clutter-ix\/#primaryimage"},"thumbnailUrl":"https:\/\/www.iplay.com\/wp-content\/uploads\/2023\/12\/large_square_tile_image-3266.jpg","datePublished":"2022-09-08T00:00:00+00:00","dateModified":"2025-02-26T14:21:37+00:00","description":"Clutter IX: Disordine estremo! \u00c8 questo il pi\u00f9 grande Clutter di sempre? Ci sono 1100 enigmi da risolvere.","breadcrumb":{"@id":"https:\/\/www.iplay.com\/it\/games\/clutter-ix\/#breadcrumb"},"inLanguage":"it-IT","potentialAction":[{"@type":"ReadAction","target":["https:\/\/www.iplay.com\/it\/games\/clutter-ix\/"]}]},{"@type":"ImageObject","inLanguage":"it-IT","@id":"https:\/\/www.iplay.com\/it\/games\/clutter-ix\/#primaryimage","url":"https:\/\/www.iplay.com\/wp-content\/uploads\/2023\/12\/large_square_tile_image-3266.jpg","contentUrl":"https:\/\/www.iplay.com\/wp-content\/uploads\/2023\/12\/large_square_tile_image-3266.jpg","width":310,"height":310},{"@type":"BreadcrumbList","@id":"https:\/\/www.iplay.com\/it\/games\/clutter-ix\/#breadcrumb","itemListElement":[{"@type":"ListItem","position":1,"name":"Home","item":"https:\/\/www.iplay.com\/it\/home-page-2\/"},{"@type":"ListItem","position":2,"name":"Shop","item":"https:\/\/www.iplay.com\/en\/shop\/"},{"@type":"ListItem","position":3,"name":"Clutter IX"}]},{"@type":"WebSite","@id":"https:\/\/www.iplay.com\/en\/#website","url":"https:\/\/www.iplay.com\/en\/","name":"IPlay","description":"The Best Casual Games!","publisher":{"@id":"https:\/\/www.iplay.com\/en\/#organization"},"potentialAction":[{"@type":"SearchAction","target":{"@type":"EntryPoint","urlTemplate":"https:\/\/www.iplay.com\/en\/?s={search_term_string}"},"query-input":{"@type":"PropertyValueSpecification","valueRequired":true,"valueName":"search_term_string"}}],"inLanguage":"it-IT"},{"@type":"Organization","@id":"https:\/\/www.iplay.com\/en\/#organization","name":"IPlay","url":"https:\/\/www.iplay.com\/en\/","logo":{"@type":"ImageObject","inLanguage":"it-IT","@id":"https:\/\/www.iplay.com\/en\/#\/schema\/logo\/image\/","url":"https:\/\/www.iplay.com\/wp-content\/uploads\/2023\/11\/Group-6100.svg","contentUrl":"https:\/\/www.iplay.com\/wp-content\/uploads\/2023\/11\/Group-6100.svg","width":98,"height":25,"caption":"IPlay"},"image":{"@id":"https:\/\/www.iplay.com\/en\/#\/schema\/logo\/image\/"}}]}},"_links":{"self":[{"href":"https:\/\/www.iplay.com\/it\/wp-json\/wp\/v2\/product\/33934","targetHints":{"allow":["GET"]}}],"collection":[{"href":"https:\/\/www.iplay.com\/it\/wp-json\/wp\/v2\/product"}],"about":[{"href":"https:\/\/www.iplay.com\/it\/wp-json\/wp\/v2\/types\/product"}],"author":[{"embeddable":true,"href":"https:\/\/www.iplay.com\/it\/wp-json\/wp\/v2\/users\/41"}],"replies":[{"embeddable":true,"href":"https:\/\/www.iplay.com\/it\/wp-json\/wp\/v2\/comments?post=33934"}],"wp:featuredmedia":[{"embeddable":true,"href":"https:\/\/www.iplay.com\/it\/wp-json\/wp\/v2\/media\/33935"}],"wp:attachment":[{"href":"https:\/\/www.iplay.com\/it\/wp-json\/wp\/v2\/media?parent=33934"}],"wp:term":[{"taxonomy":"product_brand","embeddable":true,"href":"https:\/\/www.iplay.com\/it\/wp-json\/wp\/v2\/product_brand?post=33934"},{"taxonomy":"product_cat","embeddable":true,"href":"https:\/\/www.iplay.com\/it\/wp-json\/wp\/v2\/product_cat?post=33934"},{"taxonomy":"product_tag","embeddable":true,"href":"https:\/\/www.iplay.com\/it\/wp-json\/wp\/v2\/product_tag?post=33934"}],"curies":[{"name":"wp","href":"https:\/\/api.w.org\/{rel}","templated":true}]}}