{"id":33898,"date":"2024-08-23T14:14:53","date_gmt":"2024-08-23T14:14:53","guid":{"rendered":"https:\/\/www.iplay.com\/games\/starl5\/"},"modified":"2025-02-26T14:21:29","modified_gmt":"2025-02-26T14:21:29","slug":"starl5","status":"publish","type":"product","link":"https:\/\/www.iplay.com\/it\/games\/starl5\/","title":{"rendered":"StarL5"},"content":{"rendered":"<p>\u00c8 stato creato un mondo di gioco vibrante ed espansivo, che offre numerosi livelli di difficolt\u00e0 variabile, garantendo un&#8217;esperienza fresca ed emozionante in ogni fase. L&#8217;obiettivo \u00e8 semplice: le tessere devono essere distrutte. Questo pu\u00f2 essere ottenuto scambiando gemme adiacenti per creare righe o linee di tre gemme corrispondenti. Abbinando pi\u00f9 di tre gemme, si sbloccano bonus e ricompense aggiuntivi, aggiungendo livelli di strategia e divertimento.   <\/p>\n<p>&nbsp;<\/p>\n<p><strong>Caratteristiche principali<\/strong><\/p>\n<ul>\n<li>130 livelli impegnativi: sono stati progettati un totale di 130 livelli, ognuno dei quali presenta sfide uniche che manterranno i giocatori impegnati e divertiti.<\/li>\n<li>Gameplay accattivante: il gameplay non \u00e8 solo coinvolgente ma anche visivamente accattivante, con animazioni fluide che migliorano l&#8217;esperienza complessiva.<\/li>\n<li>Tempo di gioco esteso: con 10-12 ore di gioco, questo gioco offre un viaggio sostanziale, offrendo ampie opportunit\u00e0 per esplorare e godere dei suoi vari elementi.<\/li>\n<\/ul>\n<p>Questo gioco \u00e8 stato progettato con cura per soddisfare sia i giocatori occasionali in cerca di una fuga rapida sia i giocatori dedicati che cercano un&#8217;esperienza coinvolgente. La meccanica semplice combinata con la profondit\u00e0 strategica assicura che tutti, indipendentemente dalla loro esperienza di gioco, troveranno qualcosa con cui divertirsi. Che tu stia cercando una breve distrazione o un&#8217;avventura prolungata, questo gioco offre un delizioso equilibrio tra sfida e relax.<\/p>\n","protected":false},"excerpt":{"rendered":"<p><strong>StarL5<\/strong> &#8211; Fatti strada attraverso pi\u00f9 livelli per avere successo!<\/p>\n","protected":false},"author":36,"featured_media":33899,"comment_status":"open","ping_status":"closed","template":"","meta":{"_acf_changed":false,"inline_featured_image":false},"product_brand":[],"product_cat":[175],"product_tag":[290],"class_list":{"0":"post-33898","1":"product","2":"type-product","3":"status-publish","4":"has-post-thumbnail","6":"product_cat-match-3-it","7":"product_tag-play-on-pc-it","9":"first","10":"instock","11":"shipping-taxable","12":"purchasable","13":"product-type-simple"},"acf":[],"yoast_head":"<!-- This site is optimized with the Yoast SEO Premium plugin v25.2 (Yoast SEO v25.2) - https:\/\/yoast.com\/wordpress\/plugins\/seo\/ -->\n<title>StarL5 - Fatti strada attraverso pi\u00f9 livelli per avere successo!<\/title>\n<meta name=\"description\" content=\"StarL5 - Fatti strada attraverso pi\u00f9 livelli per avere successo!\" \/>\n<meta name=\"robots\" content=\"index, follow, max-snippet:-1, max-image-preview:large, max-video-preview:-1\" \/>\n<link rel=\"canonical\" href=\"https:\/\/www.iplay.com\/it\/games\/starl5\/\" \/>\n<meta property=\"og:locale\" content=\"it_IT\" \/>\n<meta property=\"og:type\" content=\"article\" \/>\n<meta property=\"og:title\" content=\"StarL5\" \/>\n<meta property=\"og:description\" content=\"StarL5 - Fatti strada attraverso pi\u00f9 livelli per avere successo!\" \/>\n<meta property=\"og:url\" content=\"https:\/\/www.iplay.com\/it\/games\/starl5\/\" \/>\n<meta property=\"og:site_name\" content=\"IPlay\" \/>\n<meta property=\"article:modified_time\" content=\"2025-02-26T14:21:29+00:00\" \/>\n<meta property=\"og:image\" content=\"https:\/\/www.iplay.com\/wp-content\/uploads\/2024\/09\/400x400-starl5_large_square_tile_image.webp\" \/>\n\t<meta property=\"og:image:width\" content=\"400\" \/>\n\t<meta property=\"og:image:height\" content=\"400\" \/>\n\t<meta property=\"og:image:type\" content=\"image\/webp\" \/>\n<meta name=\"twitter:card\" content=\"summary_large_image\" \/>\n<meta name=\"twitter:label1\" content=\"Est. reading time\" \/>\n\t<meta name=\"twitter:data1\" content=\"1 minuto\" \/>\n<script type=\"application\/ld+json\" class=\"yoast-schema-graph\">{\"@context\":\"https:\/\/schema.org\",\"@graph\":[{\"@type\":\"WebPage\",\"@id\":\"https:\/\/www.iplay.com\/it\/games\/starl5\/\",\"url\":\"https:\/\/www.iplay.com\/it\/games\/starl5\/\",\"name\":\"StarL5 - Fatti strada attraverso pi\u00f9 livelli per avere successo!\",\"isPartOf\":{\"@id\":\"https:\/\/www.iplay.com\/en\/#website\"},\"primaryImageOfPage\":{\"@id\":\"https:\/\/www.iplay.com\/it\/games\/starl5\/#primaryimage\"},\"image\":{\"@id\":\"https:\/\/www.iplay.com\/it\/games\/starl5\/#primaryimage\"},\"thumbnailUrl\":\"https:\/\/www.iplay.com\/wp-content\/uploads\/2024\/09\/400x400-starl5_large_square_tile_image.webp\",\"datePublished\":\"2024-08-23T14:14:53+00:00\",\"dateModified\":\"2025-02-26T14:21:29+00:00\",\"description\":\"StarL5 - Fatti strada attraverso pi\u00f9 livelli per avere successo!\",\"breadcrumb\":{\"@id\":\"https:\/\/www.iplay.com\/it\/games\/starl5\/#breadcrumb\"},\"inLanguage\":\"it-IT\",\"potentialAction\":[{\"@type\":\"ReadAction\",\"target\":[\"https:\/\/www.iplay.com\/it\/games\/starl5\/\"]}]},{\"@type\":\"ImageObject\",\"inLanguage\":\"it-IT\",\"@id\":\"https:\/\/www.iplay.com\/it\/games\/starl5\/#primaryimage\",\"url\":\"https:\/\/www.iplay.com\/wp-content\/uploads\/2024\/09\/400x400-starl5_large_square_tile_image.webp\",\"contentUrl\":\"https:\/\/www.iplay.com\/wp-content\/uploads\/2024\/09\/400x400-starl5_large_square_tile_image.webp\",\"width\":400,\"height\":400},{\"@type\":\"BreadcrumbList\",\"@id\":\"https:\/\/www.iplay.com\/it\/games\/starl5\/#breadcrumb\",\"itemListElement\":[{\"@type\":\"ListItem\",\"position\":1,\"name\":\"Home\",\"item\":\"https:\/\/www.iplay.com\/it\/home-page-2\/\"},{\"@type\":\"ListItem\",\"position\":2,\"name\":\"Shop\",\"item\":\"https:\/\/www.iplay.com\/en\/shop\/\"},{\"@type\":\"ListItem\",\"position\":3,\"name\":\"StarL5\"}]},{\"@type\":\"WebSite\",\"@id\":\"https:\/\/www.iplay.com\/en\/#website\",\"url\":\"https:\/\/www.iplay.com\/en\/\",\"name\":\"IPlay\",\"description\":\"The Best Casual Games!\",\"publisher\":{\"@id\":\"https:\/\/www.iplay.com\/en\/#organization\"},\"potentialAction\":[{\"@type\":\"SearchAction\",\"target\":{\"@type\":\"EntryPoint\",\"urlTemplate\":\"https:\/\/www.iplay.com\/en\/?s={search_term_string}\"},\"query-input\":{\"@type\":\"PropertyValueSpecification\",\"valueRequired\":true,\"valueName\":\"search_term_string\"}}],\"inLanguage\":\"it-IT\"},{\"@type\":\"Organization\",\"@id\":\"https:\/\/www.iplay.com\/en\/#organization\",\"name\":\"IPlay\",\"url\":\"https:\/\/www.iplay.com\/en\/\",\"logo\":{\"@type\":\"ImageObject\",\"inLanguage\":\"it-IT\",\"@id\":\"https:\/\/www.iplay.com\/en\/#\/schema\/logo\/image\/\",\"url\":\"https:\/\/www.iplay.com\/wp-content\/uploads\/2023\/11\/Group-6100.svg\",\"contentUrl\":\"https:\/\/www.iplay.com\/wp-content\/uploads\/2023\/11\/Group-6100.svg\",\"width\":98,\"height\":25,\"caption\":\"IPlay\"},\"image\":{\"@id\":\"https:\/\/www.iplay.com\/en\/#\/schema\/logo\/image\/\"}}]}<\/script>\n<!-- \/ Yoast SEO Premium plugin. -->","yoast_head_json":{"title":"StarL5 - Fatti strada attraverso pi\u00f9 livelli per avere successo!","description":"StarL5 - Fatti strada attraverso pi\u00f9 livelli per avere successo!","robots":{"index":"index","follow":"follow","max-snippet":"max-snippet:-1","max-image-preview":"max-image-preview:large","max-video-preview":"max-video-preview:-1"},"canonical":"https:\/\/www.iplay.com\/it\/games\/starl5\/","og_locale":"it_IT","og_type":"article","og_title":"StarL5","og_description":"StarL5 - Fatti strada attraverso pi\u00f9 livelli per avere successo!","og_url":"https:\/\/www.iplay.com\/it\/games\/starl5\/","og_site_name":"IPlay","article_modified_time":"2025-02-26T14:21:29+00:00","og_image":[{"width":400,"height":400,"url":"https:\/\/www.iplay.com\/wp-content\/uploads\/2024\/09\/400x400-starl5_large_square_tile_image.webp","type":"image\/webp"}],"twitter_card":"summary_large_image","twitter_misc":{"Est. reading time":"1 minuto"},"schema":{"@context":"https:\/\/schema.org","@graph":[{"@type":"WebPage","@id":"https:\/\/www.iplay.com\/it\/games\/starl5\/","url":"https:\/\/www.iplay.com\/it\/games\/starl5\/","name":"StarL5 - Fatti strada attraverso pi\u00f9 livelli per avere successo!","isPartOf":{"@id":"https:\/\/www.iplay.com\/en\/#website"},"primaryImageOfPage":{"@id":"https:\/\/www.iplay.com\/it\/games\/starl5\/#primaryimage"},"image":{"@id":"https:\/\/www.iplay.com\/it\/games\/starl5\/#primaryimage"},"thumbnailUrl":"https:\/\/www.iplay.com\/wp-content\/uploads\/2024\/09\/400x400-starl5_large_square_tile_image.webp","datePublished":"2024-08-23T14:14:53+00:00","dateModified":"2025-02-26T14:21:29+00:00","description":"StarL5 - Fatti strada attraverso pi\u00f9 livelli per avere successo!","breadcrumb":{"@id":"https:\/\/www.iplay.com\/it\/games\/starl5\/#breadcrumb"},"inLanguage":"it-IT","potentialAction":[{"@type":"ReadAction","target":["https:\/\/www.iplay.com\/it\/games\/starl5\/"]}]},{"@type":"ImageObject","inLanguage":"it-IT","@id":"https:\/\/www.iplay.com\/it\/games\/starl5\/#primaryimage","url":"https:\/\/www.iplay.com\/wp-content\/uploads\/2024\/09\/400x400-starl5_large_square_tile_image.webp","contentUrl":"https:\/\/www.iplay.com\/wp-content\/uploads\/2024\/09\/400x400-starl5_large_square_tile_image.webp","width":400,"height":400},{"@type":"BreadcrumbList","@id":"https:\/\/www.iplay.com\/it\/games\/starl5\/#breadcrumb","itemListElement":[{"@type":"ListItem","position":1,"name":"Home","item":"https:\/\/www.iplay.com\/it\/home-page-2\/"},{"@type":"ListItem","position":2,"name":"Shop","item":"https:\/\/www.iplay.com\/en\/shop\/"},{"@type":"ListItem","position":3,"name":"StarL5"}]},{"@type":"WebSite","@id":"https:\/\/www.iplay.com\/en\/#website","url":"https:\/\/www.iplay.com\/en\/","name":"IPlay","description":"The Best Casual Games!","publisher":{"@id":"https:\/\/www.iplay.com\/en\/#organization"},"potentialAction":[{"@type":"SearchAction","target":{"@type":"EntryPoint","urlTemplate":"https:\/\/www.iplay.com\/en\/?s={search_term_string}"},"query-input":{"@type":"PropertyValueSpecification","valueRequired":true,"valueName":"search_term_string"}}],"inLanguage":"it-IT"},{"@type":"Organization","@id":"https:\/\/www.iplay.com\/en\/#organization","name":"IPlay","url":"https:\/\/www.iplay.com\/en\/","logo":{"@type":"ImageObject","inLanguage":"it-IT","@id":"https:\/\/www.iplay.com\/en\/#\/schema\/logo\/image\/","url":"https:\/\/www.iplay.com\/wp-content\/uploads\/2023\/11\/Group-6100.svg","contentUrl":"https:\/\/www.iplay.com\/wp-content\/uploads\/2023\/11\/Group-6100.svg","width":98,"height":25,"caption":"IPlay"},"image":{"@id":"https:\/\/www.iplay.com\/en\/#\/schema\/logo\/image\/"}}]}},"_links":{"self":[{"href":"https:\/\/www.iplay.com\/it\/wp-json\/wp\/v2\/product\/33898","targetHints":{"allow":["GET"]}}],"collection":[{"href":"https:\/\/www.iplay.com\/it\/wp-json\/wp\/v2\/product"}],"about":[{"href":"https:\/\/www.iplay.com\/it\/wp-json\/wp\/v2\/types\/product"}],"author":[{"embeddable":true,"href":"https:\/\/www.iplay.com\/it\/wp-json\/wp\/v2\/users\/36"}],"replies":[{"embeddable":true,"href":"https:\/\/www.iplay.com\/it\/wp-json\/wp\/v2\/comments?post=33898"}],"wp:featuredmedia":[{"embeddable":true,"href":"https:\/\/www.iplay.com\/it\/wp-json\/wp\/v2\/media\/33899"}],"wp:attachment":[{"href":"https:\/\/www.iplay.com\/it\/wp-json\/wp\/v2\/media?parent=33898"}],"wp:term":[{"taxonomy":"product_brand","embeddable":true,"href":"https:\/\/www.iplay.com\/it\/wp-json\/wp\/v2\/product_brand?post=33898"},{"taxonomy":"product_cat","embeddable":true,"href":"https:\/\/www.iplay.com\/it\/wp-json\/wp\/v2\/product_cat?post=33898"},{"taxonomy":"product_tag","embeddable":true,"href":"https:\/\/www.iplay.com\/it\/wp-json\/wp\/v2\/product_tag?post=33898"}],"curies":[{"name":"wp","href":"https:\/\/api.w.org\/{rel}","templated":true}]}}