{"id":33733,"date":"2025-02-07T09:40:58","date_gmt":"2025-02-07T09:40:58","guid":{"rendered":"https:\/\/www.iplay.com\/games\/clearit-17\/"},"modified":"2025-02-26T14:21:06","modified_gmt":"2025-02-26T14:21:06","slug":"clearit-17","status":"publish","type":"product","link":"https:\/\/www.iplay.com\/it\/games\/clearit-17\/","title":{"rendered":"ClearIt 17"},"content":{"rendered":"<p>Un&#8217;accattivante avventura rompicapo viene presentata in ClearIt 17, in cui devono essere completati 310 livelli impegnativi. Un&#8217;intricata formazione di palline colorate viene visualizzata al centro del gioco, mentre altre palline sono posizionate lungo i bordi, pronte per essere lanciate da tutte le direzioni.<\/p>\n<p>Per giocare, \u00e8 necessario selezionare e cliccare su una pallina della fila pi\u00f9 vicina. Viagger\u00e0 quindi in linea retta fino a quando non si scontrer\u00e0 con un&#8217;altra palla o con il bordo del campo. Quando i colori corrispondenti si allineano, vengono cancellati dal tabellone. L&#8217;obiettivo \u00e8 eliminare strategicamente tutte le palle per progredire attraverso livelli sempre pi\u00f9 complessi.<\/p>\n<p>Con un tempo di gioco illimitato e cinque modalit\u00e0 di gioco uniche, sono garantiti un coinvolgimento continuo e nuove sfide.<\/p>\n<p>&nbsp;<\/p>\n<p><strong>Tratti somatici<\/strong><\/p>\n<ul>\n<li>310+ livelli impegnativi \u2013 Ogni fase aumenta di difficolt\u00e0, mettendo alla prova il pensiero strategico.<\/li>\n<li>Gameplay vibrante e dinamico \u2013 Animazioni fluide e immagini colorate migliorano l&#8217;esperienza.<\/li>\n<li>10+ ore di divertimento \u2013 Il tempo di gioco prolungato garantisce un intrattenimento duraturo.<\/li>\n<\/ul>\n","protected":false},"excerpt":{"rendered":"<p>Elimina le palline colorate attraverso livelli impegnativi in <strong>ClearIt 17<\/strong><\/p>\n","protected":false},"author":36,"featured_media":33734,"comment_status":"open","ping_status":"closed","template":"","meta":{"_acf_changed":false,"inline_featured_image":false},"product_brand":[],"product_cat":[175,191],"product_tag":[290],"class_list":{"0":"post-33733","1":"product","2":"type-product","3":"status-publish","4":"has-post-thumbnail","6":"product_cat-match-3-it","7":"product_cat-puzzle-it","8":"product_tag-play-on-pc-it","10":"first","11":"instock","12":"shipping-taxable","13":"purchasable","14":"product-type-simple"},"acf":[],"yoast_head":"<!-- This site is optimized with the Yoast SEO Premium plugin v25.2 (Yoast SEO v25.2) - https:\/\/yoast.com\/wordpress\/plugins\/seo\/ -->\n<title>Elimina le palline colorate attraverso livelli impegnativi in ClearIt 17!<\/title>\n<meta name=\"description\" content=\"Elimina le palline colorate attraverso livelli impegnativi in ClearIt 17\" \/>\n<meta name=\"robots\" content=\"index, follow, max-snippet:-1, max-image-preview:large, max-video-preview:-1\" \/>\n<link rel=\"canonical\" href=\"https:\/\/www.iplay.com\/it\/games\/clearit-17\/\" \/>\n<meta property=\"og:locale\" content=\"it_IT\" \/>\n<meta property=\"og:type\" content=\"article\" \/>\n<meta property=\"og:title\" content=\"ClearIt 17\" \/>\n<meta property=\"og:description\" content=\"Elimina le palline colorate attraverso livelli impegnativi in ClearIt 17\" \/>\n<meta property=\"og:url\" content=\"https:\/\/www.iplay.com\/it\/games\/clearit-17\/\" \/>\n<meta property=\"og:site_name\" content=\"IPlay\" \/>\n<meta property=\"article:modified_time\" content=\"2025-02-26T14:21:06+00:00\" \/>\n<meta property=\"og:image\" content=\"https:\/\/www.iplay.com\/wp-content\/uploads\/2025\/02\/clearit_17_large_square_tile_image.webp\" \/>\n\t<meta property=\"og:image:width\" content=\"400\" \/>\n\t<meta property=\"og:image:height\" content=\"400\" \/>\n\t<meta property=\"og:image:type\" content=\"image\/webp\" \/>\n<meta name=\"twitter:card\" content=\"summary_large_image\" \/>\n<meta name=\"twitter:label1\" content=\"Est. reading time\" \/>\n\t<meta name=\"twitter:data1\" content=\"1 minuto\" \/>\n<script type=\"application\/ld+json\" class=\"yoast-schema-graph\">{\"@context\":\"https:\/\/schema.org\",\"@graph\":[{\"@type\":\"WebPage\",\"@id\":\"https:\/\/www.iplay.com\/it\/games\/clearit-17\/\",\"url\":\"https:\/\/www.iplay.com\/it\/games\/clearit-17\/\",\"name\":\"Elimina le palline colorate attraverso livelli impegnativi in ClearIt 17!\",\"isPartOf\":{\"@id\":\"https:\/\/www.iplay.com\/en\/#website\"},\"primaryImageOfPage\":{\"@id\":\"https:\/\/www.iplay.com\/it\/games\/clearit-17\/#primaryimage\"},\"image\":{\"@id\":\"https:\/\/www.iplay.com\/it\/games\/clearit-17\/#primaryimage\"},\"thumbnailUrl\":\"https:\/\/www.iplay.com\/wp-content\/uploads\/2025\/02\/clearit_17_large_square_tile_image.webp\",\"datePublished\":\"2025-02-07T09:40:58+00:00\",\"dateModified\":\"2025-02-26T14:21:06+00:00\",\"description\":\"Elimina le palline colorate attraverso livelli impegnativi in ClearIt 17\",\"breadcrumb\":{\"@id\":\"https:\/\/www.iplay.com\/it\/games\/clearit-17\/#breadcrumb\"},\"inLanguage\":\"it-IT\",\"potentialAction\":[{\"@type\":\"ReadAction\",\"target\":[\"https:\/\/www.iplay.com\/it\/games\/clearit-17\/\"]}]},{\"@type\":\"ImageObject\",\"inLanguage\":\"it-IT\",\"@id\":\"https:\/\/www.iplay.com\/it\/games\/clearit-17\/#primaryimage\",\"url\":\"https:\/\/www.iplay.com\/wp-content\/uploads\/2025\/02\/clearit_17_large_square_tile_image.webp\",\"contentUrl\":\"https:\/\/www.iplay.com\/wp-content\/uploads\/2025\/02\/clearit_17_large_square_tile_image.webp\",\"width\":400,\"height\":400},{\"@type\":\"BreadcrumbList\",\"@id\":\"https:\/\/www.iplay.com\/it\/games\/clearit-17\/#breadcrumb\",\"itemListElement\":[{\"@type\":\"ListItem\",\"position\":1,\"name\":\"Home\",\"item\":\"https:\/\/www.iplay.com\/it\/home-page-2\/\"},{\"@type\":\"ListItem\",\"position\":2,\"name\":\"Shop\",\"item\":\"https:\/\/www.iplay.com\/en\/shop\/\"},{\"@type\":\"ListItem\",\"position\":3,\"name\":\"ClearIt 17\"}]},{\"@type\":\"WebSite\",\"@id\":\"https:\/\/www.iplay.com\/en\/#website\",\"url\":\"https:\/\/www.iplay.com\/en\/\",\"name\":\"IPlay\",\"description\":\"The Best Casual Games!\",\"publisher\":{\"@id\":\"https:\/\/www.iplay.com\/en\/#organization\"},\"potentialAction\":[{\"@type\":\"SearchAction\",\"target\":{\"@type\":\"EntryPoint\",\"urlTemplate\":\"https:\/\/www.iplay.com\/en\/?s={search_term_string}\"},\"query-input\":{\"@type\":\"PropertyValueSpecification\",\"valueRequired\":true,\"valueName\":\"search_term_string\"}}],\"inLanguage\":\"it-IT\"},{\"@type\":\"Organization\",\"@id\":\"https:\/\/www.iplay.com\/en\/#organization\",\"name\":\"IPlay\",\"url\":\"https:\/\/www.iplay.com\/en\/\",\"logo\":{\"@type\":\"ImageObject\",\"inLanguage\":\"it-IT\",\"@id\":\"https:\/\/www.iplay.com\/en\/#\/schema\/logo\/image\/\",\"url\":\"https:\/\/www.iplay.com\/wp-content\/uploads\/2023\/11\/Group-6100.svg\",\"contentUrl\":\"https:\/\/www.iplay.com\/wp-content\/uploads\/2023\/11\/Group-6100.svg\",\"width\":98,\"height\":25,\"caption\":\"IPlay\"},\"image\":{\"@id\":\"https:\/\/www.iplay.com\/en\/#\/schema\/logo\/image\/\"}}]}<\/script>\n<!-- \/ Yoast SEO Premium plugin. -->","yoast_head_json":{"title":"Elimina le palline colorate attraverso livelli impegnativi in ClearIt 17!","description":"Elimina le palline colorate attraverso livelli impegnativi in ClearIt 17","robots":{"index":"index","follow":"follow","max-snippet":"max-snippet:-1","max-image-preview":"max-image-preview:large","max-video-preview":"max-video-preview:-1"},"canonical":"https:\/\/www.iplay.com\/it\/games\/clearit-17\/","og_locale":"it_IT","og_type":"article","og_title":"ClearIt 17","og_description":"Elimina le palline colorate attraverso livelli impegnativi in ClearIt 17","og_url":"https:\/\/www.iplay.com\/it\/games\/clearit-17\/","og_site_name":"IPlay","article_modified_time":"2025-02-26T14:21:06+00:00","og_image":[{"width":400,"height":400,"url":"https:\/\/www.iplay.com\/wp-content\/uploads\/2025\/02\/clearit_17_large_square_tile_image.webp","type":"image\/webp"}],"twitter_card":"summary_large_image","twitter_misc":{"Est. reading time":"1 minuto"},"schema":{"@context":"https:\/\/schema.org","@graph":[{"@type":"WebPage","@id":"https:\/\/www.iplay.com\/it\/games\/clearit-17\/","url":"https:\/\/www.iplay.com\/it\/games\/clearit-17\/","name":"Elimina le palline colorate attraverso livelli impegnativi in ClearIt 17!","isPartOf":{"@id":"https:\/\/www.iplay.com\/en\/#website"},"primaryImageOfPage":{"@id":"https:\/\/www.iplay.com\/it\/games\/clearit-17\/#primaryimage"},"image":{"@id":"https:\/\/www.iplay.com\/it\/games\/clearit-17\/#primaryimage"},"thumbnailUrl":"https:\/\/www.iplay.com\/wp-content\/uploads\/2025\/02\/clearit_17_large_square_tile_image.webp","datePublished":"2025-02-07T09:40:58+00:00","dateModified":"2025-02-26T14:21:06+00:00","description":"Elimina le palline colorate attraverso livelli impegnativi in ClearIt 17","breadcrumb":{"@id":"https:\/\/www.iplay.com\/it\/games\/clearit-17\/#breadcrumb"},"inLanguage":"it-IT","potentialAction":[{"@type":"ReadAction","target":["https:\/\/www.iplay.com\/it\/games\/clearit-17\/"]}]},{"@type":"ImageObject","inLanguage":"it-IT","@id":"https:\/\/www.iplay.com\/it\/games\/clearit-17\/#primaryimage","url":"https:\/\/www.iplay.com\/wp-content\/uploads\/2025\/02\/clearit_17_large_square_tile_image.webp","contentUrl":"https:\/\/www.iplay.com\/wp-content\/uploads\/2025\/02\/clearit_17_large_square_tile_image.webp","width":400,"height":400},{"@type":"BreadcrumbList","@id":"https:\/\/www.iplay.com\/it\/games\/clearit-17\/#breadcrumb","itemListElement":[{"@type":"ListItem","position":1,"name":"Home","item":"https:\/\/www.iplay.com\/it\/home-page-2\/"},{"@type":"ListItem","position":2,"name":"Shop","item":"https:\/\/www.iplay.com\/en\/shop\/"},{"@type":"ListItem","position":3,"name":"ClearIt 17"}]},{"@type":"WebSite","@id":"https:\/\/www.iplay.com\/en\/#website","url":"https:\/\/www.iplay.com\/en\/","name":"IPlay","description":"The Best Casual Games!","publisher":{"@id":"https:\/\/www.iplay.com\/en\/#organization"},"potentialAction":[{"@type":"SearchAction","target":{"@type":"EntryPoint","urlTemplate":"https:\/\/www.iplay.com\/en\/?s={search_term_string}"},"query-input":{"@type":"PropertyValueSpecification","valueRequired":true,"valueName":"search_term_string"}}],"inLanguage":"it-IT"},{"@type":"Organization","@id":"https:\/\/www.iplay.com\/en\/#organization","name":"IPlay","url":"https:\/\/www.iplay.com\/en\/","logo":{"@type":"ImageObject","inLanguage":"it-IT","@id":"https:\/\/www.iplay.com\/en\/#\/schema\/logo\/image\/","url":"https:\/\/www.iplay.com\/wp-content\/uploads\/2023\/11\/Group-6100.svg","contentUrl":"https:\/\/www.iplay.com\/wp-content\/uploads\/2023\/11\/Group-6100.svg","width":98,"height":25,"caption":"IPlay"},"image":{"@id":"https:\/\/www.iplay.com\/en\/#\/schema\/logo\/image\/"}}]}},"_links":{"self":[{"href":"https:\/\/www.iplay.com\/it\/wp-json\/wp\/v2\/product\/33733","targetHints":{"allow":["GET"]}}],"collection":[{"href":"https:\/\/www.iplay.com\/it\/wp-json\/wp\/v2\/product"}],"about":[{"href":"https:\/\/www.iplay.com\/it\/wp-json\/wp\/v2\/types\/product"}],"author":[{"embeddable":true,"href":"https:\/\/www.iplay.com\/it\/wp-json\/wp\/v2\/users\/36"}],"replies":[{"embeddable":true,"href":"https:\/\/www.iplay.com\/it\/wp-json\/wp\/v2\/comments?post=33733"}],"wp:featuredmedia":[{"embeddable":true,"href":"https:\/\/www.iplay.com\/it\/wp-json\/wp\/v2\/media\/33734"}],"wp:attachment":[{"href":"https:\/\/www.iplay.com\/it\/wp-json\/wp\/v2\/media?parent=33733"}],"wp:term":[{"taxonomy":"product_brand","embeddable":true,"href":"https:\/\/www.iplay.com\/it\/wp-json\/wp\/v2\/product_brand?post=33733"},{"taxonomy":"product_cat","embeddable":true,"href":"https:\/\/www.iplay.com\/it\/wp-json\/wp\/v2\/product_cat?post=33733"},{"taxonomy":"product_tag","embeddable":true,"href":"https:\/\/www.iplay.com\/it\/wp-json\/wp\/v2\/product_tag?post=33733"}],"curies":[{"name":"wp","href":"https:\/\/api.w.org\/{rel}","templated":true}]}}