{"id":145668,"date":"2017-04-20T00:00:00","date_gmt":"2017-04-20T00:00:00","guid":{"rendered":"https:\/\/www.iplay.com\/games\/turmoil\/"},"modified":"2017-04-20T00:00:00","modified_gmt":"2017-04-20T00:00:00","slug":"turmoil","status":"publish","type":"product","link":"https:\/\/www.iplay.com\/it\/games\/turmoil\/","title":{"rendered":"Turmoil"},"content":{"rendered":"<p>Turmoil presenta un&#8217;interpretazione spiritosa e visivamente accattivante del genere della simulazione, traendo ispirazione dalla corsa al petrolio nordamericana del 19\u00b0 secolo. Vivi l&#8217;euforia e la competizione di quell&#8217;epoca mentre ti fai strada fino a diventare un prospero imprenditore petrolifero. La citt\u00e0 si espander\u00e0 con te man mano che inizierai a fare soldi estraendo e vendendo petrolio greggio. Cerca petrolio e affitta terreni all&#8217;asta cittadina. Costruisci un impianto, allestisci un sistema di tubazioni produttivo e solleva il petrolio in modo che i silos possano contenerlo. Per fare pi\u00f9 soldi, vendi il petrolio quando \u00e8 pi\u00f9 redditizio. Successivamente, acquista le modifiche necessarie in citt\u00e0 per affrontare ghiaccio, gas e roccia. Per diventare il prossimo sindaco, devi acquisire pi\u00f9 quote della citt\u00e0 rispetto ai tuoi rivali.       <\/p>\n<p>&nbsp;<\/p>\n<p>&nbsp;<\/p>\n<p><strong>Tratti somatici:<\/strong><\/p>\n<p>&nbsp;<\/p>\n<p>&#8211; Una campagna in cui devi sconfiggere i tuoi rivali e costruire la tua carriera di barone del petrolio<\/p>\n<p>&#8211; Decine di aggiornamenti e nuovi strumenti per migliorare le tue operazioni di estrazione petrolifera<\/p>\n<p>&#8211; Incontra i personaggi nel saloon e impegnati in loschi affari<\/p>\n<p>&#8211; Gioca in modalit\u00e0 gioco singolo per sbloccare uno dei milioni di livelli generati proceduralmente e guadagnare il pi\u00f9 possibile in un anno<\/p>\n<p>&#8211; Affitta un terreno all&#8217;asta cittadina e usa un rabdomante, una talpa o uno scanner per cercare il petrolio.<br \/>\n&#8211; Massimizza i tuoi profitti utilizzando il gas naturale per aumentare il prezzo del petrolio<\/p>\n","protected":false},"excerpt":{"rendered":"<p>Vai a trivellare il petrolio come se fosse il 1899!<\/p>\n","protected":false},"author":122,"featured_media":89030,"comment_status":"open","ping_status":"closed","template":"","meta":{"_acf_changed":false,"inline_featured_image":false},"product_brand":[],"product_cat":[219],"product_tag":[290],"class_list":{"0":"post-145668","1":"product","2":"type-product","3":"status-publish","4":"has-post-thumbnail","6":"product_cat-strategy-it","7":"product_tag-play-on-pc-it","9":"first","10":"instock","11":"shipping-taxable","12":"purchasable","13":"product-type-simple"},"acf":[],"yoast_head":"<!-- This site is optimized with the Yoast SEO Premium plugin v25.2 (Yoast SEO v25.2) - https:\/\/yoast.com\/wordpress\/plugins\/seo\/ -->\n<title>Turmoil - Trivella alla ricerca di petrolio come se fosse il 1899 in una simulazione impegnativa<\/title>\n<meta name=\"robots\" content=\"index, follow, max-snippet:-1, max-image-preview:large, max-video-preview:-1\" \/>\n<link rel=\"canonical\" href=\"https:\/\/www.iplay.com\/it\/games\/turmoil\/\" \/>\n<meta property=\"og:locale\" content=\"it_IT\" \/>\n<meta property=\"og:type\" content=\"article\" \/>\n<meta property=\"og:title\" content=\"Turmoil\" \/>\n<meta property=\"og:url\" content=\"https:\/\/www.iplay.com\/it\/games\/turmoil\/\" \/>\n<meta property=\"og:site_name\" content=\"IPlay\" \/>\n<meta property=\"og:image\" content=\"https:\/\/www.iplay.com\/wp-content\/uploads\/2023\/12\/large_square_tile_image-3076.jpg\" \/>\n\t<meta property=\"og:image:width\" content=\"310\" \/>\n\t<meta property=\"og:image:height\" content=\"310\" \/>\n\t<meta property=\"og:image:type\" content=\"image\/jpeg\" \/>\n<meta name=\"twitter:card\" content=\"summary_large_image\" \/>\n<meta name=\"twitter:label1\" content=\"Est. reading time\" \/>\n\t<meta name=\"twitter:data1\" content=\"1 minuto\" \/>\n<script type=\"application\/ld+json\" class=\"yoast-schema-graph\">{\"@context\":\"https:\/\/schema.org\",\"@graph\":[{\"@type\":\"WebPage\",\"@id\":\"https:\/\/www.iplay.com\/it\/games\/turmoil\/\",\"url\":\"https:\/\/www.iplay.com\/it\/games\/turmoil\/\",\"name\":\"Turmoil - Trivella alla ricerca di petrolio come se fosse il 1899 in una simulazione impegnativa\",\"isPartOf\":{\"@id\":\"https:\/\/www.iplay.com\/en\/#website\"},\"primaryImageOfPage\":{\"@id\":\"https:\/\/www.iplay.com\/it\/games\/turmoil\/#primaryimage\"},\"image\":{\"@id\":\"https:\/\/www.iplay.com\/it\/games\/turmoil\/#primaryimage\"},\"thumbnailUrl\":\"https:\/\/www.iplay.com\/wp-content\/uploads\/2023\/12\/large_square_tile_image-3076.jpg\",\"datePublished\":\"2017-04-20T00:00:00+00:00\",\"breadcrumb\":{\"@id\":\"https:\/\/www.iplay.com\/it\/games\/turmoil\/#breadcrumb\"},\"inLanguage\":\"it-IT\",\"potentialAction\":[{\"@type\":\"ReadAction\",\"target\":[\"https:\/\/www.iplay.com\/it\/games\/turmoil\/\"]}]},{\"@type\":\"ImageObject\",\"inLanguage\":\"it-IT\",\"@id\":\"https:\/\/www.iplay.com\/it\/games\/turmoil\/#primaryimage\",\"url\":\"https:\/\/www.iplay.com\/wp-content\/uploads\/2023\/12\/large_square_tile_image-3076.jpg\",\"contentUrl\":\"https:\/\/www.iplay.com\/wp-content\/uploads\/2023\/12\/large_square_tile_image-3076.jpg\",\"width\":310,\"height\":310},{\"@type\":\"BreadcrumbList\",\"@id\":\"https:\/\/www.iplay.com\/it\/games\/turmoil\/#breadcrumb\",\"itemListElement\":[{\"@type\":\"ListItem\",\"position\":1,\"name\":\"Home\",\"item\":\"https:\/\/www.iplay.com\/it\/home-page-2\/\"},{\"@type\":\"ListItem\",\"position\":2,\"name\":\"Shop\",\"item\":\"https:\/\/www.iplay.com\/en\/shop\/\"},{\"@type\":\"ListItem\",\"position\":3,\"name\":\"Turmoil\"}]},{\"@type\":\"WebSite\",\"@id\":\"https:\/\/www.iplay.com\/en\/#website\",\"url\":\"https:\/\/www.iplay.com\/en\/\",\"name\":\"IPlay\",\"description\":\"The Best Casual Games!\",\"publisher\":{\"@id\":\"https:\/\/www.iplay.com\/en\/#organization\"},\"potentialAction\":[{\"@type\":\"SearchAction\",\"target\":{\"@type\":\"EntryPoint\",\"urlTemplate\":\"https:\/\/www.iplay.com\/en\/?s={search_term_string}\"},\"query-input\":{\"@type\":\"PropertyValueSpecification\",\"valueRequired\":true,\"valueName\":\"search_term_string\"}}],\"inLanguage\":\"it-IT\"},{\"@type\":\"Organization\",\"@id\":\"https:\/\/www.iplay.com\/en\/#organization\",\"name\":\"IPlay\",\"url\":\"https:\/\/www.iplay.com\/en\/\",\"logo\":{\"@type\":\"ImageObject\",\"inLanguage\":\"it-IT\",\"@id\":\"https:\/\/www.iplay.com\/en\/#\/schema\/logo\/image\/\",\"url\":\"https:\/\/www.iplay.com\/wp-content\/uploads\/2023\/11\/Group-6100.svg\",\"contentUrl\":\"https:\/\/www.iplay.com\/wp-content\/uploads\/2023\/11\/Group-6100.svg\",\"width\":98,\"height\":25,\"caption\":\"IPlay\"},\"image\":{\"@id\":\"https:\/\/www.iplay.com\/en\/#\/schema\/logo\/image\/\"}}]}<\/script>\n<!-- \/ Yoast SEO Premium plugin. -->","yoast_head_json":{"title":"Turmoil - Trivella alla ricerca di petrolio come se fosse il 1899 in una simulazione impegnativa","robots":{"index":"index","follow":"follow","max-snippet":"max-snippet:-1","max-image-preview":"max-image-preview:large","max-video-preview":"max-video-preview:-1"},"canonical":"https:\/\/www.iplay.com\/it\/games\/turmoil\/","og_locale":"it_IT","og_type":"article","og_title":"Turmoil","og_url":"https:\/\/www.iplay.com\/it\/games\/turmoil\/","og_site_name":"IPlay","og_image":[{"width":310,"height":310,"url":"https:\/\/www.iplay.com\/wp-content\/uploads\/2023\/12\/large_square_tile_image-3076.jpg","type":"image\/jpeg"}],"twitter_card":"summary_large_image","twitter_misc":{"Est. reading time":"1 minuto"},"schema":{"@context":"https:\/\/schema.org","@graph":[{"@type":"WebPage","@id":"https:\/\/www.iplay.com\/it\/games\/turmoil\/","url":"https:\/\/www.iplay.com\/it\/games\/turmoil\/","name":"Turmoil - Trivella alla ricerca di petrolio come se fosse il 1899 in una simulazione impegnativa","isPartOf":{"@id":"https:\/\/www.iplay.com\/en\/#website"},"primaryImageOfPage":{"@id":"https:\/\/www.iplay.com\/it\/games\/turmoil\/#primaryimage"},"image":{"@id":"https:\/\/www.iplay.com\/it\/games\/turmoil\/#primaryimage"},"thumbnailUrl":"https:\/\/www.iplay.com\/wp-content\/uploads\/2023\/12\/large_square_tile_image-3076.jpg","datePublished":"2017-04-20T00:00:00+00:00","breadcrumb":{"@id":"https:\/\/www.iplay.com\/it\/games\/turmoil\/#breadcrumb"},"inLanguage":"it-IT","potentialAction":[{"@type":"ReadAction","target":["https:\/\/www.iplay.com\/it\/games\/turmoil\/"]}]},{"@type":"ImageObject","inLanguage":"it-IT","@id":"https:\/\/www.iplay.com\/it\/games\/turmoil\/#primaryimage","url":"https:\/\/www.iplay.com\/wp-content\/uploads\/2023\/12\/large_square_tile_image-3076.jpg","contentUrl":"https:\/\/www.iplay.com\/wp-content\/uploads\/2023\/12\/large_square_tile_image-3076.jpg","width":310,"height":310},{"@type":"BreadcrumbList","@id":"https:\/\/www.iplay.com\/it\/games\/turmoil\/#breadcrumb","itemListElement":[{"@type":"ListItem","position":1,"name":"Home","item":"https:\/\/www.iplay.com\/it\/home-page-2\/"},{"@type":"ListItem","position":2,"name":"Shop","item":"https:\/\/www.iplay.com\/en\/shop\/"},{"@type":"ListItem","position":3,"name":"Turmoil"}]},{"@type":"WebSite","@id":"https:\/\/www.iplay.com\/en\/#website","url":"https:\/\/www.iplay.com\/en\/","name":"IPlay","description":"The Best Casual Games!","publisher":{"@id":"https:\/\/www.iplay.com\/en\/#organization"},"potentialAction":[{"@type":"SearchAction","target":{"@type":"EntryPoint","urlTemplate":"https:\/\/www.iplay.com\/en\/?s={search_term_string}"},"query-input":{"@type":"PropertyValueSpecification","valueRequired":true,"valueName":"search_term_string"}}],"inLanguage":"it-IT"},{"@type":"Organization","@id":"https:\/\/www.iplay.com\/en\/#organization","name":"IPlay","url":"https:\/\/www.iplay.com\/en\/","logo":{"@type":"ImageObject","inLanguage":"it-IT","@id":"https:\/\/www.iplay.com\/en\/#\/schema\/logo\/image\/","url":"https:\/\/www.iplay.com\/wp-content\/uploads\/2023\/11\/Group-6100.svg","contentUrl":"https:\/\/www.iplay.com\/wp-content\/uploads\/2023\/11\/Group-6100.svg","width":98,"height":25,"caption":"IPlay"},"image":{"@id":"https:\/\/www.iplay.com\/en\/#\/schema\/logo\/image\/"}}]}},"_links":{"self":[{"href":"https:\/\/www.iplay.com\/it\/wp-json\/wp\/v2\/product\/145668","targetHints":{"allow":["GET"]}}],"collection":[{"href":"https:\/\/www.iplay.com\/it\/wp-json\/wp\/v2\/product"}],"about":[{"href":"https:\/\/www.iplay.com\/it\/wp-json\/wp\/v2\/types\/product"}],"author":[{"embeddable":true,"href":"https:\/\/www.iplay.com\/it\/wp-json\/wp\/v2\/users\/122"}],"replies":[{"embeddable":true,"href":"https:\/\/www.iplay.com\/it\/wp-json\/wp\/v2\/comments?post=145668"}],"wp:featuredmedia":[{"embeddable":true,"href":"https:\/\/www.iplay.com\/it\/wp-json\/wp\/v2\/media\/89030"}],"wp:attachment":[{"href":"https:\/\/www.iplay.com\/it\/wp-json\/wp\/v2\/media?parent=145668"}],"wp:term":[{"taxonomy":"product_brand","embeddable":true,"href":"https:\/\/www.iplay.com\/it\/wp-json\/wp\/v2\/product_brand?post=145668"},{"taxonomy":"product_cat","embeddable":true,"href":"https:\/\/www.iplay.com\/it\/wp-json\/wp\/v2\/product_cat?post=145668"},{"taxonomy":"product_tag","embeddable":true,"href":"https:\/\/www.iplay.com\/it\/wp-json\/wp\/v2\/product_tag?post=145668"}],"curies":[{"name":"wp","href":"https:\/\/api.w.org\/{rel}","templated":true}]}}