{"id":144345,"date":"2025-09-26T08:30:39","date_gmt":"2025-09-26T08:30:39","guid":{"rendered":"https:\/\/www.iplay.com\/games\/claire-darksage-and-the-accursed-objects-collectors-edition\/"},"modified":"2025-09-26T17:12:49","modified_gmt":"2025-09-26T17:12:49","slug":"claire-darksage-and-the-accursed-objects-collectors-edition","status":"publish","type":"product","link":"https:\/\/www.iplay.com\/it\/games\/claire-darksage-and-the-accursed-objects-collectors-edition\/","title":{"rendered":"Claire Darksage and The Accursed Objects &#8211; Collector&#8217;s Edition"},"content":{"rendered":"<p class=\"ai-optimize-29 ai-optimize-introduction\">Si \u00e8 aperta una spaccatura tra i regni, rilasciando un torrente di reliquie maledette in un regno vulnerabile. Ogni reliquia emana un bagliore vibrante o un&#8217;oscurit\u00e0 sinistra, che assorbe vitalit\u00e0 e scatena il caos. Anche il pi\u00f9 potente dei maghi si ritrova nell&#8217;impossibilit\u00e0 di sfuggire alla sua presa. Eppure, un barlume di speranza persiste: Claire Darksage, l&#8217;audace cacciatrice di taglie e l&#8217;ultima Armonizzatrice Elementale, dotata della straordinaria capacit\u00e0 di armonizzare le forze in conflitto.   <\/p>\n<p class=\"ai-optimize-30\">Intraprendi un&#8217;avventura esilarante con Claire mentre naviga attraverso deserti roventi, foreste mistiche, tundre ghiacciate e insidiosi paesaggi vulcanici. Affronta epici scontri con formidabili avversari attraverso battaglie tattiche di carte, supera in astuzia astuti menestrelli in sfide sconcertanti e svela misteri perduti da tempo nascosti nelle profondit\u00e0 di antiche rovine. Unisci una vivace schiera di alleati e determina il destino di un regno sull&#8217;orlo del collasso.  <\/p>\n<p>Vivi l&#8217;avventura come mai prima d&#8217;ora con questa Collector&#8217;s Edition, con missioni esclusive, scene nascoste, obiettivi e contenuti bonus che arricchiscono la tradizione e mettono alla prova le tue abilit\u00e0. Riuscirai a sconfiggere gli elementi e spezzare la maledizione prima che il tempo scivoli via? <\/p>\n<p>&nbsp;<\/p>\n<p class=\"ai-optimize-31\"><strong>Scopri un mondo ricco di intrighi e avventure<\/strong><\/p>\n<ul>\n<li class=\"ai-optimize-31\">Esplora 20 scene di oggetti nascosti meticolosamente realizzate, ognuna brulicante di reliquie maledette che danzano tra luci e ombre.<\/li>\n<li class=\"ai-optimize-31\">Partecipa a battaglie strategiche, utilizzando meccaniche di carte innovative per superare in astuzia i formidabili nemici.<\/li>\n<li class=\"ai-optimize-31\">Immergiti in un&#8217;epica narrazione fantasy, ricca di colpi di scena inaspettati, segreti nascosti e personaggi indimenticabili.<\/li>\n<li class=\"ai-optimize-31\">Metti alla prova le tue abilit\u00e0 con minigiochi impegnativi e affronta la sfida dei menestrelli per una deliziosa variet\u00e0 di gameplay intelligente.<\/li>\n<li class=\"ai-optimize-31\">Darksage Temple: Migliora le tue abilit\u00e0 e raccogli carte formidabili<\/li>\n<li class=\"ai-optimize-31\">Scopri teschi d&#8217;oro e occhi di bestia: trova oggetti da collezione nascosti e raccogli ricompense entusiasmanti<\/li>\n<li class=\"ai-optimize-31\">Enigmi avvincenti che possono essere rigiocati, con impostazioni di difficolt\u00e0 personalizzabili per un&#8217;avventura personalizzata<\/li>\n<\/ul>\n<p>&nbsp;<\/p>\n<p class=\"ai-optimize-32\"><strong>Esclusiva Collector&#8217;s Edition Scopri le accattivanti funzionalit\u00e0 che ti aspettano<\/strong><\/p>\n<ul>\n<li class=\"ai-optimize-32\">Intraprendi la missione Torre degli Echi, completa di 8 scene bonus con oggetti nascosti<\/li>\n<li class=\"ai-optimize-32\">Immergiti in minigiochi esclusivi e sfide segrete, uniche per questa edizione<\/li>\n<li class=\"ai-optimize-32\">Adorna il tuo spazio con 7 sfondi personalizzati che mostrano opere d&#8217;arte fantasy mozzafiato<\/li>\n<li class=\"ai-optimize-32\">Sblocca 20 obiettivi per mostrare con orgoglio le tue abilit\u00e0 e la tua maestria<\/li>\n<li class=\"ai-optimize-32\">Il Colosseo: affronta sfide aggiuntive e mostra la tua forza<\/li>\n<li class=\"ai-optimize-32\">Scopri una scena di oggetti nascosti e una battaglia segreta: riuscirai a trovarli?<\/li>\n<\/ul>\n","protected":false},"excerpt":{"rendered":"<p>Purifica le reliquie maledette e conquista le battaglie elementali insieme a Claire Darksage!<\/p>\n","protected":false},"author":55,"featured_media":144273,"comment_status":"open","ping_status":"closed","template":"","meta":{"_acf_changed":false,"inline_featured_image":false},"product_brand":[],"product_cat":[163],"product_tag":[290],"class_list":{"0":"post-144345","1":"product","2":"type-product","3":"status-publish","4":"has-post-thumbnail","6":"product_cat-hidden-object-it","7":"product_tag-play-on-pc-it","9":"first","10":"instock","11":"shipping-taxable","12":"purchasable","13":"product-type-simple"},"acf":[],"yoast_head":"<!-- This site is optimized with the Yoast SEO Premium plugin v25.2 (Yoast SEO v25.2) - https:\/\/yoast.com\/wordpress\/plugins\/seo\/ -->\n<title>Claire Darksage and The Accursed Objects - Collector&#039;s Edition - Purifica le reliquie maledette e domina il conflitto elementale<\/title>\n<meta name=\"description\" content=\"Purifica le reliquie maledette e conquista le battaglie elementali insieme a Claire Darksage!\" \/>\n<meta name=\"robots\" content=\"index, follow, max-snippet:-1, max-image-preview:large, max-video-preview:-1\" \/>\n<link rel=\"canonical\" href=\"https:\/\/www.iplay.com\/it\/games\/claire-darksage-and-the-accursed-objects-collectors-edition\/\" \/>\n<meta property=\"og:locale\" content=\"it_IT\" \/>\n<meta property=\"og:type\" content=\"article\" \/>\n<meta property=\"og:title\" content=\"Claire Darksage and The Accursed Objects - Collector&#039;s Edition\" \/>\n<meta property=\"og:description\" content=\"Purifica le reliquie maledette e conquista le battaglie elementali insieme a Claire Darksage!\" \/>\n<meta property=\"og:url\" content=\"https:\/\/www.iplay.com\/it\/games\/claire-darksage-and-the-accursed-objects-collectors-edition\/\" \/>\n<meta property=\"og:site_name\" content=\"IPlay\" \/>\n<meta property=\"article:modified_time\" content=\"2025-09-26T17:12:49+00:00\" \/>\n<meta property=\"og:image\" content=\"https:\/\/www.iplay.com\/wp-content\/uploads\/2025\/09\/claire_darksage_and_the_accursed_objects_ce_large_video_screenshot.webp\" \/>\n\t<meta property=\"og:image:width\" content=\"715\" \/>\n\t<meta property=\"og:image:height\" content=\"485\" \/>\n\t<meta property=\"og:image:type\" content=\"image\/webp\" \/>\n<meta name=\"twitter:card\" content=\"summary_large_image\" \/>\n<meta name=\"twitter:label1\" content=\"Est. reading time\" \/>\n\t<meta name=\"twitter:data1\" content=\"2 minuti\" \/>\n<script type=\"application\/ld+json\" class=\"yoast-schema-graph\">{\"@context\":\"https:\/\/schema.org\",\"@graph\":[{\"@type\":\"WebPage\",\"@id\":\"https:\/\/www.iplay.com\/it\/games\/claire-darksage-and-the-accursed-objects-collectors-edition\/\",\"url\":\"https:\/\/www.iplay.com\/it\/games\/claire-darksage-and-the-accursed-objects-collectors-edition\/\",\"name\":\"Claire Darksage and The Accursed Objects - Collector's Edition - Purifica le reliquie maledette e domina il conflitto elementale\",\"isPartOf\":{\"@id\":\"https:\/\/www.iplay.com\/en\/#website\"},\"primaryImageOfPage\":{\"@id\":\"https:\/\/www.iplay.com\/it\/games\/claire-darksage-and-the-accursed-objects-collectors-edition\/#primaryimage\"},\"image\":{\"@id\":\"https:\/\/www.iplay.com\/it\/games\/claire-darksage-and-the-accursed-objects-collectors-edition\/#primaryimage\"},\"thumbnailUrl\":\"https:\/\/www.iplay.com\/wp-content\/uploads\/2025\/09\/claire_darksage_and_the_accursed_objects_ce_large_square_tile_image.webp\",\"datePublished\":\"2025-09-26T08:30:39+00:00\",\"dateModified\":\"2025-09-26T17:12:49+00:00\",\"description\":\"Purifica le reliquie maledette e conquista le battaglie elementali insieme a Claire Darksage!\",\"breadcrumb\":{\"@id\":\"https:\/\/www.iplay.com\/it\/games\/claire-darksage-and-the-accursed-objects-collectors-edition\/#breadcrumb\"},\"inLanguage\":\"it-IT\",\"potentialAction\":[{\"@type\":\"ReadAction\",\"target\":[\"https:\/\/www.iplay.com\/it\/games\/claire-darksage-and-the-accursed-objects-collectors-edition\/\"]}]},{\"@type\":\"ImageObject\",\"inLanguage\":\"it-IT\",\"@id\":\"https:\/\/www.iplay.com\/it\/games\/claire-darksage-and-the-accursed-objects-collectors-edition\/#primaryimage\",\"url\":\"https:\/\/www.iplay.com\/wp-content\/uploads\/2025\/09\/claire_darksage_and_the_accursed_objects_ce_large_square_tile_image.webp\",\"contentUrl\":\"https:\/\/www.iplay.com\/wp-content\/uploads\/2025\/09\/claire_darksage_and_the_accursed_objects_ce_large_square_tile_image.webp\",\"width\":310,\"height\":310},{\"@type\":\"BreadcrumbList\",\"@id\":\"https:\/\/www.iplay.com\/it\/games\/claire-darksage-and-the-accursed-objects-collectors-edition\/#breadcrumb\",\"itemListElement\":[{\"@type\":\"ListItem\",\"position\":1,\"name\":\"Home\",\"item\":\"https:\/\/www.iplay.com\/it\/home-page-2\/\"},{\"@type\":\"ListItem\",\"position\":2,\"name\":\"Shop\",\"item\":\"https:\/\/www.iplay.com\/en\/shop\/\"},{\"@type\":\"ListItem\",\"position\":3,\"name\":\"Claire Darksage and The Accursed Objects &#8211; Collector&#8217;s Edition\"}]},{\"@type\":\"WebSite\",\"@id\":\"https:\/\/www.iplay.com\/en\/#website\",\"url\":\"https:\/\/www.iplay.com\/en\/\",\"name\":\"IPlay\",\"description\":\"The Best Casual Games!\",\"publisher\":{\"@id\":\"https:\/\/www.iplay.com\/en\/#organization\"},\"potentialAction\":[{\"@type\":\"SearchAction\",\"target\":{\"@type\":\"EntryPoint\",\"urlTemplate\":\"https:\/\/www.iplay.com\/en\/?s={search_term_string}\"},\"query-input\":{\"@type\":\"PropertyValueSpecification\",\"valueRequired\":true,\"valueName\":\"search_term_string\"}}],\"inLanguage\":\"it-IT\"},{\"@type\":\"Organization\",\"@id\":\"https:\/\/www.iplay.com\/en\/#organization\",\"name\":\"IPlay\",\"url\":\"https:\/\/www.iplay.com\/en\/\",\"logo\":{\"@type\":\"ImageObject\",\"inLanguage\":\"it-IT\",\"@id\":\"https:\/\/www.iplay.com\/en\/#\/schema\/logo\/image\/\",\"url\":\"https:\/\/www.iplay.com\/wp-content\/uploads\/2023\/11\/Group-6100.svg\",\"contentUrl\":\"https:\/\/www.iplay.com\/wp-content\/uploads\/2023\/11\/Group-6100.svg\",\"width\":98,\"height\":25,\"caption\":\"IPlay\"},\"image\":{\"@id\":\"https:\/\/www.iplay.com\/en\/#\/schema\/logo\/image\/\"}}]}<\/script>\n<!-- \/ Yoast SEO Premium plugin. -->","yoast_head_json":{"title":"Claire Darksage and The Accursed Objects - Collector's Edition - Purifica le reliquie maledette e domina il conflitto elementale","description":"Purifica le reliquie maledette e conquista le battaglie elementali insieme a Claire Darksage!","robots":{"index":"index","follow":"follow","max-snippet":"max-snippet:-1","max-image-preview":"max-image-preview:large","max-video-preview":"max-video-preview:-1"},"canonical":"https:\/\/www.iplay.com\/it\/games\/claire-darksage-and-the-accursed-objects-collectors-edition\/","og_locale":"it_IT","og_type":"article","og_title":"Claire Darksage and The Accursed Objects - Collector's Edition","og_description":"Purifica le reliquie maledette e conquista le battaglie elementali insieme a Claire Darksage!","og_url":"https:\/\/www.iplay.com\/it\/games\/claire-darksage-and-the-accursed-objects-collectors-edition\/","og_site_name":"IPlay","article_modified_time":"2025-09-26T17:12:49+00:00","og_image":[{"width":715,"height":485,"url":"https:\/\/www.iplay.com\/wp-content\/uploads\/2025\/09\/claire_darksage_and_the_accursed_objects_ce_large_video_screenshot.webp","type":"image\/webp"}],"twitter_card":"summary_large_image","twitter_misc":{"Est. reading time":"2 minuti"},"schema":{"@context":"https:\/\/schema.org","@graph":[{"@type":"WebPage","@id":"https:\/\/www.iplay.com\/it\/games\/claire-darksage-and-the-accursed-objects-collectors-edition\/","url":"https:\/\/www.iplay.com\/it\/games\/claire-darksage-and-the-accursed-objects-collectors-edition\/","name":"Claire Darksage and The Accursed Objects - Collector's Edition - Purifica le reliquie maledette e domina il conflitto elementale","isPartOf":{"@id":"https:\/\/www.iplay.com\/en\/#website"},"primaryImageOfPage":{"@id":"https:\/\/www.iplay.com\/it\/games\/claire-darksage-and-the-accursed-objects-collectors-edition\/#primaryimage"},"image":{"@id":"https:\/\/www.iplay.com\/it\/games\/claire-darksage-and-the-accursed-objects-collectors-edition\/#primaryimage"},"thumbnailUrl":"https:\/\/www.iplay.com\/wp-content\/uploads\/2025\/09\/claire_darksage_and_the_accursed_objects_ce_large_square_tile_image.webp","datePublished":"2025-09-26T08:30:39+00:00","dateModified":"2025-09-26T17:12:49+00:00","description":"Purifica le reliquie maledette e conquista le battaglie elementali insieme a Claire Darksage!","breadcrumb":{"@id":"https:\/\/www.iplay.com\/it\/games\/claire-darksage-and-the-accursed-objects-collectors-edition\/#breadcrumb"},"inLanguage":"it-IT","potentialAction":[{"@type":"ReadAction","target":["https:\/\/www.iplay.com\/it\/games\/claire-darksage-and-the-accursed-objects-collectors-edition\/"]}]},{"@type":"ImageObject","inLanguage":"it-IT","@id":"https:\/\/www.iplay.com\/it\/games\/claire-darksage-and-the-accursed-objects-collectors-edition\/#primaryimage","url":"https:\/\/www.iplay.com\/wp-content\/uploads\/2025\/09\/claire_darksage_and_the_accursed_objects_ce_large_square_tile_image.webp","contentUrl":"https:\/\/www.iplay.com\/wp-content\/uploads\/2025\/09\/claire_darksage_and_the_accursed_objects_ce_large_square_tile_image.webp","width":310,"height":310},{"@type":"BreadcrumbList","@id":"https:\/\/www.iplay.com\/it\/games\/claire-darksage-and-the-accursed-objects-collectors-edition\/#breadcrumb","itemListElement":[{"@type":"ListItem","position":1,"name":"Home","item":"https:\/\/www.iplay.com\/it\/home-page-2\/"},{"@type":"ListItem","position":2,"name":"Shop","item":"https:\/\/www.iplay.com\/en\/shop\/"},{"@type":"ListItem","position":3,"name":"Claire Darksage and The Accursed Objects &#8211; Collector&#8217;s Edition"}]},{"@type":"WebSite","@id":"https:\/\/www.iplay.com\/en\/#website","url":"https:\/\/www.iplay.com\/en\/","name":"IPlay","description":"The Best Casual Games!","publisher":{"@id":"https:\/\/www.iplay.com\/en\/#organization"},"potentialAction":[{"@type":"SearchAction","target":{"@type":"EntryPoint","urlTemplate":"https:\/\/www.iplay.com\/en\/?s={search_term_string}"},"query-input":{"@type":"PropertyValueSpecification","valueRequired":true,"valueName":"search_term_string"}}],"inLanguage":"it-IT"},{"@type":"Organization","@id":"https:\/\/www.iplay.com\/en\/#organization","name":"IPlay","url":"https:\/\/www.iplay.com\/en\/","logo":{"@type":"ImageObject","inLanguage":"it-IT","@id":"https:\/\/www.iplay.com\/en\/#\/schema\/logo\/image\/","url":"https:\/\/www.iplay.com\/wp-content\/uploads\/2023\/11\/Group-6100.svg","contentUrl":"https:\/\/www.iplay.com\/wp-content\/uploads\/2023\/11\/Group-6100.svg","width":98,"height":25,"caption":"IPlay"},"image":{"@id":"https:\/\/www.iplay.com\/en\/#\/schema\/logo\/image\/"}}]}},"_links":{"self":[{"href":"https:\/\/www.iplay.com\/it\/wp-json\/wp\/v2\/product\/144345","targetHints":{"allow":["GET"]}}],"collection":[{"href":"https:\/\/www.iplay.com\/it\/wp-json\/wp\/v2\/product"}],"about":[{"href":"https:\/\/www.iplay.com\/it\/wp-json\/wp\/v2\/types\/product"}],"author":[{"embeddable":true,"href":"https:\/\/www.iplay.com\/it\/wp-json\/wp\/v2\/users\/55"}],"replies":[{"embeddable":true,"href":"https:\/\/www.iplay.com\/it\/wp-json\/wp\/v2\/comments?post=144345"}],"wp:featuredmedia":[{"embeddable":true,"href":"https:\/\/www.iplay.com\/it\/wp-json\/wp\/v2\/media\/144273"}],"wp:attachment":[{"href":"https:\/\/www.iplay.com\/it\/wp-json\/wp\/v2\/media?parent=144345"}],"wp:term":[{"taxonomy":"product_brand","embeddable":true,"href":"https:\/\/www.iplay.com\/it\/wp-json\/wp\/v2\/product_brand?post=144345"},{"taxonomy":"product_cat","embeddable":true,"href":"https:\/\/www.iplay.com\/it\/wp-json\/wp\/v2\/product_cat?post=144345"},{"taxonomy":"product_tag","embeddable":true,"href":"https:\/\/www.iplay.com\/it\/wp-json\/wp\/v2\/product_tag?post=144345"}],"curies":[{"name":"wp","href":"https:\/\/api.w.org\/{rel}","templated":true}]}}