{"id":143401,"date":"2017-10-12T00:00:00","date_gmt":"2017-10-12T00:00:00","guid":{"rendered":"https:\/\/www.iplay.com\/games\/cubis-kingdoms-collectors-edition\/"},"modified":"2017-10-12T00:00:00","modified_gmt":"2017-10-12T00:00:00","slug":"cubis-kingdoms-collectors-edition","status":"publish","type":"product","link":"https:\/\/www.iplay.com\/it\/games\/cubis-kingdoms-collectors-edition\/","title":{"rendered":"Cubis Kingdoms Collector&#8217;s Edition"},"content":{"rendered":"<p>Con la <strong>Cubicis Kingdoms Collector&#8217;s Edition<\/strong>, \u00e8 un mondo completamente nuovo. I fan di Cubis avranno familiarit\u00e0 con il gameplay tridimensionale notoriamente distintivo, ma con una svolta completamente nuova. Questa volta, ogni partita \u00e8 importante. Per raccogliere i preziosi componenti necessari per ricostruire il regno, accendi i fiammiferi. Gli elisir che riportano persone e animali nel loro paese precedentemente maledetto possono essere ottenuti ripulendo il tabellone.    <\/p>\n<p>&nbsp;<\/p>\n<p>Incontra i tuoi adorabili e solidali amici lungo la strada che ti forniranno nuovi entusiasmanti potenziamenti per aiutarti ad avanzare. Fai esplodere i cubi, demolisci strategicamente le file ed elimina ogni barriera sul tuo cammino. <\/p>\n<p>&nbsp;<\/p>\n<p>Ci sono 200 livelli da giocare e sei aree stravaganti, quindi il divertimento non finisce mai.<\/p>\n<p>&nbsp;<\/p>\n<p>Vuoi partire per questa avventura? <strong>La Collector&#8217;s Edition di Cubis Kingdoms<\/strong> offre enigmi tre volte pi\u00f9 divertenti. Per prima cosa, goditi i livelli dinamici che offrono un tipo di gioco strategico completamente nuovo con nuovi cubi che appaiono dopo ogni mossa. Indossa la tua attrezzatura pensante e procedi con i livelli di sfida del puzzle. Cerca di capire questi problemi prima che il conteggio delle mosse si esaurisca. Infine, i giocatori devono sconfiggere un fastidioso gargoyle noto come il Boss che maledice il tabellone mentre si fanno strada verso la vittoria per passare al capitolo successivo.    <\/p>\n<p>&nbsp;<\/p>\n<p>Il piacere di <strong>Cubis Kingdoms Collector&#8217;s Edition<\/strong> non finisce dopo la fine del livello. Per spezzare l&#8217;enigmatica maledizione e riportare il loro paese alla sua antica grandezza, i giocatori devono spendere gli elementi che hanno guadagnato. I giocatori possono utilizzare gli elisir di vita che ottengono ripulendo i tabelloni per richiamare gli occupanti del regno e completare il ripristino quando i loro habitat vengono ripristinati. Oltre a ci\u00f2, sembra elettrizzante? S\u00ec lo \u00e8! Provalo subito per riportare il Regno al suo abbagliante splendore.     <\/p>\n<p>&nbsp;<\/p>\n<p>&nbsp;<\/p>\n<p><strong>Tratti somatici:<\/strong><\/p>\n<ul>\n<li>Sfondi, avatar dei personaggi principali, concept art per mappe, personaggi, creature, cubi e potenziamenti, 50 livelli bonus sepolti in tutta la mappa e traccia audio registrabile<\/li>\n<li>Sei capitoli a 150 livelli<\/li>\n<li>I CUBI DA SCAMBIARE! Con il tuo prossimo cubo, pensi che ci sar\u00e0 un abbinamento migliore? Nessun problema! Ora puoi cambiare i cubi nella tua coda!   <\/li>\n<\/ul>\n<p>&nbsp;<\/p>\n","protected":false},"excerpt":{"rendered":"<p>Accendi un fiammifero. Raccogli i componenti. Salva il pianeta!  <\/p>\n","protected":false},"author":4,"featured_media":105316,"comment_status":"open","ping_status":"closed","template":"","meta":{"_acf_changed":false,"inline_featured_image":false},"product_brand":[],"product_cat":[175],"product_tag":[290],"class_list":{"0":"post-143401","1":"product","2":"type-product","3":"status-publish","4":"has-post-thumbnail","6":"product_cat-match-3-it","7":"product_tag-play-on-pc-it","9":"first","10":"instock","11":"shipping-taxable","12":"purchasable","13":"product-type-simple"},"acf":[],"yoast_head":"<!-- This site is optimized with the Yoast SEO Premium plugin v25.2 (Yoast SEO v25.2) - https:\/\/yoast.com\/wordpress\/plugins\/seo\/ -->\n<title>Cubis Kingdoms Collector&#039;s Edition - Crea abbinamenti, raccogli elementi e salva il mondo<\/title>\n<meta name=\"description\" content=\"Accendi un fiammifero. Raccogli i componenti. Salva il pianeta!\" \/>\n<meta name=\"robots\" content=\"index, follow, max-snippet:-1, max-image-preview:large, max-video-preview:-1\" \/>\n<link rel=\"canonical\" href=\"https:\/\/www.iplay.com\/it\/games\/cubis-kingdoms-collectors-edition\/\" \/>\n<meta property=\"og:locale\" content=\"it_IT\" \/>\n<meta property=\"og:type\" content=\"article\" \/>\n<meta property=\"og:title\" content=\"Cubis Kingdoms Collector&#039;s Edition\" \/>\n<meta property=\"og:description\" content=\"Accendi un fiammifero. Raccogli i componenti. Salva il pianeta!\" \/>\n<meta property=\"og:url\" content=\"https:\/\/www.iplay.com\/it\/games\/cubis-kingdoms-collectors-edition\/\" \/>\n<meta property=\"og:site_name\" content=\"IPlay\" \/>\n<meta property=\"og:image\" content=\"https:\/\/www.iplay.com\/wp-content\/uploads\/2023\/12\/large_square_tile_image-4100.jpg\" \/>\n\t<meta property=\"og:image:width\" content=\"310\" \/>\n\t<meta property=\"og:image:height\" content=\"310\" \/>\n\t<meta property=\"og:image:type\" content=\"image\/jpeg\" \/>\n<meta name=\"twitter:card\" content=\"summary_large_image\" \/>\n<meta name=\"twitter:label1\" content=\"Est. reading time\" \/>\n\t<meta name=\"twitter:data1\" content=\"2 minuti\" \/>\n<script type=\"application\/ld+json\" class=\"yoast-schema-graph\">{\"@context\":\"https:\/\/schema.org\",\"@graph\":[{\"@type\":\"WebPage\",\"@id\":\"https:\/\/www.iplay.com\/it\/games\/cubis-kingdoms-collectors-edition\/\",\"url\":\"https:\/\/www.iplay.com\/it\/games\/cubis-kingdoms-collectors-edition\/\",\"name\":\"Cubis Kingdoms Collector's Edition - Crea abbinamenti, raccogli elementi e salva il mondo\",\"isPartOf\":{\"@id\":\"https:\/\/www.iplay.com\/en\/#website\"},\"primaryImageOfPage\":{\"@id\":\"https:\/\/www.iplay.com\/it\/games\/cubis-kingdoms-collectors-edition\/#primaryimage\"},\"image\":{\"@id\":\"https:\/\/www.iplay.com\/it\/games\/cubis-kingdoms-collectors-edition\/#primaryimage\"},\"thumbnailUrl\":\"https:\/\/www.iplay.com\/wp-content\/uploads\/2023\/12\/large_square_tile_image-4100.jpg\",\"datePublished\":\"2017-10-12T00:00:00+00:00\",\"description\":\"Accendi un fiammifero. Raccogli i componenti. Salva il pianeta!\",\"breadcrumb\":{\"@id\":\"https:\/\/www.iplay.com\/it\/games\/cubis-kingdoms-collectors-edition\/#breadcrumb\"},\"inLanguage\":\"it-IT\",\"potentialAction\":[{\"@type\":\"ReadAction\",\"target\":[\"https:\/\/www.iplay.com\/it\/games\/cubis-kingdoms-collectors-edition\/\"]}]},{\"@type\":\"ImageObject\",\"inLanguage\":\"it-IT\",\"@id\":\"https:\/\/www.iplay.com\/it\/games\/cubis-kingdoms-collectors-edition\/#primaryimage\",\"url\":\"https:\/\/www.iplay.com\/wp-content\/uploads\/2023\/12\/large_square_tile_image-4100.jpg\",\"contentUrl\":\"https:\/\/www.iplay.com\/wp-content\/uploads\/2023\/12\/large_square_tile_image-4100.jpg\",\"width\":310,\"height\":310},{\"@type\":\"BreadcrumbList\",\"@id\":\"https:\/\/www.iplay.com\/it\/games\/cubis-kingdoms-collectors-edition\/#breadcrumb\",\"itemListElement\":[{\"@type\":\"ListItem\",\"position\":1,\"name\":\"Home\",\"item\":\"https:\/\/www.iplay.com\/it\/home-page-2\/\"},{\"@type\":\"ListItem\",\"position\":2,\"name\":\"Shop\",\"item\":\"https:\/\/www.iplay.com\/en\/shop\/\"},{\"@type\":\"ListItem\",\"position\":3,\"name\":\"Cubis Kingdoms Collector&#8217;s Edition\"}]},{\"@type\":\"WebSite\",\"@id\":\"https:\/\/www.iplay.com\/en\/#website\",\"url\":\"https:\/\/www.iplay.com\/en\/\",\"name\":\"IPlay\",\"description\":\"The Best Casual Games!\",\"publisher\":{\"@id\":\"https:\/\/www.iplay.com\/en\/#organization\"},\"potentialAction\":[{\"@type\":\"SearchAction\",\"target\":{\"@type\":\"EntryPoint\",\"urlTemplate\":\"https:\/\/www.iplay.com\/en\/?s={search_term_string}\"},\"query-input\":{\"@type\":\"PropertyValueSpecification\",\"valueRequired\":true,\"valueName\":\"search_term_string\"}}],\"inLanguage\":\"it-IT\"},{\"@type\":\"Organization\",\"@id\":\"https:\/\/www.iplay.com\/en\/#organization\",\"name\":\"IPlay\",\"url\":\"https:\/\/www.iplay.com\/en\/\",\"logo\":{\"@type\":\"ImageObject\",\"inLanguage\":\"it-IT\",\"@id\":\"https:\/\/www.iplay.com\/en\/#\/schema\/logo\/image\/\",\"url\":\"https:\/\/www.iplay.com\/wp-content\/uploads\/2023\/11\/Group-6100.svg\",\"contentUrl\":\"https:\/\/www.iplay.com\/wp-content\/uploads\/2023\/11\/Group-6100.svg\",\"width\":98,\"height\":25,\"caption\":\"IPlay\"},\"image\":{\"@id\":\"https:\/\/www.iplay.com\/en\/#\/schema\/logo\/image\/\"}}]}<\/script>\n<!-- \/ Yoast SEO Premium plugin. -->","yoast_head_json":{"title":"Cubis Kingdoms Collector's Edition - Crea abbinamenti, raccogli elementi e salva il mondo","description":"Accendi un fiammifero. Raccogli i componenti. Salva il pianeta!","robots":{"index":"index","follow":"follow","max-snippet":"max-snippet:-1","max-image-preview":"max-image-preview:large","max-video-preview":"max-video-preview:-1"},"canonical":"https:\/\/www.iplay.com\/it\/games\/cubis-kingdoms-collectors-edition\/","og_locale":"it_IT","og_type":"article","og_title":"Cubis Kingdoms Collector's Edition","og_description":"Accendi un fiammifero. Raccogli i componenti. Salva il pianeta!","og_url":"https:\/\/www.iplay.com\/it\/games\/cubis-kingdoms-collectors-edition\/","og_site_name":"IPlay","og_image":[{"width":310,"height":310,"url":"https:\/\/www.iplay.com\/wp-content\/uploads\/2023\/12\/large_square_tile_image-4100.jpg","type":"image\/jpeg"}],"twitter_card":"summary_large_image","twitter_misc":{"Est. reading time":"2 minuti"},"schema":{"@context":"https:\/\/schema.org","@graph":[{"@type":"WebPage","@id":"https:\/\/www.iplay.com\/it\/games\/cubis-kingdoms-collectors-edition\/","url":"https:\/\/www.iplay.com\/it\/games\/cubis-kingdoms-collectors-edition\/","name":"Cubis Kingdoms Collector's Edition - Crea abbinamenti, raccogli elementi e salva il mondo","isPartOf":{"@id":"https:\/\/www.iplay.com\/en\/#website"},"primaryImageOfPage":{"@id":"https:\/\/www.iplay.com\/it\/games\/cubis-kingdoms-collectors-edition\/#primaryimage"},"image":{"@id":"https:\/\/www.iplay.com\/it\/games\/cubis-kingdoms-collectors-edition\/#primaryimage"},"thumbnailUrl":"https:\/\/www.iplay.com\/wp-content\/uploads\/2023\/12\/large_square_tile_image-4100.jpg","datePublished":"2017-10-12T00:00:00+00:00","description":"Accendi un fiammifero. Raccogli i componenti. Salva il pianeta!","breadcrumb":{"@id":"https:\/\/www.iplay.com\/it\/games\/cubis-kingdoms-collectors-edition\/#breadcrumb"},"inLanguage":"it-IT","potentialAction":[{"@type":"ReadAction","target":["https:\/\/www.iplay.com\/it\/games\/cubis-kingdoms-collectors-edition\/"]}]},{"@type":"ImageObject","inLanguage":"it-IT","@id":"https:\/\/www.iplay.com\/it\/games\/cubis-kingdoms-collectors-edition\/#primaryimage","url":"https:\/\/www.iplay.com\/wp-content\/uploads\/2023\/12\/large_square_tile_image-4100.jpg","contentUrl":"https:\/\/www.iplay.com\/wp-content\/uploads\/2023\/12\/large_square_tile_image-4100.jpg","width":310,"height":310},{"@type":"BreadcrumbList","@id":"https:\/\/www.iplay.com\/it\/games\/cubis-kingdoms-collectors-edition\/#breadcrumb","itemListElement":[{"@type":"ListItem","position":1,"name":"Home","item":"https:\/\/www.iplay.com\/it\/home-page-2\/"},{"@type":"ListItem","position":2,"name":"Shop","item":"https:\/\/www.iplay.com\/en\/shop\/"},{"@type":"ListItem","position":3,"name":"Cubis Kingdoms Collector&#8217;s Edition"}]},{"@type":"WebSite","@id":"https:\/\/www.iplay.com\/en\/#website","url":"https:\/\/www.iplay.com\/en\/","name":"IPlay","description":"The Best Casual Games!","publisher":{"@id":"https:\/\/www.iplay.com\/en\/#organization"},"potentialAction":[{"@type":"SearchAction","target":{"@type":"EntryPoint","urlTemplate":"https:\/\/www.iplay.com\/en\/?s={search_term_string}"},"query-input":{"@type":"PropertyValueSpecification","valueRequired":true,"valueName":"search_term_string"}}],"inLanguage":"it-IT"},{"@type":"Organization","@id":"https:\/\/www.iplay.com\/en\/#organization","name":"IPlay","url":"https:\/\/www.iplay.com\/en\/","logo":{"@type":"ImageObject","inLanguage":"it-IT","@id":"https:\/\/www.iplay.com\/en\/#\/schema\/logo\/image\/","url":"https:\/\/www.iplay.com\/wp-content\/uploads\/2023\/11\/Group-6100.svg","contentUrl":"https:\/\/www.iplay.com\/wp-content\/uploads\/2023\/11\/Group-6100.svg","width":98,"height":25,"caption":"IPlay"},"image":{"@id":"https:\/\/www.iplay.com\/en\/#\/schema\/logo\/image\/"}}]}},"_links":{"self":[{"href":"https:\/\/www.iplay.com\/it\/wp-json\/wp\/v2\/product\/143401","targetHints":{"allow":["GET"]}}],"collection":[{"href":"https:\/\/www.iplay.com\/it\/wp-json\/wp\/v2\/product"}],"about":[{"href":"https:\/\/www.iplay.com\/it\/wp-json\/wp\/v2\/types\/product"}],"author":[{"embeddable":true,"href":"https:\/\/www.iplay.com\/it\/wp-json\/wp\/v2\/users\/4"}],"replies":[{"embeddable":true,"href":"https:\/\/www.iplay.com\/it\/wp-json\/wp\/v2\/comments?post=143401"}],"wp:featuredmedia":[{"embeddable":true,"href":"https:\/\/www.iplay.com\/it\/wp-json\/wp\/v2\/media\/105316"}],"wp:attachment":[{"href":"https:\/\/www.iplay.com\/it\/wp-json\/wp\/v2\/media?parent=143401"}],"wp:term":[{"taxonomy":"product_brand","embeddable":true,"href":"https:\/\/www.iplay.com\/it\/wp-json\/wp\/v2\/product_brand?post=143401"},{"taxonomy":"product_cat","embeddable":true,"href":"https:\/\/www.iplay.com\/it\/wp-json\/wp\/v2\/product_cat?post=143401"},{"taxonomy":"product_tag","embeddable":true,"href":"https:\/\/www.iplay.com\/it\/wp-json\/wp\/v2\/product_tag?post=143401"}],"curies":[{"name":"wp","href":"https:\/\/api.w.org\/{rel}","templated":true}]}}