{"id":142277,"date":"2025-08-14T07:30:19","date_gmt":"2025-08-14T07:30:19","guid":{"rendered":"https:\/\/www.iplay.com\/?post_type=product&p=142277"},"modified":"2025-08-14T07:30:19","modified_gmt":"2025-08-14T07:30:19","slug":"moto-race-city","status":"publish","type":"product","link":"https:\/\/www.iplay.com\/it\/games\/moto-race-city\/","title":{"rendered":"Moto Race City"},"content":{"rendered":"<p class=\"ai-optimize-27\">Il tempo \u00e8 fondamentale. Pi\u00f9 a lungo guidi, pi\u00f9 soldi guadagnerai per passare a bici pi\u00f9 veloci e pi\u00f9 resistenti. Senti la velocit\u00e0, migliora il tuo veicolo e diventa inarrestabile. Ogni mappa presenta una nuova sfida: pi\u00f9 veloce, pi\u00f9 difficile e pi\u00f9 pericolosa.   <\/p>\n<p class=\"ai-optimize-28\">Pedala il pi\u00f9 velocemente e lontano possibile senza schiantarti. Sorpassa i veicoli per guadagnare denaro e sblocca nuove moto con velocit\u00e0, maneggevolezza e capacit\u00e0 di frenata distinte. Esplora varie strade e metti alla prova i tuoi limiti su percorsi progressivamente difficili.  <\/p>\n","protected":false},"excerpt":{"rendered":"<p>Mostra il tuo talento di guida su una variet\u00e0 di autostrade, esplora paesaggi interessanti e competi per il punteggio pi\u00f9 alto: basta un incidente per porre fine alle cose.<\/p>\n","protected":false},"author":325,"featured_media":142247,"comment_status":"open","ping_status":"closed","template":"","meta":{"_acf_changed":false,"inline_featured_image":false},"product_brand":[],"product_cat":[181,195],"product_tag":[306,283,301,290],"class_list":{"0":"post-142277","1":"product","2":"type-product","3":"status-publish","4":"has-post-thumbnail","6":"product_cat-mobile-games-it","7":"product_cat-racing-it","8":"product_tag-play-for-free-it","9":"product_tag-play-on-mac-it","10":"product_tag-play-on-mobile-it","11":"product_tag-play-on-pc-it","13":"first","14":"instock","15":"shipping-taxable","16":"purchasable","17":"product-type-html5_game"},"acf":[],"yoast_head":"<!-- This site is optimized with the Yoast SEO Premium plugin v25.2 (Yoast SEO v25.2) - https:\/\/yoast.com\/wordpress\/plugins\/seo\/ -->\n<title>Moto Race City - Sorpassa le auto ed evita gli incidenti!<\/title>\n<meta name=\"description\" content=\"Mostra il tuo talento di guida su una variet\u00e0 di autostrade, esplora paesaggi interessanti e competi per il punteggio pi\u00f9 alto: basta un incidente per porre fine alle cose.\" \/>\n<meta name=\"robots\" content=\"index, follow, max-snippet:-1, max-image-preview:large, max-video-preview:-1\" \/>\n<link rel=\"canonical\" href=\"https:\/\/www.iplay.com\/en\/?post_type=product&p=142238\" \/>\n<meta property=\"og:locale\" content=\"it_IT\" \/>\n<meta property=\"og:type\" content=\"article\" \/>\n<meta property=\"og:title\" content=\"Moto Race City\" \/>\n<meta property=\"og:description\" content=\"Mostra il tuo talento di guida su una variet\u00e0 di autostrade, esplora paesaggi interessanti e competi per il punteggio pi\u00f9 alto: basta un incidente per porre fine alle cose.\" \/>\n<meta property=\"og:url\" content=\"https:\/\/www.iplay.com\/en\/?post_type=product&amp;p=142238\" \/>\n<meta property=\"og:site_name\" content=\"IPlay\" \/>\n<meta property=\"og:image\" content=\"https:\/\/www.iplay.com\/wp-content\/uploads\/2025\/08\/motoracecity-html5_1920x1080.webp\" \/>\n\t<meta property=\"og:image:width\" content=\"715\" \/>\n\t<meta property=\"og:image:height\" content=\"485\" \/>\n\t<meta property=\"og:image:type\" content=\"image\/webp\" \/>\n<meta name=\"twitter:card\" content=\"summary_large_image\" \/>\n<script type=\"application\/ld+json\" class=\"yoast-schema-graph\">{\"@context\":\"https:\/\/schema.org\",\"@graph\":[{\"@type\":\"WebPage\",\"@id\":\"https:\/\/www.iplay.com\/en\/?post_type=product&p=142238\",\"url\":\"https:\/\/www.iplay.com\/en\/?post_type=product&p=142238\",\"name\":\"Moto Race City - Sorpassa le auto ed evita gli incidenti!\",\"isPartOf\":{\"@id\":\"https:\/\/www.iplay.com\/en\/#website\"},\"primaryImageOfPage\":{\"@id\":\"https:\/\/www.iplay.com\/en\/?post_type=product&p=142238#primaryimage\"},\"image\":{\"@id\":\"https:\/\/www.iplay.com\/en\/?post_type=product&p=142238#primaryimage\"},\"thumbnailUrl\":\"https:\/\/www.iplay.com\/wp-content\/uploads\/2025\/08\/motoracecity-html5_1280x1280.webp\",\"datePublished\":\"2025-08-14T07:30:19+00:00\",\"description\":\"Mostra il tuo talento di guida su una variet\u00e0 di autostrade, esplora paesaggi interessanti e competi per il punteggio pi\u00f9 alto: basta un incidente per porre fine alle cose.\",\"breadcrumb\":{\"@id\":\"https:\/\/www.iplay.com\/en\/?post_type=product&p=142238#breadcrumb\"},\"inLanguage\":\"it-IT\",\"potentialAction\":[{\"@type\":\"ReadAction\",\"target\":[\"https:\/\/www.iplay.com\/en\/?post_type=product&p=142238\"]}]},{\"@type\":\"ImageObject\",\"inLanguage\":\"it-IT\",\"@id\":\"https:\/\/www.iplay.com\/en\/?post_type=product&p=142238#primaryimage\",\"url\":\"https:\/\/www.iplay.com\/wp-content\/uploads\/2025\/08\/motoracecity-html5_1280x1280.webp\",\"contentUrl\":\"https:\/\/www.iplay.com\/wp-content\/uploads\/2025\/08\/motoracecity-html5_1280x1280.webp\",\"width\":310,\"height\":310},{\"@type\":\"BreadcrumbList\",\"@id\":\"https:\/\/www.iplay.com\/en\/?post_type=product&p=142238#breadcrumb\",\"itemListElement\":[{\"@type\":\"ListItem\",\"position\":1,\"name\":\"Home\",\"item\":\"https:\/\/www.iplay.com\/it\/home-page-2\/\"},{\"@type\":\"ListItem\",\"position\":2,\"name\":\"Shop\",\"item\":\"https:\/\/www.iplay.com\/en\/shop\/\"},{\"@type\":\"ListItem\",\"position\":3,\"name\":\"Moto Race City\"}]},{\"@type\":\"WebSite\",\"@id\":\"https:\/\/www.iplay.com\/en\/#website\",\"url\":\"https:\/\/www.iplay.com\/en\/\",\"name\":\"IPlay\",\"description\":\"The Best Casual Games!\",\"publisher\":{\"@id\":\"https:\/\/www.iplay.com\/en\/#organization\"},\"potentialAction\":[{\"@type\":\"SearchAction\",\"target\":{\"@type\":\"EntryPoint\",\"urlTemplate\":\"https:\/\/www.iplay.com\/en\/?s={search_term_string}\"},\"query-input\":{\"@type\":\"PropertyValueSpecification\",\"valueRequired\":true,\"valueName\":\"search_term_string\"}}],\"inLanguage\":\"it-IT\"},{\"@type\":\"Organization\",\"@id\":\"https:\/\/www.iplay.com\/en\/#organization\",\"name\":\"IPlay\",\"url\":\"https:\/\/www.iplay.com\/en\/\",\"logo\":{\"@type\":\"ImageObject\",\"inLanguage\":\"it-IT\",\"@id\":\"https:\/\/www.iplay.com\/en\/#\/schema\/logo\/image\/\",\"url\":\"https:\/\/www.iplay.com\/wp-content\/uploads\/2023\/11\/Group-6100.svg\",\"contentUrl\":\"https:\/\/www.iplay.com\/wp-content\/uploads\/2023\/11\/Group-6100.svg\",\"width\":98,\"height\":25,\"caption\":\"IPlay\"},\"image\":{\"@id\":\"https:\/\/www.iplay.com\/en\/#\/schema\/logo\/image\/\"}}]}<\/script>\n<!-- \/ Yoast SEO Premium plugin. -->","yoast_head_json":{"title":"Moto Race City - Sorpassa le auto ed evita gli incidenti!","description":"Mostra il tuo talento di guida su una variet\u00e0 di autostrade, esplora paesaggi interessanti e competi per il punteggio pi\u00f9 alto: basta un incidente per porre fine alle cose.","robots":{"index":"index","follow":"follow","max-snippet":"max-snippet:-1","max-image-preview":"max-image-preview:large","max-video-preview":"max-video-preview:-1"},"canonical":"https:\/\/www.iplay.com\/en\/?post_type=product&p=142238","og_locale":"it_IT","og_type":"article","og_title":"Moto Race City","og_description":"Mostra il tuo talento di guida su una variet\u00e0 di autostrade, esplora paesaggi interessanti e competi per il punteggio pi\u00f9 alto: basta un incidente per porre fine alle cose.","og_url":"https:\/\/www.iplay.com\/en\/?post_type=product&p=142238","og_site_name":"IPlay","og_image":[{"width":715,"height":485,"url":"https:\/\/www.iplay.com\/wp-content\/uploads\/2025\/08\/motoracecity-html5_1920x1080.webp","type":"image\/webp"}],"twitter_card":"summary_large_image","schema":{"@context":"https:\/\/schema.org","@graph":[{"@type":"WebPage","@id":"https:\/\/www.iplay.com\/en\/?post_type=product&p=142238","url":"https:\/\/www.iplay.com\/en\/?post_type=product&p=142238","name":"Moto Race City - Sorpassa le auto ed evita gli incidenti!","isPartOf":{"@id":"https:\/\/www.iplay.com\/en\/#website"},"primaryImageOfPage":{"@id":"https:\/\/www.iplay.com\/en\/?post_type=product&p=142238#primaryimage"},"image":{"@id":"https:\/\/www.iplay.com\/en\/?post_type=product&p=142238#primaryimage"},"thumbnailUrl":"https:\/\/www.iplay.com\/wp-content\/uploads\/2025\/08\/motoracecity-html5_1280x1280.webp","datePublished":"2025-08-14T07:30:19+00:00","description":"Mostra il tuo talento di guida su una variet\u00e0 di autostrade, esplora paesaggi interessanti e competi per il punteggio pi\u00f9 alto: basta un incidente per porre fine alle cose.","breadcrumb":{"@id":"https:\/\/www.iplay.com\/en\/?post_type=product&p=142238#breadcrumb"},"inLanguage":"it-IT","potentialAction":[{"@type":"ReadAction","target":["https:\/\/www.iplay.com\/en\/?post_type=product&p=142238"]}]},{"@type":"ImageObject","inLanguage":"it-IT","@id":"https:\/\/www.iplay.com\/en\/?post_type=product&p=142238#primaryimage","url":"https:\/\/www.iplay.com\/wp-content\/uploads\/2025\/08\/motoracecity-html5_1280x1280.webp","contentUrl":"https:\/\/www.iplay.com\/wp-content\/uploads\/2025\/08\/motoracecity-html5_1280x1280.webp","width":310,"height":310},{"@type":"BreadcrumbList","@id":"https:\/\/www.iplay.com\/en\/?post_type=product&p=142238#breadcrumb","itemListElement":[{"@type":"ListItem","position":1,"name":"Home","item":"https:\/\/www.iplay.com\/it\/home-page-2\/"},{"@type":"ListItem","position":2,"name":"Shop","item":"https:\/\/www.iplay.com\/en\/shop\/"},{"@type":"ListItem","position":3,"name":"Moto Race City"}]},{"@type":"WebSite","@id":"https:\/\/www.iplay.com\/en\/#website","url":"https:\/\/www.iplay.com\/en\/","name":"IPlay","description":"The Best Casual Games!","publisher":{"@id":"https:\/\/www.iplay.com\/en\/#organization"},"potentialAction":[{"@type":"SearchAction","target":{"@type":"EntryPoint","urlTemplate":"https:\/\/www.iplay.com\/en\/?s={search_term_string}"},"query-input":{"@type":"PropertyValueSpecification","valueRequired":true,"valueName":"search_term_string"}}],"inLanguage":"it-IT"},{"@type":"Organization","@id":"https:\/\/www.iplay.com\/en\/#organization","name":"IPlay","url":"https:\/\/www.iplay.com\/en\/","logo":{"@type":"ImageObject","inLanguage":"it-IT","@id":"https:\/\/www.iplay.com\/en\/#\/schema\/logo\/image\/","url":"https:\/\/www.iplay.com\/wp-content\/uploads\/2023\/11\/Group-6100.svg","contentUrl":"https:\/\/www.iplay.com\/wp-content\/uploads\/2023\/11\/Group-6100.svg","width":98,"height":25,"caption":"IPlay"},"image":{"@id":"https:\/\/www.iplay.com\/en\/#\/schema\/logo\/image\/"}}]}},"_links":{"self":[{"href":"https:\/\/www.iplay.com\/it\/wp-json\/wp\/v2\/product\/142277","targetHints":{"allow":["GET"]}}],"collection":[{"href":"https:\/\/www.iplay.com\/it\/wp-json\/wp\/v2\/product"}],"about":[{"href":"https:\/\/www.iplay.com\/it\/wp-json\/wp\/v2\/types\/product"}],"author":[{"embeddable":true,"href":"https:\/\/www.iplay.com\/it\/wp-json\/wp\/v2\/users\/325"}],"replies":[{"embeddable":true,"href":"https:\/\/www.iplay.com\/it\/wp-json\/wp\/v2\/comments?post=142277"}],"wp:featuredmedia":[{"embeddable":true,"href":"https:\/\/www.iplay.com\/it\/wp-json\/wp\/v2\/media\/142247"}],"wp:attachment":[{"href":"https:\/\/www.iplay.com\/it\/wp-json\/wp\/v2\/media?parent=142277"}],"wp:term":[{"taxonomy":"product_brand","embeddable":true,"href":"https:\/\/www.iplay.com\/it\/wp-json\/wp\/v2\/product_brand?post=142277"},{"taxonomy":"product_cat","embeddable":true,"href":"https:\/\/www.iplay.com\/it\/wp-json\/wp\/v2\/product_cat?post=142277"},{"taxonomy":"product_tag","embeddable":true,"href":"https:\/\/www.iplay.com\/it\/wp-json\/wp\/v2\/product_tag?post=142277"}],"curies":[{"name":"wp","href":"https:\/\/api.w.org\/{rel}","templated":true}]}}