{"id":141250,"date":"2018-11-17T00:00:00","date_gmt":"2018-11-17T00:00:00","guid":{"rendered":"https:\/\/www.iplay.com\/games\/solitaire-legend-of-the-pirates-3\/"},"modified":"2018-11-17T00:00:00","modified_gmt":"2018-11-17T00:00:00","slug":"solitaire-legend-of-the-pirates-3","status":"publish","type":"product","link":"https:\/\/www.iplay.com\/it\/games\/solitaire-legend-of-the-pirates-3\/","title":{"rendered":"Solitaire Legend of the Pirates 3"},"content":{"rendered":"<p>Nel Mar dei Caraibi si possono trovare gemme nascoste di una ricchezza inimmaginabile. Aspettano ancora di essere trovati da tutti i viaggiatori intrepidi che hanno il coraggio di cercare. Ora hai la possibilit\u00e0 di unire le forze con i pirati e intraprendere un viaggio incredibile per diventare tu stesso un pirata! Giocare a Solitaire Legend of the Pirates 3 \u00e8 tutto ci\u00f2 che devi fare in questi giorni per scoprire quali antiche verit\u00e0 sono sepolte nella sabbia. Mentre ti rilassi in una vera esperienza, rilassati! Molti layout impegnativi ti arriveranno senza dubbio, ma sei pi\u00f9 che in grado di gestirli! Scopri 20 siti per sbloccare un sacco di fantastici trofei pirata, tra cui tre navi pirata storicamente significative che persino Jack Sparrow sarebbe orgoglioso di comandare! Una distintiva carta d&#8217;oro d\u00e0 al gioco una nuova svolta e diversi livelli di difficolt\u00e0 rendono ogni giorno ore di attivit\u00e0 emozionanti.       <\/p>\n<p>&nbsp;<\/p>\n<p>&nbsp;<\/p>\n<p><strong>Tratti somatici:<\/strong><\/p>\n<p>&nbsp;<\/p>\n<p>&#8211; Lascia che i tuoi sentimenti si scatenino!<br \/>\n&#8211; Gioca al solitario del gioco di carte e costruisci catene di carte!<br \/>\n&#8211; L&#8217;eccitazione abbonda ad ogni secondo grazie a questi livelli!<br \/>\n&#8211; Con la sua grafica vivace e l&#8217;accattivante musica dei pirati, questo solitario \u00e8 un vincitore!<br \/>\n&#8211; I jolly ti consentono di scartare le carte pi\u00f9 rapidamente aumentando anche il moltiplicatore di combinazione per massimizzare i tuoi guadagni in monete!<br \/>\n&#8211; Mazzi originali con temi e dodici diversi stili per il dorso delle carte!<br \/>\n&#8211; Lascia che il piacere prenda il sopravvento!<\/p>\n","protected":false},"excerpt":{"rendered":"<p>Assumi il ruolo di un pirata e guida la tua nave alla ricerca dell&#8217;oro perduto!<\/p>\n","protected":false},"author":13,"featured_media":86658,"comment_status":"open","ping_status":"closed","template":"","meta":{"_acf_changed":false,"inline_featured_image":false},"product_brand":[],"product_cat":[156,204],"product_tag":[290],"class_list":{"0":"post-141250","1":"product","2":"type-product","3":"status-publish","4":"has-post-thumbnail","6":"product_cat-card-it-2","7":"product_cat-solitaire-it","8":"product_tag-play-on-pc-it","10":"first","11":"instock","12":"shipping-taxable","13":"purchasable","14":"product-type-simple"},"acf":[],"yoast_head":"<!-- This site is optimized with the Yoast SEO Premium plugin v25.2 (Yoast SEO v25.2) - https:\/\/yoast.com\/wordpress\/plugins\/seo\/ -->\n<title>Solitaire Legend of the Pirates 3 - Vivi come un pirata, trova un tesoro nascosto, diventa il capitano<\/title>\n<meta name=\"robots\" content=\"index, follow, max-snippet:-1, max-image-preview:large, max-video-preview:-1\" \/>\n<link rel=\"canonical\" href=\"https:\/\/www.iplay.com\/it\/games\/solitaire-legend-of-the-pirates-3\/\" \/>\n<meta property=\"og:locale\" content=\"it_IT\" \/>\n<meta property=\"og:type\" content=\"article\" \/>\n<meta property=\"og:title\" content=\"Solitaire Legend of the Pirates 3\" \/>\n<meta property=\"og:url\" content=\"https:\/\/www.iplay.com\/it\/games\/solitaire-legend-of-the-pirates-3\/\" \/>\n<meta property=\"og:site_name\" content=\"IPlay\" \/>\n<meta property=\"og:image\" content=\"https:\/\/www.iplay.com\/wp-content\/uploads\/2023\/12\/large_square_tile_image-2928.jpg\" \/>\n\t<meta property=\"og:image:width\" content=\"310\" \/>\n\t<meta property=\"og:image:height\" content=\"310\" \/>\n\t<meta property=\"og:image:type\" content=\"image\/jpeg\" \/>\n<meta name=\"twitter:card\" content=\"summary_large_image\" \/>\n<meta name=\"twitter:label1\" content=\"Est. reading time\" \/>\n\t<meta name=\"twitter:data1\" content=\"1 minuto\" \/>\n<script type=\"application\/ld+json\" class=\"yoast-schema-graph\">{\"@context\":\"https:\/\/schema.org\",\"@graph\":[{\"@type\":\"WebPage\",\"@id\":\"https:\/\/www.iplay.com\/it\/games\/solitaire-legend-of-the-pirates-3\/\",\"url\":\"https:\/\/www.iplay.com\/it\/games\/solitaire-legend-of-the-pirates-3\/\",\"name\":\"Solitaire Legend of the Pirates 3 - Vivi come un pirata, trova un tesoro nascosto, diventa il capitano\",\"isPartOf\":{\"@id\":\"https:\/\/www.iplay.com\/en\/#website\"},\"primaryImageOfPage\":{\"@id\":\"https:\/\/www.iplay.com\/it\/games\/solitaire-legend-of-the-pirates-3\/#primaryimage\"},\"image\":{\"@id\":\"https:\/\/www.iplay.com\/it\/games\/solitaire-legend-of-the-pirates-3\/#primaryimage\"},\"thumbnailUrl\":\"https:\/\/www.iplay.com\/wp-content\/uploads\/2023\/12\/large_square_tile_image-2928.jpg\",\"datePublished\":\"2018-11-17T00:00:00+00:00\",\"breadcrumb\":{\"@id\":\"https:\/\/www.iplay.com\/it\/games\/solitaire-legend-of-the-pirates-3\/#breadcrumb\"},\"inLanguage\":\"it-IT\",\"potentialAction\":[{\"@type\":\"ReadAction\",\"target\":[\"https:\/\/www.iplay.com\/it\/games\/solitaire-legend-of-the-pirates-3\/\"]}]},{\"@type\":\"ImageObject\",\"inLanguage\":\"it-IT\",\"@id\":\"https:\/\/www.iplay.com\/it\/games\/solitaire-legend-of-the-pirates-3\/#primaryimage\",\"url\":\"https:\/\/www.iplay.com\/wp-content\/uploads\/2023\/12\/large_square_tile_image-2928.jpg\",\"contentUrl\":\"https:\/\/www.iplay.com\/wp-content\/uploads\/2023\/12\/large_square_tile_image-2928.jpg\",\"width\":310,\"height\":310},{\"@type\":\"BreadcrumbList\",\"@id\":\"https:\/\/www.iplay.com\/it\/games\/solitaire-legend-of-the-pirates-3\/#breadcrumb\",\"itemListElement\":[{\"@type\":\"ListItem\",\"position\":1,\"name\":\"Home\",\"item\":\"https:\/\/www.iplay.com\/it\/home-page-2\/\"},{\"@type\":\"ListItem\",\"position\":2,\"name\":\"Shop\",\"item\":\"https:\/\/www.iplay.com\/en\/shop\/\"},{\"@type\":\"ListItem\",\"position\":3,\"name\":\"Solitaire Legend of the Pirates 3\"}]},{\"@type\":\"WebSite\",\"@id\":\"https:\/\/www.iplay.com\/en\/#website\",\"url\":\"https:\/\/www.iplay.com\/en\/\",\"name\":\"IPlay\",\"description\":\"The Best Casual Games!\",\"publisher\":{\"@id\":\"https:\/\/www.iplay.com\/en\/#organization\"},\"potentialAction\":[{\"@type\":\"SearchAction\",\"target\":{\"@type\":\"EntryPoint\",\"urlTemplate\":\"https:\/\/www.iplay.com\/en\/?s={search_term_string}\"},\"query-input\":{\"@type\":\"PropertyValueSpecification\",\"valueRequired\":true,\"valueName\":\"search_term_string\"}}],\"inLanguage\":\"it-IT\"},{\"@type\":\"Organization\",\"@id\":\"https:\/\/www.iplay.com\/en\/#organization\",\"name\":\"IPlay\",\"url\":\"https:\/\/www.iplay.com\/en\/\",\"logo\":{\"@type\":\"ImageObject\",\"inLanguage\":\"it-IT\",\"@id\":\"https:\/\/www.iplay.com\/en\/#\/schema\/logo\/image\/\",\"url\":\"https:\/\/www.iplay.com\/wp-content\/uploads\/2023\/11\/Group-6100.svg\",\"contentUrl\":\"https:\/\/www.iplay.com\/wp-content\/uploads\/2023\/11\/Group-6100.svg\",\"width\":98,\"height\":25,\"caption\":\"IPlay\"},\"image\":{\"@id\":\"https:\/\/www.iplay.com\/en\/#\/schema\/logo\/image\/\"}}]}<\/script>\n<!-- \/ Yoast SEO Premium plugin. -->","yoast_head_json":{"title":"Solitaire Legend of the Pirates 3 - Vivi come un pirata, trova un tesoro nascosto, diventa il capitano","robots":{"index":"index","follow":"follow","max-snippet":"max-snippet:-1","max-image-preview":"max-image-preview:large","max-video-preview":"max-video-preview:-1"},"canonical":"https:\/\/www.iplay.com\/it\/games\/solitaire-legend-of-the-pirates-3\/","og_locale":"it_IT","og_type":"article","og_title":"Solitaire Legend of the Pirates 3","og_url":"https:\/\/www.iplay.com\/it\/games\/solitaire-legend-of-the-pirates-3\/","og_site_name":"IPlay","og_image":[{"width":310,"height":310,"url":"https:\/\/www.iplay.com\/wp-content\/uploads\/2023\/12\/large_square_tile_image-2928.jpg","type":"image\/jpeg"}],"twitter_card":"summary_large_image","twitter_misc":{"Est. reading time":"1 minuto"},"schema":{"@context":"https:\/\/schema.org","@graph":[{"@type":"WebPage","@id":"https:\/\/www.iplay.com\/it\/games\/solitaire-legend-of-the-pirates-3\/","url":"https:\/\/www.iplay.com\/it\/games\/solitaire-legend-of-the-pirates-3\/","name":"Solitaire Legend of the Pirates 3 - Vivi come un pirata, trova un tesoro nascosto, diventa il capitano","isPartOf":{"@id":"https:\/\/www.iplay.com\/en\/#website"},"primaryImageOfPage":{"@id":"https:\/\/www.iplay.com\/it\/games\/solitaire-legend-of-the-pirates-3\/#primaryimage"},"image":{"@id":"https:\/\/www.iplay.com\/it\/games\/solitaire-legend-of-the-pirates-3\/#primaryimage"},"thumbnailUrl":"https:\/\/www.iplay.com\/wp-content\/uploads\/2023\/12\/large_square_tile_image-2928.jpg","datePublished":"2018-11-17T00:00:00+00:00","breadcrumb":{"@id":"https:\/\/www.iplay.com\/it\/games\/solitaire-legend-of-the-pirates-3\/#breadcrumb"},"inLanguage":"it-IT","potentialAction":[{"@type":"ReadAction","target":["https:\/\/www.iplay.com\/it\/games\/solitaire-legend-of-the-pirates-3\/"]}]},{"@type":"ImageObject","inLanguage":"it-IT","@id":"https:\/\/www.iplay.com\/it\/games\/solitaire-legend-of-the-pirates-3\/#primaryimage","url":"https:\/\/www.iplay.com\/wp-content\/uploads\/2023\/12\/large_square_tile_image-2928.jpg","contentUrl":"https:\/\/www.iplay.com\/wp-content\/uploads\/2023\/12\/large_square_tile_image-2928.jpg","width":310,"height":310},{"@type":"BreadcrumbList","@id":"https:\/\/www.iplay.com\/it\/games\/solitaire-legend-of-the-pirates-3\/#breadcrumb","itemListElement":[{"@type":"ListItem","position":1,"name":"Home","item":"https:\/\/www.iplay.com\/it\/home-page-2\/"},{"@type":"ListItem","position":2,"name":"Shop","item":"https:\/\/www.iplay.com\/en\/shop\/"},{"@type":"ListItem","position":3,"name":"Solitaire Legend of the Pirates 3"}]},{"@type":"WebSite","@id":"https:\/\/www.iplay.com\/en\/#website","url":"https:\/\/www.iplay.com\/en\/","name":"IPlay","description":"The Best Casual Games!","publisher":{"@id":"https:\/\/www.iplay.com\/en\/#organization"},"potentialAction":[{"@type":"SearchAction","target":{"@type":"EntryPoint","urlTemplate":"https:\/\/www.iplay.com\/en\/?s={search_term_string}"},"query-input":{"@type":"PropertyValueSpecification","valueRequired":true,"valueName":"search_term_string"}}],"inLanguage":"it-IT"},{"@type":"Organization","@id":"https:\/\/www.iplay.com\/en\/#organization","name":"IPlay","url":"https:\/\/www.iplay.com\/en\/","logo":{"@type":"ImageObject","inLanguage":"it-IT","@id":"https:\/\/www.iplay.com\/en\/#\/schema\/logo\/image\/","url":"https:\/\/www.iplay.com\/wp-content\/uploads\/2023\/11\/Group-6100.svg","contentUrl":"https:\/\/www.iplay.com\/wp-content\/uploads\/2023\/11\/Group-6100.svg","width":98,"height":25,"caption":"IPlay"},"image":{"@id":"https:\/\/www.iplay.com\/en\/#\/schema\/logo\/image\/"}}]}},"_links":{"self":[{"href":"https:\/\/www.iplay.com\/it\/wp-json\/wp\/v2\/product\/141250","targetHints":{"allow":["GET"]}}],"collection":[{"href":"https:\/\/www.iplay.com\/it\/wp-json\/wp\/v2\/product"}],"about":[{"href":"https:\/\/www.iplay.com\/it\/wp-json\/wp\/v2\/types\/product"}],"author":[{"embeddable":true,"href":"https:\/\/www.iplay.com\/it\/wp-json\/wp\/v2\/users\/13"}],"replies":[{"embeddable":true,"href":"https:\/\/www.iplay.com\/it\/wp-json\/wp\/v2\/comments?post=141250"}],"wp:featuredmedia":[{"embeddable":true,"href":"https:\/\/www.iplay.com\/it\/wp-json\/wp\/v2\/media\/86658"}],"wp:attachment":[{"href":"https:\/\/www.iplay.com\/it\/wp-json\/wp\/v2\/media?parent=141250"}],"wp:term":[{"taxonomy":"product_brand","embeddable":true,"href":"https:\/\/www.iplay.com\/it\/wp-json\/wp\/v2\/product_brand?post=141250"},{"taxonomy":"product_cat","embeddable":true,"href":"https:\/\/www.iplay.com\/it\/wp-json\/wp\/v2\/product_cat?post=141250"},{"taxonomy":"product_tag","embeddable":true,"href":"https:\/\/www.iplay.com\/it\/wp-json\/wp\/v2\/product_tag?post=141250"}],"curies":[{"name":"wp","href":"https:\/\/api.w.org\/{rel}","templated":true}]}}