{"id":141035,"date":"2025-08-01T09:30:17","date_gmt":"2025-08-01T09:30:17","guid":{"rendered":"https:\/\/www.iplay.com\/?post_type=product&p=141035"},"modified":"2025-08-01T09:30:17","modified_gmt":"2025-08-01T09:30:17","slug":"mind-echoes-remnants-of-the-past-collectors-edition","status":"publish","type":"product","link":"https:\/\/www.iplay.com\/it\/games\/mind-echoes-remnants-of-the-past-collectors-edition\/","title":{"rendered":"Mind Echoes: Remnants of The Past Collector&#8217;s Edition"},"content":{"rendered":"<p class=\"whitespace-normal break-words ai-optimize-25 ai-optimize-introduction\">Visiti un parco a tema medievale che diventa un mistero inquietante. I turisti scompaiono e la realt\u00e0 inizia a confondersi intorno a te. Scoprite un regno dimenticato intrappolato nel tempo.  <\/p>\n<p class=\"whitespace-normal break-words ai-optimize-26\">Ci sono figure spettrali che pensano che il loro regno non sia mai finito. Cerchi indizi e risolvi enigmi di oggetti nascosti. Navighi in complicati minigiochi per scoprire un segreto secolare.  <\/p>\n<p class=\"whitespace-normal break-words ai-optimize-27\">Risveglia i sospetti e un cavaliere ti vede come una minaccia. Devi riportare la pace in questo regno infestato. Decidi tu se salvare tutti o diventare la prossima anima perduta.  <\/p>\n<p class=\"ai-optimize-39\"><strong>Tratti somatici<\/strong><\/p>\n<ul class=\"[&amp;:not(:last-child)_ul]:pb-1 [&amp;:not(:last-child)_ol]:pb-1 list-disc space-y-1.5 pl-7\">\n<li class=\"whitespace-normal break-words ai-optimize-29\">Indaga su un parco a tema medievale dove i turisti svaniscono e la realt\u00e0 si offusca<\/li>\n<li class=\"whitespace-normal break-words ai-optimize-30\">Cerca indizi e risolvi enigmi di oggetti nascosti<\/li>\n<li class=\"whitespace-normal break-words ai-optimize-31\">Naviga in complicati minigiochi per scoprire segreti secolari sepolti nella pietra<\/li>\n<li class=\"whitespace-normal break-words ai-optimize-32\">Affronta un cavaliere che ti vede come una minaccia per il suo regno spettrale<\/li>\n<li class=\"whitespace-normal break-words ai-optimize-33\">Decidi se ripristinare la pace o diventare la prossima anima perduta<\/li>\n<\/ul>\n<p>&nbsp;<\/p>\n<p class=\"whitespace-normal break-words ai-optimize-34\"><strong>Caratteristiche della Collector&#8217;s Edition<\/strong><\/p>\n<ul class=\"[&amp;:not(:last-child)_ul]:pb-1 [&amp;:not(:last-child)_ol]:pb-1 list-disc space-y-1.5 pl-7\">\n<li class=\"whitespace-normal break-words ai-optimize-35\">Sblocca un capitolo bonus che rivela segreti pi\u00f9 profondi e verit\u00e0 pi\u00f9 oscure<\/li>\n<li class=\"whitespace-normal break-words ai-optimize-36\">Gioca a minigiochi ed enigmi esclusivi legati al mistero medievale<\/li>\n<li class=\"whitespace-normal break-words ai-optimize-37\">Accedi a una galleria di oggetti da collezione e tieni traccia dei tuoi risultati<\/li>\n<li class=\"whitespace-normal break-words ai-optimize-38\">Goditi immagini e musica inquietanti con gli extra scaricabili<\/li>\n<\/ul>\n","protected":false},"excerpt":{"rendered":"<p>Scopri uno spettrale mistero medievale dove il pericolo si nasconde dietro ogni angolo e il tempo sembra fermarsi!<\/p>\n","protected":false},"author":52,"featured_media":140994,"comment_status":"open","ping_status":"closed","template":"","meta":{"_acf_changed":false,"inline_featured_image":false},"product_brand":[],"product_cat":[147,163],"product_tag":[290],"class_list":{"0":"post-141035","1":"product","2":"type-product","3":"status-publish","4":"has-post-thumbnail","6":"product_cat-adventure-it","7":"product_cat-hidden-object-it","8":"product_tag-play-on-pc-it","10":"first","11":"instock","12":"shipping-taxable","13":"purchasable","14":"product-type-simple"},"acf":[],"yoast_head":"<!-- This site is optimized with the Yoast SEO Premium plugin v25.2 (Yoast SEO v25.2) - https:\/\/yoast.com\/wordpress\/plugins\/seo\/ -->\n<title>Echi della mente: Resti del passato CE - Mistero dei fantasmi medievali<\/title>\n<meta name=\"description\" content=\"Scopri uno spettrale mistero medievale dove il pericolo si nasconde dietro ogni angolo e il tempo sembra fermarsi!\" \/>\n<meta name=\"robots\" content=\"index, follow, max-snippet:-1, max-image-preview:large, max-video-preview:-1\" \/>\n<link rel=\"canonical\" href=\"https:\/\/www.iplay.com\/en\/games\/mind-echoes-remnants-of-the-past-collectors-edition\/\" \/>\n<meta property=\"og:locale\" content=\"it_IT\" \/>\n<meta property=\"og:type\" content=\"article\" \/>\n<meta property=\"og:title\" content=\"Mind Echoes: Remnants of The Past Collector&#039;s Edition\" \/>\n<meta property=\"og:description\" content=\"Scopri uno spettrale mistero medievale dove il pericolo si nasconde dietro ogni angolo e il tempo sembra fermarsi!\" \/>\n<meta property=\"og:url\" content=\"https:\/\/www.iplay.com\/en\/games\/mind-echoes-remnants-of-the-past-collectors-edition\/\" \/>\n<meta property=\"og:site_name\" content=\"IPlay\" \/>\n<meta property=\"og:image\" content=\"https:\/\/www.iplay.com\/wp-content\/uploads\/2025\/07\/mind_echoes_-_remnants_of_the_past_ce_large_video_screenshot.webp\" \/>\n\t<meta property=\"og:image:width\" content=\"715\" \/>\n\t<meta property=\"og:image:height\" content=\"485\" \/>\n\t<meta property=\"og:image:type\" content=\"image\/webp\" \/>\n<meta name=\"twitter:card\" content=\"summary_large_image\" \/>\n<meta name=\"twitter:label1\" content=\"Est. reading time\" \/>\n\t<meta name=\"twitter:data1\" content=\"1 minuto\" \/>\n<script type=\"application\/ld+json\" class=\"yoast-schema-graph\">{\"@context\":\"https:\/\/schema.org\",\"@graph\":[{\"@type\":\"WebPage\",\"@id\":\"https:\/\/www.iplay.com\/en\/games\/mind-echoes-remnants-of-the-past-collectors-edition\/\",\"url\":\"https:\/\/www.iplay.com\/en\/games\/mind-echoes-remnants-of-the-past-collectors-edition\/\",\"name\":\"Echi della mente: Resti del passato CE - Mistero dei fantasmi medievali\",\"isPartOf\":{\"@id\":\"https:\/\/www.iplay.com\/en\/#website\"},\"primaryImageOfPage\":{\"@id\":\"https:\/\/www.iplay.com\/en\/games\/mind-echoes-remnants-of-the-past-collectors-edition\/#primaryimage\"},\"image\":{\"@id\":\"https:\/\/www.iplay.com\/en\/games\/mind-echoes-remnants-of-the-past-collectors-edition\/#primaryimage\"},\"thumbnailUrl\":\"https:\/\/www.iplay.com\/wp-content\/uploads\/2025\/07\/mind_echoes_-_remnants_of_the_past_ce_large_video_screenshot.webp\",\"datePublished\":\"2025-08-01T09:30:17+00:00\",\"description\":\"Scopri uno spettrale mistero medievale dove il pericolo si nasconde dietro ogni angolo e il tempo sembra fermarsi!\",\"breadcrumb\":{\"@id\":\"https:\/\/www.iplay.com\/en\/games\/mind-echoes-remnants-of-the-past-collectors-edition\/#breadcrumb\"},\"inLanguage\":\"it-IT\",\"potentialAction\":[{\"@type\":\"ReadAction\",\"target\":[\"https:\/\/www.iplay.com\/en\/games\/mind-echoes-remnants-of-the-past-collectors-edition\/\"]}]},{\"@type\":\"ImageObject\",\"inLanguage\":\"it-IT\",\"@id\":\"https:\/\/www.iplay.com\/en\/games\/mind-echoes-remnants-of-the-past-collectors-edition\/#primaryimage\",\"url\":\"https:\/\/www.iplay.com\/wp-content\/uploads\/2025\/07\/mind_echoes_-_remnants_of_the_past_ce_large_video_screenshot.webp\",\"contentUrl\":\"https:\/\/www.iplay.com\/wp-content\/uploads\/2025\/07\/mind_echoes_-_remnants_of_the_past_ce_large_video_screenshot.webp\",\"width\":715,\"height\":485},{\"@type\":\"BreadcrumbList\",\"@id\":\"https:\/\/www.iplay.com\/en\/games\/mind-echoes-remnants-of-the-past-collectors-edition\/#breadcrumb\",\"itemListElement\":[{\"@type\":\"ListItem\",\"position\":1,\"name\":\"Home\",\"item\":\"https:\/\/www.iplay.com\/it\/home-page-2\/\"},{\"@type\":\"ListItem\",\"position\":2,\"name\":\"Shop\",\"item\":\"https:\/\/www.iplay.com\/en\/shop\/\"},{\"@type\":\"ListItem\",\"position\":3,\"name\":\"Mind Echoes: Remnants of The Past Collector&#8217;s Edition\"}]},{\"@type\":\"WebSite\",\"@id\":\"https:\/\/www.iplay.com\/en\/#website\",\"url\":\"https:\/\/www.iplay.com\/en\/\",\"name\":\"IPlay\",\"description\":\"The Best Casual Games!\",\"publisher\":{\"@id\":\"https:\/\/www.iplay.com\/en\/#organization\"},\"potentialAction\":[{\"@type\":\"SearchAction\",\"target\":{\"@type\":\"EntryPoint\",\"urlTemplate\":\"https:\/\/www.iplay.com\/en\/?s={search_term_string}\"},\"query-input\":{\"@type\":\"PropertyValueSpecification\",\"valueRequired\":true,\"valueName\":\"search_term_string\"}}],\"inLanguage\":\"it-IT\"},{\"@type\":\"Organization\",\"@id\":\"https:\/\/www.iplay.com\/en\/#organization\",\"name\":\"IPlay\",\"url\":\"https:\/\/www.iplay.com\/en\/\",\"logo\":{\"@type\":\"ImageObject\",\"inLanguage\":\"it-IT\",\"@id\":\"https:\/\/www.iplay.com\/en\/#\/schema\/logo\/image\/\",\"url\":\"https:\/\/www.iplay.com\/wp-content\/uploads\/2023\/11\/Group-6100.svg\",\"contentUrl\":\"https:\/\/www.iplay.com\/wp-content\/uploads\/2023\/11\/Group-6100.svg\",\"width\":98,\"height\":25,\"caption\":\"IPlay\"},\"image\":{\"@id\":\"https:\/\/www.iplay.com\/en\/#\/schema\/logo\/image\/\"}}]}<\/script>\n<!-- \/ Yoast SEO Premium plugin. -->","yoast_head_json":{"title":"Echi della mente: Resti del passato CE - Mistero dei fantasmi medievali","description":"Scopri uno spettrale mistero medievale dove il pericolo si nasconde dietro ogni angolo e il tempo sembra fermarsi!","robots":{"index":"index","follow":"follow","max-snippet":"max-snippet:-1","max-image-preview":"max-image-preview:large","max-video-preview":"max-video-preview:-1"},"canonical":"https:\/\/www.iplay.com\/en\/games\/mind-echoes-remnants-of-the-past-collectors-edition\/","og_locale":"it_IT","og_type":"article","og_title":"Mind Echoes: Remnants of The Past Collector's Edition","og_description":"Scopri uno spettrale mistero medievale dove il pericolo si nasconde dietro ogni angolo e il tempo sembra fermarsi!","og_url":"https:\/\/www.iplay.com\/en\/games\/mind-echoes-remnants-of-the-past-collectors-edition\/","og_site_name":"IPlay","og_image":[{"width":715,"height":485,"url":"https:\/\/www.iplay.com\/wp-content\/uploads\/2025\/07\/mind_echoes_-_remnants_of_the_past_ce_large_video_screenshot.webp","type":"image\/webp"}],"twitter_card":"summary_large_image","twitter_misc":{"Est. reading time":"1 minuto"},"schema":{"@context":"https:\/\/schema.org","@graph":[{"@type":"WebPage","@id":"https:\/\/www.iplay.com\/en\/games\/mind-echoes-remnants-of-the-past-collectors-edition\/","url":"https:\/\/www.iplay.com\/en\/games\/mind-echoes-remnants-of-the-past-collectors-edition\/","name":"Echi della mente: Resti del passato CE - Mistero dei fantasmi medievali","isPartOf":{"@id":"https:\/\/www.iplay.com\/en\/#website"},"primaryImageOfPage":{"@id":"https:\/\/www.iplay.com\/en\/games\/mind-echoes-remnants-of-the-past-collectors-edition\/#primaryimage"},"image":{"@id":"https:\/\/www.iplay.com\/en\/games\/mind-echoes-remnants-of-the-past-collectors-edition\/#primaryimage"},"thumbnailUrl":"https:\/\/www.iplay.com\/wp-content\/uploads\/2025\/07\/mind_echoes_-_remnants_of_the_past_ce_large_video_screenshot.webp","datePublished":"2025-08-01T09:30:17+00:00","description":"Scopri uno spettrale mistero medievale dove il pericolo si nasconde dietro ogni angolo e il tempo sembra fermarsi!","breadcrumb":{"@id":"https:\/\/www.iplay.com\/en\/games\/mind-echoes-remnants-of-the-past-collectors-edition\/#breadcrumb"},"inLanguage":"it-IT","potentialAction":[{"@type":"ReadAction","target":["https:\/\/www.iplay.com\/en\/games\/mind-echoes-remnants-of-the-past-collectors-edition\/"]}]},{"@type":"ImageObject","inLanguage":"it-IT","@id":"https:\/\/www.iplay.com\/en\/games\/mind-echoes-remnants-of-the-past-collectors-edition\/#primaryimage","url":"https:\/\/www.iplay.com\/wp-content\/uploads\/2025\/07\/mind_echoes_-_remnants_of_the_past_ce_large_video_screenshot.webp","contentUrl":"https:\/\/www.iplay.com\/wp-content\/uploads\/2025\/07\/mind_echoes_-_remnants_of_the_past_ce_large_video_screenshot.webp","width":715,"height":485},{"@type":"BreadcrumbList","@id":"https:\/\/www.iplay.com\/en\/games\/mind-echoes-remnants-of-the-past-collectors-edition\/#breadcrumb","itemListElement":[{"@type":"ListItem","position":1,"name":"Home","item":"https:\/\/www.iplay.com\/it\/home-page-2\/"},{"@type":"ListItem","position":2,"name":"Shop","item":"https:\/\/www.iplay.com\/en\/shop\/"},{"@type":"ListItem","position":3,"name":"Mind Echoes: Remnants of The Past Collector&#8217;s Edition"}]},{"@type":"WebSite","@id":"https:\/\/www.iplay.com\/en\/#website","url":"https:\/\/www.iplay.com\/en\/","name":"IPlay","description":"The Best Casual Games!","publisher":{"@id":"https:\/\/www.iplay.com\/en\/#organization"},"potentialAction":[{"@type":"SearchAction","target":{"@type":"EntryPoint","urlTemplate":"https:\/\/www.iplay.com\/en\/?s={search_term_string}"},"query-input":{"@type":"PropertyValueSpecification","valueRequired":true,"valueName":"search_term_string"}}],"inLanguage":"it-IT"},{"@type":"Organization","@id":"https:\/\/www.iplay.com\/en\/#organization","name":"IPlay","url":"https:\/\/www.iplay.com\/en\/","logo":{"@type":"ImageObject","inLanguage":"it-IT","@id":"https:\/\/www.iplay.com\/en\/#\/schema\/logo\/image\/","url":"https:\/\/www.iplay.com\/wp-content\/uploads\/2023\/11\/Group-6100.svg","contentUrl":"https:\/\/www.iplay.com\/wp-content\/uploads\/2023\/11\/Group-6100.svg","width":98,"height":25,"caption":"IPlay"},"image":{"@id":"https:\/\/www.iplay.com\/en\/#\/schema\/logo\/image\/"}}]}},"_links":{"self":[{"href":"https:\/\/www.iplay.com\/it\/wp-json\/wp\/v2\/product\/141035","targetHints":{"allow":["GET"]}}],"collection":[{"href":"https:\/\/www.iplay.com\/it\/wp-json\/wp\/v2\/product"}],"about":[{"href":"https:\/\/www.iplay.com\/it\/wp-json\/wp\/v2\/types\/product"}],"author":[{"embeddable":true,"href":"https:\/\/www.iplay.com\/it\/wp-json\/wp\/v2\/users\/52"}],"replies":[{"embeddable":true,"href":"https:\/\/www.iplay.com\/it\/wp-json\/wp\/v2\/comments?post=141035"}],"wp:featuredmedia":[{"embeddable":true,"href":"https:\/\/www.iplay.com\/it\/wp-json\/wp\/v2\/media\/140994"}],"wp:attachment":[{"href":"https:\/\/www.iplay.com\/it\/wp-json\/wp\/v2\/media?parent=141035"}],"wp:term":[{"taxonomy":"product_brand","embeddable":true,"href":"https:\/\/www.iplay.com\/it\/wp-json\/wp\/v2\/product_brand?post=141035"},{"taxonomy":"product_cat","embeddable":true,"href":"https:\/\/www.iplay.com\/it\/wp-json\/wp\/v2\/product_cat?post=141035"},{"taxonomy":"product_tag","embeddable":true,"href":"https:\/\/www.iplay.com\/it\/wp-json\/wp\/v2\/product_tag?post=141035"}],"curies":[{"name":"wp","href":"https:\/\/api.w.org\/{rel}","templated":true}]}}