{"id":140754,"date":"2019-03-23T00:00:00","date_gmt":"2019-03-23T00:00:00","guid":{"rendered":"https:\/\/www.iplay.com\/games\/the-myth-seekers-the-legacy-of-vulcan\/"},"modified":"2019-03-23T00:00:00","modified_gmt":"2019-03-23T00:00:00","slug":"the-myth-seekers-the-legacy-of-vulcan","status":"publish","type":"product","link":"https:\/\/www.iplay.com\/it\/games\/the-myth-seekers-the-legacy-of-vulcan\/","title":{"rendered":"The Myth Seekers &#8211; The Legacy of Vulcan"},"content":{"rendered":"<p>Assumi il ruolo di Amelia, una nuova aggiunta all&#8217;agenzia Myth Seekers e una brillante specialista in mitologia romana. Il tuo compito \u00e8 quello di svolgere ulteriori ricerche sulla scomparsa di un collega operatore in circostanze sospette. Trovare il Codice Vesuviano e contattare Lorenzo, una spia italiana, dovrebbero essere le prime priorit\u00e0. Dovrete lavorare insieme per localizzare la potente reliquia nota come Martello di Vulcano. Poich\u00e9 anche le forze del male sono alla ricerca della reliquia, il tempo \u00e8 importante. Viaggerai attraverso l&#8217;Italia in questa avventura mozzafiato, risolvendo vari enigmi e cercando risposte in scenari con oggetti nascosti. Scopri la vera storia dietro la devastazione di Pompei e combatti gli avversari dell&#8217;Agenzia nella tua corsa per salvare un altro disastro!      <\/p>\n<p>&nbsp;<\/p>\n<p>&nbsp;<\/p>\n<p><strong>Tratti somatici:<\/strong><\/p>\n<p>&nbsp;<\/p>\n<p>&#8211; Conosci 16 personaggi famosi della mitologia romana!<br \/>\n&#8211; Accetta di assumere il ruolo di agente dei Myth Seekers!<br \/>\n&#8211; Usa un sacco di artefatti miracolosi di Vulcano!<br \/>\n&#8211; Risolvi una quarantina di situazioni HO e minigiochi!<br \/>\n&#8211; Vivi l&#8217;essenza dell&#8217;Italia in questi 28 luoghi affascinanti!<\/p>\n","protected":false},"excerpt":{"rendered":"<p>Riuscirai a recuperare il Martello di Vulcano prima che gli dei dell&#8217;antichit\u00e0 scatenino la loro ira?<\/p>\n","protected":false},"author":24,"featured_media":89718,"comment_status":"open","ping_status":"closed","template":"","meta":{"_acf_changed":false,"inline_featured_image":false},"product_brand":[],"product_cat":[163],"product_tag":[290],"class_list":{"0":"post-140754","1":"product","2":"type-product","3":"status-publish","4":"has-post-thumbnail","6":"product_cat-hidden-object-it","7":"product_tag-play-on-pc-it","9":"first","10":"instock","11":"shipping-taxable","12":"purchasable","13":"product-type-simple"},"acf":[],"yoast_head":"<!-- This site is optimized with the Yoast SEO Premium plugin v25.2 (Yoast SEO v25.2) - https:\/\/yoast.com\/wordpress\/plugins\/seo\/ -->\n<title>The Myth Seekers - L&#039;eredit\u00e0 di Vulcano - Recupera il martello di Vulcano prima che gli antichi dei scatenino il caos<\/title>\n<meta name=\"robots\" content=\"index, follow, max-snippet:-1, max-image-preview:large, max-video-preview:-1\" \/>\n<link rel=\"canonical\" href=\"https:\/\/www.iplay.com\/it\/games\/the-myth-seekers-the-legacy-of-vulcan\/\" \/>\n<meta property=\"og:locale\" content=\"it_IT\" \/>\n<meta property=\"og:type\" content=\"article\" \/>\n<meta property=\"og:title\" content=\"The Myth Seekers - The Legacy of Vulcan\" \/>\n<meta property=\"og:url\" content=\"https:\/\/www.iplay.com\/it\/games\/the-myth-seekers-the-legacy-of-vulcan\/\" \/>\n<meta property=\"og:site_name\" content=\"IPlay\" \/>\n<meta property=\"og:image\" content=\"https:\/\/www.iplay.com\/wp-content\/uploads\/2023\/12\/large_square_tile_image-3119.jpg\" \/>\n\t<meta property=\"og:image:width\" content=\"310\" \/>\n\t<meta property=\"og:image:height\" content=\"310\" \/>\n\t<meta property=\"og:image:type\" content=\"image\/jpeg\" \/>\n<meta name=\"twitter:card\" content=\"summary_large_image\" \/>\n<meta name=\"twitter:label1\" content=\"Est. reading time\" \/>\n\t<meta name=\"twitter:data1\" content=\"1 minuto\" \/>\n<script type=\"application\/ld+json\" class=\"yoast-schema-graph\">{\"@context\":\"https:\/\/schema.org\",\"@graph\":[{\"@type\":\"WebPage\",\"@id\":\"https:\/\/www.iplay.com\/it\/games\/the-myth-seekers-the-legacy-of-vulcan\/\",\"url\":\"https:\/\/www.iplay.com\/it\/games\/the-myth-seekers-the-legacy-of-vulcan\/\",\"name\":\"The Myth Seekers - L'eredit\u00e0 di Vulcano - Recupera il martello di Vulcano prima che gli antichi dei scatenino il caos\",\"isPartOf\":{\"@id\":\"https:\/\/www.iplay.com\/en\/#website\"},\"primaryImageOfPage\":{\"@id\":\"https:\/\/www.iplay.com\/it\/games\/the-myth-seekers-the-legacy-of-vulcan\/#primaryimage\"},\"image\":{\"@id\":\"https:\/\/www.iplay.com\/it\/games\/the-myth-seekers-the-legacy-of-vulcan\/#primaryimage\"},\"thumbnailUrl\":\"https:\/\/www.iplay.com\/wp-content\/uploads\/2023\/12\/large_square_tile_image-3119.jpg\",\"datePublished\":\"2019-03-23T00:00:00+00:00\",\"breadcrumb\":{\"@id\":\"https:\/\/www.iplay.com\/it\/games\/the-myth-seekers-the-legacy-of-vulcan\/#breadcrumb\"},\"inLanguage\":\"it-IT\",\"potentialAction\":[{\"@type\":\"ReadAction\",\"target\":[\"https:\/\/www.iplay.com\/it\/games\/the-myth-seekers-the-legacy-of-vulcan\/\"]}]},{\"@type\":\"ImageObject\",\"inLanguage\":\"it-IT\",\"@id\":\"https:\/\/www.iplay.com\/it\/games\/the-myth-seekers-the-legacy-of-vulcan\/#primaryimage\",\"url\":\"https:\/\/www.iplay.com\/wp-content\/uploads\/2023\/12\/large_square_tile_image-3119.jpg\",\"contentUrl\":\"https:\/\/www.iplay.com\/wp-content\/uploads\/2023\/12\/large_square_tile_image-3119.jpg\",\"width\":310,\"height\":310},{\"@type\":\"BreadcrumbList\",\"@id\":\"https:\/\/www.iplay.com\/it\/games\/the-myth-seekers-the-legacy-of-vulcan\/#breadcrumb\",\"itemListElement\":[{\"@type\":\"ListItem\",\"position\":1,\"name\":\"Home\",\"item\":\"https:\/\/www.iplay.com\/it\/home-page-2\/\"},{\"@type\":\"ListItem\",\"position\":2,\"name\":\"Shop\",\"item\":\"https:\/\/www.iplay.com\/en\/shop\/\"},{\"@type\":\"ListItem\",\"position\":3,\"name\":\"The Myth Seekers &#8211; The Legacy of Vulcan\"}]},{\"@type\":\"WebSite\",\"@id\":\"https:\/\/www.iplay.com\/en\/#website\",\"url\":\"https:\/\/www.iplay.com\/en\/\",\"name\":\"IPlay\",\"description\":\"The Best Casual Games!\",\"publisher\":{\"@id\":\"https:\/\/www.iplay.com\/en\/#organization\"},\"potentialAction\":[{\"@type\":\"SearchAction\",\"target\":{\"@type\":\"EntryPoint\",\"urlTemplate\":\"https:\/\/www.iplay.com\/en\/?s={search_term_string}\"},\"query-input\":{\"@type\":\"PropertyValueSpecification\",\"valueRequired\":true,\"valueName\":\"search_term_string\"}}],\"inLanguage\":\"it-IT\"},{\"@type\":\"Organization\",\"@id\":\"https:\/\/www.iplay.com\/en\/#organization\",\"name\":\"IPlay\",\"url\":\"https:\/\/www.iplay.com\/en\/\",\"logo\":{\"@type\":\"ImageObject\",\"inLanguage\":\"it-IT\",\"@id\":\"https:\/\/www.iplay.com\/en\/#\/schema\/logo\/image\/\",\"url\":\"https:\/\/www.iplay.com\/wp-content\/uploads\/2023\/11\/Group-6100.svg\",\"contentUrl\":\"https:\/\/www.iplay.com\/wp-content\/uploads\/2023\/11\/Group-6100.svg\",\"width\":98,\"height\":25,\"caption\":\"IPlay\"},\"image\":{\"@id\":\"https:\/\/www.iplay.com\/en\/#\/schema\/logo\/image\/\"}}]}<\/script>\n<!-- \/ Yoast SEO Premium plugin. -->","yoast_head_json":{"title":"The Myth Seekers - L'eredit\u00e0 di Vulcano - Recupera il martello di Vulcano prima che gli antichi dei scatenino il caos","robots":{"index":"index","follow":"follow","max-snippet":"max-snippet:-1","max-image-preview":"max-image-preview:large","max-video-preview":"max-video-preview:-1"},"canonical":"https:\/\/www.iplay.com\/it\/games\/the-myth-seekers-the-legacy-of-vulcan\/","og_locale":"it_IT","og_type":"article","og_title":"The Myth Seekers - The Legacy of Vulcan","og_url":"https:\/\/www.iplay.com\/it\/games\/the-myth-seekers-the-legacy-of-vulcan\/","og_site_name":"IPlay","og_image":[{"width":310,"height":310,"url":"https:\/\/www.iplay.com\/wp-content\/uploads\/2023\/12\/large_square_tile_image-3119.jpg","type":"image\/jpeg"}],"twitter_card":"summary_large_image","twitter_misc":{"Est. reading time":"1 minuto"},"schema":{"@context":"https:\/\/schema.org","@graph":[{"@type":"WebPage","@id":"https:\/\/www.iplay.com\/it\/games\/the-myth-seekers-the-legacy-of-vulcan\/","url":"https:\/\/www.iplay.com\/it\/games\/the-myth-seekers-the-legacy-of-vulcan\/","name":"The Myth Seekers - L'eredit\u00e0 di Vulcano - Recupera il martello di Vulcano prima che gli antichi dei scatenino il caos","isPartOf":{"@id":"https:\/\/www.iplay.com\/en\/#website"},"primaryImageOfPage":{"@id":"https:\/\/www.iplay.com\/it\/games\/the-myth-seekers-the-legacy-of-vulcan\/#primaryimage"},"image":{"@id":"https:\/\/www.iplay.com\/it\/games\/the-myth-seekers-the-legacy-of-vulcan\/#primaryimage"},"thumbnailUrl":"https:\/\/www.iplay.com\/wp-content\/uploads\/2023\/12\/large_square_tile_image-3119.jpg","datePublished":"2019-03-23T00:00:00+00:00","breadcrumb":{"@id":"https:\/\/www.iplay.com\/it\/games\/the-myth-seekers-the-legacy-of-vulcan\/#breadcrumb"},"inLanguage":"it-IT","potentialAction":[{"@type":"ReadAction","target":["https:\/\/www.iplay.com\/it\/games\/the-myth-seekers-the-legacy-of-vulcan\/"]}]},{"@type":"ImageObject","inLanguage":"it-IT","@id":"https:\/\/www.iplay.com\/it\/games\/the-myth-seekers-the-legacy-of-vulcan\/#primaryimage","url":"https:\/\/www.iplay.com\/wp-content\/uploads\/2023\/12\/large_square_tile_image-3119.jpg","contentUrl":"https:\/\/www.iplay.com\/wp-content\/uploads\/2023\/12\/large_square_tile_image-3119.jpg","width":310,"height":310},{"@type":"BreadcrumbList","@id":"https:\/\/www.iplay.com\/it\/games\/the-myth-seekers-the-legacy-of-vulcan\/#breadcrumb","itemListElement":[{"@type":"ListItem","position":1,"name":"Home","item":"https:\/\/www.iplay.com\/it\/home-page-2\/"},{"@type":"ListItem","position":2,"name":"Shop","item":"https:\/\/www.iplay.com\/en\/shop\/"},{"@type":"ListItem","position":3,"name":"The Myth Seekers &#8211; The Legacy of Vulcan"}]},{"@type":"WebSite","@id":"https:\/\/www.iplay.com\/en\/#website","url":"https:\/\/www.iplay.com\/en\/","name":"IPlay","description":"The Best Casual Games!","publisher":{"@id":"https:\/\/www.iplay.com\/en\/#organization"},"potentialAction":[{"@type":"SearchAction","target":{"@type":"EntryPoint","urlTemplate":"https:\/\/www.iplay.com\/en\/?s={search_term_string}"},"query-input":{"@type":"PropertyValueSpecification","valueRequired":true,"valueName":"search_term_string"}}],"inLanguage":"it-IT"},{"@type":"Organization","@id":"https:\/\/www.iplay.com\/en\/#organization","name":"IPlay","url":"https:\/\/www.iplay.com\/en\/","logo":{"@type":"ImageObject","inLanguage":"it-IT","@id":"https:\/\/www.iplay.com\/en\/#\/schema\/logo\/image\/","url":"https:\/\/www.iplay.com\/wp-content\/uploads\/2023\/11\/Group-6100.svg","contentUrl":"https:\/\/www.iplay.com\/wp-content\/uploads\/2023\/11\/Group-6100.svg","width":98,"height":25,"caption":"IPlay"},"image":{"@id":"https:\/\/www.iplay.com\/en\/#\/schema\/logo\/image\/"}}]}},"_links":{"self":[{"href":"https:\/\/www.iplay.com\/it\/wp-json\/wp\/v2\/product\/140754","targetHints":{"allow":["GET"]}}],"collection":[{"href":"https:\/\/www.iplay.com\/it\/wp-json\/wp\/v2\/product"}],"about":[{"href":"https:\/\/www.iplay.com\/it\/wp-json\/wp\/v2\/types\/product"}],"author":[{"embeddable":true,"href":"https:\/\/www.iplay.com\/it\/wp-json\/wp\/v2\/users\/24"}],"replies":[{"embeddable":true,"href":"https:\/\/www.iplay.com\/it\/wp-json\/wp\/v2\/comments?post=140754"}],"wp:featuredmedia":[{"embeddable":true,"href":"https:\/\/www.iplay.com\/it\/wp-json\/wp\/v2\/media\/89718"}],"wp:attachment":[{"href":"https:\/\/www.iplay.com\/it\/wp-json\/wp\/v2\/media?parent=140754"}],"wp:term":[{"taxonomy":"product_brand","embeddable":true,"href":"https:\/\/www.iplay.com\/it\/wp-json\/wp\/v2\/product_brand?post=140754"},{"taxonomy":"product_cat","embeddable":true,"href":"https:\/\/www.iplay.com\/it\/wp-json\/wp\/v2\/product_cat?post=140754"},{"taxonomy":"product_tag","embeddable":true,"href":"https:\/\/www.iplay.com\/it\/wp-json\/wp\/v2\/product_tag?post=140754"}],"curies":[{"name":"wp","href":"https:\/\/api.w.org\/{rel}","templated":true}]}}