{"id":140404,"date":"2019-04-22T00:00:01","date_gmt":"2019-04-22T00:00:01","guid":{"rendered":"https:\/\/www.iplay.com\/games\/best-of-hidden-object-value-pack-vol-10\/"},"modified":"2019-04-22T00:00:01","modified_gmt":"2019-04-22T00:00:01","slug":"best-of-hidden-object-value-pack-vol-10","status":"publish","type":"product","link":"https:\/\/www.iplay.com\/it\/games\/best-of-hidden-object-value-pack-vol-10\/","title":{"rendered":"Best of Hidden Object Value Pack Vol. 10"},"content":{"rendered":"<p>Un altro fantastico pacchetto di oggetti nascosti con quattro titoli popolari! Questo \u00e8 quello che ottieni&#8230; <\/p>\n<p>&nbsp;<\/p>\n<p><strong>Segretezza della sorella: Linee di sangue dell&#8217;Arcano<\/strong><\/p>\n<p>Le sorelle gemelle, Ariel e Belle, sono cresciute dipendendo l&#8217;una dall&#8217;altra. Queste sorelle non avevano memoria della loro vita prima dell&#8217;orfanotrofio. Proprio mentre iniziano a chiedersi chi siano i loro genitori, Belle viene presa, lasciando Ariel ansiosa e sola senza la sua sorellastra. Tocca a te intervenire e aiutare Ariel a salvare sua sorella prima che Belle diventi vittima di un rituale malvagio! Segui Ariel in un fatiscente villaggio europeo dove incontra nuove persone e scopre indizi per aiutarla a salvare Belle!    <\/p>\n<p>&nbsp;<\/p>\n<p><strong>Regno di Aurelia: Il mistero del pugnale avvelenato<\/strong><\/p>\n<p>Unisciti a Sam, un ragazzo di tredici anni, e alla sua amica, la principessa Aurora, in un&#8217;incredibile avventura. Un complotto contro la famiglia reale si scopre nel Regno di Aurelia, proprio mentre questo straordinario regno entra in un periodo di Rinascimento e progresso tecnico. Sta a te aiutare Sam a localizzare il cattivo che ha avvelenato la principessa in modo da poterla salvare prima che soccomba al pugnale avvelenato. Usa la tecnologia moderna per aiutarti nella tua ricerca, come Tim il robot e un aggeggio unico nel suo genere in grado di leggere i pensieri di tutti nel regno!   <\/p>\n<p>&nbsp;<\/p>\n<p><strong>Camminatore<\/strong><br \/>\n dei sogniEntra nello strano e misterioso mondo dei sogni nei panni di Carrol, una camminatrice onirica incaricata di salvare suo marito dall&#8217;Uomo Sabbia, uno spirito malvagio degli incubi. Sandman cerca di prendere il controllo della testa della persona amata ed entrare nel mondo reale; Non lasciare che questo accada! Attraversa gli incubi con tuo marito e aiutalo a superare le sue preoccupazioni. Solo tu puoi porre fine al vecchio male!   <\/p>\n<p>&nbsp;<\/p>\n<p><strong>Hiddenverse: Racconti di streghe 2<\/strong><br \/>\nIl principe Percidal viene maledetto e trasformato in una rana; un bacio dal suo amore, la principessa Repunzel, \u00e8 l&#8217;unico modo per salvarlo, ma trovarla non sar\u00e0 facile&#8230; La maledizione di Percy pu\u00f2 essere spezzata solo dal bacio della sua amata, la principessa Rapunzel, e sta a te rintracciarla! Preparatevi, il percorso verso la principessa non sar\u00e0 semplice!<\/p>\n","protected":false},"excerpt":{"rendered":"<p>Il meglio di Hidden Object Value Pack Volume 10 &#8211; Questo pacchetto contiene quattro delle migliori avventure con oggetti nascosti.<\/p>\n","protected":false},"author":20,"featured_media":94006,"comment_status":"open","ping_status":"closed","template":"","meta":{"_acf_changed":false,"inline_featured_image":false},"product_brand":[],"product_cat":[163,200],"product_tag":[290],"class_list":{"0":"post-140404","1":"product","2":"type-product","3":"status-publish","4":"has-post-thumbnail","6":"product_cat-hidden-object-it","7":"product_cat-removed-content-it","8":"product_tag-play-on-pc-it","10":"first","11":"instock","12":"shipping-taxable","13":"purchasable","14":"product-type-simple"},"acf":[],"yoast_head":"<!-- This site is optimized with the Yoast SEO Premium plugin v25.2 (Yoast SEO v25.2) - https:\/\/yoast.com\/wordpress\/plugins\/seo\/ -->\n<title>Il meglio degli oggetti nascosti Value Pack Vol. 10 - Avventure con oggetti nascosti nel pacchetto Il meglio degli oggetti nascosti<\/title>\n<meta name=\"description\" content=\"Il meglio di Hidden Object Value Pack Volume 10 - Questo pacchetto contiene quattro delle migliori avventure con oggetti nascosti.\" \/>\n<meta name=\"robots\" content=\"index, follow, max-snippet:-1, max-image-preview:large, max-video-preview:-1\" \/>\n<link rel=\"canonical\" href=\"https:\/\/www.iplay.com\/it\/games\/best-of-hidden-object-value-pack-vol-10\/\" \/>\n<meta property=\"og:locale\" content=\"it_IT\" \/>\n<meta property=\"og:type\" content=\"article\" \/>\n<meta property=\"og:title\" content=\"Best of Hidden Object Value Pack Vol. 10\" \/>\n<meta property=\"og:description\" content=\"Il meglio di Hidden Object Value Pack Volume 10 - Questo pacchetto contiene quattro delle migliori avventure con oggetti nascosti.\" \/>\n<meta property=\"og:url\" content=\"https:\/\/www.iplay.com\/it\/games\/best-of-hidden-object-value-pack-vol-10\/\" \/>\n<meta property=\"og:site_name\" content=\"IPlay\" \/>\n<meta property=\"og:image\" content=\"https:\/\/www.iplay.com\/wp-content\/uploads\/2023\/12\/large_square_tile_image-3392.jpg\" \/>\n\t<meta property=\"og:image:width\" content=\"310\" \/>\n\t<meta property=\"og:image:height\" content=\"310\" \/>\n\t<meta property=\"og:image:type\" content=\"image\/jpeg\" \/>\n<meta name=\"twitter:card\" content=\"summary_large_image\" \/>\n<meta name=\"twitter:label1\" content=\"Est. reading time\" \/>\n\t<meta name=\"twitter:data1\" content=\"2 minuti\" \/>\n<script type=\"application\/ld+json\" class=\"yoast-schema-graph\">{\"@context\":\"https:\/\/schema.org\",\"@graph\":[{\"@type\":\"WebPage\",\"@id\":\"https:\/\/www.iplay.com\/it\/games\/best-of-hidden-object-value-pack-vol-10\/\",\"url\":\"https:\/\/www.iplay.com\/it\/games\/best-of-hidden-object-value-pack-vol-10\/\",\"name\":\"Il meglio degli oggetti nascosti Value Pack Vol. 10 - Avventure con oggetti nascosti nel pacchetto Il meglio degli oggetti nascosti\",\"isPartOf\":{\"@id\":\"https:\/\/www.iplay.com\/en\/#website\"},\"primaryImageOfPage\":{\"@id\":\"https:\/\/www.iplay.com\/it\/games\/best-of-hidden-object-value-pack-vol-10\/#primaryimage\"},\"image\":{\"@id\":\"https:\/\/www.iplay.com\/it\/games\/best-of-hidden-object-value-pack-vol-10\/#primaryimage\"},\"thumbnailUrl\":\"https:\/\/www.iplay.com\/wp-content\/uploads\/2023\/12\/large_square_tile_image-3392.jpg\",\"datePublished\":\"2019-04-22T00:00:01+00:00\",\"description\":\"Il meglio di Hidden Object Value Pack Volume 10 - Questo pacchetto contiene quattro delle migliori avventure con oggetti nascosti.\",\"breadcrumb\":{\"@id\":\"https:\/\/www.iplay.com\/it\/games\/best-of-hidden-object-value-pack-vol-10\/#breadcrumb\"},\"inLanguage\":\"it-IT\",\"potentialAction\":[{\"@type\":\"ReadAction\",\"target\":[\"https:\/\/www.iplay.com\/it\/games\/best-of-hidden-object-value-pack-vol-10\/\"]}]},{\"@type\":\"ImageObject\",\"inLanguage\":\"it-IT\",\"@id\":\"https:\/\/www.iplay.com\/it\/games\/best-of-hidden-object-value-pack-vol-10\/#primaryimage\",\"url\":\"https:\/\/www.iplay.com\/wp-content\/uploads\/2023\/12\/large_square_tile_image-3392.jpg\",\"contentUrl\":\"https:\/\/www.iplay.com\/wp-content\/uploads\/2023\/12\/large_square_tile_image-3392.jpg\",\"width\":310,\"height\":310},{\"@type\":\"BreadcrumbList\",\"@id\":\"https:\/\/www.iplay.com\/it\/games\/best-of-hidden-object-value-pack-vol-10\/#breadcrumb\",\"itemListElement\":[{\"@type\":\"ListItem\",\"position\":1,\"name\":\"Home\",\"item\":\"https:\/\/www.iplay.com\/it\/home-page-2\/\"},{\"@type\":\"ListItem\",\"position\":2,\"name\":\"Shop\",\"item\":\"https:\/\/www.iplay.com\/en\/shop\/\"},{\"@type\":\"ListItem\",\"position\":3,\"name\":\"Best of Hidden Object Value Pack Vol. 10\"}]},{\"@type\":\"WebSite\",\"@id\":\"https:\/\/www.iplay.com\/en\/#website\",\"url\":\"https:\/\/www.iplay.com\/en\/\",\"name\":\"IPlay\",\"description\":\"The Best Casual Games!\",\"publisher\":{\"@id\":\"https:\/\/www.iplay.com\/en\/#organization\"},\"potentialAction\":[{\"@type\":\"SearchAction\",\"target\":{\"@type\":\"EntryPoint\",\"urlTemplate\":\"https:\/\/www.iplay.com\/en\/?s={search_term_string}\"},\"query-input\":{\"@type\":\"PropertyValueSpecification\",\"valueRequired\":true,\"valueName\":\"search_term_string\"}}],\"inLanguage\":\"it-IT\"},{\"@type\":\"Organization\",\"@id\":\"https:\/\/www.iplay.com\/en\/#organization\",\"name\":\"IPlay\",\"url\":\"https:\/\/www.iplay.com\/en\/\",\"logo\":{\"@type\":\"ImageObject\",\"inLanguage\":\"it-IT\",\"@id\":\"https:\/\/www.iplay.com\/en\/#\/schema\/logo\/image\/\",\"url\":\"https:\/\/www.iplay.com\/wp-content\/uploads\/2023\/11\/Group-6100.svg\",\"contentUrl\":\"https:\/\/www.iplay.com\/wp-content\/uploads\/2023\/11\/Group-6100.svg\",\"width\":98,\"height\":25,\"caption\":\"IPlay\"},\"image\":{\"@id\":\"https:\/\/www.iplay.com\/en\/#\/schema\/logo\/image\/\"}}]}<\/script>\n<!-- \/ Yoast SEO Premium plugin. -->","yoast_head_json":{"title":"Il meglio degli oggetti nascosti Value Pack Vol. 10 - Avventure con oggetti nascosti nel pacchetto Il meglio degli oggetti nascosti","description":"Il meglio di Hidden Object Value Pack Volume 10 - Questo pacchetto contiene quattro delle migliori avventure con oggetti nascosti.","robots":{"index":"index","follow":"follow","max-snippet":"max-snippet:-1","max-image-preview":"max-image-preview:large","max-video-preview":"max-video-preview:-1"},"canonical":"https:\/\/www.iplay.com\/it\/games\/best-of-hidden-object-value-pack-vol-10\/","og_locale":"it_IT","og_type":"article","og_title":"Best of Hidden Object Value Pack Vol. 10","og_description":"Il meglio di Hidden Object Value Pack Volume 10 - Questo pacchetto contiene quattro delle migliori avventure con oggetti nascosti.","og_url":"https:\/\/www.iplay.com\/it\/games\/best-of-hidden-object-value-pack-vol-10\/","og_site_name":"IPlay","og_image":[{"width":310,"height":310,"url":"https:\/\/www.iplay.com\/wp-content\/uploads\/2023\/12\/large_square_tile_image-3392.jpg","type":"image\/jpeg"}],"twitter_card":"summary_large_image","twitter_misc":{"Est. reading time":"2 minuti"},"schema":{"@context":"https:\/\/schema.org","@graph":[{"@type":"WebPage","@id":"https:\/\/www.iplay.com\/it\/games\/best-of-hidden-object-value-pack-vol-10\/","url":"https:\/\/www.iplay.com\/it\/games\/best-of-hidden-object-value-pack-vol-10\/","name":"Il meglio degli oggetti nascosti Value Pack Vol. 10 - Avventure con oggetti nascosti nel pacchetto Il meglio degli oggetti nascosti","isPartOf":{"@id":"https:\/\/www.iplay.com\/en\/#website"},"primaryImageOfPage":{"@id":"https:\/\/www.iplay.com\/it\/games\/best-of-hidden-object-value-pack-vol-10\/#primaryimage"},"image":{"@id":"https:\/\/www.iplay.com\/it\/games\/best-of-hidden-object-value-pack-vol-10\/#primaryimage"},"thumbnailUrl":"https:\/\/www.iplay.com\/wp-content\/uploads\/2023\/12\/large_square_tile_image-3392.jpg","datePublished":"2019-04-22T00:00:01+00:00","description":"Il meglio di Hidden Object Value Pack Volume 10 - Questo pacchetto contiene quattro delle migliori avventure con oggetti nascosti.","breadcrumb":{"@id":"https:\/\/www.iplay.com\/it\/games\/best-of-hidden-object-value-pack-vol-10\/#breadcrumb"},"inLanguage":"it-IT","potentialAction":[{"@type":"ReadAction","target":["https:\/\/www.iplay.com\/it\/games\/best-of-hidden-object-value-pack-vol-10\/"]}]},{"@type":"ImageObject","inLanguage":"it-IT","@id":"https:\/\/www.iplay.com\/it\/games\/best-of-hidden-object-value-pack-vol-10\/#primaryimage","url":"https:\/\/www.iplay.com\/wp-content\/uploads\/2023\/12\/large_square_tile_image-3392.jpg","contentUrl":"https:\/\/www.iplay.com\/wp-content\/uploads\/2023\/12\/large_square_tile_image-3392.jpg","width":310,"height":310},{"@type":"BreadcrumbList","@id":"https:\/\/www.iplay.com\/it\/games\/best-of-hidden-object-value-pack-vol-10\/#breadcrumb","itemListElement":[{"@type":"ListItem","position":1,"name":"Home","item":"https:\/\/www.iplay.com\/it\/home-page-2\/"},{"@type":"ListItem","position":2,"name":"Shop","item":"https:\/\/www.iplay.com\/en\/shop\/"},{"@type":"ListItem","position":3,"name":"Best of Hidden Object Value Pack Vol. 10"}]},{"@type":"WebSite","@id":"https:\/\/www.iplay.com\/en\/#website","url":"https:\/\/www.iplay.com\/en\/","name":"IPlay","description":"The Best Casual Games!","publisher":{"@id":"https:\/\/www.iplay.com\/en\/#organization"},"potentialAction":[{"@type":"SearchAction","target":{"@type":"EntryPoint","urlTemplate":"https:\/\/www.iplay.com\/en\/?s={search_term_string}"},"query-input":{"@type":"PropertyValueSpecification","valueRequired":true,"valueName":"search_term_string"}}],"inLanguage":"it-IT"},{"@type":"Organization","@id":"https:\/\/www.iplay.com\/en\/#organization","name":"IPlay","url":"https:\/\/www.iplay.com\/en\/","logo":{"@type":"ImageObject","inLanguage":"it-IT","@id":"https:\/\/www.iplay.com\/en\/#\/schema\/logo\/image\/","url":"https:\/\/www.iplay.com\/wp-content\/uploads\/2023\/11\/Group-6100.svg","contentUrl":"https:\/\/www.iplay.com\/wp-content\/uploads\/2023\/11\/Group-6100.svg","width":98,"height":25,"caption":"IPlay"},"image":{"@id":"https:\/\/www.iplay.com\/en\/#\/schema\/logo\/image\/"}}]}},"_links":{"self":[{"href":"https:\/\/www.iplay.com\/it\/wp-json\/wp\/v2\/product\/140404","targetHints":{"allow":["GET"]}}],"collection":[{"href":"https:\/\/www.iplay.com\/it\/wp-json\/wp\/v2\/product"}],"about":[{"href":"https:\/\/www.iplay.com\/it\/wp-json\/wp\/v2\/types\/product"}],"author":[{"embeddable":true,"href":"https:\/\/www.iplay.com\/it\/wp-json\/wp\/v2\/users\/20"}],"replies":[{"embeddable":true,"href":"https:\/\/www.iplay.com\/it\/wp-json\/wp\/v2\/comments?post=140404"}],"wp:featuredmedia":[{"embeddable":true,"href":"https:\/\/www.iplay.com\/it\/wp-json\/wp\/v2\/media\/94006"}],"wp:attachment":[{"href":"https:\/\/www.iplay.com\/it\/wp-json\/wp\/v2\/media?parent=140404"}],"wp:term":[{"taxonomy":"product_brand","embeddable":true,"href":"https:\/\/www.iplay.com\/it\/wp-json\/wp\/v2\/product_brand?post=140404"},{"taxonomy":"product_cat","embeddable":true,"href":"https:\/\/www.iplay.com\/it\/wp-json\/wp\/v2\/product_cat?post=140404"},{"taxonomy":"product_tag","embeddable":true,"href":"https:\/\/www.iplay.com\/it\/wp-json\/wp\/v2\/product_tag?post=140404"}],"curies":[{"name":"wp","href":"https:\/\/api.w.org\/{rel}","templated":true}]}}