{"id":140396,"date":"2025-07-14T07:30:14","date_gmt":"2025-07-14T07:30:14","guid":{"rendered":"https:\/\/www.iplay.com\/?post_type=product&p=140396"},"modified":"2025-07-11T07:30:14","modified_gmt":"2025-07-11T07:30:14","slug":"pixel-art-81","status":"publish","type":"product","link":"https:\/\/www.iplay.com\/it\/games\/pixel-art-81\/","title":{"rendered":"Pixel Art 81"},"content":{"rendered":"<p class=\"whitespace-normal break-words ai-optimize-29 ai-optimize-introduction\">Entri nel mondo di Pixel Art 81 e colori bellissime immagini pixel. Questo gioco rilassante funziona per tutte le et\u00e0. Segui i numeri per riempire ogni pixel di colore.  <\/p>\n<p class=\"whitespace-normal break-words ai-optimize-30\">Ti rilassi dopo una giornata intensa o stimoli la tua creativit\u00e0. Ottieni immagini da 80 pixel da dare vita con colori vivaci. Segui la guida alla pittura con i numeri per rendere bella ogni immagine.  <\/p>\n<p class=\"whitespace-normal break-words ai-optimize-31\">Non ti preoccupi di scegliere i colori: i numeri ti mostrano esattamente quali colori usare. Riempi ogni pixel e vedi apparire disegni divertenti, scenografici e creativi. Crei bellissime opere d&#8217;arte senza congetture.  <\/p>\n<p class=\"whitespace-normal break-words ai-optimize-32\">Puoi usare lo strumento Riempi area per dipingere pi\u00f9 velocemente e pi\u00f9 uniformemente. Trascorri pi\u00f9 tempo a goderti il processo creativo. Finisci le foto pi\u00f9 velocemente e ti senti pi\u00f9 soddisfatto.  <\/p>\n<p>&nbsp;<\/p>\n<p class=\"whitespace-normal break-words ai-optimize-33\"><strong>Tratti somatici<\/strong><\/p>\n<ul class=\"[&amp;:not(:last-child)_ul]:pb-1 [&amp;:not(:last-child)_ol]:pb-1 list-disc space-y-1.5 pl-7\">\n<li class=\"whitespace-normal break-words ai-optimize-34\">80 immagini pixel colorate con temi e design diversi<\/li>\n<li class=\"whitespace-normal break-words ai-optimize-35\">Facile gioco di dipingere con i numeri: segui la guida e colori con facilit\u00e0<\/li>\n<li class=\"whitespace-normal break-words ai-optimize-36\">Strumento Area di riempimento che ti aiuta a colorare pi\u00f9 velocemente e a rifinire perfettamente<\/li>\n<li class=\"whitespace-normal break-words ai-optimize-37\">Design semplice e rilassante per un&#8217;esperienza fluida e senza stress<\/li>\n<li class=\"whitespace-normal break-words ai-optimize-38\">Perfetto per rilassarsi e distendersi mentre esprimi il tuo lato artistico<\/li>\n<\/ul>\n<p>&nbsp;<\/p>\n<p class=\"whitespace-normal break-words ai-optimize-39\">Colori paesaggi pacifici, simpatici animali e immagini magiche. Tocca una volta per riempire ogni pixel e guarda i colori prendere vita. <\/p>\n","protected":false},"excerpt":{"rendered":"<p>Con Pixel Art 81, rilassati mentre colori divertenti opere d&#8217;arte in pixel!<\/p>\n","protected":false},"author":21,"featured_media":140234,"comment_status":"open","ping_status":"closed","template":"","meta":{"_acf_changed":false,"inline_featured_image":false},"product_brand":[],"product_cat":[186],"product_tag":[280,290],"class_list":{"0":"post-140396","1":"product","2":"type-product","3":"status-publish","4":"has-post-thumbnail","6":"product_cat-paint-by-numbers-series-it","7":"product_tag-pixel-art-series-it","8":"product_tag-play-on-pc-it","10":"first","11":"instock","12":"shipping-taxable","13":"purchasable","14":"product-type-simple"},"acf":[],"yoast_head":"<!-- This site is optimized with the Yoast SEO Premium plugin v25.2 (Yoast SEO v25.2) - https:\/\/yoast.com\/wordpress\/plugins\/seo\/ -->\n<title>Pixel Art 81: Rilassati e colora creazioni deliziose<\/title>\n<meta name=\"description\" content=\"Con Pixel Art 81, rilassati mentre colori divertenti opere d&#039;arte in pixel!\" \/>\n<meta name=\"robots\" content=\"index, follow, max-snippet:-1, max-image-preview:large, max-video-preview:-1\" \/>\n<link rel=\"canonical\" href=\"https:\/\/www.iplay.com\/en\/games\/pixel-art-81\/\" \/>\n<meta property=\"og:locale\" content=\"it_IT\" \/>\n<meta property=\"og:type\" content=\"article\" \/>\n<meta property=\"og:title\" content=\"Pixel Art 81\" \/>\n<meta property=\"og:description\" content=\"Con Pixel Art 81, rilassati mentre colori divertenti opere d&#039;arte in pixel!\" \/>\n<meta property=\"og:url\" content=\"https:\/\/www.iplay.com\/en\/games\/pixel-art-81\/\" \/>\n<meta property=\"og:site_name\" content=\"IPlay\" \/>\n<meta property=\"og:image\" content=\"https:\/\/www.iplay.com\/wp-content\/uploads\/2025\/07\/pixel_art_81_large_video_screenshot.webp\" \/>\n\t<meta property=\"og:image:width\" content=\"715\" \/>\n\t<meta property=\"og:image:height\" content=\"485\" \/>\n\t<meta property=\"og:image:type\" content=\"image\/webp\" \/>\n<meta name=\"twitter:card\" content=\"summary_large_image\" \/>\n<meta name=\"twitter:label1\" content=\"Est. reading time\" \/>\n\t<meta name=\"twitter:data1\" content=\"1 minuto\" \/>\n<script type=\"application\/ld+json\" class=\"yoast-schema-graph\">{\"@context\":\"https:\/\/schema.org\",\"@graph\":[{\"@type\":\"WebPage\",\"@id\":\"https:\/\/www.iplay.com\/en\/games\/pixel-art-81\/\",\"url\":\"https:\/\/www.iplay.com\/en\/games\/pixel-art-81\/\",\"name\":\"Pixel Art 81: Rilassati e colora creazioni deliziose\",\"isPartOf\":{\"@id\":\"https:\/\/www.iplay.com\/en\/#website\"},\"primaryImageOfPage\":{\"@id\":\"https:\/\/www.iplay.com\/en\/games\/pixel-art-81\/#primaryimage\"},\"image\":{\"@id\":\"https:\/\/www.iplay.com\/en\/games\/pixel-art-81\/#primaryimage\"},\"thumbnailUrl\":\"https:\/\/www.iplay.com\/wp-content\/uploads\/2025\/07\/pixel_art_81_large_video_screenshot.webp\",\"datePublished\":\"2025-07-14T07:30:14+00:00\",\"description\":\"Con Pixel Art 81, rilassati mentre colori divertenti opere d'arte in pixel!\",\"breadcrumb\":{\"@id\":\"https:\/\/www.iplay.com\/en\/games\/pixel-art-81\/#breadcrumb\"},\"inLanguage\":\"it-IT\",\"potentialAction\":[{\"@type\":\"ReadAction\",\"target\":[\"https:\/\/www.iplay.com\/en\/games\/pixel-art-81\/\"]}]},{\"@type\":\"ImageObject\",\"inLanguage\":\"it-IT\",\"@id\":\"https:\/\/www.iplay.com\/en\/games\/pixel-art-81\/#primaryimage\",\"url\":\"https:\/\/www.iplay.com\/wp-content\/uploads\/2025\/07\/pixel_art_81_large_video_screenshot.webp\",\"contentUrl\":\"https:\/\/www.iplay.com\/wp-content\/uploads\/2025\/07\/pixel_art_81_large_video_screenshot.webp\",\"width\":715,\"height\":485},{\"@type\":\"BreadcrumbList\",\"@id\":\"https:\/\/www.iplay.com\/en\/games\/pixel-art-81\/#breadcrumb\",\"itemListElement\":[{\"@type\":\"ListItem\",\"position\":1,\"name\":\"Home\",\"item\":\"https:\/\/www.iplay.com\/it\/home-page-2\/\"},{\"@type\":\"ListItem\",\"position\":2,\"name\":\"Shop\",\"item\":\"https:\/\/www.iplay.com\/en\/shop\/\"},{\"@type\":\"ListItem\",\"position\":3,\"name\":\"Pixel Art 81\"}]},{\"@type\":\"WebSite\",\"@id\":\"https:\/\/www.iplay.com\/en\/#website\",\"url\":\"https:\/\/www.iplay.com\/en\/\",\"name\":\"IPlay\",\"description\":\"The Best Casual Games!\",\"publisher\":{\"@id\":\"https:\/\/www.iplay.com\/en\/#organization\"},\"potentialAction\":[{\"@type\":\"SearchAction\",\"target\":{\"@type\":\"EntryPoint\",\"urlTemplate\":\"https:\/\/www.iplay.com\/en\/?s={search_term_string}\"},\"query-input\":{\"@type\":\"PropertyValueSpecification\",\"valueRequired\":true,\"valueName\":\"search_term_string\"}}],\"inLanguage\":\"it-IT\"},{\"@type\":\"Organization\",\"@id\":\"https:\/\/www.iplay.com\/en\/#organization\",\"name\":\"IPlay\",\"url\":\"https:\/\/www.iplay.com\/en\/\",\"logo\":{\"@type\":\"ImageObject\",\"inLanguage\":\"it-IT\",\"@id\":\"https:\/\/www.iplay.com\/en\/#\/schema\/logo\/image\/\",\"url\":\"https:\/\/www.iplay.com\/wp-content\/uploads\/2023\/11\/Group-6100.svg\",\"contentUrl\":\"https:\/\/www.iplay.com\/wp-content\/uploads\/2023\/11\/Group-6100.svg\",\"width\":98,\"height\":25,\"caption\":\"IPlay\"},\"image\":{\"@id\":\"https:\/\/www.iplay.com\/en\/#\/schema\/logo\/image\/\"}}]}<\/script>\n<!-- \/ Yoast SEO Premium plugin. -->","yoast_head_json":{"title":"Pixel Art 81: Rilassati e colora creazioni deliziose","description":"Con Pixel Art 81, rilassati mentre colori divertenti opere d'arte in pixel!","robots":{"index":"index","follow":"follow","max-snippet":"max-snippet:-1","max-image-preview":"max-image-preview:large","max-video-preview":"max-video-preview:-1"},"canonical":"https:\/\/www.iplay.com\/en\/games\/pixel-art-81\/","og_locale":"it_IT","og_type":"article","og_title":"Pixel Art 81","og_description":"Con Pixel Art 81, rilassati mentre colori divertenti opere d'arte in pixel!","og_url":"https:\/\/www.iplay.com\/en\/games\/pixel-art-81\/","og_site_name":"IPlay","og_image":[{"width":715,"height":485,"url":"https:\/\/www.iplay.com\/wp-content\/uploads\/2025\/07\/pixel_art_81_large_video_screenshot.webp","type":"image\/webp"}],"twitter_card":"summary_large_image","twitter_misc":{"Est. reading time":"1 minuto"},"schema":{"@context":"https:\/\/schema.org","@graph":[{"@type":"WebPage","@id":"https:\/\/www.iplay.com\/en\/games\/pixel-art-81\/","url":"https:\/\/www.iplay.com\/en\/games\/pixel-art-81\/","name":"Pixel Art 81: Rilassati e colora creazioni deliziose","isPartOf":{"@id":"https:\/\/www.iplay.com\/en\/#website"},"primaryImageOfPage":{"@id":"https:\/\/www.iplay.com\/en\/games\/pixel-art-81\/#primaryimage"},"image":{"@id":"https:\/\/www.iplay.com\/en\/games\/pixel-art-81\/#primaryimage"},"thumbnailUrl":"https:\/\/www.iplay.com\/wp-content\/uploads\/2025\/07\/pixel_art_81_large_video_screenshot.webp","datePublished":"2025-07-14T07:30:14+00:00","description":"Con Pixel Art 81, rilassati mentre colori divertenti opere d'arte in pixel!","breadcrumb":{"@id":"https:\/\/www.iplay.com\/en\/games\/pixel-art-81\/#breadcrumb"},"inLanguage":"it-IT","potentialAction":[{"@type":"ReadAction","target":["https:\/\/www.iplay.com\/en\/games\/pixel-art-81\/"]}]},{"@type":"ImageObject","inLanguage":"it-IT","@id":"https:\/\/www.iplay.com\/en\/games\/pixel-art-81\/#primaryimage","url":"https:\/\/www.iplay.com\/wp-content\/uploads\/2025\/07\/pixel_art_81_large_video_screenshot.webp","contentUrl":"https:\/\/www.iplay.com\/wp-content\/uploads\/2025\/07\/pixel_art_81_large_video_screenshot.webp","width":715,"height":485},{"@type":"BreadcrumbList","@id":"https:\/\/www.iplay.com\/en\/games\/pixel-art-81\/#breadcrumb","itemListElement":[{"@type":"ListItem","position":1,"name":"Home","item":"https:\/\/www.iplay.com\/it\/home-page-2\/"},{"@type":"ListItem","position":2,"name":"Shop","item":"https:\/\/www.iplay.com\/en\/shop\/"},{"@type":"ListItem","position":3,"name":"Pixel Art 81"}]},{"@type":"WebSite","@id":"https:\/\/www.iplay.com\/en\/#website","url":"https:\/\/www.iplay.com\/en\/","name":"IPlay","description":"The Best Casual Games!","publisher":{"@id":"https:\/\/www.iplay.com\/en\/#organization"},"potentialAction":[{"@type":"SearchAction","target":{"@type":"EntryPoint","urlTemplate":"https:\/\/www.iplay.com\/en\/?s={search_term_string}"},"query-input":{"@type":"PropertyValueSpecification","valueRequired":true,"valueName":"search_term_string"}}],"inLanguage":"it-IT"},{"@type":"Organization","@id":"https:\/\/www.iplay.com\/en\/#organization","name":"IPlay","url":"https:\/\/www.iplay.com\/en\/","logo":{"@type":"ImageObject","inLanguage":"it-IT","@id":"https:\/\/www.iplay.com\/en\/#\/schema\/logo\/image\/","url":"https:\/\/www.iplay.com\/wp-content\/uploads\/2023\/11\/Group-6100.svg","contentUrl":"https:\/\/www.iplay.com\/wp-content\/uploads\/2023\/11\/Group-6100.svg","width":98,"height":25,"caption":"IPlay"},"image":{"@id":"https:\/\/www.iplay.com\/en\/#\/schema\/logo\/image\/"}}]}},"_links":{"self":[{"href":"https:\/\/www.iplay.com\/it\/wp-json\/wp\/v2\/product\/140396","targetHints":{"allow":["GET"]}}],"collection":[{"href":"https:\/\/www.iplay.com\/it\/wp-json\/wp\/v2\/product"}],"about":[{"href":"https:\/\/www.iplay.com\/it\/wp-json\/wp\/v2\/types\/product"}],"author":[{"embeddable":true,"href":"https:\/\/www.iplay.com\/it\/wp-json\/wp\/v2\/users\/21"}],"replies":[{"embeddable":true,"href":"https:\/\/www.iplay.com\/it\/wp-json\/wp\/v2\/comments?post=140396"}],"wp:featuredmedia":[{"embeddable":true,"href":"https:\/\/www.iplay.com\/it\/wp-json\/wp\/v2\/media\/140234"}],"wp:attachment":[{"href":"https:\/\/www.iplay.com\/it\/wp-json\/wp\/v2\/media?parent=140396"}],"wp:term":[{"taxonomy":"product_brand","embeddable":true,"href":"https:\/\/www.iplay.com\/it\/wp-json\/wp\/v2\/product_brand?post=140396"},{"taxonomy":"product_cat","embeddable":true,"href":"https:\/\/www.iplay.com\/it\/wp-json\/wp\/v2\/product_cat?post=140396"},{"taxonomy":"product_tag","embeddable":true,"href":"https:\/\/www.iplay.com\/it\/wp-json\/wp\/v2\/product_tag?post=140396"}],"curies":[{"name":"wp","href":"https:\/\/api.w.org\/{rel}","templated":true}]}}