{"id":140328,"date":"2019-05-22T00:00:01","date_gmt":"2019-05-22T00:00:01","guid":{"rendered":"https:\/\/www.iplay.com\/games\/the-chronicles-of-robin-hood-the-king-of-thieves\/"},"modified":"2019-05-22T00:00:01","modified_gmt":"2019-05-22T00:00:01","slug":"the-chronicles-of-robin-hood-the-king-of-thieves","status":"publish","type":"product","link":"https:\/\/www.iplay.com\/it\/games\/the-chronicles-of-robin-hood-the-king-of-thieves\/","title":{"rendered":"The Chronicles of Robin Hood: The King of Thieves"},"content":{"rendered":"<p>Dopo che un giovane nobile torna dalla guerra, scopre che il corrotto sceriffo di Nottingham ha assunto il potere e governa con una presa di ferro. Cerca di difendersi dallo sceriffo perch\u00e9 \u00e8 determinato a sistemare le cose, ma finisce per dover fuggire. Anche se al momento \u00e8 in fuga ed \u00e8 un fuorilegge, non ha intenzione di arrendersi. Il nobile si allea con una banda di ladri di boschi per rubare ai ricchi e donare ai meno privilegiati con l&#8217;obiettivo finale di spodestare lo sceriffo. Adotta un nuovo soprannome, Robin Hood, per adattarsi alla sua nuova posizione di nobile ladro. Aiuta i Merry Men e Robin Hood nella loro missione per rovesciare lo sceriffo di Nottingham! Questa versione in cinque capitoli dell&#8217;amata storia di Robin Hood evidenzia alcuni punti chiave. Vieni a combattere al fianco di Little John, Marion, Robin Hood e altri personaggi famosi mentre affrontano il disonesto sceriffo. Divertiti con i difficili livelli di puzzle match-3 mentre la leggenda di Robin Hood cresce in tutta la nazione. Sblocca 20 miglioramenti per aiutare Robin Hood a trasformarsi da ricercato in uno dei ladri pi\u00f9 venerati e temuti della nazione.<\/p>\n","protected":false},"excerpt":{"rendered":"<p>Aiuta i Merry Men e Robin Hood nella loro missione per rovesciare lo sceriffo di Nottingham!<\/p>\n","protected":false},"author":42,"featured_media":93606,"comment_status":"open","ping_status":"closed","template":"","meta":{"_acf_changed":false,"inline_featured_image":false},"product_brand":[],"product_cat":[191],"product_tag":[],"class_list":{"0":"post-140328","1":"product","2":"type-product","3":"status-publish","4":"has-post-thumbnail","6":"product_cat-puzzle-it","8":"first","9":"instock","10":"shipping-taxable","11":"purchasable","12":"product-type-simple"},"acf":[],"yoast_head":"<!-- This site is optimized with the Yoast SEO Premium plugin v25.2 (Yoast SEO v25.2) - https:\/\/yoast.com\/wordpress\/plugins\/seo\/ -->\n<title>Le cronache di Robin Hood: Il re dei ladri - Aiuta Robin Hood contro lo sceriffo di Nottingham in un&#039;epica missione<\/title>\n<meta name=\"description\" content=\"Aiuta i Merry Men e Robin Hood nella loro missione per rovesciare lo sceriffo di Nottingham!\" \/>\n<meta name=\"robots\" content=\"index, follow, max-snippet:-1, max-image-preview:large, max-video-preview:-1\" \/>\n<link rel=\"canonical\" href=\"https:\/\/www.iplay.com\/it\/games\/the-chronicles-of-robin-hood-the-king-of-thieves\/\" \/>\n<meta property=\"og:locale\" content=\"it_IT\" \/>\n<meta property=\"og:type\" content=\"article\" \/>\n<meta property=\"og:title\" content=\"The Chronicles of Robin Hood: The King of Thieves\" \/>\n<meta property=\"og:description\" content=\"Aiuta i Merry Men e Robin Hood nella loro missione per rovesciare lo sceriffo di Nottingham!\" \/>\n<meta property=\"og:url\" content=\"https:\/\/www.iplay.com\/it\/games\/the-chronicles-of-robin-hood-the-king-of-thieves\/\" \/>\n<meta property=\"og:site_name\" content=\"IPlay\" \/>\n<meta property=\"og:image\" content=\"https:\/\/www.iplay.com\/wp-content\/uploads\/2023\/12\/large_square_tile_image-3366.jpg\" \/>\n\t<meta property=\"og:image:width\" content=\"310\" \/>\n\t<meta property=\"og:image:height\" content=\"310\" \/>\n\t<meta property=\"og:image:type\" content=\"image\/jpeg\" \/>\n<meta name=\"twitter:card\" content=\"summary_large_image\" \/>\n<meta name=\"twitter:label1\" content=\"Est. reading time\" \/>\n\t<meta name=\"twitter:data1\" content=\"1 minuto\" \/>\n<script type=\"application\/ld+json\" class=\"yoast-schema-graph\">{\"@context\":\"https:\/\/schema.org\",\"@graph\":[{\"@type\":\"WebPage\",\"@id\":\"https:\/\/www.iplay.com\/it\/games\/the-chronicles-of-robin-hood-the-king-of-thieves\/\",\"url\":\"https:\/\/www.iplay.com\/it\/games\/the-chronicles-of-robin-hood-the-king-of-thieves\/\",\"name\":\"Le cronache di Robin Hood: Il re dei ladri - Aiuta Robin Hood contro lo sceriffo di Nottingham in un'epica missione\",\"isPartOf\":{\"@id\":\"https:\/\/www.iplay.com\/en\/#website\"},\"primaryImageOfPage\":{\"@id\":\"https:\/\/www.iplay.com\/it\/games\/the-chronicles-of-robin-hood-the-king-of-thieves\/#primaryimage\"},\"image\":{\"@id\":\"https:\/\/www.iplay.com\/it\/games\/the-chronicles-of-robin-hood-the-king-of-thieves\/#primaryimage\"},\"thumbnailUrl\":\"https:\/\/www.iplay.com\/wp-content\/uploads\/2023\/12\/large_square_tile_image-3366.jpg\",\"datePublished\":\"2019-05-22T00:00:01+00:00\",\"description\":\"Aiuta i Merry Men e Robin Hood nella loro missione per rovesciare lo sceriffo di Nottingham!\",\"breadcrumb\":{\"@id\":\"https:\/\/www.iplay.com\/it\/games\/the-chronicles-of-robin-hood-the-king-of-thieves\/#breadcrumb\"},\"inLanguage\":\"it-IT\",\"potentialAction\":[{\"@type\":\"ReadAction\",\"target\":[\"https:\/\/www.iplay.com\/it\/games\/the-chronicles-of-robin-hood-the-king-of-thieves\/\"]}]},{\"@type\":\"ImageObject\",\"inLanguage\":\"it-IT\",\"@id\":\"https:\/\/www.iplay.com\/it\/games\/the-chronicles-of-robin-hood-the-king-of-thieves\/#primaryimage\",\"url\":\"https:\/\/www.iplay.com\/wp-content\/uploads\/2023\/12\/large_square_tile_image-3366.jpg\",\"contentUrl\":\"https:\/\/www.iplay.com\/wp-content\/uploads\/2023\/12\/large_square_tile_image-3366.jpg\",\"width\":310,\"height\":310},{\"@type\":\"BreadcrumbList\",\"@id\":\"https:\/\/www.iplay.com\/it\/games\/the-chronicles-of-robin-hood-the-king-of-thieves\/#breadcrumb\",\"itemListElement\":[{\"@type\":\"ListItem\",\"position\":1,\"name\":\"Home\",\"item\":\"https:\/\/www.iplay.com\/it\/home-page-2\/\"},{\"@type\":\"ListItem\",\"position\":2,\"name\":\"Shop\",\"item\":\"https:\/\/www.iplay.com\/en\/shop\/\"},{\"@type\":\"ListItem\",\"position\":3,\"name\":\"The Chronicles of Robin Hood: The King of Thieves\"}]},{\"@type\":\"WebSite\",\"@id\":\"https:\/\/www.iplay.com\/en\/#website\",\"url\":\"https:\/\/www.iplay.com\/en\/\",\"name\":\"IPlay\",\"description\":\"The Best Casual Games!\",\"publisher\":{\"@id\":\"https:\/\/www.iplay.com\/en\/#organization\"},\"potentialAction\":[{\"@type\":\"SearchAction\",\"target\":{\"@type\":\"EntryPoint\",\"urlTemplate\":\"https:\/\/www.iplay.com\/en\/?s={search_term_string}\"},\"query-input\":{\"@type\":\"PropertyValueSpecification\",\"valueRequired\":true,\"valueName\":\"search_term_string\"}}],\"inLanguage\":\"it-IT\"},{\"@type\":\"Organization\",\"@id\":\"https:\/\/www.iplay.com\/en\/#organization\",\"name\":\"IPlay\",\"url\":\"https:\/\/www.iplay.com\/en\/\",\"logo\":{\"@type\":\"ImageObject\",\"inLanguage\":\"it-IT\",\"@id\":\"https:\/\/www.iplay.com\/en\/#\/schema\/logo\/image\/\",\"url\":\"https:\/\/www.iplay.com\/wp-content\/uploads\/2023\/11\/Group-6100.svg\",\"contentUrl\":\"https:\/\/www.iplay.com\/wp-content\/uploads\/2023\/11\/Group-6100.svg\",\"width\":98,\"height\":25,\"caption\":\"IPlay\"},\"image\":{\"@id\":\"https:\/\/www.iplay.com\/en\/#\/schema\/logo\/image\/\"}}]}<\/script>\n<!-- \/ Yoast SEO Premium plugin. -->","yoast_head_json":{"title":"Le cronache di Robin Hood: Il re dei ladri - Aiuta Robin Hood contro lo sceriffo di Nottingham in un'epica missione","description":"Aiuta i Merry Men e Robin Hood nella loro missione per rovesciare lo sceriffo di Nottingham!","robots":{"index":"index","follow":"follow","max-snippet":"max-snippet:-1","max-image-preview":"max-image-preview:large","max-video-preview":"max-video-preview:-1"},"canonical":"https:\/\/www.iplay.com\/it\/games\/the-chronicles-of-robin-hood-the-king-of-thieves\/","og_locale":"it_IT","og_type":"article","og_title":"The Chronicles of Robin Hood: The King of Thieves","og_description":"Aiuta i Merry Men e Robin Hood nella loro missione per rovesciare lo sceriffo di Nottingham!","og_url":"https:\/\/www.iplay.com\/it\/games\/the-chronicles-of-robin-hood-the-king-of-thieves\/","og_site_name":"IPlay","og_image":[{"width":310,"height":310,"url":"https:\/\/www.iplay.com\/wp-content\/uploads\/2023\/12\/large_square_tile_image-3366.jpg","type":"image\/jpeg"}],"twitter_card":"summary_large_image","twitter_misc":{"Est. reading time":"1 minuto"},"schema":{"@context":"https:\/\/schema.org","@graph":[{"@type":"WebPage","@id":"https:\/\/www.iplay.com\/it\/games\/the-chronicles-of-robin-hood-the-king-of-thieves\/","url":"https:\/\/www.iplay.com\/it\/games\/the-chronicles-of-robin-hood-the-king-of-thieves\/","name":"Le cronache di Robin Hood: Il re dei ladri - Aiuta Robin Hood contro lo sceriffo di Nottingham in un'epica missione","isPartOf":{"@id":"https:\/\/www.iplay.com\/en\/#website"},"primaryImageOfPage":{"@id":"https:\/\/www.iplay.com\/it\/games\/the-chronicles-of-robin-hood-the-king-of-thieves\/#primaryimage"},"image":{"@id":"https:\/\/www.iplay.com\/it\/games\/the-chronicles-of-robin-hood-the-king-of-thieves\/#primaryimage"},"thumbnailUrl":"https:\/\/www.iplay.com\/wp-content\/uploads\/2023\/12\/large_square_tile_image-3366.jpg","datePublished":"2019-05-22T00:00:01+00:00","description":"Aiuta i Merry Men e Robin Hood nella loro missione per rovesciare lo sceriffo di Nottingham!","breadcrumb":{"@id":"https:\/\/www.iplay.com\/it\/games\/the-chronicles-of-robin-hood-the-king-of-thieves\/#breadcrumb"},"inLanguage":"it-IT","potentialAction":[{"@type":"ReadAction","target":["https:\/\/www.iplay.com\/it\/games\/the-chronicles-of-robin-hood-the-king-of-thieves\/"]}]},{"@type":"ImageObject","inLanguage":"it-IT","@id":"https:\/\/www.iplay.com\/it\/games\/the-chronicles-of-robin-hood-the-king-of-thieves\/#primaryimage","url":"https:\/\/www.iplay.com\/wp-content\/uploads\/2023\/12\/large_square_tile_image-3366.jpg","contentUrl":"https:\/\/www.iplay.com\/wp-content\/uploads\/2023\/12\/large_square_tile_image-3366.jpg","width":310,"height":310},{"@type":"BreadcrumbList","@id":"https:\/\/www.iplay.com\/it\/games\/the-chronicles-of-robin-hood-the-king-of-thieves\/#breadcrumb","itemListElement":[{"@type":"ListItem","position":1,"name":"Home","item":"https:\/\/www.iplay.com\/it\/home-page-2\/"},{"@type":"ListItem","position":2,"name":"Shop","item":"https:\/\/www.iplay.com\/en\/shop\/"},{"@type":"ListItem","position":3,"name":"The Chronicles of Robin Hood: The King of Thieves"}]},{"@type":"WebSite","@id":"https:\/\/www.iplay.com\/en\/#website","url":"https:\/\/www.iplay.com\/en\/","name":"IPlay","description":"The Best Casual Games!","publisher":{"@id":"https:\/\/www.iplay.com\/en\/#organization"},"potentialAction":[{"@type":"SearchAction","target":{"@type":"EntryPoint","urlTemplate":"https:\/\/www.iplay.com\/en\/?s={search_term_string}"},"query-input":{"@type":"PropertyValueSpecification","valueRequired":true,"valueName":"search_term_string"}}],"inLanguage":"it-IT"},{"@type":"Organization","@id":"https:\/\/www.iplay.com\/en\/#organization","name":"IPlay","url":"https:\/\/www.iplay.com\/en\/","logo":{"@type":"ImageObject","inLanguage":"it-IT","@id":"https:\/\/www.iplay.com\/en\/#\/schema\/logo\/image\/","url":"https:\/\/www.iplay.com\/wp-content\/uploads\/2023\/11\/Group-6100.svg","contentUrl":"https:\/\/www.iplay.com\/wp-content\/uploads\/2023\/11\/Group-6100.svg","width":98,"height":25,"caption":"IPlay"},"image":{"@id":"https:\/\/www.iplay.com\/en\/#\/schema\/logo\/image\/"}}]}},"_links":{"self":[{"href":"https:\/\/www.iplay.com\/it\/wp-json\/wp\/v2\/product\/140328","targetHints":{"allow":["GET"]}}],"collection":[{"href":"https:\/\/www.iplay.com\/it\/wp-json\/wp\/v2\/product"}],"about":[{"href":"https:\/\/www.iplay.com\/it\/wp-json\/wp\/v2\/types\/product"}],"author":[{"embeddable":true,"href":"https:\/\/www.iplay.com\/it\/wp-json\/wp\/v2\/users\/42"}],"replies":[{"embeddable":true,"href":"https:\/\/www.iplay.com\/it\/wp-json\/wp\/v2\/comments?post=140328"}],"wp:featuredmedia":[{"embeddable":true,"href":"https:\/\/www.iplay.com\/it\/wp-json\/wp\/v2\/media\/93606"}],"wp:attachment":[{"href":"https:\/\/www.iplay.com\/it\/wp-json\/wp\/v2\/media?parent=140328"}],"wp:term":[{"taxonomy":"product_brand","embeddable":true,"href":"https:\/\/www.iplay.com\/it\/wp-json\/wp\/v2\/product_brand?post=140328"},{"taxonomy":"product_cat","embeddable":true,"href":"https:\/\/www.iplay.com\/it\/wp-json\/wp\/v2\/product_cat?post=140328"},{"taxonomy":"product_tag","embeddable":true,"href":"https:\/\/www.iplay.com\/it\/wp-json\/wp\/v2\/product_tag?post=140328"}],"curies":[{"name":"wp","href":"https:\/\/api.w.org\/{rel}","templated":true}]}}