{"id":140164,"date":"2019-07-30T00:00:00","date_gmt":"2019-07-30T00:00:00","guid":{"rendered":"https:\/\/www.iplay.com\/games\/fairytale-solitaire-red-riding-hood\/"},"modified":"2019-07-30T00:00:00","modified_gmt":"2019-07-30T00:00:00","slug":"fairytale-solitaire-red-riding-hood","status":"publish","type":"product","link":"https:\/\/www.iplay.com\/it\/games\/fairytale-solitaire-red-riding-hood\/","title":{"rendered":"Fairytale Solitaire &#8211; Red Riding Hood"},"content":{"rendered":"<p>Hai una fantastica opportunit\u00e0 di intraprendere un viaggio magico con coraggiosi esploratori! Il regno fantastico di Cappuccetto Rosso e tutti i suoi occupanti sono visibili. Ti imbatterai in un sacco di affari difficili lungo la strada! Eppure, ne sei capace! Ogni giorno puoi giocare per ore e ore con diversi livelli di difficolt\u00e0, e il gioco \u00e8 reso ancora pi\u00f9 affascinante da speciali carte dorate. Aiuta i bambini a realizzare i loro sogni! Combatti la maga e stringi un lucroso accordo commerciale con i lupi!      <\/p>\n<p>&nbsp;<\/p>\n<p>&nbsp;<\/p>\n<p><strong>Tratti somatici:<\/strong><\/p>\n<p>&nbsp;<\/p>\n<p>&#8211; Aumenta la tua resistenza e completa ogni layout! Gioca al solitario del gioco di carte e costruisci catene di carte!<br \/>\n&#8211; Livelli coinvolgenti che ti terranno interessato! Immagini luminose ad ogni livello!  I jolly ti permettono di scartare le carte pi\u00f9 rapidamente, aumentando anche il moltiplicatore di combinazione per massimizzare i tuoi guadagni in monete!<br \/>\n&#8211; Elimina le carte pi\u00f9 rapidamente per aumentare il moltiplicatore della tua combinazione e guadagnare pi\u00f9 denaro!<br \/>\n&#8211; Compiti speciali e oltre 15 premi colorati per i giocatori pi\u00f9 audaci! Mazzi originali con temi e dodici diversi stili per il dorso delle carte! Diverse ore di intrattenimento sono assicurate!<\/p>\n","protected":false},"excerpt":{"rendered":"<p>Scopri nuove emozioni! Cappuccetto Rosso in Fairytale Solitaire <\/p>\n","protected":false},"author":13,"featured_media":84877,"comment_status":"open","ping_status":"closed","template":"","meta":{"_acf_changed":false,"inline_featured_image":false},"product_brand":[],"product_cat":[156,204],"product_tag":[290],"class_list":{"0":"post-140164","1":"product","2":"type-product","3":"status-publish","4":"has-post-thumbnail","6":"product_cat-card-it-2","7":"product_cat-solitaire-it","8":"product_tag-play-on-pc-it","10":"first","11":"instock","12":"shipping-taxable","13":"purchasable","14":"product-type-simple"},"acf":[],"yoast_head":"<!-- This site is optimized with the Yoast SEO Premium plugin v25.2 (Yoast SEO v25.2) - https:\/\/yoast.com\/wordpress\/plugins\/seo\/ -->\n<title>Fairytale Solitaire - Cappuccetto Rosso - Prova nuove emozioni<\/title>\n<meta name=\"description\" content=\"Scopri nuove emozioni! Cappuccetto Rosso in Fairytale Solitaire\" \/>\n<meta name=\"robots\" content=\"index, follow, max-snippet:-1, max-image-preview:large, max-video-preview:-1\" \/>\n<link rel=\"canonical\" href=\"https:\/\/www.iplay.com\/it\/games\/fairytale-solitaire-red-riding-hood\/\" \/>\n<meta property=\"og:locale\" content=\"it_IT\" \/>\n<meta property=\"og:type\" content=\"article\" \/>\n<meta property=\"og:title\" content=\"Fairytale Solitaire - Red Riding Hood\" \/>\n<meta property=\"og:description\" content=\"Scopri nuove emozioni! Cappuccetto Rosso in Fairytale Solitaire\" \/>\n<meta property=\"og:url\" content=\"https:\/\/www.iplay.com\/it\/games\/fairytale-solitaire-red-riding-hood\/\" \/>\n<meta property=\"og:site_name\" content=\"IPlay\" \/>\n<meta property=\"og:image\" content=\"https:\/\/www.iplay.com\/wp-content\/uploads\/2023\/12\/large_square_tile_image-2815.jpg\" \/>\n\t<meta property=\"og:image:width\" content=\"310\" \/>\n\t<meta property=\"og:image:height\" content=\"310\" \/>\n\t<meta property=\"og:image:type\" content=\"image\/jpeg\" \/>\n<meta name=\"twitter:card\" content=\"summary_large_image\" \/>\n<meta name=\"twitter:label1\" content=\"Est. reading time\" \/>\n\t<meta name=\"twitter:data1\" content=\"1 minuto\" \/>\n<script type=\"application\/ld+json\" class=\"yoast-schema-graph\">{\"@context\":\"https:\/\/schema.org\",\"@graph\":[{\"@type\":\"WebPage\",\"@id\":\"https:\/\/www.iplay.com\/it\/games\/fairytale-solitaire-red-riding-hood\/\",\"url\":\"https:\/\/www.iplay.com\/it\/games\/fairytale-solitaire-red-riding-hood\/\",\"name\":\"Fairytale Solitaire - Cappuccetto Rosso - Prova nuove emozioni\",\"isPartOf\":{\"@id\":\"https:\/\/www.iplay.com\/en\/#website\"},\"primaryImageOfPage\":{\"@id\":\"https:\/\/www.iplay.com\/it\/games\/fairytale-solitaire-red-riding-hood\/#primaryimage\"},\"image\":{\"@id\":\"https:\/\/www.iplay.com\/it\/games\/fairytale-solitaire-red-riding-hood\/#primaryimage\"},\"thumbnailUrl\":\"https:\/\/www.iplay.com\/wp-content\/uploads\/2023\/12\/large_square_tile_image-2815.jpg\",\"datePublished\":\"2019-07-30T00:00:00+00:00\",\"description\":\"Scopri nuove emozioni! Cappuccetto Rosso in Fairytale Solitaire\",\"breadcrumb\":{\"@id\":\"https:\/\/www.iplay.com\/it\/games\/fairytale-solitaire-red-riding-hood\/#breadcrumb\"},\"inLanguage\":\"it-IT\",\"potentialAction\":[{\"@type\":\"ReadAction\",\"target\":[\"https:\/\/www.iplay.com\/it\/games\/fairytale-solitaire-red-riding-hood\/\"]}]},{\"@type\":\"ImageObject\",\"inLanguage\":\"it-IT\",\"@id\":\"https:\/\/www.iplay.com\/it\/games\/fairytale-solitaire-red-riding-hood\/#primaryimage\",\"url\":\"https:\/\/www.iplay.com\/wp-content\/uploads\/2023\/12\/large_square_tile_image-2815.jpg\",\"contentUrl\":\"https:\/\/www.iplay.com\/wp-content\/uploads\/2023\/12\/large_square_tile_image-2815.jpg\",\"width\":310,\"height\":310},{\"@type\":\"BreadcrumbList\",\"@id\":\"https:\/\/www.iplay.com\/it\/games\/fairytale-solitaire-red-riding-hood\/#breadcrumb\",\"itemListElement\":[{\"@type\":\"ListItem\",\"position\":1,\"name\":\"Home\",\"item\":\"https:\/\/www.iplay.com\/it\/home-page-2\/\"},{\"@type\":\"ListItem\",\"position\":2,\"name\":\"Shop\",\"item\":\"https:\/\/www.iplay.com\/en\/shop\/\"},{\"@type\":\"ListItem\",\"position\":3,\"name\":\"Fairytale Solitaire &#8211; Red Riding Hood\"}]},{\"@type\":\"WebSite\",\"@id\":\"https:\/\/www.iplay.com\/en\/#website\",\"url\":\"https:\/\/www.iplay.com\/en\/\",\"name\":\"IPlay\",\"description\":\"The Best Casual Games!\",\"publisher\":{\"@id\":\"https:\/\/www.iplay.com\/en\/#organization\"},\"potentialAction\":[{\"@type\":\"SearchAction\",\"target\":{\"@type\":\"EntryPoint\",\"urlTemplate\":\"https:\/\/www.iplay.com\/en\/?s={search_term_string}\"},\"query-input\":{\"@type\":\"PropertyValueSpecification\",\"valueRequired\":true,\"valueName\":\"search_term_string\"}}],\"inLanguage\":\"it-IT\"},{\"@type\":\"Organization\",\"@id\":\"https:\/\/www.iplay.com\/en\/#organization\",\"name\":\"IPlay\",\"url\":\"https:\/\/www.iplay.com\/en\/\",\"logo\":{\"@type\":\"ImageObject\",\"inLanguage\":\"it-IT\",\"@id\":\"https:\/\/www.iplay.com\/en\/#\/schema\/logo\/image\/\",\"url\":\"https:\/\/www.iplay.com\/wp-content\/uploads\/2023\/11\/Group-6100.svg\",\"contentUrl\":\"https:\/\/www.iplay.com\/wp-content\/uploads\/2023\/11\/Group-6100.svg\",\"width\":98,\"height\":25,\"caption\":\"IPlay\"},\"image\":{\"@id\":\"https:\/\/www.iplay.com\/en\/#\/schema\/logo\/image\/\"}}]}<\/script>\n<!-- \/ Yoast SEO Premium plugin. -->","yoast_head_json":{"title":"Fairytale Solitaire - Cappuccetto Rosso - Prova nuove emozioni","description":"Scopri nuove emozioni! Cappuccetto Rosso in Fairytale Solitaire","robots":{"index":"index","follow":"follow","max-snippet":"max-snippet:-1","max-image-preview":"max-image-preview:large","max-video-preview":"max-video-preview:-1"},"canonical":"https:\/\/www.iplay.com\/it\/games\/fairytale-solitaire-red-riding-hood\/","og_locale":"it_IT","og_type":"article","og_title":"Fairytale Solitaire - Red Riding Hood","og_description":"Scopri nuove emozioni! Cappuccetto Rosso in Fairytale Solitaire","og_url":"https:\/\/www.iplay.com\/it\/games\/fairytale-solitaire-red-riding-hood\/","og_site_name":"IPlay","og_image":[{"width":310,"height":310,"url":"https:\/\/www.iplay.com\/wp-content\/uploads\/2023\/12\/large_square_tile_image-2815.jpg","type":"image\/jpeg"}],"twitter_card":"summary_large_image","twitter_misc":{"Est. reading time":"1 minuto"},"schema":{"@context":"https:\/\/schema.org","@graph":[{"@type":"WebPage","@id":"https:\/\/www.iplay.com\/it\/games\/fairytale-solitaire-red-riding-hood\/","url":"https:\/\/www.iplay.com\/it\/games\/fairytale-solitaire-red-riding-hood\/","name":"Fairytale Solitaire - Cappuccetto Rosso - Prova nuove emozioni","isPartOf":{"@id":"https:\/\/www.iplay.com\/en\/#website"},"primaryImageOfPage":{"@id":"https:\/\/www.iplay.com\/it\/games\/fairytale-solitaire-red-riding-hood\/#primaryimage"},"image":{"@id":"https:\/\/www.iplay.com\/it\/games\/fairytale-solitaire-red-riding-hood\/#primaryimage"},"thumbnailUrl":"https:\/\/www.iplay.com\/wp-content\/uploads\/2023\/12\/large_square_tile_image-2815.jpg","datePublished":"2019-07-30T00:00:00+00:00","description":"Scopri nuove emozioni! Cappuccetto Rosso in Fairytale Solitaire","breadcrumb":{"@id":"https:\/\/www.iplay.com\/it\/games\/fairytale-solitaire-red-riding-hood\/#breadcrumb"},"inLanguage":"it-IT","potentialAction":[{"@type":"ReadAction","target":["https:\/\/www.iplay.com\/it\/games\/fairytale-solitaire-red-riding-hood\/"]}]},{"@type":"ImageObject","inLanguage":"it-IT","@id":"https:\/\/www.iplay.com\/it\/games\/fairytale-solitaire-red-riding-hood\/#primaryimage","url":"https:\/\/www.iplay.com\/wp-content\/uploads\/2023\/12\/large_square_tile_image-2815.jpg","contentUrl":"https:\/\/www.iplay.com\/wp-content\/uploads\/2023\/12\/large_square_tile_image-2815.jpg","width":310,"height":310},{"@type":"BreadcrumbList","@id":"https:\/\/www.iplay.com\/it\/games\/fairytale-solitaire-red-riding-hood\/#breadcrumb","itemListElement":[{"@type":"ListItem","position":1,"name":"Home","item":"https:\/\/www.iplay.com\/it\/home-page-2\/"},{"@type":"ListItem","position":2,"name":"Shop","item":"https:\/\/www.iplay.com\/en\/shop\/"},{"@type":"ListItem","position":3,"name":"Fairytale Solitaire &#8211; Red Riding Hood"}]},{"@type":"WebSite","@id":"https:\/\/www.iplay.com\/en\/#website","url":"https:\/\/www.iplay.com\/en\/","name":"IPlay","description":"The Best Casual Games!","publisher":{"@id":"https:\/\/www.iplay.com\/en\/#organization"},"potentialAction":[{"@type":"SearchAction","target":{"@type":"EntryPoint","urlTemplate":"https:\/\/www.iplay.com\/en\/?s={search_term_string}"},"query-input":{"@type":"PropertyValueSpecification","valueRequired":true,"valueName":"search_term_string"}}],"inLanguage":"it-IT"},{"@type":"Organization","@id":"https:\/\/www.iplay.com\/en\/#organization","name":"IPlay","url":"https:\/\/www.iplay.com\/en\/","logo":{"@type":"ImageObject","inLanguage":"it-IT","@id":"https:\/\/www.iplay.com\/en\/#\/schema\/logo\/image\/","url":"https:\/\/www.iplay.com\/wp-content\/uploads\/2023\/11\/Group-6100.svg","contentUrl":"https:\/\/www.iplay.com\/wp-content\/uploads\/2023\/11\/Group-6100.svg","width":98,"height":25,"caption":"IPlay"},"image":{"@id":"https:\/\/www.iplay.com\/en\/#\/schema\/logo\/image\/"}}]}},"_links":{"self":[{"href":"https:\/\/www.iplay.com\/it\/wp-json\/wp\/v2\/product\/140164","targetHints":{"allow":["GET"]}}],"collection":[{"href":"https:\/\/www.iplay.com\/it\/wp-json\/wp\/v2\/product"}],"about":[{"href":"https:\/\/www.iplay.com\/it\/wp-json\/wp\/v2\/types\/product"}],"author":[{"embeddable":true,"href":"https:\/\/www.iplay.com\/it\/wp-json\/wp\/v2\/users\/13"}],"replies":[{"embeddable":true,"href":"https:\/\/www.iplay.com\/it\/wp-json\/wp\/v2\/comments?post=140164"}],"wp:featuredmedia":[{"embeddable":true,"href":"https:\/\/www.iplay.com\/it\/wp-json\/wp\/v2\/media\/84877"}],"wp:attachment":[{"href":"https:\/\/www.iplay.com\/it\/wp-json\/wp\/v2\/media?parent=140164"}],"wp:term":[{"taxonomy":"product_brand","embeddable":true,"href":"https:\/\/www.iplay.com\/it\/wp-json\/wp\/v2\/product_brand?post=140164"},{"taxonomy":"product_cat","embeddable":true,"href":"https:\/\/www.iplay.com\/it\/wp-json\/wp\/v2\/product_cat?post=140164"},{"taxonomy":"product_tag","embeddable":true,"href":"https:\/\/www.iplay.com\/it\/wp-json\/wp\/v2\/product_tag?post=140164"}],"curies":[{"name":"wp","href":"https:\/\/api.w.org\/{rel}","templated":true}]}}