{"id":140038,"date":"2019-06-19T00:00:00","date_gmt":"2019-06-19T00:00:00","guid":{"rendered":"https:\/\/www.iplay.com\/games\/myths-of-the-world-the-black-sun-collectors-edition\/"},"modified":"2019-06-19T00:00:00","modified_gmt":"2019-06-19T00:00:00","slug":"myths-of-the-world-the-black-sun-collectors-edition","status":"publish","type":"product","link":"https:\/\/www.iplay.com\/it\/games\/myths-of-the-world-the-black-sun-collectors-edition\/","title":{"rendered":"Myths of the World: The Black Sun Collector&#8217;s Edition"},"content":{"rendered":"<p>Goditi l&#8217;ultimo capitolo della serie <em>Myths of the World<\/em> ! Sei stato chiamato per indagare sulla scomparsa del comandante dalla tua citt\u00e0 natale. Tuo padre viene trasformato in pietra da una strana entit\u00e0 prima che tu possa andare troppo oltre! Cercare la bestia e tentare di salvare la comunit\u00e0 \u00e8 una corsa contro il tempo. Sarai la prossima vittima del mostro o lo localizzerai in tempo? Scoprilo in questo emozionante viaggio rompicapo a oggetti nascosti! Nel capitolo bonus, fai squadra con un amico inaspettato per salvare un villaggio morente!      <\/p>\n<p>&nbsp;<\/p>\n<p>&nbsp;<\/p>\n<p><strong>Tratti somatici:<\/strong><\/p>\n<p>&nbsp;<\/p>\n<p>&#8211; Se hai bisogno di assistenza o sei bloccato, consulta la nostra guida strategica completa.<\/p>\n<p>&#8211; Trova oggetti mutevoli e raccogli lucertole nascoste da aggiungere al tuo terrario.<br \/>\n&#8211; Raggiungi gli obiettivi e raccogli medaglie per la tua collezione di ricordi.<\/p>\n<p>&#8211; Divertiti con i bozzetti, i minigiochi, la colonna sonora, gli HOP ripetibili e altro ancora!<\/p>\n","protected":false},"excerpt":{"rendered":"<p>L&#8217;assalto \u00e8 sulla tua citt\u00e0 natale! L&#8217;edizione da collezione di Myths of the World: Il sole nero <\/p>\n","protected":false},"author":17,"featured_media":89686,"comment_status":"open","ping_status":"closed","template":"","meta":{"_acf_changed":false,"inline_featured_image":false},"product_brand":[],"product_cat":[163],"product_tag":[290],"class_list":{"0":"post-140038","1":"product","2":"type-product","3":"status-publish","4":"has-post-thumbnail","6":"product_cat-hidden-object-it","7":"product_tag-play-on-pc-it","9":"first","10":"instock","11":"shipping-taxable","12":"purchasable","13":"product-type-simple"},"acf":[],"yoast_head":"<!-- This site is optimized with the Yoast SEO Premium plugin v25.2 (Yoast SEO v25.2) - https:\/\/yoast.com\/wordpress\/plugins\/seo\/ -->\n<title>Myths of the World: The Black Sun Collector&#039;s Edition - Difendi la tua citt\u00e0 natale in Myths of the World: The Black Sun CE<\/title>\n<meta name=\"description\" content=\"L&#039;assalto \u00e8 sulla tua citt\u00e0 natale! L&#039;edizione da collezione di Myths of the World: Il sole nero\" \/>\n<meta name=\"robots\" content=\"index, follow, max-snippet:-1, max-image-preview:large, max-video-preview:-1\" \/>\n<link rel=\"canonical\" href=\"https:\/\/www.iplay.com\/it\/games\/myths-of-the-world-the-black-sun-collectors-edition\/\" \/>\n<meta property=\"og:locale\" content=\"it_IT\" \/>\n<meta property=\"og:type\" content=\"article\" \/>\n<meta property=\"og:title\" content=\"Myths of the World: The Black Sun Collector&#039;s Edition\" \/>\n<meta property=\"og:description\" content=\"L&#039;assalto \u00e8 sulla tua citt\u00e0 natale! L&#039;edizione da collezione di Myths of the World: Il sole nero\" \/>\n<meta property=\"og:url\" content=\"https:\/\/www.iplay.com\/it\/games\/myths-of-the-world-the-black-sun-collectors-edition\/\" \/>\n<meta property=\"og:site_name\" content=\"IPlay\" \/>\n<meta property=\"og:image\" content=\"https:\/\/www.iplay.com\/wp-content\/uploads\/2023\/12\/large_square_tile_image-3117.jpg\" \/>\n\t<meta property=\"og:image:width\" content=\"310\" \/>\n\t<meta property=\"og:image:height\" content=\"310\" \/>\n\t<meta property=\"og:image:type\" content=\"image\/jpeg\" \/>\n<meta name=\"twitter:card\" content=\"summary_large_image\" \/>\n<meta name=\"twitter:label1\" content=\"Est. reading time\" \/>\n\t<meta name=\"twitter:data1\" content=\"1 minuto\" \/>\n<script type=\"application\/ld+json\" class=\"yoast-schema-graph\">{\"@context\":\"https:\/\/schema.org\",\"@graph\":[{\"@type\":\"WebPage\",\"@id\":\"https:\/\/www.iplay.com\/it\/games\/myths-of-the-world-the-black-sun-collectors-edition\/\",\"url\":\"https:\/\/www.iplay.com\/it\/games\/myths-of-the-world-the-black-sun-collectors-edition\/\",\"name\":\"Myths of the World: The Black Sun Collector's Edition - Difendi la tua citt\u00e0 natale in Myths of the World: The Black Sun CE\",\"isPartOf\":{\"@id\":\"https:\/\/www.iplay.com\/en\/#website\"},\"primaryImageOfPage\":{\"@id\":\"https:\/\/www.iplay.com\/it\/games\/myths-of-the-world-the-black-sun-collectors-edition\/#primaryimage\"},\"image\":{\"@id\":\"https:\/\/www.iplay.com\/it\/games\/myths-of-the-world-the-black-sun-collectors-edition\/#primaryimage\"},\"thumbnailUrl\":\"https:\/\/www.iplay.com\/wp-content\/uploads\/2023\/12\/large_square_tile_image-3117.jpg\",\"datePublished\":\"2019-06-19T00:00:00+00:00\",\"description\":\"L'assalto \u00e8 sulla tua citt\u00e0 natale! L'edizione da collezione di Myths of the World: Il sole nero\",\"breadcrumb\":{\"@id\":\"https:\/\/www.iplay.com\/it\/games\/myths-of-the-world-the-black-sun-collectors-edition\/#breadcrumb\"},\"inLanguage\":\"it-IT\",\"potentialAction\":[{\"@type\":\"ReadAction\",\"target\":[\"https:\/\/www.iplay.com\/it\/games\/myths-of-the-world-the-black-sun-collectors-edition\/\"]}]},{\"@type\":\"ImageObject\",\"inLanguage\":\"it-IT\",\"@id\":\"https:\/\/www.iplay.com\/it\/games\/myths-of-the-world-the-black-sun-collectors-edition\/#primaryimage\",\"url\":\"https:\/\/www.iplay.com\/wp-content\/uploads\/2023\/12\/large_square_tile_image-3117.jpg\",\"contentUrl\":\"https:\/\/www.iplay.com\/wp-content\/uploads\/2023\/12\/large_square_tile_image-3117.jpg\",\"width\":310,\"height\":310},{\"@type\":\"BreadcrumbList\",\"@id\":\"https:\/\/www.iplay.com\/it\/games\/myths-of-the-world-the-black-sun-collectors-edition\/#breadcrumb\",\"itemListElement\":[{\"@type\":\"ListItem\",\"position\":1,\"name\":\"Home\",\"item\":\"https:\/\/www.iplay.com\/it\/home-page-2\/\"},{\"@type\":\"ListItem\",\"position\":2,\"name\":\"Shop\",\"item\":\"https:\/\/www.iplay.com\/en\/shop\/\"},{\"@type\":\"ListItem\",\"position\":3,\"name\":\"Myths of the World: The Black Sun Collector&#8217;s Edition\"}]},{\"@type\":\"WebSite\",\"@id\":\"https:\/\/www.iplay.com\/en\/#website\",\"url\":\"https:\/\/www.iplay.com\/en\/\",\"name\":\"IPlay\",\"description\":\"The Best Casual Games!\",\"publisher\":{\"@id\":\"https:\/\/www.iplay.com\/en\/#organization\"},\"potentialAction\":[{\"@type\":\"SearchAction\",\"target\":{\"@type\":\"EntryPoint\",\"urlTemplate\":\"https:\/\/www.iplay.com\/en\/?s={search_term_string}\"},\"query-input\":{\"@type\":\"PropertyValueSpecification\",\"valueRequired\":true,\"valueName\":\"search_term_string\"}}],\"inLanguage\":\"it-IT\"},{\"@type\":\"Organization\",\"@id\":\"https:\/\/www.iplay.com\/en\/#organization\",\"name\":\"IPlay\",\"url\":\"https:\/\/www.iplay.com\/en\/\",\"logo\":{\"@type\":\"ImageObject\",\"inLanguage\":\"it-IT\",\"@id\":\"https:\/\/www.iplay.com\/en\/#\/schema\/logo\/image\/\",\"url\":\"https:\/\/www.iplay.com\/wp-content\/uploads\/2023\/11\/Group-6100.svg\",\"contentUrl\":\"https:\/\/www.iplay.com\/wp-content\/uploads\/2023\/11\/Group-6100.svg\",\"width\":98,\"height\":25,\"caption\":\"IPlay\"},\"image\":{\"@id\":\"https:\/\/www.iplay.com\/en\/#\/schema\/logo\/image\/\"}}]}<\/script>\n<!-- \/ Yoast SEO Premium plugin. -->","yoast_head_json":{"title":"Myths of the World: The Black Sun Collector's Edition - Difendi la tua citt\u00e0 natale in Myths of the World: The Black Sun CE","description":"L'assalto \u00e8 sulla tua citt\u00e0 natale! L'edizione da collezione di Myths of the World: Il sole nero","robots":{"index":"index","follow":"follow","max-snippet":"max-snippet:-1","max-image-preview":"max-image-preview:large","max-video-preview":"max-video-preview:-1"},"canonical":"https:\/\/www.iplay.com\/it\/games\/myths-of-the-world-the-black-sun-collectors-edition\/","og_locale":"it_IT","og_type":"article","og_title":"Myths of the World: The Black Sun Collector's Edition","og_description":"L'assalto \u00e8 sulla tua citt\u00e0 natale! L'edizione da collezione di Myths of the World: Il sole nero","og_url":"https:\/\/www.iplay.com\/it\/games\/myths-of-the-world-the-black-sun-collectors-edition\/","og_site_name":"IPlay","og_image":[{"width":310,"height":310,"url":"https:\/\/www.iplay.com\/wp-content\/uploads\/2023\/12\/large_square_tile_image-3117.jpg","type":"image\/jpeg"}],"twitter_card":"summary_large_image","twitter_misc":{"Est. reading time":"1 minuto"},"schema":{"@context":"https:\/\/schema.org","@graph":[{"@type":"WebPage","@id":"https:\/\/www.iplay.com\/it\/games\/myths-of-the-world-the-black-sun-collectors-edition\/","url":"https:\/\/www.iplay.com\/it\/games\/myths-of-the-world-the-black-sun-collectors-edition\/","name":"Myths of the World: The Black Sun Collector's Edition - Difendi la tua citt\u00e0 natale in Myths of the World: The Black Sun CE","isPartOf":{"@id":"https:\/\/www.iplay.com\/en\/#website"},"primaryImageOfPage":{"@id":"https:\/\/www.iplay.com\/it\/games\/myths-of-the-world-the-black-sun-collectors-edition\/#primaryimage"},"image":{"@id":"https:\/\/www.iplay.com\/it\/games\/myths-of-the-world-the-black-sun-collectors-edition\/#primaryimage"},"thumbnailUrl":"https:\/\/www.iplay.com\/wp-content\/uploads\/2023\/12\/large_square_tile_image-3117.jpg","datePublished":"2019-06-19T00:00:00+00:00","description":"L'assalto \u00e8 sulla tua citt\u00e0 natale! L'edizione da collezione di Myths of the World: Il sole nero","breadcrumb":{"@id":"https:\/\/www.iplay.com\/it\/games\/myths-of-the-world-the-black-sun-collectors-edition\/#breadcrumb"},"inLanguage":"it-IT","potentialAction":[{"@type":"ReadAction","target":["https:\/\/www.iplay.com\/it\/games\/myths-of-the-world-the-black-sun-collectors-edition\/"]}]},{"@type":"ImageObject","inLanguage":"it-IT","@id":"https:\/\/www.iplay.com\/it\/games\/myths-of-the-world-the-black-sun-collectors-edition\/#primaryimage","url":"https:\/\/www.iplay.com\/wp-content\/uploads\/2023\/12\/large_square_tile_image-3117.jpg","contentUrl":"https:\/\/www.iplay.com\/wp-content\/uploads\/2023\/12\/large_square_tile_image-3117.jpg","width":310,"height":310},{"@type":"BreadcrumbList","@id":"https:\/\/www.iplay.com\/it\/games\/myths-of-the-world-the-black-sun-collectors-edition\/#breadcrumb","itemListElement":[{"@type":"ListItem","position":1,"name":"Home","item":"https:\/\/www.iplay.com\/it\/home-page-2\/"},{"@type":"ListItem","position":2,"name":"Shop","item":"https:\/\/www.iplay.com\/en\/shop\/"},{"@type":"ListItem","position":3,"name":"Myths of the World: The Black Sun Collector&#8217;s Edition"}]},{"@type":"WebSite","@id":"https:\/\/www.iplay.com\/en\/#website","url":"https:\/\/www.iplay.com\/en\/","name":"IPlay","description":"The Best Casual Games!","publisher":{"@id":"https:\/\/www.iplay.com\/en\/#organization"},"potentialAction":[{"@type":"SearchAction","target":{"@type":"EntryPoint","urlTemplate":"https:\/\/www.iplay.com\/en\/?s={search_term_string}"},"query-input":{"@type":"PropertyValueSpecification","valueRequired":true,"valueName":"search_term_string"}}],"inLanguage":"it-IT"},{"@type":"Organization","@id":"https:\/\/www.iplay.com\/en\/#organization","name":"IPlay","url":"https:\/\/www.iplay.com\/en\/","logo":{"@type":"ImageObject","inLanguage":"it-IT","@id":"https:\/\/www.iplay.com\/en\/#\/schema\/logo\/image\/","url":"https:\/\/www.iplay.com\/wp-content\/uploads\/2023\/11\/Group-6100.svg","contentUrl":"https:\/\/www.iplay.com\/wp-content\/uploads\/2023\/11\/Group-6100.svg","width":98,"height":25,"caption":"IPlay"},"image":{"@id":"https:\/\/www.iplay.com\/en\/#\/schema\/logo\/image\/"}}]}},"_links":{"self":[{"href":"https:\/\/www.iplay.com\/it\/wp-json\/wp\/v2\/product\/140038","targetHints":{"allow":["GET"]}}],"collection":[{"href":"https:\/\/www.iplay.com\/it\/wp-json\/wp\/v2\/product"}],"about":[{"href":"https:\/\/www.iplay.com\/it\/wp-json\/wp\/v2\/types\/product"}],"author":[{"embeddable":true,"href":"https:\/\/www.iplay.com\/it\/wp-json\/wp\/v2\/users\/17"}],"replies":[{"embeddable":true,"href":"https:\/\/www.iplay.com\/it\/wp-json\/wp\/v2\/comments?post=140038"}],"wp:featuredmedia":[{"embeddable":true,"href":"https:\/\/www.iplay.com\/it\/wp-json\/wp\/v2\/media\/89686"}],"wp:attachment":[{"href":"https:\/\/www.iplay.com\/it\/wp-json\/wp\/v2\/media?parent=140038"}],"wp:term":[{"taxonomy":"product_brand","embeddable":true,"href":"https:\/\/www.iplay.com\/it\/wp-json\/wp\/v2\/product_brand?post=140038"},{"taxonomy":"product_cat","embeddable":true,"href":"https:\/\/www.iplay.com\/it\/wp-json\/wp\/v2\/product_cat?post=140038"},{"taxonomy":"product_tag","embeddable":true,"href":"https:\/\/www.iplay.com\/it\/wp-json\/wp\/v2\/product_tag?post=140038"}],"curies":[{"name":"wp","href":"https:\/\/api.w.org\/{rel}","templated":true}]}}