{"id":139990,"date":"2019-06-06T00:00:00","date_gmt":"2019-06-06T00:00:00","guid":{"rendered":"https:\/\/www.iplay.com\/games\/holiday-adventures-3-in-1\/"},"modified":"2019-06-06T00:00:00","modified_gmt":"2019-06-06T00:00:00","slug":"holiday-adventures-3-in-1","status":"publish","type":"product","link":"https:\/\/www.iplay.com\/it\/games\/holiday-adventures-3-in-1\/","title":{"rendered":"Holiday Adventures 3 in 1"},"content":{"rendered":"<p>Tre donne di mezza et\u00e0, tre amiche di una vita con personalit\u00e0 distinte. Si sono promessi che avrebbero trovato il tempo per andare da qualche parte insieme, indipendentemente da come fosse andata a finire la loro vita. Vieni a scoprire Acapulco, le Hawaii e la Florida: tre idilliaci luoghi di vacanza tropicali! La tua esperienza sar\u00e0 piacevole, rilassante e impegnativa grazie a una variet\u00e0 di modalit\u00e0 di gioco, oggetti subdolamente nascosti e complessit\u00e0 crescente.   <\/p>\n<p>&nbsp;<\/p>\n<p>&nbsp;<\/p>\n<p><strong>Tratti somatici:<\/strong><\/p>\n<p>&nbsp;<\/p>\n<p>&#8211; Un gioco con tre storie di avventura a oggetti nascosti<\/p>\n<p>&#8211; 300 scene con oggetti nascosti- 48 siti distinti<\/p>\n<p>&#8211; Scene aggiuntive<\/p>\n<p>&#8211; Pi\u00f9 di 1500 cose sono nascoste nel gioco.<\/p>\n<p>&#8211; Varie modalit\u00e0 di gioco, come Word, Silhouette e Picture<\/p>\n<p>&#8211; Scene visualizzabili con zoom<\/p>\n<p>&#8211; Effetti visivi migliorati e qualit\u00e0 grafica ad alta definizione<\/p>\n<p>&#8211; Effetti audio eccezionali<\/p>\n<p>&#8211; Musica giocosa in linea con il tema del gioco<\/p>\n","protected":false},"excerpt":{"rendered":"<p>Vieni a scoprire Acapulco, Hawaii e Floridatre luoghi di vacanza tropicali!<\/p>\n","protected":false},"author":201,"featured_media":85309,"comment_status":"open","ping_status":"closed","template":"","meta":{"_acf_changed":false,"inline_featured_image":false},"product_brand":[],"product_cat":[163],"product_tag":[290],"class_list":{"0":"post-139990","1":"product","2":"type-product","3":"status-publish","4":"has-post-thumbnail","6":"product_cat-hidden-object-it","7":"product_tag-play-on-pc-it","9":"first","10":"instock","11":"shipping-taxable","12":"purchasable","13":"product-type-simple"},"acf":[],"yoast_head":"<!-- This site is optimized with the Yoast SEO Premium plugin v25.2 (Yoast SEO v25.2) - https:\/\/yoast.com\/wordpress\/plugins\/seo\/ -->\n<title>Holiday Adventures 3 in 1 - Esplora le destinazioni delle vacanze tropicali in un&#039;avventura di squadra<\/title>\n<meta name=\"description\" content=\"Vieni a scoprire Acapulco, Hawaii e Floridatre luoghi di vacanza tropicali!\" \/>\n<meta name=\"robots\" content=\"index, follow, max-snippet:-1, max-image-preview:large, max-video-preview:-1\" \/>\n<link rel=\"canonical\" href=\"https:\/\/www.iplay.com\/it\/games\/holiday-adventures-3-in-1\/\" \/>\n<meta property=\"og:locale\" content=\"it_IT\" \/>\n<meta property=\"og:type\" content=\"article\" \/>\n<meta property=\"og:title\" content=\"Holiday Adventures 3 in 1\" \/>\n<meta property=\"og:description\" content=\"Vieni a scoprire Acapulco, Hawaii e Floridatre luoghi di vacanza tropicali!\" \/>\n<meta property=\"og:url\" content=\"https:\/\/www.iplay.com\/it\/games\/holiday-adventures-3-in-1\/\" \/>\n<meta property=\"og:site_name\" content=\"IPlay\" \/>\n<meta property=\"og:image\" content=\"https:\/\/www.iplay.com\/wp-content\/uploads\/2023\/12\/large_square_tile_image-2843.jpg\" \/>\n\t<meta property=\"og:image:width\" content=\"310\" \/>\n\t<meta property=\"og:image:height\" content=\"310\" \/>\n\t<meta property=\"og:image:type\" content=\"image\/jpeg\" \/>\n<meta name=\"twitter:card\" content=\"summary_large_image\" \/>\n<meta name=\"twitter:label1\" content=\"Est. reading time\" \/>\n\t<meta name=\"twitter:data1\" content=\"1 minuto\" \/>\n<script type=\"application\/ld+json\" class=\"yoast-schema-graph\">{\"@context\":\"https:\/\/schema.org\",\"@graph\":[{\"@type\":\"WebPage\",\"@id\":\"https:\/\/www.iplay.com\/it\/games\/holiday-adventures-3-in-1\/\",\"url\":\"https:\/\/www.iplay.com\/it\/games\/holiday-adventures-3-in-1\/\",\"name\":\"Holiday Adventures 3 in 1 - Esplora le destinazioni delle vacanze tropicali in un'avventura di squadra\",\"isPartOf\":{\"@id\":\"https:\/\/www.iplay.com\/en\/#website\"},\"primaryImageOfPage\":{\"@id\":\"https:\/\/www.iplay.com\/it\/games\/holiday-adventures-3-in-1\/#primaryimage\"},\"image\":{\"@id\":\"https:\/\/www.iplay.com\/it\/games\/holiday-adventures-3-in-1\/#primaryimage\"},\"thumbnailUrl\":\"https:\/\/www.iplay.com\/wp-content\/uploads\/2023\/12\/large_square_tile_image-2843.jpg\",\"datePublished\":\"2019-06-06T00:00:00+00:00\",\"description\":\"Vieni a scoprire Acapulco, Hawaii e Floridatre luoghi di vacanza tropicali!\",\"breadcrumb\":{\"@id\":\"https:\/\/www.iplay.com\/it\/games\/holiday-adventures-3-in-1\/#breadcrumb\"},\"inLanguage\":\"it-IT\",\"potentialAction\":[{\"@type\":\"ReadAction\",\"target\":[\"https:\/\/www.iplay.com\/it\/games\/holiday-adventures-3-in-1\/\"]}]},{\"@type\":\"ImageObject\",\"inLanguage\":\"it-IT\",\"@id\":\"https:\/\/www.iplay.com\/it\/games\/holiday-adventures-3-in-1\/#primaryimage\",\"url\":\"https:\/\/www.iplay.com\/wp-content\/uploads\/2023\/12\/large_square_tile_image-2843.jpg\",\"contentUrl\":\"https:\/\/www.iplay.com\/wp-content\/uploads\/2023\/12\/large_square_tile_image-2843.jpg\",\"width\":310,\"height\":310},{\"@type\":\"BreadcrumbList\",\"@id\":\"https:\/\/www.iplay.com\/it\/games\/holiday-adventures-3-in-1\/#breadcrumb\",\"itemListElement\":[{\"@type\":\"ListItem\",\"position\":1,\"name\":\"Home\",\"item\":\"https:\/\/www.iplay.com\/it\/home-page-2\/\"},{\"@type\":\"ListItem\",\"position\":2,\"name\":\"Shop\",\"item\":\"https:\/\/www.iplay.com\/en\/shop\/\"},{\"@type\":\"ListItem\",\"position\":3,\"name\":\"Holiday Adventures 3 in 1\"}]},{\"@type\":\"WebSite\",\"@id\":\"https:\/\/www.iplay.com\/en\/#website\",\"url\":\"https:\/\/www.iplay.com\/en\/\",\"name\":\"IPlay\",\"description\":\"The Best Casual Games!\",\"publisher\":{\"@id\":\"https:\/\/www.iplay.com\/en\/#organization\"},\"potentialAction\":[{\"@type\":\"SearchAction\",\"target\":{\"@type\":\"EntryPoint\",\"urlTemplate\":\"https:\/\/www.iplay.com\/en\/?s={search_term_string}\"},\"query-input\":{\"@type\":\"PropertyValueSpecification\",\"valueRequired\":true,\"valueName\":\"search_term_string\"}}],\"inLanguage\":\"it-IT\"},{\"@type\":\"Organization\",\"@id\":\"https:\/\/www.iplay.com\/en\/#organization\",\"name\":\"IPlay\",\"url\":\"https:\/\/www.iplay.com\/en\/\",\"logo\":{\"@type\":\"ImageObject\",\"inLanguage\":\"it-IT\",\"@id\":\"https:\/\/www.iplay.com\/en\/#\/schema\/logo\/image\/\",\"url\":\"https:\/\/www.iplay.com\/wp-content\/uploads\/2023\/11\/Group-6100.svg\",\"contentUrl\":\"https:\/\/www.iplay.com\/wp-content\/uploads\/2023\/11\/Group-6100.svg\",\"width\":98,\"height\":25,\"caption\":\"IPlay\"},\"image\":{\"@id\":\"https:\/\/www.iplay.com\/en\/#\/schema\/logo\/image\/\"}}]}<\/script>\n<!-- \/ Yoast SEO Premium plugin. -->","yoast_head_json":{"title":"Holiday Adventures 3 in 1 - Esplora le destinazioni delle vacanze tropicali in un'avventura di squadra","description":"Vieni a scoprire Acapulco, Hawaii e Floridatre luoghi di vacanza tropicali!","robots":{"index":"index","follow":"follow","max-snippet":"max-snippet:-1","max-image-preview":"max-image-preview:large","max-video-preview":"max-video-preview:-1"},"canonical":"https:\/\/www.iplay.com\/it\/games\/holiday-adventures-3-in-1\/","og_locale":"it_IT","og_type":"article","og_title":"Holiday Adventures 3 in 1","og_description":"Vieni a scoprire Acapulco, Hawaii e Floridatre luoghi di vacanza tropicali!","og_url":"https:\/\/www.iplay.com\/it\/games\/holiday-adventures-3-in-1\/","og_site_name":"IPlay","og_image":[{"width":310,"height":310,"url":"https:\/\/www.iplay.com\/wp-content\/uploads\/2023\/12\/large_square_tile_image-2843.jpg","type":"image\/jpeg"}],"twitter_card":"summary_large_image","twitter_misc":{"Est. reading time":"1 minuto"},"schema":{"@context":"https:\/\/schema.org","@graph":[{"@type":"WebPage","@id":"https:\/\/www.iplay.com\/it\/games\/holiday-adventures-3-in-1\/","url":"https:\/\/www.iplay.com\/it\/games\/holiday-adventures-3-in-1\/","name":"Holiday Adventures 3 in 1 - Esplora le destinazioni delle vacanze tropicali in un'avventura di squadra","isPartOf":{"@id":"https:\/\/www.iplay.com\/en\/#website"},"primaryImageOfPage":{"@id":"https:\/\/www.iplay.com\/it\/games\/holiday-adventures-3-in-1\/#primaryimage"},"image":{"@id":"https:\/\/www.iplay.com\/it\/games\/holiday-adventures-3-in-1\/#primaryimage"},"thumbnailUrl":"https:\/\/www.iplay.com\/wp-content\/uploads\/2023\/12\/large_square_tile_image-2843.jpg","datePublished":"2019-06-06T00:00:00+00:00","description":"Vieni a scoprire Acapulco, Hawaii e Floridatre luoghi di vacanza tropicali!","breadcrumb":{"@id":"https:\/\/www.iplay.com\/it\/games\/holiday-adventures-3-in-1\/#breadcrumb"},"inLanguage":"it-IT","potentialAction":[{"@type":"ReadAction","target":["https:\/\/www.iplay.com\/it\/games\/holiday-adventures-3-in-1\/"]}]},{"@type":"ImageObject","inLanguage":"it-IT","@id":"https:\/\/www.iplay.com\/it\/games\/holiday-adventures-3-in-1\/#primaryimage","url":"https:\/\/www.iplay.com\/wp-content\/uploads\/2023\/12\/large_square_tile_image-2843.jpg","contentUrl":"https:\/\/www.iplay.com\/wp-content\/uploads\/2023\/12\/large_square_tile_image-2843.jpg","width":310,"height":310},{"@type":"BreadcrumbList","@id":"https:\/\/www.iplay.com\/it\/games\/holiday-adventures-3-in-1\/#breadcrumb","itemListElement":[{"@type":"ListItem","position":1,"name":"Home","item":"https:\/\/www.iplay.com\/it\/home-page-2\/"},{"@type":"ListItem","position":2,"name":"Shop","item":"https:\/\/www.iplay.com\/en\/shop\/"},{"@type":"ListItem","position":3,"name":"Holiday Adventures 3 in 1"}]},{"@type":"WebSite","@id":"https:\/\/www.iplay.com\/en\/#website","url":"https:\/\/www.iplay.com\/en\/","name":"IPlay","description":"The Best Casual Games!","publisher":{"@id":"https:\/\/www.iplay.com\/en\/#organization"},"potentialAction":[{"@type":"SearchAction","target":{"@type":"EntryPoint","urlTemplate":"https:\/\/www.iplay.com\/en\/?s={search_term_string}"},"query-input":{"@type":"PropertyValueSpecification","valueRequired":true,"valueName":"search_term_string"}}],"inLanguage":"it-IT"},{"@type":"Organization","@id":"https:\/\/www.iplay.com\/en\/#organization","name":"IPlay","url":"https:\/\/www.iplay.com\/en\/","logo":{"@type":"ImageObject","inLanguage":"it-IT","@id":"https:\/\/www.iplay.com\/en\/#\/schema\/logo\/image\/","url":"https:\/\/www.iplay.com\/wp-content\/uploads\/2023\/11\/Group-6100.svg","contentUrl":"https:\/\/www.iplay.com\/wp-content\/uploads\/2023\/11\/Group-6100.svg","width":98,"height":25,"caption":"IPlay"},"image":{"@id":"https:\/\/www.iplay.com\/en\/#\/schema\/logo\/image\/"}}]}},"_links":{"self":[{"href":"https:\/\/www.iplay.com\/it\/wp-json\/wp\/v2\/product\/139990","targetHints":{"allow":["GET"]}}],"collection":[{"href":"https:\/\/www.iplay.com\/it\/wp-json\/wp\/v2\/product"}],"about":[{"href":"https:\/\/www.iplay.com\/it\/wp-json\/wp\/v2\/types\/product"}],"author":[{"embeddable":true,"href":"https:\/\/www.iplay.com\/it\/wp-json\/wp\/v2\/users\/201"}],"replies":[{"embeddable":true,"href":"https:\/\/www.iplay.com\/it\/wp-json\/wp\/v2\/comments?post=139990"}],"wp:featuredmedia":[{"embeddable":true,"href":"https:\/\/www.iplay.com\/it\/wp-json\/wp\/v2\/media\/85309"}],"wp:attachment":[{"href":"https:\/\/www.iplay.com\/it\/wp-json\/wp\/v2\/media?parent=139990"}],"wp:term":[{"taxonomy":"product_brand","embeddable":true,"href":"https:\/\/www.iplay.com\/it\/wp-json\/wp\/v2\/product_brand?post=139990"},{"taxonomy":"product_cat","embeddable":true,"href":"https:\/\/www.iplay.com\/it\/wp-json\/wp\/v2\/product_cat?post=139990"},{"taxonomy":"product_tag","embeddable":true,"href":"https:\/\/www.iplay.com\/it\/wp-json\/wp\/v2\/product_tag?post=139990"}],"curies":[{"name":"wp","href":"https:\/\/api.w.org\/{rel}","templated":true}]}}