{"id":139903,"date":"2019-02-14T00:00:01","date_gmt":"2019-02-14T00:00:01","guid":{"rendered":"https:\/\/www.iplay.com\/games\/dark-parables-the-thief-and-the-tinderbox-collectors-edition\/"},"modified":"2019-02-14T00:00:01","modified_gmt":"2019-02-14T00:00:01","slug":"dark-parables-the-thief-and-the-tinderbox-collectors-edition","status":"publish","type":"product","link":"https:\/\/www.iplay.com\/it\/games\/dark-parables-the-thief-and-the-tinderbox-collectors-edition\/","title":{"rendered":"Dark Parables: The Thief and the Tinderbox Collector&#8217;s Edition"},"content":{"rendered":"<p>Goditi il prossimo capitolo al cardiopalma dell&#8217;amata serie <em>Dark Parables<\/em> ! \u00c8 la vigilia del matrimonio di Gerda e Gwyn, ma un piromane canaglia sta dando fuoco alle foreste del Regno della Montagna! La tua indagine ti porter\u00e0 nelle profondit\u00e0 della foresta dove verr\u00e0 portato alla luce un pericoloso artefatto, che potrebbe significare la rovina per il mondo intero! Un vecchio amico riemerger\u00e0 e i suoi desideri pi\u00f9 profondi determineranno il destino del Regno della Montagna. Fai attenzione a ci\u00f2 che desideri in questo spettacolare gioco d&#8217;avventura rompicapo a oggetti nascosti!    <\/p>\n<p>&nbsp;<\/p>\n<p>&nbsp;<\/p>\n<p><strong>Tratti somatici:<\/strong><\/p>\n<p>&nbsp;<\/p>\n<p>&#8211; Libera il Regno della Neve dalla sua leggendaria nemesi nel gioco bonus!<br \/>\n&#8211; Rigioca puzzle, minigiochi e scene con oggetti nascosti!<br \/>\n&#8211; Sblocca sfide bonus, souvenir e oggetti da collezione!<br \/>\n&#8211; Ottieni opere d&#8217;arte, musica e contenuti video originali! Scarica la vantaggiosa guida strategica qui!<\/p>\n","protected":false},"excerpt":{"rendered":"<p>I desideri sono pericolosi. I boschi del Regno della Montagna sono stati dati alle fiamme da un piromane! <\/p>\n","protected":false},"author":17,"featured_media":94262,"comment_status":"open","ping_status":"closed","template":"","meta":{"_acf_changed":false,"inline_featured_image":false},"product_brand":[],"product_cat":[163],"product_tag":[290],"class_list":{"0":"post-139903","1":"product","2":"type-product","3":"status-publish","4":"has-post-thumbnail","6":"product_cat-hidden-object-it","7":"product_tag-play-on-pc-it","9":"first","10":"instock","11":"shipping-taxable","12":"purchasable","13":"product-type-simple"},"acf":[],"yoast_head":"<!-- This site is optimized with the Yoast SEO Premium plugin v25.2 (Yoast SEO v25.2) - https:\/\/yoast.com\/wordpress\/plugins\/seo\/ -->\n<title>Dark Parables: The Thief and the Tinderbox Collector&#039;s Edition - I desideri diventano mortali, quando un piromane minaccia le foreste<\/title>\n<meta name=\"description\" content=\"I desideri sono pericolosi. I boschi del Regno della Montagna sono stati dati alle fiamme da un piromane!\" \/>\n<meta name=\"robots\" content=\"index, follow, max-snippet:-1, max-image-preview:large, max-video-preview:-1\" \/>\n<link rel=\"canonical\" href=\"https:\/\/www.iplay.com\/it\/games\/dark-parables-the-thief-and-the-tinderbox-collectors-edition\/\" \/>\n<meta property=\"og:locale\" content=\"it_IT\" \/>\n<meta property=\"og:type\" content=\"article\" \/>\n<meta property=\"og:title\" content=\"Dark Parables: The Thief and the Tinderbox Collector&#039;s Edition\" \/>\n<meta property=\"og:description\" content=\"I desideri sono pericolosi. I boschi del Regno della Montagna sono stati dati alle fiamme da un piromane!\" \/>\n<meta property=\"og:url\" content=\"https:\/\/www.iplay.com\/it\/games\/dark-parables-the-thief-and-the-tinderbox-collectors-edition\/\" \/>\n<meta property=\"og:site_name\" content=\"IPlay\" \/>\n<meta property=\"og:image\" content=\"https:\/\/www.iplay.com\/wp-content\/uploads\/2023\/12\/large_square_tile_image-3408.jpg\" \/>\n\t<meta property=\"og:image:width\" content=\"310\" \/>\n\t<meta property=\"og:image:height\" content=\"310\" \/>\n\t<meta property=\"og:image:type\" content=\"image\/jpeg\" \/>\n<meta name=\"twitter:card\" content=\"summary_large_image\" \/>\n<meta name=\"twitter:label1\" content=\"Est. reading time\" \/>\n\t<meta name=\"twitter:data1\" content=\"1 minuto\" \/>\n<script type=\"application\/ld+json\" class=\"yoast-schema-graph\">{\"@context\":\"https:\/\/schema.org\",\"@graph\":[{\"@type\":\"WebPage\",\"@id\":\"https:\/\/www.iplay.com\/it\/games\/dark-parables-the-thief-and-the-tinderbox-collectors-edition\/\",\"url\":\"https:\/\/www.iplay.com\/it\/games\/dark-parables-the-thief-and-the-tinderbox-collectors-edition\/\",\"name\":\"Dark Parables: The Thief and the Tinderbox Collector's Edition - I desideri diventano mortali, quando un piromane minaccia le foreste\",\"isPartOf\":{\"@id\":\"https:\/\/www.iplay.com\/en\/#website\"},\"primaryImageOfPage\":{\"@id\":\"https:\/\/www.iplay.com\/it\/games\/dark-parables-the-thief-and-the-tinderbox-collectors-edition\/#primaryimage\"},\"image\":{\"@id\":\"https:\/\/www.iplay.com\/it\/games\/dark-parables-the-thief-and-the-tinderbox-collectors-edition\/#primaryimage\"},\"thumbnailUrl\":\"https:\/\/www.iplay.com\/wp-content\/uploads\/2023\/12\/large_square_tile_image-3408.jpg\",\"datePublished\":\"2019-02-14T00:00:01+00:00\",\"description\":\"I desideri sono pericolosi. I boschi del Regno della Montagna sono stati dati alle fiamme da un piromane!\",\"breadcrumb\":{\"@id\":\"https:\/\/www.iplay.com\/it\/games\/dark-parables-the-thief-and-the-tinderbox-collectors-edition\/#breadcrumb\"},\"inLanguage\":\"it-IT\",\"potentialAction\":[{\"@type\":\"ReadAction\",\"target\":[\"https:\/\/www.iplay.com\/it\/games\/dark-parables-the-thief-and-the-tinderbox-collectors-edition\/\"]}]},{\"@type\":\"ImageObject\",\"inLanguage\":\"it-IT\",\"@id\":\"https:\/\/www.iplay.com\/it\/games\/dark-parables-the-thief-and-the-tinderbox-collectors-edition\/#primaryimage\",\"url\":\"https:\/\/www.iplay.com\/wp-content\/uploads\/2023\/12\/large_square_tile_image-3408.jpg\",\"contentUrl\":\"https:\/\/www.iplay.com\/wp-content\/uploads\/2023\/12\/large_square_tile_image-3408.jpg\",\"width\":310,\"height\":310},{\"@type\":\"BreadcrumbList\",\"@id\":\"https:\/\/www.iplay.com\/it\/games\/dark-parables-the-thief-and-the-tinderbox-collectors-edition\/#breadcrumb\",\"itemListElement\":[{\"@type\":\"ListItem\",\"position\":1,\"name\":\"Home\",\"item\":\"https:\/\/www.iplay.com\/it\/home-page-2\/\"},{\"@type\":\"ListItem\",\"position\":2,\"name\":\"Shop\",\"item\":\"https:\/\/www.iplay.com\/en\/shop\/\"},{\"@type\":\"ListItem\",\"position\":3,\"name\":\"Dark Parables: The Thief and the Tinderbox Collector&#8217;s Edition\"}]},{\"@type\":\"WebSite\",\"@id\":\"https:\/\/www.iplay.com\/en\/#website\",\"url\":\"https:\/\/www.iplay.com\/en\/\",\"name\":\"IPlay\",\"description\":\"The Best Casual Games!\",\"publisher\":{\"@id\":\"https:\/\/www.iplay.com\/en\/#organization\"},\"potentialAction\":[{\"@type\":\"SearchAction\",\"target\":{\"@type\":\"EntryPoint\",\"urlTemplate\":\"https:\/\/www.iplay.com\/en\/?s={search_term_string}\"},\"query-input\":{\"@type\":\"PropertyValueSpecification\",\"valueRequired\":true,\"valueName\":\"search_term_string\"}}],\"inLanguage\":\"it-IT\"},{\"@type\":\"Organization\",\"@id\":\"https:\/\/www.iplay.com\/en\/#organization\",\"name\":\"IPlay\",\"url\":\"https:\/\/www.iplay.com\/en\/\",\"logo\":{\"@type\":\"ImageObject\",\"inLanguage\":\"it-IT\",\"@id\":\"https:\/\/www.iplay.com\/en\/#\/schema\/logo\/image\/\",\"url\":\"https:\/\/www.iplay.com\/wp-content\/uploads\/2023\/11\/Group-6100.svg\",\"contentUrl\":\"https:\/\/www.iplay.com\/wp-content\/uploads\/2023\/11\/Group-6100.svg\",\"width\":98,\"height\":25,\"caption\":\"IPlay\"},\"image\":{\"@id\":\"https:\/\/www.iplay.com\/en\/#\/schema\/logo\/image\/\"}}]}<\/script>\n<!-- \/ Yoast SEO Premium plugin. -->","yoast_head_json":{"title":"Dark Parables: The Thief and the Tinderbox Collector's Edition - I desideri diventano mortali, quando un piromane minaccia le foreste","description":"I desideri sono pericolosi. I boschi del Regno della Montagna sono stati dati alle fiamme da un piromane!","robots":{"index":"index","follow":"follow","max-snippet":"max-snippet:-1","max-image-preview":"max-image-preview:large","max-video-preview":"max-video-preview:-1"},"canonical":"https:\/\/www.iplay.com\/it\/games\/dark-parables-the-thief-and-the-tinderbox-collectors-edition\/","og_locale":"it_IT","og_type":"article","og_title":"Dark Parables: The Thief and the Tinderbox Collector's Edition","og_description":"I desideri sono pericolosi. I boschi del Regno della Montagna sono stati dati alle fiamme da un piromane!","og_url":"https:\/\/www.iplay.com\/it\/games\/dark-parables-the-thief-and-the-tinderbox-collectors-edition\/","og_site_name":"IPlay","og_image":[{"width":310,"height":310,"url":"https:\/\/www.iplay.com\/wp-content\/uploads\/2023\/12\/large_square_tile_image-3408.jpg","type":"image\/jpeg"}],"twitter_card":"summary_large_image","twitter_misc":{"Est. reading time":"1 minuto"},"schema":{"@context":"https:\/\/schema.org","@graph":[{"@type":"WebPage","@id":"https:\/\/www.iplay.com\/it\/games\/dark-parables-the-thief-and-the-tinderbox-collectors-edition\/","url":"https:\/\/www.iplay.com\/it\/games\/dark-parables-the-thief-and-the-tinderbox-collectors-edition\/","name":"Dark Parables: The Thief and the Tinderbox Collector's Edition - I desideri diventano mortali, quando un piromane minaccia le foreste","isPartOf":{"@id":"https:\/\/www.iplay.com\/en\/#website"},"primaryImageOfPage":{"@id":"https:\/\/www.iplay.com\/it\/games\/dark-parables-the-thief-and-the-tinderbox-collectors-edition\/#primaryimage"},"image":{"@id":"https:\/\/www.iplay.com\/it\/games\/dark-parables-the-thief-and-the-tinderbox-collectors-edition\/#primaryimage"},"thumbnailUrl":"https:\/\/www.iplay.com\/wp-content\/uploads\/2023\/12\/large_square_tile_image-3408.jpg","datePublished":"2019-02-14T00:00:01+00:00","description":"I desideri sono pericolosi. I boschi del Regno della Montagna sono stati dati alle fiamme da un piromane!","breadcrumb":{"@id":"https:\/\/www.iplay.com\/it\/games\/dark-parables-the-thief-and-the-tinderbox-collectors-edition\/#breadcrumb"},"inLanguage":"it-IT","potentialAction":[{"@type":"ReadAction","target":["https:\/\/www.iplay.com\/it\/games\/dark-parables-the-thief-and-the-tinderbox-collectors-edition\/"]}]},{"@type":"ImageObject","inLanguage":"it-IT","@id":"https:\/\/www.iplay.com\/it\/games\/dark-parables-the-thief-and-the-tinderbox-collectors-edition\/#primaryimage","url":"https:\/\/www.iplay.com\/wp-content\/uploads\/2023\/12\/large_square_tile_image-3408.jpg","contentUrl":"https:\/\/www.iplay.com\/wp-content\/uploads\/2023\/12\/large_square_tile_image-3408.jpg","width":310,"height":310},{"@type":"BreadcrumbList","@id":"https:\/\/www.iplay.com\/it\/games\/dark-parables-the-thief-and-the-tinderbox-collectors-edition\/#breadcrumb","itemListElement":[{"@type":"ListItem","position":1,"name":"Home","item":"https:\/\/www.iplay.com\/it\/home-page-2\/"},{"@type":"ListItem","position":2,"name":"Shop","item":"https:\/\/www.iplay.com\/en\/shop\/"},{"@type":"ListItem","position":3,"name":"Dark Parables: The Thief and the Tinderbox Collector&#8217;s Edition"}]},{"@type":"WebSite","@id":"https:\/\/www.iplay.com\/en\/#website","url":"https:\/\/www.iplay.com\/en\/","name":"IPlay","description":"The Best Casual Games!","publisher":{"@id":"https:\/\/www.iplay.com\/en\/#organization"},"potentialAction":[{"@type":"SearchAction","target":{"@type":"EntryPoint","urlTemplate":"https:\/\/www.iplay.com\/en\/?s={search_term_string}"},"query-input":{"@type":"PropertyValueSpecification","valueRequired":true,"valueName":"search_term_string"}}],"inLanguage":"it-IT"},{"@type":"Organization","@id":"https:\/\/www.iplay.com\/en\/#organization","name":"IPlay","url":"https:\/\/www.iplay.com\/en\/","logo":{"@type":"ImageObject","inLanguage":"it-IT","@id":"https:\/\/www.iplay.com\/en\/#\/schema\/logo\/image\/","url":"https:\/\/www.iplay.com\/wp-content\/uploads\/2023\/11\/Group-6100.svg","contentUrl":"https:\/\/www.iplay.com\/wp-content\/uploads\/2023\/11\/Group-6100.svg","width":98,"height":25,"caption":"IPlay"},"image":{"@id":"https:\/\/www.iplay.com\/en\/#\/schema\/logo\/image\/"}}]}},"_links":{"self":[{"href":"https:\/\/www.iplay.com\/it\/wp-json\/wp\/v2\/product\/139903","targetHints":{"allow":["GET"]}}],"collection":[{"href":"https:\/\/www.iplay.com\/it\/wp-json\/wp\/v2\/product"}],"about":[{"href":"https:\/\/www.iplay.com\/it\/wp-json\/wp\/v2\/types\/product"}],"author":[{"embeddable":true,"href":"https:\/\/www.iplay.com\/it\/wp-json\/wp\/v2\/users\/17"}],"replies":[{"embeddable":true,"href":"https:\/\/www.iplay.com\/it\/wp-json\/wp\/v2\/comments?post=139903"}],"wp:featuredmedia":[{"embeddable":true,"href":"https:\/\/www.iplay.com\/it\/wp-json\/wp\/v2\/media\/94262"}],"wp:attachment":[{"href":"https:\/\/www.iplay.com\/it\/wp-json\/wp\/v2\/media?parent=139903"}],"wp:term":[{"taxonomy":"product_brand","embeddable":true,"href":"https:\/\/www.iplay.com\/it\/wp-json\/wp\/v2\/product_brand?post=139903"},{"taxonomy":"product_cat","embeddable":true,"href":"https:\/\/www.iplay.com\/it\/wp-json\/wp\/v2\/product_cat?post=139903"},{"taxonomy":"product_tag","embeddable":true,"href":"https:\/\/www.iplay.com\/it\/wp-json\/wp\/v2\/product_tag?post=139903"}],"curies":[{"name":"wp","href":"https:\/\/api.w.org\/{rel}","templated":true}]}}