{"id":139880,"date":"2019-10-24T00:00:00","date_gmt":"2019-10-24T00:00:00","guid":{"rendered":"https:\/\/www.iplay.com\/games\/mystery-trackers-the-fall-of-iron-rock-collectors-edition\/"},"modified":"2019-10-24T00:00:00","modified_gmt":"2019-10-24T00:00:00","slug":"mystery-trackers-the-fall-of-iron-rock-collectors-edition","status":"publish","type":"product","link":"https:\/\/www.iplay.com\/it\/games\/mystery-trackers-the-fall-of-iron-rock-collectors-edition\/","title":{"rendered":"Mystery Trackers: The Fall of Iron Rock Collector&#8217;s Edition"},"content":{"rendered":"<p>Dai un&#8217;occhiata all&#8217;ultima emozionante uscita <em>di Mystery Trackers<\/em> ! I Mystery Tracker sono finalmente stati in grado di individuare la possibile posizione del tuo collega scomparso dopo cinque anni! Quando arrivi, per\u00f2, scopri che Iron Rock non \u00e8 il villaggio che ti aspettavi, piuttosto, i robot del nuovo sindaco stanno pattugliando la citt\u00e0, dando ai cittadini sopravvissuti poche possibilit\u00e0 di fuga! Riuscirai a utilizzare le tue eccezionali capacit\u00e0 investigative per scoprire la verit\u00e0 e aiutare gli abitanti a fuggire in tempo? In questo emozionante viaggio rompicapo a oggetti nascosti, scoprilo!<\/p>\n<p>&nbsp;<\/p>\n<p>&nbsp;<\/p>\n<p><strong>Tratti somatici:<\/strong><\/p>\n<p>&nbsp;<\/p>\n<p>&#8211; Il tuo compagno \u00e8 stato attaccato in questo, il tuo primo caso come agente Trainee Mystery Trackers!<\/p>\n<p>&#8211; Per salvarla, affronta i Dark Trackers&#8230;<\/p>\n<p>&#8211; Sblocca la Stanza Segreta per rigiocare i tuoi minigiochi preferiti e i puzzle di oggetti nascosti!<\/p>\n<p>&#8211; Gioca a minigiochi sempre pi\u00f9 difficili!<\/p>\n<p>&#8211; Raccogli minerali misteriosi per sbloccare contenuti extra e raccogliere pezzi di puzzle, oggetti morphing e obiettivi!<br \/>\n-Usa sempre la pratica Guida Strategica con un piano in mano.<\/p>\n","protected":false},"excerpt":{"rendered":"<p>In Mystery Trackers: The Fall of Iron Rock Collector&#8217;s Edition, questo non \u00e8 un villaggio tipico.<\/p>\n","protected":false},"author":17,"featured_media":92262,"comment_status":"open","ping_status":"closed","template":"","meta":{"_acf_changed":false,"inline_featured_image":false},"product_brand":[],"product_cat":[163],"product_tag":[290],"class_list":{"0":"post-139880","1":"product","2":"type-product","3":"status-publish","4":"has-post-thumbnail","6":"product_cat-hidden-object-it","7":"product_tag-play-on-pc-it","9":"first","10":"instock","11":"shipping-taxable","12":"purchasable","13":"product-type-simple"},"acf":[],"yoast_head":"<!-- This site is optimized with the Yoast SEO Premium plugin v25.2 (Yoast SEO v25.2) - https:\/\/yoast.com\/wordpress\/plugins\/seo\/ -->\n<title>Mystery Trackers: The Fall of Iron Rock Collector&#039;s Edition - Scopri l&#039;enigma a Iron Rock, dove i misteri attendono di essere scoperti<\/title>\n<meta name=\"description\" content=\"In Mystery Trackers: The Fall of Iron Rock Collector&#039;s Edition, questo non \u00e8 un villaggio tipico.\" \/>\n<meta name=\"robots\" content=\"index, follow, max-snippet:-1, max-image-preview:large, max-video-preview:-1\" \/>\n<link rel=\"canonical\" href=\"https:\/\/www.iplay.com\/it\/games\/mystery-trackers-the-fall-of-iron-rock-collectors-edition\/\" \/>\n<meta property=\"og:locale\" content=\"it_IT\" \/>\n<meta property=\"og:type\" content=\"article\" \/>\n<meta property=\"og:title\" content=\"Mystery Trackers: The Fall of Iron Rock Collector&#039;s Edition\" \/>\n<meta property=\"og:description\" content=\"In Mystery Trackers: The Fall of Iron Rock Collector&#039;s Edition, questo non \u00e8 un villaggio tipico.\" \/>\n<meta property=\"og:url\" content=\"https:\/\/www.iplay.com\/it\/games\/mystery-trackers-the-fall-of-iron-rock-collectors-edition\/\" \/>\n<meta property=\"og:site_name\" content=\"IPlay\" \/>\n<meta property=\"og:image\" content=\"https:\/\/www.iplay.com\/wp-content\/uploads\/2023\/12\/large_square_tile_image-3282.jpg\" \/>\n\t<meta property=\"og:image:width\" content=\"310\" \/>\n\t<meta property=\"og:image:height\" content=\"310\" \/>\n\t<meta property=\"og:image:type\" content=\"image\/jpeg\" \/>\n<meta name=\"twitter:card\" content=\"summary_large_image\" \/>\n<meta name=\"twitter:label1\" content=\"Est. reading time\" \/>\n\t<meta name=\"twitter:data1\" content=\"1 minuto\" \/>\n<script type=\"application\/ld+json\" class=\"yoast-schema-graph\">{\"@context\":\"https:\/\/schema.org\",\"@graph\":[{\"@type\":\"WebPage\",\"@id\":\"https:\/\/www.iplay.com\/it\/games\/mystery-trackers-the-fall-of-iron-rock-collectors-edition\/\",\"url\":\"https:\/\/www.iplay.com\/it\/games\/mystery-trackers-the-fall-of-iron-rock-collectors-edition\/\",\"name\":\"Mystery Trackers: The Fall of Iron Rock Collector's Edition - Scopri l'enigma a Iron Rock, dove i misteri attendono di essere scoperti\",\"isPartOf\":{\"@id\":\"https:\/\/www.iplay.com\/en\/#website\"},\"primaryImageOfPage\":{\"@id\":\"https:\/\/www.iplay.com\/it\/games\/mystery-trackers-the-fall-of-iron-rock-collectors-edition\/#primaryimage\"},\"image\":{\"@id\":\"https:\/\/www.iplay.com\/it\/games\/mystery-trackers-the-fall-of-iron-rock-collectors-edition\/#primaryimage\"},\"thumbnailUrl\":\"https:\/\/www.iplay.com\/wp-content\/uploads\/2023\/12\/large_square_tile_image-3282.jpg\",\"datePublished\":\"2019-10-24T00:00:00+00:00\",\"description\":\"In Mystery Trackers: The Fall of Iron Rock Collector's Edition, questo non \u00e8 un villaggio tipico.\",\"breadcrumb\":{\"@id\":\"https:\/\/www.iplay.com\/it\/games\/mystery-trackers-the-fall-of-iron-rock-collectors-edition\/#breadcrumb\"},\"inLanguage\":\"it-IT\",\"potentialAction\":[{\"@type\":\"ReadAction\",\"target\":[\"https:\/\/www.iplay.com\/it\/games\/mystery-trackers-the-fall-of-iron-rock-collectors-edition\/\"]}]},{\"@type\":\"ImageObject\",\"inLanguage\":\"it-IT\",\"@id\":\"https:\/\/www.iplay.com\/it\/games\/mystery-trackers-the-fall-of-iron-rock-collectors-edition\/#primaryimage\",\"url\":\"https:\/\/www.iplay.com\/wp-content\/uploads\/2023\/12\/large_square_tile_image-3282.jpg\",\"contentUrl\":\"https:\/\/www.iplay.com\/wp-content\/uploads\/2023\/12\/large_square_tile_image-3282.jpg\",\"width\":310,\"height\":310},{\"@type\":\"BreadcrumbList\",\"@id\":\"https:\/\/www.iplay.com\/it\/games\/mystery-trackers-the-fall-of-iron-rock-collectors-edition\/#breadcrumb\",\"itemListElement\":[{\"@type\":\"ListItem\",\"position\":1,\"name\":\"Home\",\"item\":\"https:\/\/www.iplay.com\/it\/home-page-2\/\"},{\"@type\":\"ListItem\",\"position\":2,\"name\":\"Shop\",\"item\":\"https:\/\/www.iplay.com\/en\/shop\/\"},{\"@type\":\"ListItem\",\"position\":3,\"name\":\"Mystery Trackers: The Fall of Iron Rock Collector&#8217;s Edition\"}]},{\"@type\":\"WebSite\",\"@id\":\"https:\/\/www.iplay.com\/en\/#website\",\"url\":\"https:\/\/www.iplay.com\/en\/\",\"name\":\"IPlay\",\"description\":\"The Best Casual Games!\",\"publisher\":{\"@id\":\"https:\/\/www.iplay.com\/en\/#organization\"},\"potentialAction\":[{\"@type\":\"SearchAction\",\"target\":{\"@type\":\"EntryPoint\",\"urlTemplate\":\"https:\/\/www.iplay.com\/en\/?s={search_term_string}\"},\"query-input\":{\"@type\":\"PropertyValueSpecification\",\"valueRequired\":true,\"valueName\":\"search_term_string\"}}],\"inLanguage\":\"it-IT\"},{\"@type\":\"Organization\",\"@id\":\"https:\/\/www.iplay.com\/en\/#organization\",\"name\":\"IPlay\",\"url\":\"https:\/\/www.iplay.com\/en\/\",\"logo\":{\"@type\":\"ImageObject\",\"inLanguage\":\"it-IT\",\"@id\":\"https:\/\/www.iplay.com\/en\/#\/schema\/logo\/image\/\",\"url\":\"https:\/\/www.iplay.com\/wp-content\/uploads\/2023\/11\/Group-6100.svg\",\"contentUrl\":\"https:\/\/www.iplay.com\/wp-content\/uploads\/2023\/11\/Group-6100.svg\",\"width\":98,\"height\":25,\"caption\":\"IPlay\"},\"image\":{\"@id\":\"https:\/\/www.iplay.com\/en\/#\/schema\/logo\/image\/\"}}]}<\/script>\n<!-- \/ Yoast SEO Premium plugin. -->","yoast_head_json":{"title":"Mystery Trackers: The Fall of Iron Rock Collector's Edition - Scopri l'enigma a Iron Rock, dove i misteri attendono di essere scoperti","description":"In Mystery Trackers: The Fall of Iron Rock Collector's Edition, questo non \u00e8 un villaggio tipico.","robots":{"index":"index","follow":"follow","max-snippet":"max-snippet:-1","max-image-preview":"max-image-preview:large","max-video-preview":"max-video-preview:-1"},"canonical":"https:\/\/www.iplay.com\/it\/games\/mystery-trackers-the-fall-of-iron-rock-collectors-edition\/","og_locale":"it_IT","og_type":"article","og_title":"Mystery Trackers: The Fall of Iron Rock Collector's Edition","og_description":"In Mystery Trackers: The Fall of Iron Rock Collector's Edition, questo non \u00e8 un villaggio tipico.","og_url":"https:\/\/www.iplay.com\/it\/games\/mystery-trackers-the-fall-of-iron-rock-collectors-edition\/","og_site_name":"IPlay","og_image":[{"width":310,"height":310,"url":"https:\/\/www.iplay.com\/wp-content\/uploads\/2023\/12\/large_square_tile_image-3282.jpg","type":"image\/jpeg"}],"twitter_card":"summary_large_image","twitter_misc":{"Est. reading time":"1 minuto"},"schema":{"@context":"https:\/\/schema.org","@graph":[{"@type":"WebPage","@id":"https:\/\/www.iplay.com\/it\/games\/mystery-trackers-the-fall-of-iron-rock-collectors-edition\/","url":"https:\/\/www.iplay.com\/it\/games\/mystery-trackers-the-fall-of-iron-rock-collectors-edition\/","name":"Mystery Trackers: The Fall of Iron Rock Collector's Edition - Scopri l'enigma a Iron Rock, dove i misteri attendono di essere scoperti","isPartOf":{"@id":"https:\/\/www.iplay.com\/en\/#website"},"primaryImageOfPage":{"@id":"https:\/\/www.iplay.com\/it\/games\/mystery-trackers-the-fall-of-iron-rock-collectors-edition\/#primaryimage"},"image":{"@id":"https:\/\/www.iplay.com\/it\/games\/mystery-trackers-the-fall-of-iron-rock-collectors-edition\/#primaryimage"},"thumbnailUrl":"https:\/\/www.iplay.com\/wp-content\/uploads\/2023\/12\/large_square_tile_image-3282.jpg","datePublished":"2019-10-24T00:00:00+00:00","description":"In Mystery Trackers: The Fall of Iron Rock Collector's Edition, questo non \u00e8 un villaggio tipico.","breadcrumb":{"@id":"https:\/\/www.iplay.com\/it\/games\/mystery-trackers-the-fall-of-iron-rock-collectors-edition\/#breadcrumb"},"inLanguage":"it-IT","potentialAction":[{"@type":"ReadAction","target":["https:\/\/www.iplay.com\/it\/games\/mystery-trackers-the-fall-of-iron-rock-collectors-edition\/"]}]},{"@type":"ImageObject","inLanguage":"it-IT","@id":"https:\/\/www.iplay.com\/it\/games\/mystery-trackers-the-fall-of-iron-rock-collectors-edition\/#primaryimage","url":"https:\/\/www.iplay.com\/wp-content\/uploads\/2023\/12\/large_square_tile_image-3282.jpg","contentUrl":"https:\/\/www.iplay.com\/wp-content\/uploads\/2023\/12\/large_square_tile_image-3282.jpg","width":310,"height":310},{"@type":"BreadcrumbList","@id":"https:\/\/www.iplay.com\/it\/games\/mystery-trackers-the-fall-of-iron-rock-collectors-edition\/#breadcrumb","itemListElement":[{"@type":"ListItem","position":1,"name":"Home","item":"https:\/\/www.iplay.com\/it\/home-page-2\/"},{"@type":"ListItem","position":2,"name":"Shop","item":"https:\/\/www.iplay.com\/en\/shop\/"},{"@type":"ListItem","position":3,"name":"Mystery Trackers: The Fall of Iron Rock Collector&#8217;s Edition"}]},{"@type":"WebSite","@id":"https:\/\/www.iplay.com\/en\/#website","url":"https:\/\/www.iplay.com\/en\/","name":"IPlay","description":"The Best Casual Games!","publisher":{"@id":"https:\/\/www.iplay.com\/en\/#organization"},"potentialAction":[{"@type":"SearchAction","target":{"@type":"EntryPoint","urlTemplate":"https:\/\/www.iplay.com\/en\/?s={search_term_string}"},"query-input":{"@type":"PropertyValueSpecification","valueRequired":true,"valueName":"search_term_string"}}],"inLanguage":"it-IT"},{"@type":"Organization","@id":"https:\/\/www.iplay.com\/en\/#organization","name":"IPlay","url":"https:\/\/www.iplay.com\/en\/","logo":{"@type":"ImageObject","inLanguage":"it-IT","@id":"https:\/\/www.iplay.com\/en\/#\/schema\/logo\/image\/","url":"https:\/\/www.iplay.com\/wp-content\/uploads\/2023\/11\/Group-6100.svg","contentUrl":"https:\/\/www.iplay.com\/wp-content\/uploads\/2023\/11\/Group-6100.svg","width":98,"height":25,"caption":"IPlay"},"image":{"@id":"https:\/\/www.iplay.com\/en\/#\/schema\/logo\/image\/"}}]}},"_links":{"self":[{"href":"https:\/\/www.iplay.com\/it\/wp-json\/wp\/v2\/product\/139880","targetHints":{"allow":["GET"]}}],"collection":[{"href":"https:\/\/www.iplay.com\/it\/wp-json\/wp\/v2\/product"}],"about":[{"href":"https:\/\/www.iplay.com\/it\/wp-json\/wp\/v2\/types\/product"}],"author":[{"embeddable":true,"href":"https:\/\/www.iplay.com\/it\/wp-json\/wp\/v2\/users\/17"}],"replies":[{"embeddable":true,"href":"https:\/\/www.iplay.com\/it\/wp-json\/wp\/v2\/comments?post=139880"}],"wp:featuredmedia":[{"embeddable":true,"href":"https:\/\/www.iplay.com\/it\/wp-json\/wp\/v2\/media\/92262"}],"wp:attachment":[{"href":"https:\/\/www.iplay.com\/it\/wp-json\/wp\/v2\/media?parent=139880"}],"wp:term":[{"taxonomy":"product_brand","embeddable":true,"href":"https:\/\/www.iplay.com\/it\/wp-json\/wp\/v2\/product_brand?post=139880"},{"taxonomy":"product_cat","embeddable":true,"href":"https:\/\/www.iplay.com\/it\/wp-json\/wp\/v2\/product_cat?post=139880"},{"taxonomy":"product_tag","embeddable":true,"href":"https:\/\/www.iplay.com\/it\/wp-json\/wp\/v2\/product_tag?post=139880"}],"curies":[{"name":"wp","href":"https:\/\/api.w.org\/{rel}","templated":true}]}}