{"id":139844,"date":"2019-10-15T00:00:00","date_gmt":"2019-10-15T00:00:00","guid":{"rendered":"https:\/\/www.iplay.com\/games\/phantasmat-remains-of-buried-memories\/"},"modified":"2019-10-15T00:00:00","modified_gmt":"2019-10-15T00:00:00","slug":"phantasmat-remains-of-buried-memories","status":"publish","type":"product","link":"https:\/\/www.iplay.com\/it\/games\/phantasmat-remains-of-buried-memories\/","title":{"rendered":"Phantasmat: Remains of Buried Memories"},"content":{"rendered":"<p>Apprezza questo nuovo entusiasmante capitolo della serie <em>Phantasmat<\/em> ! Dopo che il tuo veicolo si \u00e8 rotto su una strada fredda, ti ritrovi in un hotel abbandonato mentre uno spaventoso mostro ombra ti sta inseguendo. Ti svegli proprio quando sembra che non ci sia pi\u00f9 speranza. Grazie al cielo l&#8217;inseguimento terrificante era solo un sogno e il personale educato dell&#8217;hotel si sta prendendo cura di te. Tuttavia, quando scavi pi\u00f9 a fondo, la tua visione inizia a materializzarsi. L&#8217;ospitalit\u00e0 del personale si disintegra alla stessa velocit\u00e0 delle mura dell&#8217;hotel e il mostro ombra riappare. In che tipo di trappola letale sei entrato? Riuscirai a scappare? In questo terrificante gioco di avventura con puzzle a oggetti nascosti, devi essere vigile per sopravvivere.        <\/p>\n<p>&nbsp;<\/p>\n<p>&nbsp;<\/p>\n<p><strong>Tratti somatici:<\/strong><\/p>\n<p>&nbsp;<\/p>\n<p>&#8211; Scopri la verit\u00e0 sui minatori nel gioco bonus!<br \/>\n&#8211; Rivivi i tuoi migliori minigiochi e HOP per sbloccare gli obiettivi!<\/p>\n<p>&#8211; Ci sono un sacco di segni, ninnoli e oggetti mutevoli da scoprire!<\/p>\n<p>&#8211; Approfitta di film, musica, concept art e sfondi unici!<br \/>\n&#8211; Usa la guida strategica per non perderti mai!<\/p>\n","protected":false},"excerpt":{"rendered":"<p>Rimani vigile. Rimani in vita. Nell&#8217;edizione da collezione di Phantasmat: Resti di ricordi sepolti  <\/p>\n","protected":false},"author":17,"featured_media":84440,"comment_status":"open","ping_status":"closed","template":"","meta":{"_acf_changed":false,"inline_featured_image":false},"product_brand":[],"product_cat":[163],"product_tag":[290],"class_list":{"0":"post-139844","1":"product","2":"type-product","3":"status-publish","4":"has-post-thumbnail","6":"product_cat-hidden-object-it","7":"product_tag-play-on-pc-it","9":"first","10":"instock","11":"shipping-taxable","12":"purchasable","13":"product-type-simple"},"acf":[],"yoast_head":"<!-- This site is optimized with the Yoast SEO Premium plugin v25.2 (Yoast SEO v25.2) - https:\/\/yoast.com\/wordpress\/plugins\/seo\/ -->\n<title>Phantasmat: Resti di ricordi sepolti - Sopravvivi in Phantasmat: Resti di ricordi sepolti<\/title>\n<meta name=\"description\" content=\"Rimani vigile. Rimani in vita. Nell&#039;edizione da collezione di Phantasmat: Resti di ricordi sepolti\" \/>\n<meta name=\"robots\" content=\"index, follow, max-snippet:-1, max-image-preview:large, max-video-preview:-1\" \/>\n<link rel=\"canonical\" href=\"https:\/\/www.iplay.com\/it\/games\/phantasmat-remains-of-buried-memories\/\" \/>\n<meta property=\"og:locale\" content=\"it_IT\" \/>\n<meta property=\"og:type\" content=\"article\" \/>\n<meta property=\"og:title\" content=\"Phantasmat: Remains of Buried Memories\" \/>\n<meta property=\"og:description\" content=\"Rimani vigile. Rimani in vita. Nell&#039;edizione da collezione di Phantasmat: Resti di ricordi sepolti\" \/>\n<meta property=\"og:url\" content=\"https:\/\/www.iplay.com\/it\/games\/phantasmat-remains-of-buried-memories\/\" \/>\n<meta property=\"og:site_name\" content=\"IPlay\" \/>\n<meta property=\"og:image\" content=\"https:\/\/www.iplay.com\/wp-content\/uploads\/2023\/12\/large_square_tile_image-2788.jpg\" \/>\n\t<meta property=\"og:image:width\" content=\"310\" \/>\n\t<meta property=\"og:image:height\" content=\"310\" \/>\n\t<meta property=\"og:image:type\" content=\"image\/jpeg\" \/>\n<meta name=\"twitter:card\" content=\"summary_large_image\" \/>\n<meta name=\"twitter:label1\" content=\"Est. reading time\" \/>\n\t<meta name=\"twitter:data1\" content=\"1 minuto\" \/>\n<script type=\"application\/ld+json\" class=\"yoast-schema-graph\">{\"@context\":\"https:\/\/schema.org\",\"@graph\":[{\"@type\":\"WebPage\",\"@id\":\"https:\/\/www.iplay.com\/it\/games\/phantasmat-remains-of-buried-memories\/\",\"url\":\"https:\/\/www.iplay.com\/it\/games\/phantasmat-remains-of-buried-memories\/\",\"name\":\"Phantasmat: Resti di ricordi sepolti - Sopravvivi in Phantasmat: Resti di ricordi sepolti\",\"isPartOf\":{\"@id\":\"https:\/\/www.iplay.com\/en\/#website\"},\"primaryImageOfPage\":{\"@id\":\"https:\/\/www.iplay.com\/it\/games\/phantasmat-remains-of-buried-memories\/#primaryimage\"},\"image\":{\"@id\":\"https:\/\/www.iplay.com\/it\/games\/phantasmat-remains-of-buried-memories\/#primaryimage\"},\"thumbnailUrl\":\"https:\/\/www.iplay.com\/wp-content\/uploads\/2023\/12\/large_square_tile_image-2788.jpg\",\"datePublished\":\"2019-10-15T00:00:00+00:00\",\"description\":\"Rimani vigile. Rimani in vita. Nell'edizione da collezione di Phantasmat: Resti di ricordi sepolti\",\"breadcrumb\":{\"@id\":\"https:\/\/www.iplay.com\/it\/games\/phantasmat-remains-of-buried-memories\/#breadcrumb\"},\"inLanguage\":\"it-IT\",\"potentialAction\":[{\"@type\":\"ReadAction\",\"target\":[\"https:\/\/www.iplay.com\/it\/games\/phantasmat-remains-of-buried-memories\/\"]}]},{\"@type\":\"ImageObject\",\"inLanguage\":\"it-IT\",\"@id\":\"https:\/\/www.iplay.com\/it\/games\/phantasmat-remains-of-buried-memories\/#primaryimage\",\"url\":\"https:\/\/www.iplay.com\/wp-content\/uploads\/2023\/12\/large_square_tile_image-2788.jpg\",\"contentUrl\":\"https:\/\/www.iplay.com\/wp-content\/uploads\/2023\/12\/large_square_tile_image-2788.jpg\",\"width\":310,\"height\":310},{\"@type\":\"BreadcrumbList\",\"@id\":\"https:\/\/www.iplay.com\/it\/games\/phantasmat-remains-of-buried-memories\/#breadcrumb\",\"itemListElement\":[{\"@type\":\"ListItem\",\"position\":1,\"name\":\"Home\",\"item\":\"https:\/\/www.iplay.com\/it\/home-page-2\/\"},{\"@type\":\"ListItem\",\"position\":2,\"name\":\"Shop\",\"item\":\"https:\/\/www.iplay.com\/en\/shop\/\"},{\"@type\":\"ListItem\",\"position\":3,\"name\":\"Phantasmat: Remains of Buried Memories\"}]},{\"@type\":\"WebSite\",\"@id\":\"https:\/\/www.iplay.com\/en\/#website\",\"url\":\"https:\/\/www.iplay.com\/en\/\",\"name\":\"IPlay\",\"description\":\"The Best Casual Games!\",\"publisher\":{\"@id\":\"https:\/\/www.iplay.com\/en\/#organization\"},\"potentialAction\":[{\"@type\":\"SearchAction\",\"target\":{\"@type\":\"EntryPoint\",\"urlTemplate\":\"https:\/\/www.iplay.com\/en\/?s={search_term_string}\"},\"query-input\":{\"@type\":\"PropertyValueSpecification\",\"valueRequired\":true,\"valueName\":\"search_term_string\"}}],\"inLanguage\":\"it-IT\"},{\"@type\":\"Organization\",\"@id\":\"https:\/\/www.iplay.com\/en\/#organization\",\"name\":\"IPlay\",\"url\":\"https:\/\/www.iplay.com\/en\/\",\"logo\":{\"@type\":\"ImageObject\",\"inLanguage\":\"it-IT\",\"@id\":\"https:\/\/www.iplay.com\/en\/#\/schema\/logo\/image\/\",\"url\":\"https:\/\/www.iplay.com\/wp-content\/uploads\/2023\/11\/Group-6100.svg\",\"contentUrl\":\"https:\/\/www.iplay.com\/wp-content\/uploads\/2023\/11\/Group-6100.svg\",\"width\":98,\"height\":25,\"caption\":\"IPlay\"},\"image\":{\"@id\":\"https:\/\/www.iplay.com\/en\/#\/schema\/logo\/image\/\"}}]}<\/script>\n<!-- \/ Yoast SEO Premium plugin. -->","yoast_head_json":{"title":"Phantasmat: Resti di ricordi sepolti - Sopravvivi in Phantasmat: Resti di ricordi sepolti","description":"Rimani vigile. Rimani in vita. Nell'edizione da collezione di Phantasmat: Resti di ricordi sepolti","robots":{"index":"index","follow":"follow","max-snippet":"max-snippet:-1","max-image-preview":"max-image-preview:large","max-video-preview":"max-video-preview:-1"},"canonical":"https:\/\/www.iplay.com\/it\/games\/phantasmat-remains-of-buried-memories\/","og_locale":"it_IT","og_type":"article","og_title":"Phantasmat: Remains of Buried Memories","og_description":"Rimani vigile. Rimani in vita. Nell'edizione da collezione di Phantasmat: Resti di ricordi sepolti","og_url":"https:\/\/www.iplay.com\/it\/games\/phantasmat-remains-of-buried-memories\/","og_site_name":"IPlay","og_image":[{"width":310,"height":310,"url":"https:\/\/www.iplay.com\/wp-content\/uploads\/2023\/12\/large_square_tile_image-2788.jpg","type":"image\/jpeg"}],"twitter_card":"summary_large_image","twitter_misc":{"Est. reading time":"1 minuto"},"schema":{"@context":"https:\/\/schema.org","@graph":[{"@type":"WebPage","@id":"https:\/\/www.iplay.com\/it\/games\/phantasmat-remains-of-buried-memories\/","url":"https:\/\/www.iplay.com\/it\/games\/phantasmat-remains-of-buried-memories\/","name":"Phantasmat: Resti di ricordi sepolti - Sopravvivi in Phantasmat: Resti di ricordi sepolti","isPartOf":{"@id":"https:\/\/www.iplay.com\/en\/#website"},"primaryImageOfPage":{"@id":"https:\/\/www.iplay.com\/it\/games\/phantasmat-remains-of-buried-memories\/#primaryimage"},"image":{"@id":"https:\/\/www.iplay.com\/it\/games\/phantasmat-remains-of-buried-memories\/#primaryimage"},"thumbnailUrl":"https:\/\/www.iplay.com\/wp-content\/uploads\/2023\/12\/large_square_tile_image-2788.jpg","datePublished":"2019-10-15T00:00:00+00:00","description":"Rimani vigile. Rimani in vita. Nell'edizione da collezione di Phantasmat: Resti di ricordi sepolti","breadcrumb":{"@id":"https:\/\/www.iplay.com\/it\/games\/phantasmat-remains-of-buried-memories\/#breadcrumb"},"inLanguage":"it-IT","potentialAction":[{"@type":"ReadAction","target":["https:\/\/www.iplay.com\/it\/games\/phantasmat-remains-of-buried-memories\/"]}]},{"@type":"ImageObject","inLanguage":"it-IT","@id":"https:\/\/www.iplay.com\/it\/games\/phantasmat-remains-of-buried-memories\/#primaryimage","url":"https:\/\/www.iplay.com\/wp-content\/uploads\/2023\/12\/large_square_tile_image-2788.jpg","contentUrl":"https:\/\/www.iplay.com\/wp-content\/uploads\/2023\/12\/large_square_tile_image-2788.jpg","width":310,"height":310},{"@type":"BreadcrumbList","@id":"https:\/\/www.iplay.com\/it\/games\/phantasmat-remains-of-buried-memories\/#breadcrumb","itemListElement":[{"@type":"ListItem","position":1,"name":"Home","item":"https:\/\/www.iplay.com\/it\/home-page-2\/"},{"@type":"ListItem","position":2,"name":"Shop","item":"https:\/\/www.iplay.com\/en\/shop\/"},{"@type":"ListItem","position":3,"name":"Phantasmat: Remains of Buried Memories"}]},{"@type":"WebSite","@id":"https:\/\/www.iplay.com\/en\/#website","url":"https:\/\/www.iplay.com\/en\/","name":"IPlay","description":"The Best Casual Games!","publisher":{"@id":"https:\/\/www.iplay.com\/en\/#organization"},"potentialAction":[{"@type":"SearchAction","target":{"@type":"EntryPoint","urlTemplate":"https:\/\/www.iplay.com\/en\/?s={search_term_string}"},"query-input":{"@type":"PropertyValueSpecification","valueRequired":true,"valueName":"search_term_string"}}],"inLanguage":"it-IT"},{"@type":"Organization","@id":"https:\/\/www.iplay.com\/en\/#organization","name":"IPlay","url":"https:\/\/www.iplay.com\/en\/","logo":{"@type":"ImageObject","inLanguage":"it-IT","@id":"https:\/\/www.iplay.com\/en\/#\/schema\/logo\/image\/","url":"https:\/\/www.iplay.com\/wp-content\/uploads\/2023\/11\/Group-6100.svg","contentUrl":"https:\/\/www.iplay.com\/wp-content\/uploads\/2023\/11\/Group-6100.svg","width":98,"height":25,"caption":"IPlay"},"image":{"@id":"https:\/\/www.iplay.com\/en\/#\/schema\/logo\/image\/"}}]}},"_links":{"self":[{"href":"https:\/\/www.iplay.com\/it\/wp-json\/wp\/v2\/product\/139844","targetHints":{"allow":["GET"]}}],"collection":[{"href":"https:\/\/www.iplay.com\/it\/wp-json\/wp\/v2\/product"}],"about":[{"href":"https:\/\/www.iplay.com\/it\/wp-json\/wp\/v2\/types\/product"}],"author":[{"embeddable":true,"href":"https:\/\/www.iplay.com\/it\/wp-json\/wp\/v2\/users\/17"}],"replies":[{"embeddable":true,"href":"https:\/\/www.iplay.com\/it\/wp-json\/wp\/v2\/comments?post=139844"}],"wp:featuredmedia":[{"embeddable":true,"href":"https:\/\/www.iplay.com\/it\/wp-json\/wp\/v2\/media\/84440"}],"wp:attachment":[{"href":"https:\/\/www.iplay.com\/it\/wp-json\/wp\/v2\/media?parent=139844"}],"wp:term":[{"taxonomy":"product_brand","embeddable":true,"href":"https:\/\/www.iplay.com\/it\/wp-json\/wp\/v2\/product_brand?post=139844"},{"taxonomy":"product_cat","embeddable":true,"href":"https:\/\/www.iplay.com\/it\/wp-json\/wp\/v2\/product_cat?post=139844"},{"taxonomy":"product_tag","embeddable":true,"href":"https:\/\/www.iplay.com\/it\/wp-json\/wp\/v2\/product_tag?post=139844"}],"curies":[{"name":"wp","href":"https:\/\/api.w.org\/{rel}","templated":true}]}}