{"id":139838,"date":"2019-10-09T00:00:00","date_gmt":"2019-10-09T00:00:00","guid":{"rendered":"https:\/\/www.iplay.com\/games\/heroes-of-hellas-origins-part-one\/"},"modified":"2019-10-09T00:00:00","modified_gmt":"2019-10-09T00:00:00","slug":"heroes-of-hellas-origins-part-one","status":"publish","type":"product","link":"https:\/\/www.iplay.com\/it\/games\/heroes-of-hellas-origins-part-one\/","title":{"rendered":"Heroes of Hellas Origins: Part One"},"content":{"rendered":"<p>Aiuta gli dei della mitologia greca a riportare l&#8217;armonia in un mondo antico prebellico! Il mare sottostante \u00e8 illuminato da una luce brillante che scende dall&#8217;alto mentre l&#8217;Ellade si trasforma in un pandemonio. Poseidone emerge dal suo splendore e ha un compito per te: collaborare con gli altri dei per salvare il tuo mondo. Ti imbarcherai in un viaggio avvincente pieno di ore di piacere mentre persegui la tua missione. Crea catene di gettoni luccicanti per sbarazzarti degli ostacoli e raccogliere oggetti magici per aiutarti nel tuo viaggio. Chiedi aiuto agli dei per cancellare i tabelloni di gioco pi\u00f9 rapidamente. E assapora le gite lungo la strada, tra cui rompicapi o tabelloni puzzle. Il tutto \u00e8 presentato in un fantastico pacchetto audiovisivo. Quando crei una lunga catena o rilasci un bonus che spazza via met\u00e0 del tabellone di gioco, il tuo schermo si illuminer\u00e0 con un display fiammeggiante che ti far\u00e0 esplodere gli occhi. Man mano che avanzi nei livelli e ti immergi nel mondo acquatico che hai creato, sarai anche trattato con una colonna sonora originale unica. Gioca subito a Heroes of Hellas Origins: Part One per scoprire un territorio avventuroso inesplorato!          <\/p>\n<p>&nbsp;<\/p>\n<p>&nbsp;<\/p>\n<p><strong>Tratti somatici:<\/strong><\/p>\n<p>&nbsp;<\/p>\n<p>&#8211; Completa diversi livelli intriganti.<\/p>\n<p>&#8211; Goditi una storia d&#8217;avventura che non finisce<br \/>\n mai- Costruisci un fantastico pianeta<br \/>\n sottomarino- Risolvi i tabelloni dei puzzle che sono stati creati appositamente.<\/p>\n<p>&#8211; Acquisisci bonus e risultati emozionanti<\/p>\n","protected":false},"excerpt":{"rendered":"<p>Unisci le forze con gli dei greci per riportare l&#8217;armonia in un&#8217;epoca passata! Prima parte di Heroes of Hellas Origins <\/p>\n","protected":false},"author":8,"featured_media":84520,"comment_status":"open","ping_status":"closed","template":"","meta":{"_acf_changed":false,"inline_featured_image":false},"product_brand":[],"product_cat":[191],"product_tag":[],"class_list":{"0":"post-139838","1":"product","2":"type-product","3":"status-publish","4":"has-post-thumbnail","6":"product_cat-puzzle-it","8":"first","9":"instock","10":"shipping-taxable","11":"purchasable","12":"product-type-simple"},"acf":[],"yoast_head":"<!-- This site is optimized with the Yoast SEO Premium plugin v25.2 (Yoast SEO v25.2) - https:\/\/yoast.com\/wordpress\/plugins\/seo\/ -->\n<title>Heroes of Hellas Origins: Parte Prima - Pace in un mondo antico!<\/title>\n<meta name=\"description\" content=\"Unisci le forze con gli dei greci per riportare l&#039;armonia in un&#039;epoca passata! Prima parte di Heroes of Hellas Origins\" \/>\n<meta name=\"robots\" content=\"index, follow, max-snippet:-1, max-image-preview:large, max-video-preview:-1\" \/>\n<link rel=\"canonical\" href=\"https:\/\/www.iplay.com\/it\/games\/heroes-of-hellas-origins-part-one\/\" \/>\n<meta property=\"og:locale\" content=\"it_IT\" \/>\n<meta property=\"og:type\" content=\"article\" \/>\n<meta property=\"og:title\" content=\"Heroes of Hellas Origins: Part One\" \/>\n<meta property=\"og:description\" content=\"Unisci le forze con gli dei greci per riportare l&#039;armonia in un&#039;epoca passata! Prima parte di Heroes of Hellas Origins\" \/>\n<meta property=\"og:url\" content=\"https:\/\/www.iplay.com\/it\/games\/heroes-of-hellas-origins-part-one\/\" \/>\n<meta property=\"og:site_name\" content=\"IPlay\" \/>\n<meta property=\"og:image\" content=\"https:\/\/www.iplay.com\/wp-content\/uploads\/2023\/12\/large_square_tile_image-2793.jpg\" \/>\n\t<meta property=\"og:image:width\" content=\"310\" \/>\n\t<meta property=\"og:image:height\" content=\"310\" \/>\n\t<meta property=\"og:image:type\" content=\"image\/jpeg\" \/>\n<meta name=\"twitter:card\" content=\"summary_large_image\" \/>\n<meta name=\"twitter:label1\" content=\"Est. reading time\" \/>\n\t<meta name=\"twitter:data1\" content=\"1 minuto\" \/>\n<script type=\"application\/ld+json\" class=\"yoast-schema-graph\">{\"@context\":\"https:\/\/schema.org\",\"@graph\":[{\"@type\":\"WebPage\",\"@id\":\"https:\/\/www.iplay.com\/it\/games\/heroes-of-hellas-origins-part-one\/\",\"url\":\"https:\/\/www.iplay.com\/it\/games\/heroes-of-hellas-origins-part-one\/\",\"name\":\"Heroes of Hellas Origins: Parte Prima - Pace in un mondo antico!\",\"isPartOf\":{\"@id\":\"https:\/\/www.iplay.com\/en\/#website\"},\"primaryImageOfPage\":{\"@id\":\"https:\/\/www.iplay.com\/it\/games\/heroes-of-hellas-origins-part-one\/#primaryimage\"},\"image\":{\"@id\":\"https:\/\/www.iplay.com\/it\/games\/heroes-of-hellas-origins-part-one\/#primaryimage\"},\"thumbnailUrl\":\"https:\/\/www.iplay.com\/wp-content\/uploads\/2023\/12\/large_square_tile_image-2793.jpg\",\"datePublished\":\"2019-10-09T00:00:00+00:00\",\"description\":\"Unisci le forze con gli dei greci per riportare l'armonia in un'epoca passata! Prima parte di Heroes of Hellas Origins\",\"breadcrumb\":{\"@id\":\"https:\/\/www.iplay.com\/it\/games\/heroes-of-hellas-origins-part-one\/#breadcrumb\"},\"inLanguage\":\"it-IT\",\"potentialAction\":[{\"@type\":\"ReadAction\",\"target\":[\"https:\/\/www.iplay.com\/it\/games\/heroes-of-hellas-origins-part-one\/\"]}]},{\"@type\":\"ImageObject\",\"inLanguage\":\"it-IT\",\"@id\":\"https:\/\/www.iplay.com\/it\/games\/heroes-of-hellas-origins-part-one\/#primaryimage\",\"url\":\"https:\/\/www.iplay.com\/wp-content\/uploads\/2023\/12\/large_square_tile_image-2793.jpg\",\"contentUrl\":\"https:\/\/www.iplay.com\/wp-content\/uploads\/2023\/12\/large_square_tile_image-2793.jpg\",\"width\":310,\"height\":310},{\"@type\":\"BreadcrumbList\",\"@id\":\"https:\/\/www.iplay.com\/it\/games\/heroes-of-hellas-origins-part-one\/#breadcrumb\",\"itemListElement\":[{\"@type\":\"ListItem\",\"position\":1,\"name\":\"Home\",\"item\":\"https:\/\/www.iplay.com\/it\/home-page-2\/\"},{\"@type\":\"ListItem\",\"position\":2,\"name\":\"Shop\",\"item\":\"https:\/\/www.iplay.com\/en\/shop\/\"},{\"@type\":\"ListItem\",\"position\":3,\"name\":\"Heroes of Hellas Origins: Part One\"}]},{\"@type\":\"WebSite\",\"@id\":\"https:\/\/www.iplay.com\/en\/#website\",\"url\":\"https:\/\/www.iplay.com\/en\/\",\"name\":\"IPlay\",\"description\":\"The Best Casual Games!\",\"publisher\":{\"@id\":\"https:\/\/www.iplay.com\/en\/#organization\"},\"potentialAction\":[{\"@type\":\"SearchAction\",\"target\":{\"@type\":\"EntryPoint\",\"urlTemplate\":\"https:\/\/www.iplay.com\/en\/?s={search_term_string}\"},\"query-input\":{\"@type\":\"PropertyValueSpecification\",\"valueRequired\":true,\"valueName\":\"search_term_string\"}}],\"inLanguage\":\"it-IT\"},{\"@type\":\"Organization\",\"@id\":\"https:\/\/www.iplay.com\/en\/#organization\",\"name\":\"IPlay\",\"url\":\"https:\/\/www.iplay.com\/en\/\",\"logo\":{\"@type\":\"ImageObject\",\"inLanguage\":\"it-IT\",\"@id\":\"https:\/\/www.iplay.com\/en\/#\/schema\/logo\/image\/\",\"url\":\"https:\/\/www.iplay.com\/wp-content\/uploads\/2023\/11\/Group-6100.svg\",\"contentUrl\":\"https:\/\/www.iplay.com\/wp-content\/uploads\/2023\/11\/Group-6100.svg\",\"width\":98,\"height\":25,\"caption\":\"IPlay\"},\"image\":{\"@id\":\"https:\/\/www.iplay.com\/en\/#\/schema\/logo\/image\/\"}}]}<\/script>\n<!-- \/ Yoast SEO Premium plugin. -->","yoast_head_json":{"title":"Heroes of Hellas Origins: Parte Prima - Pace in un mondo antico!","description":"Unisci le forze con gli dei greci per riportare l'armonia in un'epoca passata! Prima parte di Heroes of Hellas Origins","robots":{"index":"index","follow":"follow","max-snippet":"max-snippet:-1","max-image-preview":"max-image-preview:large","max-video-preview":"max-video-preview:-1"},"canonical":"https:\/\/www.iplay.com\/it\/games\/heroes-of-hellas-origins-part-one\/","og_locale":"it_IT","og_type":"article","og_title":"Heroes of Hellas Origins: Part One","og_description":"Unisci le forze con gli dei greci per riportare l'armonia in un'epoca passata! Prima parte di Heroes of Hellas Origins","og_url":"https:\/\/www.iplay.com\/it\/games\/heroes-of-hellas-origins-part-one\/","og_site_name":"IPlay","og_image":[{"width":310,"height":310,"url":"https:\/\/www.iplay.com\/wp-content\/uploads\/2023\/12\/large_square_tile_image-2793.jpg","type":"image\/jpeg"}],"twitter_card":"summary_large_image","twitter_misc":{"Est. reading time":"1 minuto"},"schema":{"@context":"https:\/\/schema.org","@graph":[{"@type":"WebPage","@id":"https:\/\/www.iplay.com\/it\/games\/heroes-of-hellas-origins-part-one\/","url":"https:\/\/www.iplay.com\/it\/games\/heroes-of-hellas-origins-part-one\/","name":"Heroes of Hellas Origins: Parte Prima - Pace in un mondo antico!","isPartOf":{"@id":"https:\/\/www.iplay.com\/en\/#website"},"primaryImageOfPage":{"@id":"https:\/\/www.iplay.com\/it\/games\/heroes-of-hellas-origins-part-one\/#primaryimage"},"image":{"@id":"https:\/\/www.iplay.com\/it\/games\/heroes-of-hellas-origins-part-one\/#primaryimage"},"thumbnailUrl":"https:\/\/www.iplay.com\/wp-content\/uploads\/2023\/12\/large_square_tile_image-2793.jpg","datePublished":"2019-10-09T00:00:00+00:00","description":"Unisci le forze con gli dei greci per riportare l'armonia in un'epoca passata! Prima parte di Heroes of Hellas Origins","breadcrumb":{"@id":"https:\/\/www.iplay.com\/it\/games\/heroes-of-hellas-origins-part-one\/#breadcrumb"},"inLanguage":"it-IT","potentialAction":[{"@type":"ReadAction","target":["https:\/\/www.iplay.com\/it\/games\/heroes-of-hellas-origins-part-one\/"]}]},{"@type":"ImageObject","inLanguage":"it-IT","@id":"https:\/\/www.iplay.com\/it\/games\/heroes-of-hellas-origins-part-one\/#primaryimage","url":"https:\/\/www.iplay.com\/wp-content\/uploads\/2023\/12\/large_square_tile_image-2793.jpg","contentUrl":"https:\/\/www.iplay.com\/wp-content\/uploads\/2023\/12\/large_square_tile_image-2793.jpg","width":310,"height":310},{"@type":"BreadcrumbList","@id":"https:\/\/www.iplay.com\/it\/games\/heroes-of-hellas-origins-part-one\/#breadcrumb","itemListElement":[{"@type":"ListItem","position":1,"name":"Home","item":"https:\/\/www.iplay.com\/it\/home-page-2\/"},{"@type":"ListItem","position":2,"name":"Shop","item":"https:\/\/www.iplay.com\/en\/shop\/"},{"@type":"ListItem","position":3,"name":"Heroes of Hellas Origins: Part One"}]},{"@type":"WebSite","@id":"https:\/\/www.iplay.com\/en\/#website","url":"https:\/\/www.iplay.com\/en\/","name":"IPlay","description":"The Best Casual Games!","publisher":{"@id":"https:\/\/www.iplay.com\/en\/#organization"},"potentialAction":[{"@type":"SearchAction","target":{"@type":"EntryPoint","urlTemplate":"https:\/\/www.iplay.com\/en\/?s={search_term_string}"},"query-input":{"@type":"PropertyValueSpecification","valueRequired":true,"valueName":"search_term_string"}}],"inLanguage":"it-IT"},{"@type":"Organization","@id":"https:\/\/www.iplay.com\/en\/#organization","name":"IPlay","url":"https:\/\/www.iplay.com\/en\/","logo":{"@type":"ImageObject","inLanguage":"it-IT","@id":"https:\/\/www.iplay.com\/en\/#\/schema\/logo\/image\/","url":"https:\/\/www.iplay.com\/wp-content\/uploads\/2023\/11\/Group-6100.svg","contentUrl":"https:\/\/www.iplay.com\/wp-content\/uploads\/2023\/11\/Group-6100.svg","width":98,"height":25,"caption":"IPlay"},"image":{"@id":"https:\/\/www.iplay.com\/en\/#\/schema\/logo\/image\/"}}]}},"_links":{"self":[{"href":"https:\/\/www.iplay.com\/it\/wp-json\/wp\/v2\/product\/139838","targetHints":{"allow":["GET"]}}],"collection":[{"href":"https:\/\/www.iplay.com\/it\/wp-json\/wp\/v2\/product"}],"about":[{"href":"https:\/\/www.iplay.com\/it\/wp-json\/wp\/v2\/types\/product"}],"author":[{"embeddable":true,"href":"https:\/\/www.iplay.com\/it\/wp-json\/wp\/v2\/users\/8"}],"replies":[{"embeddable":true,"href":"https:\/\/www.iplay.com\/it\/wp-json\/wp\/v2\/comments?post=139838"}],"wp:featuredmedia":[{"embeddable":true,"href":"https:\/\/www.iplay.com\/it\/wp-json\/wp\/v2\/media\/84520"}],"wp:attachment":[{"href":"https:\/\/www.iplay.com\/it\/wp-json\/wp\/v2\/media?parent=139838"}],"wp:term":[{"taxonomy":"product_brand","embeddable":true,"href":"https:\/\/www.iplay.com\/it\/wp-json\/wp\/v2\/product_brand?post=139838"},{"taxonomy":"product_cat","embeddable":true,"href":"https:\/\/www.iplay.com\/it\/wp-json\/wp\/v2\/product_cat?post=139838"},{"taxonomy":"product_tag","embeddable":true,"href":"https:\/\/www.iplay.com\/it\/wp-json\/wp\/v2\/product_tag?post=139838"}],"curies":[{"name":"wp","href":"https:\/\/api.w.org\/{rel}","templated":true}]}}