{"id":139813,"date":"2019-10-02T00:00:00","date_gmt":"2019-10-02T00:00:00","guid":{"rendered":"https:\/\/www.iplay.com\/games\/dreamland-solitaire-dragons-fury\/"},"modified":"2019-10-02T00:00:00","modified_gmt":"2019-10-02T00:00:00","slug":"dreamland-solitaire-dragons-fury","status":"publish","type":"product","link":"https:\/\/www.iplay.com\/it\/games\/dreamland-solitaire-dragons-fury\/","title":{"rendered":"Dreamland Solitaire: Dragon&#8217;s Fury"},"content":{"rendered":"<p>Quando il fuoco di un drago illumina il cielo notturno e rade al suolo un umile villaggio, solo una fata pu\u00f2 rimettere le cose a posto. Devi assumere il ruolo di questa incantevole creatura mentre completa le missioni alla ricerca del motivo per cui si \u00e8 verificata questa tragedia. Per completare il tuo viaggio, dovrai ripulire lo schermo da varie disposizioni di carte scoprendo e giocando carte che sono una pi\u00f9 alta o pi\u00f9 bassa della carta in cima al mazzo. Questo gioco apparentemente semplice contiene profondit\u00e0 intelligenti, soprattutto se combinate con ostacoli insidiosi, gli strumenti che possono rimuoverli e il tuo nemico nefasto: un ragno che tesser\u00e0 la sua ragnatela attorno alle tue carte pi\u00f9 desiderate! Con i suoi splendidi mazzi di carte, le splendide ambientazioni e il gameplay magico, Dreamland Solitaire: Dragon&#8217;s Fury ti getter\u00e0 addosso un incantesimo di gioia!    <\/p>\n<p>&nbsp;<\/p>\n<p>&nbsp;<\/p>\n<p><strong>Tratti somatici:<\/strong><\/p>\n<p>&nbsp;<\/p>\n<p>&#8211; Goditi un&#8217;affascinante storia di avventura<br \/>\n&#8211; Completa dozzine di livelli<br \/>\n accattivanti- Usa carte jolly e jolly per vincere<br \/>\n&#8211; Potenzia incantesimi e bonus nel negozio<br \/>\n&#8211; Ripristina la casa di una fata, un villaggio e altro ancora<\/p>\n","protected":false},"excerpt":{"rendered":"<p>In un regno magico! Dreamland Solitaire: Dragon&#8217;s Fury ti far\u00e0 sentire davvero felice! <\/p>\n","protected":false},"author":8,"featured_media":92374,"comment_status":"open","ping_status":"closed","template":"","meta":{"_acf_changed":false,"inline_featured_image":false},"product_brand":[],"product_cat":[156,204],"product_tag":[290],"class_list":{"0":"post-139813","1":"product","2":"type-product","3":"status-publish","4":"has-post-thumbnail","6":"product_cat-card-it-2","7":"product_cat-solitaire-it","8":"product_tag-play-on-pc-it","10":"first","11":"instock","12":"shipping-taxable","13":"purchasable","14":"product-type-simple"},"acf":[],"yoast_head":"<!-- This site is optimized with the Yoast SEO Premium plugin v25.2 (Yoast SEO v25.2) - https:\/\/yoast.com\/wordpress\/plugins\/seo\/ -->\n<title>Dreamland Solitaire: Dragon&#039;s Fury - Una ricerca solitaria fantasy<\/title>\n<meta name=\"description\" content=\"In un regno magico! Dreamland Solitaire: Dragon&#039;s Fury ti far\u00e0 sentire davvero felice!\" \/>\n<meta name=\"robots\" content=\"index, follow, max-snippet:-1, max-image-preview:large, max-video-preview:-1\" \/>\n<link rel=\"canonical\" href=\"https:\/\/www.iplay.com\/it\/games\/dreamland-solitaire-dragons-fury\/\" \/>\n<meta property=\"og:locale\" content=\"it_IT\" \/>\n<meta property=\"og:type\" content=\"article\" \/>\n<meta property=\"og:title\" content=\"Dreamland Solitaire: Dragon&#039;s Fury\" \/>\n<meta property=\"og:description\" content=\"In un regno magico! Dreamland Solitaire: Dragon&#039;s Fury ti far\u00e0 sentire davvero felice!\" \/>\n<meta property=\"og:url\" content=\"https:\/\/www.iplay.com\/it\/games\/dreamland-solitaire-dragons-fury\/\" \/>\n<meta property=\"og:site_name\" content=\"IPlay\" \/>\n<meta property=\"og:image\" content=\"https:\/\/www.iplay.com\/wp-content\/uploads\/2023\/12\/large_square_tile_image-3289.jpg\" \/>\n\t<meta property=\"og:image:width\" content=\"310\" \/>\n\t<meta property=\"og:image:height\" content=\"310\" \/>\n\t<meta property=\"og:image:type\" content=\"image\/jpeg\" \/>\n<meta name=\"twitter:card\" content=\"summary_large_image\" \/>\n<meta name=\"twitter:label1\" content=\"Est. reading time\" \/>\n\t<meta name=\"twitter:data1\" content=\"1 minuto\" \/>\n<script type=\"application\/ld+json\" class=\"yoast-schema-graph\">{\"@context\":\"https:\/\/schema.org\",\"@graph\":[{\"@type\":\"WebPage\",\"@id\":\"https:\/\/www.iplay.com\/it\/games\/dreamland-solitaire-dragons-fury\/\",\"url\":\"https:\/\/www.iplay.com\/it\/games\/dreamland-solitaire-dragons-fury\/\",\"name\":\"Dreamland Solitaire: Dragon's Fury - Una ricerca solitaria fantasy\",\"isPartOf\":{\"@id\":\"https:\/\/www.iplay.com\/en\/#website\"},\"primaryImageOfPage\":{\"@id\":\"https:\/\/www.iplay.com\/it\/games\/dreamland-solitaire-dragons-fury\/#primaryimage\"},\"image\":{\"@id\":\"https:\/\/www.iplay.com\/it\/games\/dreamland-solitaire-dragons-fury\/#primaryimage\"},\"thumbnailUrl\":\"https:\/\/www.iplay.com\/wp-content\/uploads\/2023\/12\/large_square_tile_image-3289.jpg\",\"datePublished\":\"2019-10-02T00:00:00+00:00\",\"description\":\"In un regno magico! Dreamland Solitaire: Dragon's Fury ti far\u00e0 sentire davvero felice!\",\"breadcrumb\":{\"@id\":\"https:\/\/www.iplay.com\/it\/games\/dreamland-solitaire-dragons-fury\/#breadcrumb\"},\"inLanguage\":\"it-IT\",\"potentialAction\":[{\"@type\":\"ReadAction\",\"target\":[\"https:\/\/www.iplay.com\/it\/games\/dreamland-solitaire-dragons-fury\/\"]}]},{\"@type\":\"ImageObject\",\"inLanguage\":\"it-IT\",\"@id\":\"https:\/\/www.iplay.com\/it\/games\/dreamland-solitaire-dragons-fury\/#primaryimage\",\"url\":\"https:\/\/www.iplay.com\/wp-content\/uploads\/2023\/12\/large_square_tile_image-3289.jpg\",\"contentUrl\":\"https:\/\/www.iplay.com\/wp-content\/uploads\/2023\/12\/large_square_tile_image-3289.jpg\",\"width\":310,\"height\":310},{\"@type\":\"BreadcrumbList\",\"@id\":\"https:\/\/www.iplay.com\/it\/games\/dreamland-solitaire-dragons-fury\/#breadcrumb\",\"itemListElement\":[{\"@type\":\"ListItem\",\"position\":1,\"name\":\"Home\",\"item\":\"https:\/\/www.iplay.com\/it\/home-page-2\/\"},{\"@type\":\"ListItem\",\"position\":2,\"name\":\"Shop\",\"item\":\"https:\/\/www.iplay.com\/en\/shop\/\"},{\"@type\":\"ListItem\",\"position\":3,\"name\":\"Dreamland Solitaire: Dragon&#8217;s Fury\"}]},{\"@type\":\"WebSite\",\"@id\":\"https:\/\/www.iplay.com\/en\/#website\",\"url\":\"https:\/\/www.iplay.com\/en\/\",\"name\":\"IPlay\",\"description\":\"The Best Casual Games!\",\"publisher\":{\"@id\":\"https:\/\/www.iplay.com\/en\/#organization\"},\"potentialAction\":[{\"@type\":\"SearchAction\",\"target\":{\"@type\":\"EntryPoint\",\"urlTemplate\":\"https:\/\/www.iplay.com\/en\/?s={search_term_string}\"},\"query-input\":{\"@type\":\"PropertyValueSpecification\",\"valueRequired\":true,\"valueName\":\"search_term_string\"}}],\"inLanguage\":\"it-IT\"},{\"@type\":\"Organization\",\"@id\":\"https:\/\/www.iplay.com\/en\/#organization\",\"name\":\"IPlay\",\"url\":\"https:\/\/www.iplay.com\/en\/\",\"logo\":{\"@type\":\"ImageObject\",\"inLanguage\":\"it-IT\",\"@id\":\"https:\/\/www.iplay.com\/en\/#\/schema\/logo\/image\/\",\"url\":\"https:\/\/www.iplay.com\/wp-content\/uploads\/2023\/11\/Group-6100.svg\",\"contentUrl\":\"https:\/\/www.iplay.com\/wp-content\/uploads\/2023\/11\/Group-6100.svg\",\"width\":98,\"height\":25,\"caption\":\"IPlay\"},\"image\":{\"@id\":\"https:\/\/www.iplay.com\/en\/#\/schema\/logo\/image\/\"}}]}<\/script>\n<!-- \/ Yoast SEO Premium plugin. -->","yoast_head_json":{"title":"Dreamland Solitaire: Dragon's Fury - Una ricerca solitaria fantasy","description":"In un regno magico! Dreamland Solitaire: Dragon's Fury ti far\u00e0 sentire davvero felice!","robots":{"index":"index","follow":"follow","max-snippet":"max-snippet:-1","max-image-preview":"max-image-preview:large","max-video-preview":"max-video-preview:-1"},"canonical":"https:\/\/www.iplay.com\/it\/games\/dreamland-solitaire-dragons-fury\/","og_locale":"it_IT","og_type":"article","og_title":"Dreamland Solitaire: Dragon's Fury","og_description":"In un regno magico! Dreamland Solitaire: Dragon's Fury ti far\u00e0 sentire davvero felice!","og_url":"https:\/\/www.iplay.com\/it\/games\/dreamland-solitaire-dragons-fury\/","og_site_name":"IPlay","og_image":[{"width":310,"height":310,"url":"https:\/\/www.iplay.com\/wp-content\/uploads\/2023\/12\/large_square_tile_image-3289.jpg","type":"image\/jpeg"}],"twitter_card":"summary_large_image","twitter_misc":{"Est. reading time":"1 minuto"},"schema":{"@context":"https:\/\/schema.org","@graph":[{"@type":"WebPage","@id":"https:\/\/www.iplay.com\/it\/games\/dreamland-solitaire-dragons-fury\/","url":"https:\/\/www.iplay.com\/it\/games\/dreamland-solitaire-dragons-fury\/","name":"Dreamland Solitaire: Dragon's Fury - Una ricerca solitaria fantasy","isPartOf":{"@id":"https:\/\/www.iplay.com\/en\/#website"},"primaryImageOfPage":{"@id":"https:\/\/www.iplay.com\/it\/games\/dreamland-solitaire-dragons-fury\/#primaryimage"},"image":{"@id":"https:\/\/www.iplay.com\/it\/games\/dreamland-solitaire-dragons-fury\/#primaryimage"},"thumbnailUrl":"https:\/\/www.iplay.com\/wp-content\/uploads\/2023\/12\/large_square_tile_image-3289.jpg","datePublished":"2019-10-02T00:00:00+00:00","description":"In un regno magico! Dreamland Solitaire: Dragon's Fury ti far\u00e0 sentire davvero felice!","breadcrumb":{"@id":"https:\/\/www.iplay.com\/it\/games\/dreamland-solitaire-dragons-fury\/#breadcrumb"},"inLanguage":"it-IT","potentialAction":[{"@type":"ReadAction","target":["https:\/\/www.iplay.com\/it\/games\/dreamland-solitaire-dragons-fury\/"]}]},{"@type":"ImageObject","inLanguage":"it-IT","@id":"https:\/\/www.iplay.com\/it\/games\/dreamland-solitaire-dragons-fury\/#primaryimage","url":"https:\/\/www.iplay.com\/wp-content\/uploads\/2023\/12\/large_square_tile_image-3289.jpg","contentUrl":"https:\/\/www.iplay.com\/wp-content\/uploads\/2023\/12\/large_square_tile_image-3289.jpg","width":310,"height":310},{"@type":"BreadcrumbList","@id":"https:\/\/www.iplay.com\/it\/games\/dreamland-solitaire-dragons-fury\/#breadcrumb","itemListElement":[{"@type":"ListItem","position":1,"name":"Home","item":"https:\/\/www.iplay.com\/it\/home-page-2\/"},{"@type":"ListItem","position":2,"name":"Shop","item":"https:\/\/www.iplay.com\/en\/shop\/"},{"@type":"ListItem","position":3,"name":"Dreamland Solitaire: Dragon&#8217;s Fury"}]},{"@type":"WebSite","@id":"https:\/\/www.iplay.com\/en\/#website","url":"https:\/\/www.iplay.com\/en\/","name":"IPlay","description":"The Best Casual Games!","publisher":{"@id":"https:\/\/www.iplay.com\/en\/#organization"},"potentialAction":[{"@type":"SearchAction","target":{"@type":"EntryPoint","urlTemplate":"https:\/\/www.iplay.com\/en\/?s={search_term_string}"},"query-input":{"@type":"PropertyValueSpecification","valueRequired":true,"valueName":"search_term_string"}}],"inLanguage":"it-IT"},{"@type":"Organization","@id":"https:\/\/www.iplay.com\/en\/#organization","name":"IPlay","url":"https:\/\/www.iplay.com\/en\/","logo":{"@type":"ImageObject","inLanguage":"it-IT","@id":"https:\/\/www.iplay.com\/en\/#\/schema\/logo\/image\/","url":"https:\/\/www.iplay.com\/wp-content\/uploads\/2023\/11\/Group-6100.svg","contentUrl":"https:\/\/www.iplay.com\/wp-content\/uploads\/2023\/11\/Group-6100.svg","width":98,"height":25,"caption":"IPlay"},"image":{"@id":"https:\/\/www.iplay.com\/en\/#\/schema\/logo\/image\/"}}]}},"_links":{"self":[{"href":"https:\/\/www.iplay.com\/it\/wp-json\/wp\/v2\/product\/139813","targetHints":{"allow":["GET"]}}],"collection":[{"href":"https:\/\/www.iplay.com\/it\/wp-json\/wp\/v2\/product"}],"about":[{"href":"https:\/\/www.iplay.com\/it\/wp-json\/wp\/v2\/types\/product"}],"author":[{"embeddable":true,"href":"https:\/\/www.iplay.com\/it\/wp-json\/wp\/v2\/users\/8"}],"replies":[{"embeddable":true,"href":"https:\/\/www.iplay.com\/it\/wp-json\/wp\/v2\/comments?post=139813"}],"wp:featuredmedia":[{"embeddable":true,"href":"https:\/\/www.iplay.com\/it\/wp-json\/wp\/v2\/media\/92374"}],"wp:attachment":[{"href":"https:\/\/www.iplay.com\/it\/wp-json\/wp\/v2\/media?parent=139813"}],"wp:term":[{"taxonomy":"product_brand","embeddable":true,"href":"https:\/\/www.iplay.com\/it\/wp-json\/wp\/v2\/product_brand?post=139813"},{"taxonomy":"product_cat","embeddable":true,"href":"https:\/\/www.iplay.com\/it\/wp-json\/wp\/v2\/product_cat?post=139813"},{"taxonomy":"product_tag","embeddable":true,"href":"https:\/\/www.iplay.com\/it\/wp-json\/wp\/v2\/product_tag?post=139813"}],"curies":[{"name":"wp","href":"https:\/\/api.w.org\/{rel}","templated":true}]}}