{"id":139800,"date":"2019-09-28T00:00:00","date_gmt":"2019-09-28T00:00:00","guid":{"rendered":"https:\/\/www.iplay.com\/games\/fright-chasers-directors-cut\/"},"modified":"2019-09-28T00:00:00","modified_gmt":"2019-09-28T00:00:00","slug":"fright-chasers-directors-cut","status":"publish","type":"product","link":"https:\/\/www.iplay.com\/it\/games\/fright-chasers-directors-cut\/","title":{"rendered":"Fright Chasers: Director&#8217;s Cut"},"content":{"rendered":"<p>Scopri l&#8217;ultimo emozionante capitolo della serie <em>Fright Chasers<\/em> ! Indaghi avidamente dopo aver sentito sul tuo blog di un cinema che \u00e8 stato abbandonato e di spiriti che si dice siano in grado di rapire i vivi. Quando arrivi l\u00ec, scopri presto che le storie sono vere perch\u00e9 ti imbatti nei fantasmi degli stessi film che vengono proiettati al cinema! Riuscirai a farti strada attraverso film pericolosi in tempo per salvare i vivi? In questo emozionante viaggio rompicapo a oggetti nascosti, scoprilo!    <\/p>\n<p>&nbsp;<\/p>\n<p>&nbsp;<\/p>\n<p><strong>Tratti somatici:<\/strong><\/p>\n<p>&nbsp;<\/p>\n<p>&#8211; Nel gioco bonus, salva il tuo amico superando in astuzia una strega in un&#8217;ultima bobina di film spettrale!<br \/>\n&#8211; Gioca a un enorme HOP conclusivo, trova un nuovo minigioco, ottieni obiettivi e rivisita il tuo HOPS preferito!<br \/>\n&#8211; Sono disponibili numerosi morph e oggetti da collezione!<br \/>\n&#8211; Assapora musica, concept art e sfondi unici!<br \/>\n&#8211; Usa la guida strategica per non perderti mai!<\/p>\n","protected":false},"excerpt":{"rendered":"<p>Riuscirai a proteggere rapidamente i vivi dai fantasmi dei film spaventosi? Nel Director&#8217;s Cut CE di Fright Chasers <\/p>\n","protected":false},"author":17,"featured_media":92422,"comment_status":"open","ping_status":"closed","template":"","meta":{"_acf_changed":false,"inline_featured_image":false},"product_brand":[],"product_cat":[163],"product_tag":[290],"class_list":{"0":"post-139800","1":"product","2":"type-product","3":"status-publish","4":"has-post-thumbnail","6":"product_cat-hidden-object-it","7":"product_tag-play-on-pc-it","9":"first","10":"instock","11":"shipping-taxable","12":"purchasable","13":"product-type-simple"},"acf":[],"yoast_head":"<!-- This site is optimized with the Yoast SEO Premium plugin v25.2 (Yoast SEO v25.2) - https:\/\/yoast.com\/wordpress\/plugins\/seo\/ -->\n<title>Fright Chasers: Director&#039;s Cut - Riuscirai a salvare i vivi dai fantasmi cinematografici?<\/title>\n<meta name=\"description\" content=\"Riuscirai a proteggere rapidamente i vivi dai fantasmi dei film spaventosi? Nel Director&#039;s Cut CE di Fright Chasers\" \/>\n<meta name=\"robots\" content=\"index, follow, max-snippet:-1, max-image-preview:large, max-video-preview:-1\" \/>\n<link rel=\"canonical\" href=\"https:\/\/www.iplay.com\/it\/games\/fright-chasers-directors-cut\/\" \/>\n<meta property=\"og:locale\" content=\"it_IT\" \/>\n<meta property=\"og:type\" content=\"article\" \/>\n<meta property=\"og:title\" content=\"Fright Chasers: Director&#039;s Cut\" \/>\n<meta property=\"og:description\" content=\"Riuscirai a proteggere rapidamente i vivi dai fantasmi dei film spaventosi? Nel Director&#039;s Cut CE di Fright Chasers\" \/>\n<meta property=\"og:url\" content=\"https:\/\/www.iplay.com\/it\/games\/fright-chasers-directors-cut\/\" \/>\n<meta property=\"og:site_name\" content=\"IPlay\" \/>\n<meta property=\"og:image\" content=\"https:\/\/www.iplay.com\/wp-content\/uploads\/2023\/12\/large_square_tile_image-3292.jpg\" \/>\n\t<meta property=\"og:image:width\" content=\"310\" \/>\n\t<meta property=\"og:image:height\" content=\"310\" \/>\n\t<meta property=\"og:image:type\" content=\"image\/jpeg\" \/>\n<meta name=\"twitter:card\" content=\"summary_large_image\" \/>\n<meta name=\"twitter:label1\" content=\"Est. reading time\" \/>\n\t<meta name=\"twitter:data1\" content=\"1 minuto\" \/>\n<script type=\"application\/ld+json\" class=\"yoast-schema-graph\">{\"@context\":\"https:\/\/schema.org\",\"@graph\":[{\"@type\":\"WebPage\",\"@id\":\"https:\/\/www.iplay.com\/it\/games\/fright-chasers-directors-cut\/\",\"url\":\"https:\/\/www.iplay.com\/it\/games\/fright-chasers-directors-cut\/\",\"name\":\"Fright Chasers: Director's Cut - Riuscirai a salvare i vivi dai fantasmi cinematografici?\",\"isPartOf\":{\"@id\":\"https:\/\/www.iplay.com\/en\/#website\"},\"primaryImageOfPage\":{\"@id\":\"https:\/\/www.iplay.com\/it\/games\/fright-chasers-directors-cut\/#primaryimage\"},\"image\":{\"@id\":\"https:\/\/www.iplay.com\/it\/games\/fright-chasers-directors-cut\/#primaryimage\"},\"thumbnailUrl\":\"https:\/\/www.iplay.com\/wp-content\/uploads\/2023\/12\/large_square_tile_image-3292.jpg\",\"datePublished\":\"2019-09-28T00:00:00+00:00\",\"description\":\"Riuscirai a proteggere rapidamente i vivi dai fantasmi dei film spaventosi? Nel Director's Cut CE di Fright Chasers\",\"breadcrumb\":{\"@id\":\"https:\/\/www.iplay.com\/it\/games\/fright-chasers-directors-cut\/#breadcrumb\"},\"inLanguage\":\"it-IT\",\"potentialAction\":[{\"@type\":\"ReadAction\",\"target\":[\"https:\/\/www.iplay.com\/it\/games\/fright-chasers-directors-cut\/\"]}]},{\"@type\":\"ImageObject\",\"inLanguage\":\"it-IT\",\"@id\":\"https:\/\/www.iplay.com\/it\/games\/fright-chasers-directors-cut\/#primaryimage\",\"url\":\"https:\/\/www.iplay.com\/wp-content\/uploads\/2023\/12\/large_square_tile_image-3292.jpg\",\"contentUrl\":\"https:\/\/www.iplay.com\/wp-content\/uploads\/2023\/12\/large_square_tile_image-3292.jpg\",\"width\":310,\"height\":310},{\"@type\":\"BreadcrumbList\",\"@id\":\"https:\/\/www.iplay.com\/it\/games\/fright-chasers-directors-cut\/#breadcrumb\",\"itemListElement\":[{\"@type\":\"ListItem\",\"position\":1,\"name\":\"Home\",\"item\":\"https:\/\/www.iplay.com\/it\/home-page-2\/\"},{\"@type\":\"ListItem\",\"position\":2,\"name\":\"Shop\",\"item\":\"https:\/\/www.iplay.com\/en\/shop\/\"},{\"@type\":\"ListItem\",\"position\":3,\"name\":\"Fright Chasers: Director&#8217;s Cut\"}]},{\"@type\":\"WebSite\",\"@id\":\"https:\/\/www.iplay.com\/en\/#website\",\"url\":\"https:\/\/www.iplay.com\/en\/\",\"name\":\"IPlay\",\"description\":\"The Best Casual Games!\",\"publisher\":{\"@id\":\"https:\/\/www.iplay.com\/en\/#organization\"},\"potentialAction\":[{\"@type\":\"SearchAction\",\"target\":{\"@type\":\"EntryPoint\",\"urlTemplate\":\"https:\/\/www.iplay.com\/en\/?s={search_term_string}\"},\"query-input\":{\"@type\":\"PropertyValueSpecification\",\"valueRequired\":true,\"valueName\":\"search_term_string\"}}],\"inLanguage\":\"it-IT\"},{\"@type\":\"Organization\",\"@id\":\"https:\/\/www.iplay.com\/en\/#organization\",\"name\":\"IPlay\",\"url\":\"https:\/\/www.iplay.com\/en\/\",\"logo\":{\"@type\":\"ImageObject\",\"inLanguage\":\"it-IT\",\"@id\":\"https:\/\/www.iplay.com\/en\/#\/schema\/logo\/image\/\",\"url\":\"https:\/\/www.iplay.com\/wp-content\/uploads\/2023\/11\/Group-6100.svg\",\"contentUrl\":\"https:\/\/www.iplay.com\/wp-content\/uploads\/2023\/11\/Group-6100.svg\",\"width\":98,\"height\":25,\"caption\":\"IPlay\"},\"image\":{\"@id\":\"https:\/\/www.iplay.com\/en\/#\/schema\/logo\/image\/\"}}]}<\/script>\n<!-- \/ Yoast SEO Premium plugin. -->","yoast_head_json":{"title":"Fright Chasers: Director's Cut - Riuscirai a salvare i vivi dai fantasmi cinematografici?","description":"Riuscirai a proteggere rapidamente i vivi dai fantasmi dei film spaventosi? Nel Director's Cut CE di Fright Chasers","robots":{"index":"index","follow":"follow","max-snippet":"max-snippet:-1","max-image-preview":"max-image-preview:large","max-video-preview":"max-video-preview:-1"},"canonical":"https:\/\/www.iplay.com\/it\/games\/fright-chasers-directors-cut\/","og_locale":"it_IT","og_type":"article","og_title":"Fright Chasers: Director's Cut","og_description":"Riuscirai a proteggere rapidamente i vivi dai fantasmi dei film spaventosi? Nel Director's Cut CE di Fright Chasers","og_url":"https:\/\/www.iplay.com\/it\/games\/fright-chasers-directors-cut\/","og_site_name":"IPlay","og_image":[{"width":310,"height":310,"url":"https:\/\/www.iplay.com\/wp-content\/uploads\/2023\/12\/large_square_tile_image-3292.jpg","type":"image\/jpeg"}],"twitter_card":"summary_large_image","twitter_misc":{"Est. reading time":"1 minuto"},"schema":{"@context":"https:\/\/schema.org","@graph":[{"@type":"WebPage","@id":"https:\/\/www.iplay.com\/it\/games\/fright-chasers-directors-cut\/","url":"https:\/\/www.iplay.com\/it\/games\/fright-chasers-directors-cut\/","name":"Fright Chasers: Director's Cut - Riuscirai a salvare i vivi dai fantasmi cinematografici?","isPartOf":{"@id":"https:\/\/www.iplay.com\/en\/#website"},"primaryImageOfPage":{"@id":"https:\/\/www.iplay.com\/it\/games\/fright-chasers-directors-cut\/#primaryimage"},"image":{"@id":"https:\/\/www.iplay.com\/it\/games\/fright-chasers-directors-cut\/#primaryimage"},"thumbnailUrl":"https:\/\/www.iplay.com\/wp-content\/uploads\/2023\/12\/large_square_tile_image-3292.jpg","datePublished":"2019-09-28T00:00:00+00:00","description":"Riuscirai a proteggere rapidamente i vivi dai fantasmi dei film spaventosi? Nel Director's Cut CE di Fright Chasers","breadcrumb":{"@id":"https:\/\/www.iplay.com\/it\/games\/fright-chasers-directors-cut\/#breadcrumb"},"inLanguage":"it-IT","potentialAction":[{"@type":"ReadAction","target":["https:\/\/www.iplay.com\/it\/games\/fright-chasers-directors-cut\/"]}]},{"@type":"ImageObject","inLanguage":"it-IT","@id":"https:\/\/www.iplay.com\/it\/games\/fright-chasers-directors-cut\/#primaryimage","url":"https:\/\/www.iplay.com\/wp-content\/uploads\/2023\/12\/large_square_tile_image-3292.jpg","contentUrl":"https:\/\/www.iplay.com\/wp-content\/uploads\/2023\/12\/large_square_tile_image-3292.jpg","width":310,"height":310},{"@type":"BreadcrumbList","@id":"https:\/\/www.iplay.com\/it\/games\/fright-chasers-directors-cut\/#breadcrumb","itemListElement":[{"@type":"ListItem","position":1,"name":"Home","item":"https:\/\/www.iplay.com\/it\/home-page-2\/"},{"@type":"ListItem","position":2,"name":"Shop","item":"https:\/\/www.iplay.com\/en\/shop\/"},{"@type":"ListItem","position":3,"name":"Fright Chasers: Director&#8217;s Cut"}]},{"@type":"WebSite","@id":"https:\/\/www.iplay.com\/en\/#website","url":"https:\/\/www.iplay.com\/en\/","name":"IPlay","description":"The Best Casual Games!","publisher":{"@id":"https:\/\/www.iplay.com\/en\/#organization"},"potentialAction":[{"@type":"SearchAction","target":{"@type":"EntryPoint","urlTemplate":"https:\/\/www.iplay.com\/en\/?s={search_term_string}"},"query-input":{"@type":"PropertyValueSpecification","valueRequired":true,"valueName":"search_term_string"}}],"inLanguage":"it-IT"},{"@type":"Organization","@id":"https:\/\/www.iplay.com\/en\/#organization","name":"IPlay","url":"https:\/\/www.iplay.com\/en\/","logo":{"@type":"ImageObject","inLanguage":"it-IT","@id":"https:\/\/www.iplay.com\/en\/#\/schema\/logo\/image\/","url":"https:\/\/www.iplay.com\/wp-content\/uploads\/2023\/11\/Group-6100.svg","contentUrl":"https:\/\/www.iplay.com\/wp-content\/uploads\/2023\/11\/Group-6100.svg","width":98,"height":25,"caption":"IPlay"},"image":{"@id":"https:\/\/www.iplay.com\/en\/#\/schema\/logo\/image\/"}}]}},"_links":{"self":[{"href":"https:\/\/www.iplay.com\/it\/wp-json\/wp\/v2\/product\/139800","targetHints":{"allow":["GET"]}}],"collection":[{"href":"https:\/\/www.iplay.com\/it\/wp-json\/wp\/v2\/product"}],"about":[{"href":"https:\/\/www.iplay.com\/it\/wp-json\/wp\/v2\/types\/product"}],"author":[{"embeddable":true,"href":"https:\/\/www.iplay.com\/it\/wp-json\/wp\/v2\/users\/17"}],"replies":[{"embeddable":true,"href":"https:\/\/www.iplay.com\/it\/wp-json\/wp\/v2\/comments?post=139800"}],"wp:featuredmedia":[{"embeddable":true,"href":"https:\/\/www.iplay.com\/it\/wp-json\/wp\/v2\/media\/92422"}],"wp:attachment":[{"href":"https:\/\/www.iplay.com\/it\/wp-json\/wp\/v2\/media?parent=139800"}],"wp:term":[{"taxonomy":"product_brand","embeddable":true,"href":"https:\/\/www.iplay.com\/it\/wp-json\/wp\/v2\/product_brand?post=139800"},{"taxonomy":"product_cat","embeddable":true,"href":"https:\/\/www.iplay.com\/it\/wp-json\/wp\/v2\/product_cat?post=139800"},{"taxonomy":"product_tag","embeddable":true,"href":"https:\/\/www.iplay.com\/it\/wp-json\/wp\/v2\/product_tag?post=139800"}],"curies":[{"name":"wp","href":"https:\/\/api.w.org\/{rel}","templated":true}]}}