{"id":139194,"date":"2020-08-04T00:00:00","date_gmt":"2020-08-04T00:00:00","guid":{"rendered":"https:\/\/www.iplay.com\/games\/pillpop\/"},"modified":"2020-08-04T00:00:00","modified_gmt":"2020-08-04T00:00:00","slug":"pillpop","status":"publish","type":"product","link":"https:\/\/www.iplay.com\/it\/games\/pillpop\/","title":{"rendered":"Pillpop"},"content":{"rendered":"<p>PillPop \u00e8 un gioco pop match 3 dallo stile unico. Usa le pillole medicinali per combattere virus affascinanti e colorati e farli esplodere! Elimina i virus facendo clic sulle pillole per distruggerli. Puoi fare clic solo su gruppi di 3 e superiori che si trovano direttamente uno accanto all&#8217;altro e contengono almeno una pillola del colore del gioco. Il gioco contiene anche le normali modalit\u00e0 di gioco pop chiamate VirusPop, in cui si abbinano i virus dello stesso colore. C&#8217;\u00e8 una modalit\u00e0 Zen, per uno stile di gioco rilassante e senza vincoli di tempo. Gioca a questa modalit\u00e0 per un&#8217;esperienza di gioco rilassante. La modalit\u00e0 Blitz \u00e8 per una partita veloce di soli 2 minuti, in cui devi cercare di segnare il maggior numero di punti possibile. E infine la modalit\u00e0 Sopravvivenza, inizia con un livello parzialmente riempito. Il livello inizia quindi lentamente a riempirsi e il gioco terminer\u00e0 se il livello \u00e8 pieno. Ogni modalit\u00e0 pu\u00f2 essere giocata su 6 diversi livelli, con diverse dimensioni e quantit\u00e0 di colori dei virus.          <\/p>\n<p>&nbsp;<\/p>\n<p>&nbsp;<\/p>\n<p><strong>Tratti somatici:<\/strong><\/p>\n<p>&nbsp;<\/p>\n<p>&#8211; 3 modalit\u00e0<br \/>\n di gioco- 2 tipi di gioco PillPop o VirusPop<br \/>\n&#8211; Simpatici virus<br \/>\n animati- Dimensioni del tabellone 8&#215;8, 10&#215;10, 12&#215;12<br \/>\n&#8211; 24 obiettivi<br \/>\n&#8211; Statistiche<br \/>\n&#8211; Modalit\u00e0<br \/>\n daltonici- 10 belle canzoni<br \/>\n musicali- Attiva\/disattiva le canzoni nell&#8217;editor di playlist<\/p>\n","protected":false},"excerpt":{"rendered":"<p>Usa le pillole medicinali per combattere virus affascinanti e colorati e farli esplodere! All&#8217;interno di PillPop <\/p>\n","protected":false},"author":318,"featured_media":82532,"comment_status":"open","ping_status":"closed","template":"","meta":{"_acf_changed":false,"inline_featured_image":false},"product_brand":[],"product_cat":[200],"product_tag":[],"class_list":{"0":"post-139194","1":"product","2":"type-product","3":"status-publish","4":"has-post-thumbnail","6":"product_cat-removed-content-it","8":"first","9":"instock","10":"shipping-taxable","11":"purchasable","12":"product-type-simple"},"acf":[],"yoast_head":"<!-- This site is optimized with the Yoast SEO Premium plugin v25.2 (Yoast SEO v25.2) - https:\/\/yoast.com\/wordpress\/plugins\/seo\/ -->\n<title>Pillpop - Combatti simpatici virus colorati con pillole mediche per farli scoppiare<\/title>\n<meta name=\"description\" content=\"Usa le pillole medicinali per combattere virus affascinanti e colorati e farli esplodere! All&#039;interno di PillPop\" \/>\n<meta name=\"robots\" content=\"index, follow, max-snippet:-1, max-image-preview:large, max-video-preview:-1\" \/>\n<link rel=\"canonical\" href=\"https:\/\/www.iplay.com\/it\/games\/pillpop\/\" \/>\n<meta property=\"og:locale\" content=\"it_IT\" \/>\n<meta property=\"og:type\" content=\"article\" \/>\n<meta property=\"og:title\" content=\"Pillpop\" \/>\n<meta property=\"og:description\" content=\"Usa le pillole medicinali per combattere virus affascinanti e colorati e farli esplodere! All&#039;interno di PillPop\" \/>\n<meta property=\"og:url\" content=\"https:\/\/www.iplay.com\/it\/games\/pillpop\/\" \/>\n<meta property=\"og:site_name\" content=\"IPlay\" \/>\n<meta property=\"og:image\" content=\"https:\/\/www.iplay.com\/wp-content\/uploads\/2023\/12\/large_square_tile_image-2665.jpg\" \/>\n\t<meta property=\"og:image:width\" content=\"310\" \/>\n\t<meta property=\"og:image:height\" content=\"310\" \/>\n\t<meta property=\"og:image:type\" content=\"image\/jpeg\" \/>\n<meta name=\"twitter:card\" content=\"summary_large_image\" \/>\n<meta name=\"twitter:label1\" content=\"Est. reading time\" \/>\n\t<meta name=\"twitter:data1\" content=\"1 minuto\" \/>\n<script type=\"application\/ld+json\" class=\"yoast-schema-graph\">{\"@context\":\"https:\/\/schema.org\",\"@graph\":[{\"@type\":\"WebPage\",\"@id\":\"https:\/\/www.iplay.com\/it\/games\/pillpop\/\",\"url\":\"https:\/\/www.iplay.com\/it\/games\/pillpop\/\",\"name\":\"Pillpop - Combatti simpatici virus colorati con pillole mediche per farli scoppiare\",\"isPartOf\":{\"@id\":\"https:\/\/www.iplay.com\/en\/#website\"},\"primaryImageOfPage\":{\"@id\":\"https:\/\/www.iplay.com\/it\/games\/pillpop\/#primaryimage\"},\"image\":{\"@id\":\"https:\/\/www.iplay.com\/it\/games\/pillpop\/#primaryimage\"},\"thumbnailUrl\":\"https:\/\/www.iplay.com\/wp-content\/uploads\/2023\/12\/large_square_tile_image-2665.jpg\",\"datePublished\":\"2020-08-04T00:00:00+00:00\",\"description\":\"Usa le pillole medicinali per combattere virus affascinanti e colorati e farli esplodere! All'interno di PillPop\",\"breadcrumb\":{\"@id\":\"https:\/\/www.iplay.com\/it\/games\/pillpop\/#breadcrumb\"},\"inLanguage\":\"it-IT\",\"potentialAction\":[{\"@type\":\"ReadAction\",\"target\":[\"https:\/\/www.iplay.com\/it\/games\/pillpop\/\"]}]},{\"@type\":\"ImageObject\",\"inLanguage\":\"it-IT\",\"@id\":\"https:\/\/www.iplay.com\/it\/games\/pillpop\/#primaryimage\",\"url\":\"https:\/\/www.iplay.com\/wp-content\/uploads\/2023\/12\/large_square_tile_image-2665.jpg\",\"contentUrl\":\"https:\/\/www.iplay.com\/wp-content\/uploads\/2023\/12\/large_square_tile_image-2665.jpg\",\"width\":310,\"height\":310},{\"@type\":\"BreadcrumbList\",\"@id\":\"https:\/\/www.iplay.com\/it\/games\/pillpop\/#breadcrumb\",\"itemListElement\":[{\"@type\":\"ListItem\",\"position\":1,\"name\":\"Home\",\"item\":\"https:\/\/www.iplay.com\/it\/home-page-2\/\"},{\"@type\":\"ListItem\",\"position\":2,\"name\":\"Shop\",\"item\":\"https:\/\/www.iplay.com\/en\/shop\/\"},{\"@type\":\"ListItem\",\"position\":3,\"name\":\"Pillpop\"}]},{\"@type\":\"WebSite\",\"@id\":\"https:\/\/www.iplay.com\/en\/#website\",\"url\":\"https:\/\/www.iplay.com\/en\/\",\"name\":\"IPlay\",\"description\":\"The Best Casual Games!\",\"publisher\":{\"@id\":\"https:\/\/www.iplay.com\/en\/#organization\"},\"potentialAction\":[{\"@type\":\"SearchAction\",\"target\":{\"@type\":\"EntryPoint\",\"urlTemplate\":\"https:\/\/www.iplay.com\/en\/?s={search_term_string}\"},\"query-input\":{\"@type\":\"PropertyValueSpecification\",\"valueRequired\":true,\"valueName\":\"search_term_string\"}}],\"inLanguage\":\"it-IT\"},{\"@type\":\"Organization\",\"@id\":\"https:\/\/www.iplay.com\/en\/#organization\",\"name\":\"IPlay\",\"url\":\"https:\/\/www.iplay.com\/en\/\",\"logo\":{\"@type\":\"ImageObject\",\"inLanguage\":\"it-IT\",\"@id\":\"https:\/\/www.iplay.com\/en\/#\/schema\/logo\/image\/\",\"url\":\"https:\/\/www.iplay.com\/wp-content\/uploads\/2023\/11\/Group-6100.svg\",\"contentUrl\":\"https:\/\/www.iplay.com\/wp-content\/uploads\/2023\/11\/Group-6100.svg\",\"width\":98,\"height\":25,\"caption\":\"IPlay\"},\"image\":{\"@id\":\"https:\/\/www.iplay.com\/en\/#\/schema\/logo\/image\/\"}}]}<\/script>\n<!-- \/ Yoast SEO Premium plugin. -->","yoast_head_json":{"title":"Pillpop - Combatti simpatici virus colorati con pillole mediche per farli scoppiare","description":"Usa le pillole medicinali per combattere virus affascinanti e colorati e farli esplodere! All'interno di PillPop","robots":{"index":"index","follow":"follow","max-snippet":"max-snippet:-1","max-image-preview":"max-image-preview:large","max-video-preview":"max-video-preview:-1"},"canonical":"https:\/\/www.iplay.com\/it\/games\/pillpop\/","og_locale":"it_IT","og_type":"article","og_title":"Pillpop","og_description":"Usa le pillole medicinali per combattere virus affascinanti e colorati e farli esplodere! All'interno di PillPop","og_url":"https:\/\/www.iplay.com\/it\/games\/pillpop\/","og_site_name":"IPlay","og_image":[{"width":310,"height":310,"url":"https:\/\/www.iplay.com\/wp-content\/uploads\/2023\/12\/large_square_tile_image-2665.jpg","type":"image\/jpeg"}],"twitter_card":"summary_large_image","twitter_misc":{"Est. reading time":"1 minuto"},"schema":{"@context":"https:\/\/schema.org","@graph":[{"@type":"WebPage","@id":"https:\/\/www.iplay.com\/it\/games\/pillpop\/","url":"https:\/\/www.iplay.com\/it\/games\/pillpop\/","name":"Pillpop - Combatti simpatici virus colorati con pillole mediche per farli scoppiare","isPartOf":{"@id":"https:\/\/www.iplay.com\/en\/#website"},"primaryImageOfPage":{"@id":"https:\/\/www.iplay.com\/it\/games\/pillpop\/#primaryimage"},"image":{"@id":"https:\/\/www.iplay.com\/it\/games\/pillpop\/#primaryimage"},"thumbnailUrl":"https:\/\/www.iplay.com\/wp-content\/uploads\/2023\/12\/large_square_tile_image-2665.jpg","datePublished":"2020-08-04T00:00:00+00:00","description":"Usa le pillole medicinali per combattere virus affascinanti e colorati e farli esplodere! All'interno di PillPop","breadcrumb":{"@id":"https:\/\/www.iplay.com\/it\/games\/pillpop\/#breadcrumb"},"inLanguage":"it-IT","potentialAction":[{"@type":"ReadAction","target":["https:\/\/www.iplay.com\/it\/games\/pillpop\/"]}]},{"@type":"ImageObject","inLanguage":"it-IT","@id":"https:\/\/www.iplay.com\/it\/games\/pillpop\/#primaryimage","url":"https:\/\/www.iplay.com\/wp-content\/uploads\/2023\/12\/large_square_tile_image-2665.jpg","contentUrl":"https:\/\/www.iplay.com\/wp-content\/uploads\/2023\/12\/large_square_tile_image-2665.jpg","width":310,"height":310},{"@type":"BreadcrumbList","@id":"https:\/\/www.iplay.com\/it\/games\/pillpop\/#breadcrumb","itemListElement":[{"@type":"ListItem","position":1,"name":"Home","item":"https:\/\/www.iplay.com\/it\/home-page-2\/"},{"@type":"ListItem","position":2,"name":"Shop","item":"https:\/\/www.iplay.com\/en\/shop\/"},{"@type":"ListItem","position":3,"name":"Pillpop"}]},{"@type":"WebSite","@id":"https:\/\/www.iplay.com\/en\/#website","url":"https:\/\/www.iplay.com\/en\/","name":"IPlay","description":"The Best Casual Games!","publisher":{"@id":"https:\/\/www.iplay.com\/en\/#organization"},"potentialAction":[{"@type":"SearchAction","target":{"@type":"EntryPoint","urlTemplate":"https:\/\/www.iplay.com\/en\/?s={search_term_string}"},"query-input":{"@type":"PropertyValueSpecification","valueRequired":true,"valueName":"search_term_string"}}],"inLanguage":"it-IT"},{"@type":"Organization","@id":"https:\/\/www.iplay.com\/en\/#organization","name":"IPlay","url":"https:\/\/www.iplay.com\/en\/","logo":{"@type":"ImageObject","inLanguage":"it-IT","@id":"https:\/\/www.iplay.com\/en\/#\/schema\/logo\/image\/","url":"https:\/\/www.iplay.com\/wp-content\/uploads\/2023\/11\/Group-6100.svg","contentUrl":"https:\/\/www.iplay.com\/wp-content\/uploads\/2023\/11\/Group-6100.svg","width":98,"height":25,"caption":"IPlay"},"image":{"@id":"https:\/\/www.iplay.com\/en\/#\/schema\/logo\/image\/"}}]}},"_links":{"self":[{"href":"https:\/\/www.iplay.com\/it\/wp-json\/wp\/v2\/product\/139194","targetHints":{"allow":["GET"]}}],"collection":[{"href":"https:\/\/www.iplay.com\/it\/wp-json\/wp\/v2\/product"}],"about":[{"href":"https:\/\/www.iplay.com\/it\/wp-json\/wp\/v2\/types\/product"}],"author":[{"embeddable":true,"href":"https:\/\/www.iplay.com\/it\/wp-json\/wp\/v2\/users\/318"}],"replies":[{"embeddable":true,"href":"https:\/\/www.iplay.com\/it\/wp-json\/wp\/v2\/comments?post=139194"}],"wp:featuredmedia":[{"embeddable":true,"href":"https:\/\/www.iplay.com\/it\/wp-json\/wp\/v2\/media\/82532"}],"wp:attachment":[{"href":"https:\/\/www.iplay.com\/it\/wp-json\/wp\/v2\/media?parent=139194"}],"wp:term":[{"taxonomy":"product_brand","embeddable":true,"href":"https:\/\/www.iplay.com\/it\/wp-json\/wp\/v2\/product_brand?post=139194"},{"taxonomy":"product_cat","embeddable":true,"href":"https:\/\/www.iplay.com\/it\/wp-json\/wp\/v2\/product_cat?post=139194"},{"taxonomy":"product_tag","embeddable":true,"href":"https:\/\/www.iplay.com\/it\/wp-json\/wp\/v2\/product_tag?post=139194"}],"curies":[{"name":"wp","href":"https:\/\/api.w.org\/{rel}","templated":true}]}}