{"id":138609,"date":"2020-06-22T00:00:00","date_gmt":"2020-06-22T00:00:00","guid":{"rendered":"https:\/\/www.iplay.com\/games\/the-forgotten-land\/"},"modified":"2020-06-22T00:00:00","modified_gmt":"2020-06-22T00:00:00","slug":"the-forgotten-land","status":"publish","type":"product","link":"https:\/\/www.iplay.com\/it\/games\/the-forgotten-land\/","title":{"rendered":"The Forgotten Land"},"content":{"rendered":"<p>Affronta impegnativi enigmi match 3 in The Forgotten Land per un viaggio minaccioso che offre una nuova interpretazione del genere puzzle. Guida quattro individui distinti attraverso i boschi sinistri di un mondo in cui l \u201coscurit\u00e0 e la rovina regnano da secoli. E le persone che ci vivono sono altrettanto malvagie quanto il mondo che chiamano casa. I tuoi eroi devono combattere e sconfiggere creature ostili in battaglie Match 3 a turni. Ogni combattimento affiner\u00e0 e rafforzer\u00e0 la tua squadra. Utilizza le abilit\u00e0 distintive dei tuoi eroi e rifornisci il tuo inventario di attrezzature e armi utili. Lascia che il tuo gruppo si faccia strada attraverso la Terra Dimenticata scatenando i tuoi poteri. Crea un accampamento temporaneo e vai ad esplorare la regione oscura. Installa i fari antincendio ed elimina diversi pericoli. Trova rune e pietre magiche perdute, oltre a strani segreti. Mostra le tue abilit\u00e0 e tattiche in un mashup di genere puzzle mai visto prima. Sei pronto a cogliere l\u201d occasione di trascorrere tutto il tuo tempo al buio?           <\/p>\n<p>&nbsp;<\/p>\n<p>&nbsp;<\/p>\n<p><strong>Tratti somatici:<\/strong><\/p>\n<p>&nbsp;<\/p>\n<p>&#8211; Battle Match 3: sconfiggi avversari spietati in intricati combattimenti a turni!<br \/>\n&#8211; Puzzle Match 3: usa l&#8217;astuzia per posizionare i fari di fuoco, sbarazzarti degli ostacoli e scacciare i tuoi avversari!<br \/>\n&#8211; Migliora le tue abilit\u00e0: aumenta le abilit\u00e0 specifiche della tua squadra e aumenta le tue possibilit\u00e0 di vittoria! Fai scorta di armi e strumenti che funzionano: fai scorta di armi e strumenti che funzionano!<br \/>\n&#8211; Abilit\u00e0 e strategia: mostra le tue abilit\u00e0 e pensa come un maestro stratega! Potenzia attentamente la tua squadra, quindi usa le sue abilit\u00e0 uniche per sconfiggere avversari formidabili.<br \/>\n&#8211; Ripara il vecchio magazzino: costruisci il magazzino abbandonato di una societ\u00e0 estinta per ottenere preziose ricompense! Scopri misteri e pericoli nascosti: combatti, esplora e risolvi! Scopri il segreto dietro l&#8217;incantesimo malvagio che avvolge la terra!<br \/>\n&#8211; Schede estese: gestisci le tue prestazioni anche con schede che si estendono su pi\u00f9 schermi!<\/p>\n","protected":false},"excerpt":{"rendered":"<p>Scopri i sinistri segreti della leggendaria Terra Dimenticata!<\/p>\n","protected":false},"author":30,"featured_media":82868,"comment_status":"open","ping_status":"closed","template":"","meta":{"_acf_changed":false,"inline_featured_image":false},"product_brand":[],"product_cat":[191],"product_tag":[],"class_list":{"0":"post-138609","1":"product","2":"type-product","3":"status-publish","4":"has-post-thumbnail","6":"product_cat-puzzle-it","8":"first","9":"instock","10":"shipping-taxable","11":"purchasable","12":"product-type-simple"},"acf":[],"yoast_head":"<!-- This site is optimized with the Yoast SEO Premium plugin v25.2 (Yoast SEO v25.2) - https:\/\/yoast.com\/wordpress\/plugins\/seo\/ -->\n<title>The Forgotten Land - Risolvi l&#039;oscuro mistero della leggendaria Forgotten Land<\/title>\n<meta name=\"description\" content=\"Scopri i sinistri segreti della leggendaria Terra Dimenticata!\" \/>\n<meta name=\"robots\" content=\"index, follow, max-snippet:-1, max-image-preview:large, max-video-preview:-1\" \/>\n<link rel=\"canonical\" href=\"https:\/\/www.iplay.com\/it\/games\/the-forgotten-land\/\" \/>\n<meta property=\"og:locale\" content=\"it_IT\" \/>\n<meta property=\"og:type\" content=\"article\" \/>\n<meta property=\"og:title\" content=\"The Forgotten Land\" \/>\n<meta property=\"og:description\" content=\"Scopri i sinistri segreti della leggendaria Terra Dimenticata!\" \/>\n<meta property=\"og:url\" content=\"https:\/\/www.iplay.com\/it\/games\/the-forgotten-land\/\" \/>\n<meta property=\"og:site_name\" content=\"IPlay\" \/>\n<meta property=\"og:image\" content=\"https:\/\/www.iplay.com\/wp-content\/uploads\/2023\/12\/large_square_tile_image-2686.jpg\" \/>\n\t<meta property=\"og:image:width\" content=\"310\" \/>\n\t<meta property=\"og:image:height\" content=\"310\" \/>\n\t<meta property=\"og:image:type\" content=\"image\/jpeg\" \/>\n<meta name=\"twitter:card\" content=\"summary_large_image\" \/>\n<meta name=\"twitter:label1\" content=\"Est. reading time\" \/>\n\t<meta name=\"twitter:data1\" content=\"2 minuti\" \/>\n<script type=\"application\/ld+json\" class=\"yoast-schema-graph\">{\"@context\":\"https:\/\/schema.org\",\"@graph\":[{\"@type\":\"WebPage\",\"@id\":\"https:\/\/www.iplay.com\/it\/games\/the-forgotten-land\/\",\"url\":\"https:\/\/www.iplay.com\/it\/games\/the-forgotten-land\/\",\"name\":\"The Forgotten Land - Risolvi l'oscuro mistero della leggendaria Forgotten Land\",\"isPartOf\":{\"@id\":\"https:\/\/www.iplay.com\/en\/#website\"},\"primaryImageOfPage\":{\"@id\":\"https:\/\/www.iplay.com\/it\/games\/the-forgotten-land\/#primaryimage\"},\"image\":{\"@id\":\"https:\/\/www.iplay.com\/it\/games\/the-forgotten-land\/#primaryimage\"},\"thumbnailUrl\":\"https:\/\/www.iplay.com\/wp-content\/uploads\/2023\/12\/large_square_tile_image-2686.jpg\",\"datePublished\":\"2020-06-22T00:00:00+00:00\",\"description\":\"Scopri i sinistri segreti della leggendaria Terra Dimenticata!\",\"breadcrumb\":{\"@id\":\"https:\/\/www.iplay.com\/it\/games\/the-forgotten-land\/#breadcrumb\"},\"inLanguage\":\"it-IT\",\"potentialAction\":[{\"@type\":\"ReadAction\",\"target\":[\"https:\/\/www.iplay.com\/it\/games\/the-forgotten-land\/\"]}]},{\"@type\":\"ImageObject\",\"inLanguage\":\"it-IT\",\"@id\":\"https:\/\/www.iplay.com\/it\/games\/the-forgotten-land\/#primaryimage\",\"url\":\"https:\/\/www.iplay.com\/wp-content\/uploads\/2023\/12\/large_square_tile_image-2686.jpg\",\"contentUrl\":\"https:\/\/www.iplay.com\/wp-content\/uploads\/2023\/12\/large_square_tile_image-2686.jpg\",\"width\":310,\"height\":310},{\"@type\":\"BreadcrumbList\",\"@id\":\"https:\/\/www.iplay.com\/it\/games\/the-forgotten-land\/#breadcrumb\",\"itemListElement\":[{\"@type\":\"ListItem\",\"position\":1,\"name\":\"Home\",\"item\":\"https:\/\/www.iplay.com\/it\/home-page-2\/\"},{\"@type\":\"ListItem\",\"position\":2,\"name\":\"Shop\",\"item\":\"https:\/\/www.iplay.com\/en\/shop\/\"},{\"@type\":\"ListItem\",\"position\":3,\"name\":\"The Forgotten Land\"}]},{\"@type\":\"WebSite\",\"@id\":\"https:\/\/www.iplay.com\/en\/#website\",\"url\":\"https:\/\/www.iplay.com\/en\/\",\"name\":\"IPlay\",\"description\":\"The Best Casual Games!\",\"publisher\":{\"@id\":\"https:\/\/www.iplay.com\/en\/#organization\"},\"potentialAction\":[{\"@type\":\"SearchAction\",\"target\":{\"@type\":\"EntryPoint\",\"urlTemplate\":\"https:\/\/www.iplay.com\/en\/?s={search_term_string}\"},\"query-input\":{\"@type\":\"PropertyValueSpecification\",\"valueRequired\":true,\"valueName\":\"search_term_string\"}}],\"inLanguage\":\"it-IT\"},{\"@type\":\"Organization\",\"@id\":\"https:\/\/www.iplay.com\/en\/#organization\",\"name\":\"IPlay\",\"url\":\"https:\/\/www.iplay.com\/en\/\",\"logo\":{\"@type\":\"ImageObject\",\"inLanguage\":\"it-IT\",\"@id\":\"https:\/\/www.iplay.com\/en\/#\/schema\/logo\/image\/\",\"url\":\"https:\/\/www.iplay.com\/wp-content\/uploads\/2023\/11\/Group-6100.svg\",\"contentUrl\":\"https:\/\/www.iplay.com\/wp-content\/uploads\/2023\/11\/Group-6100.svg\",\"width\":98,\"height\":25,\"caption\":\"IPlay\"},\"image\":{\"@id\":\"https:\/\/www.iplay.com\/en\/#\/schema\/logo\/image\/\"}}]}<\/script>\n<!-- \/ Yoast SEO Premium plugin. -->","yoast_head_json":{"title":"The Forgotten Land - Risolvi l'oscuro mistero della leggendaria Forgotten Land","description":"Scopri i sinistri segreti della leggendaria Terra Dimenticata!","robots":{"index":"index","follow":"follow","max-snippet":"max-snippet:-1","max-image-preview":"max-image-preview:large","max-video-preview":"max-video-preview:-1"},"canonical":"https:\/\/www.iplay.com\/it\/games\/the-forgotten-land\/","og_locale":"it_IT","og_type":"article","og_title":"The Forgotten Land","og_description":"Scopri i sinistri segreti della leggendaria Terra Dimenticata!","og_url":"https:\/\/www.iplay.com\/it\/games\/the-forgotten-land\/","og_site_name":"IPlay","og_image":[{"width":310,"height":310,"url":"https:\/\/www.iplay.com\/wp-content\/uploads\/2023\/12\/large_square_tile_image-2686.jpg","type":"image\/jpeg"}],"twitter_card":"summary_large_image","twitter_misc":{"Est. reading time":"2 minuti"},"schema":{"@context":"https:\/\/schema.org","@graph":[{"@type":"WebPage","@id":"https:\/\/www.iplay.com\/it\/games\/the-forgotten-land\/","url":"https:\/\/www.iplay.com\/it\/games\/the-forgotten-land\/","name":"The Forgotten Land - Risolvi l'oscuro mistero della leggendaria Forgotten Land","isPartOf":{"@id":"https:\/\/www.iplay.com\/en\/#website"},"primaryImageOfPage":{"@id":"https:\/\/www.iplay.com\/it\/games\/the-forgotten-land\/#primaryimage"},"image":{"@id":"https:\/\/www.iplay.com\/it\/games\/the-forgotten-land\/#primaryimage"},"thumbnailUrl":"https:\/\/www.iplay.com\/wp-content\/uploads\/2023\/12\/large_square_tile_image-2686.jpg","datePublished":"2020-06-22T00:00:00+00:00","description":"Scopri i sinistri segreti della leggendaria Terra Dimenticata!","breadcrumb":{"@id":"https:\/\/www.iplay.com\/it\/games\/the-forgotten-land\/#breadcrumb"},"inLanguage":"it-IT","potentialAction":[{"@type":"ReadAction","target":["https:\/\/www.iplay.com\/it\/games\/the-forgotten-land\/"]}]},{"@type":"ImageObject","inLanguage":"it-IT","@id":"https:\/\/www.iplay.com\/it\/games\/the-forgotten-land\/#primaryimage","url":"https:\/\/www.iplay.com\/wp-content\/uploads\/2023\/12\/large_square_tile_image-2686.jpg","contentUrl":"https:\/\/www.iplay.com\/wp-content\/uploads\/2023\/12\/large_square_tile_image-2686.jpg","width":310,"height":310},{"@type":"BreadcrumbList","@id":"https:\/\/www.iplay.com\/it\/games\/the-forgotten-land\/#breadcrumb","itemListElement":[{"@type":"ListItem","position":1,"name":"Home","item":"https:\/\/www.iplay.com\/it\/home-page-2\/"},{"@type":"ListItem","position":2,"name":"Shop","item":"https:\/\/www.iplay.com\/en\/shop\/"},{"@type":"ListItem","position":3,"name":"The Forgotten Land"}]},{"@type":"WebSite","@id":"https:\/\/www.iplay.com\/en\/#website","url":"https:\/\/www.iplay.com\/en\/","name":"IPlay","description":"The Best Casual Games!","publisher":{"@id":"https:\/\/www.iplay.com\/en\/#organization"},"potentialAction":[{"@type":"SearchAction","target":{"@type":"EntryPoint","urlTemplate":"https:\/\/www.iplay.com\/en\/?s={search_term_string}"},"query-input":{"@type":"PropertyValueSpecification","valueRequired":true,"valueName":"search_term_string"}}],"inLanguage":"it-IT"},{"@type":"Organization","@id":"https:\/\/www.iplay.com\/en\/#organization","name":"IPlay","url":"https:\/\/www.iplay.com\/en\/","logo":{"@type":"ImageObject","inLanguage":"it-IT","@id":"https:\/\/www.iplay.com\/en\/#\/schema\/logo\/image\/","url":"https:\/\/www.iplay.com\/wp-content\/uploads\/2023\/11\/Group-6100.svg","contentUrl":"https:\/\/www.iplay.com\/wp-content\/uploads\/2023\/11\/Group-6100.svg","width":98,"height":25,"caption":"IPlay"},"image":{"@id":"https:\/\/www.iplay.com\/en\/#\/schema\/logo\/image\/"}}]}},"_links":{"self":[{"href":"https:\/\/www.iplay.com\/it\/wp-json\/wp\/v2\/product\/138609","targetHints":{"allow":["GET"]}}],"collection":[{"href":"https:\/\/www.iplay.com\/it\/wp-json\/wp\/v2\/product"}],"about":[{"href":"https:\/\/www.iplay.com\/it\/wp-json\/wp\/v2\/types\/product"}],"author":[{"embeddable":true,"href":"https:\/\/www.iplay.com\/it\/wp-json\/wp\/v2\/users\/30"}],"replies":[{"embeddable":true,"href":"https:\/\/www.iplay.com\/it\/wp-json\/wp\/v2\/comments?post=138609"}],"wp:featuredmedia":[{"embeddable":true,"href":"https:\/\/www.iplay.com\/it\/wp-json\/wp\/v2\/media\/82868"}],"wp:attachment":[{"href":"https:\/\/www.iplay.com\/it\/wp-json\/wp\/v2\/media?parent=138609"}],"wp:term":[{"taxonomy":"product_brand","embeddable":true,"href":"https:\/\/www.iplay.com\/it\/wp-json\/wp\/v2\/product_brand?post=138609"},{"taxonomy":"product_cat","embeddable":true,"href":"https:\/\/www.iplay.com\/it\/wp-json\/wp\/v2\/product_cat?post=138609"},{"taxonomy":"product_tag","embeddable":true,"href":"https:\/\/www.iplay.com\/it\/wp-json\/wp\/v2\/product_tag?post=138609"}],"curies":[{"name":"wp","href":"https:\/\/api.w.org\/{rel}","templated":true}]}}