{"id":138582,"date":"2020-04-26T00:00:00","date_gmt":"2020-04-26T00:00:00","guid":{"rendered":"https:\/\/www.iplay.com\/games\/legendary-mosaics-the-dwarf-and-the-terrible-cat\/"},"modified":"2020-04-26T00:00:00","modified_gmt":"2020-04-26T00:00:00","slug":"legendary-mosaics-the-dwarf-and-the-terrible-cat","status":"publish","type":"product","link":"https:\/\/www.iplay.com\/it\/games\/legendary-mosaics-the-dwarf-and-the-terrible-cat\/","title":{"rendered":"Legendary Mosaics: the Dwarf and the Terrible Cat"},"content":{"rendered":"<p>Il sole non splendeva, gli uccelli non cantavano, i fiori non sbocciavano e l&#8217;aria solitamente energizzante del bosco incantato sembrava stantia questa mattina nel bosco incantato. Qualcosa non andava. Una pergamena che giaceva nell&#8217;erba fu scoperta dal nano locale, che lavorava nella foresta durante il giorno. Non si trattava di una normale pergamena, ma della fata che implorava aiuto! Le fate erano le uniche creature in grado di spezzare l&#8217;incantesimo malvagio, ma il mago le aveva imprigionate nei suoi cristalli oscuri. Si scopre che il malvagio mago della foresta aveva eseguito un sinistro incantesimo che ha lasciato tutto in una condizione di oscurit\u00e0 permanente. La piccola fata ha dato alla nostra nana il compito di localizzare i 14 cristalli e liberare le fate perch\u00e9 si \u00e8 resa conto che chiunque ottenga questa pergamena \u00e8 la sua unica speranza. Il nano attonito \u00e8 pronto a iniziare il suo tentativo di salvataggio! Non sar\u00e0 semplice, per\u00f2; Deve avventurarsi nelle profondit\u00e0 della foresta, risolvere enigmi impegnativi, liberare le fate e aiutarle a sciogliere l&#8217;incantesimo malvagio. Naturalmente, il nostro amico ha bisogno di un compagno fedele per una missione cos\u00ec impegnativa! E chi poteva aiutarlo pi\u00f9 del Gatto Terribile? L&#8217;astuto ma cattivo mostro \u00e8 pronto ad aiutare il nano a superare una serie di ostacoli, contrattare con gli abitanti dei boschi pi\u00f9 ostinati e risolvere gli enigmi pi\u00f9 complicati! Unisciti a questa incredibile coppia e prova a risolvere i problemi; Sar\u00e0 un&#8217;esperienza indimenticabile! Una delle caratteristiche \u00e8 che pu\u00f2 essere giocato sia di giorno che di notte. Modifica l&#8217;aspetto delle tessere e dello sfondo come preferisci.               Scegli tra 12 stili di tessere distinti e 12 motivi di sfondo.<\/p>\n<p>&nbsp;<\/p>\n<p>&nbsp;<\/p>\n<p><strong>  Tratti somatici:<\/strong><\/p>\n<p>&nbsp;<\/p>\n<p>&#8211; Immagini, movimento e audio gioiosi per dare il benvenuto&#8230;<\/p>\n<p>&#8211; Sono disponibili quattro livelli di difficolt\u00e0, che vanno dal facile gioco monocolore all&#8217;intenso cambio di colore (fino a sei colori) e una modalit\u00e0 Zen chiara e intuitiva.<\/p>\n<p>&#8211; Cento nonogrammi codificati a colori pi\u00f9 altri quaranta nonogrammi.<br \/>\n&#8211; Misteriose foto semi-astratte delle vacanze da svelare ad ogni angolo<br \/>\n&#8211; Un sacco di gioia e molta bellezza<\/p>\n","protected":false},"excerpt":{"rendered":"<p>Vieni e risolvi i problemi con questo fantastico nano e gatto!<\/p>\n","protected":false},"author":14,"featured_media":91158,"comment_status":"open","ping_status":"closed","template":"","meta":{"_acf_changed":false,"inline_featured_image":false},"product_brand":[],"product_cat":[191],"product_tag":[],"class_list":{"0":"post-138582","1":"product","2":"type-product","3":"status-publish","4":"has-post-thumbnail","6":"product_cat-puzzle-it","8":"first","9":"instock","10":"shipping-taxable","11":"purchasable","12":"product-type-simple"},"acf":[],"yoast_head":"<!-- This site is optimized with the Yoast SEO Premium plugin v25.2 (Yoast SEO v25.2) - https:\/\/yoast.com\/wordpress\/plugins\/seo\/ -->\n<title>Mosaici leggendari: il nano e il gatto terribile - Imbarcati in enigmi con una straordinaria coppia di nani e gatti<\/title>\n<meta name=\"description\" content=\"Vieni e risolvi i problemi con questo fantastico nano e gatto!\" \/>\n<meta name=\"robots\" content=\"index, follow, max-snippet:-1, max-image-preview:large, max-video-preview:-1\" \/>\n<link rel=\"canonical\" href=\"https:\/\/www.iplay.com\/it\/games\/legendary-mosaics-the-dwarf-and-the-terrible-cat\/\" \/>\n<meta property=\"og:locale\" content=\"it_IT\" \/>\n<meta property=\"og:type\" content=\"article\" \/>\n<meta property=\"og:title\" content=\"Legendary Mosaics: the Dwarf and the Terrible Cat\" \/>\n<meta property=\"og:description\" content=\"Vieni e risolvi i problemi con questo fantastico nano e gatto!\" \/>\n<meta property=\"og:url\" content=\"https:\/\/www.iplay.com\/it\/games\/legendary-mosaics-the-dwarf-and-the-terrible-cat\/\" \/>\n<meta property=\"og:site_name\" content=\"IPlay\" \/>\n<meta property=\"og:image\" content=\"https:\/\/www.iplay.com\/wp-content\/uploads\/2023\/12\/large_square_tile_image-3212.jpg\" \/>\n\t<meta property=\"og:image:width\" content=\"310\" \/>\n\t<meta property=\"og:image:height\" content=\"310\" \/>\n\t<meta property=\"og:image:type\" content=\"image\/jpeg\" \/>\n<meta name=\"twitter:card\" content=\"summary_large_image\" \/>\n<meta name=\"twitter:label1\" content=\"Est. reading time\" \/>\n\t<meta name=\"twitter:data1\" content=\"2 minuti\" \/>\n<script type=\"application\/ld+json\" class=\"yoast-schema-graph\">{\"@context\":\"https:\/\/schema.org\",\"@graph\":[{\"@type\":\"WebPage\",\"@id\":\"https:\/\/www.iplay.com\/it\/games\/legendary-mosaics-the-dwarf-and-the-terrible-cat\/\",\"url\":\"https:\/\/www.iplay.com\/it\/games\/legendary-mosaics-the-dwarf-and-the-terrible-cat\/\",\"name\":\"Mosaici leggendari: il nano e il gatto terribile - Imbarcati in enigmi con una straordinaria coppia di nani e gatti\",\"isPartOf\":{\"@id\":\"https:\/\/www.iplay.com\/en\/#website\"},\"primaryImageOfPage\":{\"@id\":\"https:\/\/www.iplay.com\/it\/games\/legendary-mosaics-the-dwarf-and-the-terrible-cat\/#primaryimage\"},\"image\":{\"@id\":\"https:\/\/www.iplay.com\/it\/games\/legendary-mosaics-the-dwarf-and-the-terrible-cat\/#primaryimage\"},\"thumbnailUrl\":\"https:\/\/www.iplay.com\/wp-content\/uploads\/2023\/12\/large_square_tile_image-3212.jpg\",\"datePublished\":\"2020-04-26T00:00:00+00:00\",\"description\":\"Vieni e risolvi i problemi con questo fantastico nano e gatto!\",\"breadcrumb\":{\"@id\":\"https:\/\/www.iplay.com\/it\/games\/legendary-mosaics-the-dwarf-and-the-terrible-cat\/#breadcrumb\"},\"inLanguage\":\"it-IT\",\"potentialAction\":[{\"@type\":\"ReadAction\",\"target\":[\"https:\/\/www.iplay.com\/it\/games\/legendary-mosaics-the-dwarf-and-the-terrible-cat\/\"]}]},{\"@type\":\"ImageObject\",\"inLanguage\":\"it-IT\",\"@id\":\"https:\/\/www.iplay.com\/it\/games\/legendary-mosaics-the-dwarf-and-the-terrible-cat\/#primaryimage\",\"url\":\"https:\/\/www.iplay.com\/wp-content\/uploads\/2023\/12\/large_square_tile_image-3212.jpg\",\"contentUrl\":\"https:\/\/www.iplay.com\/wp-content\/uploads\/2023\/12\/large_square_tile_image-3212.jpg\",\"width\":310,\"height\":310},{\"@type\":\"BreadcrumbList\",\"@id\":\"https:\/\/www.iplay.com\/it\/games\/legendary-mosaics-the-dwarf-and-the-terrible-cat\/#breadcrumb\",\"itemListElement\":[{\"@type\":\"ListItem\",\"position\":1,\"name\":\"Home\",\"item\":\"https:\/\/www.iplay.com\/it\/home-page-2\/\"},{\"@type\":\"ListItem\",\"position\":2,\"name\":\"Shop\",\"item\":\"https:\/\/www.iplay.com\/en\/shop\/\"},{\"@type\":\"ListItem\",\"position\":3,\"name\":\"Legendary Mosaics: the Dwarf and the Terrible Cat\"}]},{\"@type\":\"WebSite\",\"@id\":\"https:\/\/www.iplay.com\/en\/#website\",\"url\":\"https:\/\/www.iplay.com\/en\/\",\"name\":\"IPlay\",\"description\":\"The Best Casual Games!\",\"publisher\":{\"@id\":\"https:\/\/www.iplay.com\/en\/#organization\"},\"potentialAction\":[{\"@type\":\"SearchAction\",\"target\":{\"@type\":\"EntryPoint\",\"urlTemplate\":\"https:\/\/www.iplay.com\/en\/?s={search_term_string}\"},\"query-input\":{\"@type\":\"PropertyValueSpecification\",\"valueRequired\":true,\"valueName\":\"search_term_string\"}}],\"inLanguage\":\"it-IT\"},{\"@type\":\"Organization\",\"@id\":\"https:\/\/www.iplay.com\/en\/#organization\",\"name\":\"IPlay\",\"url\":\"https:\/\/www.iplay.com\/en\/\",\"logo\":{\"@type\":\"ImageObject\",\"inLanguage\":\"it-IT\",\"@id\":\"https:\/\/www.iplay.com\/en\/#\/schema\/logo\/image\/\",\"url\":\"https:\/\/www.iplay.com\/wp-content\/uploads\/2023\/11\/Group-6100.svg\",\"contentUrl\":\"https:\/\/www.iplay.com\/wp-content\/uploads\/2023\/11\/Group-6100.svg\",\"width\":98,\"height\":25,\"caption\":\"IPlay\"},\"image\":{\"@id\":\"https:\/\/www.iplay.com\/en\/#\/schema\/logo\/image\/\"}}]}<\/script>\n<!-- \/ Yoast SEO Premium plugin. -->","yoast_head_json":{"title":"Mosaici leggendari: il nano e il gatto terribile - Imbarcati in enigmi con una straordinaria coppia di nani e gatti","description":"Vieni e risolvi i problemi con questo fantastico nano e gatto!","robots":{"index":"index","follow":"follow","max-snippet":"max-snippet:-1","max-image-preview":"max-image-preview:large","max-video-preview":"max-video-preview:-1"},"canonical":"https:\/\/www.iplay.com\/it\/games\/legendary-mosaics-the-dwarf-and-the-terrible-cat\/","og_locale":"it_IT","og_type":"article","og_title":"Legendary Mosaics: the Dwarf and the Terrible Cat","og_description":"Vieni e risolvi i problemi con questo fantastico nano e gatto!","og_url":"https:\/\/www.iplay.com\/it\/games\/legendary-mosaics-the-dwarf-and-the-terrible-cat\/","og_site_name":"IPlay","og_image":[{"width":310,"height":310,"url":"https:\/\/www.iplay.com\/wp-content\/uploads\/2023\/12\/large_square_tile_image-3212.jpg","type":"image\/jpeg"}],"twitter_card":"summary_large_image","twitter_misc":{"Est. reading time":"2 minuti"},"schema":{"@context":"https:\/\/schema.org","@graph":[{"@type":"WebPage","@id":"https:\/\/www.iplay.com\/it\/games\/legendary-mosaics-the-dwarf-and-the-terrible-cat\/","url":"https:\/\/www.iplay.com\/it\/games\/legendary-mosaics-the-dwarf-and-the-terrible-cat\/","name":"Mosaici leggendari: il nano e il gatto terribile - Imbarcati in enigmi con una straordinaria coppia di nani e gatti","isPartOf":{"@id":"https:\/\/www.iplay.com\/en\/#website"},"primaryImageOfPage":{"@id":"https:\/\/www.iplay.com\/it\/games\/legendary-mosaics-the-dwarf-and-the-terrible-cat\/#primaryimage"},"image":{"@id":"https:\/\/www.iplay.com\/it\/games\/legendary-mosaics-the-dwarf-and-the-terrible-cat\/#primaryimage"},"thumbnailUrl":"https:\/\/www.iplay.com\/wp-content\/uploads\/2023\/12\/large_square_tile_image-3212.jpg","datePublished":"2020-04-26T00:00:00+00:00","description":"Vieni e risolvi i problemi con questo fantastico nano e gatto!","breadcrumb":{"@id":"https:\/\/www.iplay.com\/it\/games\/legendary-mosaics-the-dwarf-and-the-terrible-cat\/#breadcrumb"},"inLanguage":"it-IT","potentialAction":[{"@type":"ReadAction","target":["https:\/\/www.iplay.com\/it\/games\/legendary-mosaics-the-dwarf-and-the-terrible-cat\/"]}]},{"@type":"ImageObject","inLanguage":"it-IT","@id":"https:\/\/www.iplay.com\/it\/games\/legendary-mosaics-the-dwarf-and-the-terrible-cat\/#primaryimage","url":"https:\/\/www.iplay.com\/wp-content\/uploads\/2023\/12\/large_square_tile_image-3212.jpg","contentUrl":"https:\/\/www.iplay.com\/wp-content\/uploads\/2023\/12\/large_square_tile_image-3212.jpg","width":310,"height":310},{"@type":"BreadcrumbList","@id":"https:\/\/www.iplay.com\/it\/games\/legendary-mosaics-the-dwarf-and-the-terrible-cat\/#breadcrumb","itemListElement":[{"@type":"ListItem","position":1,"name":"Home","item":"https:\/\/www.iplay.com\/it\/home-page-2\/"},{"@type":"ListItem","position":2,"name":"Shop","item":"https:\/\/www.iplay.com\/en\/shop\/"},{"@type":"ListItem","position":3,"name":"Legendary Mosaics: the Dwarf and the Terrible Cat"}]},{"@type":"WebSite","@id":"https:\/\/www.iplay.com\/en\/#website","url":"https:\/\/www.iplay.com\/en\/","name":"IPlay","description":"The Best Casual Games!","publisher":{"@id":"https:\/\/www.iplay.com\/en\/#organization"},"potentialAction":[{"@type":"SearchAction","target":{"@type":"EntryPoint","urlTemplate":"https:\/\/www.iplay.com\/en\/?s={search_term_string}"},"query-input":{"@type":"PropertyValueSpecification","valueRequired":true,"valueName":"search_term_string"}}],"inLanguage":"it-IT"},{"@type":"Organization","@id":"https:\/\/www.iplay.com\/en\/#organization","name":"IPlay","url":"https:\/\/www.iplay.com\/en\/","logo":{"@type":"ImageObject","inLanguage":"it-IT","@id":"https:\/\/www.iplay.com\/en\/#\/schema\/logo\/image\/","url":"https:\/\/www.iplay.com\/wp-content\/uploads\/2023\/11\/Group-6100.svg","contentUrl":"https:\/\/www.iplay.com\/wp-content\/uploads\/2023\/11\/Group-6100.svg","width":98,"height":25,"caption":"IPlay"},"image":{"@id":"https:\/\/www.iplay.com\/en\/#\/schema\/logo\/image\/"}}]}},"_links":{"self":[{"href":"https:\/\/www.iplay.com\/it\/wp-json\/wp\/v2\/product\/138582","targetHints":{"allow":["GET"]}}],"collection":[{"href":"https:\/\/www.iplay.com\/it\/wp-json\/wp\/v2\/product"}],"about":[{"href":"https:\/\/www.iplay.com\/it\/wp-json\/wp\/v2\/types\/product"}],"author":[{"embeddable":true,"href":"https:\/\/www.iplay.com\/it\/wp-json\/wp\/v2\/users\/14"}],"replies":[{"embeddable":true,"href":"https:\/\/www.iplay.com\/it\/wp-json\/wp\/v2\/comments?post=138582"}],"wp:featuredmedia":[{"embeddable":true,"href":"https:\/\/www.iplay.com\/it\/wp-json\/wp\/v2\/media\/91158"}],"wp:attachment":[{"href":"https:\/\/www.iplay.com\/it\/wp-json\/wp\/v2\/media?parent=138582"}],"wp:term":[{"taxonomy":"product_brand","embeddable":true,"href":"https:\/\/www.iplay.com\/it\/wp-json\/wp\/v2\/product_brand?post=138582"},{"taxonomy":"product_cat","embeddable":true,"href":"https:\/\/www.iplay.com\/it\/wp-json\/wp\/v2\/product_cat?post=138582"},{"taxonomy":"product_tag","embeddable":true,"href":"https:\/\/www.iplay.com\/it\/wp-json\/wp\/v2\/product_tag?post=138582"}],"curies":[{"name":"wp","href":"https:\/\/api.w.org\/{rel}","templated":true}]}}