{"id":137660,"date":"2021-05-29T00:00:00","date_gmt":"2021-05-29T00:00:00","guid":{"rendered":"https:\/\/www.iplay.com\/games\/tasty-jigsaw-happy-hour-2\/"},"modified":"2021-05-29T00:00:00","modified_gmt":"2021-05-29T00:00:00","slug":"tasty-jigsaw-happy-hour-2","status":"publish","type":"product","link":"https:\/\/www.iplay.com\/it\/games\/tasty-jigsaw-happy-hour-2\/","title":{"rendered":"Tasty Jigsaw Happy Hour 2"},"content":{"rendered":"<p>Puzzle a tema culinario! Con l&#8217;aiuto del divertente gioco di puzzle Happy Hour 2, puoi concederti deliziose prelibatezze senza mai uscire di casa! Componi i puzzle utilizzando una serie di parti ed esplora 500 immagini ad alta definizione per conoscere la storia. Ora puoi viaggiare e giocare al tuo gioco di puzzle preferito senza mai uscire di casa! Puoi personalizzare il livello di difficolt\u00e0 di ogni problema in base alle tue preferenze! Il tuo lavoro pu\u00f2 essere salvato in qualsiasi momento! Un sacco di idee e funzionalit\u00e0 combinate con controlli semplici rendono il gioco pi\u00f9 divertente. Sia i principianti che gli esperti del genere dei puzzle game potrebbero apprezzare questo titolo.       <\/p>\n<p>&nbsp;<\/p>\n<p>&nbsp;<\/p>\n<p><strong>Tratti somatici:<\/strong><\/p>\n<p>&nbsp;<\/p>\n<p>&#8211; 500 immagini<br \/>\n uniche e di alta qualit\u00e0- Gioco ben progettato: suggerimenti utili, strumento di ordinamento e lente<br \/>\n d&#8217;ingrandimento- Il controllo opzionale della difficolt\u00e0 del gioco consente un gameplay<br \/>\n infinito- Stili di pezzi personalizzati con rotazione<br \/>\n&#8211; Salva i progressi di gioco e continua a raccogliere il puzzle ogni volta che vuoi<br \/>\n&#8211; Musica calma e rilassante<br \/>\n&#8211; 2 in 1: un gioco e una guida turistica per Londra! Acquista 500 puzzle con una sola transazione.<\/p>\n","protected":false},"excerpt":{"rendered":"<p>Tasty Jigsaw Happy Hour 2 ti permette di concederti deliziose prelibatezze senza mai uscire di casa.<\/p>\n","protected":false},"author":13,"featured_media":104356,"comment_status":"open","ping_status":"closed","template":"","meta":{"_acf_changed":false,"inline_featured_image":false},"product_brand":[],"product_cat":[167],"product_tag":[290],"class_list":{"0":"post-137660","1":"product","2":"type-product","3":"status-publish","4":"has-post-thumbnail","6":"product_cat-jigsaw-it","7":"product_tag-play-on-pc-it","9":"first","10":"instock","11":"shipping-taxable","12":"purchasable","13":"product-type-simple"},"acf":[],"yoast_head":"<!-- This site is optimized with the Yoast SEO Premium plugin v25.2 (Yoast SEO v25.2) - https:\/\/yoast.com\/wordpress\/plugins\/seo\/ -->\n<title>Tasty Jigsaw Happy Hour 2 - Concediti deliziose prelibatezze a casa<\/title>\n<meta name=\"description\" content=\"Tasty Jigsaw Happy Hour 2 ti permette di concederti deliziose prelibatezze senza mai uscire di casa.\" \/>\n<meta name=\"robots\" content=\"index, follow, max-snippet:-1, max-image-preview:large, max-video-preview:-1\" \/>\n<link rel=\"canonical\" href=\"https:\/\/www.iplay.com\/it\/games\/tasty-jigsaw-happy-hour-2\/\" \/>\n<meta property=\"og:locale\" content=\"it_IT\" \/>\n<meta property=\"og:type\" content=\"article\" \/>\n<meta property=\"og:title\" content=\"Tasty Jigsaw Happy Hour 2\" \/>\n<meta property=\"og:description\" content=\"Tasty Jigsaw Happy Hour 2 ti permette di concederti deliziose prelibatezze senza mai uscire di casa.\" \/>\n<meta property=\"og:url\" content=\"https:\/\/www.iplay.com\/it\/games\/tasty-jigsaw-happy-hour-2\/\" \/>\n<meta property=\"og:site_name\" content=\"IPlay\" \/>\n<meta property=\"og:image\" content=\"https:\/\/www.iplay.com\/wp-content\/uploads\/2023\/12\/large_square_tile_image-4038.jpg\" \/>\n\t<meta property=\"og:image:width\" content=\"310\" \/>\n\t<meta property=\"og:image:height\" content=\"310\" \/>\n\t<meta property=\"og:image:type\" content=\"image\/jpeg\" \/>\n<meta name=\"twitter:card\" content=\"summary_large_image\" \/>\n<meta name=\"twitter:label1\" content=\"Est. reading time\" \/>\n\t<meta name=\"twitter:data1\" content=\"1 minuto\" \/>\n<script type=\"application\/ld+json\" class=\"yoast-schema-graph\">{\"@context\":\"https:\/\/schema.org\",\"@graph\":[{\"@type\":\"WebPage\",\"@id\":\"https:\/\/www.iplay.com\/it\/games\/tasty-jigsaw-happy-hour-2\/\",\"url\":\"https:\/\/www.iplay.com\/it\/games\/tasty-jigsaw-happy-hour-2\/\",\"name\":\"Tasty Jigsaw Happy Hour 2 - Concediti deliziose prelibatezze a casa\",\"isPartOf\":{\"@id\":\"https:\/\/www.iplay.com\/en\/#website\"},\"primaryImageOfPage\":{\"@id\":\"https:\/\/www.iplay.com\/it\/games\/tasty-jigsaw-happy-hour-2\/#primaryimage\"},\"image\":{\"@id\":\"https:\/\/www.iplay.com\/it\/games\/tasty-jigsaw-happy-hour-2\/#primaryimage\"},\"thumbnailUrl\":\"https:\/\/www.iplay.com\/wp-content\/uploads\/2023\/12\/large_square_tile_image-4038.jpg\",\"datePublished\":\"2021-05-29T00:00:00+00:00\",\"description\":\"Tasty Jigsaw Happy Hour 2 ti permette di concederti deliziose prelibatezze senza mai uscire di casa.\",\"breadcrumb\":{\"@id\":\"https:\/\/www.iplay.com\/it\/games\/tasty-jigsaw-happy-hour-2\/#breadcrumb\"},\"inLanguage\":\"it-IT\",\"potentialAction\":[{\"@type\":\"ReadAction\",\"target\":[\"https:\/\/www.iplay.com\/it\/games\/tasty-jigsaw-happy-hour-2\/\"]}]},{\"@type\":\"ImageObject\",\"inLanguage\":\"it-IT\",\"@id\":\"https:\/\/www.iplay.com\/it\/games\/tasty-jigsaw-happy-hour-2\/#primaryimage\",\"url\":\"https:\/\/www.iplay.com\/wp-content\/uploads\/2023\/12\/large_square_tile_image-4038.jpg\",\"contentUrl\":\"https:\/\/www.iplay.com\/wp-content\/uploads\/2023\/12\/large_square_tile_image-4038.jpg\",\"width\":310,\"height\":310},{\"@type\":\"BreadcrumbList\",\"@id\":\"https:\/\/www.iplay.com\/it\/games\/tasty-jigsaw-happy-hour-2\/#breadcrumb\",\"itemListElement\":[{\"@type\":\"ListItem\",\"position\":1,\"name\":\"Home\",\"item\":\"https:\/\/www.iplay.com\/it\/home-page-2\/\"},{\"@type\":\"ListItem\",\"position\":2,\"name\":\"Shop\",\"item\":\"https:\/\/www.iplay.com\/en\/shop\/\"},{\"@type\":\"ListItem\",\"position\":3,\"name\":\"Tasty Jigsaw Happy Hour 2\"}]},{\"@type\":\"WebSite\",\"@id\":\"https:\/\/www.iplay.com\/en\/#website\",\"url\":\"https:\/\/www.iplay.com\/en\/\",\"name\":\"IPlay\",\"description\":\"The Best Casual Games!\",\"publisher\":{\"@id\":\"https:\/\/www.iplay.com\/en\/#organization\"},\"potentialAction\":[{\"@type\":\"SearchAction\",\"target\":{\"@type\":\"EntryPoint\",\"urlTemplate\":\"https:\/\/www.iplay.com\/en\/?s={search_term_string}\"},\"query-input\":{\"@type\":\"PropertyValueSpecification\",\"valueRequired\":true,\"valueName\":\"search_term_string\"}}],\"inLanguage\":\"it-IT\"},{\"@type\":\"Organization\",\"@id\":\"https:\/\/www.iplay.com\/en\/#organization\",\"name\":\"IPlay\",\"url\":\"https:\/\/www.iplay.com\/en\/\",\"logo\":{\"@type\":\"ImageObject\",\"inLanguage\":\"it-IT\",\"@id\":\"https:\/\/www.iplay.com\/en\/#\/schema\/logo\/image\/\",\"url\":\"https:\/\/www.iplay.com\/wp-content\/uploads\/2023\/11\/Group-6100.svg\",\"contentUrl\":\"https:\/\/www.iplay.com\/wp-content\/uploads\/2023\/11\/Group-6100.svg\",\"width\":98,\"height\":25,\"caption\":\"IPlay\"},\"image\":{\"@id\":\"https:\/\/www.iplay.com\/en\/#\/schema\/logo\/image\/\"}}]}<\/script>\n<!-- \/ Yoast SEO Premium plugin. -->","yoast_head_json":{"title":"Tasty Jigsaw Happy Hour 2 - Concediti deliziose prelibatezze a casa","description":"Tasty Jigsaw Happy Hour 2 ti permette di concederti deliziose prelibatezze senza mai uscire di casa.","robots":{"index":"index","follow":"follow","max-snippet":"max-snippet:-1","max-image-preview":"max-image-preview:large","max-video-preview":"max-video-preview:-1"},"canonical":"https:\/\/www.iplay.com\/it\/games\/tasty-jigsaw-happy-hour-2\/","og_locale":"it_IT","og_type":"article","og_title":"Tasty Jigsaw Happy Hour 2","og_description":"Tasty Jigsaw Happy Hour 2 ti permette di concederti deliziose prelibatezze senza mai uscire di casa.","og_url":"https:\/\/www.iplay.com\/it\/games\/tasty-jigsaw-happy-hour-2\/","og_site_name":"IPlay","og_image":[{"width":310,"height":310,"url":"https:\/\/www.iplay.com\/wp-content\/uploads\/2023\/12\/large_square_tile_image-4038.jpg","type":"image\/jpeg"}],"twitter_card":"summary_large_image","twitter_misc":{"Est. reading time":"1 minuto"},"schema":{"@context":"https:\/\/schema.org","@graph":[{"@type":"WebPage","@id":"https:\/\/www.iplay.com\/it\/games\/tasty-jigsaw-happy-hour-2\/","url":"https:\/\/www.iplay.com\/it\/games\/tasty-jigsaw-happy-hour-2\/","name":"Tasty Jigsaw Happy Hour 2 - Concediti deliziose prelibatezze a casa","isPartOf":{"@id":"https:\/\/www.iplay.com\/en\/#website"},"primaryImageOfPage":{"@id":"https:\/\/www.iplay.com\/it\/games\/tasty-jigsaw-happy-hour-2\/#primaryimage"},"image":{"@id":"https:\/\/www.iplay.com\/it\/games\/tasty-jigsaw-happy-hour-2\/#primaryimage"},"thumbnailUrl":"https:\/\/www.iplay.com\/wp-content\/uploads\/2023\/12\/large_square_tile_image-4038.jpg","datePublished":"2021-05-29T00:00:00+00:00","description":"Tasty Jigsaw Happy Hour 2 ti permette di concederti deliziose prelibatezze senza mai uscire di casa.","breadcrumb":{"@id":"https:\/\/www.iplay.com\/it\/games\/tasty-jigsaw-happy-hour-2\/#breadcrumb"},"inLanguage":"it-IT","potentialAction":[{"@type":"ReadAction","target":["https:\/\/www.iplay.com\/it\/games\/tasty-jigsaw-happy-hour-2\/"]}]},{"@type":"ImageObject","inLanguage":"it-IT","@id":"https:\/\/www.iplay.com\/it\/games\/tasty-jigsaw-happy-hour-2\/#primaryimage","url":"https:\/\/www.iplay.com\/wp-content\/uploads\/2023\/12\/large_square_tile_image-4038.jpg","contentUrl":"https:\/\/www.iplay.com\/wp-content\/uploads\/2023\/12\/large_square_tile_image-4038.jpg","width":310,"height":310},{"@type":"BreadcrumbList","@id":"https:\/\/www.iplay.com\/it\/games\/tasty-jigsaw-happy-hour-2\/#breadcrumb","itemListElement":[{"@type":"ListItem","position":1,"name":"Home","item":"https:\/\/www.iplay.com\/it\/home-page-2\/"},{"@type":"ListItem","position":2,"name":"Shop","item":"https:\/\/www.iplay.com\/en\/shop\/"},{"@type":"ListItem","position":3,"name":"Tasty Jigsaw Happy Hour 2"}]},{"@type":"WebSite","@id":"https:\/\/www.iplay.com\/en\/#website","url":"https:\/\/www.iplay.com\/en\/","name":"IPlay","description":"The Best Casual Games!","publisher":{"@id":"https:\/\/www.iplay.com\/en\/#organization"},"potentialAction":[{"@type":"SearchAction","target":{"@type":"EntryPoint","urlTemplate":"https:\/\/www.iplay.com\/en\/?s={search_term_string}"},"query-input":{"@type":"PropertyValueSpecification","valueRequired":true,"valueName":"search_term_string"}}],"inLanguage":"it-IT"},{"@type":"Organization","@id":"https:\/\/www.iplay.com\/en\/#organization","name":"IPlay","url":"https:\/\/www.iplay.com\/en\/","logo":{"@type":"ImageObject","inLanguage":"it-IT","@id":"https:\/\/www.iplay.com\/en\/#\/schema\/logo\/image\/","url":"https:\/\/www.iplay.com\/wp-content\/uploads\/2023\/11\/Group-6100.svg","contentUrl":"https:\/\/www.iplay.com\/wp-content\/uploads\/2023\/11\/Group-6100.svg","width":98,"height":25,"caption":"IPlay"},"image":{"@id":"https:\/\/www.iplay.com\/en\/#\/schema\/logo\/image\/"}}]}},"_links":{"self":[{"href":"https:\/\/www.iplay.com\/it\/wp-json\/wp\/v2\/product\/137660","targetHints":{"allow":["GET"]}}],"collection":[{"href":"https:\/\/www.iplay.com\/it\/wp-json\/wp\/v2\/product"}],"about":[{"href":"https:\/\/www.iplay.com\/it\/wp-json\/wp\/v2\/types\/product"}],"author":[{"embeddable":true,"href":"https:\/\/www.iplay.com\/it\/wp-json\/wp\/v2\/users\/13"}],"replies":[{"embeddable":true,"href":"https:\/\/www.iplay.com\/it\/wp-json\/wp\/v2\/comments?post=137660"}],"wp:featuredmedia":[{"embeddable":true,"href":"https:\/\/www.iplay.com\/it\/wp-json\/wp\/v2\/media\/104356"}],"wp:attachment":[{"href":"https:\/\/www.iplay.com\/it\/wp-json\/wp\/v2\/media?parent=137660"}],"wp:term":[{"taxonomy":"product_brand","embeddable":true,"href":"https:\/\/www.iplay.com\/it\/wp-json\/wp\/v2\/product_brand?post=137660"},{"taxonomy":"product_cat","embeddable":true,"href":"https:\/\/www.iplay.com\/it\/wp-json\/wp\/v2\/product_cat?post=137660"},{"taxonomy":"product_tag","embeddable":true,"href":"https:\/\/www.iplay.com\/it\/wp-json\/wp\/v2\/product_tag?post=137660"}],"curies":[{"name":"wp","href":"https:\/\/api.w.org\/{rel}","templated":true}]}}