{"id":137629,"date":"2021-06-19T00:00:00","date_gmt":"2021-06-19T00:00:00","guid":{"rendered":"https:\/\/www.iplay.com\/games\/shopping-clutter-10-the-walkers-take-the-stage\/"},"modified":"2021-06-19T00:00:00","modified_gmt":"2021-06-19T00:00:00","slug":"shopping-clutter-10-the-walkers-take-the-stage","status":"publish","type":"product","link":"https:\/\/www.iplay.com\/it\/games\/shopping-clutter-10-the-walkers-take-the-stage\/","title":{"rendered":"Shopping Clutter 10: The Walkers Take the Stage"},"content":{"rendered":"<p>Il nuovo preside della scuola del quartiere di Animalville ha grandi progetti per la vita sociale degli studenti! Poich\u00e9 i Walker erano amici di lunga data e seri appassionati d \u201carte, chiese loro di costruire il teatro della scuola e di mettere in scena l\u00ec lo spettacolo inaugurale. La famiglia accett\u00f2 con entusiasmo questo suggerimento. Ma a quanto pare, non \u00e8 facile bilanciare le prove con la ricerca degli oggetti di scena, la costruzione del set e lo shopping degli abiti. I Walker non saranno in grado di portare a termine il loro compito senza il tuo aiuto! Ci sono 140 puzzle di disordine in Shopping Clutter 10: The Walkers Take the Stage, in cui il giocatore deve trovare gli oggetti necessari all\u201d interno del caos. Inoltre, i giocatori che sono concentrati e diligenti saranno in grado di accedere a 20 livelli aggiuntivi, tra cui una variet\u00e0 di indovinelli. Per persone di tutte le et\u00e0, Shopping Clutter 10: The Walkers Take the Stage \u00e8 un rompicapo sorprendente e vibrante.       <\/p>\n<p>&nbsp;<\/p>\n<p>&nbsp;<\/p>\n<p><strong>Tratti somatici:<\/strong><\/p>\n<p>&nbsp;<\/p>\n<ul>\n<li>Ci sono 200 NUOVE cose con cui giocare!<\/li>\n<li>Scopri quale gioco decidono di mettere in scena i Walker!<\/li>\n<li>Suoni ambientali rilassanti, capolavori di musica soft e vere sfide per tutti gli appassionati di puzzle<\/li>\n<li>140 puzzle di disordine e 20 puzzle extra<\/li>\n<li>Personaggi preferiti e dialoghi esilaranti<\/li>\n<li>Grafica colorata e vere sfide per tutti gli appassionati di puzzle<\/li>\n<li>Una storia artistica e umoristica<\/li>\n<li>Insieme ai Walkers, salite sul palco!<\/li>\n<\/ul>\n","protected":false},"excerpt":{"rendered":"<p>Aiuta i Walkers con la recita scolastica! In Clutter 10: Shopping, i camminatori sono al centro della scena <\/p>\n","protected":false},"author":14,"featured_media":79866,"comment_status":"open","ping_status":"closed","template":"","meta":{"_acf_changed":false,"inline_featured_image":false},"product_brand":[],"product_cat":[191],"product_tag":[],"class_list":{"0":"post-137629","1":"product","2":"type-product","3":"status-publish","4":"has-post-thumbnail","6":"product_cat-puzzle-it","8":"first","9":"instock","10":"shipping-taxable","11":"purchasable","12":"product-type-simple"},"acf":[],"yoast_head":"<!-- This site is optimized with the Yoast SEO Premium plugin v25.2 (Yoast SEO v25.2) - https:\/\/yoast.com\/wordpress\/plugins\/seo\/ -->\n<title>Shopping Clutter 10: I camminatori salgono sul palco - Assisti i camminatori mentre salgono sul palco<\/title>\n<meta name=\"description\" content=\"Aiuta i Walkers con la recita scolastica! In Clutter 10: Shopping, i camminatori sono al centro della scena\" \/>\n<meta name=\"robots\" content=\"index, follow, max-snippet:-1, max-image-preview:large, max-video-preview:-1\" \/>\n<link rel=\"canonical\" href=\"https:\/\/www.iplay.com\/it\/games\/shopping-clutter-10-the-walkers-take-the-stage\/\" \/>\n<meta property=\"og:locale\" content=\"it_IT\" \/>\n<meta property=\"og:type\" content=\"article\" \/>\n<meta property=\"og:title\" content=\"Shopping Clutter 10: The Walkers Take the Stage\" \/>\n<meta property=\"og:description\" content=\"Aiuta i Walkers con la recita scolastica! In Clutter 10: Shopping, i camminatori sono al centro della scena\" \/>\n<meta property=\"og:url\" content=\"https:\/\/www.iplay.com\/it\/games\/shopping-clutter-10-the-walkers-take-the-stage\/\" \/>\n<meta property=\"og:site_name\" content=\"IPlay\" \/>\n<meta property=\"og:image\" content=\"https:\/\/www.iplay.com\/wp-content\/uploads\/2023\/12\/large_square_tile_image-2493.jpg\" \/>\n\t<meta property=\"og:image:width\" content=\"310\" \/>\n\t<meta property=\"og:image:height\" content=\"310\" \/>\n\t<meta property=\"og:image:type\" content=\"image\/jpeg\" \/>\n<meta name=\"twitter:card\" content=\"summary_large_image\" \/>\n<meta name=\"twitter:label1\" content=\"Est. reading time\" \/>\n\t<meta name=\"twitter:data1\" content=\"1 minuto\" \/>\n<script type=\"application\/ld+json\" class=\"yoast-schema-graph\">{\"@context\":\"https:\/\/schema.org\",\"@graph\":[{\"@type\":\"WebPage\",\"@id\":\"https:\/\/www.iplay.com\/it\/games\/shopping-clutter-10-the-walkers-take-the-stage\/\",\"url\":\"https:\/\/www.iplay.com\/it\/games\/shopping-clutter-10-the-walkers-take-the-stage\/\",\"name\":\"Shopping Clutter 10: I camminatori salgono sul palco - Assisti i camminatori mentre salgono sul palco\",\"isPartOf\":{\"@id\":\"https:\/\/www.iplay.com\/en\/#website\"},\"primaryImageOfPage\":{\"@id\":\"https:\/\/www.iplay.com\/it\/games\/shopping-clutter-10-the-walkers-take-the-stage\/#primaryimage\"},\"image\":{\"@id\":\"https:\/\/www.iplay.com\/it\/games\/shopping-clutter-10-the-walkers-take-the-stage\/#primaryimage\"},\"thumbnailUrl\":\"https:\/\/www.iplay.com\/wp-content\/uploads\/2023\/12\/large_square_tile_image-2493.jpg\",\"datePublished\":\"2021-06-19T00:00:00+00:00\",\"description\":\"Aiuta i Walkers con la recita scolastica! In Clutter 10: Shopping, i camminatori sono al centro della scena\",\"breadcrumb\":{\"@id\":\"https:\/\/www.iplay.com\/it\/games\/shopping-clutter-10-the-walkers-take-the-stage\/#breadcrumb\"},\"inLanguage\":\"it-IT\",\"potentialAction\":[{\"@type\":\"ReadAction\",\"target\":[\"https:\/\/www.iplay.com\/it\/games\/shopping-clutter-10-the-walkers-take-the-stage\/\"]}]},{\"@type\":\"ImageObject\",\"inLanguage\":\"it-IT\",\"@id\":\"https:\/\/www.iplay.com\/it\/games\/shopping-clutter-10-the-walkers-take-the-stage\/#primaryimage\",\"url\":\"https:\/\/www.iplay.com\/wp-content\/uploads\/2023\/12\/large_square_tile_image-2493.jpg\",\"contentUrl\":\"https:\/\/www.iplay.com\/wp-content\/uploads\/2023\/12\/large_square_tile_image-2493.jpg\",\"width\":310,\"height\":310},{\"@type\":\"BreadcrumbList\",\"@id\":\"https:\/\/www.iplay.com\/it\/games\/shopping-clutter-10-the-walkers-take-the-stage\/#breadcrumb\",\"itemListElement\":[{\"@type\":\"ListItem\",\"position\":1,\"name\":\"Home\",\"item\":\"https:\/\/www.iplay.com\/it\/home-page-2\/\"},{\"@type\":\"ListItem\",\"position\":2,\"name\":\"Shop\",\"item\":\"https:\/\/www.iplay.com\/en\/shop\/\"},{\"@type\":\"ListItem\",\"position\":3,\"name\":\"Shopping Clutter 10: The Walkers Take the Stage\"}]},{\"@type\":\"WebSite\",\"@id\":\"https:\/\/www.iplay.com\/en\/#website\",\"url\":\"https:\/\/www.iplay.com\/en\/\",\"name\":\"IPlay\",\"description\":\"The Best Casual Games!\",\"publisher\":{\"@id\":\"https:\/\/www.iplay.com\/en\/#organization\"},\"potentialAction\":[{\"@type\":\"SearchAction\",\"target\":{\"@type\":\"EntryPoint\",\"urlTemplate\":\"https:\/\/www.iplay.com\/en\/?s={search_term_string}\"},\"query-input\":{\"@type\":\"PropertyValueSpecification\",\"valueRequired\":true,\"valueName\":\"search_term_string\"}}],\"inLanguage\":\"it-IT\"},{\"@type\":\"Organization\",\"@id\":\"https:\/\/www.iplay.com\/en\/#organization\",\"name\":\"IPlay\",\"url\":\"https:\/\/www.iplay.com\/en\/\",\"logo\":{\"@type\":\"ImageObject\",\"inLanguage\":\"it-IT\",\"@id\":\"https:\/\/www.iplay.com\/en\/#\/schema\/logo\/image\/\",\"url\":\"https:\/\/www.iplay.com\/wp-content\/uploads\/2023\/11\/Group-6100.svg\",\"contentUrl\":\"https:\/\/www.iplay.com\/wp-content\/uploads\/2023\/11\/Group-6100.svg\",\"width\":98,\"height\":25,\"caption\":\"IPlay\"},\"image\":{\"@id\":\"https:\/\/www.iplay.com\/en\/#\/schema\/logo\/image\/\"}}]}<\/script>\n<!-- \/ Yoast SEO Premium plugin. -->","yoast_head_json":{"title":"Shopping Clutter 10: I camminatori salgono sul palco - Assisti i camminatori mentre salgono sul palco","description":"Aiuta i Walkers con la recita scolastica! In Clutter 10: Shopping, i camminatori sono al centro della scena","robots":{"index":"index","follow":"follow","max-snippet":"max-snippet:-1","max-image-preview":"max-image-preview:large","max-video-preview":"max-video-preview:-1"},"canonical":"https:\/\/www.iplay.com\/it\/games\/shopping-clutter-10-the-walkers-take-the-stage\/","og_locale":"it_IT","og_type":"article","og_title":"Shopping Clutter 10: The Walkers Take the Stage","og_description":"Aiuta i Walkers con la recita scolastica! In Clutter 10: Shopping, i camminatori sono al centro della scena","og_url":"https:\/\/www.iplay.com\/it\/games\/shopping-clutter-10-the-walkers-take-the-stage\/","og_site_name":"IPlay","og_image":[{"width":310,"height":310,"url":"https:\/\/www.iplay.com\/wp-content\/uploads\/2023\/12\/large_square_tile_image-2493.jpg","type":"image\/jpeg"}],"twitter_card":"summary_large_image","twitter_misc":{"Est. reading time":"1 minuto"},"schema":{"@context":"https:\/\/schema.org","@graph":[{"@type":"WebPage","@id":"https:\/\/www.iplay.com\/it\/games\/shopping-clutter-10-the-walkers-take-the-stage\/","url":"https:\/\/www.iplay.com\/it\/games\/shopping-clutter-10-the-walkers-take-the-stage\/","name":"Shopping Clutter 10: I camminatori salgono sul palco - Assisti i camminatori mentre salgono sul palco","isPartOf":{"@id":"https:\/\/www.iplay.com\/en\/#website"},"primaryImageOfPage":{"@id":"https:\/\/www.iplay.com\/it\/games\/shopping-clutter-10-the-walkers-take-the-stage\/#primaryimage"},"image":{"@id":"https:\/\/www.iplay.com\/it\/games\/shopping-clutter-10-the-walkers-take-the-stage\/#primaryimage"},"thumbnailUrl":"https:\/\/www.iplay.com\/wp-content\/uploads\/2023\/12\/large_square_tile_image-2493.jpg","datePublished":"2021-06-19T00:00:00+00:00","description":"Aiuta i Walkers con la recita scolastica! In Clutter 10: Shopping, i camminatori sono al centro della scena","breadcrumb":{"@id":"https:\/\/www.iplay.com\/it\/games\/shopping-clutter-10-the-walkers-take-the-stage\/#breadcrumb"},"inLanguage":"it-IT","potentialAction":[{"@type":"ReadAction","target":["https:\/\/www.iplay.com\/it\/games\/shopping-clutter-10-the-walkers-take-the-stage\/"]}]},{"@type":"ImageObject","inLanguage":"it-IT","@id":"https:\/\/www.iplay.com\/it\/games\/shopping-clutter-10-the-walkers-take-the-stage\/#primaryimage","url":"https:\/\/www.iplay.com\/wp-content\/uploads\/2023\/12\/large_square_tile_image-2493.jpg","contentUrl":"https:\/\/www.iplay.com\/wp-content\/uploads\/2023\/12\/large_square_tile_image-2493.jpg","width":310,"height":310},{"@type":"BreadcrumbList","@id":"https:\/\/www.iplay.com\/it\/games\/shopping-clutter-10-the-walkers-take-the-stage\/#breadcrumb","itemListElement":[{"@type":"ListItem","position":1,"name":"Home","item":"https:\/\/www.iplay.com\/it\/home-page-2\/"},{"@type":"ListItem","position":2,"name":"Shop","item":"https:\/\/www.iplay.com\/en\/shop\/"},{"@type":"ListItem","position":3,"name":"Shopping Clutter 10: The Walkers Take the Stage"}]},{"@type":"WebSite","@id":"https:\/\/www.iplay.com\/en\/#website","url":"https:\/\/www.iplay.com\/en\/","name":"IPlay","description":"The Best Casual Games!","publisher":{"@id":"https:\/\/www.iplay.com\/en\/#organization"},"potentialAction":[{"@type":"SearchAction","target":{"@type":"EntryPoint","urlTemplate":"https:\/\/www.iplay.com\/en\/?s={search_term_string}"},"query-input":{"@type":"PropertyValueSpecification","valueRequired":true,"valueName":"search_term_string"}}],"inLanguage":"it-IT"},{"@type":"Organization","@id":"https:\/\/www.iplay.com\/en\/#organization","name":"IPlay","url":"https:\/\/www.iplay.com\/en\/","logo":{"@type":"ImageObject","inLanguage":"it-IT","@id":"https:\/\/www.iplay.com\/en\/#\/schema\/logo\/image\/","url":"https:\/\/www.iplay.com\/wp-content\/uploads\/2023\/11\/Group-6100.svg","contentUrl":"https:\/\/www.iplay.com\/wp-content\/uploads\/2023\/11\/Group-6100.svg","width":98,"height":25,"caption":"IPlay"},"image":{"@id":"https:\/\/www.iplay.com\/en\/#\/schema\/logo\/image\/"}}]}},"_links":{"self":[{"href":"https:\/\/www.iplay.com\/it\/wp-json\/wp\/v2\/product\/137629","targetHints":{"allow":["GET"]}}],"collection":[{"href":"https:\/\/www.iplay.com\/it\/wp-json\/wp\/v2\/product"}],"about":[{"href":"https:\/\/www.iplay.com\/it\/wp-json\/wp\/v2\/types\/product"}],"author":[{"embeddable":true,"href":"https:\/\/www.iplay.com\/it\/wp-json\/wp\/v2\/users\/14"}],"replies":[{"embeddable":true,"href":"https:\/\/www.iplay.com\/it\/wp-json\/wp\/v2\/comments?post=137629"}],"wp:featuredmedia":[{"embeddable":true,"href":"https:\/\/www.iplay.com\/it\/wp-json\/wp\/v2\/media\/79866"}],"wp:attachment":[{"href":"https:\/\/www.iplay.com\/it\/wp-json\/wp\/v2\/media?parent=137629"}],"wp:term":[{"taxonomy":"product_brand","embeddable":true,"href":"https:\/\/www.iplay.com\/it\/wp-json\/wp\/v2\/product_brand?post=137629"},{"taxonomy":"product_cat","embeddable":true,"href":"https:\/\/www.iplay.com\/it\/wp-json\/wp\/v2\/product_cat?post=137629"},{"taxonomy":"product_tag","embeddable":true,"href":"https:\/\/www.iplay.com\/it\/wp-json\/wp\/v2\/product_tag?post=137629"}],"curies":[{"name":"wp","href":"https:\/\/api.w.org\/{rel}","templated":true}]}}