{"id":137330,"date":"2021-01-31T00:00:00","date_gmt":"2021-01-31T00:00:00","guid":{"rendered":"https:\/\/www.iplay.com\/games\/amazing-pyramids-rebirth\/"},"modified":"2021-01-31T00:00:00","modified_gmt":"2021-01-31T00:00:00","slug":"amazing-pyramids-rebirth","status":"publish","type":"product","link":"https:\/\/www.iplay.com\/it\/games\/amazing-pyramids-rebirth\/","title":{"rendered":"Amazing Pyramids: Rebirth"},"content":{"rendered":"<p>Incredibili piramidi sono tornate! Amazing Pyramids \u00e8 un famoso gioco di parole ambientato in un mondo di sabbie calde e antiche citt\u00e0 che \u00e8 stato rilasciato per la prima volta nel 2010. Le Incredibili Piramidi sono tornate come progetto di rinascita dieci anni dopo! Il remake del 2020 include un gameplay completamente nuovo, una nuova grafica ad alta risoluzione, effetti speciali colorati, audio migliorato e molto altro! Nel deserto del Sahara, guida una squadra di scienziati attraverso avvincenti avventure di parole! Usa il tuo ingegno e la tua lingua per essere sempre un passo avanti e resistere al sole cocente.     <\/p>\n<p>&nbsp;<\/p>\n<p>&nbsp;<\/p>\n<p><strong>Tratti somatici:<\/strong><\/p>\n<p>&nbsp;<\/p>\n<p>&#8211; Gameplay unico nel suo genere!<\/p>\n<p>&#8211; Niente pi\u00f9 congetture speculative! Ogni parola ha la sua categoria! <\/p>\n<p>&#8211; Il maggior numero possibile di combinazioni di categorie e parole non ripetute!<\/p>\n<p>&#8211; Un dizionario unico nel suo genere con oltre 120 categorie di parole!<\/p>\n<p>&#8211; Nuove modalit\u00e0 di gioco: Manoscritto, Frammento e Blitz!<\/p>\n<p>&#8211; Maestosa musica egiziana ed effetti sonori!<\/p>\n<p>&#8211; Una trama intrigante ambientata in quattro luoghi diversi!<\/p>\n<p>&#8211; Minigiochi di puzzle difficili!<\/p>\n<p>&#8211; Ricompense luccicanti per il completamento di compiti extra!<\/p>\n<p>&#8211; Doppiaggio di artisti professionisti!<\/p>\n","protected":false},"excerpt":{"rendered":"<p>In Amazing Pyramids Rebirth, guida un equipaggio di scienziati in avvincenti missioni di parole!<\/p>\n","protected":false},"author":45,"featured_media":80959,"comment_status":"open","ping_status":"closed","template":"","meta":{"_acf_changed":false,"inline_featured_image":false},"product_brand":[],"product_cat":[191],"product_tag":[],"class_list":{"0":"post-137330","1":"product","2":"type-product","3":"status-publish","4":"has-post-thumbnail","6":"product_cat-puzzle-it","8":"first","9":"instock","10":"shipping-taxable","11":"purchasable","12":"product-type-simple"},"acf":[],"yoast_head":"<!-- This site is optimized with the Yoast SEO Premium plugin v25.2 (Yoast SEO v25.2) - https:\/\/yoast.com\/wordpress\/plugins\/seo\/ -->\n<title>Amazing Pyramids: Rebirth - Guida gli scienziati attraverso avventure basate sulle parole<\/title>\n<meta name=\"description\" content=\"In Amazing Pyramids Rebirth, guida un equipaggio di scienziati in avvincenti missioni di parole!\" \/>\n<meta name=\"robots\" content=\"index, follow, max-snippet:-1, max-image-preview:large, max-video-preview:-1\" \/>\n<link rel=\"canonical\" href=\"https:\/\/www.iplay.com\/it\/games\/amazing-pyramids-rebirth\/\" \/>\n<meta property=\"og:locale\" content=\"it_IT\" \/>\n<meta property=\"og:type\" content=\"article\" \/>\n<meta property=\"og:title\" content=\"Amazing Pyramids: Rebirth\" \/>\n<meta property=\"og:description\" content=\"In Amazing Pyramids Rebirth, guida un equipaggio di scienziati in avvincenti missioni di parole!\" \/>\n<meta property=\"og:url\" content=\"https:\/\/www.iplay.com\/it\/games\/amazing-pyramids-rebirth\/\" \/>\n<meta property=\"og:site_name\" content=\"IPlay\" \/>\n<meta property=\"og:image\" content=\"https:\/\/www.iplay.com\/wp-content\/uploads\/2023\/12\/large_square_tile_image-2565.jpg\" \/>\n\t<meta property=\"og:image:width\" content=\"310\" \/>\n\t<meta property=\"og:image:height\" content=\"310\" \/>\n\t<meta property=\"og:image:type\" content=\"image\/jpeg\" \/>\n<meta name=\"twitter:card\" content=\"summary_large_image\" \/>\n<meta name=\"twitter:label1\" content=\"Est. reading time\" \/>\n\t<meta name=\"twitter:data1\" content=\"1 minuto\" \/>\n<script type=\"application\/ld+json\" class=\"yoast-schema-graph\">{\"@context\":\"https:\/\/schema.org\",\"@graph\":[{\"@type\":\"WebPage\",\"@id\":\"https:\/\/www.iplay.com\/it\/games\/amazing-pyramids-rebirth\/\",\"url\":\"https:\/\/www.iplay.com\/it\/games\/amazing-pyramids-rebirth\/\",\"name\":\"Amazing Pyramids: Rebirth - Guida gli scienziati attraverso avventure basate sulle parole\",\"isPartOf\":{\"@id\":\"https:\/\/www.iplay.com\/en\/#website\"},\"primaryImageOfPage\":{\"@id\":\"https:\/\/www.iplay.com\/it\/games\/amazing-pyramids-rebirth\/#primaryimage\"},\"image\":{\"@id\":\"https:\/\/www.iplay.com\/it\/games\/amazing-pyramids-rebirth\/#primaryimage\"},\"thumbnailUrl\":\"https:\/\/www.iplay.com\/wp-content\/uploads\/2023\/12\/large_square_tile_image-2565.jpg\",\"datePublished\":\"2021-01-31T00:00:00+00:00\",\"description\":\"In Amazing Pyramids Rebirth, guida un equipaggio di scienziati in avvincenti missioni di parole!\",\"breadcrumb\":{\"@id\":\"https:\/\/www.iplay.com\/it\/games\/amazing-pyramids-rebirth\/#breadcrumb\"},\"inLanguage\":\"it-IT\",\"potentialAction\":[{\"@type\":\"ReadAction\",\"target\":[\"https:\/\/www.iplay.com\/it\/games\/amazing-pyramids-rebirth\/\"]}]},{\"@type\":\"ImageObject\",\"inLanguage\":\"it-IT\",\"@id\":\"https:\/\/www.iplay.com\/it\/games\/amazing-pyramids-rebirth\/#primaryimage\",\"url\":\"https:\/\/www.iplay.com\/wp-content\/uploads\/2023\/12\/large_square_tile_image-2565.jpg\",\"contentUrl\":\"https:\/\/www.iplay.com\/wp-content\/uploads\/2023\/12\/large_square_tile_image-2565.jpg\",\"width\":310,\"height\":310},{\"@type\":\"BreadcrumbList\",\"@id\":\"https:\/\/www.iplay.com\/it\/games\/amazing-pyramids-rebirth\/#breadcrumb\",\"itemListElement\":[{\"@type\":\"ListItem\",\"position\":1,\"name\":\"Home\",\"item\":\"https:\/\/www.iplay.com\/it\/home-page-2\/\"},{\"@type\":\"ListItem\",\"position\":2,\"name\":\"Shop\",\"item\":\"https:\/\/www.iplay.com\/en\/shop\/\"},{\"@type\":\"ListItem\",\"position\":3,\"name\":\"Amazing Pyramids: Rebirth\"}]},{\"@type\":\"WebSite\",\"@id\":\"https:\/\/www.iplay.com\/en\/#website\",\"url\":\"https:\/\/www.iplay.com\/en\/\",\"name\":\"IPlay\",\"description\":\"The Best Casual Games!\",\"publisher\":{\"@id\":\"https:\/\/www.iplay.com\/en\/#organization\"},\"potentialAction\":[{\"@type\":\"SearchAction\",\"target\":{\"@type\":\"EntryPoint\",\"urlTemplate\":\"https:\/\/www.iplay.com\/en\/?s={search_term_string}\"},\"query-input\":{\"@type\":\"PropertyValueSpecification\",\"valueRequired\":true,\"valueName\":\"search_term_string\"}}],\"inLanguage\":\"it-IT\"},{\"@type\":\"Organization\",\"@id\":\"https:\/\/www.iplay.com\/en\/#organization\",\"name\":\"IPlay\",\"url\":\"https:\/\/www.iplay.com\/en\/\",\"logo\":{\"@type\":\"ImageObject\",\"inLanguage\":\"it-IT\",\"@id\":\"https:\/\/www.iplay.com\/en\/#\/schema\/logo\/image\/\",\"url\":\"https:\/\/www.iplay.com\/wp-content\/uploads\/2023\/11\/Group-6100.svg\",\"contentUrl\":\"https:\/\/www.iplay.com\/wp-content\/uploads\/2023\/11\/Group-6100.svg\",\"width\":98,\"height\":25,\"caption\":\"IPlay\"},\"image\":{\"@id\":\"https:\/\/www.iplay.com\/en\/#\/schema\/logo\/image\/\"}}]}<\/script>\n<!-- \/ Yoast SEO Premium plugin. -->","yoast_head_json":{"title":"Amazing Pyramids: Rebirth - Guida gli scienziati attraverso avventure basate sulle parole","description":"In Amazing Pyramids Rebirth, guida un equipaggio di scienziati in avvincenti missioni di parole!","robots":{"index":"index","follow":"follow","max-snippet":"max-snippet:-1","max-image-preview":"max-image-preview:large","max-video-preview":"max-video-preview:-1"},"canonical":"https:\/\/www.iplay.com\/it\/games\/amazing-pyramids-rebirth\/","og_locale":"it_IT","og_type":"article","og_title":"Amazing Pyramids: Rebirth","og_description":"In Amazing Pyramids Rebirth, guida un equipaggio di scienziati in avvincenti missioni di parole!","og_url":"https:\/\/www.iplay.com\/it\/games\/amazing-pyramids-rebirth\/","og_site_name":"IPlay","og_image":[{"width":310,"height":310,"url":"https:\/\/www.iplay.com\/wp-content\/uploads\/2023\/12\/large_square_tile_image-2565.jpg","type":"image\/jpeg"}],"twitter_card":"summary_large_image","twitter_misc":{"Est. reading time":"1 minuto"},"schema":{"@context":"https:\/\/schema.org","@graph":[{"@type":"WebPage","@id":"https:\/\/www.iplay.com\/it\/games\/amazing-pyramids-rebirth\/","url":"https:\/\/www.iplay.com\/it\/games\/amazing-pyramids-rebirth\/","name":"Amazing Pyramids: Rebirth - Guida gli scienziati attraverso avventure basate sulle parole","isPartOf":{"@id":"https:\/\/www.iplay.com\/en\/#website"},"primaryImageOfPage":{"@id":"https:\/\/www.iplay.com\/it\/games\/amazing-pyramids-rebirth\/#primaryimage"},"image":{"@id":"https:\/\/www.iplay.com\/it\/games\/amazing-pyramids-rebirth\/#primaryimage"},"thumbnailUrl":"https:\/\/www.iplay.com\/wp-content\/uploads\/2023\/12\/large_square_tile_image-2565.jpg","datePublished":"2021-01-31T00:00:00+00:00","description":"In Amazing Pyramids Rebirth, guida un equipaggio di scienziati in avvincenti missioni di parole!","breadcrumb":{"@id":"https:\/\/www.iplay.com\/it\/games\/amazing-pyramids-rebirth\/#breadcrumb"},"inLanguage":"it-IT","potentialAction":[{"@type":"ReadAction","target":["https:\/\/www.iplay.com\/it\/games\/amazing-pyramids-rebirth\/"]}]},{"@type":"ImageObject","inLanguage":"it-IT","@id":"https:\/\/www.iplay.com\/it\/games\/amazing-pyramids-rebirth\/#primaryimage","url":"https:\/\/www.iplay.com\/wp-content\/uploads\/2023\/12\/large_square_tile_image-2565.jpg","contentUrl":"https:\/\/www.iplay.com\/wp-content\/uploads\/2023\/12\/large_square_tile_image-2565.jpg","width":310,"height":310},{"@type":"BreadcrumbList","@id":"https:\/\/www.iplay.com\/it\/games\/amazing-pyramids-rebirth\/#breadcrumb","itemListElement":[{"@type":"ListItem","position":1,"name":"Home","item":"https:\/\/www.iplay.com\/it\/home-page-2\/"},{"@type":"ListItem","position":2,"name":"Shop","item":"https:\/\/www.iplay.com\/en\/shop\/"},{"@type":"ListItem","position":3,"name":"Amazing Pyramids: Rebirth"}]},{"@type":"WebSite","@id":"https:\/\/www.iplay.com\/en\/#website","url":"https:\/\/www.iplay.com\/en\/","name":"IPlay","description":"The Best Casual Games!","publisher":{"@id":"https:\/\/www.iplay.com\/en\/#organization"},"potentialAction":[{"@type":"SearchAction","target":{"@type":"EntryPoint","urlTemplate":"https:\/\/www.iplay.com\/en\/?s={search_term_string}"},"query-input":{"@type":"PropertyValueSpecification","valueRequired":true,"valueName":"search_term_string"}}],"inLanguage":"it-IT"},{"@type":"Organization","@id":"https:\/\/www.iplay.com\/en\/#organization","name":"IPlay","url":"https:\/\/www.iplay.com\/en\/","logo":{"@type":"ImageObject","inLanguage":"it-IT","@id":"https:\/\/www.iplay.com\/en\/#\/schema\/logo\/image\/","url":"https:\/\/www.iplay.com\/wp-content\/uploads\/2023\/11\/Group-6100.svg","contentUrl":"https:\/\/www.iplay.com\/wp-content\/uploads\/2023\/11\/Group-6100.svg","width":98,"height":25,"caption":"IPlay"},"image":{"@id":"https:\/\/www.iplay.com\/en\/#\/schema\/logo\/image\/"}}]}},"_links":{"self":[{"href":"https:\/\/www.iplay.com\/it\/wp-json\/wp\/v2\/product\/137330","targetHints":{"allow":["GET"]}}],"collection":[{"href":"https:\/\/www.iplay.com\/it\/wp-json\/wp\/v2\/product"}],"about":[{"href":"https:\/\/www.iplay.com\/it\/wp-json\/wp\/v2\/types\/product"}],"author":[{"embeddable":true,"href":"https:\/\/www.iplay.com\/it\/wp-json\/wp\/v2\/users\/45"}],"replies":[{"embeddable":true,"href":"https:\/\/www.iplay.com\/it\/wp-json\/wp\/v2\/comments?post=137330"}],"wp:featuredmedia":[{"embeddable":true,"href":"https:\/\/www.iplay.com\/it\/wp-json\/wp\/v2\/media\/80959"}],"wp:attachment":[{"href":"https:\/\/www.iplay.com\/it\/wp-json\/wp\/v2\/media?parent=137330"}],"wp:term":[{"taxonomy":"product_brand","embeddable":true,"href":"https:\/\/www.iplay.com\/it\/wp-json\/wp\/v2\/product_brand?post=137330"},{"taxonomy":"product_cat","embeddable":true,"href":"https:\/\/www.iplay.com\/it\/wp-json\/wp\/v2\/product_cat?post=137330"},{"taxonomy":"product_tag","embeddable":true,"href":"https:\/\/www.iplay.com\/it\/wp-json\/wp\/v2\/product_tag?post=137330"}],"curies":[{"name":"wp","href":"https:\/\/api.w.org\/{rel}","templated":true}]}}