{"id":136995,"date":"2021-07-20T00:00:00","date_gmt":"2021-07-20T00:00:00","guid":{"rendered":"https:\/\/www.iplay.com\/games\/the-mysterious-cities-of-gold-secret-paths\/"},"modified":"2021-07-20T00:00:00","modified_gmt":"2021-07-20T00:00:00","slug":"the-mysterious-cities-of-gold-secret-paths","status":"publish","type":"product","link":"https:\/\/www.iplay.com\/it\/games\/the-mysterious-cities-of-gold-secret-paths\/","title":{"rendered":"The Mysterious Cities of Gold: Secret Paths"},"content":{"rendered":"<p>Naviga in una moltitudine di livelli con enigmi impegnativi e trappole astute per Esteban, Zia e Tao in una variet\u00e0 di ambienti straordinari e variegati. Alla ricerca della perduta Citt\u00e0 d&#8217;Oro, esplora ogni angolo della Cina ed eludi le truppe ostili di Zar. Rimanendo fedele alla trama e all&#8217;estetica visiva del famoso anime Mysterious Cities of Gold, Secret Paths ti consente di immergerti in profondit\u00e0 in questo fantastico regno multimediale. Tutti i personaggi principali sono disponibili per te e ogni eroe ha abilit\u00e0 uniche che devi usare a tuo vantaggio quando affronti i vari compiti. Tuttavia, devi scegliere con cura la loro personalit\u00e0!    <\/p>\n<p>&nbsp;<\/p>\n<p>&nbsp;<\/p>\n<p><strong>Tratti somatici:<\/strong><\/p>\n<p>&nbsp;<\/p>\n<p>&#8211; Grafica squisita fedele all&#8217;originale e amato stile<br \/>\n artistico delle Citt\u00e0 d&#8217;Oro Misteriose- Scopri una variet\u00e0 di ambienti, dalle fitte foreste asiatiche al centro della Citt\u00e0 Proibita alla leggendaria Citt\u00e0 d&#8217;Oro<br \/>\n cinese- Sblocca eccellenti filmati tratti direttamente dal cartone animato Citt\u00e0 d&#8217;Oro Misteriose insieme a opere d&#8217;arte uniche e beni virtuali.<br \/>\n&#8211; Sfrutta le abilit\u00e0 e i tratti unici dei tre amici a tuo vantaggio quando navighi tra le numerose trappole, enigmi e ostacoli che ti si parano davanti.<\/p>\n","protected":false},"excerpt":{"rendered":"<p>Aiuta Tao, Zia ed Esteban a fuggire da Zar e dai suoi scagnozzi!<\/p>\n","protected":false},"author":122,"featured_media":79514,"comment_status":"open","ping_status":"closed","template":"","meta":{"_acf_changed":false,"inline_featured_image":false},"product_brand":[],"product_cat":[147],"product_tag":[290],"class_list":{"0":"post-136995","1":"product","2":"type-product","3":"status-publish","4":"has-post-thumbnail","6":"product_cat-adventure-it","7":"product_tag-play-on-pc-it","9":"first","10":"instock","11":"shipping-taxable","12":"purchasable","13":"product-type-simple"},"acf":[],"yoast_head":"<!-- This site is optimized with the Yoast SEO Premium plugin v25.2 (Yoast SEO v25.2) - https:\/\/yoast.com\/wordpress\/plugins\/seo\/ -->\n<title>Le misteriose citt\u00e0 d&#039;oro: percorsi segreti - Aiuta Esteban, Zia e Tao a fuggire da Zar\u00e8s e dai suoi scagnozzi<\/title>\n<meta name=\"description\" content=\"Aiuta Tao, Zia ed Esteban a fuggire da Zar e dai suoi scagnozzi!\" \/>\n<meta name=\"robots\" content=\"index, follow, max-snippet:-1, max-image-preview:large, max-video-preview:-1\" \/>\n<link rel=\"canonical\" href=\"https:\/\/www.iplay.com\/it\/games\/the-mysterious-cities-of-gold-secret-paths\/\" \/>\n<meta property=\"og:locale\" content=\"it_IT\" \/>\n<meta property=\"og:type\" content=\"article\" \/>\n<meta property=\"og:title\" content=\"The Mysterious Cities of Gold: Secret Paths\" \/>\n<meta property=\"og:description\" content=\"Aiuta Tao, Zia ed Esteban a fuggire da Zar e dai suoi scagnozzi!\" \/>\n<meta property=\"og:url\" content=\"https:\/\/www.iplay.com\/it\/games\/the-mysterious-cities-of-gold-secret-paths\/\" \/>\n<meta property=\"og:site_name\" content=\"IPlay\" \/>\n<meta property=\"og:image\" content=\"https:\/\/www.iplay.com\/wp-content\/uploads\/2023\/12\/large_square_tile_image-2471.jpg\" \/>\n\t<meta property=\"og:image:width\" content=\"310\" \/>\n\t<meta property=\"og:image:height\" content=\"310\" \/>\n\t<meta property=\"og:image:type\" content=\"image\/jpeg\" \/>\n<meta name=\"twitter:card\" content=\"summary_large_image\" \/>\n<meta name=\"twitter:label1\" content=\"Est. reading time\" \/>\n\t<meta name=\"twitter:data1\" content=\"1 minuto\" \/>\n<script type=\"application\/ld+json\" class=\"yoast-schema-graph\">{\"@context\":\"https:\/\/schema.org\",\"@graph\":[{\"@type\":\"WebPage\",\"@id\":\"https:\/\/www.iplay.com\/it\/games\/the-mysterious-cities-of-gold-secret-paths\/\",\"url\":\"https:\/\/www.iplay.com\/it\/games\/the-mysterious-cities-of-gold-secret-paths\/\",\"name\":\"Le misteriose citt\u00e0 d'oro: percorsi segreti - Aiuta Esteban, Zia e Tao a fuggire da Zar\u00e8s e dai suoi scagnozzi\",\"isPartOf\":{\"@id\":\"https:\/\/www.iplay.com\/en\/#website\"},\"primaryImageOfPage\":{\"@id\":\"https:\/\/www.iplay.com\/it\/games\/the-mysterious-cities-of-gold-secret-paths\/#primaryimage\"},\"image\":{\"@id\":\"https:\/\/www.iplay.com\/it\/games\/the-mysterious-cities-of-gold-secret-paths\/#primaryimage\"},\"thumbnailUrl\":\"https:\/\/www.iplay.com\/wp-content\/uploads\/2023\/12\/large_square_tile_image-2471.jpg\",\"datePublished\":\"2021-07-20T00:00:00+00:00\",\"description\":\"Aiuta Tao, Zia ed Esteban a fuggire da Zar e dai suoi scagnozzi!\",\"breadcrumb\":{\"@id\":\"https:\/\/www.iplay.com\/it\/games\/the-mysterious-cities-of-gold-secret-paths\/#breadcrumb\"},\"inLanguage\":\"it-IT\",\"potentialAction\":[{\"@type\":\"ReadAction\",\"target\":[\"https:\/\/www.iplay.com\/it\/games\/the-mysterious-cities-of-gold-secret-paths\/\"]}]},{\"@type\":\"ImageObject\",\"inLanguage\":\"it-IT\",\"@id\":\"https:\/\/www.iplay.com\/it\/games\/the-mysterious-cities-of-gold-secret-paths\/#primaryimage\",\"url\":\"https:\/\/www.iplay.com\/wp-content\/uploads\/2023\/12\/large_square_tile_image-2471.jpg\",\"contentUrl\":\"https:\/\/www.iplay.com\/wp-content\/uploads\/2023\/12\/large_square_tile_image-2471.jpg\",\"width\":310,\"height\":310},{\"@type\":\"BreadcrumbList\",\"@id\":\"https:\/\/www.iplay.com\/it\/games\/the-mysterious-cities-of-gold-secret-paths\/#breadcrumb\",\"itemListElement\":[{\"@type\":\"ListItem\",\"position\":1,\"name\":\"Home\",\"item\":\"https:\/\/www.iplay.com\/it\/home-page-2\/\"},{\"@type\":\"ListItem\",\"position\":2,\"name\":\"Shop\",\"item\":\"https:\/\/www.iplay.com\/en\/shop\/\"},{\"@type\":\"ListItem\",\"position\":3,\"name\":\"The Mysterious Cities of Gold: Secret Paths\"}]},{\"@type\":\"WebSite\",\"@id\":\"https:\/\/www.iplay.com\/en\/#website\",\"url\":\"https:\/\/www.iplay.com\/en\/\",\"name\":\"IPlay\",\"description\":\"The Best Casual Games!\",\"publisher\":{\"@id\":\"https:\/\/www.iplay.com\/en\/#organization\"},\"potentialAction\":[{\"@type\":\"SearchAction\",\"target\":{\"@type\":\"EntryPoint\",\"urlTemplate\":\"https:\/\/www.iplay.com\/en\/?s={search_term_string}\"},\"query-input\":{\"@type\":\"PropertyValueSpecification\",\"valueRequired\":true,\"valueName\":\"search_term_string\"}}],\"inLanguage\":\"it-IT\"},{\"@type\":\"Organization\",\"@id\":\"https:\/\/www.iplay.com\/en\/#organization\",\"name\":\"IPlay\",\"url\":\"https:\/\/www.iplay.com\/en\/\",\"logo\":{\"@type\":\"ImageObject\",\"inLanguage\":\"it-IT\",\"@id\":\"https:\/\/www.iplay.com\/en\/#\/schema\/logo\/image\/\",\"url\":\"https:\/\/www.iplay.com\/wp-content\/uploads\/2023\/11\/Group-6100.svg\",\"contentUrl\":\"https:\/\/www.iplay.com\/wp-content\/uploads\/2023\/11\/Group-6100.svg\",\"width\":98,\"height\":25,\"caption\":\"IPlay\"},\"image\":{\"@id\":\"https:\/\/www.iplay.com\/en\/#\/schema\/logo\/image\/\"}}]}<\/script>\n<!-- \/ Yoast SEO Premium plugin. -->","yoast_head_json":{"title":"Le misteriose citt\u00e0 d'oro: percorsi segreti - Aiuta Esteban, Zia e Tao a fuggire da Zar\u00e8s e dai suoi scagnozzi","description":"Aiuta Tao, Zia ed Esteban a fuggire da Zar e dai suoi scagnozzi!","robots":{"index":"index","follow":"follow","max-snippet":"max-snippet:-1","max-image-preview":"max-image-preview:large","max-video-preview":"max-video-preview:-1"},"canonical":"https:\/\/www.iplay.com\/it\/games\/the-mysterious-cities-of-gold-secret-paths\/","og_locale":"it_IT","og_type":"article","og_title":"The Mysterious Cities of Gold: Secret Paths","og_description":"Aiuta Tao, Zia ed Esteban a fuggire da Zar e dai suoi scagnozzi!","og_url":"https:\/\/www.iplay.com\/it\/games\/the-mysterious-cities-of-gold-secret-paths\/","og_site_name":"IPlay","og_image":[{"width":310,"height":310,"url":"https:\/\/www.iplay.com\/wp-content\/uploads\/2023\/12\/large_square_tile_image-2471.jpg","type":"image\/jpeg"}],"twitter_card":"summary_large_image","twitter_misc":{"Est. reading time":"1 minuto"},"schema":{"@context":"https:\/\/schema.org","@graph":[{"@type":"WebPage","@id":"https:\/\/www.iplay.com\/it\/games\/the-mysterious-cities-of-gold-secret-paths\/","url":"https:\/\/www.iplay.com\/it\/games\/the-mysterious-cities-of-gold-secret-paths\/","name":"Le misteriose citt\u00e0 d'oro: percorsi segreti - Aiuta Esteban, Zia e Tao a fuggire da Zar\u00e8s e dai suoi scagnozzi","isPartOf":{"@id":"https:\/\/www.iplay.com\/en\/#website"},"primaryImageOfPage":{"@id":"https:\/\/www.iplay.com\/it\/games\/the-mysterious-cities-of-gold-secret-paths\/#primaryimage"},"image":{"@id":"https:\/\/www.iplay.com\/it\/games\/the-mysterious-cities-of-gold-secret-paths\/#primaryimage"},"thumbnailUrl":"https:\/\/www.iplay.com\/wp-content\/uploads\/2023\/12\/large_square_tile_image-2471.jpg","datePublished":"2021-07-20T00:00:00+00:00","description":"Aiuta Tao, Zia ed Esteban a fuggire da Zar e dai suoi scagnozzi!","breadcrumb":{"@id":"https:\/\/www.iplay.com\/it\/games\/the-mysterious-cities-of-gold-secret-paths\/#breadcrumb"},"inLanguage":"it-IT","potentialAction":[{"@type":"ReadAction","target":["https:\/\/www.iplay.com\/it\/games\/the-mysterious-cities-of-gold-secret-paths\/"]}]},{"@type":"ImageObject","inLanguage":"it-IT","@id":"https:\/\/www.iplay.com\/it\/games\/the-mysterious-cities-of-gold-secret-paths\/#primaryimage","url":"https:\/\/www.iplay.com\/wp-content\/uploads\/2023\/12\/large_square_tile_image-2471.jpg","contentUrl":"https:\/\/www.iplay.com\/wp-content\/uploads\/2023\/12\/large_square_tile_image-2471.jpg","width":310,"height":310},{"@type":"BreadcrumbList","@id":"https:\/\/www.iplay.com\/it\/games\/the-mysterious-cities-of-gold-secret-paths\/#breadcrumb","itemListElement":[{"@type":"ListItem","position":1,"name":"Home","item":"https:\/\/www.iplay.com\/it\/home-page-2\/"},{"@type":"ListItem","position":2,"name":"Shop","item":"https:\/\/www.iplay.com\/en\/shop\/"},{"@type":"ListItem","position":3,"name":"The Mysterious Cities of Gold: Secret Paths"}]},{"@type":"WebSite","@id":"https:\/\/www.iplay.com\/en\/#website","url":"https:\/\/www.iplay.com\/en\/","name":"IPlay","description":"The Best Casual Games!","publisher":{"@id":"https:\/\/www.iplay.com\/en\/#organization"},"potentialAction":[{"@type":"SearchAction","target":{"@type":"EntryPoint","urlTemplate":"https:\/\/www.iplay.com\/en\/?s={search_term_string}"},"query-input":{"@type":"PropertyValueSpecification","valueRequired":true,"valueName":"search_term_string"}}],"inLanguage":"it-IT"},{"@type":"Organization","@id":"https:\/\/www.iplay.com\/en\/#organization","name":"IPlay","url":"https:\/\/www.iplay.com\/en\/","logo":{"@type":"ImageObject","inLanguage":"it-IT","@id":"https:\/\/www.iplay.com\/en\/#\/schema\/logo\/image\/","url":"https:\/\/www.iplay.com\/wp-content\/uploads\/2023\/11\/Group-6100.svg","contentUrl":"https:\/\/www.iplay.com\/wp-content\/uploads\/2023\/11\/Group-6100.svg","width":98,"height":25,"caption":"IPlay"},"image":{"@id":"https:\/\/www.iplay.com\/en\/#\/schema\/logo\/image\/"}}]}},"_links":{"self":[{"href":"https:\/\/www.iplay.com\/it\/wp-json\/wp\/v2\/product\/136995","targetHints":{"allow":["GET"]}}],"collection":[{"href":"https:\/\/www.iplay.com\/it\/wp-json\/wp\/v2\/product"}],"about":[{"href":"https:\/\/www.iplay.com\/it\/wp-json\/wp\/v2\/types\/product"}],"author":[{"embeddable":true,"href":"https:\/\/www.iplay.com\/it\/wp-json\/wp\/v2\/users\/122"}],"replies":[{"embeddable":true,"href":"https:\/\/www.iplay.com\/it\/wp-json\/wp\/v2\/comments?post=136995"}],"wp:featuredmedia":[{"embeddable":true,"href":"https:\/\/www.iplay.com\/it\/wp-json\/wp\/v2\/media\/79514"}],"wp:attachment":[{"href":"https:\/\/www.iplay.com\/it\/wp-json\/wp\/v2\/media?parent=136995"}],"wp:term":[{"taxonomy":"product_brand","embeddable":true,"href":"https:\/\/www.iplay.com\/it\/wp-json\/wp\/v2\/product_brand?post=136995"},{"taxonomy":"product_cat","embeddable":true,"href":"https:\/\/www.iplay.com\/it\/wp-json\/wp\/v2\/product_cat?post=136995"},{"taxonomy":"product_tag","embeddable":true,"href":"https:\/\/www.iplay.com\/it\/wp-json\/wp\/v2\/product_tag?post=136995"}],"curies":[{"name":"wp","href":"https:\/\/api.w.org\/{rel}","templated":true}]}}