{"id":136945,"date":"2021-09-20T00:00:00","date_gmt":"2021-09-20T00:00:00","guid":{"rendered":"https:\/\/www.iplay.com\/games\/mystery-solitaire-grimms-tales-3\/"},"modified":"2021-09-20T00:00:00","modified_gmt":"2021-09-20T00:00:00","slug":"mystery-solitaire-grimms-tales-3","status":"publish","type":"product","link":"https:\/\/www.iplay.com\/it\/games\/mystery-solitaire-grimms-tales-3\/","title":{"rendered":"Mystery Solitaire &#8211; Grimms Tales 3"},"content":{"rendered":"<p>Grimm&#8217;s Tales Mystery Solitaire \u00e8 tornato con livelli ancora pi\u00f9 impegnativi! Nei racconti dei Grimm &#8211; Solitario misterioso 3. Esplora i mondi delle fiabe pi\u00f9 conosciute e mozzafiato dei fratelli Grimm in modo pi\u00f9 dettagliato. Scopri 20 bellissime ambientazioni mentre padroneggi livelli di solitario di varia complessit\u00e0! Una delle caratteristiche del solitario \u00e8 che si tratta di un gioco di carte in cui devi raccogliere catene di carte. Giocare a solitari con ambientazioni fantasy \u00e8 molto divertente. Il gioco include una colonna sonora malinconica e scenari fantastici in cui puoi acquisire 15 cose magiche.<\/p>\n","protected":false},"excerpt":{"rendered":"<p>Mystery Solitaire &#8211; Grimms Tales 3 presenta nuovi problemi dal ritorno del Solitario Mystery dei Grimm&#8217;s Tales.<\/p>\n","protected":false},"author":13,"featured_media":79018,"comment_status":"open","ping_status":"closed","template":"","meta":{"_acf_changed":false,"inline_featured_image":false},"product_brand":[],"product_cat":[156,204],"product_tag":[290],"class_list":{"0":"post-136945","1":"product","2":"type-product","3":"status-publish","4":"has-post-thumbnail","6":"product_cat-card-it-2","7":"product_cat-solitaire-it","8":"product_tag-play-on-pc-it","10":"first","11":"instock","12":"shipping-taxable","13":"purchasable","14":"product-type-simple"},"acf":[],"yoast_head":"<!-- This site is optimized with the Yoast SEO Premium plugin v25.2 (Yoast SEO v25.2) - https:\/\/yoast.com\/wordpress\/plugins\/seo\/ -->\n<title>Solitario Misterioso - Grimms Tales 3 - Esplora nuovi enigmi<\/title>\n<meta name=\"description\" content=\"Mystery Solitaire - Grimms Tales 3 presenta nuovi problemi dal ritorno del Solitario Mystery dei Grimm&#039;s Tales.\" \/>\n<meta name=\"robots\" content=\"index, follow, max-snippet:-1, max-image-preview:large, max-video-preview:-1\" \/>\n<link rel=\"canonical\" href=\"https:\/\/www.iplay.com\/it\/games\/mystery-solitaire-grimms-tales-3\/\" \/>\n<meta property=\"og:locale\" content=\"it_IT\" \/>\n<meta property=\"og:type\" content=\"article\" \/>\n<meta property=\"og:title\" content=\"Mystery Solitaire - Grimms Tales 3\" \/>\n<meta property=\"og:description\" content=\"Mystery Solitaire - Grimms Tales 3 presenta nuovi problemi dal ritorno del Solitario Mystery dei Grimm&#039;s Tales.\" \/>\n<meta property=\"og:url\" content=\"https:\/\/www.iplay.com\/it\/games\/mystery-solitaire-grimms-tales-3\/\" \/>\n<meta property=\"og:site_name\" content=\"IPlay\" \/>\n<meta property=\"og:image\" content=\"https:\/\/www.iplay.com\/wp-content\/uploads\/2023\/12\/large_square_tile_image-2439.jpg\" \/>\n\t<meta property=\"og:image:width\" content=\"310\" \/>\n\t<meta property=\"og:image:height\" content=\"310\" \/>\n\t<meta property=\"og:image:type\" content=\"image\/jpeg\" \/>\n<meta name=\"twitter:card\" content=\"summary_large_image\" \/>\n<script type=\"application\/ld+json\" class=\"yoast-schema-graph\">{\"@context\":\"https:\/\/schema.org\",\"@graph\":[{\"@type\":\"WebPage\",\"@id\":\"https:\/\/www.iplay.com\/it\/games\/mystery-solitaire-grimms-tales-3\/\",\"url\":\"https:\/\/www.iplay.com\/it\/games\/mystery-solitaire-grimms-tales-3\/\",\"name\":\"Solitario Misterioso - Grimms Tales 3 - Esplora nuovi enigmi\",\"isPartOf\":{\"@id\":\"https:\/\/www.iplay.com\/en\/#website\"},\"primaryImageOfPage\":{\"@id\":\"https:\/\/www.iplay.com\/it\/games\/mystery-solitaire-grimms-tales-3\/#primaryimage\"},\"image\":{\"@id\":\"https:\/\/www.iplay.com\/it\/games\/mystery-solitaire-grimms-tales-3\/#primaryimage\"},\"thumbnailUrl\":\"https:\/\/www.iplay.com\/wp-content\/uploads\/2023\/12\/large_square_tile_image-2439.jpg\",\"datePublished\":\"2021-09-20T00:00:00+00:00\",\"description\":\"Mystery Solitaire - Grimms Tales 3 presenta nuovi problemi dal ritorno del Solitario Mystery dei Grimm's Tales.\",\"breadcrumb\":{\"@id\":\"https:\/\/www.iplay.com\/it\/games\/mystery-solitaire-grimms-tales-3\/#breadcrumb\"},\"inLanguage\":\"it-IT\",\"potentialAction\":[{\"@type\":\"ReadAction\",\"target\":[\"https:\/\/www.iplay.com\/it\/games\/mystery-solitaire-grimms-tales-3\/\"]}]},{\"@type\":\"ImageObject\",\"inLanguage\":\"it-IT\",\"@id\":\"https:\/\/www.iplay.com\/it\/games\/mystery-solitaire-grimms-tales-3\/#primaryimage\",\"url\":\"https:\/\/www.iplay.com\/wp-content\/uploads\/2023\/12\/large_square_tile_image-2439.jpg\",\"contentUrl\":\"https:\/\/www.iplay.com\/wp-content\/uploads\/2023\/12\/large_square_tile_image-2439.jpg\",\"width\":310,\"height\":310},{\"@type\":\"BreadcrumbList\",\"@id\":\"https:\/\/www.iplay.com\/it\/games\/mystery-solitaire-grimms-tales-3\/#breadcrumb\",\"itemListElement\":[{\"@type\":\"ListItem\",\"position\":1,\"name\":\"Home\",\"item\":\"https:\/\/www.iplay.com\/it\/home-page-2\/\"},{\"@type\":\"ListItem\",\"position\":2,\"name\":\"Shop\",\"item\":\"https:\/\/www.iplay.com\/en\/shop\/\"},{\"@type\":\"ListItem\",\"position\":3,\"name\":\"Mystery Solitaire &#8211; Grimms Tales 3\"}]},{\"@type\":\"WebSite\",\"@id\":\"https:\/\/www.iplay.com\/en\/#website\",\"url\":\"https:\/\/www.iplay.com\/en\/\",\"name\":\"IPlay\",\"description\":\"The Best Casual Games!\",\"publisher\":{\"@id\":\"https:\/\/www.iplay.com\/en\/#organization\"},\"potentialAction\":[{\"@type\":\"SearchAction\",\"target\":{\"@type\":\"EntryPoint\",\"urlTemplate\":\"https:\/\/www.iplay.com\/en\/?s={search_term_string}\"},\"query-input\":{\"@type\":\"PropertyValueSpecification\",\"valueRequired\":true,\"valueName\":\"search_term_string\"}}],\"inLanguage\":\"it-IT\"},{\"@type\":\"Organization\",\"@id\":\"https:\/\/www.iplay.com\/en\/#organization\",\"name\":\"IPlay\",\"url\":\"https:\/\/www.iplay.com\/en\/\",\"logo\":{\"@type\":\"ImageObject\",\"inLanguage\":\"it-IT\",\"@id\":\"https:\/\/www.iplay.com\/en\/#\/schema\/logo\/image\/\",\"url\":\"https:\/\/www.iplay.com\/wp-content\/uploads\/2023\/11\/Group-6100.svg\",\"contentUrl\":\"https:\/\/www.iplay.com\/wp-content\/uploads\/2023\/11\/Group-6100.svg\",\"width\":98,\"height\":25,\"caption\":\"IPlay\"},\"image\":{\"@id\":\"https:\/\/www.iplay.com\/en\/#\/schema\/logo\/image\/\"}}]}<\/script>\n<!-- \/ Yoast SEO Premium plugin. -->","yoast_head_json":{"title":"Solitario Misterioso - Grimms Tales 3 - Esplora nuovi enigmi","description":"Mystery Solitaire - Grimms Tales 3 presenta nuovi problemi dal ritorno del Solitario Mystery dei Grimm's Tales.","robots":{"index":"index","follow":"follow","max-snippet":"max-snippet:-1","max-image-preview":"max-image-preview:large","max-video-preview":"max-video-preview:-1"},"canonical":"https:\/\/www.iplay.com\/it\/games\/mystery-solitaire-grimms-tales-3\/","og_locale":"it_IT","og_type":"article","og_title":"Mystery Solitaire - Grimms Tales 3","og_description":"Mystery Solitaire - Grimms Tales 3 presenta nuovi problemi dal ritorno del Solitario Mystery dei Grimm's Tales.","og_url":"https:\/\/www.iplay.com\/it\/games\/mystery-solitaire-grimms-tales-3\/","og_site_name":"IPlay","og_image":[{"width":310,"height":310,"url":"https:\/\/www.iplay.com\/wp-content\/uploads\/2023\/12\/large_square_tile_image-2439.jpg","type":"image\/jpeg"}],"twitter_card":"summary_large_image","schema":{"@context":"https:\/\/schema.org","@graph":[{"@type":"WebPage","@id":"https:\/\/www.iplay.com\/it\/games\/mystery-solitaire-grimms-tales-3\/","url":"https:\/\/www.iplay.com\/it\/games\/mystery-solitaire-grimms-tales-3\/","name":"Solitario Misterioso - Grimms Tales 3 - Esplora nuovi enigmi","isPartOf":{"@id":"https:\/\/www.iplay.com\/en\/#website"},"primaryImageOfPage":{"@id":"https:\/\/www.iplay.com\/it\/games\/mystery-solitaire-grimms-tales-3\/#primaryimage"},"image":{"@id":"https:\/\/www.iplay.com\/it\/games\/mystery-solitaire-grimms-tales-3\/#primaryimage"},"thumbnailUrl":"https:\/\/www.iplay.com\/wp-content\/uploads\/2023\/12\/large_square_tile_image-2439.jpg","datePublished":"2021-09-20T00:00:00+00:00","description":"Mystery Solitaire - Grimms Tales 3 presenta nuovi problemi dal ritorno del Solitario Mystery dei Grimm's Tales.","breadcrumb":{"@id":"https:\/\/www.iplay.com\/it\/games\/mystery-solitaire-grimms-tales-3\/#breadcrumb"},"inLanguage":"it-IT","potentialAction":[{"@type":"ReadAction","target":["https:\/\/www.iplay.com\/it\/games\/mystery-solitaire-grimms-tales-3\/"]}]},{"@type":"ImageObject","inLanguage":"it-IT","@id":"https:\/\/www.iplay.com\/it\/games\/mystery-solitaire-grimms-tales-3\/#primaryimage","url":"https:\/\/www.iplay.com\/wp-content\/uploads\/2023\/12\/large_square_tile_image-2439.jpg","contentUrl":"https:\/\/www.iplay.com\/wp-content\/uploads\/2023\/12\/large_square_tile_image-2439.jpg","width":310,"height":310},{"@type":"BreadcrumbList","@id":"https:\/\/www.iplay.com\/it\/games\/mystery-solitaire-grimms-tales-3\/#breadcrumb","itemListElement":[{"@type":"ListItem","position":1,"name":"Home","item":"https:\/\/www.iplay.com\/it\/home-page-2\/"},{"@type":"ListItem","position":2,"name":"Shop","item":"https:\/\/www.iplay.com\/en\/shop\/"},{"@type":"ListItem","position":3,"name":"Mystery Solitaire &#8211; Grimms Tales 3"}]},{"@type":"WebSite","@id":"https:\/\/www.iplay.com\/en\/#website","url":"https:\/\/www.iplay.com\/en\/","name":"IPlay","description":"The Best Casual Games!","publisher":{"@id":"https:\/\/www.iplay.com\/en\/#organization"},"potentialAction":[{"@type":"SearchAction","target":{"@type":"EntryPoint","urlTemplate":"https:\/\/www.iplay.com\/en\/?s={search_term_string}"},"query-input":{"@type":"PropertyValueSpecification","valueRequired":true,"valueName":"search_term_string"}}],"inLanguage":"it-IT"},{"@type":"Organization","@id":"https:\/\/www.iplay.com\/en\/#organization","name":"IPlay","url":"https:\/\/www.iplay.com\/en\/","logo":{"@type":"ImageObject","inLanguage":"it-IT","@id":"https:\/\/www.iplay.com\/en\/#\/schema\/logo\/image\/","url":"https:\/\/www.iplay.com\/wp-content\/uploads\/2023\/11\/Group-6100.svg","contentUrl":"https:\/\/www.iplay.com\/wp-content\/uploads\/2023\/11\/Group-6100.svg","width":98,"height":25,"caption":"IPlay"},"image":{"@id":"https:\/\/www.iplay.com\/en\/#\/schema\/logo\/image\/"}}]}},"_links":{"self":[{"href":"https:\/\/www.iplay.com\/it\/wp-json\/wp\/v2\/product\/136945","targetHints":{"allow":["GET"]}}],"collection":[{"href":"https:\/\/www.iplay.com\/it\/wp-json\/wp\/v2\/product"}],"about":[{"href":"https:\/\/www.iplay.com\/it\/wp-json\/wp\/v2\/types\/product"}],"author":[{"embeddable":true,"href":"https:\/\/www.iplay.com\/it\/wp-json\/wp\/v2\/users\/13"}],"replies":[{"embeddable":true,"href":"https:\/\/www.iplay.com\/it\/wp-json\/wp\/v2\/comments?post=136945"}],"wp:featuredmedia":[{"embeddable":true,"href":"https:\/\/www.iplay.com\/it\/wp-json\/wp\/v2\/media\/79018"}],"wp:attachment":[{"href":"https:\/\/www.iplay.com\/it\/wp-json\/wp\/v2\/media?parent=136945"}],"wp:term":[{"taxonomy":"product_brand","embeddable":true,"href":"https:\/\/www.iplay.com\/it\/wp-json\/wp\/v2\/product_brand?post=136945"},{"taxonomy":"product_cat","embeddable":true,"href":"https:\/\/www.iplay.com\/it\/wp-json\/wp\/v2\/product_cat?post=136945"},{"taxonomy":"product_tag","embeddable":true,"href":"https:\/\/www.iplay.com\/it\/wp-json\/wp\/v2\/product_tag?post=136945"}],"curies":[{"name":"wp","href":"https:\/\/api.w.org\/{rel}","templated":true}]}}