{"id":136886,"date":"2025-05-16T07:30:55","date_gmt":"2025-05-16T07:30:55","guid":{"rendered":"https:\/\/www.iplay.com\/?post_type=product&p=136886"},"modified":"2025-05-16T07:30:55","modified_gmt":"2025-05-16T07:30:55","slug":"modern-art-61","status":"publish","type":"product","link":"https:\/\/www.iplay.com\/it\/games\/modern-art-61\/","title":{"rendered":"Modern Art 61"},"content":{"rendered":"<p class=\"whitespace-normal\">La pittura si trasforma in un&#8217;esperienza senza sforzo e senza stress da Modern Art 61, dove la creativit\u00e0 pu\u00f2 essere abbracciata e il relax pu\u00f2 essere goduto. Non \u00e8 necessario selezionare i colori n\u00e9 padroneggiare tecniche complesse: il rilassamento pu\u00f2 essere semplicemente sperimentato mentre il gioco fornisce una guida. \u00c8 possibile scegliere tra una deliziosa raccolta di immagini vivaci e divertenti, ognuna delle quali attende di essere portata in vita attraverso un semplice abbinamento di numeri. Vengono fornite istruzioni chiare e si ottengono risultati soddisfacenti, offrendo la miscela ideale di relax e gioia artistica che pu\u00f2 essere apprezzata da musicisti di tutte le et\u00e0.   <\/p>\n<p class=\"whitespace-normal\">Innumerevoli ore di coinvolgente divertimento e relax sono fornite attraverso 64 immagini visivamente sbalorditive. In questo gioco si pu\u00f2 trovare una fuga meditativa o un&#8217;esplorazione artistica casuale, in cui il piacere e l&#8217;ispirazione vengono trasmessi a tutti coloro che giocano. <\/p>\n<p>&nbsp;<\/p>\n<p class=\"text-lg font-bold text-text-100 mt-1 -mb-1.5\"><strong>Tratti somatici:<\/strong><\/p>\n<ul class=\"[&amp;:not(:last-child)_ul]:pb-1 [&amp;:not(:last-child)_ol]:pb-1 list-disc space-y-1.5 pl-7\">\n<li class=\"whitespace-normal break-words\">La pittura senza sforzo si ottiene grazie a un gameplay intuitivo di corrispondenza dei numeri<\/li>\n<li class=\"whitespace-normal break-words\">Sono incluse 64 immagini splendidamente realizzate per essere portate in vita<\/li>\n<li class=\"whitespace-normal break-words\">Viene offerto un modo calmo e divertente per rilassarsi<\/li>\n<li class=\"whitespace-normal break-words\">Ore di divertimento creativo adatte a tutte le et\u00e0 sono assicurate<\/li>\n<\/ul>\n","protected":false},"excerpt":{"rendered":"<p>Crea opere d&#8217;arte vivaci seguendo i numeri in questa rilassante esperienza di pittura con i numeri di Modern Art 61.<\/p>\n","protected":false},"author":21,"featured_media":136636,"comment_status":"open","ping_status":"closed","template":"","meta":{"_acf_changed":false,"inline_featured_image":false},"product_brand":[],"product_cat":[186],"product_tag":[290],"class_list":{"0":"post-136886","1":"product","2":"type-product","3":"status-publish","4":"has-post-thumbnail","6":"product_cat-paint-by-numbers-series-it","7":"product_tag-play-on-pc-it","9":"first","10":"instock","11":"shipping-taxable","12":"purchasable","13":"product-type-simple"},"acf":[],"yoast_head":"<!-- This site is optimized with the Yoast SEO Premium plugin v25.2 (Yoast SEO v25.2) - https:\/\/yoast.com\/wordpress\/plugins\/seo\/ -->\n<title>Modern Art 61: Crea un&#039;arte vibrante con la pittura numerica senza stress<\/title>\n<meta name=\"description\" content=\"Crea opere d&#039;arte vivaci seguendo i numeri in questa rilassante esperienza di pittura con i numeri di Modern Art 61.\" \/>\n<meta name=\"robots\" content=\"index, follow, max-snippet:-1, max-image-preview:large, max-video-preview:-1\" \/>\n<link rel=\"canonical\" href=\"https:\/\/www.iplay.com\/en\/games\/modern-art-61\/\" \/>\n<meta property=\"og:locale\" content=\"it_IT\" \/>\n<meta property=\"og:type\" content=\"article\" \/>\n<meta property=\"og:title\" content=\"Modern Art 61\" \/>\n<meta property=\"og:description\" content=\"Crea opere d&#039;arte vivaci seguendo i numeri in questa rilassante esperienza di pittura con i numeri di Modern Art 61.\" \/>\n<meta property=\"og:url\" content=\"https:\/\/www.iplay.com\/en\/games\/modern-art-61\/\" \/>\n<meta property=\"og:site_name\" content=\"IPlay\" \/>\n<meta property=\"og:image\" content=\"https:\/\/www.iplay.com\/wp-content\/uploads\/2025\/05\/modern_art_61_large_video_screenshot.webp\" \/>\n\t<meta property=\"og:image:width\" content=\"715\" \/>\n\t<meta property=\"og:image:height\" content=\"485\" \/>\n\t<meta property=\"og:image:type\" content=\"image\/webp\" \/>\n<meta name=\"twitter:card\" content=\"summary_large_image\" \/>\n<meta name=\"twitter:label1\" content=\"Est. reading time\" \/>\n\t<meta name=\"twitter:data1\" content=\"1 minuto\" \/>\n<script type=\"application\/ld+json\" class=\"yoast-schema-graph\">{\"@context\":\"https:\/\/schema.org\",\"@graph\":[{\"@type\":\"WebPage\",\"@id\":\"https:\/\/www.iplay.com\/en\/games\/modern-art-61\/\",\"url\":\"https:\/\/www.iplay.com\/en\/games\/modern-art-61\/\",\"name\":\"Modern Art 61: Crea un'arte vibrante con la pittura numerica senza stress\",\"isPartOf\":{\"@id\":\"https:\/\/www.iplay.com\/en\/#website\"},\"primaryImageOfPage\":{\"@id\":\"https:\/\/www.iplay.com\/en\/games\/modern-art-61\/#primaryimage\"},\"image\":{\"@id\":\"https:\/\/www.iplay.com\/en\/games\/modern-art-61\/#primaryimage\"},\"thumbnailUrl\":\"https:\/\/www.iplay.com\/wp-content\/uploads\/2025\/05\/modern_art_61_large_square_tile_image.webp\",\"datePublished\":\"2025-05-16T07:30:55+00:00\",\"description\":\"Crea opere d'arte vivaci seguendo i numeri in questa rilassante esperienza di pittura con i numeri di Modern Art 61.\",\"breadcrumb\":{\"@id\":\"https:\/\/www.iplay.com\/en\/games\/modern-art-61\/#breadcrumb\"},\"inLanguage\":\"it-IT\",\"potentialAction\":[{\"@type\":\"ReadAction\",\"target\":[\"https:\/\/www.iplay.com\/en\/games\/modern-art-61\/\"]}]},{\"@type\":\"ImageObject\",\"inLanguage\":\"it-IT\",\"@id\":\"https:\/\/www.iplay.com\/en\/games\/modern-art-61\/#primaryimage\",\"url\":\"https:\/\/www.iplay.com\/wp-content\/uploads\/2025\/05\/modern_art_61_large_square_tile_image.webp\",\"contentUrl\":\"https:\/\/www.iplay.com\/wp-content\/uploads\/2025\/05\/modern_art_61_large_square_tile_image.webp\",\"width\":310,\"height\":310},{\"@type\":\"BreadcrumbList\",\"@id\":\"https:\/\/www.iplay.com\/en\/games\/modern-art-61\/#breadcrumb\",\"itemListElement\":[{\"@type\":\"ListItem\",\"position\":1,\"name\":\"Home\",\"item\":\"https:\/\/www.iplay.com\/it\/home-page-2\/\"},{\"@type\":\"ListItem\",\"position\":2,\"name\":\"Shop\",\"item\":\"https:\/\/www.iplay.com\/en\/shop\/\"},{\"@type\":\"ListItem\",\"position\":3,\"name\":\"Modern Art 61\"}]},{\"@type\":\"WebSite\",\"@id\":\"https:\/\/www.iplay.com\/en\/#website\",\"url\":\"https:\/\/www.iplay.com\/en\/\",\"name\":\"IPlay\",\"description\":\"The Best Casual Games!\",\"publisher\":{\"@id\":\"https:\/\/www.iplay.com\/en\/#organization\"},\"potentialAction\":[{\"@type\":\"SearchAction\",\"target\":{\"@type\":\"EntryPoint\",\"urlTemplate\":\"https:\/\/www.iplay.com\/en\/?s={search_term_string}\"},\"query-input\":{\"@type\":\"PropertyValueSpecification\",\"valueRequired\":true,\"valueName\":\"search_term_string\"}}],\"inLanguage\":\"it-IT\"},{\"@type\":\"Organization\",\"@id\":\"https:\/\/www.iplay.com\/en\/#organization\",\"name\":\"IPlay\",\"url\":\"https:\/\/www.iplay.com\/en\/\",\"logo\":{\"@type\":\"ImageObject\",\"inLanguage\":\"it-IT\",\"@id\":\"https:\/\/www.iplay.com\/en\/#\/schema\/logo\/image\/\",\"url\":\"https:\/\/www.iplay.com\/wp-content\/uploads\/2023\/11\/Group-6100.svg\",\"contentUrl\":\"https:\/\/www.iplay.com\/wp-content\/uploads\/2023\/11\/Group-6100.svg\",\"width\":98,\"height\":25,\"caption\":\"IPlay\"},\"image\":{\"@id\":\"https:\/\/www.iplay.com\/en\/#\/schema\/logo\/image\/\"}}]}<\/script>\n<!-- \/ Yoast SEO Premium plugin. -->","yoast_head_json":{"title":"Modern Art 61: Crea un'arte vibrante con la pittura numerica senza stress","description":"Crea opere d'arte vivaci seguendo i numeri in questa rilassante esperienza di pittura con i numeri di Modern Art 61.","robots":{"index":"index","follow":"follow","max-snippet":"max-snippet:-1","max-image-preview":"max-image-preview:large","max-video-preview":"max-video-preview:-1"},"canonical":"https:\/\/www.iplay.com\/en\/games\/modern-art-61\/","og_locale":"it_IT","og_type":"article","og_title":"Modern Art 61","og_description":"Crea opere d'arte vivaci seguendo i numeri in questa rilassante esperienza di pittura con i numeri di Modern Art 61.","og_url":"https:\/\/www.iplay.com\/en\/games\/modern-art-61\/","og_site_name":"IPlay","og_image":[{"width":715,"height":485,"url":"https:\/\/www.iplay.com\/wp-content\/uploads\/2025\/05\/modern_art_61_large_video_screenshot.webp","type":"image\/webp"}],"twitter_card":"summary_large_image","twitter_misc":{"Est. reading time":"1 minuto"},"schema":{"@context":"https:\/\/schema.org","@graph":[{"@type":"WebPage","@id":"https:\/\/www.iplay.com\/en\/games\/modern-art-61\/","url":"https:\/\/www.iplay.com\/en\/games\/modern-art-61\/","name":"Modern Art 61: Crea un'arte vibrante con la pittura numerica senza stress","isPartOf":{"@id":"https:\/\/www.iplay.com\/en\/#website"},"primaryImageOfPage":{"@id":"https:\/\/www.iplay.com\/en\/games\/modern-art-61\/#primaryimage"},"image":{"@id":"https:\/\/www.iplay.com\/en\/games\/modern-art-61\/#primaryimage"},"thumbnailUrl":"https:\/\/www.iplay.com\/wp-content\/uploads\/2025\/05\/modern_art_61_large_square_tile_image.webp","datePublished":"2025-05-16T07:30:55+00:00","description":"Crea opere d'arte vivaci seguendo i numeri in questa rilassante esperienza di pittura con i numeri di Modern Art 61.","breadcrumb":{"@id":"https:\/\/www.iplay.com\/en\/games\/modern-art-61\/#breadcrumb"},"inLanguage":"it-IT","potentialAction":[{"@type":"ReadAction","target":["https:\/\/www.iplay.com\/en\/games\/modern-art-61\/"]}]},{"@type":"ImageObject","inLanguage":"it-IT","@id":"https:\/\/www.iplay.com\/en\/games\/modern-art-61\/#primaryimage","url":"https:\/\/www.iplay.com\/wp-content\/uploads\/2025\/05\/modern_art_61_large_square_tile_image.webp","contentUrl":"https:\/\/www.iplay.com\/wp-content\/uploads\/2025\/05\/modern_art_61_large_square_tile_image.webp","width":310,"height":310},{"@type":"BreadcrumbList","@id":"https:\/\/www.iplay.com\/en\/games\/modern-art-61\/#breadcrumb","itemListElement":[{"@type":"ListItem","position":1,"name":"Home","item":"https:\/\/www.iplay.com\/it\/home-page-2\/"},{"@type":"ListItem","position":2,"name":"Shop","item":"https:\/\/www.iplay.com\/en\/shop\/"},{"@type":"ListItem","position":3,"name":"Modern Art 61"}]},{"@type":"WebSite","@id":"https:\/\/www.iplay.com\/en\/#website","url":"https:\/\/www.iplay.com\/en\/","name":"IPlay","description":"The Best Casual Games!","publisher":{"@id":"https:\/\/www.iplay.com\/en\/#organization"},"potentialAction":[{"@type":"SearchAction","target":{"@type":"EntryPoint","urlTemplate":"https:\/\/www.iplay.com\/en\/?s={search_term_string}"},"query-input":{"@type":"PropertyValueSpecification","valueRequired":true,"valueName":"search_term_string"}}],"inLanguage":"it-IT"},{"@type":"Organization","@id":"https:\/\/www.iplay.com\/en\/#organization","name":"IPlay","url":"https:\/\/www.iplay.com\/en\/","logo":{"@type":"ImageObject","inLanguage":"it-IT","@id":"https:\/\/www.iplay.com\/en\/#\/schema\/logo\/image\/","url":"https:\/\/www.iplay.com\/wp-content\/uploads\/2023\/11\/Group-6100.svg","contentUrl":"https:\/\/www.iplay.com\/wp-content\/uploads\/2023\/11\/Group-6100.svg","width":98,"height":25,"caption":"IPlay"},"image":{"@id":"https:\/\/www.iplay.com\/en\/#\/schema\/logo\/image\/"}}]}},"_links":{"self":[{"href":"https:\/\/www.iplay.com\/it\/wp-json\/wp\/v2\/product\/136886","targetHints":{"allow":["GET"]}}],"collection":[{"href":"https:\/\/www.iplay.com\/it\/wp-json\/wp\/v2\/product"}],"about":[{"href":"https:\/\/www.iplay.com\/it\/wp-json\/wp\/v2\/types\/product"}],"author":[{"embeddable":true,"href":"https:\/\/www.iplay.com\/it\/wp-json\/wp\/v2\/users\/21"}],"replies":[{"embeddable":true,"href":"https:\/\/www.iplay.com\/it\/wp-json\/wp\/v2\/comments?post=136886"}],"wp:featuredmedia":[{"embeddable":true,"href":"https:\/\/www.iplay.com\/it\/wp-json\/wp\/v2\/media\/136636"}],"wp:attachment":[{"href":"https:\/\/www.iplay.com\/it\/wp-json\/wp\/v2\/media?parent=136886"}],"wp:term":[{"taxonomy":"product_brand","embeddable":true,"href":"https:\/\/www.iplay.com\/it\/wp-json\/wp\/v2\/product_brand?post=136886"},{"taxonomy":"product_cat","embeddable":true,"href":"https:\/\/www.iplay.com\/it\/wp-json\/wp\/v2\/product_cat?post=136886"},{"taxonomy":"product_tag","embeddable":true,"href":"https:\/\/www.iplay.com\/it\/wp-json\/wp\/v2\/product_tag?post=136886"}],"curies":[{"name":"wp","href":"https:\/\/api.w.org\/{rel}","templated":true}]}}