{"id":136317,"date":"2025-05-09T09:30:54","date_gmt":"2025-05-09T09:30:54","guid":{"rendered":"https:\/\/www.iplay.com\/?post_type=product&p=136317"},"modified":"2025-05-09T09:30:54","modified_gmt":"2025-05-09T09:30:54","slug":"emergency-crew-5-blazing-vacation-collectors-edition","status":"publish","type":"product","link":"https:\/\/www.iplay.com\/it\/games\/emergency-crew-5-blazing-vacation-collectors-edition\/","title":{"rendered":"Emergency Crew 5: Blazing Vacation Collector&#8217;s Edition"},"content":{"rendered":"<p class=\"whitespace-pre-wrap break-words\">Un&#8217;avventura straordinaria viene offerta attraverso questa emozionante simulazione di salvataggio, in cui la squadra d&#8217;\u00e9lite 17 si unisce durante quella che avrebbe dovuto essere la loro meritata vacanza. I soccorritori professionisti, rinomati per il loro coraggio, la prontezza di pensiero e l&#8217;incrollabile determinazione, vengono messi alla prova quando il relax viene inaspettatamente interrotto. <\/p>\n<p class=\"whitespace-pre-wrap break-words\">In questo intenso quinto capitolo, la posta in gioco \u00e8 pi\u00f9 alta che mai mentre si affronta una nuova sfida: una spericolata blogger di nome Manon, le cui audaci acrobazie spingono al limite anche i membri del team pi\u00f9 esperti. Le missioni pericolose devono essere affrontate attraverso strategie inventive e un lavoro di squadra senza soluzione di continuit\u00e0, creando un&#8217;esperienza di salvataggio dinamica che combina l&#8217;eccitazione con la risoluzione strategica dei problemi. <\/p>\n<p>&nbsp;<\/p>\n<p class=\"whitespace-pre-wrap break-words\"><strong>Caratteristiche della Collector&#8217;s Edition:<\/strong><\/p>\n<ul class=\"[&amp;:not(:last-child)_ul]:pb-1 [&amp;:not(:last-child)_ol]:pb-1 list-disc space-y-1.5 pl-7\">\n<li class=\"whitespace-normal break-words\">Vengono presentati i nuovi membri del team, l&#8217;entusiasta tirocinante Manon e l&#8217;abile spedizioniere Sugihara Yuna, attraverso i quali vengono portate nuova energia e competenza in missioni impegnative<\/li>\n<li class=\"whitespace-normal break-words\">Gli eroi pi\u00f9 amati dai fan si riuniscono con i giocatori, tra cui i coraggiosi vigili del fuoco Richard e Ryan, l&#8217;incrollabile agente di polizia Frank, l&#8217;intraprendente ranger Roland e gli amati cani da salvataggio Angel e Rocky<\/li>\n<li class=\"whitespace-normal break-words\">La vita quotidiana dei soccorritori \u00e8 vividamente ritratta attraverso coinvolgenti strisce a fumetti, con le quali ogni missione \u00e8 resa pi\u00f9 personale ed emotivamente risonante<\/li>\n<li class=\"whitespace-normal break-words\">Le catene di produzione creano risorse preziose, migliorando la profondit\u00e0 strategica e l&#8217;efficienza operativa<\/li>\n<li class=\"whitespace-normal break-words\">Le competenze vengono messe alla prova con sfide di livello innovativo, attraverso le quali si sperimenta la completa immersione nell&#8217;imprevedibilit\u00e0 delle operazioni di soccorso<\/li>\n<li class=\"whitespace-normal break-words\">Vengono intraprese missioni di salvataggio in tutto il mondo, dal nostalgico teatro drive-in del Massachusetts e dalle acque turchesi delle Bermuda al vibrante Mardi Gras di New Orleans, ai sereni onsen del Giappone, alla pittoresca Flower Valley dell&#8217;India e alle maestose cime innevate della Svizzera<\/li>\n<\/ul>\n","protected":false},"excerpt":{"rendered":"<p>Unisciti ai soccorritori d&#8217;\u00e9lite della Squadra 17 mentre affrontano missioni pericolose mentre sono in vacanza, affrontando un blogger spericolato in questa emozionante avventura.<\/p>\n","protected":false},"author":13,"featured_media":136311,"comment_status":"open","ping_status":"closed","template":"","meta":{"_acf_changed":false,"inline_featured_image":false},"product_brand":[],"product_cat":[214],"product_tag":[290],"class_list":{"0":"post-136317","1":"product","2":"type-product","3":"status-publish","4":"has-post-thumbnail","6":"product_cat-time-management-it","7":"product_tag-play-on-pc-it","9":"first","10":"instock","11":"shipping-taxable","12":"purchasable","13":"product-type-simple"},"acf":[],"yoast_head":"<!-- This site is optimized with the Yoast SEO Premium plugin v25.2 (Yoast SEO v25.2) - https:\/\/yoast.com\/wordpress\/plugins\/seo\/ -->\n<title>Equipaggio di emergenza 5 CE : Unisciti alla Squadra 17 per audaci salvataggi globali<\/title>\n<meta name=\"description\" content=\"Unisciti ai soccorritori d&#039;\u00e9lite della Squadra 17 mentre affrontano missioni pericolose mentre sono in vacanza, affrontando un blogger spericolato in questa emozionante avventura.\" \/>\n<meta name=\"robots\" content=\"index, follow, max-snippet:-1, max-image-preview:large, max-video-preview:-1\" \/>\n<link rel=\"canonical\" href=\"https:\/\/www.iplay.com\/en\/games\/emergency-crew-5-blazing-vacation-collectors-edition\/\" \/>\n<meta property=\"og:locale\" content=\"it_IT\" \/>\n<meta property=\"og:type\" content=\"article\" \/>\n<meta property=\"og:title\" content=\"Emergency Crew 5: Blazing Vacation Collector&#039;s Edition\" \/>\n<meta property=\"og:description\" content=\"Unisciti ai soccorritori d&#039;\u00e9lite della Squadra 17 mentre affrontano missioni pericolose mentre sono in vacanza, affrontando un blogger spericolato in questa emozionante avventura.\" \/>\n<meta property=\"og:url\" content=\"https:\/\/www.iplay.com\/en\/games\/emergency-crew-5-blazing-vacation-collectors-edition\/\" \/>\n<meta property=\"og:site_name\" content=\"IPlay\" \/>\n<meta property=\"og:image\" content=\"https:\/\/www.iplay.com\/wp-content\/uploads\/2025\/05\/emergency_crew_5_blazing_vacation_ce_large_video_screenshot.webp\" \/>\n\t<meta property=\"og:image:width\" content=\"715\" \/>\n\t<meta property=\"og:image:height\" content=\"485\" \/>\n\t<meta property=\"og:image:type\" content=\"image\/webp\" \/>\n<meta name=\"twitter:card\" content=\"summary_large_image\" \/>\n<meta name=\"twitter:label1\" content=\"Est. reading time\" \/>\n\t<meta name=\"twitter:data1\" content=\"2 minuti\" \/>\n<script type=\"application\/ld+json\" class=\"yoast-schema-graph\">{\"@context\":\"https:\/\/schema.org\",\"@graph\":[{\"@type\":\"WebPage\",\"@id\":\"https:\/\/www.iplay.com\/en\/games\/emergency-crew-5-blazing-vacation-collectors-edition\/\",\"url\":\"https:\/\/www.iplay.com\/en\/games\/emergency-crew-5-blazing-vacation-collectors-edition\/\",\"name\":\"Equipaggio di emergenza 5 CE : Unisciti alla Squadra 17 per audaci salvataggi globali\",\"isPartOf\":{\"@id\":\"https:\/\/www.iplay.com\/en\/#website\"},\"primaryImageOfPage\":{\"@id\":\"https:\/\/www.iplay.com\/en\/games\/emergency-crew-5-blazing-vacation-collectors-edition\/#primaryimage\"},\"image\":{\"@id\":\"https:\/\/www.iplay.com\/en\/games\/emergency-crew-5-blazing-vacation-collectors-edition\/#primaryimage\"},\"thumbnailUrl\":\"https:\/\/www.iplay.com\/wp-content\/uploads\/2025\/05\/emergency_crew_5_blazing_vacation_ce_large_square_tile_image.webp\",\"datePublished\":\"2025-05-09T09:30:54+00:00\",\"description\":\"Unisciti ai soccorritori d'\u00e9lite della Squadra 17 mentre affrontano missioni pericolose mentre sono in vacanza, affrontando un blogger spericolato in questa emozionante avventura.\",\"breadcrumb\":{\"@id\":\"https:\/\/www.iplay.com\/en\/games\/emergency-crew-5-blazing-vacation-collectors-edition\/#breadcrumb\"},\"inLanguage\":\"it-IT\",\"potentialAction\":[{\"@type\":\"ReadAction\",\"target\":[\"https:\/\/www.iplay.com\/en\/games\/emergency-crew-5-blazing-vacation-collectors-edition\/\"]}]},{\"@type\":\"ImageObject\",\"inLanguage\":\"it-IT\",\"@id\":\"https:\/\/www.iplay.com\/en\/games\/emergency-crew-5-blazing-vacation-collectors-edition\/#primaryimage\",\"url\":\"https:\/\/www.iplay.com\/wp-content\/uploads\/2025\/05\/emergency_crew_5_blazing_vacation_ce_large_square_tile_image.webp\",\"contentUrl\":\"https:\/\/www.iplay.com\/wp-content\/uploads\/2025\/05\/emergency_crew_5_blazing_vacation_ce_large_square_tile_image.webp\",\"width\":310,\"height\":310},{\"@type\":\"BreadcrumbList\",\"@id\":\"https:\/\/www.iplay.com\/en\/games\/emergency-crew-5-blazing-vacation-collectors-edition\/#breadcrumb\",\"itemListElement\":[{\"@type\":\"ListItem\",\"position\":1,\"name\":\"Home\",\"item\":\"https:\/\/www.iplay.com\/it\/home-page-2\/\"},{\"@type\":\"ListItem\",\"position\":2,\"name\":\"Shop\",\"item\":\"https:\/\/www.iplay.com\/en\/shop\/\"},{\"@type\":\"ListItem\",\"position\":3,\"name\":\"Emergency Crew 5: Blazing Vacation Collector&#8217;s Edition\"}]},{\"@type\":\"WebSite\",\"@id\":\"https:\/\/www.iplay.com\/en\/#website\",\"url\":\"https:\/\/www.iplay.com\/en\/\",\"name\":\"IPlay\",\"description\":\"The Best Casual Games!\",\"publisher\":{\"@id\":\"https:\/\/www.iplay.com\/en\/#organization\"},\"potentialAction\":[{\"@type\":\"SearchAction\",\"target\":{\"@type\":\"EntryPoint\",\"urlTemplate\":\"https:\/\/www.iplay.com\/en\/?s={search_term_string}\"},\"query-input\":{\"@type\":\"PropertyValueSpecification\",\"valueRequired\":true,\"valueName\":\"search_term_string\"}}],\"inLanguage\":\"it-IT\"},{\"@type\":\"Organization\",\"@id\":\"https:\/\/www.iplay.com\/en\/#organization\",\"name\":\"IPlay\",\"url\":\"https:\/\/www.iplay.com\/en\/\",\"logo\":{\"@type\":\"ImageObject\",\"inLanguage\":\"it-IT\",\"@id\":\"https:\/\/www.iplay.com\/en\/#\/schema\/logo\/image\/\",\"url\":\"https:\/\/www.iplay.com\/wp-content\/uploads\/2023\/11\/Group-6100.svg\",\"contentUrl\":\"https:\/\/www.iplay.com\/wp-content\/uploads\/2023\/11\/Group-6100.svg\",\"width\":98,\"height\":25,\"caption\":\"IPlay\"},\"image\":{\"@id\":\"https:\/\/www.iplay.com\/en\/#\/schema\/logo\/image\/\"}}]}<\/script>\n<!-- \/ Yoast SEO Premium plugin. -->","yoast_head_json":{"title":"Equipaggio di emergenza 5 CE : Unisciti alla Squadra 17 per audaci salvataggi globali","description":"Unisciti ai soccorritori d'\u00e9lite della Squadra 17 mentre affrontano missioni pericolose mentre sono in vacanza, affrontando un blogger spericolato in questa emozionante avventura.","robots":{"index":"index","follow":"follow","max-snippet":"max-snippet:-1","max-image-preview":"max-image-preview:large","max-video-preview":"max-video-preview:-1"},"canonical":"https:\/\/www.iplay.com\/en\/games\/emergency-crew-5-blazing-vacation-collectors-edition\/","og_locale":"it_IT","og_type":"article","og_title":"Emergency Crew 5: Blazing Vacation Collector's Edition","og_description":"Unisciti ai soccorritori d'\u00e9lite della Squadra 17 mentre affrontano missioni pericolose mentre sono in vacanza, affrontando un blogger spericolato in questa emozionante avventura.","og_url":"https:\/\/www.iplay.com\/en\/games\/emergency-crew-5-blazing-vacation-collectors-edition\/","og_site_name":"IPlay","og_image":[{"width":715,"height":485,"url":"https:\/\/www.iplay.com\/wp-content\/uploads\/2025\/05\/emergency_crew_5_blazing_vacation_ce_large_video_screenshot.webp","type":"image\/webp"}],"twitter_card":"summary_large_image","twitter_misc":{"Est. reading time":"2 minuti"},"schema":{"@context":"https:\/\/schema.org","@graph":[{"@type":"WebPage","@id":"https:\/\/www.iplay.com\/en\/games\/emergency-crew-5-blazing-vacation-collectors-edition\/","url":"https:\/\/www.iplay.com\/en\/games\/emergency-crew-5-blazing-vacation-collectors-edition\/","name":"Equipaggio di emergenza 5 CE : Unisciti alla Squadra 17 per audaci salvataggi globali","isPartOf":{"@id":"https:\/\/www.iplay.com\/en\/#website"},"primaryImageOfPage":{"@id":"https:\/\/www.iplay.com\/en\/games\/emergency-crew-5-blazing-vacation-collectors-edition\/#primaryimage"},"image":{"@id":"https:\/\/www.iplay.com\/en\/games\/emergency-crew-5-blazing-vacation-collectors-edition\/#primaryimage"},"thumbnailUrl":"https:\/\/www.iplay.com\/wp-content\/uploads\/2025\/05\/emergency_crew_5_blazing_vacation_ce_large_square_tile_image.webp","datePublished":"2025-05-09T09:30:54+00:00","description":"Unisciti ai soccorritori d'\u00e9lite della Squadra 17 mentre affrontano missioni pericolose mentre sono in vacanza, affrontando un blogger spericolato in questa emozionante avventura.","breadcrumb":{"@id":"https:\/\/www.iplay.com\/en\/games\/emergency-crew-5-blazing-vacation-collectors-edition\/#breadcrumb"},"inLanguage":"it-IT","potentialAction":[{"@type":"ReadAction","target":["https:\/\/www.iplay.com\/en\/games\/emergency-crew-5-blazing-vacation-collectors-edition\/"]}]},{"@type":"ImageObject","inLanguage":"it-IT","@id":"https:\/\/www.iplay.com\/en\/games\/emergency-crew-5-blazing-vacation-collectors-edition\/#primaryimage","url":"https:\/\/www.iplay.com\/wp-content\/uploads\/2025\/05\/emergency_crew_5_blazing_vacation_ce_large_square_tile_image.webp","contentUrl":"https:\/\/www.iplay.com\/wp-content\/uploads\/2025\/05\/emergency_crew_5_blazing_vacation_ce_large_square_tile_image.webp","width":310,"height":310},{"@type":"BreadcrumbList","@id":"https:\/\/www.iplay.com\/en\/games\/emergency-crew-5-blazing-vacation-collectors-edition\/#breadcrumb","itemListElement":[{"@type":"ListItem","position":1,"name":"Home","item":"https:\/\/www.iplay.com\/it\/home-page-2\/"},{"@type":"ListItem","position":2,"name":"Shop","item":"https:\/\/www.iplay.com\/en\/shop\/"},{"@type":"ListItem","position":3,"name":"Emergency Crew 5: Blazing Vacation Collector&#8217;s Edition"}]},{"@type":"WebSite","@id":"https:\/\/www.iplay.com\/en\/#website","url":"https:\/\/www.iplay.com\/en\/","name":"IPlay","description":"The Best Casual Games!","publisher":{"@id":"https:\/\/www.iplay.com\/en\/#organization"},"potentialAction":[{"@type":"SearchAction","target":{"@type":"EntryPoint","urlTemplate":"https:\/\/www.iplay.com\/en\/?s={search_term_string}"},"query-input":{"@type":"PropertyValueSpecification","valueRequired":true,"valueName":"search_term_string"}}],"inLanguage":"it-IT"},{"@type":"Organization","@id":"https:\/\/www.iplay.com\/en\/#organization","name":"IPlay","url":"https:\/\/www.iplay.com\/en\/","logo":{"@type":"ImageObject","inLanguage":"it-IT","@id":"https:\/\/www.iplay.com\/en\/#\/schema\/logo\/image\/","url":"https:\/\/www.iplay.com\/wp-content\/uploads\/2023\/11\/Group-6100.svg","contentUrl":"https:\/\/www.iplay.com\/wp-content\/uploads\/2023\/11\/Group-6100.svg","width":98,"height":25,"caption":"IPlay"},"image":{"@id":"https:\/\/www.iplay.com\/en\/#\/schema\/logo\/image\/"}}]}},"_links":{"self":[{"href":"https:\/\/www.iplay.com\/it\/wp-json\/wp\/v2\/product\/136317","targetHints":{"allow":["GET"]}}],"collection":[{"href":"https:\/\/www.iplay.com\/it\/wp-json\/wp\/v2\/product"}],"about":[{"href":"https:\/\/www.iplay.com\/it\/wp-json\/wp\/v2\/types\/product"}],"author":[{"embeddable":true,"href":"https:\/\/www.iplay.com\/it\/wp-json\/wp\/v2\/users\/13"}],"replies":[{"embeddable":true,"href":"https:\/\/www.iplay.com\/it\/wp-json\/wp\/v2\/comments?post=136317"}],"wp:featuredmedia":[{"embeddable":true,"href":"https:\/\/www.iplay.com\/it\/wp-json\/wp\/v2\/media\/136311"}],"wp:attachment":[{"href":"https:\/\/www.iplay.com\/it\/wp-json\/wp\/v2\/media?parent=136317"}],"wp:term":[{"taxonomy":"product_brand","embeddable":true,"href":"https:\/\/www.iplay.com\/it\/wp-json\/wp\/v2\/product_brand?post=136317"},{"taxonomy":"product_cat","embeddable":true,"href":"https:\/\/www.iplay.com\/it\/wp-json\/wp\/v2\/product_cat?post=136317"},{"taxonomy":"product_tag","embeddable":true,"href":"https:\/\/www.iplay.com\/it\/wp-json\/wp\/v2\/product_tag?post=136317"}],"curies":[{"name":"wp","href":"https:\/\/api.w.org\/{rel}","templated":true}]}}