{"id":135917,"date":"2017-02-14T00:00:00","date_gmt":"2017-02-14T00:00:00","guid":{"rendered":"https:\/\/www.iplay.com\/games\/maggies-movies-camera-action-collectors-edition\/"},"modified":"2017-02-14T00:00:00","modified_gmt":"2017-02-14T00:00:00","slug":"maggies-movies-camera-action-collectors-edition","status":"publish","type":"product","link":"https:\/\/www.iplay.com\/it\/games\/maggies-movies-camera-action-collectors-edition\/","title":{"rendered":"Maggie&#8217;s Movies: Camera, Action! Collector&#8217;s Edition"},"content":{"rendered":"<p>Maggie ha sempre avuto una passione per il cinema e aspira a dirigere film. Ma la produttrice continua a intralciare il suo desiderio quando ottiene la sua grande occasione come assistente alla regia nel prossimo film della Sure Shot Pictures Waves of Love. I diligenti lavoratori minacciano di scioperare perch\u00e9 Susan non li pagher\u00e0 per gli straordinari! Susan deve trovare un modo per mantenere la troupe sul set senza violare la sua morale perch\u00e9, a peggiorare le cose, ritiene Maggie responsabile del loro malcontento. Maggie deve convincere il figlio del proprietario dello studio che pu\u00f2 completare il progetto nei tempi e nel budget, altrimenti rischia di perdere il lavoro!    <\/p>\n<p>&nbsp;<\/p>\n<p>Maggie \u00e8 sempre stata una lavoratrice dedicata, onesta e modesta, ma trova difficile essere se stessa in questo contesto. Riuscir\u00e0 a gestire lo show, evitare di essere coinvolta nel dramma di Hollywood e inseguire il suo sogno fino alla sedia da regista? <\/p>\n<p>&nbsp;<\/p>\n<p>&nbsp;<\/p>\n<p><strong>Tratti somatici:<\/strong><\/p>\n<p>&nbsp;<\/p>\n<p>&#8211; Un capitolo extra che descrive i primi anni di Maggie e come suo nonno l&#8217;ha introdotta nel mondo del cinema.<\/p>\n<p>&#8211; Vivi 78 livelli distribuiti in 6 capitoli, di cui 18 SFIDA!<\/p>\n<p>&#8211; Rivestimenti murali e arte concettuale.<\/p>\n<p>&#8211; Riconoscimenti e risultati extra!<\/p>\n","protected":false},"excerpt":{"rendered":"<p>Un nuovissimo gioco di gestione del tempo che incoraggia la caccia ai sogni!<\/p>\n","protected":false},"author":4,"featured_media":101268,"comment_status":"open","ping_status":"closed","template":"","meta":{"_acf_changed":false,"inline_featured_image":false},"product_brand":[],"product_cat":[214],"product_tag":[290],"class_list":{"0":"post-135917","1":"product","2":"type-product","3":"status-publish","4":"has-post-thumbnail","6":"product_cat-time-management-it","7":"product_tag-play-on-pc-it","9":"first","10":"instock","11":"shipping-taxable","12":"purchasable","13":"product-type-simple"},"acf":[],"yoast_head":"<!-- This site is optimized with the Yoast SEO Premium plugin v25.2 (Yoast SEO v25.2) - https:\/\/yoast.com\/wordpress\/plugins\/seo\/ -->\n<title>I film di Maggie: macchina da presa, azione! Collector&#039;s Edition - Un nuovo gioco di gestione del tempo su come seguire i propri sogni<\/title>\n<meta name=\"description\" content=\"Un nuovissimo gioco di gestione del tempo che incoraggia la caccia ai sogni!\" \/>\n<meta name=\"robots\" content=\"index, follow, max-snippet:-1, max-image-preview:large, max-video-preview:-1\" \/>\n<link rel=\"canonical\" href=\"https:\/\/www.iplay.com\/it\/games\/maggies-movies-camera-action-collectors-edition\/\" \/>\n<meta property=\"og:locale\" content=\"it_IT\" \/>\n<meta property=\"og:type\" content=\"article\" \/>\n<meta property=\"og:title\" content=\"Maggie&#039;s Movies: Camera, Action! Collector&#039;s Edition\" \/>\n<meta property=\"og:description\" content=\"Un nuovissimo gioco di gestione del tempo che incoraggia la caccia ai sogni!\" \/>\n<meta property=\"og:url\" content=\"https:\/\/www.iplay.com\/it\/games\/maggies-movies-camera-action-collectors-edition\/\" \/>\n<meta property=\"og:site_name\" content=\"IPlay\" \/>\n<meta property=\"og:image\" content=\"https:\/\/www.iplay.com\/wp-content\/uploads\/2023\/12\/large_square_tile_image-3839.jpg\" \/>\n\t<meta property=\"og:image:width\" content=\"310\" \/>\n\t<meta property=\"og:image:height\" content=\"310\" \/>\n\t<meta property=\"og:image:type\" content=\"image\/jpeg\" \/>\n<meta name=\"twitter:card\" content=\"summary_large_image\" \/>\n<meta name=\"twitter:label1\" content=\"Est. reading time\" \/>\n\t<meta name=\"twitter:data1\" content=\"1 minuto\" \/>\n<script type=\"application\/ld+json\" class=\"yoast-schema-graph\">{\"@context\":\"https:\/\/schema.org\",\"@graph\":[{\"@type\":\"WebPage\",\"@id\":\"https:\/\/www.iplay.com\/it\/games\/maggies-movies-camera-action-collectors-edition\/\",\"url\":\"https:\/\/www.iplay.com\/it\/games\/maggies-movies-camera-action-collectors-edition\/\",\"name\":\"I film di Maggie: macchina da presa, azione! Collector's Edition - Un nuovo gioco di gestione del tempo su come seguire i propri sogni\",\"isPartOf\":{\"@id\":\"https:\/\/www.iplay.com\/en\/#website\"},\"primaryImageOfPage\":{\"@id\":\"https:\/\/www.iplay.com\/it\/games\/maggies-movies-camera-action-collectors-edition\/#primaryimage\"},\"image\":{\"@id\":\"https:\/\/www.iplay.com\/it\/games\/maggies-movies-camera-action-collectors-edition\/#primaryimage\"},\"thumbnailUrl\":\"https:\/\/www.iplay.com\/wp-content\/uploads\/2023\/12\/large_square_tile_image-3839.jpg\",\"datePublished\":\"2017-02-14T00:00:00+00:00\",\"description\":\"Un nuovissimo gioco di gestione del tempo che incoraggia la caccia ai sogni!\",\"breadcrumb\":{\"@id\":\"https:\/\/www.iplay.com\/it\/games\/maggies-movies-camera-action-collectors-edition\/#breadcrumb\"},\"inLanguage\":\"it-IT\",\"potentialAction\":[{\"@type\":\"ReadAction\",\"target\":[\"https:\/\/www.iplay.com\/it\/games\/maggies-movies-camera-action-collectors-edition\/\"]}]},{\"@type\":\"ImageObject\",\"inLanguage\":\"it-IT\",\"@id\":\"https:\/\/www.iplay.com\/it\/games\/maggies-movies-camera-action-collectors-edition\/#primaryimage\",\"url\":\"https:\/\/www.iplay.com\/wp-content\/uploads\/2023\/12\/large_square_tile_image-3839.jpg\",\"contentUrl\":\"https:\/\/www.iplay.com\/wp-content\/uploads\/2023\/12\/large_square_tile_image-3839.jpg\",\"width\":310,\"height\":310},{\"@type\":\"BreadcrumbList\",\"@id\":\"https:\/\/www.iplay.com\/it\/games\/maggies-movies-camera-action-collectors-edition\/#breadcrumb\",\"itemListElement\":[{\"@type\":\"ListItem\",\"position\":1,\"name\":\"Home\",\"item\":\"https:\/\/www.iplay.com\/it\/home-page-2\/\"},{\"@type\":\"ListItem\",\"position\":2,\"name\":\"Shop\",\"item\":\"https:\/\/www.iplay.com\/en\/shop\/\"},{\"@type\":\"ListItem\",\"position\":3,\"name\":\"Maggie&#8217;s Movies: Camera, Action! Collector&#8217;s Edition\"}]},{\"@type\":\"WebSite\",\"@id\":\"https:\/\/www.iplay.com\/en\/#website\",\"url\":\"https:\/\/www.iplay.com\/en\/\",\"name\":\"IPlay\",\"description\":\"The Best Casual Games!\",\"publisher\":{\"@id\":\"https:\/\/www.iplay.com\/en\/#organization\"},\"potentialAction\":[{\"@type\":\"SearchAction\",\"target\":{\"@type\":\"EntryPoint\",\"urlTemplate\":\"https:\/\/www.iplay.com\/en\/?s={search_term_string}\"},\"query-input\":{\"@type\":\"PropertyValueSpecification\",\"valueRequired\":true,\"valueName\":\"search_term_string\"}}],\"inLanguage\":\"it-IT\"},{\"@type\":\"Organization\",\"@id\":\"https:\/\/www.iplay.com\/en\/#organization\",\"name\":\"IPlay\",\"url\":\"https:\/\/www.iplay.com\/en\/\",\"logo\":{\"@type\":\"ImageObject\",\"inLanguage\":\"it-IT\",\"@id\":\"https:\/\/www.iplay.com\/en\/#\/schema\/logo\/image\/\",\"url\":\"https:\/\/www.iplay.com\/wp-content\/uploads\/2023\/11\/Group-6100.svg\",\"contentUrl\":\"https:\/\/www.iplay.com\/wp-content\/uploads\/2023\/11\/Group-6100.svg\",\"width\":98,\"height\":25,\"caption\":\"IPlay\"},\"image\":{\"@id\":\"https:\/\/www.iplay.com\/en\/#\/schema\/logo\/image\/\"}}]}<\/script>\n<!-- \/ Yoast SEO Premium plugin. -->","yoast_head_json":{"title":"I film di Maggie: macchina da presa, azione! Collector's Edition - Un nuovo gioco di gestione del tempo su come seguire i propri sogni","description":"Un nuovissimo gioco di gestione del tempo che incoraggia la caccia ai sogni!","robots":{"index":"index","follow":"follow","max-snippet":"max-snippet:-1","max-image-preview":"max-image-preview:large","max-video-preview":"max-video-preview:-1"},"canonical":"https:\/\/www.iplay.com\/it\/games\/maggies-movies-camera-action-collectors-edition\/","og_locale":"it_IT","og_type":"article","og_title":"Maggie's Movies: Camera, Action! Collector's Edition","og_description":"Un nuovissimo gioco di gestione del tempo che incoraggia la caccia ai sogni!","og_url":"https:\/\/www.iplay.com\/it\/games\/maggies-movies-camera-action-collectors-edition\/","og_site_name":"IPlay","og_image":[{"width":310,"height":310,"url":"https:\/\/www.iplay.com\/wp-content\/uploads\/2023\/12\/large_square_tile_image-3839.jpg","type":"image\/jpeg"}],"twitter_card":"summary_large_image","twitter_misc":{"Est. reading time":"1 minuto"},"schema":{"@context":"https:\/\/schema.org","@graph":[{"@type":"WebPage","@id":"https:\/\/www.iplay.com\/it\/games\/maggies-movies-camera-action-collectors-edition\/","url":"https:\/\/www.iplay.com\/it\/games\/maggies-movies-camera-action-collectors-edition\/","name":"I film di Maggie: macchina da presa, azione! Collector's Edition - Un nuovo gioco di gestione del tempo su come seguire i propri sogni","isPartOf":{"@id":"https:\/\/www.iplay.com\/en\/#website"},"primaryImageOfPage":{"@id":"https:\/\/www.iplay.com\/it\/games\/maggies-movies-camera-action-collectors-edition\/#primaryimage"},"image":{"@id":"https:\/\/www.iplay.com\/it\/games\/maggies-movies-camera-action-collectors-edition\/#primaryimage"},"thumbnailUrl":"https:\/\/www.iplay.com\/wp-content\/uploads\/2023\/12\/large_square_tile_image-3839.jpg","datePublished":"2017-02-14T00:00:00+00:00","description":"Un nuovissimo gioco di gestione del tempo che incoraggia la caccia ai sogni!","breadcrumb":{"@id":"https:\/\/www.iplay.com\/it\/games\/maggies-movies-camera-action-collectors-edition\/#breadcrumb"},"inLanguage":"it-IT","potentialAction":[{"@type":"ReadAction","target":["https:\/\/www.iplay.com\/it\/games\/maggies-movies-camera-action-collectors-edition\/"]}]},{"@type":"ImageObject","inLanguage":"it-IT","@id":"https:\/\/www.iplay.com\/it\/games\/maggies-movies-camera-action-collectors-edition\/#primaryimage","url":"https:\/\/www.iplay.com\/wp-content\/uploads\/2023\/12\/large_square_tile_image-3839.jpg","contentUrl":"https:\/\/www.iplay.com\/wp-content\/uploads\/2023\/12\/large_square_tile_image-3839.jpg","width":310,"height":310},{"@type":"BreadcrumbList","@id":"https:\/\/www.iplay.com\/it\/games\/maggies-movies-camera-action-collectors-edition\/#breadcrumb","itemListElement":[{"@type":"ListItem","position":1,"name":"Home","item":"https:\/\/www.iplay.com\/it\/home-page-2\/"},{"@type":"ListItem","position":2,"name":"Shop","item":"https:\/\/www.iplay.com\/en\/shop\/"},{"@type":"ListItem","position":3,"name":"Maggie&#8217;s Movies: Camera, Action! Collector&#8217;s Edition"}]},{"@type":"WebSite","@id":"https:\/\/www.iplay.com\/en\/#website","url":"https:\/\/www.iplay.com\/en\/","name":"IPlay","description":"The Best Casual Games!","publisher":{"@id":"https:\/\/www.iplay.com\/en\/#organization"},"potentialAction":[{"@type":"SearchAction","target":{"@type":"EntryPoint","urlTemplate":"https:\/\/www.iplay.com\/en\/?s={search_term_string}"},"query-input":{"@type":"PropertyValueSpecification","valueRequired":true,"valueName":"search_term_string"}}],"inLanguage":"it-IT"},{"@type":"Organization","@id":"https:\/\/www.iplay.com\/en\/#organization","name":"IPlay","url":"https:\/\/www.iplay.com\/en\/","logo":{"@type":"ImageObject","inLanguage":"it-IT","@id":"https:\/\/www.iplay.com\/en\/#\/schema\/logo\/image\/","url":"https:\/\/www.iplay.com\/wp-content\/uploads\/2023\/11\/Group-6100.svg","contentUrl":"https:\/\/www.iplay.com\/wp-content\/uploads\/2023\/11\/Group-6100.svg","width":98,"height":25,"caption":"IPlay"},"image":{"@id":"https:\/\/www.iplay.com\/en\/#\/schema\/logo\/image\/"}}]}},"_links":{"self":[{"href":"https:\/\/www.iplay.com\/it\/wp-json\/wp\/v2\/product\/135917","targetHints":{"allow":["GET"]}}],"collection":[{"href":"https:\/\/www.iplay.com\/it\/wp-json\/wp\/v2\/product"}],"about":[{"href":"https:\/\/www.iplay.com\/it\/wp-json\/wp\/v2\/types\/product"}],"author":[{"embeddable":true,"href":"https:\/\/www.iplay.com\/it\/wp-json\/wp\/v2\/users\/4"}],"replies":[{"embeddable":true,"href":"https:\/\/www.iplay.com\/it\/wp-json\/wp\/v2\/comments?post=135917"}],"wp:featuredmedia":[{"embeddable":true,"href":"https:\/\/www.iplay.com\/it\/wp-json\/wp\/v2\/media\/101268"}],"wp:attachment":[{"href":"https:\/\/www.iplay.com\/it\/wp-json\/wp\/v2\/media?parent=135917"}],"wp:term":[{"taxonomy":"product_brand","embeddable":true,"href":"https:\/\/www.iplay.com\/it\/wp-json\/wp\/v2\/product_brand?post=135917"},{"taxonomy":"product_cat","embeddable":true,"href":"https:\/\/www.iplay.com\/it\/wp-json\/wp\/v2\/product_cat?post=135917"},{"taxonomy":"product_tag","embeddable":true,"href":"https:\/\/www.iplay.com\/it\/wp-json\/wp\/v2\/product_tag?post=135917"}],"curies":[{"name":"wp","href":"https:\/\/api.w.org\/{rel}","templated":true}]}}