{"id":135795,"date":"2018-02-22T00:00:00","date_gmt":"2018-02-22T00:00:00","guid":{"rendered":"https:\/\/www.iplay.com\/games\/parker-lane-criminal-justice-platinum-edition\/"},"modified":"2018-02-22T00:00:00","modified_gmt":"2018-02-22T00:00:00","slug":"parker-lane-criminal-justice-platinum-edition","status":"publish","type":"product","link":"https:\/\/www.iplay.com\/it\/games\/parker-lane-criminal-justice-platinum-edition\/","title":{"rendered":"Parker &amp; Lane: Criminal Justice Platinum Edition"},"content":{"rendered":"<p>In Parker &amp; Lane Criminal Justice, la citt\u00e0 \u00e8 assediata da una serie di omicidi. In questo esclusivo gioco di investigazione criminale, assumi il ruolo di un detective della omicidi e aiuta a stabilire la legge e l&#8217;ordine! Anche se la sua vita \u00e8 un disastro, Lily Parker \u00e8 una detective brillante e morale che lavora duramente per rinchiudere i criminali e migliorare il mondo. Victor Lane \u00e8 un affascinante ma presuntuoso avvocato difensore penale che si preoccupa solo di essere pagato, indipendentemente dal cliente. \u00c8 anche il pi\u00f9 grande in quello che fa. Parker viene costretto a collaborare con Lane al fine di identificare il colpevole quando molti dei criminali che Lane ha precedentemente difeso iniziano a morire. \u00c8 possibile che la vittima sia uno degli autori del reato? O forse un vigilante di qualche tipo? Lane \u00e8 l&#8217;obiettivo di questo targeting? Partecipa al primo capitolo di un emozionante gioco di gestione del tempo, vivi l&#8217;emozione dell&#8217;inseguimento e dimostra le tue impareggiabili abilit\u00e0 investigative! Siete invitati a Parker &amp; Lane Criminal Justice.          <\/p>\n<p>&nbsp;<\/p>\n<p>&nbsp;<\/p>\n<p><strong>Tratti somatici:<\/strong><\/p>\n<p>&nbsp;<\/p>\n<p>&#8211; Aiuta a scoprire l&#8217;assassino sotto copertura prima che un&#8217;altra vittima muoia!<br \/>\n&#8211; Esplora nove luoghi distinti alla ricerca di prove<br \/>\n&#8211; Impara 18 minigiochi incentrati sull&#8217;indagine<br \/>\n forense- Esamina indizi e analizza oggetti usando tecniche<br \/>\n forensi- Gioca attraverso sessanta incredibili livelli della storia e trenta livelli<br \/>\n di sfida aggiuntivi- Completa il tuo fascicolo raccogliendo diamanti; supera le sfide quotidiane per guadagnare pi\u00f9 diamanti per il tuo fascicolo<br \/>\n&#8211; Batti il tuo punteggio pi\u00f9 alto con una scelta di quindici incredibili livelli infiniti<\/p>\n","protected":false},"excerpt":{"rendered":"<p>Sei pronto a risolvere il mistero e ad arrestare l&#8217;autore del reato?<\/p>\n","protected":false},"author":10,"featured_media":87793,"comment_status":"open","ping_status":"closed","template":"","meta":{"_acf_changed":false,"inline_featured_image":false},"product_brand":[],"product_cat":[214],"product_tag":[290],"class_list":{"0":"post-135795","1":"product","2":"type-product","3":"status-publish","4":"has-post-thumbnail","6":"product_cat-time-management-it","7":"product_tag-play-on-pc-it","9":"first","10":"instock","11":"shipping-taxable","12":"purchasable","13":"product-type-simple"},"acf":[],"yoast_head":"<!-- This site is optimized with the Yoast SEO Premium plugin v25.2 (Yoast SEO v25.2) - https:\/\/yoast.com\/wordpress\/plugins\/seo\/ -->\n<title>Parker &amp; Lane: Criminal Justice Platinum Edition - Pronto a risolvere un caso e consegnare un criminale alla giustizia?<\/title>\n<meta name=\"description\" content=\"Sei pronto a risolvere il mistero e ad arrestare l&#039;autore del reato?\" \/>\n<meta name=\"robots\" content=\"index, follow, max-snippet:-1, max-image-preview:large, max-video-preview:-1\" \/>\n<link rel=\"canonical\" href=\"https:\/\/www.iplay.com\/it\/games\/parker-lane-criminal-justice-platinum-edition\/\" \/>\n<meta property=\"og:locale\" content=\"it_IT\" \/>\n<meta property=\"og:type\" content=\"article\" \/>\n<meta property=\"og:title\" content=\"Parker &amp; Lane: Criminal Justice Platinum Edition\" \/>\n<meta property=\"og:description\" content=\"Sei pronto a risolvere il mistero e ad arrestare l&#039;autore del reato?\" \/>\n<meta property=\"og:url\" content=\"https:\/\/www.iplay.com\/it\/games\/parker-lane-criminal-justice-platinum-edition\/\" \/>\n<meta property=\"og:site_name\" content=\"IPlay\" \/>\n<meta property=\"og:image\" content=\"https:\/\/www.iplay.com\/wp-content\/uploads\/2023\/12\/large_square_tile_image-2999.jpg\" \/>\n\t<meta property=\"og:image:width\" content=\"310\" \/>\n\t<meta property=\"og:image:height\" content=\"310\" \/>\n\t<meta property=\"og:image:type\" content=\"image\/jpeg\" \/>\n<meta name=\"twitter:card\" content=\"summary_large_image\" \/>\n<meta name=\"twitter:label1\" content=\"Est. reading time\" \/>\n\t<meta name=\"twitter:data1\" content=\"1 minuto\" \/>\n<script type=\"application\/ld+json\" class=\"yoast-schema-graph\">{\"@context\":\"https:\/\/schema.org\",\"@graph\":[{\"@type\":\"WebPage\",\"@id\":\"https:\/\/www.iplay.com\/it\/games\/parker-lane-criminal-justice-platinum-edition\/\",\"url\":\"https:\/\/www.iplay.com\/it\/games\/parker-lane-criminal-justice-platinum-edition\/\",\"name\":\"Parker & Lane: Criminal Justice Platinum Edition - Pronto a risolvere un caso e consegnare un criminale alla giustizia?\",\"isPartOf\":{\"@id\":\"https:\/\/www.iplay.com\/en\/#website\"},\"primaryImageOfPage\":{\"@id\":\"https:\/\/www.iplay.com\/it\/games\/parker-lane-criminal-justice-platinum-edition\/#primaryimage\"},\"image\":{\"@id\":\"https:\/\/www.iplay.com\/it\/games\/parker-lane-criminal-justice-platinum-edition\/#primaryimage\"},\"thumbnailUrl\":\"https:\/\/www.iplay.com\/wp-content\/uploads\/2023\/12\/large_square_tile_image-2999.jpg\",\"datePublished\":\"2018-02-22T00:00:00+00:00\",\"description\":\"Sei pronto a risolvere il mistero e ad arrestare l'autore del reato?\",\"breadcrumb\":{\"@id\":\"https:\/\/www.iplay.com\/it\/games\/parker-lane-criminal-justice-platinum-edition\/#breadcrumb\"},\"inLanguage\":\"it-IT\",\"potentialAction\":[{\"@type\":\"ReadAction\",\"target\":[\"https:\/\/www.iplay.com\/it\/games\/parker-lane-criminal-justice-platinum-edition\/\"]}]},{\"@type\":\"ImageObject\",\"inLanguage\":\"it-IT\",\"@id\":\"https:\/\/www.iplay.com\/it\/games\/parker-lane-criminal-justice-platinum-edition\/#primaryimage\",\"url\":\"https:\/\/www.iplay.com\/wp-content\/uploads\/2023\/12\/large_square_tile_image-2999.jpg\",\"contentUrl\":\"https:\/\/www.iplay.com\/wp-content\/uploads\/2023\/12\/large_square_tile_image-2999.jpg\",\"width\":310,\"height\":310},{\"@type\":\"BreadcrumbList\",\"@id\":\"https:\/\/www.iplay.com\/it\/games\/parker-lane-criminal-justice-platinum-edition\/#breadcrumb\",\"itemListElement\":[{\"@type\":\"ListItem\",\"position\":1,\"name\":\"Home\",\"item\":\"https:\/\/www.iplay.com\/it\/home-page-2\/\"},{\"@type\":\"ListItem\",\"position\":2,\"name\":\"Shop\",\"item\":\"https:\/\/www.iplay.com\/en\/shop\/\"},{\"@type\":\"ListItem\",\"position\":3,\"name\":\"Parker &amp; Lane: Criminal Justice Platinum Edition\"}]},{\"@type\":\"WebSite\",\"@id\":\"https:\/\/www.iplay.com\/en\/#website\",\"url\":\"https:\/\/www.iplay.com\/en\/\",\"name\":\"IPlay\",\"description\":\"The Best Casual Games!\",\"publisher\":{\"@id\":\"https:\/\/www.iplay.com\/en\/#organization\"},\"potentialAction\":[{\"@type\":\"SearchAction\",\"target\":{\"@type\":\"EntryPoint\",\"urlTemplate\":\"https:\/\/www.iplay.com\/en\/?s={search_term_string}\"},\"query-input\":{\"@type\":\"PropertyValueSpecification\",\"valueRequired\":true,\"valueName\":\"search_term_string\"}}],\"inLanguage\":\"it-IT\"},{\"@type\":\"Organization\",\"@id\":\"https:\/\/www.iplay.com\/en\/#organization\",\"name\":\"IPlay\",\"url\":\"https:\/\/www.iplay.com\/en\/\",\"logo\":{\"@type\":\"ImageObject\",\"inLanguage\":\"it-IT\",\"@id\":\"https:\/\/www.iplay.com\/en\/#\/schema\/logo\/image\/\",\"url\":\"https:\/\/www.iplay.com\/wp-content\/uploads\/2023\/11\/Group-6100.svg\",\"contentUrl\":\"https:\/\/www.iplay.com\/wp-content\/uploads\/2023\/11\/Group-6100.svg\",\"width\":98,\"height\":25,\"caption\":\"IPlay\"},\"image\":{\"@id\":\"https:\/\/www.iplay.com\/en\/#\/schema\/logo\/image\/\"}}]}<\/script>\n<!-- \/ Yoast SEO Premium plugin. -->","yoast_head_json":{"title":"Parker & Lane: Criminal Justice Platinum Edition - Pronto a risolvere un caso e consegnare un criminale alla giustizia?","description":"Sei pronto a risolvere il mistero e ad arrestare l'autore del reato?","robots":{"index":"index","follow":"follow","max-snippet":"max-snippet:-1","max-image-preview":"max-image-preview:large","max-video-preview":"max-video-preview:-1"},"canonical":"https:\/\/www.iplay.com\/it\/games\/parker-lane-criminal-justice-platinum-edition\/","og_locale":"it_IT","og_type":"article","og_title":"Parker &amp; Lane: Criminal Justice Platinum Edition","og_description":"Sei pronto a risolvere il mistero e ad arrestare l'autore del reato?","og_url":"https:\/\/www.iplay.com\/it\/games\/parker-lane-criminal-justice-platinum-edition\/","og_site_name":"IPlay","og_image":[{"width":310,"height":310,"url":"https:\/\/www.iplay.com\/wp-content\/uploads\/2023\/12\/large_square_tile_image-2999.jpg","type":"image\/jpeg"}],"twitter_card":"summary_large_image","twitter_misc":{"Est. reading time":"1 minuto"},"schema":{"@context":"https:\/\/schema.org","@graph":[{"@type":"WebPage","@id":"https:\/\/www.iplay.com\/it\/games\/parker-lane-criminal-justice-platinum-edition\/","url":"https:\/\/www.iplay.com\/it\/games\/parker-lane-criminal-justice-platinum-edition\/","name":"Parker & Lane: Criminal Justice Platinum Edition - Pronto a risolvere un caso e consegnare un criminale alla giustizia?","isPartOf":{"@id":"https:\/\/www.iplay.com\/en\/#website"},"primaryImageOfPage":{"@id":"https:\/\/www.iplay.com\/it\/games\/parker-lane-criminal-justice-platinum-edition\/#primaryimage"},"image":{"@id":"https:\/\/www.iplay.com\/it\/games\/parker-lane-criminal-justice-platinum-edition\/#primaryimage"},"thumbnailUrl":"https:\/\/www.iplay.com\/wp-content\/uploads\/2023\/12\/large_square_tile_image-2999.jpg","datePublished":"2018-02-22T00:00:00+00:00","description":"Sei pronto a risolvere il mistero e ad arrestare l'autore del reato?","breadcrumb":{"@id":"https:\/\/www.iplay.com\/it\/games\/parker-lane-criminal-justice-platinum-edition\/#breadcrumb"},"inLanguage":"it-IT","potentialAction":[{"@type":"ReadAction","target":["https:\/\/www.iplay.com\/it\/games\/parker-lane-criminal-justice-platinum-edition\/"]}]},{"@type":"ImageObject","inLanguage":"it-IT","@id":"https:\/\/www.iplay.com\/it\/games\/parker-lane-criminal-justice-platinum-edition\/#primaryimage","url":"https:\/\/www.iplay.com\/wp-content\/uploads\/2023\/12\/large_square_tile_image-2999.jpg","contentUrl":"https:\/\/www.iplay.com\/wp-content\/uploads\/2023\/12\/large_square_tile_image-2999.jpg","width":310,"height":310},{"@type":"BreadcrumbList","@id":"https:\/\/www.iplay.com\/it\/games\/parker-lane-criminal-justice-platinum-edition\/#breadcrumb","itemListElement":[{"@type":"ListItem","position":1,"name":"Home","item":"https:\/\/www.iplay.com\/it\/home-page-2\/"},{"@type":"ListItem","position":2,"name":"Shop","item":"https:\/\/www.iplay.com\/en\/shop\/"},{"@type":"ListItem","position":3,"name":"Parker &amp; Lane: Criminal Justice Platinum Edition"}]},{"@type":"WebSite","@id":"https:\/\/www.iplay.com\/en\/#website","url":"https:\/\/www.iplay.com\/en\/","name":"IPlay","description":"The Best Casual Games!","publisher":{"@id":"https:\/\/www.iplay.com\/en\/#organization"},"potentialAction":[{"@type":"SearchAction","target":{"@type":"EntryPoint","urlTemplate":"https:\/\/www.iplay.com\/en\/?s={search_term_string}"},"query-input":{"@type":"PropertyValueSpecification","valueRequired":true,"valueName":"search_term_string"}}],"inLanguage":"it-IT"},{"@type":"Organization","@id":"https:\/\/www.iplay.com\/en\/#organization","name":"IPlay","url":"https:\/\/www.iplay.com\/en\/","logo":{"@type":"ImageObject","inLanguage":"it-IT","@id":"https:\/\/www.iplay.com\/en\/#\/schema\/logo\/image\/","url":"https:\/\/www.iplay.com\/wp-content\/uploads\/2023\/11\/Group-6100.svg","contentUrl":"https:\/\/www.iplay.com\/wp-content\/uploads\/2023\/11\/Group-6100.svg","width":98,"height":25,"caption":"IPlay"},"image":{"@id":"https:\/\/www.iplay.com\/en\/#\/schema\/logo\/image\/"}}]}},"_links":{"self":[{"href":"https:\/\/www.iplay.com\/it\/wp-json\/wp\/v2\/product\/135795","targetHints":{"allow":["GET"]}}],"collection":[{"href":"https:\/\/www.iplay.com\/it\/wp-json\/wp\/v2\/product"}],"about":[{"href":"https:\/\/www.iplay.com\/it\/wp-json\/wp\/v2\/types\/product"}],"author":[{"embeddable":true,"href":"https:\/\/www.iplay.com\/it\/wp-json\/wp\/v2\/users\/10"}],"replies":[{"embeddable":true,"href":"https:\/\/www.iplay.com\/it\/wp-json\/wp\/v2\/comments?post=135795"}],"wp:featuredmedia":[{"embeddable":true,"href":"https:\/\/www.iplay.com\/it\/wp-json\/wp\/v2\/media\/87793"}],"wp:attachment":[{"href":"https:\/\/www.iplay.com\/it\/wp-json\/wp\/v2\/media?parent=135795"}],"wp:term":[{"taxonomy":"product_brand","embeddable":true,"href":"https:\/\/www.iplay.com\/it\/wp-json\/wp\/v2\/product_brand?post=135795"},{"taxonomy":"product_cat","embeddable":true,"href":"https:\/\/www.iplay.com\/it\/wp-json\/wp\/v2\/product_cat?post=135795"},{"taxonomy":"product_tag","embeddable":true,"href":"https:\/\/www.iplay.com\/it\/wp-json\/wp\/v2\/product_tag?post=135795"}],"curies":[{"name":"wp","href":"https:\/\/api.w.org\/{rel}","templated":true}]}}