{"id":135748,"date":"2018-05-26T00:00:00","date_gmt":"2018-05-26T00:00:00","guid":{"rendered":"https:\/\/www.iplay.com\/games\/alicia-quatermain-3-the-mystery-of-the-flaming-gold-ce\/"},"modified":"2018-05-26T00:00:00","modified_gmt":"2018-05-26T00:00:00","slug":"alicia-quatermain-3-the-mystery-of-the-flaming-gold-ce","status":"publish","type":"product","link":"https:\/\/www.iplay.com\/it\/games\/alicia-quatermain-3-the-mystery-of-the-flaming-gold-ce\/","title":{"rendered":"Alicia Quatermain 3: The Mystery of the Flaming Gold CE"},"content":{"rendered":"<p>Sir Gringray invita Alicia Quatermain, una nota esploratrice e appassionata di adrenalina, a un ballo di beneficenza, un&#8217;occasione sociale di routine in cui non possono verificarsi shock. Ma chi avrebbe potuto prevedere che tutto sarebbe andato terribilmente storto? Nel bel mezzo della baldoria, arriva un fantasma, che si impossessa della reliquia di famiglia di Sir Gringray nota come la Spada dei Sette Mari e svanisce nell&#8217;aria con l&#8217;artefatto con la stessa rapidit\u00e0 con cui \u00e8 apparso. Cosa ha spinto l&#8217;apparizione del fantasma? Perch\u00e9 ha rubato la Spada dei Sette Mari? La reliquia di famiglia di Sir Gringray \u00e8 andata perduta per l&#8217;eternit\u00e0 o pu\u00f2 essere recuperata? La domanda importante \u00e8 se Alicia accetter\u00e0 di aiutare Sir Gringray a localizzare la Spada dei Sette Mari, o se rivedr\u00e0 il suo stile di vita e cambier\u00e0 le sue abitudini avventurose diventando una splendida signora e un&#8217;habitu\u00e9 delle feste d&#8217;\u00e9lite. Sei davvero interessato a scoprirlo? Allora non aver paura di seguire Alicia Quatermain al ballo e assistere all&#8217;inizio di una nuova narrazione spettacolare. Lascia tutto e muoviti!         <\/p>\n<p>&nbsp;<\/p>\n<p>&nbsp;<\/p>\n<p><strong>Tratti somatici:<\/strong><\/p>\n<p>&nbsp;<\/p>\n<p>&#8211; Splendide immagini Full HD<\/p>\n<p>&#8211; Sfide speciali per giocatori di talento in modalit\u00e0 difficile<\/p>\n<p>&#8211; Giro del mondo<\/p>\n<p>&#8211; Puzzle e livelli bonus per i giocatori attenti<\/p>\n<p>&#8211; Possibilit\u00e0 di conservare una rara reliquia<\/p>\n","protected":false},"excerpt":{"rendered":"<p>Parti per un viaggio emozionante con Alicia Quatermain!<\/p>\n","protected":false},"author":14,"featured_media":96820,"comment_status":"open","ping_status":"closed","template":"","meta":{"_acf_changed":false,"inline_featured_image":false},"product_brand":[],"product_cat":[214],"product_tag":[290],"class_list":{"0":"post-135748","1":"product","2":"type-product","3":"status-publish","4":"has-post-thumbnail","6":"product_cat-time-management-it","7":"product_tag-play-on-pc-it","9":"first","10":"instock","11":"shipping-taxable","12":"purchasable","13":"product-type-simple"},"acf":[],"yoast_head":"<!-- This site is optimized with the Yoast SEO Premium plugin v25.2 (Yoast SEO v25.2) - https:\/\/yoast.com\/wordpress\/plugins\/seo\/ -->\n<title>Alicia Quatermain 3: Il mistero dell&#039;oro fiammeggiante CE - Parti per avventure con Alicia Quatermain<\/title>\n<meta name=\"description\" content=\"Parti per un viaggio emozionante con Alicia Quatermain!\" \/>\n<meta name=\"robots\" content=\"index, follow, max-snippet:-1, max-image-preview:large, max-video-preview:-1\" \/>\n<link rel=\"canonical\" href=\"https:\/\/www.iplay.com\/it\/games\/alicia-quatermain-3-the-mystery-of-the-flaming-gold-ce\/\" \/>\n<meta property=\"og:locale\" content=\"it_IT\" \/>\n<meta property=\"og:type\" content=\"article\" \/>\n<meta property=\"og:title\" content=\"Alicia Quatermain 3: The Mystery of the Flaming Gold CE\" \/>\n<meta property=\"og:description\" content=\"Parti per un viaggio emozionante con Alicia Quatermain!\" \/>\n<meta property=\"og:url\" content=\"https:\/\/www.iplay.com\/it\/games\/alicia-quatermain-3-the-mystery-of-the-flaming-gold-ce\/\" \/>\n<meta property=\"og:site_name\" content=\"IPlay\" \/>\n<meta property=\"og:image\" content=\"https:\/\/www.iplay.com\/wp-content\/uploads\/2023\/12\/large_square_tile_image-3558.jpg\" \/>\n\t<meta property=\"og:image:width\" content=\"310\" \/>\n\t<meta property=\"og:image:height\" content=\"310\" \/>\n\t<meta property=\"og:image:type\" content=\"image\/jpeg\" \/>\n<meta name=\"twitter:card\" content=\"summary_large_image\" \/>\n<meta name=\"twitter:label1\" content=\"Est. reading time\" \/>\n\t<meta name=\"twitter:data1\" content=\"1 minuto\" \/>\n<script type=\"application\/ld+json\" class=\"yoast-schema-graph\">{\"@context\":\"https:\/\/schema.org\",\"@graph\":[{\"@type\":\"WebPage\",\"@id\":\"https:\/\/www.iplay.com\/it\/games\/alicia-quatermain-3-the-mystery-of-the-flaming-gold-ce\/\",\"url\":\"https:\/\/www.iplay.com\/it\/games\/alicia-quatermain-3-the-mystery-of-the-flaming-gold-ce\/\",\"name\":\"Alicia Quatermain 3: Il mistero dell'oro fiammeggiante CE - Parti per avventure con Alicia Quatermain\",\"isPartOf\":{\"@id\":\"https:\/\/www.iplay.com\/en\/#website\"},\"primaryImageOfPage\":{\"@id\":\"https:\/\/www.iplay.com\/it\/games\/alicia-quatermain-3-the-mystery-of-the-flaming-gold-ce\/#primaryimage\"},\"image\":{\"@id\":\"https:\/\/www.iplay.com\/it\/games\/alicia-quatermain-3-the-mystery-of-the-flaming-gold-ce\/#primaryimage\"},\"thumbnailUrl\":\"https:\/\/www.iplay.com\/wp-content\/uploads\/2023\/12\/large_square_tile_image-3558.jpg\",\"datePublished\":\"2018-05-26T00:00:00+00:00\",\"description\":\"Parti per un viaggio emozionante con Alicia Quatermain!\",\"breadcrumb\":{\"@id\":\"https:\/\/www.iplay.com\/it\/games\/alicia-quatermain-3-the-mystery-of-the-flaming-gold-ce\/#breadcrumb\"},\"inLanguage\":\"it-IT\",\"potentialAction\":[{\"@type\":\"ReadAction\",\"target\":[\"https:\/\/www.iplay.com\/it\/games\/alicia-quatermain-3-the-mystery-of-the-flaming-gold-ce\/\"]}]},{\"@type\":\"ImageObject\",\"inLanguage\":\"it-IT\",\"@id\":\"https:\/\/www.iplay.com\/it\/games\/alicia-quatermain-3-the-mystery-of-the-flaming-gold-ce\/#primaryimage\",\"url\":\"https:\/\/www.iplay.com\/wp-content\/uploads\/2023\/12\/large_square_tile_image-3558.jpg\",\"contentUrl\":\"https:\/\/www.iplay.com\/wp-content\/uploads\/2023\/12\/large_square_tile_image-3558.jpg\",\"width\":310,\"height\":310},{\"@type\":\"BreadcrumbList\",\"@id\":\"https:\/\/www.iplay.com\/it\/games\/alicia-quatermain-3-the-mystery-of-the-flaming-gold-ce\/#breadcrumb\",\"itemListElement\":[{\"@type\":\"ListItem\",\"position\":1,\"name\":\"Home\",\"item\":\"https:\/\/www.iplay.com\/it\/home-page-2\/\"},{\"@type\":\"ListItem\",\"position\":2,\"name\":\"Shop\",\"item\":\"https:\/\/www.iplay.com\/en\/shop\/\"},{\"@type\":\"ListItem\",\"position\":3,\"name\":\"Alicia Quatermain 3: The Mystery of the Flaming Gold CE\"}]},{\"@type\":\"WebSite\",\"@id\":\"https:\/\/www.iplay.com\/en\/#website\",\"url\":\"https:\/\/www.iplay.com\/en\/\",\"name\":\"IPlay\",\"description\":\"The Best Casual Games!\",\"publisher\":{\"@id\":\"https:\/\/www.iplay.com\/en\/#organization\"},\"potentialAction\":[{\"@type\":\"SearchAction\",\"target\":{\"@type\":\"EntryPoint\",\"urlTemplate\":\"https:\/\/www.iplay.com\/en\/?s={search_term_string}\"},\"query-input\":{\"@type\":\"PropertyValueSpecification\",\"valueRequired\":true,\"valueName\":\"search_term_string\"}}],\"inLanguage\":\"it-IT\"},{\"@type\":\"Organization\",\"@id\":\"https:\/\/www.iplay.com\/en\/#organization\",\"name\":\"IPlay\",\"url\":\"https:\/\/www.iplay.com\/en\/\",\"logo\":{\"@type\":\"ImageObject\",\"inLanguage\":\"it-IT\",\"@id\":\"https:\/\/www.iplay.com\/en\/#\/schema\/logo\/image\/\",\"url\":\"https:\/\/www.iplay.com\/wp-content\/uploads\/2023\/11\/Group-6100.svg\",\"contentUrl\":\"https:\/\/www.iplay.com\/wp-content\/uploads\/2023\/11\/Group-6100.svg\",\"width\":98,\"height\":25,\"caption\":\"IPlay\"},\"image\":{\"@id\":\"https:\/\/www.iplay.com\/en\/#\/schema\/logo\/image\/\"}}]}<\/script>\n<!-- \/ Yoast SEO Premium plugin. -->","yoast_head_json":{"title":"Alicia Quatermain 3: Il mistero dell'oro fiammeggiante CE - Parti per avventure con Alicia Quatermain","description":"Parti per un viaggio emozionante con Alicia Quatermain!","robots":{"index":"index","follow":"follow","max-snippet":"max-snippet:-1","max-image-preview":"max-image-preview:large","max-video-preview":"max-video-preview:-1"},"canonical":"https:\/\/www.iplay.com\/it\/games\/alicia-quatermain-3-the-mystery-of-the-flaming-gold-ce\/","og_locale":"it_IT","og_type":"article","og_title":"Alicia Quatermain 3: The Mystery of the Flaming Gold CE","og_description":"Parti per un viaggio emozionante con Alicia Quatermain!","og_url":"https:\/\/www.iplay.com\/it\/games\/alicia-quatermain-3-the-mystery-of-the-flaming-gold-ce\/","og_site_name":"IPlay","og_image":[{"width":310,"height":310,"url":"https:\/\/www.iplay.com\/wp-content\/uploads\/2023\/12\/large_square_tile_image-3558.jpg","type":"image\/jpeg"}],"twitter_card":"summary_large_image","twitter_misc":{"Est. reading time":"1 minuto"},"schema":{"@context":"https:\/\/schema.org","@graph":[{"@type":"WebPage","@id":"https:\/\/www.iplay.com\/it\/games\/alicia-quatermain-3-the-mystery-of-the-flaming-gold-ce\/","url":"https:\/\/www.iplay.com\/it\/games\/alicia-quatermain-3-the-mystery-of-the-flaming-gold-ce\/","name":"Alicia Quatermain 3: Il mistero dell'oro fiammeggiante CE - Parti per avventure con Alicia Quatermain","isPartOf":{"@id":"https:\/\/www.iplay.com\/en\/#website"},"primaryImageOfPage":{"@id":"https:\/\/www.iplay.com\/it\/games\/alicia-quatermain-3-the-mystery-of-the-flaming-gold-ce\/#primaryimage"},"image":{"@id":"https:\/\/www.iplay.com\/it\/games\/alicia-quatermain-3-the-mystery-of-the-flaming-gold-ce\/#primaryimage"},"thumbnailUrl":"https:\/\/www.iplay.com\/wp-content\/uploads\/2023\/12\/large_square_tile_image-3558.jpg","datePublished":"2018-05-26T00:00:00+00:00","description":"Parti per un viaggio emozionante con Alicia Quatermain!","breadcrumb":{"@id":"https:\/\/www.iplay.com\/it\/games\/alicia-quatermain-3-the-mystery-of-the-flaming-gold-ce\/#breadcrumb"},"inLanguage":"it-IT","potentialAction":[{"@type":"ReadAction","target":["https:\/\/www.iplay.com\/it\/games\/alicia-quatermain-3-the-mystery-of-the-flaming-gold-ce\/"]}]},{"@type":"ImageObject","inLanguage":"it-IT","@id":"https:\/\/www.iplay.com\/it\/games\/alicia-quatermain-3-the-mystery-of-the-flaming-gold-ce\/#primaryimage","url":"https:\/\/www.iplay.com\/wp-content\/uploads\/2023\/12\/large_square_tile_image-3558.jpg","contentUrl":"https:\/\/www.iplay.com\/wp-content\/uploads\/2023\/12\/large_square_tile_image-3558.jpg","width":310,"height":310},{"@type":"BreadcrumbList","@id":"https:\/\/www.iplay.com\/it\/games\/alicia-quatermain-3-the-mystery-of-the-flaming-gold-ce\/#breadcrumb","itemListElement":[{"@type":"ListItem","position":1,"name":"Home","item":"https:\/\/www.iplay.com\/it\/home-page-2\/"},{"@type":"ListItem","position":2,"name":"Shop","item":"https:\/\/www.iplay.com\/en\/shop\/"},{"@type":"ListItem","position":3,"name":"Alicia Quatermain 3: The Mystery of the Flaming Gold CE"}]},{"@type":"WebSite","@id":"https:\/\/www.iplay.com\/en\/#website","url":"https:\/\/www.iplay.com\/en\/","name":"IPlay","description":"The Best Casual Games!","publisher":{"@id":"https:\/\/www.iplay.com\/en\/#organization"},"potentialAction":[{"@type":"SearchAction","target":{"@type":"EntryPoint","urlTemplate":"https:\/\/www.iplay.com\/en\/?s={search_term_string}"},"query-input":{"@type":"PropertyValueSpecification","valueRequired":true,"valueName":"search_term_string"}}],"inLanguage":"it-IT"},{"@type":"Organization","@id":"https:\/\/www.iplay.com\/en\/#organization","name":"IPlay","url":"https:\/\/www.iplay.com\/en\/","logo":{"@type":"ImageObject","inLanguage":"it-IT","@id":"https:\/\/www.iplay.com\/en\/#\/schema\/logo\/image\/","url":"https:\/\/www.iplay.com\/wp-content\/uploads\/2023\/11\/Group-6100.svg","contentUrl":"https:\/\/www.iplay.com\/wp-content\/uploads\/2023\/11\/Group-6100.svg","width":98,"height":25,"caption":"IPlay"},"image":{"@id":"https:\/\/www.iplay.com\/en\/#\/schema\/logo\/image\/"}}]}},"_links":{"self":[{"href":"https:\/\/www.iplay.com\/it\/wp-json\/wp\/v2\/product\/135748","targetHints":{"allow":["GET"]}}],"collection":[{"href":"https:\/\/www.iplay.com\/it\/wp-json\/wp\/v2\/product"}],"about":[{"href":"https:\/\/www.iplay.com\/it\/wp-json\/wp\/v2\/types\/product"}],"author":[{"embeddable":true,"href":"https:\/\/www.iplay.com\/it\/wp-json\/wp\/v2\/users\/14"}],"replies":[{"embeddable":true,"href":"https:\/\/www.iplay.com\/it\/wp-json\/wp\/v2\/comments?post=135748"}],"wp:featuredmedia":[{"embeddable":true,"href":"https:\/\/www.iplay.com\/it\/wp-json\/wp\/v2\/media\/96820"}],"wp:attachment":[{"href":"https:\/\/www.iplay.com\/it\/wp-json\/wp\/v2\/media?parent=135748"}],"wp:term":[{"taxonomy":"product_brand","embeddable":true,"href":"https:\/\/www.iplay.com\/it\/wp-json\/wp\/v2\/product_brand?post=135748"},{"taxonomy":"product_cat","embeddable":true,"href":"https:\/\/www.iplay.com\/it\/wp-json\/wp\/v2\/product_cat?post=135748"},{"taxonomy":"product_tag","embeddable":true,"href":"https:\/\/www.iplay.com\/it\/wp-json\/wp\/v2\/product_tag?post=135748"}],"curies":[{"name":"wp","href":"https:\/\/api.w.org\/{rel}","templated":true}]}}