{"id":135741,"date":"2018-06-21T00:00:01","date_gmt":"2018-06-21T00:00:01","guid":{"rendered":"https:\/\/www.iplay.com\/games\/sallys-salon-kiss-and-make-up\/"},"modified":"2018-06-21T00:00:01","modified_gmt":"2018-06-21T00:00:01","slug":"sallys-salon-kiss-and-make-up","status":"publish","type":"product","link":"https:\/\/www.iplay.com\/it\/games\/sallys-salon-kiss-and-make-up\/","title":{"rendered":"Sally&#8217;s Salon: Kiss and Make-Up"},"content":{"rendered":"<p>Ciao, sono Fran. Permettimi di portarti in viaggio. E vi prometto che sar\u00e0 un viaggio indimenticabile! Tutto \u00e8 iniziato qualche mese fa quando io e Sally ci stavamo divertendo nel suo salone. Come estetiste, la nostra attivit\u00e0 di far sembrare belle le ragazze era fiorente! Tutto \u00e8 cambiato quando April, la sua migliore amica (ride!), si \u00e8 presentata l\u00ec e ha dato a Sally l&#8217;opportunit\u00e0 unica nella vita. Benedica Sally, preferisce concentrarsi esclusivamente sugli aspetti positivi delle persone e presta davvero attenzione ad aprile. La prossima cosa che sai, ha venduto il suo salone e ha usato tutti i suoi soldi per comproprietaria dell&#8217;opulenta spa Happyville. Ed \u00e8 allora che \u00e8 iniziato il vero caos! April \u00e8 ossessionata dall&#8217;idea di ottenere una stella Mirage per la spa e non si fermer\u00e0 davanti a nulla per ottenerla! Sally sostiene categoricamente che April non \u00e8 cos\u00ec orribile come sembra. Mi scuso, ma se ha un aspetto simile a un serpente e striscia come tale, allora, beh, questo \u00e8 solo il MIO punto di vista! Vieni da me e aiutami a parlare con un po&#8217; di buon senso nella testa di Sally. Alla fine, sono fiducioso che tutto funzioner\u00e0 con il tuo aiuto!             <\/p>\n<p>&nbsp;<\/p>\n<p>&nbsp;<\/p>\n<p><strong>Tratti somatici:<\/strong><\/p>\n<p>&nbsp;<\/p>\n<ul>\n<li>Unisciti al divertimento mentre Fran\u00e7ois interpreta l&#8217;affascinante Narratore, pi\u00f9 socievole ed esilarante che mai!<\/li>\n<li>Vivi filmati esilaranti che daranno vita alla storia come mai prima d&#8217;ora.<\/li>\n<li>Assegna il tuo aiutante (Fran\u00e7ois!) a una stazione e digli come aiutarti.<\/li>\n<li>Fatti strada attraverso 60 livelli da arricciare, pi\u00f9 altri 28 livelli di sfida.<\/li>\n<li>Padroneggia 23 minigiochi a tema bellezza per tingere.<\/li>\n<li>Diventa un&#8217;estetista come fai le unghie, tagli i capelli, fai massaggi ed esegui molti altri trattamenti.<\/li>\n<\/ul>\n","protected":false},"excerpt":{"rendered":"<p>In una nuovissima spa, Sally e Fran\u00e7ois si tuffano a capofitto nel tumulto e nella follia!<\/p>\n","protected":false},"author":10,"featured_media":87324,"comment_status":"open","ping_status":"closed","template":"","meta":{"_acf_changed":false,"inline_featured_image":false},"product_brand":[],"product_cat":[214],"product_tag":[290],"class_list":{"0":"post-135741","1":"product","2":"type-product","3":"status-publish","4":"has-post-thumbnail","6":"product_cat-time-management-it","7":"product_tag-play-on-pc-it","9":"first","10":"instock","11":"shipping-taxable","12":"purchasable","13":"product-type-simple"},"acf":[],"yoast_head":"<!-- This site is optimized with the Yoast SEO Premium plugin v25.2 (Yoast SEO v25.2) - https:\/\/yoast.com\/wordpress\/plugins\/seo\/ -->\n<title>Sally&#039;s Salon: bacio e trucco - Sally e Fran\u00e7ois si tuffano nel caos in una nuova avventura spa<\/title>\n<meta name=\"description\" content=\"In una nuovissima spa, Sally e Fran\u00e7ois si tuffano a capofitto nel tumulto e nella follia!\" \/>\n<meta name=\"robots\" content=\"index, follow, max-snippet:-1, max-image-preview:large, max-video-preview:-1\" \/>\n<link rel=\"canonical\" href=\"https:\/\/www.iplay.com\/it\/games\/sallys-salon-kiss-and-make-up\/\" \/>\n<meta property=\"og:locale\" content=\"it_IT\" \/>\n<meta property=\"og:type\" content=\"article\" \/>\n<meta property=\"og:title\" content=\"Sally&#039;s Salon: Kiss and Make-Up\" \/>\n<meta property=\"og:description\" content=\"In una nuovissima spa, Sally e Fran\u00e7ois si tuffano a capofitto nel tumulto e nella follia!\" \/>\n<meta property=\"og:url\" content=\"https:\/\/www.iplay.com\/it\/games\/sallys-salon-kiss-and-make-up\/\" \/>\n<meta property=\"og:site_name\" content=\"IPlay\" \/>\n<meta property=\"og:image\" content=\"https:\/\/www.iplay.com\/wp-content\/uploads\/2023\/12\/large_square_tile_image-2970.jpg\" \/>\n\t<meta property=\"og:image:width\" content=\"310\" \/>\n\t<meta property=\"og:image:height\" content=\"310\" \/>\n\t<meta property=\"og:image:type\" content=\"image\/jpeg\" \/>\n<meta name=\"twitter:card\" content=\"summary_large_image\" \/>\n<meta name=\"twitter:label1\" content=\"Est. reading time\" \/>\n\t<meta name=\"twitter:data1\" content=\"1 minuto\" \/>\n<script type=\"application\/ld+json\" class=\"yoast-schema-graph\">{\"@context\":\"https:\/\/schema.org\",\"@graph\":[{\"@type\":\"WebPage\",\"@id\":\"https:\/\/www.iplay.com\/it\/games\/sallys-salon-kiss-and-make-up\/\",\"url\":\"https:\/\/www.iplay.com\/it\/games\/sallys-salon-kiss-and-make-up\/\",\"name\":\"Sally's Salon: bacio e trucco - Sally e Fran\u00e7ois si tuffano nel caos in una nuova avventura spa\",\"isPartOf\":{\"@id\":\"https:\/\/www.iplay.com\/en\/#website\"},\"primaryImageOfPage\":{\"@id\":\"https:\/\/www.iplay.com\/it\/games\/sallys-salon-kiss-and-make-up\/#primaryimage\"},\"image\":{\"@id\":\"https:\/\/www.iplay.com\/it\/games\/sallys-salon-kiss-and-make-up\/#primaryimage\"},\"thumbnailUrl\":\"https:\/\/www.iplay.com\/wp-content\/uploads\/2023\/12\/large_square_tile_image-2970.jpg\",\"datePublished\":\"2018-06-21T00:00:01+00:00\",\"description\":\"In una nuovissima spa, Sally e Fran\u00e7ois si tuffano a capofitto nel tumulto e nella follia!\",\"breadcrumb\":{\"@id\":\"https:\/\/www.iplay.com\/it\/games\/sallys-salon-kiss-and-make-up\/#breadcrumb\"},\"inLanguage\":\"it-IT\",\"potentialAction\":[{\"@type\":\"ReadAction\",\"target\":[\"https:\/\/www.iplay.com\/it\/games\/sallys-salon-kiss-and-make-up\/\"]}]},{\"@type\":\"ImageObject\",\"inLanguage\":\"it-IT\",\"@id\":\"https:\/\/www.iplay.com\/it\/games\/sallys-salon-kiss-and-make-up\/#primaryimage\",\"url\":\"https:\/\/www.iplay.com\/wp-content\/uploads\/2023\/12\/large_square_tile_image-2970.jpg\",\"contentUrl\":\"https:\/\/www.iplay.com\/wp-content\/uploads\/2023\/12\/large_square_tile_image-2970.jpg\",\"width\":310,\"height\":310},{\"@type\":\"BreadcrumbList\",\"@id\":\"https:\/\/www.iplay.com\/it\/games\/sallys-salon-kiss-and-make-up\/#breadcrumb\",\"itemListElement\":[{\"@type\":\"ListItem\",\"position\":1,\"name\":\"Home\",\"item\":\"https:\/\/www.iplay.com\/it\/home-page-2\/\"},{\"@type\":\"ListItem\",\"position\":2,\"name\":\"Shop\",\"item\":\"https:\/\/www.iplay.com\/en\/shop\/\"},{\"@type\":\"ListItem\",\"position\":3,\"name\":\"Sally&#8217;s Salon: Kiss and Make-Up\"}]},{\"@type\":\"WebSite\",\"@id\":\"https:\/\/www.iplay.com\/en\/#website\",\"url\":\"https:\/\/www.iplay.com\/en\/\",\"name\":\"IPlay\",\"description\":\"The Best Casual Games!\",\"publisher\":{\"@id\":\"https:\/\/www.iplay.com\/en\/#organization\"},\"potentialAction\":[{\"@type\":\"SearchAction\",\"target\":{\"@type\":\"EntryPoint\",\"urlTemplate\":\"https:\/\/www.iplay.com\/en\/?s={search_term_string}\"},\"query-input\":{\"@type\":\"PropertyValueSpecification\",\"valueRequired\":true,\"valueName\":\"search_term_string\"}}],\"inLanguage\":\"it-IT\"},{\"@type\":\"Organization\",\"@id\":\"https:\/\/www.iplay.com\/en\/#organization\",\"name\":\"IPlay\",\"url\":\"https:\/\/www.iplay.com\/en\/\",\"logo\":{\"@type\":\"ImageObject\",\"inLanguage\":\"it-IT\",\"@id\":\"https:\/\/www.iplay.com\/en\/#\/schema\/logo\/image\/\",\"url\":\"https:\/\/www.iplay.com\/wp-content\/uploads\/2023\/11\/Group-6100.svg\",\"contentUrl\":\"https:\/\/www.iplay.com\/wp-content\/uploads\/2023\/11\/Group-6100.svg\",\"width\":98,\"height\":25,\"caption\":\"IPlay\"},\"image\":{\"@id\":\"https:\/\/www.iplay.com\/en\/#\/schema\/logo\/image\/\"}}]}<\/script>\n<!-- \/ Yoast SEO Premium plugin. -->","yoast_head_json":{"title":"Sally's Salon: bacio e trucco - Sally e Fran\u00e7ois si tuffano nel caos in una nuova avventura spa","description":"In una nuovissima spa, Sally e Fran\u00e7ois si tuffano a capofitto nel tumulto e nella follia!","robots":{"index":"index","follow":"follow","max-snippet":"max-snippet:-1","max-image-preview":"max-image-preview:large","max-video-preview":"max-video-preview:-1"},"canonical":"https:\/\/www.iplay.com\/it\/games\/sallys-salon-kiss-and-make-up\/","og_locale":"it_IT","og_type":"article","og_title":"Sally's Salon: Kiss and Make-Up","og_description":"In una nuovissima spa, Sally e Fran\u00e7ois si tuffano a capofitto nel tumulto e nella follia!","og_url":"https:\/\/www.iplay.com\/it\/games\/sallys-salon-kiss-and-make-up\/","og_site_name":"IPlay","og_image":[{"width":310,"height":310,"url":"https:\/\/www.iplay.com\/wp-content\/uploads\/2023\/12\/large_square_tile_image-2970.jpg","type":"image\/jpeg"}],"twitter_card":"summary_large_image","twitter_misc":{"Est. reading time":"1 minuto"},"schema":{"@context":"https:\/\/schema.org","@graph":[{"@type":"WebPage","@id":"https:\/\/www.iplay.com\/it\/games\/sallys-salon-kiss-and-make-up\/","url":"https:\/\/www.iplay.com\/it\/games\/sallys-salon-kiss-and-make-up\/","name":"Sally's Salon: bacio e trucco - Sally e Fran\u00e7ois si tuffano nel caos in una nuova avventura spa","isPartOf":{"@id":"https:\/\/www.iplay.com\/en\/#website"},"primaryImageOfPage":{"@id":"https:\/\/www.iplay.com\/it\/games\/sallys-salon-kiss-and-make-up\/#primaryimage"},"image":{"@id":"https:\/\/www.iplay.com\/it\/games\/sallys-salon-kiss-and-make-up\/#primaryimage"},"thumbnailUrl":"https:\/\/www.iplay.com\/wp-content\/uploads\/2023\/12\/large_square_tile_image-2970.jpg","datePublished":"2018-06-21T00:00:01+00:00","description":"In una nuovissima spa, Sally e Fran\u00e7ois si tuffano a capofitto nel tumulto e nella follia!","breadcrumb":{"@id":"https:\/\/www.iplay.com\/it\/games\/sallys-salon-kiss-and-make-up\/#breadcrumb"},"inLanguage":"it-IT","potentialAction":[{"@type":"ReadAction","target":["https:\/\/www.iplay.com\/it\/games\/sallys-salon-kiss-and-make-up\/"]}]},{"@type":"ImageObject","inLanguage":"it-IT","@id":"https:\/\/www.iplay.com\/it\/games\/sallys-salon-kiss-and-make-up\/#primaryimage","url":"https:\/\/www.iplay.com\/wp-content\/uploads\/2023\/12\/large_square_tile_image-2970.jpg","contentUrl":"https:\/\/www.iplay.com\/wp-content\/uploads\/2023\/12\/large_square_tile_image-2970.jpg","width":310,"height":310},{"@type":"BreadcrumbList","@id":"https:\/\/www.iplay.com\/it\/games\/sallys-salon-kiss-and-make-up\/#breadcrumb","itemListElement":[{"@type":"ListItem","position":1,"name":"Home","item":"https:\/\/www.iplay.com\/it\/home-page-2\/"},{"@type":"ListItem","position":2,"name":"Shop","item":"https:\/\/www.iplay.com\/en\/shop\/"},{"@type":"ListItem","position":3,"name":"Sally&#8217;s Salon: Kiss and Make-Up"}]},{"@type":"WebSite","@id":"https:\/\/www.iplay.com\/en\/#website","url":"https:\/\/www.iplay.com\/en\/","name":"IPlay","description":"The Best Casual Games!","publisher":{"@id":"https:\/\/www.iplay.com\/en\/#organization"},"potentialAction":[{"@type":"SearchAction","target":{"@type":"EntryPoint","urlTemplate":"https:\/\/www.iplay.com\/en\/?s={search_term_string}"},"query-input":{"@type":"PropertyValueSpecification","valueRequired":true,"valueName":"search_term_string"}}],"inLanguage":"it-IT"},{"@type":"Organization","@id":"https:\/\/www.iplay.com\/en\/#organization","name":"IPlay","url":"https:\/\/www.iplay.com\/en\/","logo":{"@type":"ImageObject","inLanguage":"it-IT","@id":"https:\/\/www.iplay.com\/en\/#\/schema\/logo\/image\/","url":"https:\/\/www.iplay.com\/wp-content\/uploads\/2023\/11\/Group-6100.svg","contentUrl":"https:\/\/www.iplay.com\/wp-content\/uploads\/2023\/11\/Group-6100.svg","width":98,"height":25,"caption":"IPlay"},"image":{"@id":"https:\/\/www.iplay.com\/en\/#\/schema\/logo\/image\/"}}]}},"_links":{"self":[{"href":"https:\/\/www.iplay.com\/it\/wp-json\/wp\/v2\/product\/135741","targetHints":{"allow":["GET"]}}],"collection":[{"href":"https:\/\/www.iplay.com\/it\/wp-json\/wp\/v2\/product"}],"about":[{"href":"https:\/\/www.iplay.com\/it\/wp-json\/wp\/v2\/types\/product"}],"author":[{"embeddable":true,"href":"https:\/\/www.iplay.com\/it\/wp-json\/wp\/v2\/users\/10"}],"replies":[{"embeddable":true,"href":"https:\/\/www.iplay.com\/it\/wp-json\/wp\/v2\/comments?post=135741"}],"wp:featuredmedia":[{"embeddable":true,"href":"https:\/\/www.iplay.com\/it\/wp-json\/wp\/v2\/media\/87324"}],"wp:attachment":[{"href":"https:\/\/www.iplay.com\/it\/wp-json\/wp\/v2\/media?parent=135741"}],"wp:term":[{"taxonomy":"product_brand","embeddable":true,"href":"https:\/\/www.iplay.com\/it\/wp-json\/wp\/v2\/product_brand?post=135741"},{"taxonomy":"product_cat","embeddable":true,"href":"https:\/\/www.iplay.com\/it\/wp-json\/wp\/v2\/product_cat?post=135741"},{"taxonomy":"product_tag","embeddable":true,"href":"https:\/\/www.iplay.com\/it\/wp-json\/wp\/v2\/product_tag?post=135741"}],"curies":[{"name":"wp","href":"https:\/\/api.w.org\/{rel}","templated":true}]}}