{"id":135668,"date":"2018-12-27T00:00:01","date_gmt":"2018-12-27T00:00:01","guid":{"rendered":"https:\/\/www.iplay.com\/games\/dayd-through-time-collectors-edition\/"},"modified":"2018-12-27T00:00:01","modified_gmt":"2018-12-27T00:00:01","slug":"dayd-through-time-collectors-edition","status":"publish","type":"product","link":"https:\/\/www.iplay.com\/it\/games\/dayd-through-time-collectors-edition\/","title":{"rendered":"DayD Through Time Collector&#8217;s Edition"},"content":{"rendered":"<p>Brian \u00e8 uno scienziato straordinario (qualcuno potrebbe anche dire eccentrico!) che \u00e8 cresciuto ascoltando storie di draghi del passato preistorico. Pensava che prima o poi avrebbe incontrato un vero drago. Brian ha creato una macchina del tempo che lo ha spinto in Jurassic Park per assistere alla presenza dei draghi da guerra! Il malvagio dottor Austin Awful, il suo vecchio amico, il cacciatore di dinosauri, lo sta gi\u00e0 aspettando, quindi dimentica di fare una piacevole passeggiata nella terra dei dinosauri! Prima di Brian, ha creato la sua macchina del tempo, e si \u00e8 gi\u00e0 scatenato una volta! Nient&#8217;altro che guai \u00e8 prodotto dal Dottor Orribile Dino Hunter. Quando si tratta di aiutarti, il buon dinosauro Helen rimuover\u00e0 volentieri il tappeto erboso, costruir\u00e0 un faro e un bunker marino, ti aiuter\u00e0 a creare un parco a tema, ti porter\u00e0 un artefatto e obbedir\u00e0 agli ordini. Puoi usare le super-attrezzature (e persino fare forconi!) per contrastare i truffatori che cercano di prendere la tua terra. Siamo fiduciosi che avrai successo prima del raccolto. Viaggia indietro nel tempo a un&#8217;epoca precedente all&#8217;esistenza di faraoni, fate, trib\u00f9, brownies, nani e orchi. Nessuna citt\u00e0 magica o altri mondi saranno visibili per te. Se non li salvi, sar\u00e0 solo l&#8217;ultimo giorno dei dinosauri. Aiutare gli altri \u00e8 la tua missione, se la accetti. Non sembra che tu abbia paura di un po&#8217; di Godzilla. Questo gioco non riguarda la caccia! Questo magnate dello zoo e giochi di costruzione! In un&#8217;intrigante avventura di risoluzione di misteri e, naturalmente, di viaggio nel tempo, Brian ferma il Dottor Terribile. Questa emozionante avventura fantascientifica ha tutto questo e molto altro in serbo! Scopri subito 50 livelli distinti, un&#8217;abbondanza di obiettivi diversi, ambienti incredibilmente fantastici, una citt\u00e0 dei draghi e una trama divertente. Costruisci edifici, addestra dinosauri, vai a caccia del paesaggio, gestisci le risorse, prenditi cura di un giardino e costruisci altre incredibili costruzioni che Dragon Mania Legends si svilupper\u00e0 davanti a te. Sarai operativo in pochissimo tempo grazie ai controlli semplici e al gameplay senza interruzioni. Tuttavia, il menu Aiuto \u00e8 sempre disponibile se qualcosa non ti \u00e8 ancora chiaro.                     <\/p>\n<p>&nbsp;<\/p>\n<p>&nbsp;<\/p>\n<p><strong>Tratti somatici:<\/strong><\/p>\n<p>&nbsp;<\/p>\n<p>&#8211; Jurassic World: The Game: un mondo unico con elementi del passato e del futuro<br \/>\n&#8211; Una trama umoristica con personaggi intriganti che si legge come un fumetto<br \/>\n&#8211; Un sacco di obiettivi<br \/>\n diversi- Scopri vari carnivori e dinosauri, come triceratotteri, t-rex e pterodattili, tra gli altri.<br \/>\n&#8211; Ci sono una variet\u00e0 di luoghi, parchi, fattorie verdi, isole di avventura e paesaggi mozzafiato.<br \/>\n&#8211; Bonus importanti includono la costruzione rapida, la corsa accelerata e il tempo di rallentamento.<br \/>\n&#8211; Controlli semplici e una spiegazione comprensibile.<br \/>\n&#8211; Questo gioco \u00e8 come un museo dedicato al mondo degli animali.<br \/>\n&#8211; Questa \u00e8 la patria storica!<br \/>\n&#8211; Una selezione musicale unica<\/p>\n","protected":false},"excerpt":{"rendered":"<p>Hai sentito leggende sui mostri? Oggi \u00e8 il loro ultimo giorno qui sulla Terra. Ogni dinosauro rischia l&#8217;estinzione!  <\/p>\n","protected":false},"author":13,"featured_media":86445,"comment_status":"open","ping_status":"closed","template":"","meta":{"_acf_changed":false,"inline_featured_image":false},"product_brand":[],"product_cat":[214],"product_tag":[290],"class_list":{"0":"post-135668","1":"product","2":"type-product","3":"status-publish","4":"has-post-thumbnail","6":"product_cat-time-management-it","7":"product_tag-play-on-pc-it","9":"first","10":"instock","11":"shipping-taxable","12":"purchasable","13":"product-type-simple"},"acf":[],"yoast_head":"<!-- This site is optimized with the Yoast SEO Premium plugin v25.2 (Yoast SEO v25.2) - https:\/\/yoast.com\/wordpress\/plugins\/seo\/ -->\n<title>DayD Through Time Edizione Speciale - Le leggende finiscono mentre ogni dinosauro rischia l&#039;estinzione sulla Terra<\/title>\n<meta name=\"description\" content=\"Hai sentito leggende sui mostri? Oggi \u00e8 il loro ultimo giorno qui sulla Terra. Ogni dinosauro rischia l&#039;estinzione!\" \/>\n<meta name=\"robots\" content=\"index, follow, max-snippet:-1, max-image-preview:large, max-video-preview:-1\" \/>\n<link rel=\"canonical\" href=\"https:\/\/www.iplay.com\/it\/games\/dayd-through-time-collectors-edition\/\" \/>\n<meta property=\"og:locale\" content=\"it_IT\" \/>\n<meta property=\"og:type\" content=\"article\" \/>\n<meta property=\"og:title\" content=\"DayD Through Time Collector&#039;s Edition\" \/>\n<meta property=\"og:description\" content=\"Hai sentito leggende sui mostri? Oggi \u00e8 il loro ultimo giorno qui sulla Terra. Ogni dinosauro rischia l&#039;estinzione!\" \/>\n<meta property=\"og:url\" content=\"https:\/\/www.iplay.com\/it\/games\/dayd-through-time-collectors-edition\/\" \/>\n<meta property=\"og:site_name\" content=\"IPlay\" \/>\n<meta property=\"og:image\" content=\"https:\/\/www.iplay.com\/wp-content\/uploads\/2023\/12\/large_square_tile_image-2915.jpg\" \/>\n\t<meta property=\"og:image:width\" content=\"310\" \/>\n\t<meta property=\"og:image:height\" content=\"310\" \/>\n\t<meta property=\"og:image:type\" content=\"image\/jpeg\" \/>\n<meta name=\"twitter:card\" content=\"summary_large_image\" \/>\n<meta name=\"twitter:label1\" content=\"Est. reading time\" \/>\n\t<meta name=\"twitter:data1\" content=\"2 minuti\" \/>\n<script type=\"application\/ld+json\" class=\"yoast-schema-graph\">{\"@context\":\"https:\/\/schema.org\",\"@graph\":[{\"@type\":\"WebPage\",\"@id\":\"https:\/\/www.iplay.com\/it\/games\/dayd-through-time-collectors-edition\/\",\"url\":\"https:\/\/www.iplay.com\/it\/games\/dayd-through-time-collectors-edition\/\",\"name\":\"DayD Through Time Edizione Speciale - Le leggende finiscono mentre ogni dinosauro rischia l'estinzione sulla Terra\",\"isPartOf\":{\"@id\":\"https:\/\/www.iplay.com\/en\/#website\"},\"primaryImageOfPage\":{\"@id\":\"https:\/\/www.iplay.com\/it\/games\/dayd-through-time-collectors-edition\/#primaryimage\"},\"image\":{\"@id\":\"https:\/\/www.iplay.com\/it\/games\/dayd-through-time-collectors-edition\/#primaryimage\"},\"thumbnailUrl\":\"https:\/\/www.iplay.com\/wp-content\/uploads\/2023\/12\/large_square_tile_image-2915.jpg\",\"datePublished\":\"2018-12-27T00:00:01+00:00\",\"description\":\"Hai sentito leggende sui mostri? Oggi \u00e8 il loro ultimo giorno qui sulla Terra. Ogni dinosauro rischia l'estinzione!\",\"breadcrumb\":{\"@id\":\"https:\/\/www.iplay.com\/it\/games\/dayd-through-time-collectors-edition\/#breadcrumb\"},\"inLanguage\":\"it-IT\",\"potentialAction\":[{\"@type\":\"ReadAction\",\"target\":[\"https:\/\/www.iplay.com\/it\/games\/dayd-through-time-collectors-edition\/\"]}]},{\"@type\":\"ImageObject\",\"inLanguage\":\"it-IT\",\"@id\":\"https:\/\/www.iplay.com\/it\/games\/dayd-through-time-collectors-edition\/#primaryimage\",\"url\":\"https:\/\/www.iplay.com\/wp-content\/uploads\/2023\/12\/large_square_tile_image-2915.jpg\",\"contentUrl\":\"https:\/\/www.iplay.com\/wp-content\/uploads\/2023\/12\/large_square_tile_image-2915.jpg\",\"width\":310,\"height\":310},{\"@type\":\"BreadcrumbList\",\"@id\":\"https:\/\/www.iplay.com\/it\/games\/dayd-through-time-collectors-edition\/#breadcrumb\",\"itemListElement\":[{\"@type\":\"ListItem\",\"position\":1,\"name\":\"Home\",\"item\":\"https:\/\/www.iplay.com\/it\/home-page-2\/\"},{\"@type\":\"ListItem\",\"position\":2,\"name\":\"Shop\",\"item\":\"https:\/\/www.iplay.com\/en\/shop\/\"},{\"@type\":\"ListItem\",\"position\":3,\"name\":\"DayD Through Time Collector&#8217;s Edition\"}]},{\"@type\":\"WebSite\",\"@id\":\"https:\/\/www.iplay.com\/en\/#website\",\"url\":\"https:\/\/www.iplay.com\/en\/\",\"name\":\"IPlay\",\"description\":\"The Best Casual Games!\",\"publisher\":{\"@id\":\"https:\/\/www.iplay.com\/en\/#organization\"},\"potentialAction\":[{\"@type\":\"SearchAction\",\"target\":{\"@type\":\"EntryPoint\",\"urlTemplate\":\"https:\/\/www.iplay.com\/en\/?s={search_term_string}\"},\"query-input\":{\"@type\":\"PropertyValueSpecification\",\"valueRequired\":true,\"valueName\":\"search_term_string\"}}],\"inLanguage\":\"it-IT\"},{\"@type\":\"Organization\",\"@id\":\"https:\/\/www.iplay.com\/en\/#organization\",\"name\":\"IPlay\",\"url\":\"https:\/\/www.iplay.com\/en\/\",\"logo\":{\"@type\":\"ImageObject\",\"inLanguage\":\"it-IT\",\"@id\":\"https:\/\/www.iplay.com\/en\/#\/schema\/logo\/image\/\",\"url\":\"https:\/\/www.iplay.com\/wp-content\/uploads\/2023\/11\/Group-6100.svg\",\"contentUrl\":\"https:\/\/www.iplay.com\/wp-content\/uploads\/2023\/11\/Group-6100.svg\",\"width\":98,\"height\":25,\"caption\":\"IPlay\"},\"image\":{\"@id\":\"https:\/\/www.iplay.com\/en\/#\/schema\/logo\/image\/\"}}]}<\/script>\n<!-- \/ Yoast SEO Premium plugin. -->","yoast_head_json":{"title":"DayD Through Time Edizione Speciale - Le leggende finiscono mentre ogni dinosauro rischia l'estinzione sulla Terra","description":"Hai sentito leggende sui mostri? Oggi \u00e8 il loro ultimo giorno qui sulla Terra. Ogni dinosauro rischia l'estinzione!","robots":{"index":"index","follow":"follow","max-snippet":"max-snippet:-1","max-image-preview":"max-image-preview:large","max-video-preview":"max-video-preview:-1"},"canonical":"https:\/\/www.iplay.com\/it\/games\/dayd-through-time-collectors-edition\/","og_locale":"it_IT","og_type":"article","og_title":"DayD Through Time Collector's Edition","og_description":"Hai sentito leggende sui mostri? Oggi \u00e8 il loro ultimo giorno qui sulla Terra. Ogni dinosauro rischia l'estinzione!","og_url":"https:\/\/www.iplay.com\/it\/games\/dayd-through-time-collectors-edition\/","og_site_name":"IPlay","og_image":[{"width":310,"height":310,"url":"https:\/\/www.iplay.com\/wp-content\/uploads\/2023\/12\/large_square_tile_image-2915.jpg","type":"image\/jpeg"}],"twitter_card":"summary_large_image","twitter_misc":{"Est. reading time":"2 minuti"},"schema":{"@context":"https:\/\/schema.org","@graph":[{"@type":"WebPage","@id":"https:\/\/www.iplay.com\/it\/games\/dayd-through-time-collectors-edition\/","url":"https:\/\/www.iplay.com\/it\/games\/dayd-through-time-collectors-edition\/","name":"DayD Through Time Edizione Speciale - Le leggende finiscono mentre ogni dinosauro rischia l'estinzione sulla Terra","isPartOf":{"@id":"https:\/\/www.iplay.com\/en\/#website"},"primaryImageOfPage":{"@id":"https:\/\/www.iplay.com\/it\/games\/dayd-through-time-collectors-edition\/#primaryimage"},"image":{"@id":"https:\/\/www.iplay.com\/it\/games\/dayd-through-time-collectors-edition\/#primaryimage"},"thumbnailUrl":"https:\/\/www.iplay.com\/wp-content\/uploads\/2023\/12\/large_square_tile_image-2915.jpg","datePublished":"2018-12-27T00:00:01+00:00","description":"Hai sentito leggende sui mostri? Oggi \u00e8 il loro ultimo giorno qui sulla Terra. Ogni dinosauro rischia l'estinzione!","breadcrumb":{"@id":"https:\/\/www.iplay.com\/it\/games\/dayd-through-time-collectors-edition\/#breadcrumb"},"inLanguage":"it-IT","potentialAction":[{"@type":"ReadAction","target":["https:\/\/www.iplay.com\/it\/games\/dayd-through-time-collectors-edition\/"]}]},{"@type":"ImageObject","inLanguage":"it-IT","@id":"https:\/\/www.iplay.com\/it\/games\/dayd-through-time-collectors-edition\/#primaryimage","url":"https:\/\/www.iplay.com\/wp-content\/uploads\/2023\/12\/large_square_tile_image-2915.jpg","contentUrl":"https:\/\/www.iplay.com\/wp-content\/uploads\/2023\/12\/large_square_tile_image-2915.jpg","width":310,"height":310},{"@type":"BreadcrumbList","@id":"https:\/\/www.iplay.com\/it\/games\/dayd-through-time-collectors-edition\/#breadcrumb","itemListElement":[{"@type":"ListItem","position":1,"name":"Home","item":"https:\/\/www.iplay.com\/it\/home-page-2\/"},{"@type":"ListItem","position":2,"name":"Shop","item":"https:\/\/www.iplay.com\/en\/shop\/"},{"@type":"ListItem","position":3,"name":"DayD Through Time Collector&#8217;s Edition"}]},{"@type":"WebSite","@id":"https:\/\/www.iplay.com\/en\/#website","url":"https:\/\/www.iplay.com\/en\/","name":"IPlay","description":"The Best Casual Games!","publisher":{"@id":"https:\/\/www.iplay.com\/en\/#organization"},"potentialAction":[{"@type":"SearchAction","target":{"@type":"EntryPoint","urlTemplate":"https:\/\/www.iplay.com\/en\/?s={search_term_string}"},"query-input":{"@type":"PropertyValueSpecification","valueRequired":true,"valueName":"search_term_string"}}],"inLanguage":"it-IT"},{"@type":"Organization","@id":"https:\/\/www.iplay.com\/en\/#organization","name":"IPlay","url":"https:\/\/www.iplay.com\/en\/","logo":{"@type":"ImageObject","inLanguage":"it-IT","@id":"https:\/\/www.iplay.com\/en\/#\/schema\/logo\/image\/","url":"https:\/\/www.iplay.com\/wp-content\/uploads\/2023\/11\/Group-6100.svg","contentUrl":"https:\/\/www.iplay.com\/wp-content\/uploads\/2023\/11\/Group-6100.svg","width":98,"height":25,"caption":"IPlay"},"image":{"@id":"https:\/\/www.iplay.com\/en\/#\/schema\/logo\/image\/"}}]}},"_links":{"self":[{"href":"https:\/\/www.iplay.com\/it\/wp-json\/wp\/v2\/product\/135668","targetHints":{"allow":["GET"]}}],"collection":[{"href":"https:\/\/www.iplay.com\/it\/wp-json\/wp\/v2\/product"}],"about":[{"href":"https:\/\/www.iplay.com\/it\/wp-json\/wp\/v2\/types\/product"}],"author":[{"embeddable":true,"href":"https:\/\/www.iplay.com\/it\/wp-json\/wp\/v2\/users\/13"}],"replies":[{"embeddable":true,"href":"https:\/\/www.iplay.com\/it\/wp-json\/wp\/v2\/comments?post=135668"}],"wp:featuredmedia":[{"embeddable":true,"href":"https:\/\/www.iplay.com\/it\/wp-json\/wp\/v2\/media\/86445"}],"wp:attachment":[{"href":"https:\/\/www.iplay.com\/it\/wp-json\/wp\/v2\/media?parent=135668"}],"wp:term":[{"taxonomy":"product_brand","embeddable":true,"href":"https:\/\/www.iplay.com\/it\/wp-json\/wp\/v2\/product_brand?post=135668"},{"taxonomy":"product_cat","embeddable":true,"href":"https:\/\/www.iplay.com\/it\/wp-json\/wp\/v2\/product_cat?post=135668"},{"taxonomy":"product_tag","embeddable":true,"href":"https:\/\/www.iplay.com\/it\/wp-json\/wp\/v2\/product_tag?post=135668"}],"curies":[{"name":"wp","href":"https:\/\/api.w.org\/{rel}","templated":true}]}}