{"id":135658,"date":"2019-01-10T00:00:01","date_gmt":"2019-01-10T00:00:01","guid":{"rendered":"https:\/\/www.iplay.com\/games\/parker-lane-twisted-minds-collectors-edition\/"},"modified":"2019-01-10T00:00:01","modified_gmt":"2019-01-10T00:00:01","slug":"parker-lane-twisted-minds-collectors-edition","status":"publish","type":"product","link":"https:\/\/www.iplay.com\/it\/games\/parker-lane-twisted-minds-collectors-edition\/","title":{"rendered":"Parker &amp; Lane &#8211; Twisted Minds: Collector&#8217;s Edition"},"content":{"rendered":"<p>Parker deve affrontare la sua storia prima che le porti via il suo futuro quando un assassino dei suoi primi anni trama una serie di omicidi! Accompagna Victor Lane e Lily Parker nel tentativo di indagare sul loro caso pi\u00f9 enigmatico fino ad oggi. Parker \u00e8 passato dall&#8217;essere una recluta a diventare uno dei migliori detective della forza. Tuttavia, quello che sta per succedere potrebbe essere troppo anche per le sue eccezionali capacit\u00e0 investigative! Il proprietario di un ristorante viene scoperto con un coltello insanguinato su una persona senza vita. \u00c8 un caso ovvio, giusto? Tuttavia, Parker non ne \u00e8 sicuro; le orribili esperienze dei suoi primi anni la stanno perseguitando, e il MO sembra essere lo stesso del passato. Tuttavia, quando pi\u00f9 persone iniziano a cadere, tutte le prove sembrano puntare a Parker! Risolvi l&#8217;enigma, fai giustizia a Parker e alle vittime e ripristina la legge e l&#8217;ordine. Ci sono persone che dipendono da te!         <\/p>\n<p>&nbsp;<\/p>\n<p>&nbsp;<\/p>\n<p><strong>Tratti somatici:<\/strong><\/p>\n<p>&nbsp;<\/p>\n<p>&#8211; Diventa un detective di alto livello padroneggiando tutti i 12 minigiochi<br \/>\n&#8211; Risolvi i casi con le tue abilit\u00e0<br \/>\n di polizia- Trova il criminale prima che sia troppo tardi! Vivi una storia<br \/>\n tormentosa- Svolgi compiti CSI e indaga sugli indizi<br \/>\n&#8211; Impiega strumenti forensi per esaminare armi, impronte digitali e campioni di<br \/>\n DNA- Fai salire di livello la tua squadra di detective e rendila pi\u00f9 forte e migliore<br \/>\n&#8211; Trova indizi in 60 livelli e 30 livelli<br \/>\n di sfida- Conduci indagini in 10 luoghi, tra cui sei scene del crimine <\/p>\n<p>&nbsp;<\/p>\n<p><strong>Tieni presente che alcuni PC potrebbero non essere in grado di eseguire questo gioco<\/strong><\/p>\n","protected":false},"excerpt":{"rendered":"<p>Parker deve affrontare la sua storia prima che distrugga il suo futuro, a partire da un killer dei suoi primi anni.<\/p>\n","protected":false},"author":10,"featured_media":86381,"comment_status":"open","ping_status":"closed","template":"","meta":{"_acf_changed":false,"inline_featured_image":false},"product_brand":[],"product_cat":[214],"product_tag":[290],"class_list":{"0":"post-135658","1":"product","2":"type-product","3":"status-publish","4":"has-post-thumbnail","6":"product_cat-time-management-it","7":"product_tag-play-on-pc-it","9":"first","10":"instock","11":"shipping-taxable","12":"purchasable","13":"product-type-simple"},"acf":[],"yoast_head":"<!-- This site is optimized with the Yoast SEO Premium plugin v25.2 (Yoast SEO v25.2) - https:\/\/yoast.com\/wordpress\/plugins\/seo\/ -->\n<title>Parker &amp; Lane - Twisted Minds: Collector&#039;s Edition - Affronta un killer del passato di Parker, assicurandoti il suo futuro<\/title>\n<meta name=\"description\" content=\"Parker deve affrontare la sua storia prima che distrugga il suo futuro, a partire da un killer dei suoi primi anni.\" \/>\n<meta name=\"robots\" content=\"index, follow, max-snippet:-1, max-image-preview:large, max-video-preview:-1\" \/>\n<link rel=\"canonical\" href=\"https:\/\/www.iplay.com\/it\/games\/parker-lane-twisted-minds-collectors-edition\/\" \/>\n<meta property=\"og:locale\" content=\"it_IT\" \/>\n<meta property=\"og:type\" content=\"article\" \/>\n<meta property=\"og:title\" content=\"Parker &amp; Lane - Twisted Minds: Collector&#039;s Edition\" \/>\n<meta property=\"og:description\" content=\"Parker deve affrontare la sua storia prima che distrugga il suo futuro, a partire da un killer dei suoi primi anni.\" \/>\n<meta property=\"og:url\" content=\"https:\/\/www.iplay.com\/it\/games\/parker-lane-twisted-minds-collectors-edition\/\" \/>\n<meta property=\"og:site_name\" content=\"IPlay\" \/>\n<meta property=\"og:image\" content=\"https:\/\/www.iplay.com\/wp-content\/uploads\/2023\/12\/large_square_tile_image-2911.jpg\" \/>\n\t<meta property=\"og:image:width\" content=\"310\" \/>\n\t<meta property=\"og:image:height\" content=\"310\" \/>\n\t<meta property=\"og:image:type\" content=\"image\/jpeg\" \/>\n<meta name=\"twitter:card\" content=\"summary_large_image\" \/>\n<meta name=\"twitter:label1\" content=\"Est. reading time\" \/>\n\t<meta name=\"twitter:data1\" content=\"1 minuto\" \/>\n<script type=\"application\/ld+json\" class=\"yoast-schema-graph\">{\"@context\":\"https:\/\/schema.org\",\"@graph\":[{\"@type\":\"WebPage\",\"@id\":\"https:\/\/www.iplay.com\/it\/games\/parker-lane-twisted-minds-collectors-edition\/\",\"url\":\"https:\/\/www.iplay.com\/it\/games\/parker-lane-twisted-minds-collectors-edition\/\",\"name\":\"Parker & Lane - Twisted Minds: Collector's Edition - Affronta un killer del passato di Parker, assicurandoti il suo futuro\",\"isPartOf\":{\"@id\":\"https:\/\/www.iplay.com\/en\/#website\"},\"primaryImageOfPage\":{\"@id\":\"https:\/\/www.iplay.com\/it\/games\/parker-lane-twisted-minds-collectors-edition\/#primaryimage\"},\"image\":{\"@id\":\"https:\/\/www.iplay.com\/it\/games\/parker-lane-twisted-minds-collectors-edition\/#primaryimage\"},\"thumbnailUrl\":\"https:\/\/www.iplay.com\/wp-content\/uploads\/2023\/12\/large_square_tile_image-2911.jpg\",\"datePublished\":\"2019-01-10T00:00:01+00:00\",\"description\":\"Parker deve affrontare la sua storia prima che distrugga il suo futuro, a partire da un killer dei suoi primi anni.\",\"breadcrumb\":{\"@id\":\"https:\/\/www.iplay.com\/it\/games\/parker-lane-twisted-minds-collectors-edition\/#breadcrumb\"},\"inLanguage\":\"it-IT\",\"potentialAction\":[{\"@type\":\"ReadAction\",\"target\":[\"https:\/\/www.iplay.com\/it\/games\/parker-lane-twisted-minds-collectors-edition\/\"]}]},{\"@type\":\"ImageObject\",\"inLanguage\":\"it-IT\",\"@id\":\"https:\/\/www.iplay.com\/it\/games\/parker-lane-twisted-minds-collectors-edition\/#primaryimage\",\"url\":\"https:\/\/www.iplay.com\/wp-content\/uploads\/2023\/12\/large_square_tile_image-2911.jpg\",\"contentUrl\":\"https:\/\/www.iplay.com\/wp-content\/uploads\/2023\/12\/large_square_tile_image-2911.jpg\",\"width\":310,\"height\":310},{\"@type\":\"BreadcrumbList\",\"@id\":\"https:\/\/www.iplay.com\/it\/games\/parker-lane-twisted-minds-collectors-edition\/#breadcrumb\",\"itemListElement\":[{\"@type\":\"ListItem\",\"position\":1,\"name\":\"Home\",\"item\":\"https:\/\/www.iplay.com\/it\/home-page-2\/\"},{\"@type\":\"ListItem\",\"position\":2,\"name\":\"Shop\",\"item\":\"https:\/\/www.iplay.com\/en\/shop\/\"},{\"@type\":\"ListItem\",\"position\":3,\"name\":\"Parker &amp; Lane &#8211; Twisted Minds: Collector&#8217;s Edition\"}]},{\"@type\":\"WebSite\",\"@id\":\"https:\/\/www.iplay.com\/en\/#website\",\"url\":\"https:\/\/www.iplay.com\/en\/\",\"name\":\"IPlay\",\"description\":\"The Best Casual Games!\",\"publisher\":{\"@id\":\"https:\/\/www.iplay.com\/en\/#organization\"},\"potentialAction\":[{\"@type\":\"SearchAction\",\"target\":{\"@type\":\"EntryPoint\",\"urlTemplate\":\"https:\/\/www.iplay.com\/en\/?s={search_term_string}\"},\"query-input\":{\"@type\":\"PropertyValueSpecification\",\"valueRequired\":true,\"valueName\":\"search_term_string\"}}],\"inLanguage\":\"it-IT\"},{\"@type\":\"Organization\",\"@id\":\"https:\/\/www.iplay.com\/en\/#organization\",\"name\":\"IPlay\",\"url\":\"https:\/\/www.iplay.com\/en\/\",\"logo\":{\"@type\":\"ImageObject\",\"inLanguage\":\"it-IT\",\"@id\":\"https:\/\/www.iplay.com\/en\/#\/schema\/logo\/image\/\",\"url\":\"https:\/\/www.iplay.com\/wp-content\/uploads\/2023\/11\/Group-6100.svg\",\"contentUrl\":\"https:\/\/www.iplay.com\/wp-content\/uploads\/2023\/11\/Group-6100.svg\",\"width\":98,\"height\":25,\"caption\":\"IPlay\"},\"image\":{\"@id\":\"https:\/\/www.iplay.com\/en\/#\/schema\/logo\/image\/\"}}]}<\/script>\n<!-- \/ Yoast SEO Premium plugin. -->","yoast_head_json":{"title":"Parker & Lane - Twisted Minds: Collector's Edition - Affronta un killer del passato di Parker, assicurandoti il suo futuro","description":"Parker deve affrontare la sua storia prima che distrugga il suo futuro, a partire da un killer dei suoi primi anni.","robots":{"index":"index","follow":"follow","max-snippet":"max-snippet:-1","max-image-preview":"max-image-preview:large","max-video-preview":"max-video-preview:-1"},"canonical":"https:\/\/www.iplay.com\/it\/games\/parker-lane-twisted-minds-collectors-edition\/","og_locale":"it_IT","og_type":"article","og_title":"Parker &amp; Lane - Twisted Minds: Collector's Edition","og_description":"Parker deve affrontare la sua storia prima che distrugga il suo futuro, a partire da un killer dei suoi primi anni.","og_url":"https:\/\/www.iplay.com\/it\/games\/parker-lane-twisted-minds-collectors-edition\/","og_site_name":"IPlay","og_image":[{"width":310,"height":310,"url":"https:\/\/www.iplay.com\/wp-content\/uploads\/2023\/12\/large_square_tile_image-2911.jpg","type":"image\/jpeg"}],"twitter_card":"summary_large_image","twitter_misc":{"Est. reading time":"1 minuto"},"schema":{"@context":"https:\/\/schema.org","@graph":[{"@type":"WebPage","@id":"https:\/\/www.iplay.com\/it\/games\/parker-lane-twisted-minds-collectors-edition\/","url":"https:\/\/www.iplay.com\/it\/games\/parker-lane-twisted-minds-collectors-edition\/","name":"Parker & Lane - Twisted Minds: Collector's Edition - Affronta un killer del passato di Parker, assicurandoti il suo futuro","isPartOf":{"@id":"https:\/\/www.iplay.com\/en\/#website"},"primaryImageOfPage":{"@id":"https:\/\/www.iplay.com\/it\/games\/parker-lane-twisted-minds-collectors-edition\/#primaryimage"},"image":{"@id":"https:\/\/www.iplay.com\/it\/games\/parker-lane-twisted-minds-collectors-edition\/#primaryimage"},"thumbnailUrl":"https:\/\/www.iplay.com\/wp-content\/uploads\/2023\/12\/large_square_tile_image-2911.jpg","datePublished":"2019-01-10T00:00:01+00:00","description":"Parker deve affrontare la sua storia prima che distrugga il suo futuro, a partire da un killer dei suoi primi anni.","breadcrumb":{"@id":"https:\/\/www.iplay.com\/it\/games\/parker-lane-twisted-minds-collectors-edition\/#breadcrumb"},"inLanguage":"it-IT","potentialAction":[{"@type":"ReadAction","target":["https:\/\/www.iplay.com\/it\/games\/parker-lane-twisted-minds-collectors-edition\/"]}]},{"@type":"ImageObject","inLanguage":"it-IT","@id":"https:\/\/www.iplay.com\/it\/games\/parker-lane-twisted-minds-collectors-edition\/#primaryimage","url":"https:\/\/www.iplay.com\/wp-content\/uploads\/2023\/12\/large_square_tile_image-2911.jpg","contentUrl":"https:\/\/www.iplay.com\/wp-content\/uploads\/2023\/12\/large_square_tile_image-2911.jpg","width":310,"height":310},{"@type":"BreadcrumbList","@id":"https:\/\/www.iplay.com\/it\/games\/parker-lane-twisted-minds-collectors-edition\/#breadcrumb","itemListElement":[{"@type":"ListItem","position":1,"name":"Home","item":"https:\/\/www.iplay.com\/it\/home-page-2\/"},{"@type":"ListItem","position":2,"name":"Shop","item":"https:\/\/www.iplay.com\/en\/shop\/"},{"@type":"ListItem","position":3,"name":"Parker &amp; Lane &#8211; Twisted Minds: Collector&#8217;s Edition"}]},{"@type":"WebSite","@id":"https:\/\/www.iplay.com\/en\/#website","url":"https:\/\/www.iplay.com\/en\/","name":"IPlay","description":"The Best Casual Games!","publisher":{"@id":"https:\/\/www.iplay.com\/en\/#organization"},"potentialAction":[{"@type":"SearchAction","target":{"@type":"EntryPoint","urlTemplate":"https:\/\/www.iplay.com\/en\/?s={search_term_string}"},"query-input":{"@type":"PropertyValueSpecification","valueRequired":true,"valueName":"search_term_string"}}],"inLanguage":"it-IT"},{"@type":"Organization","@id":"https:\/\/www.iplay.com\/en\/#organization","name":"IPlay","url":"https:\/\/www.iplay.com\/en\/","logo":{"@type":"ImageObject","inLanguage":"it-IT","@id":"https:\/\/www.iplay.com\/en\/#\/schema\/logo\/image\/","url":"https:\/\/www.iplay.com\/wp-content\/uploads\/2023\/11\/Group-6100.svg","contentUrl":"https:\/\/www.iplay.com\/wp-content\/uploads\/2023\/11\/Group-6100.svg","width":98,"height":25,"caption":"IPlay"},"image":{"@id":"https:\/\/www.iplay.com\/en\/#\/schema\/logo\/image\/"}}]}},"_links":{"self":[{"href":"https:\/\/www.iplay.com\/it\/wp-json\/wp\/v2\/product\/135658","targetHints":{"allow":["GET"]}}],"collection":[{"href":"https:\/\/www.iplay.com\/it\/wp-json\/wp\/v2\/product"}],"about":[{"href":"https:\/\/www.iplay.com\/it\/wp-json\/wp\/v2\/types\/product"}],"author":[{"embeddable":true,"href":"https:\/\/www.iplay.com\/it\/wp-json\/wp\/v2\/users\/10"}],"replies":[{"embeddable":true,"href":"https:\/\/www.iplay.com\/it\/wp-json\/wp\/v2\/comments?post=135658"}],"wp:featuredmedia":[{"embeddable":true,"href":"https:\/\/www.iplay.com\/it\/wp-json\/wp\/v2\/media\/86381"}],"wp:attachment":[{"href":"https:\/\/www.iplay.com\/it\/wp-json\/wp\/v2\/media?parent=135658"}],"wp:term":[{"taxonomy":"product_brand","embeddable":true,"href":"https:\/\/www.iplay.com\/it\/wp-json\/wp\/v2\/product_brand?post=135658"},{"taxonomy":"product_cat","embeddable":true,"href":"https:\/\/www.iplay.com\/it\/wp-json\/wp\/v2\/product_cat?post=135658"},{"taxonomy":"product_tag","embeddable":true,"href":"https:\/\/www.iplay.com\/it\/wp-json\/wp\/v2\/product_tag?post=135658"}],"curies":[{"name":"wp","href":"https:\/\/api.w.org\/{rel}","templated":true}]}}