{"id":135590,"date":"2019-08-10T00:00:00","date_gmt":"2019-08-10T00:00:00","guid":{"rendered":"https:\/\/www.iplay.com\/games\/cooking-trip-2-collectors-edition\/"},"modified":"2019-08-10T00:00:00","modified_gmt":"2019-08-10T00:00:00","slug":"cooking-trip-2-collectors-edition","status":"publish","type":"product","link":"https:\/\/www.iplay.com\/it\/games\/cooking-trip-2-collectors-edition\/","title":{"rendered":"Cooking Trip 2 &#8211; Collector&#8217;s Edition"},"content":{"rendered":"<p>)Sali a nuove vette! Mary e John scelgono di competere nel concorso Best Chef per i nuovi proprietari di ristoranti dopo aver realizzato la loro ambizione di possedere un ristorante tutto loro. Tuttavia, sono rimasti sorpresi da quanto fosse dura la competizione. Con un rinnovato senso di scopo e determinazione, i due intraprendono un nuovo viaggio per scoprire i migliori segreti culinari. Cosa li attende ora? Dimostra al mondo quanto sei grande! Aspettati luoghi divertenti, diversi livelli di difficolt\u00e0, un&#8217;abbondanza di personalit\u00e0 e piatti, incarichi extra, la capacit\u00e0 di migliorare ed espandere il tuo ristorante, numerosi premi, un gameplay intuitivo adatto a giocatori di tutte le et\u00e0, una colonna sonora vivace e una trama avvincente. Cooking Trip: Back on the Road: scopri nuove tecniche di cottura e sbaraglia gli avversari!       <\/p>\n<p>&nbsp;<\/p>\n<p>&nbsp;<\/p>\n<p><strong>Tratti somatici:<\/strong><\/p>\n<p>&nbsp;<\/p>\n<p>&#8211; Tre ristoranti distinti: Germania, Francia e America, ognuno con una cucina specifica<\/p>\n<p>&#8211; 60 emozionanti tappe con diversi gradi di difficolt\u00e0<\/p>\n<p>&#8211; Oltre dieci set di caratteri distinti<\/p>\n<p>&#8211; Numerosi incarichi bonus<\/p>\n<p>&#8211; Migliora i tuoi ristoranti e i tuoi eroi<\/p>\n<p>&#8211; Gameplay semplice adatto a tutte le et\u00e0<\/p>\n<p>&#8211; Musica allegra<\/p>\n","protected":false},"excerpt":{"rendered":"<p>Viaggiare per il cibo come mai prima d&#8217;ora! Cooking Trip 2: Ritorno sulla strada <\/p>\n","protected":false},"author":13,"featured_media":92811,"comment_status":"open","ping_status":"closed","template":"","meta":{"_acf_changed":false,"inline_featured_image":false},"product_brand":[],"product_cat":[214],"product_tag":[290],"class_list":{"0":"post-135590","1":"product","2":"type-product","3":"status-publish","4":"has-post-thumbnail","6":"product_cat-time-management-it","7":"product_tag-play-on-pc-it","9":"first","10":"instock","11":"shipping-taxable","12":"purchasable","13":"product-type-simple"},"acf":[],"yoast_head":"<!-- This site is optimized with the Yoast SEO Premium plugin v25.2 (Yoast SEO v25.2) - https:\/\/yoast.com\/wordpress\/plugins\/seo\/ -->\n<title>Cooking Trip 2 - Collector&#039;s Edition - Cooking Trip 2 - Back on the Road offre delizie del turismo gastronomico<\/title>\n<meta name=\"description\" content=\"Viaggiare per il cibo come mai prima d&#039;ora! Cooking Trip 2: Ritorno sulla strada\" \/>\n<meta name=\"robots\" content=\"index, follow, max-snippet:-1, max-image-preview:large, max-video-preview:-1\" \/>\n<link rel=\"canonical\" href=\"https:\/\/www.iplay.com\/it\/games\/cooking-trip-2-collectors-edition\/\" \/>\n<meta property=\"og:locale\" content=\"it_IT\" \/>\n<meta property=\"og:type\" content=\"article\" \/>\n<meta property=\"og:title\" content=\"Cooking Trip 2 - Collector&#039;s Edition\" \/>\n<meta property=\"og:description\" content=\"Viaggiare per il cibo come mai prima d&#039;ora! Cooking Trip 2: Ritorno sulla strada\" \/>\n<meta property=\"og:url\" content=\"https:\/\/www.iplay.com\/it\/games\/cooking-trip-2-collectors-edition\/\" \/>\n<meta property=\"og:site_name\" content=\"IPlay\" \/>\n<meta property=\"og:image\" content=\"https:\/\/www.iplay.com\/wp-content\/uploads\/2023\/12\/large_square_tile_image-3316.jpg\" \/>\n\t<meta property=\"og:image:width\" content=\"310\" \/>\n\t<meta property=\"og:image:height\" content=\"310\" \/>\n\t<meta property=\"og:image:type\" content=\"image\/jpeg\" \/>\n<meta name=\"twitter:card\" content=\"summary_large_image\" \/>\n<meta name=\"twitter:label1\" content=\"Est. reading time\" \/>\n\t<meta name=\"twitter:data1\" content=\"1 minuto\" \/>\n<script type=\"application\/ld+json\" class=\"yoast-schema-graph\">{\"@context\":\"https:\/\/schema.org\",\"@graph\":[{\"@type\":\"WebPage\",\"@id\":\"https:\/\/www.iplay.com\/it\/games\/cooking-trip-2-collectors-edition\/\",\"url\":\"https:\/\/www.iplay.com\/it\/games\/cooking-trip-2-collectors-edition\/\",\"name\":\"Cooking Trip 2 - Collector's Edition - Cooking Trip 2 - Back on the Road offre delizie del turismo gastronomico\",\"isPartOf\":{\"@id\":\"https:\/\/www.iplay.com\/en\/#website\"},\"primaryImageOfPage\":{\"@id\":\"https:\/\/www.iplay.com\/it\/games\/cooking-trip-2-collectors-edition\/#primaryimage\"},\"image\":{\"@id\":\"https:\/\/www.iplay.com\/it\/games\/cooking-trip-2-collectors-edition\/#primaryimage\"},\"thumbnailUrl\":\"https:\/\/www.iplay.com\/wp-content\/uploads\/2023\/12\/large_square_tile_image-3316.jpg\",\"datePublished\":\"2019-08-10T00:00:00+00:00\",\"description\":\"Viaggiare per il cibo come mai prima d'ora! Cooking Trip 2: Ritorno sulla strada\",\"breadcrumb\":{\"@id\":\"https:\/\/www.iplay.com\/it\/games\/cooking-trip-2-collectors-edition\/#breadcrumb\"},\"inLanguage\":\"it-IT\",\"potentialAction\":[{\"@type\":\"ReadAction\",\"target\":[\"https:\/\/www.iplay.com\/it\/games\/cooking-trip-2-collectors-edition\/\"]}]},{\"@type\":\"ImageObject\",\"inLanguage\":\"it-IT\",\"@id\":\"https:\/\/www.iplay.com\/it\/games\/cooking-trip-2-collectors-edition\/#primaryimage\",\"url\":\"https:\/\/www.iplay.com\/wp-content\/uploads\/2023\/12\/large_square_tile_image-3316.jpg\",\"contentUrl\":\"https:\/\/www.iplay.com\/wp-content\/uploads\/2023\/12\/large_square_tile_image-3316.jpg\",\"width\":310,\"height\":310},{\"@type\":\"BreadcrumbList\",\"@id\":\"https:\/\/www.iplay.com\/it\/games\/cooking-trip-2-collectors-edition\/#breadcrumb\",\"itemListElement\":[{\"@type\":\"ListItem\",\"position\":1,\"name\":\"Home\",\"item\":\"https:\/\/www.iplay.com\/it\/home-page-2\/\"},{\"@type\":\"ListItem\",\"position\":2,\"name\":\"Shop\",\"item\":\"https:\/\/www.iplay.com\/en\/shop\/\"},{\"@type\":\"ListItem\",\"position\":3,\"name\":\"Cooking Trip 2 &#8211; Collector&#8217;s Edition\"}]},{\"@type\":\"WebSite\",\"@id\":\"https:\/\/www.iplay.com\/en\/#website\",\"url\":\"https:\/\/www.iplay.com\/en\/\",\"name\":\"IPlay\",\"description\":\"The Best Casual Games!\",\"publisher\":{\"@id\":\"https:\/\/www.iplay.com\/en\/#organization\"},\"potentialAction\":[{\"@type\":\"SearchAction\",\"target\":{\"@type\":\"EntryPoint\",\"urlTemplate\":\"https:\/\/www.iplay.com\/en\/?s={search_term_string}\"},\"query-input\":{\"@type\":\"PropertyValueSpecification\",\"valueRequired\":true,\"valueName\":\"search_term_string\"}}],\"inLanguage\":\"it-IT\"},{\"@type\":\"Organization\",\"@id\":\"https:\/\/www.iplay.com\/en\/#organization\",\"name\":\"IPlay\",\"url\":\"https:\/\/www.iplay.com\/en\/\",\"logo\":{\"@type\":\"ImageObject\",\"inLanguage\":\"it-IT\",\"@id\":\"https:\/\/www.iplay.com\/en\/#\/schema\/logo\/image\/\",\"url\":\"https:\/\/www.iplay.com\/wp-content\/uploads\/2023\/11\/Group-6100.svg\",\"contentUrl\":\"https:\/\/www.iplay.com\/wp-content\/uploads\/2023\/11\/Group-6100.svg\",\"width\":98,\"height\":25,\"caption\":\"IPlay\"},\"image\":{\"@id\":\"https:\/\/www.iplay.com\/en\/#\/schema\/logo\/image\/\"}}]}<\/script>\n<!-- \/ Yoast SEO Premium plugin. -->","yoast_head_json":{"title":"Cooking Trip 2 - Collector's Edition - Cooking Trip 2 - Back on the Road offre delizie del turismo gastronomico","description":"Viaggiare per il cibo come mai prima d'ora! Cooking Trip 2: Ritorno sulla strada","robots":{"index":"index","follow":"follow","max-snippet":"max-snippet:-1","max-image-preview":"max-image-preview:large","max-video-preview":"max-video-preview:-1"},"canonical":"https:\/\/www.iplay.com\/it\/games\/cooking-trip-2-collectors-edition\/","og_locale":"it_IT","og_type":"article","og_title":"Cooking Trip 2 - Collector's Edition","og_description":"Viaggiare per il cibo come mai prima d'ora! Cooking Trip 2: Ritorno sulla strada","og_url":"https:\/\/www.iplay.com\/it\/games\/cooking-trip-2-collectors-edition\/","og_site_name":"IPlay","og_image":[{"width":310,"height":310,"url":"https:\/\/www.iplay.com\/wp-content\/uploads\/2023\/12\/large_square_tile_image-3316.jpg","type":"image\/jpeg"}],"twitter_card":"summary_large_image","twitter_misc":{"Est. reading time":"1 minuto"},"schema":{"@context":"https:\/\/schema.org","@graph":[{"@type":"WebPage","@id":"https:\/\/www.iplay.com\/it\/games\/cooking-trip-2-collectors-edition\/","url":"https:\/\/www.iplay.com\/it\/games\/cooking-trip-2-collectors-edition\/","name":"Cooking Trip 2 - Collector's Edition - Cooking Trip 2 - Back on the Road offre delizie del turismo gastronomico","isPartOf":{"@id":"https:\/\/www.iplay.com\/en\/#website"},"primaryImageOfPage":{"@id":"https:\/\/www.iplay.com\/it\/games\/cooking-trip-2-collectors-edition\/#primaryimage"},"image":{"@id":"https:\/\/www.iplay.com\/it\/games\/cooking-trip-2-collectors-edition\/#primaryimage"},"thumbnailUrl":"https:\/\/www.iplay.com\/wp-content\/uploads\/2023\/12\/large_square_tile_image-3316.jpg","datePublished":"2019-08-10T00:00:00+00:00","description":"Viaggiare per il cibo come mai prima d'ora! Cooking Trip 2: Ritorno sulla strada","breadcrumb":{"@id":"https:\/\/www.iplay.com\/it\/games\/cooking-trip-2-collectors-edition\/#breadcrumb"},"inLanguage":"it-IT","potentialAction":[{"@type":"ReadAction","target":["https:\/\/www.iplay.com\/it\/games\/cooking-trip-2-collectors-edition\/"]}]},{"@type":"ImageObject","inLanguage":"it-IT","@id":"https:\/\/www.iplay.com\/it\/games\/cooking-trip-2-collectors-edition\/#primaryimage","url":"https:\/\/www.iplay.com\/wp-content\/uploads\/2023\/12\/large_square_tile_image-3316.jpg","contentUrl":"https:\/\/www.iplay.com\/wp-content\/uploads\/2023\/12\/large_square_tile_image-3316.jpg","width":310,"height":310},{"@type":"BreadcrumbList","@id":"https:\/\/www.iplay.com\/it\/games\/cooking-trip-2-collectors-edition\/#breadcrumb","itemListElement":[{"@type":"ListItem","position":1,"name":"Home","item":"https:\/\/www.iplay.com\/it\/home-page-2\/"},{"@type":"ListItem","position":2,"name":"Shop","item":"https:\/\/www.iplay.com\/en\/shop\/"},{"@type":"ListItem","position":3,"name":"Cooking Trip 2 &#8211; Collector&#8217;s Edition"}]},{"@type":"WebSite","@id":"https:\/\/www.iplay.com\/en\/#website","url":"https:\/\/www.iplay.com\/en\/","name":"IPlay","description":"The Best Casual Games!","publisher":{"@id":"https:\/\/www.iplay.com\/en\/#organization"},"potentialAction":[{"@type":"SearchAction","target":{"@type":"EntryPoint","urlTemplate":"https:\/\/www.iplay.com\/en\/?s={search_term_string}"},"query-input":{"@type":"PropertyValueSpecification","valueRequired":true,"valueName":"search_term_string"}}],"inLanguage":"it-IT"},{"@type":"Organization","@id":"https:\/\/www.iplay.com\/en\/#organization","name":"IPlay","url":"https:\/\/www.iplay.com\/en\/","logo":{"@type":"ImageObject","inLanguage":"it-IT","@id":"https:\/\/www.iplay.com\/en\/#\/schema\/logo\/image\/","url":"https:\/\/www.iplay.com\/wp-content\/uploads\/2023\/11\/Group-6100.svg","contentUrl":"https:\/\/www.iplay.com\/wp-content\/uploads\/2023\/11\/Group-6100.svg","width":98,"height":25,"caption":"IPlay"},"image":{"@id":"https:\/\/www.iplay.com\/en\/#\/schema\/logo\/image\/"}}]}},"_links":{"self":[{"href":"https:\/\/www.iplay.com\/it\/wp-json\/wp\/v2\/product\/135590","targetHints":{"allow":["GET"]}}],"collection":[{"href":"https:\/\/www.iplay.com\/it\/wp-json\/wp\/v2\/product"}],"about":[{"href":"https:\/\/www.iplay.com\/it\/wp-json\/wp\/v2\/types\/product"}],"author":[{"embeddable":true,"href":"https:\/\/www.iplay.com\/it\/wp-json\/wp\/v2\/users\/13"}],"replies":[{"embeddable":true,"href":"https:\/\/www.iplay.com\/it\/wp-json\/wp\/v2\/comments?post=135590"}],"wp:featuredmedia":[{"embeddable":true,"href":"https:\/\/www.iplay.com\/it\/wp-json\/wp\/v2\/media\/92811"}],"wp:attachment":[{"href":"https:\/\/www.iplay.com\/it\/wp-json\/wp\/v2\/media?parent=135590"}],"wp:term":[{"taxonomy":"product_brand","embeddable":true,"href":"https:\/\/www.iplay.com\/it\/wp-json\/wp\/v2\/product_brand?post=135590"},{"taxonomy":"product_cat","embeddable":true,"href":"https:\/\/www.iplay.com\/it\/wp-json\/wp\/v2\/product_cat?post=135590"},{"taxonomy":"product_tag","embeddable":true,"href":"https:\/\/www.iplay.com\/it\/wp-json\/wp\/v2\/product_tag?post=135590"}],"curies":[{"name":"wp","href":"https:\/\/api.w.org\/{rel}","templated":true}]}}