{"id":135584,"date":"2019-08-24T00:00:00","date_gmt":"2019-08-24T00:00:00","guid":{"rendered":"https:\/\/www.iplay.com\/games\/alicia-quatermain-4-da-vinci-and-the-time-machine-collectors-edition\/"},"modified":"2019-08-24T00:00:00","modified_gmt":"2019-08-24T00:00:00","slug":"alicia-quatermain-4-da-vinci-and-the-time-machine-collectors-edition","status":"publish","type":"product","link":"https:\/\/www.iplay.com\/it\/games\/alicia-quatermain-4-da-vinci-and-the-time-machine-collectors-edition\/","title":{"rendered":"Alicia Quatermain 4: Da Vinci and the Time Machine Collector&#8217;s Edition"},"content":{"rendered":"<p>Da Vinci, a quanto pare, ha inventato la macchina del tempo! Tuttavia, la nuova invenzione non \u00e8 andata come previsto. A causa di un errore di calcolo, l&#8217;amata Cecilia di Da Vinci \u00e8 stata catapultata indietro nel tempo! Da Vinci decise di inseguirla nel tentativo di salvare la donna che amava, ma invece viaggi\u00f2 nel futuro. Non \u00e8 troppo tardi per riparare il danno, ma la brillante scienziata vorr\u00e0 l&#8217;assistenza di Alicia Quatermain! I due viaggeranno nel tempo e nello spazio, visitando luoghi mitici! Riusciranno Alicia e Leonardo Da Vinci a salvare Cecilia e a scongiurare una catastrofe nel tempo? Le avventure di Alicia Quatermas continuano.       <\/p>\n<p>&nbsp;<\/p>\n<p>&nbsp;<\/p>\n<p><strong>Tratti somatici:<\/strong><\/p>\n<p>&nbsp;<\/p>\n<p>&#8211; Splendida grafica Full HD<\/p>\n<p>&#8211; Sfide speciali per giocatori di talento in modalit\u00e0 difficile<\/p>\n<p>&#8211; Una trama accattivante e personaggi interessanti<\/p>\n<p>&#8211; Enigmi e livelli bonus per giocatori attenti<\/p>\n<p>&#8211; La possibilit\u00e0 di salvaguardare una reliquia rara<\/p>\n","protected":false},"excerpt":{"rendered":"<p>Alicia si imbarca in un&#8217;incredibile avventura con Da Vinci! All&#8217;interno della Collector&#8217;s Edition di Alicia Quatermain 4 <\/p>\n","protected":false},"author":14,"featured_media":84781,"comment_status":"open","ping_status":"closed","template":"","meta":{"_acf_changed":false,"inline_featured_image":false},"product_brand":[],"product_cat":[214],"product_tag":[290],"class_list":{"0":"post-135584","1":"product","2":"type-product","3":"status-publish","4":"has-post-thumbnail","6":"product_cat-time-management-it","7":"product_tag-play-on-pc-it","9":"first","10":"instock","11":"shipping-taxable","12":"purchasable","13":"product-type-simple"},"acf":[],"yoast_head":"<!-- This site is optimized with the Yoast SEO Premium plugin v25.2 (Yoast SEO v25.2) - https:\/\/yoast.com\/wordpress\/plugins\/seo\/ -->\n<title>Alicia Quatermain 4: Da Vinci e la macchina del tempo Edizione Speciale - Unisciti ad Alicia Quatermain in un viaggio avventuroso<\/title>\n<meta name=\"description\" content=\"Alicia si imbarca in un&#039;incredibile avventura con Da Vinci! All&#039;interno della Collector&#039;s Edition di Alicia Quatermain 4\" \/>\n<meta name=\"robots\" content=\"index, follow, max-snippet:-1, max-image-preview:large, max-video-preview:-1\" \/>\n<link rel=\"canonical\" href=\"https:\/\/www.iplay.com\/it\/games\/alicia-quatermain-4-da-vinci-and-the-time-machine-collectors-edition\/\" \/>\n<meta property=\"og:locale\" content=\"it_IT\" \/>\n<meta property=\"og:type\" content=\"article\" \/>\n<meta property=\"og:title\" content=\"Alicia Quatermain 4: Da Vinci and the Time Machine Collector&#039;s Edition\" \/>\n<meta property=\"og:description\" content=\"Alicia si imbarca in un&#039;incredibile avventura con Da Vinci! All&#039;interno della Collector&#039;s Edition di Alicia Quatermain 4\" \/>\n<meta property=\"og:url\" content=\"https:\/\/www.iplay.com\/it\/games\/alicia-quatermain-4-da-vinci-and-the-time-machine-collectors-edition\/\" \/>\n<meta property=\"og:site_name\" content=\"IPlay\" \/>\n<meta property=\"og:image\" content=\"https:\/\/www.iplay.com\/wp-content\/uploads\/2023\/12\/large_square_tile_image-2809.jpg\" \/>\n\t<meta property=\"og:image:width\" content=\"310\" \/>\n\t<meta property=\"og:image:height\" content=\"310\" \/>\n\t<meta property=\"og:image:type\" content=\"image\/jpeg\" \/>\n<meta name=\"twitter:card\" content=\"summary_large_image\" \/>\n<meta name=\"twitter:label1\" content=\"Est. reading time\" \/>\n\t<meta name=\"twitter:data1\" content=\"1 minuto\" \/>\n<script type=\"application\/ld+json\" class=\"yoast-schema-graph\">{\"@context\":\"https:\/\/schema.org\",\"@graph\":[{\"@type\":\"WebPage\",\"@id\":\"https:\/\/www.iplay.com\/it\/games\/alicia-quatermain-4-da-vinci-and-the-time-machine-collectors-edition\/\",\"url\":\"https:\/\/www.iplay.com\/it\/games\/alicia-quatermain-4-da-vinci-and-the-time-machine-collectors-edition\/\",\"name\":\"Alicia Quatermain 4: Da Vinci e la macchina del tempo Edizione Speciale - Unisciti ad Alicia Quatermain in un viaggio avventuroso\",\"isPartOf\":{\"@id\":\"https:\/\/www.iplay.com\/en\/#website\"},\"primaryImageOfPage\":{\"@id\":\"https:\/\/www.iplay.com\/it\/games\/alicia-quatermain-4-da-vinci-and-the-time-machine-collectors-edition\/#primaryimage\"},\"image\":{\"@id\":\"https:\/\/www.iplay.com\/it\/games\/alicia-quatermain-4-da-vinci-and-the-time-machine-collectors-edition\/#primaryimage\"},\"thumbnailUrl\":\"https:\/\/www.iplay.com\/wp-content\/uploads\/2023\/12\/large_square_tile_image-2809.jpg\",\"datePublished\":\"2019-08-24T00:00:00+00:00\",\"description\":\"Alicia si imbarca in un'incredibile avventura con Da Vinci! All'interno della Collector's Edition di Alicia Quatermain 4\",\"breadcrumb\":{\"@id\":\"https:\/\/www.iplay.com\/it\/games\/alicia-quatermain-4-da-vinci-and-the-time-machine-collectors-edition\/#breadcrumb\"},\"inLanguage\":\"it-IT\",\"potentialAction\":[{\"@type\":\"ReadAction\",\"target\":[\"https:\/\/www.iplay.com\/it\/games\/alicia-quatermain-4-da-vinci-and-the-time-machine-collectors-edition\/\"]}]},{\"@type\":\"ImageObject\",\"inLanguage\":\"it-IT\",\"@id\":\"https:\/\/www.iplay.com\/it\/games\/alicia-quatermain-4-da-vinci-and-the-time-machine-collectors-edition\/#primaryimage\",\"url\":\"https:\/\/www.iplay.com\/wp-content\/uploads\/2023\/12\/large_square_tile_image-2809.jpg\",\"contentUrl\":\"https:\/\/www.iplay.com\/wp-content\/uploads\/2023\/12\/large_square_tile_image-2809.jpg\",\"width\":310,\"height\":310},{\"@type\":\"BreadcrumbList\",\"@id\":\"https:\/\/www.iplay.com\/it\/games\/alicia-quatermain-4-da-vinci-and-the-time-machine-collectors-edition\/#breadcrumb\",\"itemListElement\":[{\"@type\":\"ListItem\",\"position\":1,\"name\":\"Home\",\"item\":\"https:\/\/www.iplay.com\/it\/home-page-2\/\"},{\"@type\":\"ListItem\",\"position\":2,\"name\":\"Shop\",\"item\":\"https:\/\/www.iplay.com\/en\/shop\/\"},{\"@type\":\"ListItem\",\"position\":3,\"name\":\"Alicia Quatermain 4: Da Vinci and the Time Machine Collector&#8217;s Edition\"}]},{\"@type\":\"WebSite\",\"@id\":\"https:\/\/www.iplay.com\/en\/#website\",\"url\":\"https:\/\/www.iplay.com\/en\/\",\"name\":\"IPlay\",\"description\":\"The Best Casual Games!\",\"publisher\":{\"@id\":\"https:\/\/www.iplay.com\/en\/#organization\"},\"potentialAction\":[{\"@type\":\"SearchAction\",\"target\":{\"@type\":\"EntryPoint\",\"urlTemplate\":\"https:\/\/www.iplay.com\/en\/?s={search_term_string}\"},\"query-input\":{\"@type\":\"PropertyValueSpecification\",\"valueRequired\":true,\"valueName\":\"search_term_string\"}}],\"inLanguage\":\"it-IT\"},{\"@type\":\"Organization\",\"@id\":\"https:\/\/www.iplay.com\/en\/#organization\",\"name\":\"IPlay\",\"url\":\"https:\/\/www.iplay.com\/en\/\",\"logo\":{\"@type\":\"ImageObject\",\"inLanguage\":\"it-IT\",\"@id\":\"https:\/\/www.iplay.com\/en\/#\/schema\/logo\/image\/\",\"url\":\"https:\/\/www.iplay.com\/wp-content\/uploads\/2023\/11\/Group-6100.svg\",\"contentUrl\":\"https:\/\/www.iplay.com\/wp-content\/uploads\/2023\/11\/Group-6100.svg\",\"width\":98,\"height\":25,\"caption\":\"IPlay\"},\"image\":{\"@id\":\"https:\/\/www.iplay.com\/en\/#\/schema\/logo\/image\/\"}}]}<\/script>\n<!-- \/ Yoast SEO Premium plugin. -->","yoast_head_json":{"title":"Alicia Quatermain 4: Da Vinci e la macchina del tempo Edizione Speciale - Unisciti ad Alicia Quatermain in un viaggio avventuroso","description":"Alicia si imbarca in un'incredibile avventura con Da Vinci! All'interno della Collector's Edition di Alicia Quatermain 4","robots":{"index":"index","follow":"follow","max-snippet":"max-snippet:-1","max-image-preview":"max-image-preview:large","max-video-preview":"max-video-preview:-1"},"canonical":"https:\/\/www.iplay.com\/it\/games\/alicia-quatermain-4-da-vinci-and-the-time-machine-collectors-edition\/","og_locale":"it_IT","og_type":"article","og_title":"Alicia Quatermain 4: Da Vinci and the Time Machine Collector's Edition","og_description":"Alicia si imbarca in un'incredibile avventura con Da Vinci! All'interno della Collector's Edition di Alicia Quatermain 4","og_url":"https:\/\/www.iplay.com\/it\/games\/alicia-quatermain-4-da-vinci-and-the-time-machine-collectors-edition\/","og_site_name":"IPlay","og_image":[{"width":310,"height":310,"url":"https:\/\/www.iplay.com\/wp-content\/uploads\/2023\/12\/large_square_tile_image-2809.jpg","type":"image\/jpeg"}],"twitter_card":"summary_large_image","twitter_misc":{"Est. reading time":"1 minuto"},"schema":{"@context":"https:\/\/schema.org","@graph":[{"@type":"WebPage","@id":"https:\/\/www.iplay.com\/it\/games\/alicia-quatermain-4-da-vinci-and-the-time-machine-collectors-edition\/","url":"https:\/\/www.iplay.com\/it\/games\/alicia-quatermain-4-da-vinci-and-the-time-machine-collectors-edition\/","name":"Alicia Quatermain 4: Da Vinci e la macchina del tempo Edizione Speciale - Unisciti ad Alicia Quatermain in un viaggio avventuroso","isPartOf":{"@id":"https:\/\/www.iplay.com\/en\/#website"},"primaryImageOfPage":{"@id":"https:\/\/www.iplay.com\/it\/games\/alicia-quatermain-4-da-vinci-and-the-time-machine-collectors-edition\/#primaryimage"},"image":{"@id":"https:\/\/www.iplay.com\/it\/games\/alicia-quatermain-4-da-vinci-and-the-time-machine-collectors-edition\/#primaryimage"},"thumbnailUrl":"https:\/\/www.iplay.com\/wp-content\/uploads\/2023\/12\/large_square_tile_image-2809.jpg","datePublished":"2019-08-24T00:00:00+00:00","description":"Alicia si imbarca in un'incredibile avventura con Da Vinci! All'interno della Collector's Edition di Alicia Quatermain 4","breadcrumb":{"@id":"https:\/\/www.iplay.com\/it\/games\/alicia-quatermain-4-da-vinci-and-the-time-machine-collectors-edition\/#breadcrumb"},"inLanguage":"it-IT","potentialAction":[{"@type":"ReadAction","target":["https:\/\/www.iplay.com\/it\/games\/alicia-quatermain-4-da-vinci-and-the-time-machine-collectors-edition\/"]}]},{"@type":"ImageObject","inLanguage":"it-IT","@id":"https:\/\/www.iplay.com\/it\/games\/alicia-quatermain-4-da-vinci-and-the-time-machine-collectors-edition\/#primaryimage","url":"https:\/\/www.iplay.com\/wp-content\/uploads\/2023\/12\/large_square_tile_image-2809.jpg","contentUrl":"https:\/\/www.iplay.com\/wp-content\/uploads\/2023\/12\/large_square_tile_image-2809.jpg","width":310,"height":310},{"@type":"BreadcrumbList","@id":"https:\/\/www.iplay.com\/it\/games\/alicia-quatermain-4-da-vinci-and-the-time-machine-collectors-edition\/#breadcrumb","itemListElement":[{"@type":"ListItem","position":1,"name":"Home","item":"https:\/\/www.iplay.com\/it\/home-page-2\/"},{"@type":"ListItem","position":2,"name":"Shop","item":"https:\/\/www.iplay.com\/en\/shop\/"},{"@type":"ListItem","position":3,"name":"Alicia Quatermain 4: Da Vinci and the Time Machine Collector&#8217;s Edition"}]},{"@type":"WebSite","@id":"https:\/\/www.iplay.com\/en\/#website","url":"https:\/\/www.iplay.com\/en\/","name":"IPlay","description":"The Best Casual Games!","publisher":{"@id":"https:\/\/www.iplay.com\/en\/#organization"},"potentialAction":[{"@type":"SearchAction","target":{"@type":"EntryPoint","urlTemplate":"https:\/\/www.iplay.com\/en\/?s={search_term_string}"},"query-input":{"@type":"PropertyValueSpecification","valueRequired":true,"valueName":"search_term_string"}}],"inLanguage":"it-IT"},{"@type":"Organization","@id":"https:\/\/www.iplay.com\/en\/#organization","name":"IPlay","url":"https:\/\/www.iplay.com\/en\/","logo":{"@type":"ImageObject","inLanguage":"it-IT","@id":"https:\/\/www.iplay.com\/en\/#\/schema\/logo\/image\/","url":"https:\/\/www.iplay.com\/wp-content\/uploads\/2023\/11\/Group-6100.svg","contentUrl":"https:\/\/www.iplay.com\/wp-content\/uploads\/2023\/11\/Group-6100.svg","width":98,"height":25,"caption":"IPlay"},"image":{"@id":"https:\/\/www.iplay.com\/en\/#\/schema\/logo\/image\/"}}]}},"_links":{"self":[{"href":"https:\/\/www.iplay.com\/it\/wp-json\/wp\/v2\/product\/135584","targetHints":{"allow":["GET"]}}],"collection":[{"href":"https:\/\/www.iplay.com\/it\/wp-json\/wp\/v2\/product"}],"about":[{"href":"https:\/\/www.iplay.com\/it\/wp-json\/wp\/v2\/types\/product"}],"author":[{"embeddable":true,"href":"https:\/\/www.iplay.com\/it\/wp-json\/wp\/v2\/users\/14"}],"replies":[{"embeddable":true,"href":"https:\/\/www.iplay.com\/it\/wp-json\/wp\/v2\/comments?post=135584"}],"wp:featuredmedia":[{"embeddable":true,"href":"https:\/\/www.iplay.com\/it\/wp-json\/wp\/v2\/media\/84781"}],"wp:attachment":[{"href":"https:\/\/www.iplay.com\/it\/wp-json\/wp\/v2\/media?parent=135584"}],"wp:term":[{"taxonomy":"product_brand","embeddable":true,"href":"https:\/\/www.iplay.com\/it\/wp-json\/wp\/v2\/product_brand?post=135584"},{"taxonomy":"product_cat","embeddable":true,"href":"https:\/\/www.iplay.com\/it\/wp-json\/wp\/v2\/product_cat?post=135584"},{"taxonomy":"product_tag","embeddable":true,"href":"https:\/\/www.iplay.com\/it\/wp-json\/wp\/v2\/product_tag?post=135584"}],"curies":[{"name":"wp","href":"https:\/\/api.w.org\/{rel}","templated":true}]}}