{"id":135556,"date":"2019-11-08T00:00:00","date_gmt":"2019-11-08T00:00:00","guid":{"rendered":"https:\/\/www.iplay.com\/games\/maggies-movies-second-shot\/"},"modified":"2019-11-08T00:00:00","modified_gmt":"2019-11-08T00:00:00","slug":"maggies-movies-second-shot","status":"publish","type":"product","link":"https:\/\/www.iplay.com\/it\/games\/maggies-movies-second-shot\/","title":{"rendered":"Maggie&#8217;s Movies &#8211; Second Shot"},"content":{"rendered":"<p>Dal suo lungometraggio d&#8217;esordio, Maggie Welles \u00e8 progredita in modo significativo. Maggie si sente ottimista ora che Al Lyons \u00e8 dietro di lei, ma poi scopre che il suo nuovo contratto cinematografico comporta un sacco di responsabilit\u00e0 impreviste. Maggie \u00e8 costretta a negoziare un mare turbolento di ego fragili, incluso il suo, dopo aver accettato di accettare l&#8217;assistenza di un Hollywood. Maggie ci accompagna in una ricerca personale per definire il successo nella sua storia sulla complessa relazione tra padri e figlie. Riuscir\u00e0 Maggie a dimostrare di avere le carte in regola per avere una seconda possibilit\u00e0 di diventare famosa?    <\/p>\n<p>&nbsp;<\/p>\n<p>&nbsp;<\/p>\n<p><strong>Tratti somatici:<\/strong><\/p>\n<p>&nbsp;<\/p>\n<p>&#8211; Sei capitoli in cui l&#8217;ambientazione \u00e8 insolita.<\/p>\n<p>&#8211; Ci sono tre livelli di sfida in ogni capitolo, che offrono innumerevoli ore di gioco in ogni ambientazione.<\/p>\n<p>&#8211; Tempo di riproduzione superiore a dieci ore.<\/p>\n<p>&#8211; Minigiochi veloci e divertenti per realizzare film sono incorporati in ogni ambientazione.<\/p>\n<p>&#8211; Il flussometro offre una rigiocabilit\u00e0 infinita perch\u00e9 c&#8217;\u00e8 sempre un nuovo metodo per aumentare i bonus di punteggio.<\/p>\n","protected":false},"excerpt":{"rendered":"<p>Riuscir\u00e0 Maggie a superare il suo secondo tentativo di diventare famosa?<\/p>\n","protected":false},"author":4,"featured_media":92150,"comment_status":"open","ping_status":"closed","template":"","meta":{"_acf_changed":false,"inline_featured_image":false},"product_brand":[],"product_cat":[214],"product_tag":[290],"class_list":{"0":"post-135556","1":"product","2":"type-product","3":"status-publish","4":"has-post-thumbnail","6":"product_cat-time-management-it","7":"product_tag-play-on-pc-it","9":"first","10":"instock","11":"shipping-taxable","12":"purchasable","13":"product-type-simple"},"acf":[],"yoast_head":"<!-- This site is optimized with the Yoast SEO Premium plugin v25.2 (Yoast SEO v25.2) - https:\/\/yoast.com\/wordpress\/plugins\/seo\/ -->\n<title>Maggie&#039;s Movies - Seconda inquadratura - Riuscir\u00e0 Maggie a sopravvivere alla sua seconda occasione di fama?<\/title>\n<meta name=\"description\" content=\"Riuscir\u00e0 Maggie a superare il suo secondo tentativo di diventare famosa?\" \/>\n<meta name=\"robots\" content=\"index, follow, max-snippet:-1, max-image-preview:large, max-video-preview:-1\" \/>\n<link rel=\"canonical\" href=\"https:\/\/www.iplay.com\/it\/games\/maggies-movies-second-shot\/\" \/>\n<meta property=\"og:locale\" content=\"it_IT\" \/>\n<meta property=\"og:type\" content=\"article\" \/>\n<meta property=\"og:title\" content=\"Maggie&#039;s Movies - Second Shot\" \/>\n<meta property=\"og:description\" content=\"Riuscir\u00e0 Maggie a superare il suo secondo tentativo di diventare famosa?\" \/>\n<meta property=\"og:url\" content=\"https:\/\/www.iplay.com\/it\/games\/maggies-movies-second-shot\/\" \/>\n<meta property=\"og:site_name\" content=\"IPlay\" \/>\n<meta property=\"og:image\" content=\"https:\/\/www.iplay.com\/wp-content\/uploads\/2023\/12\/large_square_tile_image-3275.jpg\" \/>\n\t<meta property=\"og:image:width\" content=\"310\" \/>\n\t<meta property=\"og:image:height\" content=\"310\" \/>\n\t<meta property=\"og:image:type\" content=\"image\/jpeg\" \/>\n<meta name=\"twitter:card\" content=\"summary_large_image\" \/>\n<meta name=\"twitter:label1\" content=\"Est. reading time\" \/>\n\t<meta name=\"twitter:data1\" content=\"1 minuto\" \/>\n<script type=\"application\/ld+json\" class=\"yoast-schema-graph\">{\"@context\":\"https:\/\/schema.org\",\"@graph\":[{\"@type\":\"WebPage\",\"@id\":\"https:\/\/www.iplay.com\/it\/games\/maggies-movies-second-shot\/\",\"url\":\"https:\/\/www.iplay.com\/it\/games\/maggies-movies-second-shot\/\",\"name\":\"Maggie's Movies - Seconda inquadratura - Riuscir\u00e0 Maggie a sopravvivere alla sua seconda occasione di fama?\",\"isPartOf\":{\"@id\":\"https:\/\/www.iplay.com\/en\/#website\"},\"primaryImageOfPage\":{\"@id\":\"https:\/\/www.iplay.com\/it\/games\/maggies-movies-second-shot\/#primaryimage\"},\"image\":{\"@id\":\"https:\/\/www.iplay.com\/it\/games\/maggies-movies-second-shot\/#primaryimage\"},\"thumbnailUrl\":\"https:\/\/www.iplay.com\/wp-content\/uploads\/2023\/12\/large_square_tile_image-3275.jpg\",\"datePublished\":\"2019-11-08T00:00:00+00:00\",\"description\":\"Riuscir\u00e0 Maggie a superare il suo secondo tentativo di diventare famosa?\",\"breadcrumb\":{\"@id\":\"https:\/\/www.iplay.com\/it\/games\/maggies-movies-second-shot\/#breadcrumb\"},\"inLanguage\":\"it-IT\",\"potentialAction\":[{\"@type\":\"ReadAction\",\"target\":[\"https:\/\/www.iplay.com\/it\/games\/maggies-movies-second-shot\/\"]}]},{\"@type\":\"ImageObject\",\"inLanguage\":\"it-IT\",\"@id\":\"https:\/\/www.iplay.com\/it\/games\/maggies-movies-second-shot\/#primaryimage\",\"url\":\"https:\/\/www.iplay.com\/wp-content\/uploads\/2023\/12\/large_square_tile_image-3275.jpg\",\"contentUrl\":\"https:\/\/www.iplay.com\/wp-content\/uploads\/2023\/12\/large_square_tile_image-3275.jpg\",\"width\":310,\"height\":310},{\"@type\":\"BreadcrumbList\",\"@id\":\"https:\/\/www.iplay.com\/it\/games\/maggies-movies-second-shot\/#breadcrumb\",\"itemListElement\":[{\"@type\":\"ListItem\",\"position\":1,\"name\":\"Home\",\"item\":\"https:\/\/www.iplay.com\/it\/home-page-2\/\"},{\"@type\":\"ListItem\",\"position\":2,\"name\":\"Shop\",\"item\":\"https:\/\/www.iplay.com\/en\/shop\/\"},{\"@type\":\"ListItem\",\"position\":3,\"name\":\"Maggie&#8217;s Movies &#8211; Second Shot\"}]},{\"@type\":\"WebSite\",\"@id\":\"https:\/\/www.iplay.com\/en\/#website\",\"url\":\"https:\/\/www.iplay.com\/en\/\",\"name\":\"IPlay\",\"description\":\"The Best Casual Games!\",\"publisher\":{\"@id\":\"https:\/\/www.iplay.com\/en\/#organization\"},\"potentialAction\":[{\"@type\":\"SearchAction\",\"target\":{\"@type\":\"EntryPoint\",\"urlTemplate\":\"https:\/\/www.iplay.com\/en\/?s={search_term_string}\"},\"query-input\":{\"@type\":\"PropertyValueSpecification\",\"valueRequired\":true,\"valueName\":\"search_term_string\"}}],\"inLanguage\":\"it-IT\"},{\"@type\":\"Organization\",\"@id\":\"https:\/\/www.iplay.com\/en\/#organization\",\"name\":\"IPlay\",\"url\":\"https:\/\/www.iplay.com\/en\/\",\"logo\":{\"@type\":\"ImageObject\",\"inLanguage\":\"it-IT\",\"@id\":\"https:\/\/www.iplay.com\/en\/#\/schema\/logo\/image\/\",\"url\":\"https:\/\/www.iplay.com\/wp-content\/uploads\/2023\/11\/Group-6100.svg\",\"contentUrl\":\"https:\/\/www.iplay.com\/wp-content\/uploads\/2023\/11\/Group-6100.svg\",\"width\":98,\"height\":25,\"caption\":\"IPlay\"},\"image\":{\"@id\":\"https:\/\/www.iplay.com\/en\/#\/schema\/logo\/image\/\"}}]}<\/script>\n<!-- \/ Yoast SEO Premium plugin. -->","yoast_head_json":{"title":"Maggie's Movies - Seconda inquadratura - Riuscir\u00e0 Maggie a sopravvivere alla sua seconda occasione di fama?","description":"Riuscir\u00e0 Maggie a superare il suo secondo tentativo di diventare famosa?","robots":{"index":"index","follow":"follow","max-snippet":"max-snippet:-1","max-image-preview":"max-image-preview:large","max-video-preview":"max-video-preview:-1"},"canonical":"https:\/\/www.iplay.com\/it\/games\/maggies-movies-second-shot\/","og_locale":"it_IT","og_type":"article","og_title":"Maggie's Movies - Second Shot","og_description":"Riuscir\u00e0 Maggie a superare il suo secondo tentativo di diventare famosa?","og_url":"https:\/\/www.iplay.com\/it\/games\/maggies-movies-second-shot\/","og_site_name":"IPlay","og_image":[{"width":310,"height":310,"url":"https:\/\/www.iplay.com\/wp-content\/uploads\/2023\/12\/large_square_tile_image-3275.jpg","type":"image\/jpeg"}],"twitter_card":"summary_large_image","twitter_misc":{"Est. reading time":"1 minuto"},"schema":{"@context":"https:\/\/schema.org","@graph":[{"@type":"WebPage","@id":"https:\/\/www.iplay.com\/it\/games\/maggies-movies-second-shot\/","url":"https:\/\/www.iplay.com\/it\/games\/maggies-movies-second-shot\/","name":"Maggie's Movies - Seconda inquadratura - Riuscir\u00e0 Maggie a sopravvivere alla sua seconda occasione di fama?","isPartOf":{"@id":"https:\/\/www.iplay.com\/en\/#website"},"primaryImageOfPage":{"@id":"https:\/\/www.iplay.com\/it\/games\/maggies-movies-second-shot\/#primaryimage"},"image":{"@id":"https:\/\/www.iplay.com\/it\/games\/maggies-movies-second-shot\/#primaryimage"},"thumbnailUrl":"https:\/\/www.iplay.com\/wp-content\/uploads\/2023\/12\/large_square_tile_image-3275.jpg","datePublished":"2019-11-08T00:00:00+00:00","description":"Riuscir\u00e0 Maggie a superare il suo secondo tentativo di diventare famosa?","breadcrumb":{"@id":"https:\/\/www.iplay.com\/it\/games\/maggies-movies-second-shot\/#breadcrumb"},"inLanguage":"it-IT","potentialAction":[{"@type":"ReadAction","target":["https:\/\/www.iplay.com\/it\/games\/maggies-movies-second-shot\/"]}]},{"@type":"ImageObject","inLanguage":"it-IT","@id":"https:\/\/www.iplay.com\/it\/games\/maggies-movies-second-shot\/#primaryimage","url":"https:\/\/www.iplay.com\/wp-content\/uploads\/2023\/12\/large_square_tile_image-3275.jpg","contentUrl":"https:\/\/www.iplay.com\/wp-content\/uploads\/2023\/12\/large_square_tile_image-3275.jpg","width":310,"height":310},{"@type":"BreadcrumbList","@id":"https:\/\/www.iplay.com\/it\/games\/maggies-movies-second-shot\/#breadcrumb","itemListElement":[{"@type":"ListItem","position":1,"name":"Home","item":"https:\/\/www.iplay.com\/it\/home-page-2\/"},{"@type":"ListItem","position":2,"name":"Shop","item":"https:\/\/www.iplay.com\/en\/shop\/"},{"@type":"ListItem","position":3,"name":"Maggie&#8217;s Movies &#8211; Second Shot"}]},{"@type":"WebSite","@id":"https:\/\/www.iplay.com\/en\/#website","url":"https:\/\/www.iplay.com\/en\/","name":"IPlay","description":"The Best Casual Games!","publisher":{"@id":"https:\/\/www.iplay.com\/en\/#organization"},"potentialAction":[{"@type":"SearchAction","target":{"@type":"EntryPoint","urlTemplate":"https:\/\/www.iplay.com\/en\/?s={search_term_string}"},"query-input":{"@type":"PropertyValueSpecification","valueRequired":true,"valueName":"search_term_string"}}],"inLanguage":"it-IT"},{"@type":"Organization","@id":"https:\/\/www.iplay.com\/en\/#organization","name":"IPlay","url":"https:\/\/www.iplay.com\/en\/","logo":{"@type":"ImageObject","inLanguage":"it-IT","@id":"https:\/\/www.iplay.com\/en\/#\/schema\/logo\/image\/","url":"https:\/\/www.iplay.com\/wp-content\/uploads\/2023\/11\/Group-6100.svg","contentUrl":"https:\/\/www.iplay.com\/wp-content\/uploads\/2023\/11\/Group-6100.svg","width":98,"height":25,"caption":"IPlay"},"image":{"@id":"https:\/\/www.iplay.com\/en\/#\/schema\/logo\/image\/"}}]}},"_links":{"self":[{"href":"https:\/\/www.iplay.com\/it\/wp-json\/wp\/v2\/product\/135556","targetHints":{"allow":["GET"]}}],"collection":[{"href":"https:\/\/www.iplay.com\/it\/wp-json\/wp\/v2\/product"}],"about":[{"href":"https:\/\/www.iplay.com\/it\/wp-json\/wp\/v2\/types\/product"}],"author":[{"embeddable":true,"href":"https:\/\/www.iplay.com\/it\/wp-json\/wp\/v2\/users\/4"}],"replies":[{"embeddable":true,"href":"https:\/\/www.iplay.com\/it\/wp-json\/wp\/v2\/comments?post=135556"}],"wp:featuredmedia":[{"embeddable":true,"href":"https:\/\/www.iplay.com\/it\/wp-json\/wp\/v2\/media\/92150"}],"wp:attachment":[{"href":"https:\/\/www.iplay.com\/it\/wp-json\/wp\/v2\/media?parent=135556"}],"wp:term":[{"taxonomy":"product_brand","embeddable":true,"href":"https:\/\/www.iplay.com\/it\/wp-json\/wp\/v2\/product_brand?post=135556"},{"taxonomy":"product_cat","embeddable":true,"href":"https:\/\/www.iplay.com\/it\/wp-json\/wp\/v2\/product_cat?post=135556"},{"taxonomy":"product_tag","embeddable":true,"href":"https:\/\/www.iplay.com\/it\/wp-json\/wp\/v2\/product_tag?post=135556"}],"curies":[{"name":"wp","href":"https:\/\/api.w.org\/{rel}","templated":true}]}}