{"id":135323,"date":"2022-07-02T00:00:00","date_gmt":"2022-07-02T00:00:00","guid":{"rendered":"https:\/\/www.iplay.com\/games\/roads-of-rome-portals-2-collectors-edition\/"},"modified":"2022-07-02T00:00:00","modified_gmt":"2022-07-02T00:00:00","slug":"roads-of-rome-portals-2-collectors-edition","status":"publish","type":"product","link":"https:\/\/www.iplay.com\/it\/games\/roads-of-rome-portals-2-collectors-edition\/","title":{"rendered":"Roads Of Rome: Portals 2 &#8211; Collector&#8217;s Edition"},"content":{"rendered":"<p>La Morte deve aver avuto un&#8217;alta opinione di te l&#8217;ultima volta che l&#8217;hai visto perch\u00e9 \u00e8 tornato per chiedere la tua assistenza in un caso critico. Il globo \u00e8 in pericolo finch\u00e9 alcuni criminali violenti che hanno osato fuggire da lui sono ancora vivi! Devi muoverti rapidamente per catturarli prima che scada il tempo stesso. In questo gioco di avventura rompicapo con oggetti nascosti che sfida la morte, esplora il mondo, raccogli prove e scopri i misteri dietro le armi pi\u00f9 potenti della Morte! Si tratta di un&#8217;esclusiva edizione da collezione che include funzionalit\u00e0 esclusive che non sono incluse nella versione normale.    <\/p>\n<p>&nbsp;<\/p>\n<p>&nbsp;<\/p>\n<p><strong>Tratti somatici:<\/strong><\/p>\n<p>&nbsp;<\/p>\n<p>&#8211; Scopri le origini dell&#8217;infinito conflitto!<\/p>\n<p>&#8211; Oggetti da collezione, oggetti trasformabili e una camera<br \/>\n nascosta: colonne sonore, concept art, sfondi e altro ancora!<\/p>\n<p>&#8211; Una guida strategica completa!<\/p>\n","protected":false},"excerpt":{"rendered":"<p>Aiuta un gruppo di valorosi soldati romani nella loro vittoria su Armagon e torna a casa!<\/p>\n","protected":false},"author":79,"featured_media":76682,"comment_status":"open","ping_status":"closed","template":"","meta":{"_acf_changed":false,"inline_featured_image":false},"product_brand":[],"product_cat":[214],"product_tag":[290],"class_list":{"0":"post-135323","1":"product","2":"type-product","3":"status-publish","4":"has-post-thumbnail","6":"product_cat-time-management-it","7":"product_tag-play-on-pc-it","9":"first","10":"instock","11":"shipping-taxable","12":"purchasable","13":"product-type-simple"},"acf":[],"yoast_head":"<!-- This site is optimized with the Yoast SEO Premium plugin v25.2 (Yoast SEO v25.2) - https:\/\/yoast.com\/wordpress\/plugins\/seo\/ -->\n<title>Roads Of Rome: Portals 2 - Collector&#039;s Edition - Aiuta gli eroici guerrieri romani a sconfiggere Armagon e a tornare a casa<\/title>\n<meta name=\"description\" content=\"Aiuta un gruppo di valorosi soldati romani nella loro vittoria su Armagon e torna a casa!\" \/>\n<meta name=\"robots\" content=\"index, follow, max-snippet:-1, max-image-preview:large, max-video-preview:-1\" \/>\n<link rel=\"canonical\" href=\"https:\/\/www.iplay.com\/it\/games\/roads-of-rome-portals-2-collectors-edition\/\" \/>\n<meta property=\"og:locale\" content=\"it_IT\" \/>\n<meta property=\"og:type\" content=\"article\" \/>\n<meta property=\"og:title\" content=\"Roads Of Rome: Portals 2 - Collector&#039;s Edition\" \/>\n<meta property=\"og:description\" content=\"Aiuta un gruppo di valorosi soldati romani nella loro vittoria su Armagon e torna a casa!\" \/>\n<meta property=\"og:url\" content=\"https:\/\/www.iplay.com\/it\/games\/roads-of-rome-portals-2-collectors-edition\/\" \/>\n<meta property=\"og:site_name\" content=\"IPlay\" \/>\n<meta property=\"og:image\" content=\"https:\/\/www.iplay.com\/wp-content\/uploads\/2023\/12\/large_square_tile_image-2290.jpg\" \/>\n\t<meta property=\"og:image:width\" content=\"310\" \/>\n\t<meta property=\"og:image:height\" content=\"310\" \/>\n\t<meta property=\"og:image:type\" content=\"image\/jpeg\" \/>\n<meta name=\"twitter:card\" content=\"summary_large_image\" \/>\n<meta name=\"twitter:label1\" content=\"Est. reading time\" \/>\n\t<meta name=\"twitter:data1\" content=\"1 minuto\" \/>\n<script type=\"application\/ld+json\" class=\"yoast-schema-graph\">{\"@context\":\"https:\/\/schema.org\",\"@graph\":[{\"@type\":\"WebPage\",\"@id\":\"https:\/\/www.iplay.com\/it\/games\/roads-of-rome-portals-2-collectors-edition\/\",\"url\":\"https:\/\/www.iplay.com\/it\/games\/roads-of-rome-portals-2-collectors-edition\/\",\"name\":\"Roads Of Rome: Portals 2 - Collector's Edition - Aiuta gli eroici guerrieri romani a sconfiggere Armagon e a tornare a casa\",\"isPartOf\":{\"@id\":\"https:\/\/www.iplay.com\/en\/#website\"},\"primaryImageOfPage\":{\"@id\":\"https:\/\/www.iplay.com\/it\/games\/roads-of-rome-portals-2-collectors-edition\/#primaryimage\"},\"image\":{\"@id\":\"https:\/\/www.iplay.com\/it\/games\/roads-of-rome-portals-2-collectors-edition\/#primaryimage\"},\"thumbnailUrl\":\"https:\/\/www.iplay.com\/wp-content\/uploads\/2023\/12\/large_square_tile_image-2290.jpg\",\"datePublished\":\"2022-07-02T00:00:00+00:00\",\"description\":\"Aiuta un gruppo di valorosi soldati romani nella loro vittoria su Armagon e torna a casa!\",\"breadcrumb\":{\"@id\":\"https:\/\/www.iplay.com\/it\/games\/roads-of-rome-portals-2-collectors-edition\/#breadcrumb\"},\"inLanguage\":\"it-IT\",\"potentialAction\":[{\"@type\":\"ReadAction\",\"target\":[\"https:\/\/www.iplay.com\/it\/games\/roads-of-rome-portals-2-collectors-edition\/\"]}]},{\"@type\":\"ImageObject\",\"inLanguage\":\"it-IT\",\"@id\":\"https:\/\/www.iplay.com\/it\/games\/roads-of-rome-portals-2-collectors-edition\/#primaryimage\",\"url\":\"https:\/\/www.iplay.com\/wp-content\/uploads\/2023\/12\/large_square_tile_image-2290.jpg\",\"contentUrl\":\"https:\/\/www.iplay.com\/wp-content\/uploads\/2023\/12\/large_square_tile_image-2290.jpg\",\"width\":310,\"height\":310},{\"@type\":\"BreadcrumbList\",\"@id\":\"https:\/\/www.iplay.com\/it\/games\/roads-of-rome-portals-2-collectors-edition\/#breadcrumb\",\"itemListElement\":[{\"@type\":\"ListItem\",\"position\":1,\"name\":\"Home\",\"item\":\"https:\/\/www.iplay.com\/it\/home-page-2\/\"},{\"@type\":\"ListItem\",\"position\":2,\"name\":\"Shop\",\"item\":\"https:\/\/www.iplay.com\/en\/shop\/\"},{\"@type\":\"ListItem\",\"position\":3,\"name\":\"Roads Of Rome: Portals 2 &#8211; Collector&#8217;s Edition\"}]},{\"@type\":\"WebSite\",\"@id\":\"https:\/\/www.iplay.com\/en\/#website\",\"url\":\"https:\/\/www.iplay.com\/en\/\",\"name\":\"IPlay\",\"description\":\"The Best Casual Games!\",\"publisher\":{\"@id\":\"https:\/\/www.iplay.com\/en\/#organization\"},\"potentialAction\":[{\"@type\":\"SearchAction\",\"target\":{\"@type\":\"EntryPoint\",\"urlTemplate\":\"https:\/\/www.iplay.com\/en\/?s={search_term_string}\"},\"query-input\":{\"@type\":\"PropertyValueSpecification\",\"valueRequired\":true,\"valueName\":\"search_term_string\"}}],\"inLanguage\":\"it-IT\"},{\"@type\":\"Organization\",\"@id\":\"https:\/\/www.iplay.com\/en\/#organization\",\"name\":\"IPlay\",\"url\":\"https:\/\/www.iplay.com\/en\/\",\"logo\":{\"@type\":\"ImageObject\",\"inLanguage\":\"it-IT\",\"@id\":\"https:\/\/www.iplay.com\/en\/#\/schema\/logo\/image\/\",\"url\":\"https:\/\/www.iplay.com\/wp-content\/uploads\/2023\/11\/Group-6100.svg\",\"contentUrl\":\"https:\/\/www.iplay.com\/wp-content\/uploads\/2023\/11\/Group-6100.svg\",\"width\":98,\"height\":25,\"caption\":\"IPlay\"},\"image\":{\"@id\":\"https:\/\/www.iplay.com\/en\/#\/schema\/logo\/image\/\"}}]}<\/script>\n<!-- \/ Yoast SEO Premium plugin. -->","yoast_head_json":{"title":"Roads Of Rome: Portals 2 - Collector's Edition - Aiuta gli eroici guerrieri romani a sconfiggere Armagon e a tornare a casa","description":"Aiuta un gruppo di valorosi soldati romani nella loro vittoria su Armagon e torna a casa!","robots":{"index":"index","follow":"follow","max-snippet":"max-snippet:-1","max-image-preview":"max-image-preview:large","max-video-preview":"max-video-preview:-1"},"canonical":"https:\/\/www.iplay.com\/it\/games\/roads-of-rome-portals-2-collectors-edition\/","og_locale":"it_IT","og_type":"article","og_title":"Roads Of Rome: Portals 2 - Collector's Edition","og_description":"Aiuta un gruppo di valorosi soldati romani nella loro vittoria su Armagon e torna a casa!","og_url":"https:\/\/www.iplay.com\/it\/games\/roads-of-rome-portals-2-collectors-edition\/","og_site_name":"IPlay","og_image":[{"width":310,"height":310,"url":"https:\/\/www.iplay.com\/wp-content\/uploads\/2023\/12\/large_square_tile_image-2290.jpg","type":"image\/jpeg"}],"twitter_card":"summary_large_image","twitter_misc":{"Est. reading time":"1 minuto"},"schema":{"@context":"https:\/\/schema.org","@graph":[{"@type":"WebPage","@id":"https:\/\/www.iplay.com\/it\/games\/roads-of-rome-portals-2-collectors-edition\/","url":"https:\/\/www.iplay.com\/it\/games\/roads-of-rome-portals-2-collectors-edition\/","name":"Roads Of Rome: Portals 2 - Collector's Edition - Aiuta gli eroici guerrieri romani a sconfiggere Armagon e a tornare a casa","isPartOf":{"@id":"https:\/\/www.iplay.com\/en\/#website"},"primaryImageOfPage":{"@id":"https:\/\/www.iplay.com\/it\/games\/roads-of-rome-portals-2-collectors-edition\/#primaryimage"},"image":{"@id":"https:\/\/www.iplay.com\/it\/games\/roads-of-rome-portals-2-collectors-edition\/#primaryimage"},"thumbnailUrl":"https:\/\/www.iplay.com\/wp-content\/uploads\/2023\/12\/large_square_tile_image-2290.jpg","datePublished":"2022-07-02T00:00:00+00:00","description":"Aiuta un gruppo di valorosi soldati romani nella loro vittoria su Armagon e torna a casa!","breadcrumb":{"@id":"https:\/\/www.iplay.com\/it\/games\/roads-of-rome-portals-2-collectors-edition\/#breadcrumb"},"inLanguage":"it-IT","potentialAction":[{"@type":"ReadAction","target":["https:\/\/www.iplay.com\/it\/games\/roads-of-rome-portals-2-collectors-edition\/"]}]},{"@type":"ImageObject","inLanguage":"it-IT","@id":"https:\/\/www.iplay.com\/it\/games\/roads-of-rome-portals-2-collectors-edition\/#primaryimage","url":"https:\/\/www.iplay.com\/wp-content\/uploads\/2023\/12\/large_square_tile_image-2290.jpg","contentUrl":"https:\/\/www.iplay.com\/wp-content\/uploads\/2023\/12\/large_square_tile_image-2290.jpg","width":310,"height":310},{"@type":"BreadcrumbList","@id":"https:\/\/www.iplay.com\/it\/games\/roads-of-rome-portals-2-collectors-edition\/#breadcrumb","itemListElement":[{"@type":"ListItem","position":1,"name":"Home","item":"https:\/\/www.iplay.com\/it\/home-page-2\/"},{"@type":"ListItem","position":2,"name":"Shop","item":"https:\/\/www.iplay.com\/en\/shop\/"},{"@type":"ListItem","position":3,"name":"Roads Of Rome: Portals 2 &#8211; Collector&#8217;s Edition"}]},{"@type":"WebSite","@id":"https:\/\/www.iplay.com\/en\/#website","url":"https:\/\/www.iplay.com\/en\/","name":"IPlay","description":"The Best Casual Games!","publisher":{"@id":"https:\/\/www.iplay.com\/en\/#organization"},"potentialAction":[{"@type":"SearchAction","target":{"@type":"EntryPoint","urlTemplate":"https:\/\/www.iplay.com\/en\/?s={search_term_string}"},"query-input":{"@type":"PropertyValueSpecification","valueRequired":true,"valueName":"search_term_string"}}],"inLanguage":"it-IT"},{"@type":"Organization","@id":"https:\/\/www.iplay.com\/en\/#organization","name":"IPlay","url":"https:\/\/www.iplay.com\/en\/","logo":{"@type":"ImageObject","inLanguage":"it-IT","@id":"https:\/\/www.iplay.com\/en\/#\/schema\/logo\/image\/","url":"https:\/\/www.iplay.com\/wp-content\/uploads\/2023\/11\/Group-6100.svg","contentUrl":"https:\/\/www.iplay.com\/wp-content\/uploads\/2023\/11\/Group-6100.svg","width":98,"height":25,"caption":"IPlay"},"image":{"@id":"https:\/\/www.iplay.com\/en\/#\/schema\/logo\/image\/"}}]}},"_links":{"self":[{"href":"https:\/\/www.iplay.com\/it\/wp-json\/wp\/v2\/product\/135323","targetHints":{"allow":["GET"]}}],"collection":[{"href":"https:\/\/www.iplay.com\/it\/wp-json\/wp\/v2\/product"}],"about":[{"href":"https:\/\/www.iplay.com\/it\/wp-json\/wp\/v2\/types\/product"}],"author":[{"embeddable":true,"href":"https:\/\/www.iplay.com\/it\/wp-json\/wp\/v2\/users\/79"}],"replies":[{"embeddable":true,"href":"https:\/\/www.iplay.com\/it\/wp-json\/wp\/v2\/comments?post=135323"}],"wp:featuredmedia":[{"embeddable":true,"href":"https:\/\/www.iplay.com\/it\/wp-json\/wp\/v2\/media\/76682"}],"wp:attachment":[{"href":"https:\/\/www.iplay.com\/it\/wp-json\/wp\/v2\/media?parent=135323"}],"wp:term":[{"taxonomy":"product_brand","embeddable":true,"href":"https:\/\/www.iplay.com\/it\/wp-json\/wp\/v2\/product_brand?post=135323"},{"taxonomy":"product_cat","embeddable":true,"href":"https:\/\/www.iplay.com\/it\/wp-json\/wp\/v2\/product_cat?post=135323"},{"taxonomy":"product_tag","embeddable":true,"href":"https:\/\/www.iplay.com\/it\/wp-json\/wp\/v2\/product_tag?post=135323"}],"curies":[{"name":"wp","href":"https:\/\/api.w.org\/{rel}","templated":true}]}}