{"id":135267,"date":"2019-12-16T00:00:00","date_gmt":"2019-12-16T00:00:00","guid":{"rendered":"https:\/\/www.iplay.com\/games\/best-of-hidden-object-value-pack-vol-13\/"},"modified":"2019-12-16T00:00:00","modified_gmt":"2019-12-16T00:00:00","slug":"best-of-hidden-object-value-pack-vol-13","status":"publish","type":"product","link":"https:\/\/www.iplay.com\/it\/games\/best-of-hidden-object-value-pack-vol-13\/","title":{"rendered":"Best of Hidden Object Value Pack Vol. 13"},"content":{"rendered":"<p>Un&#8217;altra fantastica raccolta di quattro titoli popolari! Questo \u00e8 quello che ottieni&#8230; <\/p>\n<p>&nbsp;<\/p>\n<p><strong>Mary Knots: Matrimonio in<\/strong><br \/>\n giardinoIl calendario secolare che faceva andare avanti il pianeta \u00e8 stato distrutto. Parti per un&#8217;emozionante spedizione attraverso otto nazioni alla ricerca di potenti reliquie. In Call of Ages, devi completare 90 livelli match-3 unici mentre assisti a eventi significativi nella storia del mondo e salvi il mondo.  <\/p>\n<p>&nbsp;<\/p>\n<p><strong>Home Designer &#8211; Soggiorno<\/strong><br \/>\nHome Designer &#8211; Soggiorno. Sei pronto per un po&#8217; di divertimento con oggetti nascosti + miglioramento della casa? Hazel sta aiutando sua zia con i lavori di ristrutturazione della casa. Vendi oggetti da altre stanze della casa e rimodella completamente il soggiorno! Sono disponibili numerose modalit\u00e0 Oggetti nascosti, tra cui Immagine, Parola, Silhouette, Modalit\u00e0 notturna, Modalit\u00e0 specchio, Anagramma, Parola misteriosa, Trova la differenza, Modalit\u00e0 memoria, Modalit\u00e0 vendita flash e altro ancora. Divertiti anche con nuovi fantastici minigiochi! Sono disponibili Match-3, Card Memory, Jigsaw Puzzles, Mahjong, Sliding Puzzle e altri giochi. Puoi trasportare il tuo design a casa tua perch\u00e9 la stanza e i mobili sono cos\u00ec autentici. Trasforma il tuo soggiorno di fantasia in realt\u00e0!        <\/p>\n<p>&nbsp;<\/p>\n<p><strong>Home Designer 2 &#8211; Casa dolce casa<\/strong><br \/>\nAiuta Hazel a decorare uno splendido soggiorno, camera da letto, studio e sala da pranzo per il suo cliente utilizzando mobili del mondo reale! Guadagna denaro vendendo cose indesiderate e completando numerosi minigiochi (o saltandoli del tutto!). Prendi spunto dal design realistico del gioco e decora la tua casa! Con oltre 25 tipi di gioco tra cui scegliere e oltre 400 possibilit\u00e0 di arredamento, c&#8217;\u00e8 solo l&#8217;imbarazzo della scelta!   <\/p>\n<p>&nbsp;<\/p>\n<p>Le origini<br \/>\n <strong>del ristorante Rory&#8217;s<\/strong>Aiuta la nostra bella Rory a completare la scuola di cucina! Scopri gli ingredienti per cucinare oltre 30 deliziose ricette da tutto il mondo. Soddisfa l&#8217;ambizione di Rory di aprire il suo caff\u00e8 acquistando oggetti per decorarlo. Iniziamo a cucinare con questa fantastica miscela di oggetti nascosti, Match 3, Trova la differenza e diversi minigiochi di cucina.<\/p>\n","protected":false},"excerpt":{"rendered":"<p>Il meglio dell&#8217;oggetto nascosto Value box Volume 13 &#8211; Divertiti con quattro giochi eccezionali in una sola scatola!<\/p>\n","protected":false},"author":20,"featured_media":84019,"comment_status":"open","ping_status":"closed","template":"","meta":{"_acf_changed":false,"inline_featured_image":false},"product_brand":[],"product_cat":[163,200],"product_tag":[290],"class_list":{"0":"post-135267","1":"product","2":"type-product","3":"status-publish","4":"has-post-thumbnail","6":"product_cat-hidden-object-it","7":"product_cat-removed-content-it","8":"product_tag-play-on-pc-it","10":"first","11":"instock","12":"shipping-taxable","13":"purchasable","14":"product-type-simple"},"acf":[],"yoast_head":"<!-- This site is optimized with the Yoast SEO Premium plugin v25.2 (Yoast SEO v25.2) - https:\/\/yoast.com\/wordpress\/plugins\/seo\/ -->\n<title>Il meglio dell&#039;oggetto nascosto Value Pack Vol. 13 - Esplora quattro giochi principali nel Pacchetto Il meglio dell&#039;oggetto nascosto 13<\/title>\n<meta name=\"description\" content=\"Il meglio dell&#039;oggetto nascosto Value box Volume 13 - Divertiti con quattro giochi eccezionali in una sola scatola!\" \/>\n<meta name=\"robots\" content=\"index, follow, max-snippet:-1, max-image-preview:large, max-video-preview:-1\" \/>\n<link rel=\"canonical\" href=\"https:\/\/www.iplay.com\/it\/games\/best-of-hidden-object-value-pack-vol-13\/\" \/>\n<meta property=\"og:locale\" content=\"it_IT\" \/>\n<meta property=\"og:type\" content=\"article\" \/>\n<meta property=\"og:title\" content=\"Best of Hidden Object Value Pack Vol. 13\" \/>\n<meta property=\"og:description\" content=\"Il meglio dell&#039;oggetto nascosto Value box Volume 13 - Divertiti con quattro giochi eccezionali in una sola scatola!\" \/>\n<meta property=\"og:url\" content=\"https:\/\/www.iplay.com\/it\/games\/best-of-hidden-object-value-pack-vol-13\/\" \/>\n<meta property=\"og:site_name\" content=\"IPlay\" \/>\n<meta property=\"og:image\" content=\"https:\/\/www.iplay.com\/wp-content\/uploads\/2023\/12\/large_square_tile_image-2760.jpg\" \/>\n\t<meta property=\"og:image:width\" content=\"310\" \/>\n\t<meta property=\"og:image:height\" content=\"310\" \/>\n\t<meta property=\"og:image:type\" content=\"image\/jpeg\" \/>\n<meta name=\"twitter:card\" content=\"summary_large_image\" \/>\n<meta name=\"twitter:label1\" content=\"Est. reading time\" \/>\n\t<meta name=\"twitter:data1\" content=\"2 minuti\" \/>\n<script type=\"application\/ld+json\" class=\"yoast-schema-graph\">{\"@context\":\"https:\/\/schema.org\",\"@graph\":[{\"@type\":\"WebPage\",\"@id\":\"https:\/\/www.iplay.com\/it\/games\/best-of-hidden-object-value-pack-vol-13\/\",\"url\":\"https:\/\/www.iplay.com\/it\/games\/best-of-hidden-object-value-pack-vol-13\/\",\"name\":\"Il meglio dell'oggetto nascosto Value Pack Vol. 13 - Esplora quattro giochi principali nel Pacchetto Il meglio dell'oggetto nascosto 13\",\"isPartOf\":{\"@id\":\"https:\/\/www.iplay.com\/en\/#website\"},\"primaryImageOfPage\":{\"@id\":\"https:\/\/www.iplay.com\/it\/games\/best-of-hidden-object-value-pack-vol-13\/#primaryimage\"},\"image\":{\"@id\":\"https:\/\/www.iplay.com\/it\/games\/best-of-hidden-object-value-pack-vol-13\/#primaryimage\"},\"thumbnailUrl\":\"https:\/\/www.iplay.com\/wp-content\/uploads\/2023\/12\/large_square_tile_image-2760.jpg\",\"datePublished\":\"2019-12-16T00:00:00+00:00\",\"description\":\"Il meglio dell'oggetto nascosto Value box Volume 13 - Divertiti con quattro giochi eccezionali in una sola scatola!\",\"breadcrumb\":{\"@id\":\"https:\/\/www.iplay.com\/it\/games\/best-of-hidden-object-value-pack-vol-13\/#breadcrumb\"},\"inLanguage\":\"it-IT\",\"potentialAction\":[{\"@type\":\"ReadAction\",\"target\":[\"https:\/\/www.iplay.com\/it\/games\/best-of-hidden-object-value-pack-vol-13\/\"]}]},{\"@type\":\"ImageObject\",\"inLanguage\":\"it-IT\",\"@id\":\"https:\/\/www.iplay.com\/it\/games\/best-of-hidden-object-value-pack-vol-13\/#primaryimage\",\"url\":\"https:\/\/www.iplay.com\/wp-content\/uploads\/2023\/12\/large_square_tile_image-2760.jpg\",\"contentUrl\":\"https:\/\/www.iplay.com\/wp-content\/uploads\/2023\/12\/large_square_tile_image-2760.jpg\",\"width\":310,\"height\":310},{\"@type\":\"BreadcrumbList\",\"@id\":\"https:\/\/www.iplay.com\/it\/games\/best-of-hidden-object-value-pack-vol-13\/#breadcrumb\",\"itemListElement\":[{\"@type\":\"ListItem\",\"position\":1,\"name\":\"Home\",\"item\":\"https:\/\/www.iplay.com\/it\/home-page-2\/\"},{\"@type\":\"ListItem\",\"position\":2,\"name\":\"Shop\",\"item\":\"https:\/\/www.iplay.com\/en\/shop\/\"},{\"@type\":\"ListItem\",\"position\":3,\"name\":\"Best of Hidden Object Value Pack Vol. 13\"}]},{\"@type\":\"WebSite\",\"@id\":\"https:\/\/www.iplay.com\/en\/#website\",\"url\":\"https:\/\/www.iplay.com\/en\/\",\"name\":\"IPlay\",\"description\":\"The Best Casual Games!\",\"publisher\":{\"@id\":\"https:\/\/www.iplay.com\/en\/#organization\"},\"potentialAction\":[{\"@type\":\"SearchAction\",\"target\":{\"@type\":\"EntryPoint\",\"urlTemplate\":\"https:\/\/www.iplay.com\/en\/?s={search_term_string}\"},\"query-input\":{\"@type\":\"PropertyValueSpecification\",\"valueRequired\":true,\"valueName\":\"search_term_string\"}}],\"inLanguage\":\"it-IT\"},{\"@type\":\"Organization\",\"@id\":\"https:\/\/www.iplay.com\/en\/#organization\",\"name\":\"IPlay\",\"url\":\"https:\/\/www.iplay.com\/en\/\",\"logo\":{\"@type\":\"ImageObject\",\"inLanguage\":\"it-IT\",\"@id\":\"https:\/\/www.iplay.com\/en\/#\/schema\/logo\/image\/\",\"url\":\"https:\/\/www.iplay.com\/wp-content\/uploads\/2023\/11\/Group-6100.svg\",\"contentUrl\":\"https:\/\/www.iplay.com\/wp-content\/uploads\/2023\/11\/Group-6100.svg\",\"width\":98,\"height\":25,\"caption\":\"IPlay\"},\"image\":{\"@id\":\"https:\/\/www.iplay.com\/en\/#\/schema\/logo\/image\/\"}}]}<\/script>\n<!-- \/ Yoast SEO Premium plugin. -->","yoast_head_json":{"title":"Il meglio dell'oggetto nascosto Value Pack Vol. 13 - Esplora quattro giochi principali nel Pacchetto Il meglio dell'oggetto nascosto 13","description":"Il meglio dell'oggetto nascosto Value box Volume 13 - Divertiti con quattro giochi eccezionali in una sola scatola!","robots":{"index":"index","follow":"follow","max-snippet":"max-snippet:-1","max-image-preview":"max-image-preview:large","max-video-preview":"max-video-preview:-1"},"canonical":"https:\/\/www.iplay.com\/it\/games\/best-of-hidden-object-value-pack-vol-13\/","og_locale":"it_IT","og_type":"article","og_title":"Best of Hidden Object Value Pack Vol. 13","og_description":"Il meglio dell'oggetto nascosto Value box Volume 13 - Divertiti con quattro giochi eccezionali in una sola scatola!","og_url":"https:\/\/www.iplay.com\/it\/games\/best-of-hidden-object-value-pack-vol-13\/","og_site_name":"IPlay","og_image":[{"width":310,"height":310,"url":"https:\/\/www.iplay.com\/wp-content\/uploads\/2023\/12\/large_square_tile_image-2760.jpg","type":"image\/jpeg"}],"twitter_card":"summary_large_image","twitter_misc":{"Est. reading time":"2 minuti"},"schema":{"@context":"https:\/\/schema.org","@graph":[{"@type":"WebPage","@id":"https:\/\/www.iplay.com\/it\/games\/best-of-hidden-object-value-pack-vol-13\/","url":"https:\/\/www.iplay.com\/it\/games\/best-of-hidden-object-value-pack-vol-13\/","name":"Il meglio dell'oggetto nascosto Value Pack Vol. 13 - Esplora quattro giochi principali nel Pacchetto Il meglio dell'oggetto nascosto 13","isPartOf":{"@id":"https:\/\/www.iplay.com\/en\/#website"},"primaryImageOfPage":{"@id":"https:\/\/www.iplay.com\/it\/games\/best-of-hidden-object-value-pack-vol-13\/#primaryimage"},"image":{"@id":"https:\/\/www.iplay.com\/it\/games\/best-of-hidden-object-value-pack-vol-13\/#primaryimage"},"thumbnailUrl":"https:\/\/www.iplay.com\/wp-content\/uploads\/2023\/12\/large_square_tile_image-2760.jpg","datePublished":"2019-12-16T00:00:00+00:00","description":"Il meglio dell'oggetto nascosto Value box Volume 13 - Divertiti con quattro giochi eccezionali in una sola scatola!","breadcrumb":{"@id":"https:\/\/www.iplay.com\/it\/games\/best-of-hidden-object-value-pack-vol-13\/#breadcrumb"},"inLanguage":"it-IT","potentialAction":[{"@type":"ReadAction","target":["https:\/\/www.iplay.com\/it\/games\/best-of-hidden-object-value-pack-vol-13\/"]}]},{"@type":"ImageObject","inLanguage":"it-IT","@id":"https:\/\/www.iplay.com\/it\/games\/best-of-hidden-object-value-pack-vol-13\/#primaryimage","url":"https:\/\/www.iplay.com\/wp-content\/uploads\/2023\/12\/large_square_tile_image-2760.jpg","contentUrl":"https:\/\/www.iplay.com\/wp-content\/uploads\/2023\/12\/large_square_tile_image-2760.jpg","width":310,"height":310},{"@type":"BreadcrumbList","@id":"https:\/\/www.iplay.com\/it\/games\/best-of-hidden-object-value-pack-vol-13\/#breadcrumb","itemListElement":[{"@type":"ListItem","position":1,"name":"Home","item":"https:\/\/www.iplay.com\/it\/home-page-2\/"},{"@type":"ListItem","position":2,"name":"Shop","item":"https:\/\/www.iplay.com\/en\/shop\/"},{"@type":"ListItem","position":3,"name":"Best of Hidden Object Value Pack Vol. 13"}]},{"@type":"WebSite","@id":"https:\/\/www.iplay.com\/en\/#website","url":"https:\/\/www.iplay.com\/en\/","name":"IPlay","description":"The Best Casual Games!","publisher":{"@id":"https:\/\/www.iplay.com\/en\/#organization"},"potentialAction":[{"@type":"SearchAction","target":{"@type":"EntryPoint","urlTemplate":"https:\/\/www.iplay.com\/en\/?s={search_term_string}"},"query-input":{"@type":"PropertyValueSpecification","valueRequired":true,"valueName":"search_term_string"}}],"inLanguage":"it-IT"},{"@type":"Organization","@id":"https:\/\/www.iplay.com\/en\/#organization","name":"IPlay","url":"https:\/\/www.iplay.com\/en\/","logo":{"@type":"ImageObject","inLanguage":"it-IT","@id":"https:\/\/www.iplay.com\/en\/#\/schema\/logo\/image\/","url":"https:\/\/www.iplay.com\/wp-content\/uploads\/2023\/11\/Group-6100.svg","contentUrl":"https:\/\/www.iplay.com\/wp-content\/uploads\/2023\/11\/Group-6100.svg","width":98,"height":25,"caption":"IPlay"},"image":{"@id":"https:\/\/www.iplay.com\/en\/#\/schema\/logo\/image\/"}}]}},"_links":{"self":[{"href":"https:\/\/www.iplay.com\/it\/wp-json\/wp\/v2\/product\/135267","targetHints":{"allow":["GET"]}}],"collection":[{"href":"https:\/\/www.iplay.com\/it\/wp-json\/wp\/v2\/product"}],"about":[{"href":"https:\/\/www.iplay.com\/it\/wp-json\/wp\/v2\/types\/product"}],"author":[{"embeddable":true,"href":"https:\/\/www.iplay.com\/it\/wp-json\/wp\/v2\/users\/20"}],"replies":[{"embeddable":true,"href":"https:\/\/www.iplay.com\/it\/wp-json\/wp\/v2\/comments?post=135267"}],"wp:featuredmedia":[{"embeddable":true,"href":"https:\/\/www.iplay.com\/it\/wp-json\/wp\/v2\/media\/84019"}],"wp:attachment":[{"href":"https:\/\/www.iplay.com\/it\/wp-json\/wp\/v2\/media?parent=135267"}],"wp:term":[{"taxonomy":"product_brand","embeddable":true,"href":"https:\/\/www.iplay.com\/it\/wp-json\/wp\/v2\/product_brand?post=135267"},{"taxonomy":"product_cat","embeddable":true,"href":"https:\/\/www.iplay.com\/it\/wp-json\/wp\/v2\/product_cat?post=135267"},{"taxonomy":"product_tag","embeddable":true,"href":"https:\/\/www.iplay.com\/it\/wp-json\/wp\/v2\/product_tag?post=135267"}],"curies":[{"name":"wp","href":"https:\/\/api.w.org\/{rel}","templated":true}]}}