{"id":135118,"date":"2020-07-01T00:00:00","date_gmt":"2020-07-01T00:00:00","guid":{"rendered":"https:\/\/www.iplay.com\/games\/mystery-trackers-the-secret-of-watch-hill-collectors-edition\/"},"modified":"2020-07-01T00:00:00","modified_gmt":"2020-07-01T00:00:00","slug":"mystery-trackers-the-secret-of-watch-hill-collectors-edition","status":"publish","type":"product","link":"https:\/\/www.iplay.com\/it\/games\/mystery-trackers-the-secret-of-watch-hill-collectors-edition\/","title":{"rendered":"Mystery Trackers: The Secret of Watch Hill Collector&#8217;s Edition"},"content":{"rendered":"<p>Divertiti con la pi\u00f9 recente indagine da brivido sui Mystery Trackers! Stai tornando nella tua citt\u00e0 natale, Watch Hill, come risultato delle tue ricerche pi\u00f9 recenti. Sono passati quindici anni da quando il tuo villaggio \u00e8 stato distrutto da un disastro inspiegabile che ha causato la morte della tua famiglia. Stai per dare un&#8217;occhiata ai racconti di una strana epidemia che ha messo la citt\u00e0 in quarantena! Questo non \u00e8 un viaggio nella memoria, poich\u00e9 scoprirai presto che i poteri del male si oppongono a te. E quando incontri tuo fratello minore che non \u00e8 invecchiato di un giorno, le cose si fanno ancora pi\u00f9 folli! Riuscirai a evitare che il passato si ripeta prima che sia troppo tardi? In questo emozionante viaggio rompicapo a oggetti nascosti, scoprilo!       <\/p>\n<p>&nbsp;<\/p>\n<p>&nbsp;<\/p>\n<p><strong>Tratti somatici:<\/strong><\/p>\n<p>&nbsp;<\/p>\n<p>&#8211; Vivi la vita dall&#8217;altra parte e risolvi un caso da un&#8217;angolazione unica nel gioco bonus!<\/p>\n<p>&#8211; Compi una serie di imprese eccezionali! Diversi oggetti morphing, pezzi di puzzle e fari collezionabili attendono di essere scoperti!<br \/>\n&#8211; Approfitta di sfondi speciali, concept art, colonna sonora, minigiochi e HOP rigiocabili!<br \/>\n&#8211; Usa la guida strategica per non perderti mai!<\/p>\n","protected":false},"excerpt":{"rendered":"<p>In Mystery Trackers: The Secret of Watch Hill Collector&#8217;s Edition, riuscirai a preservare la tua citt\u00e0 natale?<\/p>\n","protected":false},"author":17,"featured_media":90886,"comment_status":"open","ping_status":"closed","template":"","meta":{"_acf_changed":false,"inline_featured_image":false},"product_brand":[],"product_cat":[163],"product_tag":[290],"class_list":{"0":"post-135118","1":"product","2":"type-product","3":"status-publish","4":"has-post-thumbnail","6":"product_cat-hidden-object-it","7":"product_tag-play-on-pc-it","9":"first","10":"instock","11":"shipping-taxable","12":"purchasable","13":"product-type-simple"},"acf":[],"yoast_head":"<!-- This site is optimized with the Yoast SEO Premium plugin v25.2 (Yoast SEO v25.2) - https:\/\/yoast.com\/wordpress\/plugins\/seo\/ -->\n<title>Mystery Trackers: Il segreto di Watch Hill Edizione Speciale - Salva la tua citt\u00e0 natale in Mystery Trackers: Il segreto di Watch Hill CE<\/title>\n<meta name=\"description\" content=\"In Mystery Trackers: The Secret of Watch Hill Collector&#039;s Edition, riuscirai a preservare la tua citt\u00e0 natale?\" \/>\n<meta name=\"robots\" content=\"index, follow, max-snippet:-1, max-image-preview:large, max-video-preview:-1\" \/>\n<link rel=\"canonical\" href=\"https:\/\/www.iplay.com\/it\/games\/mystery-trackers-the-secret-of-watch-hill-collectors-edition\/\" \/>\n<meta property=\"og:locale\" content=\"it_IT\" \/>\n<meta property=\"og:type\" content=\"article\" \/>\n<meta property=\"og:title\" content=\"Mystery Trackers: The Secret of Watch Hill Collector&#039;s Edition\" \/>\n<meta property=\"og:description\" content=\"In Mystery Trackers: The Secret of Watch Hill Collector&#039;s Edition, riuscirai a preservare la tua citt\u00e0 natale?\" \/>\n<meta property=\"og:url\" content=\"https:\/\/www.iplay.com\/it\/games\/mystery-trackers-the-secret-of-watch-hill-collectors-edition\/\" \/>\n<meta property=\"og:site_name\" content=\"IPlay\" \/>\n<meta property=\"og:image\" content=\"https:\/\/www.iplay.com\/wp-content\/uploads\/2023\/12\/large_square_tile_image-3195.jpg\" \/>\n\t<meta property=\"og:image:width\" content=\"310\" \/>\n\t<meta property=\"og:image:height\" content=\"310\" \/>\n\t<meta property=\"og:image:type\" content=\"image\/jpeg\" \/>\n<meta name=\"twitter:card\" content=\"summary_large_image\" \/>\n<meta name=\"twitter:label1\" content=\"Est. reading time\" \/>\n\t<meta name=\"twitter:data1\" content=\"1 minuto\" \/>\n<script type=\"application\/ld+json\" class=\"yoast-schema-graph\">{\"@context\":\"https:\/\/schema.org\",\"@graph\":[{\"@type\":\"WebPage\",\"@id\":\"https:\/\/www.iplay.com\/it\/games\/mystery-trackers-the-secret-of-watch-hill-collectors-edition\/\",\"url\":\"https:\/\/www.iplay.com\/it\/games\/mystery-trackers-the-secret-of-watch-hill-collectors-edition\/\",\"name\":\"Mystery Trackers: Il segreto di Watch Hill Edizione Speciale - Salva la tua citt\u00e0 natale in Mystery Trackers: Il segreto di Watch Hill CE\",\"isPartOf\":{\"@id\":\"https:\/\/www.iplay.com\/en\/#website\"},\"primaryImageOfPage\":{\"@id\":\"https:\/\/www.iplay.com\/it\/games\/mystery-trackers-the-secret-of-watch-hill-collectors-edition\/#primaryimage\"},\"image\":{\"@id\":\"https:\/\/www.iplay.com\/it\/games\/mystery-trackers-the-secret-of-watch-hill-collectors-edition\/#primaryimage\"},\"thumbnailUrl\":\"https:\/\/www.iplay.com\/wp-content\/uploads\/2023\/12\/large_square_tile_image-3195.jpg\",\"datePublished\":\"2020-07-01T00:00:00+00:00\",\"description\":\"In Mystery Trackers: The Secret of Watch Hill Collector's Edition, riuscirai a preservare la tua citt\u00e0 natale?\",\"breadcrumb\":{\"@id\":\"https:\/\/www.iplay.com\/it\/games\/mystery-trackers-the-secret-of-watch-hill-collectors-edition\/#breadcrumb\"},\"inLanguage\":\"it-IT\",\"potentialAction\":[{\"@type\":\"ReadAction\",\"target\":[\"https:\/\/www.iplay.com\/it\/games\/mystery-trackers-the-secret-of-watch-hill-collectors-edition\/\"]}]},{\"@type\":\"ImageObject\",\"inLanguage\":\"it-IT\",\"@id\":\"https:\/\/www.iplay.com\/it\/games\/mystery-trackers-the-secret-of-watch-hill-collectors-edition\/#primaryimage\",\"url\":\"https:\/\/www.iplay.com\/wp-content\/uploads\/2023\/12\/large_square_tile_image-3195.jpg\",\"contentUrl\":\"https:\/\/www.iplay.com\/wp-content\/uploads\/2023\/12\/large_square_tile_image-3195.jpg\",\"width\":310,\"height\":310},{\"@type\":\"BreadcrumbList\",\"@id\":\"https:\/\/www.iplay.com\/it\/games\/mystery-trackers-the-secret-of-watch-hill-collectors-edition\/#breadcrumb\",\"itemListElement\":[{\"@type\":\"ListItem\",\"position\":1,\"name\":\"Home\",\"item\":\"https:\/\/www.iplay.com\/it\/home-page-2\/\"},{\"@type\":\"ListItem\",\"position\":2,\"name\":\"Shop\",\"item\":\"https:\/\/www.iplay.com\/en\/shop\/\"},{\"@type\":\"ListItem\",\"position\":3,\"name\":\"Mystery Trackers: The Secret of Watch Hill Collector&#8217;s Edition\"}]},{\"@type\":\"WebSite\",\"@id\":\"https:\/\/www.iplay.com\/en\/#website\",\"url\":\"https:\/\/www.iplay.com\/en\/\",\"name\":\"IPlay\",\"description\":\"The Best Casual Games!\",\"publisher\":{\"@id\":\"https:\/\/www.iplay.com\/en\/#organization\"},\"potentialAction\":[{\"@type\":\"SearchAction\",\"target\":{\"@type\":\"EntryPoint\",\"urlTemplate\":\"https:\/\/www.iplay.com\/en\/?s={search_term_string}\"},\"query-input\":{\"@type\":\"PropertyValueSpecification\",\"valueRequired\":true,\"valueName\":\"search_term_string\"}}],\"inLanguage\":\"it-IT\"},{\"@type\":\"Organization\",\"@id\":\"https:\/\/www.iplay.com\/en\/#organization\",\"name\":\"IPlay\",\"url\":\"https:\/\/www.iplay.com\/en\/\",\"logo\":{\"@type\":\"ImageObject\",\"inLanguage\":\"it-IT\",\"@id\":\"https:\/\/www.iplay.com\/en\/#\/schema\/logo\/image\/\",\"url\":\"https:\/\/www.iplay.com\/wp-content\/uploads\/2023\/11\/Group-6100.svg\",\"contentUrl\":\"https:\/\/www.iplay.com\/wp-content\/uploads\/2023\/11\/Group-6100.svg\",\"width\":98,\"height\":25,\"caption\":\"IPlay\"},\"image\":{\"@id\":\"https:\/\/www.iplay.com\/en\/#\/schema\/logo\/image\/\"}}]}<\/script>\n<!-- \/ Yoast SEO Premium plugin. -->","yoast_head_json":{"title":"Mystery Trackers: Il segreto di Watch Hill Edizione Speciale - Salva la tua citt\u00e0 natale in Mystery Trackers: Il segreto di Watch Hill CE","description":"In Mystery Trackers: The Secret of Watch Hill Collector's Edition, riuscirai a preservare la tua citt\u00e0 natale?","robots":{"index":"index","follow":"follow","max-snippet":"max-snippet:-1","max-image-preview":"max-image-preview:large","max-video-preview":"max-video-preview:-1"},"canonical":"https:\/\/www.iplay.com\/it\/games\/mystery-trackers-the-secret-of-watch-hill-collectors-edition\/","og_locale":"it_IT","og_type":"article","og_title":"Mystery Trackers: The Secret of Watch Hill Collector's Edition","og_description":"In Mystery Trackers: The Secret of Watch Hill Collector's Edition, riuscirai a preservare la tua citt\u00e0 natale?","og_url":"https:\/\/www.iplay.com\/it\/games\/mystery-trackers-the-secret-of-watch-hill-collectors-edition\/","og_site_name":"IPlay","og_image":[{"width":310,"height":310,"url":"https:\/\/www.iplay.com\/wp-content\/uploads\/2023\/12\/large_square_tile_image-3195.jpg","type":"image\/jpeg"}],"twitter_card":"summary_large_image","twitter_misc":{"Est. reading time":"1 minuto"},"schema":{"@context":"https:\/\/schema.org","@graph":[{"@type":"WebPage","@id":"https:\/\/www.iplay.com\/it\/games\/mystery-trackers-the-secret-of-watch-hill-collectors-edition\/","url":"https:\/\/www.iplay.com\/it\/games\/mystery-trackers-the-secret-of-watch-hill-collectors-edition\/","name":"Mystery Trackers: Il segreto di Watch Hill Edizione Speciale - Salva la tua citt\u00e0 natale in Mystery Trackers: Il segreto di Watch Hill CE","isPartOf":{"@id":"https:\/\/www.iplay.com\/en\/#website"},"primaryImageOfPage":{"@id":"https:\/\/www.iplay.com\/it\/games\/mystery-trackers-the-secret-of-watch-hill-collectors-edition\/#primaryimage"},"image":{"@id":"https:\/\/www.iplay.com\/it\/games\/mystery-trackers-the-secret-of-watch-hill-collectors-edition\/#primaryimage"},"thumbnailUrl":"https:\/\/www.iplay.com\/wp-content\/uploads\/2023\/12\/large_square_tile_image-3195.jpg","datePublished":"2020-07-01T00:00:00+00:00","description":"In Mystery Trackers: The Secret of Watch Hill Collector's Edition, riuscirai a preservare la tua citt\u00e0 natale?","breadcrumb":{"@id":"https:\/\/www.iplay.com\/it\/games\/mystery-trackers-the-secret-of-watch-hill-collectors-edition\/#breadcrumb"},"inLanguage":"it-IT","potentialAction":[{"@type":"ReadAction","target":["https:\/\/www.iplay.com\/it\/games\/mystery-trackers-the-secret-of-watch-hill-collectors-edition\/"]}]},{"@type":"ImageObject","inLanguage":"it-IT","@id":"https:\/\/www.iplay.com\/it\/games\/mystery-trackers-the-secret-of-watch-hill-collectors-edition\/#primaryimage","url":"https:\/\/www.iplay.com\/wp-content\/uploads\/2023\/12\/large_square_tile_image-3195.jpg","contentUrl":"https:\/\/www.iplay.com\/wp-content\/uploads\/2023\/12\/large_square_tile_image-3195.jpg","width":310,"height":310},{"@type":"BreadcrumbList","@id":"https:\/\/www.iplay.com\/it\/games\/mystery-trackers-the-secret-of-watch-hill-collectors-edition\/#breadcrumb","itemListElement":[{"@type":"ListItem","position":1,"name":"Home","item":"https:\/\/www.iplay.com\/it\/home-page-2\/"},{"@type":"ListItem","position":2,"name":"Shop","item":"https:\/\/www.iplay.com\/en\/shop\/"},{"@type":"ListItem","position":3,"name":"Mystery Trackers: The Secret of Watch Hill Collector&#8217;s Edition"}]},{"@type":"WebSite","@id":"https:\/\/www.iplay.com\/en\/#website","url":"https:\/\/www.iplay.com\/en\/","name":"IPlay","description":"The Best Casual Games!","publisher":{"@id":"https:\/\/www.iplay.com\/en\/#organization"},"potentialAction":[{"@type":"SearchAction","target":{"@type":"EntryPoint","urlTemplate":"https:\/\/www.iplay.com\/en\/?s={search_term_string}"},"query-input":{"@type":"PropertyValueSpecification","valueRequired":true,"valueName":"search_term_string"}}],"inLanguage":"it-IT"},{"@type":"Organization","@id":"https:\/\/www.iplay.com\/en\/#organization","name":"IPlay","url":"https:\/\/www.iplay.com\/en\/","logo":{"@type":"ImageObject","inLanguage":"it-IT","@id":"https:\/\/www.iplay.com\/en\/#\/schema\/logo\/image\/","url":"https:\/\/www.iplay.com\/wp-content\/uploads\/2023\/11\/Group-6100.svg","contentUrl":"https:\/\/www.iplay.com\/wp-content\/uploads\/2023\/11\/Group-6100.svg","width":98,"height":25,"caption":"IPlay"},"image":{"@id":"https:\/\/www.iplay.com\/en\/#\/schema\/logo\/image\/"}}]}},"_links":{"self":[{"href":"https:\/\/www.iplay.com\/it\/wp-json\/wp\/v2\/product\/135118","targetHints":{"allow":["GET"]}}],"collection":[{"href":"https:\/\/www.iplay.com\/it\/wp-json\/wp\/v2\/product"}],"about":[{"href":"https:\/\/www.iplay.com\/it\/wp-json\/wp\/v2\/types\/product"}],"author":[{"embeddable":true,"href":"https:\/\/www.iplay.com\/it\/wp-json\/wp\/v2\/users\/17"}],"replies":[{"embeddable":true,"href":"https:\/\/www.iplay.com\/it\/wp-json\/wp\/v2\/comments?post=135118"}],"wp:featuredmedia":[{"embeddable":true,"href":"https:\/\/www.iplay.com\/it\/wp-json\/wp\/v2\/media\/90886"}],"wp:attachment":[{"href":"https:\/\/www.iplay.com\/it\/wp-json\/wp\/v2\/media?parent=135118"}],"wp:term":[{"taxonomy":"product_brand","embeddable":true,"href":"https:\/\/www.iplay.com\/it\/wp-json\/wp\/v2\/product_brand?post=135118"},{"taxonomy":"product_cat","embeddable":true,"href":"https:\/\/www.iplay.com\/it\/wp-json\/wp\/v2\/product_cat?post=135118"},{"taxonomy":"product_tag","embeddable":true,"href":"https:\/\/www.iplay.com\/it\/wp-json\/wp\/v2\/product_tag?post=135118"}],"curies":[{"name":"wp","href":"https:\/\/api.w.org\/{rel}","templated":true}]}}