{"id":135053,"date":"2020-06-20T00:00:00","date_gmt":"2020-06-20T00:00:00","guid":{"rendered":"https:\/\/www.iplay.com\/games\/league-of-light-growing-threat-collectors-edition\/"},"modified":"2020-06-20T00:00:00","modified_gmt":"2020-06-20T00:00:00","slug":"league-of-light-growing-threat-collectors-edition","status":"publish","type":"product","link":"https:\/\/www.iplay.com\/it\/games\/league-of-light-growing-threat-collectors-edition\/","title":{"rendered":"League of Light: Growing Threat Collector&#8217;s Edition"},"content":{"rendered":"<p>Goditi il nuovo emozionante viaggio della serie <em>League of Light<\/em> ! Ora \u00e8 tua responsabilit\u00e0 localizzare il tuo collega agente che \u00e8 scomparso durante l&#8217;incarico. Ma quando arrivi l\u00ec e scopri che enormi e devastanti fioriture stanno prendendo il sopravvento sulla citt\u00e0, ti aspetta molto pi\u00f9 di quanto ti aspettassi! Riuscirai tu e i tuoi nuovi alleati a scoprire la fonte del loro potere e a sconfiggerli, usando il polline che trasforma le persone in animali germogliati? In questa esclusiva avventura rompicapo a oggetti nascosti, scopri sequenze di oggetti nascosti piene di segreti e minigiochi da risolvere!    <\/p>\n<p>&nbsp;<\/p>\n<p>&nbsp;<\/p>\n<p><strong>Tratti somatici:<\/strong><\/p>\n<p>&nbsp;<\/p>\n<p>&#8211; La malvagia mandragora ha rilasciato altre piante letali e la tua esperienza scientifica \u00e8 l&#8217;unica cosa che pu\u00f2 fermarle!<br \/>\n&#8211; Affronta minigiochi e HOP sempre pi\u00f9 difficili! Scarica i bozzetti, la musica e gli sfondi originali!<br \/>\n&#8211; Porta con te l&#8217;utile Guida Strategica ed evita di fare da solo!<\/p>\n","protected":false},"excerpt":{"rendered":"<p>Il pericolo si diffonde in tutta la citt\u00e0&#8230; La Collector&#8217;s Edition di League of Light: Growing Threat contiene<\/p>\n","protected":false},"author":17,"featured_media":90902,"comment_status":"open","ping_status":"closed","template":"","meta":{"_acf_changed":false,"inline_featured_image":false},"product_brand":[],"product_cat":[163],"product_tag":[290],"class_list":{"0":"post-135053","1":"product","2":"type-product","3":"status-publish","4":"has-post-thumbnail","6":"product_cat-hidden-object-it","7":"product_tag-play-on-pc-it","9":"first","10":"instock","11":"shipping-taxable","12":"purchasable","13":"product-type-simple"},"acf":[],"yoast_head":"<!-- This site is optimized with the Yoast SEO Premium plugin v25.2 (Yoast SEO v25.2) - https:\/\/yoast.com\/wordpress\/plugins\/seo\/ -->\n<title>League of Light: Growing Threat Collector&#039;s Edition - Il pericolo sboccia in League of Light: Growing Threat CE<\/title>\n<meta name=\"description\" content=\"Il pericolo si diffonde in tutta la citt\u00e0... La Collector&#039;s Edition di League of Light: Growing Threat contiene\" \/>\n<meta name=\"robots\" content=\"index, follow, max-snippet:-1, max-image-preview:large, max-video-preview:-1\" \/>\n<link rel=\"canonical\" href=\"https:\/\/www.iplay.com\/it\/games\/league-of-light-growing-threat-collectors-edition\/\" \/>\n<meta property=\"og:locale\" content=\"it_IT\" \/>\n<meta property=\"og:type\" content=\"article\" \/>\n<meta property=\"og:title\" content=\"League of Light: Growing Threat Collector&#039;s Edition\" \/>\n<meta property=\"og:description\" content=\"Il pericolo si diffonde in tutta la citt\u00e0... La Collector&#039;s Edition di League of Light: Growing Threat contiene\" \/>\n<meta property=\"og:url\" content=\"https:\/\/www.iplay.com\/it\/games\/league-of-light-growing-threat-collectors-edition\/\" \/>\n<meta property=\"og:site_name\" content=\"IPlay\" \/>\n<meta property=\"og:image\" content=\"https:\/\/www.iplay.com\/wp-content\/uploads\/2023\/12\/large_square_tile_image-3196.jpg\" \/>\n\t<meta property=\"og:image:width\" content=\"310\" \/>\n\t<meta property=\"og:image:height\" content=\"310\" \/>\n\t<meta property=\"og:image:type\" content=\"image\/jpeg\" \/>\n<meta name=\"twitter:card\" content=\"summary_large_image\" \/>\n<meta name=\"twitter:label1\" content=\"Est. reading time\" \/>\n\t<meta name=\"twitter:data1\" content=\"1 minuto\" \/>\n<script type=\"application\/ld+json\" class=\"yoast-schema-graph\">{\"@context\":\"https:\/\/schema.org\",\"@graph\":[{\"@type\":\"WebPage\",\"@id\":\"https:\/\/www.iplay.com\/it\/games\/league-of-light-growing-threat-collectors-edition\/\",\"url\":\"https:\/\/www.iplay.com\/it\/games\/league-of-light-growing-threat-collectors-edition\/\",\"name\":\"League of Light: Growing Threat Collector's Edition - Il pericolo sboccia in League of Light: Growing Threat CE\",\"isPartOf\":{\"@id\":\"https:\/\/www.iplay.com\/en\/#website\"},\"primaryImageOfPage\":{\"@id\":\"https:\/\/www.iplay.com\/it\/games\/league-of-light-growing-threat-collectors-edition\/#primaryimage\"},\"image\":{\"@id\":\"https:\/\/www.iplay.com\/it\/games\/league-of-light-growing-threat-collectors-edition\/#primaryimage\"},\"thumbnailUrl\":\"https:\/\/www.iplay.com\/wp-content\/uploads\/2023\/12\/large_square_tile_image-3196.jpg\",\"datePublished\":\"2020-06-20T00:00:00+00:00\",\"description\":\"Il pericolo si diffonde in tutta la citt\u00e0... La Collector's Edition di League of Light: Growing Threat contiene\",\"breadcrumb\":{\"@id\":\"https:\/\/www.iplay.com\/it\/games\/league-of-light-growing-threat-collectors-edition\/#breadcrumb\"},\"inLanguage\":\"it-IT\",\"potentialAction\":[{\"@type\":\"ReadAction\",\"target\":[\"https:\/\/www.iplay.com\/it\/games\/league-of-light-growing-threat-collectors-edition\/\"]}]},{\"@type\":\"ImageObject\",\"inLanguage\":\"it-IT\",\"@id\":\"https:\/\/www.iplay.com\/it\/games\/league-of-light-growing-threat-collectors-edition\/#primaryimage\",\"url\":\"https:\/\/www.iplay.com\/wp-content\/uploads\/2023\/12\/large_square_tile_image-3196.jpg\",\"contentUrl\":\"https:\/\/www.iplay.com\/wp-content\/uploads\/2023\/12\/large_square_tile_image-3196.jpg\",\"width\":310,\"height\":310},{\"@type\":\"BreadcrumbList\",\"@id\":\"https:\/\/www.iplay.com\/it\/games\/league-of-light-growing-threat-collectors-edition\/#breadcrumb\",\"itemListElement\":[{\"@type\":\"ListItem\",\"position\":1,\"name\":\"Home\",\"item\":\"https:\/\/www.iplay.com\/it\/home-page-2\/\"},{\"@type\":\"ListItem\",\"position\":2,\"name\":\"Shop\",\"item\":\"https:\/\/www.iplay.com\/en\/shop\/\"},{\"@type\":\"ListItem\",\"position\":3,\"name\":\"League of Light: Growing Threat Collector&#8217;s Edition\"}]},{\"@type\":\"WebSite\",\"@id\":\"https:\/\/www.iplay.com\/en\/#website\",\"url\":\"https:\/\/www.iplay.com\/en\/\",\"name\":\"IPlay\",\"description\":\"The Best Casual Games!\",\"publisher\":{\"@id\":\"https:\/\/www.iplay.com\/en\/#organization\"},\"potentialAction\":[{\"@type\":\"SearchAction\",\"target\":{\"@type\":\"EntryPoint\",\"urlTemplate\":\"https:\/\/www.iplay.com\/en\/?s={search_term_string}\"},\"query-input\":{\"@type\":\"PropertyValueSpecification\",\"valueRequired\":true,\"valueName\":\"search_term_string\"}}],\"inLanguage\":\"it-IT\"},{\"@type\":\"Organization\",\"@id\":\"https:\/\/www.iplay.com\/en\/#organization\",\"name\":\"IPlay\",\"url\":\"https:\/\/www.iplay.com\/en\/\",\"logo\":{\"@type\":\"ImageObject\",\"inLanguage\":\"it-IT\",\"@id\":\"https:\/\/www.iplay.com\/en\/#\/schema\/logo\/image\/\",\"url\":\"https:\/\/www.iplay.com\/wp-content\/uploads\/2023\/11\/Group-6100.svg\",\"contentUrl\":\"https:\/\/www.iplay.com\/wp-content\/uploads\/2023\/11\/Group-6100.svg\",\"width\":98,\"height\":25,\"caption\":\"IPlay\"},\"image\":{\"@id\":\"https:\/\/www.iplay.com\/en\/#\/schema\/logo\/image\/\"}}]}<\/script>\n<!-- \/ Yoast SEO Premium plugin. -->","yoast_head_json":{"title":"League of Light: Growing Threat Collector's Edition - Il pericolo sboccia in League of Light: Growing Threat CE","description":"Il pericolo si diffonde in tutta la citt\u00e0... La Collector's Edition di League of Light: Growing Threat contiene","robots":{"index":"index","follow":"follow","max-snippet":"max-snippet:-1","max-image-preview":"max-image-preview:large","max-video-preview":"max-video-preview:-1"},"canonical":"https:\/\/www.iplay.com\/it\/games\/league-of-light-growing-threat-collectors-edition\/","og_locale":"it_IT","og_type":"article","og_title":"League of Light: Growing Threat Collector's Edition","og_description":"Il pericolo si diffonde in tutta la citt\u00e0... La Collector's Edition di League of Light: Growing Threat contiene","og_url":"https:\/\/www.iplay.com\/it\/games\/league-of-light-growing-threat-collectors-edition\/","og_site_name":"IPlay","og_image":[{"width":310,"height":310,"url":"https:\/\/www.iplay.com\/wp-content\/uploads\/2023\/12\/large_square_tile_image-3196.jpg","type":"image\/jpeg"}],"twitter_card":"summary_large_image","twitter_misc":{"Est. reading time":"1 minuto"},"schema":{"@context":"https:\/\/schema.org","@graph":[{"@type":"WebPage","@id":"https:\/\/www.iplay.com\/it\/games\/league-of-light-growing-threat-collectors-edition\/","url":"https:\/\/www.iplay.com\/it\/games\/league-of-light-growing-threat-collectors-edition\/","name":"League of Light: Growing Threat Collector's Edition - Il pericolo sboccia in League of Light: Growing Threat CE","isPartOf":{"@id":"https:\/\/www.iplay.com\/en\/#website"},"primaryImageOfPage":{"@id":"https:\/\/www.iplay.com\/it\/games\/league-of-light-growing-threat-collectors-edition\/#primaryimage"},"image":{"@id":"https:\/\/www.iplay.com\/it\/games\/league-of-light-growing-threat-collectors-edition\/#primaryimage"},"thumbnailUrl":"https:\/\/www.iplay.com\/wp-content\/uploads\/2023\/12\/large_square_tile_image-3196.jpg","datePublished":"2020-06-20T00:00:00+00:00","description":"Il pericolo si diffonde in tutta la citt\u00e0... La Collector's Edition di League of Light: Growing Threat contiene","breadcrumb":{"@id":"https:\/\/www.iplay.com\/it\/games\/league-of-light-growing-threat-collectors-edition\/#breadcrumb"},"inLanguage":"it-IT","potentialAction":[{"@type":"ReadAction","target":["https:\/\/www.iplay.com\/it\/games\/league-of-light-growing-threat-collectors-edition\/"]}]},{"@type":"ImageObject","inLanguage":"it-IT","@id":"https:\/\/www.iplay.com\/it\/games\/league-of-light-growing-threat-collectors-edition\/#primaryimage","url":"https:\/\/www.iplay.com\/wp-content\/uploads\/2023\/12\/large_square_tile_image-3196.jpg","contentUrl":"https:\/\/www.iplay.com\/wp-content\/uploads\/2023\/12\/large_square_tile_image-3196.jpg","width":310,"height":310},{"@type":"BreadcrumbList","@id":"https:\/\/www.iplay.com\/it\/games\/league-of-light-growing-threat-collectors-edition\/#breadcrumb","itemListElement":[{"@type":"ListItem","position":1,"name":"Home","item":"https:\/\/www.iplay.com\/it\/home-page-2\/"},{"@type":"ListItem","position":2,"name":"Shop","item":"https:\/\/www.iplay.com\/en\/shop\/"},{"@type":"ListItem","position":3,"name":"League of Light: Growing Threat Collector&#8217;s Edition"}]},{"@type":"WebSite","@id":"https:\/\/www.iplay.com\/en\/#website","url":"https:\/\/www.iplay.com\/en\/","name":"IPlay","description":"The Best Casual Games!","publisher":{"@id":"https:\/\/www.iplay.com\/en\/#organization"},"potentialAction":[{"@type":"SearchAction","target":{"@type":"EntryPoint","urlTemplate":"https:\/\/www.iplay.com\/en\/?s={search_term_string}"},"query-input":{"@type":"PropertyValueSpecification","valueRequired":true,"valueName":"search_term_string"}}],"inLanguage":"it-IT"},{"@type":"Organization","@id":"https:\/\/www.iplay.com\/en\/#organization","name":"IPlay","url":"https:\/\/www.iplay.com\/en\/","logo":{"@type":"ImageObject","inLanguage":"it-IT","@id":"https:\/\/www.iplay.com\/en\/#\/schema\/logo\/image\/","url":"https:\/\/www.iplay.com\/wp-content\/uploads\/2023\/11\/Group-6100.svg","contentUrl":"https:\/\/www.iplay.com\/wp-content\/uploads\/2023\/11\/Group-6100.svg","width":98,"height":25,"caption":"IPlay"},"image":{"@id":"https:\/\/www.iplay.com\/en\/#\/schema\/logo\/image\/"}}]}},"_links":{"self":[{"href":"https:\/\/www.iplay.com\/it\/wp-json\/wp\/v2\/product\/135053","targetHints":{"allow":["GET"]}}],"collection":[{"href":"https:\/\/www.iplay.com\/it\/wp-json\/wp\/v2\/product"}],"about":[{"href":"https:\/\/www.iplay.com\/it\/wp-json\/wp\/v2\/types\/product"}],"author":[{"embeddable":true,"href":"https:\/\/www.iplay.com\/it\/wp-json\/wp\/v2\/users\/17"}],"replies":[{"embeddable":true,"href":"https:\/\/www.iplay.com\/it\/wp-json\/wp\/v2\/comments?post=135053"}],"wp:featuredmedia":[{"embeddable":true,"href":"https:\/\/www.iplay.com\/it\/wp-json\/wp\/v2\/media\/90902"}],"wp:attachment":[{"href":"https:\/\/www.iplay.com\/it\/wp-json\/wp\/v2\/media?parent=135053"}],"wp:term":[{"taxonomy":"product_brand","embeddable":true,"href":"https:\/\/www.iplay.com\/it\/wp-json\/wp\/v2\/product_brand?post=135053"},{"taxonomy":"product_cat","embeddable":true,"href":"https:\/\/www.iplay.com\/it\/wp-json\/wp\/v2\/product_cat?post=135053"},{"taxonomy":"product_tag","embeddable":true,"href":"https:\/\/www.iplay.com\/it\/wp-json\/wp\/v2\/product_tag?post=135053"}],"curies":[{"name":"wp","href":"https:\/\/api.w.org\/{rel}","templated":true}]}}